{"id":1127,"date":"2021-12-03T07:51:22","date_gmt":"2021-12-03T07:51:22","guid":{"rendered":"https:\/\/charcoalplant.com\/?p=1127"},"modified":"2023-02-24T17:19:18","modified_gmt":"2023-02-24T09:19:18","slug":"rotary-carbonization-furnace","status":"publish","type":"product","link":"https:\/\/charcoalplant.com\/tr\/product\/rotary-carbonization-furnace\/","title":{"rendered":"D\u00f6ner K\u00f6m\u00fcrle\u015fme F\u0131r\u0131n\u0131 | Hindistan Cevizi K\u00f6m\u00fcr\u00fc Yapma Makinesi"},"content":{"rendered":"<div class=\"kk-star-ratings kksr-auto kksr-align-left kksr-valign-top\"     data-payload='{&quot;align&quot;:&quot;left&quot;,&quot;id&quot;:&quot;1127&quot;,&quot;slug&quot;:&quot;default&quot;,&quot;valign&quot;:&quot;top&quot;,&quot;ignore&quot;:&quot;&quot;,&quot;reference&quot;:&quot;auto&quot;,&quot;class&quot;:&quot;&quot;,&quot;count&quot;:&quot;8&quot;,&quot;legendonly&quot;:&quot;&quot;,&quot;readonly&quot;:&quot;&quot;,&quot;score&quot;:&quot;4.4&quot;,&quot;starsonly&quot;:&quot;&quot;,&quot;best&quot;:&quot;5&quot;,&quot;gap&quot;:&quot;5&quot;,&quot;greet&quot;:&quot;Rate this product&quot;,&quot;legend&quot;:&quot;4.4\\\/5 - (8 votes)&quot;,&quot;size&quot;:&quot;24&quot;,&quot;title&quot;:&quot;Rotary Carbonization Furnace | Coconut Charcoal Making Machine&quot;,&quot;width&quot;:&quot;125.1&quot;,&quot;_legend&quot;:&quot;{score}\\\/{best} - ({count} {votes})&quot;,&quot;font_factor&quot;:&quot;1.25&quot;}'>              <div class=\"kksr-stars\">      <div class=\"kksr-stars-inactive\">             <div class=\"kksr-star\" data-star=\"1\" style=\"padding-right: 5px\">               <div class=\"kksr-icon\" style=\"width: 24px; height: 24px;\"><\/div>         <\/div>             <div class=\"kksr-star\" data-star=\"2\" style=\"padding-right: 5px\">               <div class=\"kksr-icon\" style=\"width: 24px; height: 24px;\"><\/div>         <\/div>             <div class=\"kksr-star\" data-star=\"3\" style=\"padding-right: 5px\">               <div class=\"kksr-icon\" style=\"width: 24px; height: 24px;\"><\/div>         <\/div>             <div class=\"kksr-star\" data-star=\"4\" style=\"padding-right: 5px\">               <div class=\"kksr-icon\" style=\"width: 24px; height: 24px;\"><\/div>         <\/div>             <div class=\"kksr-star\" data-star=\"5\" style=\"padding-right: 5px\">               <div class=\"kksr-icon\" style=\"width: 24px; height: 24px;\"><\/div>         <\/div>     <\/div>      <div class=\"kksr-stars-active\" style=\"width: 125.1px;\">             <div class=\"kksr-star\" style=\"padding-right: 5px\">               <div class=\"kksr-icon\" style=\"width: 24px; height: 24px;\"><\/div>         <\/div>             <div class=\"kksr-star\" style=\"padding-right: 5px\">               <div class=\"kksr-icon\" style=\"width: 24px; height: 24px;\"><\/div>         <\/div>             <div class=\"kksr-star\" style=\"padding-right: 5px\">               <div class=\"kksr-icon\" style=\"width: 24px; height: 24px;\"><\/div>         <\/div>             <div class=\"kksr-star\" style=\"padding-right: 5px\">               <div class=\"kksr-icon\" style=\"width: 24px; height: 24px;\"><\/div>         <\/div>             <div class=\"kksr-star\" style=\"padding-right: 5px\">               <div class=\"kksr-icon\" style=\"width: 24px; height: 24px;\"><\/div>         <\/div>     <\/div> <\/div>                   <div class=\"kksr-legend\" style=\"font-size: 19.2px;\">             4.4\/5 - (8 oy)    <\/div>     <\/div>  <p class=\"translation-block\"><strong>D\u00f6nmeli karbonizasyon f\u0131r\u0131n\u0131<\/strong>, y\u00fcksek otomatik karbon \u00fcretim ekipman\u0131d\u0131r. Karbonizasyon ham maddeleri \u00e7ok \u00e7e\u015fitlidir ve \u00e7o\u011fu tar\u0131m ve ormanc\u0131l\u0131k at\u0131klar\u0131, meyve kabuklar\u0131 ve sanayi at\u0131klar\u0131d\u0131r. <strong><a href=\"https:\/\/charcoalplant.com\/tr\/info\/peanut-shell-charcoal-machine-installed-in-the-uk\/\">F\u0131st\u0131k kabu\u011fu k\u00f6m\u00fcr\u00fc<\/a><\/strong>, pirin\u00e7 kabu\u011fu k\u00f6m\u00fcr\u00fc, bambu tala\u015f\u0131 k\u00f6m\u00fcr\u00fc, <strong><a href=\"https:\/\/charcoalplant.com\/tr\/info\/what-are-the-uses-of-coconut-shells\/\">hindistan cevizi kabu\u011fu k\u00f6m\u00fcr\u00fc<\/a><\/strong>, kay\u0131s\u0131 kabu\u011fu k\u00f6m\u00fcr\u00fc, kahve telvesi k\u00f6m\u00fcr\u00fc vb. Karbonizasyon mekanizmas\u0131 ile \u00fcretilir. S\u00fcrekli karbonizasyon f\u0131r\u0131n\u0131 taraf\u0131ndan \u00fcretilen karbon malzemesi temiz, toksik olmayan, dumans\u0131z ve iyi plastik \u00f6zelliklere sahiptir. K\u0131sacas\u0131, d\u00f6ner karbonizasyon f\u0131r\u0131n\u0131n\u0131n pazar potansiyeli geni\u015ftir. Bu y\u00fczden, \u00fcr\u00fcn fiyat\u0131, kategorisi ve sevkiyat bilgilerini almak i\u00e7in bizimle h\u0131zl\u0131ca ileti\u015fime ge\u00e7in! Shuliy Makine \u00fcreticisi, \u00fcretiminizi destekliyor.<\/p>    <figure class=\"wp-block-gallery has-nested-images columns-default is-cropped wp-block-gallery-2 is-layout-flex wp-block-gallery-is-layout-flex\"> <figure class=\"wp-block-image size-large\"><img loading=\"lazy\" decoding=\"async\" width=\"720\" height=\"540\" data-id=\"2292\" src=\"https:\/\/charcoalplant.com\/wp-content\/uploads\/2022\/02\/Rotary-carbonization-furnace-factory.jpg\" alt=\"D\u00f6ner karbonizasyon f\u0131r\u0131n\u0131 fabrikas\u0131\" class=\"wp-image-2292\"\/><figcaption class=\"wp-element-caption\">D\u00f6ner karbonizasyon f\u0131r\u0131n\u0131 fabrikas\u0131<\/figcaption><\/figure> <\/figure>    <h2 class=\"wp-block-heading\" id=\"h-raw-materials-for-rotary-carbonization-furnace\"><strong>D\u00f6ner Karbonizasyon F\u0131r\u0131n\u0131 i\u00e7in Hammaddeler<\/strong><\/h2>    <p>Tala\u015f karbonizasyon f\u0131r\u0131n\u0131, tala\u015f, pirin\u00e7 kabu\u011fu, yer f\u0131st\u0131\u011f\u0131 kabu\u011fu, bitki saman\u0131, hindistan cevizi kabu\u011fu, ay\u00e7i\u00e7e\u011fi kabu\u011fu, kay\u0131s\u0131 kabu\u011fu, dam\u0131tma taneleri, kahve telvesi vb. gibi hammaddeleri karbonla\u015ft\u0131rabilir. Biyok\u00fctle karbonizasyon f\u0131r\u0131n\u0131n\u0131n hammaddesi k\u00fc\u00e7\u00fck ile karakterize edilir. malzemeler. Bunlar toz ve par\u00e7ac\u0131klard\u0131r. <\/p>    <figure class=\"wp-block-gallery has-nested-images columns-default is-cropped wp-block-gallery-3 is-layout-flex wp-block-gallery-is-layout-flex\"> <figure class=\"wp-block-image size-large\"><img loading=\"lazy\" decoding=\"async\" width=\"745\" height=\"180\" data-id=\"2293\" src=\"https:\/\/charcoalplant.com\/wp-content\/uploads\/2022\/02\/soft-material.png\" alt=\"\" class=\"wp-image-2293\"\/><\/figure> <\/figure>    <p class=\"translation-block\">If your raw materials are some large wood chips, branches, shavings, etc., they cannot meet the requirements of the drum charring furnace. Don\u2019t worry, you only need to equip a <strong><a href=\"https:\/\/charcoalplant.com\/tr\/hammer-mill\/\">hammer mill<\/a><\/strong> in front of the feed system to get the raw materials that meet the production requirements. In addition, the humidity of wood chips should be below 20%. So you can choose to dry naturally or choose a <strong><a href=\"https:\/\/charcoalplant.com\/tr\/rice-husk-dryer\/\">sawdust dryer<\/a><\/strong> to reduce the humidity of the raw material.<\/p>    <figure class=\"wp-block-gallery has-nested-images columns-2 is-cropped wp-block-gallery-4 is-layout-flex wp-block-gallery-is-layout-flex\"> <figure class=\"wp-block-image size-large\"><img loading=\"lazy\" decoding=\"async\" width=\"749\" height=\"192\" data-id=\"2294\" src=\"https:\/\/charcoalplant.com\/wp-content\/uploads\/2022\/02\/hard-material.png\" alt=\"\" class=\"wp-image-2294\"\/><\/figure> <\/figure>    <h2 class=\"wp-block-heading\" id=\"h-working-principle-of-rotary-carbonization-furnace\"><strong>D\u00f6ner K\u00f6m\u00fcrle\u015fme F\u0131r\u0131n\u0131n\u0131n \u00c7al\u0131\u015fma Prensibi<\/strong><\/h2>    <p>1. Nem alma i\u015flemi<\/p>    <p>Bu i\u015flem esas olarak ham maddenin nemini gidermek i\u00e7indir. F\u0131r\u0131ndaki s\u0131cakl\u0131\u011f\u0131n h\u0131zl\u0131 bir \u015fekilde artmas\u0131yla biyok\u00fctle nemi azal\u0131r. Asl\u0131nda bu ayn\u0131 zamanda ham maddelerin kurutulmas\u0131 i\u015flemidir. \u00c7\u00fcnk\u00fc ham maddenin nemi ne kadar d\u00fc\u015f\u00fck olursa, bitmi\u015f \u00fcr\u00fcn\u00fcn karbonizasyon oran\u0131 da o kadar y\u00fcksek olur. Yani k\u00f6m\u00fcr kalitesi de daha iyidir.<\/p>    <p>2. Piroliz a\u015famas\u0131<\/p>    <p>Odun tala\u015f\u0131 ve hindistancevizi kabu\u011fu gibi malzemelerin pirolizi, odun katran\u0131, odun sirkesi ve yan\u0131c\u0131 gazlar gibi bile\u015fenler \u00fcretir. Bu \u00fcr\u00fcnler ar\u0131tma tanklar\u0131m\u0131z arac\u0131l\u0131\u011f\u0131yla s\u0131ras\u0131yla ayr\u0131\u015ft\u0131r\u0131larak safla\u015ft\u0131r\u0131lmaktad\u0131r. Son ar\u0131tmadan sonra yan\u0131c\u0131 gaz, yak\u0131t olarak yak\u0131lmak \u00fczere s\u00fcrekli karbonizasyon f\u0131r\u0131n\u0131n\u0131n yanma odas\u0131na geri g\u00f6nderilir.<\/p>    <p>3. K\u00f6m\u00fcrle\u015fme a\u015famas\u0131<\/p>    <p>S\u00fcrekli pirin\u00e7 kabu\u011fu karbonizasyon f\u0131r\u0131n\u0131n\u0131n yaln\u0131zca bir kez (1 saat) \u00f6nceden \u0131s\u0131t\u0131lmas\u0131 gerekir. Malzemenin karbonizasyon s\u00fcresi yakla\u015f\u0131k 20-30 dakikad\u0131r. Ve s\u00fcrekli karbonizasyon ekipman\u0131d\u0131r.<\/p>    <figure class=\"wp-block-gallery has-nested-images columns-default is-cropped wp-block-gallery-5 is-layout-flex wp-block-gallery-is-layout-flex\"> <figure class=\"wp-block-image size-large\"><img loading=\"lazy\" decoding=\"async\" width=\"720\" height=\"540\" data-id=\"1123\" src=\"https:\/\/charcoalplant.com\/wp-content\/uploads\/2021\/12\/1000-type-drum-carbonization-furnace-host-3.jpg\" alt=\"\" class=\"wp-image-1123\" srcset=\"https:\/\/charcoalplant.com\/wp-content\/uploads\/2021\/12\/1000-type-drum-carbonization-furnace-host-3.jpg 720w, https:\/\/charcoalplant.com\/wp-content\/uploads\/2021\/12\/1000-type-drum-carbonization-furnace-host-3-300x225.jpg 300w\" sizes=\"auto, (max-width: 720px) 100vw, 720px\" \/><figcaption class=\"wp-element-caption\">d\u00f6ner-karbonizasyon-f\u0131r\u0131n-fabrikas\u0131<\/figcaption><\/figure> <\/figure>    <h2 class=\"wp-block-heading\" id=\"h-structure-of-high-efficiency-coconut-charcoal-machine\"><strong>Yap\u0131s\u0131 <\/strong><strong>Y\u00fcksek verimli C<\/strong><strong>Hindistancevizi<\/strong><strong>&nbsp;Kabuk <\/strong><strong>C<\/strong><strong>k\u00f6m\u00fcr yap\u0131m\u0131 <\/strong><strong>M<\/strong><strong>makine<\/strong><\/h2>    <p>Silindir ekipman\u0131n\u0131n \u00fc\u00e7 i\u015flevsel alan\u0131 vard\u0131r: \u00f6n \u0131s\u0131tma alan\u0131, y\u00fcksek s\u0131cakl\u0131k alan\u0131 ve d\u00fc\u015f\u00fck s\u0131cakl\u0131k alan\u0131. Karbonizasyon, y\u00fcksek s\u0131cakl\u0131k b\u00f6lgesinde yani ana motor k\u0131sm\u0131nda meydana gelir (\u0131s\u0131 kayna\u011f\u0131na yak\u0131n oldu\u011fundan yanma odas\u0131 olarak da adland\u0131r\u0131l\u0131r). Ayr\u0131ca yanma odas\u0131ndaki yanman\u0131n kolayl\u0131kla g\u00f6r\u00fclebilmesi i\u00e7in tambur \u00fczerinde g\u00f6zlem deli\u011fi bulunmaktad\u0131r. Tambur, di\u015fliler ve bir a\u00e7\u0131kl\u0131k taraf\u0131ndan d\u00f6necek \u015fekilde tahrik edilir. Ancak h\u0131z\u0131 di\u015fli motor taraf\u0131ndan kontrol edilir. \u00dcstelik motorlar\u0131m\u0131z\u0131n tamam\u0131 ayarlanabilir frekanstad\u0131r ve bu da \u00e7ok kullan\u0131\u015fl\u0131d\u0131r.<\/p>    <div class=\"wp-block-columns has-background is-layout-flex wp-container-core-columns-is-layout-28f84493 wp-block-columns-is-layout-flex\" style=\"background-color:#f1f1f1\"> <div class=\"wp-block-column is-layout-flow wp-block-column-is-layout-flow\" style=\"flex-basis:66.66%\"> <figure class=\"wp-block-gallery has-nested-images columns-default is-cropped wp-block-gallery-6 is-layout-flex wp-block-gallery-is-layout-flex\"> <figure class=\"wp-block-image size-large\"><img loading=\"lazy\" decoding=\"async\" width=\"720\" height=\"540\" data-id=\"2295\" src=\"https:\/\/charcoalplant.com\/wp-content\/uploads\/2022\/02\/rice-husk-rotary-carbonization-furnace.jpg\" alt=\"\" class=\"wp-image-2295\"\/><\/figure> <\/figure> <\/div>    <div class=\"wp-block-column is-vertically-aligned-center is-layout-flow wp-block-column-is-layout-flow\" style=\"flex-basis:33.33%\"> <p class=\"translation-block\"><strong>Infeed and outfeed<\/strong><\/p>    <p>\u00c7\u00fcnk\u00fc pirin\u00e7 kabu\u011fu s\u00fcrekli karbonizasyon f\u0131r\u0131n\u0131n\u0131n malzemesi daha hafiftir. Bu nedenle vidal\u0131 besleme ve bo\u015faltma y\u00f6ntemi daha temiz ve verimlidir. Ve de\u015farj boru hatt\u0131 \u00e7ift katmanl\u0131 bir su sirk\u00fclasyonu so\u011futma etkisidir. Bitmi\u015f \u00fcr\u00fcn s\u0131cakl\u0131\u011f\u0131 yakla\u015f\u0131k 35 derecedir.<\/p> <\/div> <\/div>    <div class=\"wp-block-columns has-background is-layout-flex wp-container-core-columns-is-layout-28f84493 wp-block-columns-is-layout-flex\" style=\"background-color:#f1f1f1\"> <div class=\"wp-block-column is-vertically-aligned-center is-layout-flow wp-block-column-is-layout-flow\" style=\"flex-basis:33.33%\"> <p class=\"translation-block\"><strong>Br\u00fcl\u00f6r<\/strong><\/p>    <p>Pirin\u00e7 kabu\u011fu k\u00f6m\u00fcr sobas\u0131 iyi bir hava s\u0131zd\u0131rmazl\u0131\u011f\u0131na, bir\u00e7ok ate\u015fleyiciye ve h\u0131zl\u0131 bir \u0131s\u0131tma h\u0131z\u0131na sahiptir. S\u0131v\u0131la\u015ft\u0131r\u0131lm\u0131\u015f gazla ate\u015flenmesi gerekiyor. Bu nedenle \u00fcretim s\u00fcrecinin tamam\u0131 \u00e7evre dostudur.<\/p> <\/div>    <div class=\"wp-block-column is-layout-flow wp-block-column-is-layout-flow\" style=\"flex-basis:66.66%\"> <figure class=\"wp-block-gallery has-nested-images columns-default is-cropped wp-block-gallery-7 is-layout-flex wp-block-gallery-is-layout-flex\"> <figure class=\"wp-block-image size-large\"><img loading=\"lazy\" decoding=\"async\" width=\"720\" height=\"540\" data-id=\"2296\" src=\"https:\/\/charcoalplant.com\/wp-content\/uploads\/2022\/02\/burner.jpg\" alt=\"\" class=\"wp-image-2296\"\/><\/figure> <\/figure> <\/div> <\/div>    <div class=\"wp-block-columns has-background is-layout-flex wp-container-core-columns-is-layout-28f84493 wp-block-columns-is-layout-flex\" style=\"background-color:#f1f1f1\"> <div class=\"wp-block-column is-layout-flow wp-block-column-is-layout-flow\" style=\"flex-basis:66.66%\"> <figure class=\"wp-block-gallery has-nested-images columns-default is-cropped wp-block-gallery-8 is-layout-flex wp-block-gallery-is-layout-flex\"> <figure class=\"wp-block-image size-large\"><img loading=\"lazy\" decoding=\"async\" width=\"960\" height=\"1012\" data-id=\"2297\" src=\"https:\/\/charcoalplant.com\/wp-content\/uploads\/2022\/02\/distribution-Cabinet.jpg\" alt=\"\" class=\"wp-image-2297\"\/><\/figure> <\/figure> <\/div>    <div class=\"wp-block-column is-vertically-aligned-center is-layout-flow wp-block-column-is-layout-flow\" style=\"flex-basis:33.33%\"> <p class=\"translation-block\"><strong>Distribution Cabinet<\/strong><\/p>    <p>K\u00f6m\u00fcrle\u015fme f\u0131r\u0131n\u0131 \u00fcnitesinin g\u00fc\u00e7 da\u011f\u0131t\u0131m kabininde birka\u00e7 d\u00fc\u011fme bulunmaktad\u0131r. M\u00fc\u015fteriler yaln\u0131zca f\u0131r\u0131n\u0131n i\u00e7indeki ve d\u0131\u015f\u0131ndaki hava bas\u0131nc\u0131n\u0131, ak\u0131m\u0131 ve s\u0131cakl\u0131\u011f\u0131 g\u00f6remezler. Ve tek tu\u015fla ba\u015flatma, manuel h\u0131z ayar\u0131.<\/p> <\/div> <\/div>    <div class=\"wp-block-columns has-background is-layout-flex wp-container-core-columns-is-layout-28f84493 wp-block-columns-is-layout-flex\" style=\"background-color:#f1f1f1\"> <div class=\"wp-block-column is-vertically-aligned-center is-layout-flow wp-block-column-is-layout-flow\" style=\"flex-basis:33.33%\"> <p class=\"translation-block\"><strong>Geared-motor<\/strong><\/p>    <p>Ana makinenin h\u0131z\u0131n\u0131 kontrol edin: Hammadde sertse, k\u00f6m\u00fcrle\u015fme s\u00fcresini uzatmak i\u00e7in ana makinenin h\u0131z\u0131n\u0131 yava\u015flatabilirsiniz. Hammaddenin biraz yumu\u015fak olmas\u0131 durumunda karbonizasyon s\u00fcresini k\u0131saltmak i\u00e7in h\u0131z\u0131 art\u0131rabilirsiniz.<\/p> <\/div>    <div class=\"wp-block-column is-layout-flow wp-block-column-is-layout-flow\" style=\"flex-basis:66.66%\"> <figure class=\"wp-block-gallery has-nested-images columns-default is-cropped wp-block-gallery-9 is-layout-flex wp-block-gallery-is-layout-flex\"> <figure class=\"wp-block-image size-large\"><img loading=\"lazy\" decoding=\"async\" width=\"720\" height=\"540\" data-id=\"1141\" src=\"https:\/\/charcoalplant.com\/wp-content\/uploads\/2021\/12\/Geared-motor-2-1.jpg\" alt=\"Red\u00fckt\u00f6rl\u00fc motor-2\" class=\"wp-image-1141\" srcset=\"https:\/\/charcoalplant.com\/wp-content\/uploads\/2021\/12\/Geared-motor-2-1.jpg 720w, https:\/\/charcoalplant.com\/wp-content\/uploads\/2021\/12\/Geared-motor-2-1-300x225.jpg 300w\" sizes=\"auto, (max-width: 720px) 100vw, 720px\" \/><figcaption class=\"wp-element-caption\">Red\u00fckt\u00f6rl\u00fc motor-2<\/figcaption><\/figure> <\/figure> <\/div> <\/div>    <h2 class=\"wp-block-heading\" id=\"h-how-is-biomass-carbonized\"><strong>Biyok\u00fctle Nas\u0131l Karbonla\u015ft\u0131r\u0131l\u0131r?<\/strong><\/h2>    <p>Biyok\u00fctle karbonizasyon f\u0131r\u0131n\u0131 belirli bir s\u0131cakl\u0131\u011fa ula\u015ft\u0131\u011f\u0131nda f\u0131r\u0131n\u0131n i\u00e7indeki malzemeler nem almaya ba\u015flar. S\u0131cakl\u0131k yakla\u015f\u0131k 300 dereceye ula\u015ft\u0131\u011f\u0131nda malzeme karbonla\u015fmaya ba\u015flar. Hepimiz nesnelerin yanmas\u0131n\u0131 sa\u011flayan \u00fc\u00e7 ko\u015fulu biliyoruz: bir \u0131s\u0131 kayna\u011f\u0131, yan\u0131c\u0131 malzeme ve oksijen. \u00c7\u00fcnk\u00fc biyok\u00fctle karbonizasyon f\u0131r\u0131n\u0131 neredeyse kapal\u0131 bir aland\u0131r, yani oksijensiz bir ortamd\u0131r. Bu nedenle f\u0131r\u0131n g\u00f6vdesinde hammaddenin karbonizasyonu meydana gelir.<\/p>    <figure class=\"wp-block-gallery has-nested-images columns-default is-cropped wp-block-gallery-10 is-layout-flex wp-block-gallery-is-layout-flex\"> <figure class=\"wp-block-image size-large\"><img loading=\"lazy\" decoding=\"async\" width=\"720\" height=\"540\" data-id=\"1800\" src=\"https:\/\/charcoalplant.com\/wp-content\/uploads\/2022\/01\/natural-coconut-charcoal.jpg\" alt=\"do\u011fal-hindistancevizi-k\u00f6m\u00fcr\u00fc\" class=\"wp-image-1800\" srcset=\"https:\/\/charcoalplant.com\/wp-content\/uploads\/2022\/01\/natural-coconut-charcoal.jpg 720w, https:\/\/charcoalplant.com\/wp-content\/uploads\/2022\/01\/natural-coconut-charcoal-300x225.jpg 300w\" sizes=\"auto, (max-width: 720px) 100vw, 720px\" \/><figcaption class=\"wp-element-caption\">do\u011fal-hindistancevizi-k\u00f6m\u00fcr\u00fc<\/figcaption><\/figure>    <figure class=\"wp-block-image size-large\"><img loading=\"lazy\" decoding=\"async\" width=\"720\" height=\"540\" data-id=\"1802\" src=\"https:\/\/charcoalplant.com\/wp-content\/uploads\/2021\/12\/rice-husk-charcoal_.jpg\" alt=\"pirin\u00e7 kabu\u011fu-k\u00f6m\u00fcr\" class=\"wp-image-1802\" srcset=\"https:\/\/charcoalplant.com\/wp-content\/uploads\/2021\/12\/rice-husk-charcoal_.jpg 720w, https:\/\/charcoalplant.com\/wp-content\/uploads\/2021\/12\/rice-husk-charcoal_-300x225.jpg 300w\" sizes=\"auto, (max-width: 720px) 100vw, 720px\" \/><figcaption class=\"wp-element-caption\">pirin\u00e7 kabu\u011fu-k\u00f6m\u00fcr<\/figcaption><\/figure> <\/figure>    <h2 class=\"wp-block-heading\" id=\"parameters-of-continuous-carbonization-furnace\"><strong>S\u00fcrekli Karbonizasyon F\u0131r\u0131n\u0131 Parametreleri<\/strong><\/h2>    <p>Hindistan cevizi kabu\u011fu k\u00f6m\u00fcr yapma makinesinin model ad\u0131 ve ana g\u00f6vde \u00e7ap\u0131. G\u00f6vdesinin \u00e7ap\u0131 \u00f6zelle\u015ftirilebilir. M\u00fc\u015fteri ihtiya\u00e7lar\u0131n\u0131 kar\u015f\u0131lamak amac\u0131yla fabrikam\u0131zda paslanmaz \u00e7elik f\u0131r\u0131n g\u00f6vdesinden olu\u015fan karbonizasyon f\u0131r\u0131nlar\u0131 da \u00fcretilebilmektedir.<\/p>    <figure class=\"wp-block-table is-style-stripes\"><table><tbody><tr><td>Modeli<\/td><td>SL-CF800<\/td><td>SL-CF1000<\/td><td>SL-CF1200<\/td><\/tr><tr><td>\u00c7ap(mm)<\/td><td>800<\/td><td>1000<\/td><td>1200<\/td><\/tr><tr><td>Kapasite(kg\/saat)<\/td><td>400-600<\/td><td>800-1000<\/td><td>1200-1500<\/td><\/tr><tr><td>Ana G\u00fc\u00e7(kw)<\/td><td>18.5<\/td><td>18.5<\/td><td>20<\/td><\/tr><tr><td>K\u00f6m\u00fcrle\u015fme S\u0131cakl\u0131\u011f\u0131(\u00b0C)<\/td><td>500-800<\/td><td>500-800<\/td><td>500-800<\/td><\/tr><tr><td>Fan G\u00fcc\u00fc(kw)<\/td><td>5.5<\/td><td>5.5<\/td><td>5.5<\/td><\/tr><\/tbody><\/table><\/figure>    <h2 class=\"wp-block-heading\" id=\"video-of-rotary-peanut-shell-charcoal-furnace\"><strong>D\u00f6ner F\u0131st\u0131k Kabu\u011fu K\u00f6m\u00fcr F\u0131r\u0131n\u0131 Videosu<\/strong><\/h2>    <p>A\u015fa\u011f\u0131da f\u0131st\u0131k kabu\u011fu k\u00f6m\u00fcr\u00fc \u00fcretmek i\u00e7in s\u00fcrekli karbonizasyon f\u0131r\u0131n\u0131 kullanan bir \u00fcreticinin videosu bulunmaktad\u0131r. \u0130zlemeye ve abone olmaya ho\u015f geldiniz.<\/p>    <figure class=\"wp-block-embed is-type-video is-provider-youtube wp-block-embed-youtube wp-embed-aspect-16-9 wp-has-aspect-ratio\"><div class=\"wp-block-embed__wrapper\"> <iframe loading=\"lazy\" title=\"Hindistan Cevizi K\u00f6m\u00fcr\u00fc F\u0131r\u0131n\u0131 | D\u00f6ner Karbonizasyon Ekipman Tesisi #Ricehuskcharcoal#Auygun fiyatl\u0131\" width=\"500\" height=\"281\" src=\"https:\/\/www.youtube.com\/embed\/dmKFCdtEptc?feature=oembed\" frameborder=\"0\" allow=\"accelerometer; autoplay; clipboard-write; encrypted-media; gyroscope; picture-in-picture; web-share\" referrerpolicy=\"strict-origin-when-cross-origin\" allowfullscreen><\/iframe> <\/div><\/figure>    <h2 class=\"wp-block-heading\" id=\"h-finished-product-of-coconut-charcoal-furnace\"><strong>Hindistan Cevizi K\u00f6m\u00fcr\u00fc Yapma Makinesinin Bitmi\u015f \u00dcr\u00fcn\u00fc<\/strong><\/h2>    <figure class=\"wp-block-gallery has-nested-images columns-default is-cropped wp-block-gallery-11 is-layout-flex wp-block-gallery-is-layout-flex\"> <figure class=\"wp-block-image size-large\"><img loading=\"lazy\" decoding=\"async\" width=\"720\" height=\"540\" data-id=\"2299\" src=\"https:\/\/charcoalplant.com\/wp-content\/uploads\/2022\/02\/Finished-product-of-rotary-carbonization-furnace.jpg\" alt=\"D\u00f6ner karbonizasyon f\u0131r\u0131n\u0131n\u0131n bitmi\u015f \u00fcr\u00fcn\u00fc\" class=\"wp-image-2299\"\/><figcaption class=\"wp-element-caption\">D\u00f6ner karbonizasyon f\u0131r\u0131n\u0131n\u0131n bitmi\u015f \u00fcr\u00fcn\u00fc<\/figcaption><\/figure>    <figure class=\"wp-block-image size-large\"><img loading=\"lazy\" decoding=\"async\" width=\"720\" height=\"540\" data-id=\"2298\" src=\"https:\/\/charcoalplant.com\/wp-content\/uploads\/2022\/02\/charcoal-briquette.jpg\" alt=\"k\u00f6m\u00fcr briket\" class=\"wp-image-2298\"\/><figcaption class=\"wp-element-caption\">k\u00f6m\u00fcr briket<\/figcaption><\/figure> <\/figure>    <p class=\"translation-block\">The loose raw materials such as sawdust and rice husks are dried, carbonized, and cooled to become the required charcoal. Therefore, customers can directly sell finished products such as rice husk charcoal, coconut shell charcoal, straw charcoal, and fruit husk charcoal. Customers can also use them for grinding to make <strong><a href=\"https:\/\/charcoalplant.com\/tr\/charcoal-briquetting-machine\/charcoal-powder-briquette-machine\/\">charcoal briquette<\/a><\/strong>. This creates greater value. Due to the carbon material produced by the rotary carbonization furnace being clean, non-toxic, smokeless, high in heat energy, it has a good market and broad prospects.<\/p>","protected":false},"excerpt":{"rendered":"<p>D\u00f6ner karbonizasyon f\u0131r\u0131n\u0131na biyok\u00fctle karbonizasyon f\u0131r\u0131n\u0131 da denir. Hammaddeleri a\u011f\u0131rl\u0131kl\u0131 olarak tar\u0131m ve ormanc\u0131l\u0131k at\u0131klar\u0131ndan olu\u015fmaktad\u0131r.<\/p>","protected":false},"author":1,"featured_media":1146,"parent":0,"template":"","tags":[65],"product-type":[4],"class_list":["post-1127","product","type-product","status-publish","has-post-thumbnail","hentry","tag-carbonization-furnace","product-type-carbonization-furnace"],"_links":{"self":[{"href":"https:\/\/charcoalplant.com\/tr\/wp-json\/wp\/v2\/product\/1127","targetHints":{"allow":["GET"]}}],"collection":[{"href":"https:\/\/charcoalplant.com\/tr\/wp-json\/wp\/v2\/product"}],"about":[{"href":"https:\/\/charcoalplant.com\/tr\/wp-json\/wp\/v2\/types\/product"}],"author":[{"embeddable":true,"href":"https:\/\/charcoalplant.com\/tr\/wp-json\/wp\/v2\/users\/1"}],"wp:featuredmedia":[{"embeddable":true,"href":"https:\/\/charcoalplant.com\/tr\/wp-json\/wp\/v2\/media\/1146"}],"wp:attachment":[{"href":"https:\/\/charcoalplant.com\/tr\/wp-json\/wp\/v2\/media?parent=1127"}],"wp:term":[{"taxonomy":"post_tag","embeddable":true,"href":"https:\/\/charcoalplant.com\/tr\/wp-json\/wp\/v2\/tags?post=1127"},{"taxonomy":"product-type","embeddable":true,"href":"https:\/\/charcoalplant.com\/tr\/wp-json\/wp\/v2\/product-type?post=1127"}],"curies":[{"name":"wp","href":"https:\/\/api.w.org\/{rel}","templated":true}]}}