{"id":1178,"date":"2021-12-07T08:28:29","date_gmt":"2021-12-07T08:28:29","guid":{"rendered":"https:\/\/charcoalplant.com\/?p=1178"},"modified":"2023-04-18T18:18:42","modified_gmt":"2023-04-18T10:18:42","slug":"charcoal-powder-briquette-machine","status":"publish","type":"product","link":"https:\/\/charcoalplant.com\/tr\/product\/charcoal-powder-briquette-machine\/","title":{"rendered":"K\u00f6m\u00fcr Tozu Briket Makinas\u0131 | K\u00f6m\u00fcr Pres Makinesi \u00dcreticisi"},"content":{"rendered":"<div class=\"kk-star-ratings kksr-auto kksr-align-left kksr-valign-top\"     data-payload='{&quot;align&quot;:&quot;left&quot;,&quot;id&quot;:&quot;1178&quot;,&quot;slug&quot;:&quot;default&quot;,&quot;valign&quot;:&quot;top&quot;,&quot;ignore&quot;:&quot;&quot;,&quot;reference&quot;:&quot;auto&quot;,&quot;class&quot;:&quot;&quot;,&quot;count&quot;:&quot;18&quot;,&quot;legendonly&quot;:&quot;&quot;,&quot;readonly&quot;:&quot;&quot;,&quot;score&quot;:&quot;4.7&quot;,&quot;starsonly&quot;:&quot;&quot;,&quot;best&quot;:&quot;5&quot;,&quot;gap&quot;:&quot;5&quot;,&quot;greet&quot;:&quot;Rate this product&quot;,&quot;legend&quot;:&quot;4.7\\\/5 - (18 votes)&quot;,&quot;size&quot;:&quot;24&quot;,&quot;title&quot;:&quot;Charcoal Powder Briquette Machine | Coal Press Machine Manufacturer&quot;,&quot;width&quot;:&quot;133.8&quot;,&quot;_legend&quot;:&quot;{score}\\\/{best} - ({count} {votes})&quot;,&quot;font_factor&quot;:&quot;1.25&quot;}'>              <div class=\"kksr-stars\">      <div class=\"kksr-stars-inactive\">             <div class=\"kksr-star\" data-star=\"1\" style=\"padding-right: 5px\">               <div class=\"kksr-icon\" style=\"width: 24px; height: 24px;\"><\/div>         <\/div>             <div class=\"kksr-star\" data-star=\"2\" style=\"padding-right: 5px\">               <div class=\"kksr-icon\" style=\"width: 24px; height: 24px;\"><\/div>         <\/div>             <div class=\"kksr-star\" data-star=\"3\" style=\"padding-right: 5px\">               <div class=\"kksr-icon\" style=\"width: 24px; height: 24px;\"><\/div>         <\/div>             <div class=\"kksr-star\" data-star=\"4\" style=\"padding-right: 5px\">               <div class=\"kksr-icon\" style=\"width: 24px; height: 24px;\"><\/div>         <\/div>             <div class=\"kksr-star\" data-star=\"5\" style=\"padding-right: 5px\">               <div class=\"kksr-icon\" style=\"width: 24px; height: 24px;\"><\/div>         <\/div>     <\/div>      <div class=\"kksr-stars-active\" style=\"width: 133.8px;\">             <div class=\"kksr-star\" style=\"padding-right: 5px\">               <div class=\"kksr-icon\" style=\"width: 24px; height: 24px;\"><\/div>         <\/div>             <div class=\"kksr-star\" style=\"padding-right: 5px\">               <div class=\"kksr-icon\" style=\"width: 24px; height: 24px;\"><\/div>         <\/div>             <div class=\"kksr-star\" style=\"padding-right: 5px\">               <div class=\"kksr-icon\" style=\"width: 24px; height: 24px;\"><\/div>         <\/div>             <div class=\"kksr-star\" style=\"padding-right: 5px\">               <div class=\"kksr-icon\" style=\"width: 24px; height: 24px;\"><\/div>         <\/div>             <div class=\"kksr-star\" style=\"padding-right: 5px\">               <div class=\"kksr-icon\" style=\"width: 24px; height: 24px;\"><\/div>         <\/div>     <\/div> <\/div>                   <div class=\"kksr-legend\" style=\"font-size: 19.2px;\">             4.7\/5 - (18 oy)    <\/div>     <\/div>  <p class=\"translation-block\"><strong>Charcoal powder briquette machine<\/strong> is a kind of equipment that mainly uses charcoal powder and coal powder as raw materials to produce <strong><a href=\"https:\/\/charcoalplant.com\/tr\/charcoal-briquettes-production-line\/\">barbecue charcoal<\/a><\/strong> and square hookah charcoal. Charcoal dust briquetting can be hollow and non-hollow. And their cross-sectional profile can be square, hexagonal, circular, and the like. More importantly, briquette is smokeless, has a long burning time, and has large market demand. Therefore, the <strong><a href=\"https:\/\/charcoalplant.com\/tr\/info\/iraqi-customers-wood-charcoal-briquetting-extruder-completed\/\">charcoal briquetting machine<\/a><\/strong> is cost-effective charcoal equipment. Welcome to contact us, we will give you a competitive price.<\/p>    <h2 class=\"wp-block-heading\" id=\"working-principle-of-charcoal-powder-briquette-machine\">K\u00f6m\u00fcr Tozu Briket Makinas\u0131n\u0131n \u00c7al\u0131\u015fma Prensibi<\/h2>    <p>K\u00f6m\u00fcr makinesi, toz k\u00f6m\u00fcr\u00fc farkl\u0131 \u015fekillerde k\u00f6m\u00fcr bloklar\u0131 haline getiren bir makinedir. \u00c7al\u0131\u015fma prensibi, motorun g\u00fcc\u00fc V kay\u0131\u015f\u0131 \u00fczerinden \u015fanz\u0131mana iletmesidir. \u015eanz\u0131man \u00e7\u0131k\u0131\u015f mili daha sonra y\u00fczer bir kaplin arac\u0131l\u0131\u011f\u0131yla g\u00fcc\u00fc kardan miline iletir. Son olarak, pervane \u015faft\u0131ndaki pervane, ham maddeyi \u015fekillendirme kal\u0131b\u0131n\u0131n i\u00e7inden d\u0131\u015far\u0131 itebilir.<\/p>    <figure class=\"wp-block-image aligncenter size-full\"><img loading=\"lazy\" decoding=\"async\" width=\"720\" height=\"540\" src=\"https:\/\/charcoalplant.com\/wp-content\/uploads\/2022\/02\/Charcoal-powder-briquette-machine-show.jpg\" alt=\"K\u00f6m\u00fcr tozu briket makinesi g\u00f6sterisi\" class=\"wp-image-2389\"\/><figcaption class=\"wp-element-caption\">K\u00f6m\u00fcr tozu briket makinesi g\u00f6sterisi<\/figcaption><\/figure>    <h2 class=\"wp-block-heading\" id=\"raw-materials-of-charcoal-dust-briquetting-machine\">K\u00f6m\u00fcr Tozu Briketleme Makinesi Hammaddeleri<\/h2>    <p class=\"translation-block\">The source of its raw charcoal powder is that various charcoal can be crushed by <strong><a href=\"https:\/\/charcoalplant.com\/tr\/wood-wastes-recycling-machine\/hammer-mill\/\">hammer mill<\/a><\/strong>. For example, coconut shell charcoal, log charcoal, sawdust briquette carbon, palm shell charcoal, rice husk charcoal, peanut shell charcoal, etc. And other materials: <strong><a href=\"https:\/\/charcoalplant.com\/tr\/info\/can-these-briquetting-machines-make-alfalfa-molar-sticks\/\">Alfalfa<\/a><\/strong> and Timothy grass. It is worth noting that the crushed carbon powder needs to be fully mixed with a certain proportion of water and binder with a wheel mill before use. Because, it can make the carbon powder more viscous, shape better, and the finished product quality higher.<\/p>    <figure class=\"wp-block-image aligncenter size-full\"><img loading=\"lazy\" decoding=\"async\" width=\"720\" height=\"540\" src=\"https:\/\/charcoalplant.com\/wp-content\/uploads\/2022\/02\/raw-materials-of-charcoal-briquette-machine.jpg\" alt=\"\" class=\"wp-image-2383\"\/><\/figure>    <h2 class=\"wp-block-heading\" id=\"h-structure-of-charcoal-powder-briquette-machine\">K\u00f6m\u00fcr Tozu Briket Makinas\u0131n\u0131n Yap\u0131s\u0131<strong> <\/strong><\/h2>    <p>K\u00f6m\u00fcr Tozu Briket Makinesi esas olarak ana \u015faft, vidal\u0131 itici, kal\u0131p, di\u015fli motor ve di\u011fer par\u00e7alar\u0131 i\u00e7erir. Genel tasar\u0131m\u0131 nedeniyle yap\u0131 kompaktt\u0131r. Bu nedenle kaplad\u0131\u011f\u0131 alan k\u00fc\u00e7\u00fckt\u00fcr. \u00dcstelik iticisi \u00fc\u00e7 par\u00e7adan olu\u015fuyor. K\u00f6m\u00fcr briket makinesinin iticisi ar\u0131zaland\u0131\u011f\u0131nda m\u00fc\u015fterinin yaln\u0131zca kafas\u0131n\u0131 de\u011fi\u015ftirmesi gerekir.<\/p>    <figure class=\"wp-block-image aligncenter size-full\"><img loading=\"lazy\" decoding=\"async\" width=\"720\" height=\"540\" src=\"https:\/\/charcoalplant.com\/wp-content\/uploads\/2022\/02\/charcoal-briquetting-machine-display.jpg\" alt=\"k\u00f6m\u00fcr briketleme makinesi ekran\u0131\" class=\"wp-image-2390\"\/><figcaption class=\"wp-element-caption\">k\u00f6m\u00fcr briketleme makinesi ekran\u0131<\/figcaption><\/figure>    <h3 class=\"wp-block-heading\" id=\"accessories\">K\u00f6m\u00fcr Briket Makinesi Aksesuarlar\u0131<\/h3>    <div class=\"wp-block-columns has-background is-layout-flex wp-container-core-columns-is-layout-28f84493 wp-block-columns-is-layout-flex\" style=\"background-color:#f1f1f1\"> <div class=\"wp-block-column is-vertically-aligned-center is-layout-flow wp-block-column-is-layout-flow\" style=\"flex-basis:33.33%\"> <p class=\"translation-block\"><strong>Kal\u0131p<\/strong><\/p>    <p>K\u00f6m\u00fcr tozu kal\u0131plama makinesinin \u00e7e\u015fitli kal\u0131plar\u0131 vard\u0131r. Bu nedenle \u00e7e\u015fitli \u015fekillerde barbek\u00fc k\u00f6m\u00fcr\u00fc \u00fcretebilmektedir. \u00d6rne\u011fin alt\u0131gen, sekizgen, kare, daire.<\/p> <\/div>    <div class=\"wp-block-column is-layout-flow wp-block-column-is-layout-flow\" style=\"flex-basis:66.66%\"> <figure class=\"wp-block-gallery has-nested-images columns-default is-cropped wp-block-gallery-2 is-layout-flex wp-block-gallery-is-layout-flex\"> <figure class=\"wp-block-image size-large\"><img loading=\"lazy\" decoding=\"async\" width=\"720\" height=\"540\" data-id=\"1580\" src=\"https:\/\/charcoalplant.com\/wp-content\/uploads\/2021\/12\/shaped-charcoal-molds-1.jpg\" alt=\"\u015fekilli k\u00f6m\u00fcr kal\u0131plar\u0131\" class=\"wp-image-1580\" srcset=\"https:\/\/charcoalplant.com\/wp-content\/uploads\/2021\/12\/shaped-charcoal-molds-1.jpg 720w, https:\/\/charcoalplant.com\/wp-content\/uploads\/2021\/12\/shaped-charcoal-molds-1-300x225.jpg 300w\" sizes=\"auto, (max-width: 720px) 100vw, 720px\" \/><figcaption class=\"wp-element-caption\">\u015fekilli k\u00f6m\u00fcr kal\u0131plar\u0131<\/figcaption><\/figure> <\/figure> <\/div> <\/div>    <div class=\"wp-block-columns has-background is-layout-flex wp-container-core-columns-is-layout-28f84493 wp-block-columns-is-layout-flex\" style=\"background-color:#f1f1f1\"> <div class=\"wp-block-column is-layout-flow wp-block-column-is-layout-flow\" style=\"flex-basis:66.66%\"> <figure class=\"wp-block-gallery has-nested-images columns-default is-cropped wp-block-gallery-3 is-layout-flex wp-block-gallery-is-layout-flex\"> <figure class=\"wp-block-image size-large\"><img loading=\"lazy\" decoding=\"async\" width=\"720\" height=\"540\" data-id=\"2384\" src=\"https:\/\/charcoalplant.com\/wp-content\/uploads\/2022\/02\/propeller-shaft.jpg\" alt=\"pervane \u015faft\u0131\" class=\"wp-image-2384\"\/><figcaption class=\"wp-element-caption\">pervane \u015faft\u0131<\/figcaption><\/figure> <\/figure> <\/div>    <div class=\"wp-block-column is-vertically-aligned-center is-layout-flow wp-block-column-is-layout-flow\" style=\"flex-basis:33.33%\"> <p class=\"translation-block\"><strong>Propeller shaft<\/strong><\/p>    <p>Fabrikam\u0131z makinalar\u0131n aksesuarlar\u0131n\u0131 kendimiz \u00fcretmektedir. pervaneler gibi. \u00c7\u00fcnk\u00fc aksesuar yapmak i\u00e7in iyi metal malzemeler se\u00e7iyoruz. Bu nedenle kullan\u0131m\u0131 kolay zarar g\u00f6rmez ve uzun \u00f6m\u00fcrl\u00fcd\u00fcr. \u00dcstelik sat\u0131\u015f sonras\u0131nda da m\u00fc\u015fterilerimize her an uygun aksesuarlar\u0131 sunabiliyoruz.<\/p> <\/div> <\/div>    <h2 class=\"wp-block-heading\" id=\"h-cutting-equipment-for-coal-press-machine\">K\u00f6m\u00fcr Pres Makinesi i\u00e7in Kesme Ekipman\u0131&nbsp;<\/h2>    <p class=\"translation-block\">The formed carbon block needs to be cut into different sizes. Therefore, it is necessary to use a cutter tool. We can provide three kinds of cutters: automatic cutter, meter cutter, and hob. Both the first and second mentioned cutters require an <strong>air compressor<\/strong>. Adjust the strength of the cutter by controlling the air pressure.<\/p>    <h3 class=\"wp-block-heading\" id=\"h-automatic-cutter-for-charcoal-briket\">K\u00f6m\u00fcr Briket i\u00e7in Otomatik Kesici<\/h3>    <p id=\"block-fd5fda72-b941-4e47-a7dd-c13c6a5b3b88\">\u00c7al\u0131\u015fma prensibi, k\u0131z\u0131l\u00f6tesi sens\u00f6r probu ile k\u00f6m\u00fcr briket makinesinin bo\u015faltma portu aras\u0131ndaki mesafeyi ayn\u0131 boyutta kesecek \u015fekilde ayarlamakt\u0131r.<\/p>    <figure class=\"wp-block-gallery has-nested-images columns-default is-cropped wp-block-gallery-4 is-layout-flex wp-block-gallery-is-layout-flex\"> <figure class=\"wp-block-image size-large\"><img loading=\"lazy\" decoding=\"async\" width=\"720\" height=\"540\" data-id=\"1574\" src=\"https:\/\/charcoalplant.com\/wp-content\/uploads\/2021\/12\/Automatic-Cutter-1.jpg\" alt=\"Otomatik Kesici\" class=\"wp-image-1574\" srcset=\"https:\/\/charcoalplant.com\/wp-content\/uploads\/2021\/12\/Automatic-Cutter-1.jpg 720w, https:\/\/charcoalplant.com\/wp-content\/uploads\/2021\/12\/Automatic-Cutter-1-300x225.jpg 300w\" sizes=\"auto, (max-width: 720px) 100vw, 720px\" \/><figcaption class=\"wp-element-caption\">Otomatik Kesici<\/figcaption><\/figure>    <figure class=\"wp-block-image size-large\"><img loading=\"lazy\" decoding=\"async\" width=\"720\" height=\"540\" data-id=\"1592\" src=\"https:\/\/charcoalplant.com\/wp-content\/uploads\/2021\/12\/Charcoal-powder-briquetting-machine-finished-products-1.jpg\" alt=\"K\u00f6m\u00fcr tozu briketleme makinesi bitmi\u015f \u00fcr\u00fcnler\" class=\"wp-image-1592\" srcset=\"https:\/\/charcoalplant.com\/wp-content\/uploads\/2021\/12\/Charcoal-powder-briquetting-machine-finished-products-1.jpg 720w, https:\/\/charcoalplant.com\/wp-content\/uploads\/2021\/12\/Charcoal-powder-briquetting-machine-finished-products-1-300x225.jpg 300w\" sizes=\"auto, (max-width: 720px) 100vw, 720px\" \/><figcaption class=\"wp-element-caption\">K\u00f6m\u00fcr tozu briketleme makinesi bitmi\u015f \u00fcr\u00fcnler<\/figcaption><\/figure> <\/figure>    <h3 class=\"wp-block-heading\" id=\"h-cnc-cutter-for-briquettes\">Briketler i\u00e7in CNC Kesici <\/h3>    <p id=\"block-d58a95d7-dc60-4c1c-9bf8-9352b32de057\">CNC sistemidir. B\u00f6ylece hassas bir kesme uzunlu\u011fu ayarlayabilir. Uzunlu\u011fu bile ondal\u0131k noktayla ayarlay\u0131n. Avantajlar\u0131: ak\u0131ll\u0131, do\u011fru ve kompakt. Bu kesiciyi se\u00e7menizi \u015fiddetle tavsiye ederiz.<\/p>    <figure class=\"wp-block-gallery has-nested-images columns-default is-cropped wp-block-gallery-5 is-layout-flex wp-block-gallery-is-layout-flex\"> <figure class=\"wp-block-image size-large\"><img loading=\"lazy\" decoding=\"async\" width=\"720\" height=\"540\" data-id=\"1585\" src=\"https:\/\/charcoalplant.com\/wp-content\/uploads\/2021\/12\/Meter-Cutter-1-1.jpg\" alt=\"Metre-Kesici-1\" class=\"wp-image-1585\" srcset=\"https:\/\/charcoalplant.com\/wp-content\/uploads\/2021\/12\/Meter-Cutter-1-1.jpg 720w, https:\/\/charcoalplant.com\/wp-content\/uploads\/2021\/12\/Meter-Cutter-1-1-300x225.jpg 300w\" sizes=\"auto, (max-width: 720px) 100vw, 720px\" \/><figcaption class=\"wp-element-caption\">Metre-Kesici-1<\/figcaption><\/figure>    <figure class=\"wp-block-image size-full\"><img loading=\"lazy\" decoding=\"async\" width=\"720\" height=\"540\" data-id=\"2387\" src=\"https:\/\/charcoalplant.com\/wp-content\/uploads\/2022\/02\/hexagonal-charcoal.jpg\" alt=\"alt\u0131gen k\u00f6m\u00fcr\" class=\"wp-image-2387\"\/><figcaption class=\"wp-element-caption\">alt\u0131gen k\u00f6m\u00fcr<\/figcaption><\/figure> <\/figure>    <h3 class=\"wp-block-heading\" id=\"h-cube-charcoal-cutting\">K\u00fcp K\u00f6m\u00fcr Kesimi <\/h3>    <p id=\"block-f4688070-e3ca-4360-8fd1-302aea04ab3e\">Prensibi \u00f6zellikle basittir. Yani, kesici merdane \u00fczerine birden fazla dairesel kesici kafa tak\u0131l\u0131d\u0131r. Kesici kafa mesafesi ayarlanabilir. Bu kesici nargile k\u00f6m\u00fcr\u00fc \u00fcretimi i\u00e7in \u00e7ok uygundur. Bu nedenle Endonezya ve Arap \u00fclkelerinden m\u00fc\u015fteriler taraf\u0131ndan s\u0131kl\u0131kla sat\u0131n al\u0131nmaktad\u0131r.<\/p>    <figure class=\"wp-block-gallery has-nested-images columns-default is-cropped wp-block-gallery-6 is-layout-flex wp-block-gallery-is-layout-flex\"> <figure class=\"wp-block-image size-large\"><img loading=\"lazy\" decoding=\"async\" width=\"720\" height=\"540\" data-id=\"1588\" src=\"https:\/\/charcoalplant.com\/wp-content\/uploads\/2021\/12\/Hob-2-1.jpg\" alt=\"Ocak\" class=\"wp-image-1588\" srcset=\"https:\/\/charcoalplant.com\/wp-content\/uploads\/2021\/12\/Hob-2-1.jpg 720w, https:\/\/charcoalplant.com\/wp-content\/uploads\/2021\/12\/Hob-2-1-300x225.jpg 300w\" sizes=\"auto, (max-width: 720px) 100vw, 720px\" \/><figcaption class=\"wp-element-caption\">Ocak<\/figcaption><\/figure>    <figure class=\"wp-block-image size-full\"><img loading=\"lazy\" decoding=\"async\" width=\"720\" height=\"540\" data-id=\"2388\" src=\"https:\/\/charcoalplant.com\/wp-content\/uploads\/2021\/12\/shisha-charcoal-2.jpg\" alt=\"\" class=\"wp-image-2388\"\/><figcaption class=\"wp-element-caption\">2,5cm nargile k\u00f6m\u00fcr\u00fc<\/figcaption><\/figure> <\/figure>    <h2 class=\"wp-block-heading\" id=\"h-technical-parameters-of-coal-press-machine\">K\u00f6m\u00fcr Pres Makinas\u0131n\u0131n Teknik Parametreleri<\/h2>    <p>M\u00fc\u015fteriler i\u00e7in konvey\u00f6r bantlar\u0131n\u0131 yap\u0131land\u0131rabiliriz. Ve konvey\u00f6r band\u0131n\u0131n uzunlu\u011fu ve geni\u015fli\u011fi m\u00fc\u015fteri ihtiya\u00e7lar\u0131na g\u00f6re \u00f6zelle\u015ftirilebilir.<\/p>    <figure class=\"wp-block-table is-style-stripes\"><table><tbody><tr><td>    <strong>Modeli<\/strong><\/td><td>       <strong>Uzunluk*Geni\u015flik*Y\u00fckseklik (mm)<\/strong><\/td><td>      <strong>A\u011f\u0131rl\u0131k (kg)<\/strong><\/td><td>    <strong>Motorlu (kw)<\/strong><\/td><td>   <strong>\u00c7\u0131k\u0131\u015f (t\/saat)<\/strong><\/td><\/tr><tr><td>    SL-CB 140<\/td><td>             1950*1260*1080<\/td><td>           650<\/td><td>         11<\/td><td>        1-2<\/td><\/tr><tr><td>    SL-CB 160<\/td><td>             2150*1260*1080<\/td><td>           720<\/td><td>         15<\/td><td>        1-2<\/td><\/tr><tr><td>    SL-CB 180<\/td><td>             2320*1600*1150<\/td><td>          1260<\/td><td>         22<\/td><td>        2-4<\/td><\/tr><\/tbody><\/table><\/figure>    <h2 class=\"wp-block-heading\" id=\"video-of-charcoal-powder-briquette-production-line\">K\u00f6m\u00fcr Tozu Briket \u00dcretim Hatt\u0131 Videosu <\/h2>    <figure class=\"wp-block-embed is-type-video is-provider-youtube wp-block-embed-youtube wp-embed-aspect-16-9 wp-has-aspect-ratio\"><div class=\"wp-block-embed__wrapper\"> <iframe loading=\"lazy\" title=\"Barbek\u00fc K\u00f6m\u00fcr Makinesi | Nargile K\u00f6m\u00fcr\u00fc \u00dcretim Ekipmanlar\u0131#shishacoal#Hookahcharcoal#coalbriket\" width=\"500\" height=\"281\" src=\"https:\/\/www.youtube.com\/embed\/_8wvJPuahH8?feature=oembed\" frameborder=\"0\" allow=\"accelerometer; autoplay; clipboard-write; encrypted-media; gyroscope; picture-in-picture; web-share\" referrerpolicy=\"strict-origin-when-cross-origin\" allowfullscreen><\/iframe> <\/div><\/figure>    <h2 class=\"wp-block-heading\" id=\"h-charcoal-briquette-machine-for-sale\">Sat\u0131l\u0131k K\u00f6m\u00fcr Briket Makinesi<\/h2>    <p class=\"translation-block\">Our company is a manufacturer of coal presses. We produce different types of coal press\u00a0machine. The characteristics of our charcoal powder briquette\u00a0machine are simple operation, long service life and multi-function. We provide customers with a variety of production molds. In addition, we also sell pulverized coal mixers, <strong><a href=\"https:\/\/charcoalplant.com\/tr\/charcoal-briquetting-machine\/honeycomb-coal-press-machine\/\">honeycomb coal machines<\/a>,<\/strong> and so on. So contact us now to start your business. We are glad to serve you.<\/p>    <figure class=\"wp-block-image aligncenter size-full\"><img loading=\"lazy\" decoding=\"async\" width=\"720\" height=\"540\" src=\"https:\/\/charcoalplant.com\/wp-content\/uploads\/2021\/12\/charcoal-briquetting-machine-display-1.jpg\" alt=\"k\u00f6m\u00fcr briketleme makinesi ekran\u0131\" class=\"wp-image-1579\" srcset=\"https:\/\/charcoalplant.com\/wp-content\/uploads\/2021\/12\/charcoal-briquetting-machine-display-1.jpg 720w, https:\/\/charcoalplant.com\/wp-content\/uploads\/2021\/12\/charcoal-briquetting-machine-display-1-300x225.jpg 300w\" sizes=\"auto, (max-width: 720px) 100vw, 720px\" \/><figcaption class=\"wp-element-caption\">k\u00f6m\u00fcr briketleme makinesi ekran\u0131<\/figcaption><\/figure>    <h2 class=\"wp-block-heading\" id=\"charcoal-powder-briquette-machine-for-bbq-coal\">Barbek\u00fc K\u00f6m\u00fcr\u00fc i\u00e7in K\u00f6m\u00fcr Tozu Briket Makinesi<\/h2>    <p class=\"translation-block\">Coal briquettes extruder machine\u00a0can make barbecue charcoal. But the charcoal block it just made cannot be used directly. It needs to be dried naturally or in a<strong> <a href=\"https:\/\/charcohttps:\/\/charcoalplant.com\/charcoal-briquette-dryer\/alplant.com\/rice-husk-dryer\/\">dryer<\/a><\/strong>. The dried coal briquettes are generally handled by a <strong><a href=\"https:\/\/charcoalplant.com\/tr\/briquettes-packing-machine\/\">charcoal briquetting packaging machine<\/a><\/strong> for sale. In fact, this machine is also very suitable for making hookah charcoal, which is more economical.<\/p>    <figure class=\"wp-block-image aligncenter size-full\"><img loading=\"lazy\" decoding=\"async\" width=\"720\" height=\"540\" src=\"https:\/\/charcoalplant.com\/wp-content\/uploads\/2022\/02\/charcoal-briquettes-.jpg\" alt=\"k\u00f6m\u00fcr briketleri\" class=\"wp-image-2386\"\/><figcaption class=\"wp-element-caption\">k\u00f6m\u00fcr briketleri<\/figcaption><\/figure>","protected":false},"excerpt":{"rendered":"<p>K\u00f6m\u00fcr tozu briket makinesi, karbon bloklar\u0131 yapmak i\u00e7in hammadde olarak karbon tozu kullanan bir t\u00fcr ekipmand\u0131r.<\/p>","protected":false},"author":1,"featured_media":1197,"parent":0,"template":"","tags":[59],"product-type":[44],"class_list":["post-1178","product","type-product","status-publish","has-post-thumbnail","hentry","tag-charcoal-briquetting-machine","product-type-charcoal-briquetting-machine"],"_links":{"self":[{"href":"https:\/\/charcoalplant.com\/tr\/wp-json\/wp\/v2\/product\/1178","targetHints":{"allow":["GET"]}}],"collection":[{"href":"https:\/\/charcoalplant.com\/tr\/wp-json\/wp\/v2\/product"}],"about":[{"href":"https:\/\/charcoalplant.com\/tr\/wp-json\/wp\/v2\/types\/product"}],"author":[{"embeddable":true,"href":"https:\/\/charcoalplant.com\/tr\/wp-json\/wp\/v2\/users\/1"}],"wp:featuredmedia":[{"embeddable":true,"href":"https:\/\/charcoalplant.com\/tr\/wp-json\/wp\/v2\/media\/1197"}],"wp:attachment":[{"href":"https:\/\/charcoalplant.com\/tr\/wp-json\/wp\/v2\/media?parent=1178"}],"wp:term":[{"taxonomy":"post_tag","embeddable":true,"href":"https:\/\/charcoalplant.com\/tr\/wp-json\/wp\/v2\/tags?post=1178"},{"taxonomy":"product-type","embeddable":true,"href":"https:\/\/charcoalplant.com\/tr\/wp-json\/wp\/v2\/product-type?post=1178"}],"curies":[{"name":"wp","href":"https:\/\/api.w.org\/{rel}","templated":true}]}}