{"id":1213,"date":"2021-12-08T09:41:52","date_gmt":"2021-12-08T09:41:52","guid":{"rendered":"https:\/\/charcoalplant.com\/?p=1213"},"modified":"2023-01-10T10:10:36","modified_gmt":"2023-01-10T02:10:36","slug":"honeycomb-coal-press-machine","status":"publish","type":"product","link":"https:\/\/charcoalplant.com\/tr\/product\/honeycomb-coal-press-machine\/","title":{"rendered":"Petek K\u00f6m\u00fcr Pres Makinas\u0131 | K\u00f6m\u00fcr Briket Makinas\u0131"},"content":{"rendered":"<div class=\"kk-star-ratings kksr-auto kksr-align-left kksr-valign-top\"     data-payload='{&quot;align&quot;:&quot;left&quot;,&quot;id&quot;:&quot;1213&quot;,&quot;slug&quot;:&quot;default&quot;,&quot;valign&quot;:&quot;top&quot;,&quot;ignore&quot;:&quot;&quot;,&quot;reference&quot;:&quot;auto&quot;,&quot;class&quot;:&quot;&quot;,&quot;count&quot;:&quot;18&quot;,&quot;legendonly&quot;:&quot;&quot;,&quot;readonly&quot;:&quot;&quot;,&quot;score&quot;:&quot;4.8&quot;,&quot;starsonly&quot;:&quot;&quot;,&quot;best&quot;:&quot;5&quot;,&quot;gap&quot;:&quot;5&quot;,&quot;greet&quot;:&quot;Rate this product&quot;,&quot;legend&quot;:&quot;4.8\\\/5 - (18 votes)&quot;,&quot;size&quot;:&quot;24&quot;,&quot;title&quot;:&quot;Honeycomb Coal Press Machine | Coal Briquette Machine&quot;,&quot;width&quot;:&quot;136.7&quot;,&quot;_legend&quot;:&quot;{score}\\\/{best} - ({count} {votes})&quot;,&quot;font_factor&quot;:&quot;1.25&quot;}'>              <div class=\"kksr-stars\">      <div class=\"kksr-stars-inactive\">             <div class=\"kksr-star\" data-star=\"1\" style=\"padding-right: 5px\">               <div class=\"kksr-icon\" style=\"width: 24px; height: 24px;\"><\/div>         <\/div>             <div class=\"kksr-star\" data-star=\"2\" style=\"padding-right: 5px\">               <div class=\"kksr-icon\" style=\"width: 24px; height: 24px;\"><\/div>         <\/div>             <div class=\"kksr-star\" data-star=\"3\" style=\"padding-right: 5px\">               <div class=\"kksr-icon\" style=\"width: 24px; height: 24px;\"><\/div>         <\/div>             <div class=\"kksr-star\" data-star=\"4\" style=\"padding-right: 5px\">               <div class=\"kksr-icon\" style=\"width: 24px; height: 24px;\"><\/div>         <\/div>             <div class=\"kksr-star\" data-star=\"5\" style=\"padding-right: 5px\">               <div class=\"kksr-icon\" style=\"width: 24px; height: 24px;\"><\/div>         <\/div>     <\/div>      <div class=\"kksr-stars-active\" style=\"width: 136.7px;\">             <div class=\"kksr-star\" style=\"padding-right: 5px\">               <div class=\"kksr-icon\" style=\"width: 24px; height: 24px;\"><\/div>         <\/div>             <div class=\"kksr-star\" style=\"padding-right: 5px\">               <div class=\"kksr-icon\" style=\"width: 24px; height: 24px;\"><\/div>         <\/div>             <div class=\"kksr-star\" style=\"padding-right: 5px\">               <div class=\"kksr-icon\" style=\"width: 24px; height: 24px;\"><\/div>         <\/div>             <div class=\"kksr-star\" style=\"padding-right: 5px\">               <div class=\"kksr-icon\" style=\"width: 24px; height: 24px;\"><\/div>         <\/div>             <div class=\"kksr-star\" style=\"padding-right: 5px\">               <div class=\"kksr-icon\" style=\"width: 24px; height: 24px;\"><\/div>         <\/div>     <\/div> <\/div>                   <div class=\"kksr-legend\" style=\"font-size: 19.2px;\">             4.8\/5 - (18 oy)    <\/div>     <\/div>  <p class=\"translation-block\"><strong>Kovan k\u00f6m\u00fcr pres makinesi<\/strong>, y\u00fcksek yo\u011funluklu, g\u00f6zenekli, silindirik briketler \u00fcretmek i\u00e7in \u00f6zel ekipmand\u0131r. Bu kovan briket makinesi ayr\u0131ca i\u00e7i bo\u015f k\u00f6m\u00fcr \u00e7ubuklar\u0131 ve <strong><a href=\"https:\/\/charcoalplant.com\/tr\/charcoal-briquette-machine\/charcoal-powder-briquette-machine\/\">k\u00f6m\u00fcr \u00e7ubuklar\u0131<\/a><\/strong> \u00fcretebilir. Kulland\u0131\u011f\u0131 hammaddeler \u00e7o\u011funlukla toz k\u00f6m\u00fcr ve karbon tozudur. Ayr\u0131ca <strong><a href=\"https:\/\/charcoalplant.com\/tr\/info\/can-these-briquetting-machines-make-alfalfa-molar-sticks\/\">yonca otu<\/a><\/strong> ve kirkir otu gibi di\u011fer malzemeler. Ayr\u0131ca, k\u00f6m\u00fcr briket makinesinin kullan\u0131m\u0131 basittir, y\u00fcksek performansa sahiptir ve bak\u0131m\u0131 kolayd\u0131r. Bu nedenle m\u00fc\u015fterilerin b\u00fcy\u00fck \u00e7o\u011funlu\u011fu taraf\u0131ndan tercih edilmektedir. \u0130\u015f ba\u011flant\u0131lar\u0131 kurmaya ba\u015flamak i\u00e7in \u015fimdi bizimle ileti\u015fime ge\u00e7in. Size daha uygun fiyatlar sunaca\u011f\u0131z.<\/p>    <h2 class=\"wp-block-heading\" id=\"working-principle-of-honeycomb-coal-forming-machine\">Petek K\u00f6m\u00fcr Pres Makinas\u0131n\u0131n \u00c7al\u0131\u015fma Prensibi<\/h2>    <p class=\"translation-block\">Kovan k\u00f6m\u00fcr pres makinesi asl\u0131nda en basit ve kolay kullan\u0131ma sahip pres tipi k\u00f6m\u00fcr yapma makinesidir. Ve silaj kapasitesi b\u00fcy\u00fckt\u00fcr. Bu nedenle, mangal k\u00f6m\u00fcr\u00fc \u00fcreticilerinin bir k\u0131sm\u0131 <strong><a href=\"https:\/\/charcoalplant.com\/tr\/coal-briquettes-production-line\/\">k\u00f6m\u00fcr briket \u00fcretimi<\/a><\/strong> i\u00e7in kovan briket makinesi sat\u0131n almaya daha meyilli olacakt\u0131r. Elektrik motoru veya dizel motor ile \u00e7al\u0131\u015f\u0131r. Ard\u0131ndan k\u00f6m\u00fcr tozu veya k\u00f6m\u00fcr tozu besleme portundan kal\u0131p plakas\u0131na d\u00fc\u015fer ve kal\u0131p taraf\u0131ndan briketleri deler.<\/p>    <figure class=\"wp-block-image aligncenter size-full\"><img loading=\"lazy\" decoding=\"async\" width=\"720\" height=\"540\" src=\"https:\/\/charcoalplant.com\/wp-content\/uploads\/2022\/01\/140-Model.jpg\" alt=\"140 Model Petek K\u00f6m\u00fcr Pres Makinas\u0131\" class=\"wp-image-1839\" srcset=\"https:\/\/charcoalplant.com\/wp-content\/uploads\/2022\/01\/140-Model.jpg 720w, https:\/\/charcoalplant.com\/wp-content\/uploads\/2022\/01\/140-Model-300x225.jpg 300w\" sizes=\"auto, (max-width: 720px) 100vw, 720px\" \/><figcaption class=\"wp-element-caption\">140 Model Petek K\u00f6m\u00fcr Pres Makinas\u0131<\/figcaption><\/figure>    <h2 class=\"wp-block-heading\" id=\"h-structure-of-honeycomb-coal-press-machine\">Petek K\u00f6m\u00fcr Pres Makinas\u0131n\u0131n Yap\u0131s\u0131<\/h2>    <p>Petek briket makinesinin yap\u0131s\u0131 esas olarak bir besleme portu, delme i\u011fnesi, kaz\u0131y\u0131c\u0131, kal\u0131p ve ta\u015f\u0131ma band\u0131 i\u00e7erir. A\u015fa\u011f\u0131da besleme portu, delme i\u011fnesi ve kaz\u0131y\u0131c\u0131n\u0131n fonksiyonlar\u0131n\u0131 ve faydalar\u0131n\u0131 detayl\u0131 olarak anlataca\u011f\u0131m.<\/p>    <div class=\"wp-block-columns has-background is-layout-flex wp-container-core-columns-is-layout-28f84493 wp-block-columns-is-layout-flex\" style=\"background-color:#f1f1f1\"> <div class=\"wp-block-column is-vertically-aligned-center is-layout-flow wp-block-column-is-layout-flow\" style=\"flex-basis:33.33%\"> <p class=\"translation-block\"><strong>Giri\u015f<\/strong><\/p>    <p>Petek briket makinesinin besleme hunisi d\u00f6nebilen bir kar\u0131\u015ft\u0131rma \u00e7ubu\u011fu ile donat\u0131lm\u0131\u015ft\u0131r. \u0130\u015flevi, gev\u015fek hammaddelerin besleme portunu t\u0131kamas\u0131n\u0131 ve e\u015fit \u015fekilde beslenmesini \u00f6nlemektir.<\/p> <\/div>    <div class=\"wp-block-column is-layout-flow wp-block-column-is-layout-flow\" style=\"flex-basis:66.66%\"> <figure class=\"wp-block-gallery has-nested-images columns-default is-cropped wp-block-gallery-2 is-layout-flex wp-block-gallery-is-layout-flex\"> <figure class=\"wp-block-image size-large\"><img loading=\"lazy\" decoding=\"async\" width=\"720\" height=\"540\" data-id=\"2415\" src=\"https:\/\/charcoalplant.com\/wp-content\/uploads\/2022\/02\/inlet.jpg\" alt=\"\" class=\"wp-image-2415\"\/><\/figure> <\/figure> <\/div> <\/div>    <div class=\"wp-block-columns has-background is-layout-flex wp-container-core-columns-is-layout-28f84493 wp-block-columns-is-layout-flex\" style=\"background-color:#f1f1f1\"> <div class=\"wp-block-column is-layout-flow wp-block-column-is-layout-flow\" style=\"flex-basis:66.66%\"> <figure class=\"wp-block-gallery has-nested-images columns-default is-cropped wp-block-gallery-3 is-layout-flex wp-block-gallery-is-layout-flex\"> <figure class=\"wp-block-image size-large\"><img loading=\"lazy\" decoding=\"async\" width=\"720\" height=\"540\" data-id=\"2416\" src=\"https:\/\/charcoalplant.com\/wp-content\/uploads\/2022\/02\/punching-needle.jpg\" alt=\"\" class=\"wp-image-2416\"\/><\/figure> <\/figure> <\/div>    <div class=\"wp-block-column is-vertically-aligned-center is-layout-flow wp-block-column-is-layout-flow\" style=\"flex-basis:33.33%\"> <p class=\"translation-block\"><strong>Delme i\u011fnesi<\/strong><\/p>    <p>K\u00f6m\u00fcr kal\u0131p plakas\u0131n\u0131n d\u00fc\u015fmesi, toz haline getirilmi\u015f k\u00f6m\u00fcr\u00fcn \u00f6n preslenmesini sa\u011flar. Daha sonra toz haline getirilmi\u015f k\u00f6m\u00fcre z\u0131mba ile h\u0131zl\u0131 bir y\u00fcksek bas\u0131n\u00e7 uygulan\u0131r. Asl\u0131nda olu\u015fturulan briketler iki kez preslendi. Bu nedenle bitmi\u015f \u00fcr\u00fcn\u00fcn yo\u011funlu\u011fu ve sertli\u011fi zaten optimaldir.<\/p> <\/div> <\/div>    <div class=\"wp-block-columns has-background is-layout-flex wp-container-core-columns-is-layout-28f84493 wp-block-columns-is-layout-flex\" style=\"background-color:#f1f1f1\"> <div class=\"wp-block-column is-vertically-aligned-center is-layout-flow wp-block-column-is-layout-flow\" style=\"flex-basis:33.33%\"> <p class=\"translation-block\"><strong>Kaz\u0131y\u0131c\u0131<\/strong><\/p>    <p><br>\u00dcretim s\u00fcrecinde etrafa sa\u00e7\u0131lan karbon tozunu temizlemek i\u00e7in kullan\u0131l\u0131r. K\u00fclb\u00fct\u00f6r kolu, manuel i\u015flem gerektirmeden \u00e7al\u0131\u015fmas\u0131n\u0131 otomatik olarak kontrol edebilir.<\/p> <\/div>    <div class=\"wp-block-column is-layout-flow wp-block-column-is-layout-flow\" style=\"flex-basis:66.66%\"> <figure class=\"wp-block-gallery has-nested-images columns-default is-cropped wp-block-gallery-4 is-layout-flex wp-block-gallery-is-layout-flex\"> <figure class=\"wp-block-image size-large\"><img loading=\"lazy\" decoding=\"async\" width=\"720\" height=\"540\" data-id=\"2417\" src=\"https:\/\/charcoalplant.com\/wp-content\/uploads\/2022\/02\/Scraper.jpg\" alt=\"\" class=\"wp-image-2417\"\/><\/figure> <\/figure> <\/div> <\/div>    <h2 class=\"wp-block-heading\" id=\"h-video-of-coal-briquette-press-machine\">Petek Briket Yapma Makinesi Videosu<\/h2>    <figure class=\"wp-block-embed is-type-video is-provider-youtube wp-block-embed-youtube wp-embed-aspect-16-9 wp-has-aspect-ratio\"><div class=\"wp-block-embed__wrapper\"> <iframe loading=\"lazy\" title=\"\u00c7ok Fonksiyonlu Briket Makinesi | Balmumu presleme i\u00e7in K\u00f6m\u00fcr Presi#Fuel#Maker#CHARCOAL#Burn#Briketleme\" width=\"500\" height=\"281\" src=\"https:\/\/www.youtube.com\/embed\/fHD89N58CCw?start=4&#038;feature=oembed\" frameborder=\"0\" allow=\"accelerometer; autoplay; clipboard-write; encrypted-media; gyroscope; picture-in-picture; web-share\" referrerpolicy=\"strict-origin-when-cross-origin\" allowfullscreen><\/iframe> <\/div><\/figure>    <h2 class=\"wp-block-heading\" id=\"specification-of-coal-briquettes-machine\">K\u00f6m\u00fcr Briket Makinas\u0131n\u0131n \u00d6zellikleri<\/h2>    <p>A\u015fa\u011f\u0131da \u00e7e\u015fitli yayg\u0131n k\u00f6m\u00fcr preslerinin motor ve kal\u0131p parametreleri verilmi\u015ftir. Fabrikam\u0131z kal\u0131p \u00f6zelle\u015ftirme hizmetleri sa\u011flayabilir. Yani k\u00fcf sorunlar\u0131 hakk\u0131nda endi\u015felenmenize gerek yok. Ayr\u0131ca petek k\u00f6m\u00fcr pres makinas\u0131 2 metrelik ta\u015f\u0131ma band\u0131 ile donat\u0131lm\u0131\u015ft\u0131r. Uzunlu\u011fu m\u00fc\u015fteri ihtiya\u00e7lar\u0131na g\u00f6re \u00f6zelle\u015ftirilebilir.<\/p>    <figure class=\"wp-block-table is-style-stripes\"><table><tbody><tr><td><strong>Modeli<\/strong><\/td><td><strong>G\u00fc\u00e7<\/strong><\/td><td><strong>Maksimum k\u00f6m\u00fcr \u00e7ap\u0131<\/strong><\/td><\/tr><tr><td><strong>SL-HC120<\/strong><\/td><td>5,5kw<\/td><td>120mm<\/td><\/tr><tr><td><strong>SL-HC140<\/strong><\/td><td>7,5 kW<\/td><td>140mm<\/td><\/tr><tr><td><strong>SL-HC160<\/strong><\/td><td>11 kW<\/td><td>160mm<\/td><\/tr><tr><td><strong>SL-HC220<\/strong><\/td><td>11 kW<\/td><td>220 mm<\/td><\/tr><\/tbody><\/table><\/figure>    <figure class=\"wp-block-image aligncenter size-full\"><img loading=\"lazy\" decoding=\"async\" width=\"720\" height=\"540\" src=\"https:\/\/charcoalplant.com\/wp-content\/uploads\/2022\/02\/coal-press-machine-store-1-1.jpg\" alt=\"k\u00f6m\u00fcr-pres-makinesi-ma\u011fazas\u0131\" class=\"wp-image-2424\"\/><figcaption class=\"wp-element-caption\">k\u00f6m\u00fcr-pres-makinesi-ma\u011fazas\u0131<\/figcaption><\/figure>    <h2 class=\"wp-block-heading\" id=\"h-mould-of-diesel-coal-briquette-machine\">Dizel K\u00f6m\u00fcr Briket Makinesi Kal\u0131b\u0131<\/h2>    <p>Normal \u015fartlarda bu toz k\u00f6m\u00fcr tozu pres makinesinin \u00fcretebilece\u011fi maksimum briket y\u00fcksekli\u011fi 13 cm'dir. Ortak y\u00fckseklik 8-10 cm'dir. Kal\u0131b\u0131 de\u011fi\u015ftirerek farkl\u0131 \u015fekillerde kompaktlar yapmak da m\u00fcmk\u00fcnd\u00fcr; en pop\u00fcler \u015fekiller alt\u0131gen \u015fekilli, yuvarlak \u015fekilli, kare \u015fekilli, petek \u015fekilli vb.<\/p>    <figure class=\"wp-block-gallery has-nested-images columns-3 is-cropped wp-block-gallery-5 is-layout-flex wp-block-gallery-is-layout-flex\"> <figure class=\"wp-block-image size-large\"><img loading=\"lazy\" decoding=\"async\" width=\"720\" height=\"540\" data-id=\"2419\" src=\"https:\/\/charcoalplant.com\/wp-content\/uploads\/2022\/02\/briquettes-mould.jpg\" alt=\"briket-kal\u0131p\" class=\"wp-image-2419\"\/><figcaption class=\"wp-element-caption\">briket-kal\u0131p<\/figcaption><\/figure>    <figure class=\"wp-block-image size-large\"><img loading=\"lazy\" decoding=\"async\" width=\"720\" height=\"540\" data-id=\"1342\" src=\"https:\/\/charcoalplant.com\/wp-content\/uploads\/2021\/12\/Various-types-of-briquettes-1.jpg\" alt=\"\u00c7e\u015fitli briket t\u00fcrleri\" class=\"wp-image-1342\" srcset=\"https:\/\/charcoalplant.com\/wp-content\/uploads\/2021\/12\/Various-types-of-briquettes-1.jpg 720w, https:\/\/charcoalplant.com\/wp-content\/uploads\/2021\/12\/Various-types-of-briquettes-1-300x225.jpg 300w\" sizes=\"auto, (max-width: 720px) 100vw, 720px\" \/><figcaption class=\"wp-element-caption\">\u00c7e\u015fitli briket t\u00fcrleri<\/figcaption><\/figure>    <figure class=\"wp-block-image size-large\"><img loading=\"lazy\" decoding=\"async\" width=\"720\" height=\"540\" data-id=\"1225\" src=\"https:\/\/charcoalplant.com\/wp-content\/uploads\/2021\/12\/\u6210\u54c12-1-1.jpg\" alt=\"farkl\u0131 boyutlarda k\u00f6m\u00fcr briket\" class=\"wp-image-1225\" srcset=\"https:\/\/charcoalplant.com\/wp-content\/uploads\/2021\/12\/\u6210\u54c12-1-1.jpg 720w, https:\/\/charcoalplant.com\/wp-content\/uploads\/2021\/12\/\u6210\u54c12-1-1-300x225.jpg 300w\" sizes=\"auto, (max-width: 720px) 100vw, 720px\" \/><figcaption class=\"wp-element-caption\">farkl\u0131 boyutlarda k\u00f6m\u00fcr briket<\/figcaption><\/figure>    <figure class=\"wp-block-image size-large\"><img loading=\"lazy\" decoding=\"async\" width=\"720\" height=\"540\" data-id=\"2418\" src=\"https:\/\/charcoalplant.com\/wp-content\/uploads\/2022\/02\/mould-1.jpg\" alt=\"kal\u0131p-1\" class=\"wp-image-2418\"\/><figcaption class=\"wp-element-caption\">kal\u0131p-1<\/figcaption><\/figure>    <figure class=\"wp-block-image size-large\"><img loading=\"lazy\" decoding=\"async\" width=\"720\" height=\"540\" data-id=\"1340\" src=\"https:\/\/charcoalplant.com\/wp-content\/uploads\/2021\/12\/briket-molds-1.jpg\" alt=\"briket kal\u0131plar\u0131\" class=\"wp-image-1340\" srcset=\"https:\/\/charcoalplant.com\/wp-content\/uploads\/2021\/12\/briket-molds-1.jpg 720w, https:\/\/charcoalplant.com\/wp-content\/uploads\/2021\/12\/briket-molds-1-300x225.jpg 300w\" sizes=\"auto, (max-width: 720px) 100vw, 720px\" \/><figcaption class=\"wp-element-caption\">briket kal\u0131plar\u0131<\/figcaption><\/figure>    <figure class=\"wp-block-image size-large\"><img loading=\"lazy\" decoding=\"async\" width=\"720\" height=\"540\" data-id=\"1345\" src=\"https:\/\/charcoalplant.com\/wp-content\/uploads\/2021\/12\/Hexagonal-briquette-1.jpg\" alt=\"Alt\u0131gen briket\" class=\"wp-image-1345\" srcset=\"https:\/\/charcoalplant.com\/wp-content\/uploads\/2021\/12\/Hexagonal-briquette-1.jpg 720w, https:\/\/charcoalplant.com\/wp-content\/uploads\/2021\/12\/Hexagonal-briquette-1-300x225.jpg 300w\" sizes=\"auto, (max-width: 720px) 100vw, 720px\" \/><figcaption class=\"wp-element-caption\">Alt\u0131gen briket<\/figcaption><\/figure> <\/figure>    <h2 class=\"wp-block-heading\" id=\"h-features-of-honeycomb-coal-press-machine\">Petek K\u00f6m\u00fcr Pres Makinas\u0131n\u0131n \u00d6zellikleri<\/h2>    <ul class=\"wp-block-list\"> <li>Basit yap\u0131 ve rahat \u00e7al\u0131\u015fma.<\/li>    <li>Aksesuar yok, uzun servis \u00f6mr\u00fc.<\/li>    <li>\u00d6n s\u0131k\u0131\u015ft\u0131rma ile bitmi\u015f \u00fcr\u00fcn y\u00fcksek yo\u011funlu\u011fa sahiptir.<\/li>    <li>Fabrikam\u0131z petek k\u00f6m\u00fcr briket pres makinesi i\u00e7in \u00f6zelle\u015ftirilmi\u015f hizmet sunmaktad\u0131r. \u00d6rne\u011fin kal\u0131p, giri\u015f portunun boyutu, \u00e7\u0131k\u0131\u015f portunun boyutu vb.<\/li>    <li>\u0130ki g\u00fc\u00e7 modu vard\u0131r: motorlu ve dizel.<\/li> <\/ul>    <figure class=\"wp-block-image aligncenter size-full\"><img loading=\"lazy\" decoding=\"async\" width=\"720\" height=\"540\" src=\"https:\/\/charcoalplant.com\/wp-content\/uploads\/2021\/12\/140-1-1.jpg\" alt=\"140 k\u00f6m\u00fcr ekstruder makinesi\" class=\"wp-image-1222\" srcset=\"https:\/\/charcoalplant.com\/wp-content\/uploads\/2021\/12\/140-1-1.jpg 720w, https:\/\/charcoalplant.com\/wp-content\/uploads\/2021\/12\/140-1-1-300x225.jpg 300w\" sizes=\"auto, (max-width: 720px) 100vw, 720px\" \/><figcaption class=\"wp-element-caption\">140 k\u00f6m\u00fcr ekstruder makinesi<\/figcaption><\/figure>    <h2 class=\"wp-block-heading\" id=\"h-diesel-coal-briquetting-machine-for-sale\">Sat\u0131l\u0131k Dizel K\u00f6m\u00fcr Briket Yapma Makinesi<\/h2>    <p class=\"translation-block\">Zhengzhou Shuliy Makine Ekipmanlar\u0131 \u00dcreticisi, \u00c7in'de \u00fcnl\u00fc bir k\u00f6m\u00fcr yapma makinesi tedarik\u00e7isidir. Elektrikli briket makinesi ve dizel briket makinesi sat\u0131\u015f\u0131 yap\u0131yoruz. Ayr\u0131ca, \u015fimdi \u00e7ift beslemeli briket makinesi geli\u015ftirdik. Bu makine 13 cm y\u00fcksekli\u011finde briketler veya k\u00f6m\u00fcr \u00e7ubuklar\u0131 \u00fcretebilir. Ayr\u0131ca <strong><a href=\"https:\/\/charcoalplant.com\/tr\/drying-machine\/charcoal-briquette-dryer\/\">karbon tozu pres kurutma makineleri<\/a><\/strong> ve <strong><a href=\"https:\/\/charcoalplant.com\/tr\/briquettes-packing-machine\/charcoal-briquettes-packing-machine\/\">petek k\u00f6m\u00fcr paketleme makineleri<\/a><\/strong> gibi ilgili ekipmanlar da sat\u0131yoruz. Gerekirse bize ula\u015fmaktan \u00e7ekinmeyin. Size en son ekipman ve teknik parametreleri sa\u011flayaca\u011f\u0131z.<\/p>    <figure class=\"wp-block-gallery has-nested-images columns-default is-cropped wp-block-gallery-6 is-layout-flex wp-block-gallery-is-layout-flex\"> <figure class=\"wp-block-image size-full\"><img loading=\"lazy\" decoding=\"async\" width=\"400\" height=\"540\" data-id=\"2420\" src=\"https:\/\/charcoalplant.com\/wp-content\/uploads\/2022\/02\/shippment-.jpg\" alt=\"\" class=\"wp-image-2420\"\/><figcaption class=\"wp-element-caption\">6cm k\u00f6m\u00fcr briketi<\/figcaption><\/figure>    <figure class=\"wp-block-image size-full\"><img loading=\"lazy\" decoding=\"async\" width=\"400\" height=\"540\" data-id=\"2421\" src=\"https:\/\/charcoalplant.com\/wp-content\/uploads\/2022\/02\/Honeycomb-coal-forming-machine.jpg\" alt=\"\" class=\"wp-image-2421\"\/><figcaption class=\"wp-element-caption\">farkl\u0131 boyutlarda k\u00f6m\u00fcr briket<\/figcaption><\/figure> <\/figure>","protected":false},"excerpt":{"rendered":"<p>Petek K\u00f6m\u00fcr Pres Makinesi, briket \u00fcretimi i\u00e7in \u00f6zel bir ekipmand\u0131r.  Ayr\u0131ca bir\u00e7ok m\u00fc\u015fteri taraf\u0131ndan da tercih edilmektedir.<\/p>","protected":false},"author":1,"featured_media":1351,"parent":0,"template":"","tags":[59],"product-type":[44],"class_list":["post-1213","product","type-product","status-publish","has-post-thumbnail","hentry","tag-charcoal-briquetting-machine","product-type-charcoal-briquetting-machine"],"_links":{"self":[{"href":"https:\/\/charcoalplant.com\/tr\/wp-json\/wp\/v2\/product\/1213","targetHints":{"allow":["GET"]}}],"collection":[{"href":"https:\/\/charcoalplant.com\/tr\/wp-json\/wp\/v2\/product"}],"about":[{"href":"https:\/\/charcoalplant.com\/tr\/wp-json\/wp\/v2\/types\/product"}],"author":[{"embeddable":true,"href":"https:\/\/charcoalplant.com\/tr\/wp-json\/wp\/v2\/users\/1"}],"wp:featuredmedia":[{"embeddable":true,"href":"https:\/\/charcoalplant.com\/tr\/wp-json\/wp\/v2\/media\/1351"}],"wp:attachment":[{"href":"https:\/\/charcoalplant.com\/tr\/wp-json\/wp\/v2\/media?parent=1213"}],"wp:term":[{"taxonomy":"post_tag","embeddable":true,"href":"https:\/\/charcoalplant.com\/tr\/wp-json\/wp\/v2\/tags?post=1213"},{"taxonomy":"product-type","embeddable":true,"href":"https:\/\/charcoalplant.com\/tr\/wp-json\/wp\/v2\/product-type?post=1213"}],"curies":[{"name":"wp","href":"https:\/\/api.w.org\/{rel}","templated":true}]}}