{"id":1235,"date":"2021-12-10T09:02:55","date_gmt":"2021-12-10T09:02:55","guid":{"rendered":"https:\/\/charcoalplant.com\/?p=1235"},"modified":"2023-01-11T16:34:47","modified_gmt":"2023-01-11T08:34:47","slug":"charcoal-ball-press-machine","status":"publish","type":"product","link":"https:\/\/charcoalplant.com\/tr\/product\/charcoal-ball-press-machine\/","title":{"rendered":"K\u00f6m\u00fcr Topu Pres Makinas\u0131 | Barbek\u00fc K\u00f6m\u00fcr Makinesi"},"content":{"rendered":"<div class=\"kk-star-ratings kksr-auto kksr-align-left kksr-valign-top\"     data-payload='{&quot;align&quot;:&quot;left&quot;,&quot;id&quot;:&quot;1235&quot;,&quot;slug&quot;:&quot;default&quot;,&quot;valign&quot;:&quot;top&quot;,&quot;ignore&quot;:&quot;&quot;,&quot;reference&quot;:&quot;auto&quot;,&quot;class&quot;:&quot;&quot;,&quot;count&quot;:&quot;12&quot;,&quot;legendonly&quot;:&quot;&quot;,&quot;readonly&quot;:&quot;&quot;,&quot;score&quot;:&quot;4.6&quot;,&quot;starsonly&quot;:&quot;&quot;,&quot;best&quot;:&quot;5&quot;,&quot;gap&quot;:&quot;5&quot;,&quot;greet&quot;:&quot;Rate this product&quot;,&quot;legend&quot;:&quot;4.6\\\/5 - (12 votes)&quot;,&quot;size&quot;:&quot;24&quot;,&quot;title&quot;:&quot;Charcoal Ball Press Machine | BBQ Charcoal Machine&quot;,&quot;width&quot;:&quot;130.9&quot;,&quot;_legend&quot;:&quot;{score}\\\/{best} - ({count} {votes})&quot;,&quot;font_factor&quot;:&quot;1.25&quot;}'>              <div class=\"kksr-stars\">      <div class=\"kksr-stars-inactive\">             <div class=\"kksr-star\" data-star=\"1\" style=\"padding-right: 5px\">               <div class=\"kksr-icon\" style=\"width: 24px; height: 24px;\"><\/div>         <\/div>             <div class=\"kksr-star\" data-star=\"2\" style=\"padding-right: 5px\">               <div class=\"kksr-icon\" style=\"width: 24px; height: 24px;\"><\/div>         <\/div>             <div class=\"kksr-star\" data-star=\"3\" style=\"padding-right: 5px\">               <div class=\"kksr-icon\" style=\"width: 24px; height: 24px;\"><\/div>         <\/div>             <div class=\"kksr-star\" data-star=\"4\" style=\"padding-right: 5px\">               <div class=\"kksr-icon\" style=\"width: 24px; height: 24px;\"><\/div>         <\/div>             <div class=\"kksr-star\" data-star=\"5\" style=\"padding-right: 5px\">               <div class=\"kksr-icon\" style=\"width: 24px; height: 24px;\"><\/div>         <\/div>     <\/div>      <div class=\"kksr-stars-active\" style=\"width: 130.9px;\">             <div class=\"kksr-star\" style=\"padding-right: 5px\">               <div class=\"kksr-icon\" style=\"width: 24px; height: 24px;\"><\/div>         <\/div>             <div class=\"kksr-star\" style=\"padding-right: 5px\">               <div class=\"kksr-icon\" style=\"width: 24px; height: 24px;\"><\/div>         <\/div>             <div class=\"kksr-star\" style=\"padding-right: 5px\">               <div class=\"kksr-icon\" style=\"width: 24px; height: 24px;\"><\/div>         <\/div>             <div class=\"kksr-star\" style=\"padding-right: 5px\">               <div class=\"kksr-icon\" style=\"width: 24px; height: 24px;\"><\/div>         <\/div>             <div class=\"kksr-star\" style=\"padding-right: 5px\">               <div class=\"kksr-icon\" style=\"width: 24px; height: 24px;\"><\/div>         <\/div>     <\/div> <\/div>                   <div class=\"kksr-legend\" style=\"font-size: 19.2px;\">             4.6\/5 - (12 oy)    <\/div>     <\/div>  <p class=\"translation-block\"><strong>K\u00f6m\u00fcr topu pres makinesi<\/strong>, k\u00f6m\u00fcr tozu veya biyok\u00fctle k\u00f6m\u00fcr tozundan tu\u011fla \u00fcretmek i\u00e7in bir ara\u00e7t\u0131r. Yast\u0131k, ekmek, k\u00fcresel gibi \u00e7e\u015fitli \u015fekillerde toz briketler \u00fcretebilir. Bu bitmi\u015f \u00fcr\u00fcnler, metalurji, enerji santralleri, ocaklar, \u0131s\u0131tma, yemek hizmeti ve di\u011fer sanayilerde yayg\u0131n olarak kullan\u0131lmaktad\u0131r. Bu nedenle, pazar\u0131 olduk\u00e7a b\u00fcy\u00fckt\u00fcr. Shuliy <strong><a href=\"https:\/\/charcoalplant.com\/tr\/charcoal-briquetting-machine\/charcoal-powder-briquette-machine\/\">k\u00f6m\u00fcr tozu briketleme makinesinin<\/a><\/strong> \u00e7\u0131k\u0131\u015f\u0131 saatte 5-10t'dir. B\u00f6ylece, <strong><a href=\"https:\/\/charcoalplant.com\/tr\/info\/bbq-coal-production-line-installed-in-romania\/\">\u00e7e\u015fitli b\u00fcy\u00fck \u00f6l\u00e7ekli fabrikalar\u0131n<\/a><\/strong> \u00fcretim talebini kar\u015f\u0131layabilir. Makine fiyat\u0131 hakk\u0131nda dan\u0131\u015fmaya ho\u015f geldiniz. Ve b\u00fcy\u00fck bir indirim alacaks\u0131n\u0131z.<\/p>    <figure class=\"wp-block-image aligncenter size-full\"><img loading=\"lazy\" decoding=\"async\" width=\"720\" height=\"540\" src=\"https:\/\/charcoalplant.com\/wp-content\/uploads\/2022\/02\/charcoal-briquette-forming-machine-for-sale.jpg\" alt=\"\" class=\"wp-image-2402\"\/><figcaption class=\"wp-element-caption\">k\u00f6m\u00fcr makinesi<\/figcaption><\/figure>    <h2 class=\"wp-block-heading\" id=\"h-raw-material-of-charcoal-ball-press-machine\"><strong>\u00c7i\u011f <\/strong><strong>M<\/strong><strong>malzemesi <\/strong><strong>C<\/strong><strong>k\u00f6m\u00fcr <\/strong><strong>B<\/strong><strong>T\u00fcm\u00fc <\/strong><strong>P<\/strong><strong>res<\/strong><strong>&nbsp;Makine<\/strong><strong><\/strong><\/h2>    <p class=\"translation-block\">Charcoal ball press machines are widely used. The raw materials can be coal powder, iron powder, carbon powder, aluminum powder, gypsum, and so on. In addition, waste materials such as iron filings, slag, tailings, sludge, and kaolin may be used. The fineness of these raw materials should be less than 5mm. Raw materials of charcoal powder forming machines such as coal powder and charcoal powder need to be pretreated with a <strong><a href=\"https:\/\/charcoalplant.com\/tr\/grinder-and-mixer\/charcoal-powder-mixer\/\">binder<\/a><\/strong>. (Some raw materials do not need to add adhesive, please consult for details).<\/p>    <figure class=\"wp-block-image aligncenter size-full\"><img loading=\"lazy\" decoding=\"async\" width=\"2293\" height=\"414\" src=\"https:\/\/charcoalplant.com\/wp-content\/uploads\/2021\/12\/raw-materials-of-charcoal-ball-press-machine.png\" alt=\"k\u00f6m\u00fcr topu pres makinesinin hammaddeleri\" class=\"wp-image-2396\"\/><figcaption class=\"wp-element-caption\">k\u00f6m\u00fcr topu pres makinesinin hammaddeleri<\/figcaption><\/figure>    <h2 class=\"wp-block-heading\" id=\"h-sturcture-of-charcoal-ball-briquette-machine\"><strong>K\u00f6m\u00fcr Topu Briket Makinesinin Yap\u0131s\u0131<\/strong><\/h2>    <p>K\u00f6m\u00fcr briket \u015fekillendirme makinesi esas olarak hazne, di\u015fli, bask\u0131 silindiri, ta\u015f\u0131ma band\u0131, motor, h\u0131z kontrol cihaz\u0131 ve di\u011fer yap\u0131lar\u0131 i\u00e7erir. Di\u015flilerden ikisi iki silindirli kal\u0131b\u0131 tahrik eder. Bas\u0131n\u00e7 silindirleri birbirine do\u011fru hareket etti\u011finden iki yar\u0131m k\u00fcre tam bir k\u00fcre olu\u015fturabilir.<\/p>    <div class=\"wp-block-columns has-background is-layout-flex wp-container-core-columns-is-layout-28f84493 wp-block-columns-is-layout-flex\" style=\"background-color:#f1f1f1\"> <div class=\"wp-block-column is-layout-flow wp-block-column-is-layout-flow\" style=\"flex-basis:66.66%\"> <figure class=\"wp-block-gallery has-nested-images columns-default is-cropped wp-block-gallery-2 is-layout-flex wp-block-gallery-is-layout-flex\"> <figure class=\"wp-block-image size-large\"><img loading=\"lazy\" decoding=\"async\" width=\"720\" height=\"540\" data-id=\"2397\" src=\"https:\/\/charcoalplant.com\/wp-content\/uploads\/2022\/02\/inlet-of-charcoal-ball-press-machine.jpg\" alt=\"\" class=\"wp-image-2397\"\/><\/figure> <\/figure> <\/div>    <div class=\"wp-block-column is-vertically-aligned-center is-layout-flow wp-block-column-is-layout-flow\" style=\"flex-basis:33.33%\"> <p class=\"translation-block\"><strong>Giri\u015f<\/strong><\/p>    <p>K\u00f6m\u00fcr topu pres makinesinin besleme portunda bir vida besleme cihaz\u0131 bulunur. Bir yandan, karbon tozu veya k\u00f6m\u00fcr tozunun birikmesini \u00f6nlemek i\u00e7in besleme h\u0131z\u0131n\u0131 kontrol edebilir. Di\u011fer yandan \u0131slak malzemelerin \u015fekillendirme makinesinin merdanelerine s\u00fcrekli ve e\u015fit bir \u015fekilde beslenmesi sa\u011flan\u0131r.<\/p> <\/div> <\/div>    <div class=\"wp-block-columns has-background is-layout-flex wp-container-core-columns-is-layout-28f84493 wp-block-columns-is-layout-flex\" style=\"background-color:#f1f1f1\"> <div class=\"wp-block-column is-vertically-aligned-center is-layout-flow wp-block-column-is-layout-flow\" style=\"flex-basis:33.33%\"> <p class=\"translation-block\"><strong>Pressure roller<\/strong><\/p>    <p>Silindir kaplamalar\u0131, \u00e7e\u015fitli \u015fekillerde k\u00f6m\u00fcr briketleri \u00fcretmek i\u00e7in \u00e7e\u015fitli stillerde tasarlanabilir. Malzeme, silindirlerin g\u00fc\u00e7l\u00fc mekanik s\u0131k\u0131lmas\u0131yla h\u0131zl\u0131 bir \u015fekilde k\u00fcresel bir karbon blo\u011funa d\u00f6n\u00fc\u015ft\u00fcr\u00fcl\u00fcr.<\/p> <\/div>    <div class=\"wp-block-column is-layout-flow wp-block-column-is-layout-flow\" style=\"flex-basis:66.66%\"> <figure class=\"wp-block-gallery has-nested-images columns-default is-cropped wp-block-gallery-3 is-layout-flex wp-block-gallery-is-layout-flex\"> <figure class=\"wp-block-image size-large\"><img loading=\"lazy\" decoding=\"async\" width=\"720\" height=\"540\" data-id=\"2398\" src=\"https:\/\/charcoalplant.com\/wp-content\/uploads\/2022\/02\/pressure-roller.jpg\" alt=\"\" class=\"wp-image-2398\"\/><\/figure> <\/figure> <\/div> <\/div>    <div class=\"wp-block-columns has-background is-layout-flex wp-container-core-columns-is-layout-28f84493 wp-block-columns-is-layout-flex\" style=\"background-color:#f1f1f1\"> <div class=\"wp-block-column is-layout-flow wp-block-column-is-layout-flow\" style=\"flex-basis:66.66%\"> <figure class=\"wp-block-gallery has-nested-images columns-default is-cropped wp-block-gallery-4 is-layout-flex wp-block-gallery-is-layout-flex\"> <figure class=\"wp-block-image size-large\"><img loading=\"lazy\" decoding=\"async\" width=\"720\" height=\"540\" data-id=\"2400\" src=\"https:\/\/charcoalplant.com\/wp-content\/uploads\/2022\/02\/outlet.jpg\" alt=\"\" class=\"wp-image-2400\"\/><\/figure> <\/figure> <\/div>    <div class=\"wp-block-column is-vertically-aligned-center is-layout-flow wp-block-column-is-layout-flow\" style=\"flex-basis:33.33%\"> <p class=\"translation-block\"><strong>\u00c7\u0131k\u0131\u015f<\/strong><\/p>    <p>Bitmi\u015f \u00fcr\u00fcn ta\u015f\u0131ma band\u0131na d\u00fc\u015fer ve bo\u015faltma liman\u0131ndan d\u0131\u015far\u0131 g\u00f6nderilir. Pulverize k\u00f6m\u00fcr briket makinas\u0131 \u00e7\u0131k\u0131\u015f\u0131nda ise demir elek bulunmaktad\u0131r. Hurdalar\u0131 ve bitmi\u015f \u00fcr\u00fcnleri ay\u0131rabilir. Elenen art\u0131klar toplan\u0131r ve kullan\u0131l\u0131r.<\/p> <\/div> <\/div>    <figure class=\"wp-block-gallery has-nested-images columns-default is-cropped wp-block-gallery-5 is-layout-flex wp-block-gallery-is-layout-flex\"> <figure class=\"wp-block-image size-large\"><img loading=\"lazy\" decoding=\"async\" width=\"720\" height=\"540\" data-id=\"1936\" src=\"https:\/\/charcoalplant.com\/wp-content\/uploads\/2021\/12\/Customers-production-site-2.jpg\" alt=\"M\u00fc\u015fteriler-\u00fcretim-site\" class=\"wp-image-1936\"\/><figcaption class=\"wp-element-caption\">M\u00fc\u015fteriler-\u00fcretim-site<\/figcaption><\/figure>    <figure class=\"wp-block-image size-large\"><img loading=\"lazy\" decoding=\"async\" width=\"720\" height=\"540\" data-id=\"1944\" src=\"https:\/\/charcoalplant.com\/wp-content\/uploads\/2022\/01\/finished-products-1.jpg\" alt=\"bitmi\u015f \u00fcr\u00fcnler\" class=\"wp-image-1944\"\/><figcaption class=\"wp-element-caption\">bitmi\u015f \u00fcr\u00fcnler<\/figcaption><\/figure> <\/figure>    <h2 class=\"wp-block-heading\" id=\"h-mineral-powder-ball-press-machine\"><strong>K\u00f6m\u00fcr Tozu Topu Pres Makinas\u0131<\/strong><\/h2>    <p>Kuru toz k\u00f6m\u00fcr presi, kuru tozu yap\u0131\u015ft\u0131r\u0131c\u0131 eklemeden do\u011frudan i\u015fleyebilen bir t\u00fcr k\u00f6m\u00fcr pres ekipman\u0131d\u0131r. \u00dcretim hammaddeleri aras\u0131nda k\u00f6m\u00fcr tozu, baca k\u00fcl\u00fc, beyaz k\u00fcl, demir cevheri tozu, kur\u015fun tozu vb. Metal bas\u0131n\u00e7 bilyalar\u0131 \u00e7o\u011funlukla eritme end\u00fcstrisinde kullan\u0131l\u0131r. Kuru toz k\u00f6m\u00fcr presleme ekipman\u0131 3 motora sahiptir. \u00dcstelik s\u0131ras\u0131yla ana motoru, hidrolik sistemi ve ta\u015f\u0131ma band\u0131n\u0131 da kontrol edebiliyorlar. \u00dcretti\u011fi preslenmi\u015f toplar\u0131n renginin g\u00fczel olmas\u0131 nedeniyle pek \u00e7ok \u00e7e\u015fidi bulunmaktad\u0131r. Yani sipari\u015f veren \u00e7ok say\u0131da m\u00fc\u015fteri olacak. \u00c7ok iyi \u015fekillendirme etkisine sahip hidrolik y\u00fcksek bas\u0131n\u00e7l\u0131 bir cihazd\u0131r.<\/p>    <figure class=\"wp-block-image aligncenter size-full\"><img loading=\"lazy\" decoding=\"async\" width=\"720\" height=\"540\" src=\"https:\/\/charcoalplant.com\/wp-content\/uploads\/2021\/12\/New-dry-powder-ball-press-machine-2.jpg\" alt=\"Yeni kuru toz bilyeli pres makinesi\" class=\"wp-image-1940\"\/><figcaption class=\"wp-element-caption\">Yeni kuru toz bilyeli pres makinesi<\/figcaption><\/figure>    <figure class=\"wp-block-gallery has-nested-images columns-default is-cropped wp-block-gallery-6 is-layout-flex wp-block-gallery-is-layout-flex\"> <figure class=\"wp-block-image size-large\"><img loading=\"lazy\" decoding=\"async\" width=\"720\" height=\"540\" data-id=\"1354\" src=\"https:\/\/charcoalplant.com\/wp-content\/uploads\/2021\/12\/dry-powder-briquette-machine-1.jpg\" alt=\"kuru toz briket makinesi\" class=\"wp-image-1354\" srcset=\"https:\/\/charcoalplant.com\/wp-content\/uploads\/2021\/12\/dry-powder-briquette-machine-1.jpg 720w, https:\/\/charcoalplant.com\/wp-content\/uploads\/2021\/12\/dry-powder-briquette-machine-1-300x225.jpg 300w\" sizes=\"auto, (max-width: 720px) 100vw, 720px\" \/><figcaption class=\"wp-element-caption\">kuru toz briket makinesi<\/figcaption><\/figure>    <figure class=\"wp-block-image size-large\"><img loading=\"lazy\" decoding=\"async\" width=\"720\" height=\"540\" data-id=\"1244\" src=\"https:\/\/charcoalplant.com\/wp-content\/uploads\/2021\/12\/Working-principle-of-ball-press-1.jpg\" alt=\"Top presinin \u00e7al\u0131\u015fma prensibi\" class=\"wp-image-1244\" srcset=\"https:\/\/charcoalplant.com\/wp-content\/uploads\/2021\/12\/Working-principle-of-ball-press-1.jpg 720w, https:\/\/charcoalplant.com\/wp-content\/uploads\/2021\/12\/Working-principle-of-ball-press-1-300x225.jpg 300w\" sizes=\"auto, (max-width: 720px) 100vw, 720px\" \/><figcaption class=\"wp-element-caption\">Top presinin \u00e7al\u0131\u015fma prensibi<\/figcaption><\/figure> <\/figure>    <h2 class=\"wp-block-heading\" id=\"h-finished-product-of-charcoal-ball-forming-machine\"><strong>Bitmi\u015f \u00dcr\u00fcn<\/strong> <strong>ile ilgili<\/strong> <strong>K\u00f6m\u00fcr Topu Pres Makinas\u0131<\/strong><\/h2>    <p>Karbon tozu briketleme makinesinin \u015fekli kal\u0131b\u0131na g\u00f6re belirlenir. Fabrikam\u0131z m\u00fc\u015fterilere yast\u0131k, k\u00fcresel, ekmek ve di\u011fer kal\u0131plar\u0131 sa\u011flayabilir. Ayr\u0131ca kal\u0131p kal\u0131plar\u0131n\u0131 ve yaz\u0131lar\u0131n\u0131 da m\u00fc\u015fterilerimize \u00f6zel olarak haz\u0131rl\u0131yoruz. <\/p>    <figure class=\"wp-block-image size-full\"><img loading=\"lazy\" decoding=\"async\" width=\"800\" height=\"503\" src=\"https:\/\/charcoalplant.com\/wp-content\/uploads\/2022\/02\/mould-of-charcoal-powder-and-mineral-powder.jpg\" alt=\"\" class=\"wp-image-2401\"\/><\/figure>    <h2 class=\"wp-block-heading\" id=\"parameters-of-bbq-charcoal-ball-press-machine\"><strong>Parametreler<\/strong> <strong>Barbek\u00fc K\u00f6m\u00fcr Topu Pres Makinas\u0131<\/strong><\/h2>    <p>M\u00fc\u015fteri ihtiya\u00e7lar\u0131n\u0131 kar\u015f\u0131lamak i\u00e7in bask\u0131 silindirlerinin yaln\u0131zca \u00e7ap\u0131 ve geni\u015fli\u011fi \u00f6zelle\u015ftirilebilir. Kal\u0131p deseni ve metni de \u00f6zelle\u015ftirilebilir.<\/p>    <figure class=\"wp-block-table is-style-stripes\"><table><tbody><tr><td>Modeli<\/td><td>Rulo boyutu (mm)<\/td><td>Mil h\u0131z\u0131 (r\/dak)<\/td><td>G\u00fc\u00e7(kw)<\/td><td>Kapasite(ton\/saat)<\/td><td>Boyut(m)<\/td><\/tr><tr><td>SL-BP290<\/td><td>290*200<\/td><td>12-15<\/td><td>5.5-7.5<\/td><td>1-3<\/td><td>1.6*1.2*1.4<\/td><\/tr><tr><td>SL-BP360<\/td><td>360*250<\/td><td>12-15<\/td><td>7.5-11<\/td><td>3-5<\/td><td>2.1*1.3*1.76<\/td><\/tr><tr><td>SL-BP430<\/td><td>430*250<\/td><td>12-15<\/td><td>15-18.5<\/td><td>4-7<\/td><td>2.3*1.53*1.9<\/td><\/tr><tr><td>SL-BP500<\/td><td>500*300<\/td><td>12-15<\/td><td>22-30<\/td><td>5-10<\/td><td>2.6*1.75*2.1<\/td><\/tr><tr><td>SL-BP650<\/td><td>650*350<\/td><td>10-13<\/td><td>37-55<\/td><td>8-13<\/td><td>3.42*2*2.2<\/td><\/tr><tr><td>SL-BP750<\/td><td>750*380<\/td><td>10-13<\/td><td>45-75<\/td><td>12-17<\/td><td>3.7*2.55*2.6<\/td><\/tr><tr><td>SL-BP850<\/td><td>850*460<\/td><td>10-13<\/td><td>75-110<\/td><td>15-20<\/td><td>3.9*2.6*2.7<\/td><\/tr><tr><td>SL-BP1000<\/td><td>1000*530<\/td><td>10-13<\/td><td>110-132<\/td><td>20-30<\/td><td>4*2.8*2.8<\/td><\/tr><\/tbody><\/table><\/figure>    <figure class=\"wp-block-image aligncenter size-full\"><img loading=\"lazy\" decoding=\"async\" width=\"1063\" height=\"803\" src=\"https:\/\/charcoalplant.com\/wp-content\/uploads\/2022\/02\/bbq-charcoal-machine-for-sale.jpg\" alt=\"sat\u0131l\u0131k barbek\u00fc k\u00f6m\u00fcr\u00fc makinesi\" class=\"wp-image-2403\"\/><figcaption class=\"wp-element-caption\">sat\u0131l\u0131k barbek\u00fc k\u00f6m\u00fcr\u00fc makinesi<\/figcaption><\/figure>    <h2 class=\"wp-block-heading\" id=\"h-video-of-barbecue-charcoal-machine\"><strong>K\u00f6m\u00fcr Videosu <strong>Barbek\u00fc<\/strong><\/strong> <strong>Makine<\/strong><\/h2>    <p>A\u015fa\u011f\u0131daki videoda barbek\u00fc k\u00f6m\u00fcr\u00fc fabrikas\u0131n\u0131n \u00fcretim s\u00fcreci g\u00f6sterilmektedir. Ve \u00e7al\u0131\u015fma ad\u0131mlar\u0131 \u00e7ok basittir. Dolay\u0131s\u0131yla k\u00f6m\u00fcr makinas\u0131n\u0131n \u00e7al\u0131\u015fma s\u00fcrecini rahatl\u0131kla anlayabilirsiniz.<\/p>    <figure class=\"wp-block-embed is-type-video is-provider-youtube wp-block-embed-youtube wp-embed-aspect-16-9 wp-has-aspect-ratio\"><div class=\"wp-block-embed__wrapper\"> <iframe loading=\"lazy\" title=\"Barbek\u00fc K\u00f6m\u00fcr\/K\u00f6m\u00fcr Tozu Topu Pres Makinas\u0131 | Eritme Tesisi i\u00e7in Mineral\/Metal Briketleme\" width=\"500\" height=\"281\" src=\"https:\/\/www.youtube.com\/embed\/VIJt2nuZkYE?feature=oembed\" frameborder=\"0\" allow=\"accelerometer; autoplay; clipboard-write; encrypted-media; gyroscope; picture-in-picture; web-share\" referrerpolicy=\"strict-origin-when-cross-origin\" allowfullscreen><\/iframe> <\/div><\/figure>    <h2 class=\"wp-block-heading\" id=\"h-roller-mineral-powder-press-for-sale\"><strong>Sat\u0131l\u0131k Rulo Mineral Tozu Presi<\/strong><\/h2>    <p class=\"translation-block\"><a href=\"https:\/\/charcoalplant.com\/tr\/\"><strong>Shuliy Makine Ekipman Sanayi A.\u015e.<\/strong><\/a>, her t\u00fcrl\u00fc k\u00f6m\u00fcr makinesi \u00fcretim ekipman\u0131 \u00fcretiminde uzmanla\u015fm\u0131\u015ft\u0131r. Fabrikam\u0131z, m\u00fc\u015fterilere \u00e7e\u015fitli k\u00f6m\u00fcr blo\u011fu makinesi kal\u0131plar\u0131 sunmaktad\u0131r. \u00d6rne\u011fin, oval, ekmek, yast\u0131k, s\u00fctun, kare, k\u00fcresel vb. \u015eirketimiz, \u0131slak malzeme top presleri ve kuru malzeme top presleri satmaktad\u0131r. Ayr\u0131ca, <strong><a href=\"https:\/\/charcoalplant.com\/tr\/hammer-mill\/\"> <\/a><a href=\"https:\/\/charcoalplant.com\/tr\/briquettes-packing-machine\/charcoal-briquettes-packing-machine\/\">k\u00f6m\u00fcr paketleme makinesi<\/a><\/strong> gibi kurutucular, mikserler ve daha fazlas\u0131n\u0131 da sat\u0131yoruz. En son k\u00f6m\u00fcr topu pres makinesi listesi i\u00e7in hemen bizimle ileti\u015fime ge\u00e7in.<\/p>    <figure class=\"wp-block-gallery has-nested-images columns-default is-cropped wp-block-gallery-7 is-layout-flex wp-block-gallery-is-layout-flex\"> <figure class=\"wp-block-image size-large\"><img loading=\"lazy\" decoding=\"async\" width=\"720\" height=\"540\" data-id=\"2404\" src=\"https:\/\/charcoalplant.com\/wp-content\/uploads\/2022\/02\/charcoal-ball-press-machine-plant.jpg\" alt=\"k\u00f6m\u00fcr topu pres makinesi tesisi\" class=\"wp-image-2404\"\/><figcaption class=\"wp-element-caption\">k\u00f6m\u00fcr topu pres makinesi tesisi<\/figcaption><\/figure>    <figure class=\"wp-block-image size-large\"><img loading=\"lazy\" decoding=\"async\" width=\"720\" height=\"540\" data-id=\"2405\" src=\"https:\/\/charcoalplant.com\/wp-content\/uploads\/2022\/02\/shippment-2.jpg\" alt=\"sevkiyat\" class=\"wp-image-2405\"\/><figcaption class=\"wp-element-caption\">sevkiyat<\/figcaption><\/figure> <\/figure>    <p><\/p>","protected":false},"excerpt":{"rendered":"<p>K\u00f6m\u00fcr topu pres makinesi, Briket \u00fcretmek i\u00e7in k\u00f6m\u00fcr tozu, karbon tozu, demir tozu, al\u00fcminyum tozu, vb. Kullanan bir ara\u00e7t\u0131r.<\/p>","protected":false},"author":1,"featured_media":1237,"parent":0,"template":"","tags":[59],"product-type":[44],"class_list":["post-1235","product","type-product","status-publish","has-post-thumbnail","hentry","tag-charcoal-briquetting-machine","product-type-charcoal-briquetting-machine"],"_links":{"self":[{"href":"https:\/\/charcoalplant.com\/tr\/wp-json\/wp\/v2\/product\/1235","targetHints":{"allow":["GET"]}}],"collection":[{"href":"https:\/\/charcoalplant.com\/tr\/wp-json\/wp\/v2\/product"}],"about":[{"href":"https:\/\/charcoalplant.com\/tr\/wp-json\/wp\/v2\/types\/product"}],"author":[{"embeddable":true,"href":"https:\/\/charcoalplant.com\/tr\/wp-json\/wp\/v2\/users\/1"}],"wp:featuredmedia":[{"embeddable":true,"href":"https:\/\/charcoalplant.com\/tr\/wp-json\/wp\/v2\/media\/1237"}],"wp:attachment":[{"href":"https:\/\/charcoalplant.com\/tr\/wp-json\/wp\/v2\/media?parent=1235"}],"wp:term":[{"taxonomy":"post_tag","embeddable":true,"href":"https:\/\/charcoalplant.com\/tr\/wp-json\/wp\/v2\/tags?post=1235"},{"taxonomy":"product-type","embeddable":true,"href":"https:\/\/charcoalplant.com\/tr\/wp-json\/wp\/v2\/product-type?post=1235"}],"curies":[{"name":"wp","href":"https:\/\/api.w.org\/{rel}","templated":true}]}}