{"id":1259,"date":"2021-12-13T08:32:22","date_gmt":"2021-12-13T08:32:22","guid":{"rendered":"https:\/\/charcoalplant.com\/?p=1259"},"modified":"2023-01-11T16:09:58","modified_gmt":"2023-01-11T08:09:58","slug":"best-shisha-charcoal-machine","status":"publish","type":"product","link":"https:\/\/charcoalplant.com\/tr\/product\/best-shisha-charcoal-machine\/","title":{"rendered":"Nargile K\u00f6m\u00fcr\u00fc Makinesi | K\u00f6m\u00fcr Briket Makinas\u0131"},"content":{"rendered":"<div class=\"kk-star-ratings kksr-auto kksr-align-left kksr-valign-top\"     data-payload='{&quot;align&quot;:&quot;left&quot;,&quot;id&quot;:&quot;1259&quot;,&quot;slug&quot;:&quot;default&quot;,&quot;valign&quot;:&quot;top&quot;,&quot;ignore&quot;:&quot;&quot;,&quot;reference&quot;:&quot;auto&quot;,&quot;class&quot;:&quot;&quot;,&quot;count&quot;:&quot;21&quot;,&quot;legendonly&quot;:&quot;&quot;,&quot;readonly&quot;:&quot;&quot;,&quot;score&quot;:&quot;4.7&quot;,&quot;starsonly&quot;:&quot;&quot;,&quot;best&quot;:&quot;5&quot;,&quot;gap&quot;:&quot;5&quot;,&quot;greet&quot;:&quot;Rate this product&quot;,&quot;legend&quot;:&quot;4.7\\\/5 - (21 votes)&quot;,&quot;size&quot;:&quot;24&quot;,&quot;title&quot;:&quot;Shisha Charcoal Machine | Charcoal Briquette Machine&quot;,&quot;width&quot;:&quot;133.8&quot;,&quot;_legend&quot;:&quot;{score}\\\/{best} - ({count} {votes})&quot;,&quot;font_factor&quot;:&quot;1.25&quot;}'>              <div class=\"kksr-stars\">      <div class=\"kksr-stars-inactive\">             <div class=\"kksr-star\" data-star=\"1\" style=\"padding-right: 5px\">               <div class=\"kksr-icon\" style=\"width: 24px; height: 24px;\"><\/div>         <\/div>             <div class=\"kksr-star\" data-star=\"2\" style=\"padding-right: 5px\">               <div class=\"kksr-icon\" style=\"width: 24px; height: 24px;\"><\/div>         <\/div>             <div class=\"kksr-star\" data-star=\"3\" style=\"padding-right: 5px\">               <div class=\"kksr-icon\" style=\"width: 24px; height: 24px;\"><\/div>         <\/div>             <div class=\"kksr-star\" data-star=\"4\" style=\"padding-right: 5px\">               <div class=\"kksr-icon\" style=\"width: 24px; height: 24px;\"><\/div>         <\/div>             <div class=\"kksr-star\" data-star=\"5\" style=\"padding-right: 5px\">               <div class=\"kksr-icon\" style=\"width: 24px; height: 24px;\"><\/div>         <\/div>     <\/div>      <div class=\"kksr-stars-active\" style=\"width: 133.8px;\">             <div class=\"kksr-star\" style=\"padding-right: 5px\">               <div class=\"kksr-icon\" style=\"width: 24px; height: 24px;\"><\/div>         <\/div>             <div class=\"kksr-star\" style=\"padding-right: 5px\">               <div class=\"kksr-icon\" style=\"width: 24px; height: 24px;\"><\/div>         <\/div>             <div class=\"kksr-star\" style=\"padding-right: 5px\">               <div class=\"kksr-icon\" style=\"width: 24px; height: 24px;\"><\/div>         <\/div>             <div class=\"kksr-star\" style=\"padding-right: 5px\">               <div class=\"kksr-icon\" style=\"width: 24px; height: 24px;\"><\/div>         <\/div>             <div class=\"kksr-star\" style=\"padding-right: 5px\">               <div class=\"kksr-icon\" style=\"width: 24px; height: 24px;\"><\/div>         <\/div>     <\/div> <\/div>                   <div class=\"kksr-legend\" style=\"font-size: 19.2px;\">             4.7\/5 - (21 oy)    <\/div>     <\/div>  <p class=\"translation-block\"><strong>Shisha k\u00f6m\u00fcr makinesi<\/strong> yuvarlak ve kare nargile k\u00f6m\u00fcr\u00fc i\u00e7in \u00f6zel ekipmand\u0131r. Bu nedenle, di\u011fer k\u00f6m\u00fcr tozu briquetleme makinelerine k\u0131yasla shisha k\u00f6m\u00fcr briquetleme makinesi daha y\u00fcksek bas\u0131nca ve shisha k\u00f6m\u00fcr\u00fc i\u00e7in daha iyi bir \u015fekil verme etkisine sahiptir. Shuliy nargile k\u00f6m\u00fcr\u00fc makinesi taraf\u0131ndan \u00fcretilen nargile k\u00f6m\u00fcr\u00fc sert yap\u0131ya sahiptir, kolay tutu\u015fur ve k\u00fcl\u00fc daha azd\u0131r. Her bir nargile k\u00f6m\u00fcr\u00fcn\u00fcn yanma s\u00fcresi 40-60 dakikad\u0131r. <\/p>    <p class=\"translation-block\">Fabrikam\u0131zda \u015fu anda d\u00f6rt t\u00fcr nargile k\u00f6m\u00fcr\u00fc yap\u0131m makinesi bulunmaktad\u0131r. Bunlar mekanik nargile k\u00f6m\u00fcr\u00fc makinesi, <strong><a href=\"https:\/\/charcoalplant.com\/tr\/info\/british-hookah-briquette-factory-purchased-hydraulic-shisha-coal-machines\/\">hidrolik nargile k\u00f6m\u00fcr\u00fc makinesi<\/a><\/strong>, paslanmaz \u00e7elik nargile k\u00f6m\u00fcr\u00fc makinesi (tam otomatik ve yar\u0131 otomatik) ve <strong><a href=\"https:\/\/charcoalplant.com\/tr\/charcoal-briquetting-machine\/rotary-hookah-tablet-press\/\">d\u00f6ner nargile k\u00f6m\u00fcr\u00fc makinesi<\/a><\/strong>'dir. \u0130lk \u00fc\u00e7\u00fc a\u015fa\u011f\u0131da a\u00e7\u0131klanm\u0131\u015ft\u0131r. \u0130\u015fletmenize ba\u015flamak i\u00e7in hemen bizimle ileti\u015fime ge\u00e7in. Ve size ucuz fiyatlar sunaca\u011f\u0131z.<\/p>    <h2 class=\"wp-block-heading\" id=\"raw-materials-for-making-shisha-charcoal\">Nargile K\u00f6m\u00fcr\u00fc Yap\u0131m\u0131 \u0130\u00e7in Hammaddeler<\/h2>    <p class=\"translation-block\">Nargile k\u00f6m\u00fcr\u00fc de karbon tozundan yap\u0131lm\u0131\u015f olmas\u0131na ra\u011fmen, hammadde gereksinimleri daha y\u00fcksektir. Genellikle bambu k\u00f6m\u00fcr\u00fc, sert odun k\u00f6m\u00fcr\u00fc, hindistancevizi kabu\u011fu k\u00f6m\u00fcr\u00fc, hurma kabu\u011fu k\u00f6m\u00fcr\u00fc, zeytin kabu\u011fu k\u00f6m\u00fcr\u00fc, <strong><a href=\"https:\/\/charcoalplant.com\/tr\/info\/can-these-briquetting-machines-make-alfalfa-molar-sticks\/\">Yonca<\/a><\/strong> vb. kullan\u0131l\u0131r. Bu karbonlar iyi renk ve iyi adsorpsiyon \u00f6zelliklerine sahiptir. Ayr\u0131ca, karbon tozu uygun miktarda ba\u011flay\u0131c\u0131 ile bir <strong><a href=\"https:\/\/charcoalplant.com\/tr\/product\/charcoal-powder-mixer\/\">k\u00f6m\u00fcr tozu kar\u0131\u015ft\u0131r\u0131c\u0131s\u0131<\/a><\/strong> kullan\u0131larak kar\u0131\u015ft\u0131r\u0131lmal\u0131d\u0131r.<\/p>    <figure class=\"wp-block-image aligncenter size-full\"><img loading=\"lazy\" decoding=\"async\" width=\"720\" height=\"540\" src=\"https:\/\/charcoalplant.com\/wp-content\/uploads\/2022\/02\/charcoal-powder-1.jpg\" alt=\"k\u00f6m\u00fcr tozu\" class=\"wp-image-2459\"\/><figcaption class=\"wp-element-caption\">k\u00f6m\u00fcr tozu<\/figcaption><\/figure>    <h2 class=\"wp-block-heading\" id=\"type-1-mechanical-coconut-charcoal-tablet-press\"><strong>Tip 1: <\/strong>Mekanik Nargile K\u00f6m\u00fcr\u00fc Briket Makinesi<\/h2>    <p>Kal\u0131plar\u0131 ve ta\u015f\u0131ma bantlar\u0131 mekanik cihazlarla kontrol edilmektedir. Bu nedenle en basit yap\u0131ya sahip k\u00f6m\u00fcr briket makinas\u0131d\u0131r. Ve t\u00fcm s\u00fcre\u00e7 motor taraf\u0131ndan y\u00fcr\u00fct\u00fcl\u00fcr. Di\u015fli, kal\u0131b\u0131n kald\u0131r\u0131lmas\u0131n\u0131 kontrol etmek i\u00e7in k\u00fclb\u00fct\u00f6r kolunu \u00e7al\u0131\u015ft\u0131r\u0131r. Daha sonra a\u011f\u0131rl\u0131klar dolayl\u0131 olarak ta\u015f\u0131ma band\u0131n\u0131n \u00e7al\u0131\u015fmas\u0131n\u0131 kontrol eder. Mekanik nargile k\u00f6m\u00fcr\u00fc \u015fekillendirme makinesinin bas\u0131nc\u0131 20 tondur. Tek seferde olu\u015fan nargile k\u00f6m\u00fcr\u00fc say\u0131s\u0131 15'tir. (Bu ayn\u0131 zamanda nargile k\u00f6m\u00fcr\u00fc levhas\u0131n\u0131n \u00f6zellikleriyle de ilgilidir)<\/p>    <figure class=\"wp-block-image aligncenter size-full\"><img loading=\"lazy\" decoding=\"async\" width=\"720\" height=\"540\" src=\"https:\/\/charcoalplant.com\/wp-content\/uploads\/2022\/02\/Coconut-Charcoal-Tablet-Press-for-Sale.jpg\" alt=\"\" class=\"wp-image-2463\"\/><figcaption class=\"wp-element-caption\">Sat\u0131l\u0131k Hindistan Cevizi K\u00f6m\u00fcr\u00fc Tablet Presi<\/figcaption><\/figure>    <h3 class=\"wp-block-heading\" id=\"parameters-of-hookah-coal-maker\">Nargile K\u00f6m\u00fcr\u00fc Makinesinin Parametreleri<\/h3>    <figure class=\"wp-block-table is-style-stripes\"><table><tbody><tr><td>Tip<\/td><td>G\u00fc\u00e7<\/td><td>Kapasite<\/td><td>Boyut<\/td><td>Bas\u0131n\u00e7<\/td><td>A\u011f\u0131rl\u0131k<\/td><\/tr><tr><td>Mekanik tip<\/td><td>7,5 kW<\/td><td>300kg\/saat<\/td><td>1.7*1.5*1.2m<\/td><td>25 ton<\/td><td>1500kg<\/td><\/tr><\/tbody><\/table><\/figure>    <h2 class=\"wp-block-heading\" id=\"type-2-hydraulic-shisha-charcoal-machine\"><strong>Tip 2:<\/strong> Hidrolik Nargile K\u00f6m\u00fcr\u00fc Makinesi<\/h2>    <p>Hidrolik nargile k\u00f6m\u00fcr\u00fc yapma makinesi \u00fc\u00e7 par\u00e7adan olu\u015fur: bir kontrol kabini, hidrolik istasyon ve ana g\u00f6vde. Bu nedenle mekanik nargile k\u00f6m\u00fcr\u00fc makinesine g\u00f6re daha geni\u015f yer kaplar. Ancak bas\u0131nc\u0131 100 tona ula\u015fabilir. Ve \u00fcretim h\u0131z\u0131 ayarlanabilir. Dolay\u0131s\u0131yla bir adet hidrolik nargile k\u00f6m\u00fcr\u00fc makinesinin kullan\u0131m\u0131 2-3 adet mekanik nargile k\u00f6m\u00fcr\u00fc makinesine e\u015fde\u011ferdir.<\/p>    <figure class=\"wp-block-image aligncenter size-full\"><img loading=\"lazy\" decoding=\"async\" width=\"720\" height=\"540\" src=\"https:\/\/charcoalplant.com\/wp-content\/uploads\/2022\/01\/hydraulic-shisha-charcoal-press.jpg\" alt=\"hidrolik nargile k\u00f6m\u00fcr\u00fc bas\u0131n\" class=\"wp-image-1950\"\/><figcaption class=\"wp-element-caption\">hidrolik nargile k\u00f6m\u00fcr\u00fc bas\u0131n<\/figcaption><\/figure>    <h2 class=\"wp-block-heading\" id=\"structure-of-hydraulic-shisha-charcoal-making-machine\">Hidrolik Nargile K\u00f6m\u00fcr\u00fc Makinesinin Yap\u0131s\u0131<\/h2>    <div class=\"wp-block-columns has-background is-layout-flex wp-container-core-columns-is-layout-28f84493 wp-block-columns-is-layout-flex\" style=\"background-color:#f1f1f1\"> <div class=\"wp-block-column is-vertically-aligned-center is-layout-flow wp-block-column-is-layout-flow\" style=\"flex-basis:33.33%\"> <p class=\"translation-block\"><strong>\u00c7al\u0131\u015fma masas\u0131<\/strong><\/p>    <p>Ekipman, kontrol kabini arac\u0131l\u0131\u011f\u0131yla tek bir anahtarla \u00e7al\u0131\u015ft\u0131r\u0131labilir. Ayr\u0131ca s\u0131ras\u0131yla hidrolik pompay\u0131, yem kar\u0131\u015ft\u0131rmay\u0131 ve konvey\u00f6r band\u0131n\u0131 kontrol etmek i\u00e7in \u00fc\u00e7 motora sahiptir. <\/p> <\/div>    <div class=\"wp-block-column is-layout-flow wp-block-column-is-layout-flow\" style=\"flex-basis:66.66%\"> <figure class=\"wp-block-gallery has-nested-images columns-default is-cropped wp-block-gallery-2 is-layout-flex wp-block-gallery-is-layout-flex\"> <figure class=\"wp-block-image size-large\"><img loading=\"lazy\" decoding=\"async\" width=\"720\" height=\"540\" data-id=\"2464\" src=\"https:\/\/charcoalplant.com\/wp-content\/uploads\/2022\/02\/Hookah-charcoal-tablet-press-operating-table.jpg\" alt=\"Nargile-k\u00f6m\u00fcr-tablet-presi-ameliyat masas\u0131\" class=\"wp-image-2464\"\/><figcaption class=\"wp-element-caption\">Nargile-k\u00f6m\u00fcr-tablet-presi-ameliyat masas\u0131<\/figcaption><\/figure> <\/figure> <\/div> <\/div>    <div class=\"wp-block-columns has-background is-layout-flex wp-container-core-columns-is-layout-28f84493 wp-block-columns-is-layout-flex\" style=\"background-color:#f1f1f1\"> <div class=\"wp-block-column is-layout-flow wp-block-column-is-layout-flow\" style=\"flex-basis:66.66%\"> <figure class=\"wp-block-gallery has-nested-images columns-default is-cropped wp-block-gallery-3 is-layout-flex wp-block-gallery-is-layout-flex\"> <figure class=\"wp-block-image size-large\"><img loading=\"lazy\" decoding=\"async\" width=\"720\" height=\"540\" data-id=\"1270\" src=\"https:\/\/charcoalplant.com\/wp-content\/uploads\/2021\/12\/IMG_8957_\u526f\u672c-1.jpg\" alt=\"nargile k\u00f6m\u00fcr\u00fc makine kal\u0131plar\u0131\" class=\"wp-image-1270\" srcset=\"https:\/\/charcoalplant.com\/wp-content\/uploads\/2021\/12\/IMG_8957_\u526f\u672c-1.jpg 720w, https:\/\/charcoalplant.com\/wp-content\/uploads\/2021\/12\/IMG_8957_\u526f\u672c-1-300x225.jpg 300w\" sizes=\"auto, (max-width: 720px) 100vw, 720px\" \/><figcaption class=\"wp-element-caption\">nargile k\u00f6m\u00fcr\u00fc makine kal\u0131plar\u0131<\/figcaption><\/figure> <\/figure> <\/div>    <div class=\"wp-block-column is-vertically-aligned-center is-layout-flow wp-block-column-is-layout-flow\" style=\"flex-basis:33.33%\"> <p class=\"translation-block\"><strong>Kal\u0131plar<\/strong><\/p>    <p>Kal\u0131b\u0131n\u0131n \u00fc\u00e7 par\u00e7as\u0131 vard\u0131r: \u00fcst, orta ve alt.\u00a0\u00c7\u00fcnk\u00fc nargile k\u00f6m\u00fcr\u00fcn\u00fcn boyutu \u00e7o\u011funlukla 2-3cm civar\u0131ndad\u0131r. Bu nedenle nargile k\u00f6m\u00fcr\u00fc yap\u0131m makinesinin kal\u0131b\u0131 ayn\u0131 b\u00fcy\u00fckl\u00fcktedir. \u00dcstelik farkl\u0131 tiplerde kal\u0131plar sa\u011fl\u0131yoruz ve kal\u0131p konumu ayarlanabilir.<\/p> <\/div> <\/div>    <h3 class=\"wp-block-heading\">Nargile k\u00f6m\u00fcr\u00fc briket makinesinin videosu<\/h3>    <figure class=\"wp-block-embed is-type-video is-provider-youtube wp-block-embed-youtube wp-embed-aspect-16-9 wp-has-aspect-ratio\"><div class=\"wp-block-embed__wrapper\"> <iframe loading=\"lazy\" title=\"S\u0131cak Sat\u0131\u015f Hidrolik Nargile K\u00f6m\u00fcr\u00fc Makinesi | Yuvarlak &amp; K\u00fcp &amp; Alt\u0131gen K\u00f6m\u00fcr Briket Te\u015fhiri\" width=\"500\" height=\"281\" src=\"https:\/\/www.youtube.com\/embed\/JOsfpi4YzME?feature=oembed\" frameborder=\"0\" allow=\"accelerometer; autoplay; clipboard-write; encrypted-media; gyroscope; picture-in-picture; web-share\" referrerpolicy=\"strict-origin-when-cross-origin\" allowfullscreen><\/iframe> <\/div><\/figure>    <h3 class=\"wp-block-heading\" id=\"parameters-of-shisha-charcoal-machine\">Nargile K\u00f6m\u00fcr\u00fc Makinesi Parametreleri<\/h3>    <figure class=\"wp-block-table is-style-stripes\"><table><tbody><tr><td>Tip<\/td><td>G\u00fc\u00e7<\/td><td>A\u011f\u0131rl\u0131k<\/td><td>Bas\u0131n\u00e7<\/td><td>Kapasite<\/td><td>Boyut<\/td><\/tr><tr><td>Hidrolik tip<\/td><td>15kw<\/td><td>2,8 ton<\/td><td>100 ton<\/td><td>yuvarlak: 42 adet\/zaman ba\u015f\u0131na, 4 kez\/dakika<br>kare: 44 adet\/zaman ba\u015f\u0131na, 4 kez\/dakika<\/td><td>ana bilgisayar: 850**2000*2100mm<\/td><\/tr><\/tbody><\/table><\/figure>    <h2 class=\"wp-block-heading\" id=\"type-3-stainless-steel-shisha-charcoal-machine\"><strong>Tip 3:<\/strong> Paslanmaz \u00c7elik Nargile K\u00f6m\u00fcr\u00fc Makinesi<\/h2>    <p>Nargile k\u00f6m\u00fcr\u00fc yapma makinesinin genel malzemesi paslanmaz \u00e7eliktir. \u00dcstelik hepsi bir arada nargile k\u00f6m\u00fcr\u00fc tablet presidir. Paslanmaz \u00e7elik nargile k\u00f6m\u00fcr\u00fc yapma makinesi bir PLC kontrol panelini benimser. Bu nedenle m\u00fc\u015fteriler bilgisayar \u00fczerinden \u00fcretimi kolayl\u0131kla kontrol edebilirler. H\u0131z, bas\u0131n\u00e7, voltaj vb. Ve bas\u0131nc\u0131 100-200t'ye ula\u015fabilir. Dakikada 20000-30000 adet nargile k\u00f6m\u00fcr\u00fcn\u00fc delebilmektedir.<\/p>    <figure class=\"wp-block-image aligncenter size-full\"><img loading=\"lazy\" decoding=\"async\" width=\"720\" height=\"540\" src=\"https:\/\/charcoalplant.com\/wp-content\/uploads\/2021\/12\/hookah-charcoal-press-machine-1.jpg\" alt=\"nargile k\u00f6m\u00fcr\u00fc pres makinesi\" class=\"wp-image-1367\" srcset=\"https:\/\/charcoalplant.com\/wp-content\/uploads\/2021\/12\/hookah-charcoal-press-machine-1.jpg 720w, https:\/\/charcoalplant.com\/wp-content\/uploads\/2021\/12\/hookah-charcoal-press-machine-1-300x225.jpg 300w\" sizes=\"auto, (max-width: 720px) 100vw, 720px\" \/><figcaption class=\"wp-element-caption\">nargile k\u00f6m\u00fcr\u00fc pres makinesi<\/figcaption><\/figure>    <h2 class=\"wp-block-heading\" id=\"h-structure-of-hookah-charcoal-making-machine\">Nargile K\u00f6m\u00fcr\u00fc Yapma Makinesinin Yap\u0131s\u0131<\/h2>    <div class=\"wp-block-columns has-background is-layout-flex wp-container-core-columns-is-layout-28f84493 wp-block-columns-is-layout-flex\" style=\"background-color:#f1f1f1\"> <div class=\"wp-block-column is-vertically-aligned-center is-layout-flow wp-block-column-is-layout-flow\" style=\"flex-basis:33.33%\"> <p class=\"translation-block\"><strong>Hidrolik silindir <\/strong><\/p>    <p>Bas\u0131n\u00e7 ayarlanabilir. Hidrolik silindir makinenin \u00fcst\u00fcndedir. Hatlar\u0131n geri kalan\u0131 ise makinenin alt k\u0131sm\u0131ndad\u0131r. Bu nedenle makinenin tamam\u0131 yerden \u00e7ok tasarruf sa\u011flar.<\/p> <\/div>    <div class=\"wp-block-column is-layout-flow wp-block-column-is-layout-flow\" style=\"flex-basis:66.66%\"> <figure class=\"wp-block-gallery has-nested-images columns-default is-cropped wp-block-gallery-4 is-layout-flex wp-block-gallery-is-layout-flex\"> <figure class=\"wp-block-image size-large\"><img loading=\"lazy\" decoding=\"async\" width=\"720\" height=\"540\" data-id=\"1369\" src=\"https:\/\/charcoalplant.com\/wp-content\/uploads\/2021\/12\/Hydraulic-cylinder-1.jpg\" alt=\"Hidrolik silindir\" class=\"wp-image-1369\" srcset=\"https:\/\/charcoalplant.com\/wp-content\/uploads\/2021\/12\/Hydraulic-cylinder-1.jpg 720w, https:\/\/charcoalplant.com\/wp-content\/uploads\/2021\/12\/Hydraulic-cylinder-1-300x225.jpg 300w\" sizes=\"auto, (max-width: 720px) 100vw, 720px\" \/><figcaption class=\"wp-element-caption\">Hidrolik silindir<\/figcaption><\/figure> <\/figure> <\/div> <\/div>    <div class=\"wp-block-columns has-background is-layout-flex wp-container-core-columns-is-layout-28f84493 wp-block-columns-is-layout-flex\" style=\"background-color:#f1f1f1\"> <div class=\"wp-block-column is-layout-flow wp-block-column-is-layout-flow\" style=\"flex-basis:66.66%\"> <figure class=\"wp-block-gallery has-nested-images columns-default is-cropped wp-block-gallery-5 is-layout-flex wp-block-gallery-is-layout-flex\"> <figure class=\"wp-block-image size-large\"><img loading=\"lazy\" decoding=\"async\" width=\"720\" height=\"540\" data-id=\"1368\" src=\"https:\/\/charcoalplant.com\/wp-content\/uploads\/2021\/12\/brush-1.jpg\" alt=\"f\u0131r\u00e7alamak\" class=\"wp-image-1368\" srcset=\"https:\/\/charcoalplant.com\/wp-content\/uploads\/2021\/12\/brush-1.jpg 720w, https:\/\/charcoalplant.com\/wp-content\/uploads\/2021\/12\/brush-1-300x225.jpg 300w\" sizes=\"auto, (max-width: 720px) 100vw, 720px\" \/><figcaption class=\"wp-element-caption\">f\u0131r\u00e7alamak<\/figcaption><\/figure> <\/figure> <\/div>    <div class=\"wp-block-column is-vertically-aligned-center is-layout-flow wp-block-column-is-layout-flow\" style=\"flex-basis:33.33%\"> <p class=\"translation-block\"><strong>F\u0131r\u00e7a<\/strong><\/p>    <p>F\u0131r\u00e7alarla tasarlanm\u0131\u015f paslanmaz \u00e7elik otomatik nargile k\u00f6m\u00fcr\u00fc briket makinesi. Bu nedenle ekipman, \u00fcretim kalitesini art\u0131rmak i\u00e7in kal\u0131p \u00fczerinde kalan kal\u0131nt\u0131lar\u0131 otomatik olarak temizleyebilir.<\/p> <\/div> <\/div>    <div class=\"wp-block-columns has-background is-layout-flex wp-container-core-columns-is-layout-28f84493 wp-block-columns-is-layout-flex\" style=\"background-color:#f1f1f1\"> <div class=\"wp-block-column is-vertically-aligned-center is-layout-flow wp-block-column-is-layout-flow\" style=\"flex-basis:33.33%\"> <p class=\"translation-block\"><strong>PLC kontrol paneli<\/strong><\/p>    <p>Cihaz i\u00e7in hepsi bir arada tek tu\u015fla ba\u015flatmad\u0131r. \u00dcstelik \u00fcretim modunu ayarlayabilir.<\/p> <\/div>    <div class=\"wp-block-column is-layout-flow wp-block-column-is-layout-flow\" style=\"flex-basis:66.66%\"> <figure class=\"wp-block-gallery has-nested-images columns-default is-cropped wp-block-gallery-6 is-layout-flex wp-block-gallery-is-layout-flex\"> <figure class=\"wp-block-image size-large\"><img loading=\"lazy\" decoding=\"async\" width=\"720\" height=\"540\" data-id=\"2466\" src=\"https:\/\/charcoalplant.com\/wp-content\/uploads\/2022\/02\/PLC-2.jpg\" alt=\"\" class=\"wp-image-2466\"\/><\/figure> <\/figure> <\/div> <\/div>    <h3 class=\"wp-block-heading\" id=\"h-parameters-of-shisha-charcoal-machine\">Nargile K\u00f6m\u00fcr\u00fc Briket Makinesi Parametreleri<\/h3>    <p>Bas\u0131n\u00e7: 80 ton, 100 ton<\/p>    <p>Gerilim: 380V<\/p>    <p>G\u00fc\u00e7: 13kw<\/p>    <p>A\u011f\u0131rl\u0131k: 1000kg<\/p>    <p class=\"translation-block\">Boyut: 2500mm*750mm*2300mm<\/p>    <p>Kapasite:<\/p>    <figure class=\"wp-block-table is-style-stripes\"><table><tbody><tr><td>Kal\u0131plar\u0131n boyutu<\/td><td>Bir kez delme say\u0131s\u0131<\/td><td>Dakikadaki yumruk say\u0131s\u0131<\/td><\/tr><tr><td>2cm*2cm*2cm k\u00fcp<\/td><td>90<\/td><td>3<\/td><\/tr><tr><td>2,5 cm * 2,5 cm * 2,5 cm k\u00fcp<\/td><td>80<\/td><td>3<\/td><\/tr><tr><td>\u00c7ap\u0131 3 cm olan yuvarlak<\/td><td>72<\/td><td>3<\/td><\/tr><tr><td>\u00c7ap\u0131 3,3 cm olan yuvarlak<\/td><td>56<\/td><td>3<\/td><\/tr><tr><td>\u00c7ap 4cm yuvarlak<\/td><td>42<\/td><td>3<\/td><\/tr><\/tbody><\/table><\/figure>    <h2 class=\"wp-block-heading\" id=\"h-application-of-hubbly-charcoal\">Hubbly K\u00f6m\u00fcr Uygulamas\u0131<strong> <\/strong><\/h2>    <p class=\"translation-block\">Nargile k\u00f6m\u00fcr\u00fc briket makineleri genellikle <strong><a href=\"https:\/\/charcoalplant.com\/tr\/shisha-charcoal-production-line\/\">nargile k\u00f6m\u00fcr\u00fc \u00fcretim hatlar\u0131nda<\/a><\/strong> bulunur. Asl\u0131nda, nargile k\u00f6m\u00fcr\u00fc briket, Arap ve Orta Do\u011fu'da pop\u00fcler bir \u00fcr\u00fcnd\u00fcr. Ancak \u015fimdi bir\u00e7ok gen\u00e7 insan nargile i\u00e7meyi de \u00e7ok seviyor. Bu nedenle, piyasada \u00e7e\u015fitli <strong><a href=\"https:\/\/charcoalplant.com\/tr\/briquettes-packing-machine\/charcoal-briquettes-packing-machine\/\">nargile k\u00f6m\u00fcr\u00fc \u00fcr\u00fcnleri<\/a><\/strong> g\u00f6rebiliriz.<\/p>    <figure class=\"wp-block-gallery has-nested-images columns-default is-cropped wp-block-gallery-7 is-layout-flex wp-block-gallery-is-layout-flex\"> <figure class=\"wp-block-image size-large\"><img loading=\"lazy\" decoding=\"async\" width=\"720\" height=\"540\" data-id=\"2468\" src=\"https:\/\/charcoalplant.com\/wp-content\/uploads\/2022\/02\/hookah-charcoal.jpg\" alt=\"nargile-k\u00f6m\u00fcr\" class=\"wp-image-2468\"\/><figcaption class=\"wp-element-caption\">nargile-k\u00f6m\u00fcr<\/figcaption><\/figure>    <figure class=\"wp-block-image size-large\"><img loading=\"lazy\" decoding=\"async\" width=\"720\" height=\"540\" data-id=\"2469\" src=\"https:\/\/charcoalplant.com\/wp-content\/uploads\/2022\/02\/shisha-charcoal-show.jpg\" alt=\"nargile k\u00f6m\u00fcr\u00fc g\u00f6sterisi\" class=\"wp-image-2469\"\/><figcaption class=\"wp-element-caption\">nargile k\u00f6m\u00fcr\u00fc g\u00f6sterisi<\/figcaption><\/figure> <\/figure>    <figure class=\"wp-block-gallery has-nested-images columns-default is-cropped wp-block-gallery-8 is-layout-flex wp-block-gallery-is-layout-flex\"> <figure class=\"wp-block-image size-large\"><img loading=\"lazy\" decoding=\"async\" width=\"720\" height=\"540\" data-id=\"1361\" src=\"https:\/\/charcoalplant.com\/wp-content\/uploads\/2021\/12\/Ashless-Hookah-Charcoal-1.jpg\" alt=\"K\u00fcls\u00fcz Nargile K\u00f6m\u00fcr\u00fc\" class=\"wp-image-1361\" srcset=\"https:\/\/charcoalplant.com\/wp-content\/uploads\/2021\/12\/Ashless-Hookah-Charcoal-1.jpg 720w, https:\/\/charcoalplant.com\/wp-content\/uploads\/2021\/12\/Ashless-Hookah-Charcoal-1-300x225.jpg 300w\" sizes=\"auto, (max-width: 720px) 100vw, 720px\" \/><figcaption class=\"wp-element-caption\">K\u00fcls\u00fcz Nargile K\u00f6m\u00fcr\u00fc<\/figcaption><\/figure>    <figure class=\"wp-block-image size-large\"><img loading=\"lazy\" decoding=\"async\" width=\"720\" height=\"540\" data-id=\"1362\" src=\"https:\/\/charcoalplant.com\/wp-content\/uploads\/2021\/12\/Burn-fast-1.jpg\" alt=\"H\u0131zl\u0131 yan\" class=\"wp-image-1362\" srcset=\"https:\/\/charcoalplant.com\/wp-content\/uploads\/2021\/12\/Burn-fast-1.jpg 720w, https:\/\/charcoalplant.com\/wp-content\/uploads\/2021\/12\/Burn-fast-1-300x225.jpg 300w\" sizes=\"auto, (max-width: 720px) 100vw, 720px\" \/><figcaption class=\"wp-element-caption\">H\u0131zl\u0131 yan<\/figcaption><\/figure> <\/figure>","protected":false},"excerpt":{"rendered":"<p>En iyi shisha k\u00f6m\u00fcr makinesi, y\u00fcksek bas\u0131n\u00e7, uzun hizmet \u00f6mr\u00fc ve y\u00fcksek uygulama de\u011ferinin \u00f6zelliklerine sahip olmal\u0131d\u0131r.<\/p>","protected":false},"author":1,"featured_media":1356,"parent":0,"template":"","tags":[59],"product-type":[44],"class_list":["post-1259","product","type-product","status-publish","has-post-thumbnail","hentry","tag-charcoal-briquetting-machine","product-type-charcoal-briquetting-machine"],"_links":{"self":[{"href":"https:\/\/charcoalplant.com\/tr\/wp-json\/wp\/v2\/product\/1259","targetHints":{"allow":["GET"]}}],"collection":[{"href":"https:\/\/charcoalplant.com\/tr\/wp-json\/wp\/v2\/product"}],"about":[{"href":"https:\/\/charcoalplant.com\/tr\/wp-json\/wp\/v2\/types\/product"}],"author":[{"embeddable":true,"href":"https:\/\/charcoalplant.com\/tr\/wp-json\/wp\/v2\/users\/1"}],"wp:featuredmedia":[{"embeddable":true,"href":"https:\/\/charcoalplant.com\/tr\/wp-json\/wp\/v2\/media\/1356"}],"wp:attachment":[{"href":"https:\/\/charcoalplant.com\/tr\/wp-json\/wp\/v2\/media?parent=1259"}],"wp:term":[{"taxonomy":"post_tag","embeddable":true,"href":"https:\/\/charcoalplant.com\/tr\/wp-json\/wp\/v2\/tags?post=1259"},{"taxonomy":"product-type","embeddable":true,"href":"https:\/\/charcoalplant.com\/tr\/wp-json\/wp\/v2\/product-type?post=1259"}],"curies":[{"name":"wp","href":"https:\/\/api.w.org\/{rel}","templated":true}]}}