{"id":1372,"date":"2021-12-16T07:13:52","date_gmt":"2021-12-16T07:13:52","guid":{"rendered":"https:\/\/charcoalplant.com\/?p=1372"},"modified":"2023-01-07T15:03:10","modified_gmt":"2023-01-07T07:03:10","slug":"shisha-charcoal-production-line","status":"publish","type":"product","link":"https:\/\/charcoalplant.com\/tr\/shisha-charcoal-production-line\/","title":{"rendered":"Nargile K\u00f6m\u00fcr\u00fc \u00dcretim Hatt\u0131"},"content":{"rendered":"<div class=\"kk-star-ratings kksr-auto kksr-align-left kksr-valign-top\"     data-payload='{&quot;align&quot;:&quot;left&quot;,&quot;id&quot;:&quot;1372&quot;,&quot;slug&quot;:&quot;default&quot;,&quot;valign&quot;:&quot;top&quot;,&quot;ignore&quot;:&quot;&quot;,&quot;reference&quot;:&quot;auto&quot;,&quot;class&quot;:&quot;&quot;,&quot;count&quot;:&quot;28&quot;,&quot;legendonly&quot;:&quot;&quot;,&quot;readonly&quot;:&quot;&quot;,&quot;score&quot;:&quot;4.7&quot;,&quot;starsonly&quot;:&quot;&quot;,&quot;best&quot;:&quot;5&quot;,&quot;gap&quot;:&quot;5&quot;,&quot;greet&quot;:&quot;Rate this product&quot;,&quot;legend&quot;:&quot;4.7\\\/5 - (28 votes)&quot;,&quot;size&quot;:&quot;24&quot;,&quot;title&quot;:&quot;Shisha Charcoal Production Line&quot;,&quot;width&quot;:&quot;133.8&quot;,&quot;_legend&quot;:&quot;{score}\\\/{best} - ({count} {votes})&quot;,&quot;font_factor&quot;:&quot;1.25&quot;}'>              <div class=\"kksr-stars\">      <div class=\"kksr-stars-inactive\">             <div class=\"kksr-star\" data-star=\"1\" style=\"padding-right: 5px\">               <div class=\"kksr-icon\" style=\"width: 24px; height: 24px;\"><\/div>         <\/div>             <div class=\"kksr-star\" data-star=\"2\" style=\"padding-right: 5px\">               <div class=\"kksr-icon\" style=\"width: 24px; height: 24px;\"><\/div>         <\/div>             <div class=\"kksr-star\" data-star=\"3\" style=\"padding-right: 5px\">               <div class=\"kksr-icon\" style=\"width: 24px; height: 24px;\"><\/div>         <\/div>             <div class=\"kksr-star\" data-star=\"4\" style=\"padding-right: 5px\">               <div class=\"kksr-icon\" style=\"width: 24px; height: 24px;\"><\/div>         <\/div>             <div class=\"kksr-star\" data-star=\"5\" style=\"padding-right: 5px\">               <div class=\"kksr-icon\" style=\"width: 24px; height: 24px;\"><\/div>         <\/div>     <\/div>      <div class=\"kksr-stars-active\" style=\"width: 133.8px;\">             <div class=\"kksr-star\" style=\"padding-right: 5px\">               <div class=\"kksr-icon\" style=\"width: 24px; height: 24px;\"><\/div>         <\/div>             <div class=\"kksr-star\" style=\"padding-right: 5px\">               <div class=\"kksr-icon\" style=\"width: 24px; height: 24px;\"><\/div>         <\/div>             <div class=\"kksr-star\" style=\"padding-right: 5px\">               <div class=\"kksr-icon\" style=\"width: 24px; height: 24px;\"><\/div>         <\/div>             <div class=\"kksr-star\" style=\"padding-right: 5px\">               <div class=\"kksr-icon\" style=\"width: 24px; height: 24px;\"><\/div>         <\/div>             <div class=\"kksr-star\" style=\"padding-right: 5px\">               <div class=\"kksr-icon\" style=\"width: 24px; height: 24px;\"><\/div>         <\/div>     <\/div> <\/div>                   <div class=\"kksr-legend\" style=\"font-size: 19.2px;\">             4.7\/5 - (28 oy)    <\/div>     <\/div>  <p class=\"translation-block\"><strong>Nargile k\u00f6m\u00fcr\u00fc \u00fcretim hatt\u0131<\/strong>, \u00e7ok \u00e7e\u015fitli hammaddelere sahip bir k\u00f6m\u00fcr briket \u00fcretim sistemidir. \u00d6rne\u011fin, odun k\u00f6m\u00fcr\u00fc, meyve k\u00f6m\u00fcr\u00fc, pirin\u00e7 kabu\u011fu k\u00f6m\u00fcr\u00fc, hindistan cevizi kabu\u011fu k\u00f6m\u00fcr\u00fc, bambu k\u00f6m\u00fcr\u00fc, k\u00f6m\u00fcr tozu vb. Genel nargile k\u00f6m\u00fcr\u00fc \u00fcretim s\u00fcreci esas olarak karbonizasyon, k\u0131rma, kar\u0131\u015ft\u0131rma, presleme, kurutma ve paketlemeyi i\u00e7erir. Son elde edilen nargile k\u00f6m\u00fcr\u00fc \u00fcr\u00fcn\u00fcn\u00fcn y\u00fcksek sertlik, d\u00fc\u015f\u00fck k\u00fcl i\u00e7eri\u011fi ve uzun yanma s\u00fcresi \u00f6zelliklerine sahip olmas\u0131 gerekir. Nargile k\u00f6m\u00fcr\u00fc briket \u00fcretim hatt\u0131, k\u00f6m\u00fcr \u00fcretimiyle u\u011fra\u015fan bir\u00e7ok m\u00fc\u015fteri i\u00e7in umut verici bir i\u015ftir. Bu nedenle, y\u00fcksek geri d\u00f6n\u00fc\u015f oranl\u0131 bir projedir. Sorgulamaya ho\u015f geldiniz, size indirim yapaca\u011f\u0131z.<\/p>    <figure class=\"wp-block-image aligncenter size-full\"><img loading=\"lazy\" decoding=\"async\" width=\"720\" height=\"540\" src=\"https:\/\/charcoalplant.com\/wp-content\/uploads\/2021\/12\/shisha-charcoal-production-line-for-sale-1.jpg\" alt=\"sat\u0131l\u0131k nargile k\u00f6m\u00fcr\u00fc \u00fcretim hatt\u0131\" class=\"wp-image-1386\" srcset=\"https:\/\/charcoalplant.com\/wp-content\/uploads\/2021\/12\/shisha-charcoal-production-line-for-sale-1.jpg 720w, https:\/\/charcoalplant.com\/wp-content\/uploads\/2021\/12\/shisha-charcoal-production-line-for-sale-1-300x225.jpg 300w\" sizes=\"auto, (max-width: 720px) 100vw, 720px\" \/><figcaption class=\"wp-element-caption\">sat\u0131l\u0131k nargile k\u00f6m\u00fcr\u00fc \u00fcretim hatt\u0131<\/figcaption><\/figure>    <h2 class=\"wp-block-heading\"><strong>Nargile k\u00f6m\u00fcr\u00fc \u00fcretim hatt\u0131 i\u00e7in hammaddeler<\/strong><\/h2>    <p>Nargile k\u00f6m\u00fcr\u00fcn\u00fcn hammaddesi olarak her t\u00fcrl\u00fc k\u00f6m\u00fcr kullan\u0131labilir. Ancak genel m\u00fc\u015fteriler, y\u00fcksek kaliteli nargile k\u00f6m\u00fcr\u00fc yapmak i\u00e7in a\u015fa\u011f\u0131daki hammaddeleri tercih etmektedir. \u00d6rne\u011fin, hindistan cevizi kabu\u011fu k\u00f6m\u00fcr\u00fc, pirin\u00e7 kabu\u011fu k\u00f6m\u00fcr\u00fc, palmiye kabu\u011fu k\u00f6m\u00fcr\u00fc, sert k\u00f6m\u00fcr, meyve k\u00f6m\u00fcr\u00fc, bambu k\u00f6m\u00fcr\u00fc vb. Bu odun k\u00f6m\u00fcr\u00fc, y\u00fcksek karbon i\u00e7eri\u011fi, iyi renk ve az miktarda yabanc\u0131 madde \u00f6zelliklerine sahiptir. Bu nedenle onlardan yap\u0131lan nargile k\u00f6m\u00fcr\u00fc briketi de piyasada olduk\u00e7a pop\u00fclerdir.<\/p>    <figure class=\"wp-block-image aligncenter size-full is-resized\"><img loading=\"lazy\" decoding=\"async\" src=\"https:\/\/charcoalplant.com\/wp-content\/uploads\/2022\/03\/raw-materials-of-shisha-charcoal-production-line-.jpg\" alt=\"nargile k\u00f6m\u00fcr\u00fc \u00fcretim hatt\u0131n\u0131n hammaddeleri\" class=\"wp-image-2737\" width=\"652\" height=\"489\"\/><figcaption class=\"wp-element-caption\">nargile k\u00f6m\u00fcr\u00fc \u00fcretim hatt\u0131n\u0131n hammaddeleri<\/figcaption><\/figure>    <h2 class=\"wp-block-heading\" id=\"h-shisha-charcoal-production-line-process\"><strong>Nargile k\u00f6m\u00fcr\u00fc \u00fcretim hatt\u0131 s\u00fcreci<\/strong><\/h2>    <p class=\"translation-block\">Nargile k\u00f6m\u00fcr\u00fc \u00fcretim hatt\u0131n\u0131n eksiksiz bir \u00fcretim s\u00fcreci a\u015fa\u011f\u0131daki ad\u0131mlar\u0131 i\u00e7erir: <strong>karbonizasyon\u2192k\u0131rma\u2192kar\u0131\u015ft\u0131rma\u2192presleme\u2192kurutma\u2192paketleme<\/strong>. <\/p>    <p class=\"translation-block\">Genellikle, nargile k\u00f6m\u00fcr\u00fc \u00fcretim s\u00fcreci bir <a href=\"https:\/\/charcoalplant.com\/tr\/rotary-carbonization-furnace\/\"><strong>karbonizasyon f\u0131r\u0131n\u0131<\/strong><\/a>, \u00e7eki\u00e7li de\u011firmen, k\u00f6m\u00fcr k\u0131r\u0131c\u0131 kar\u0131\u015ft\u0131r\u0131c\u0131, nargile k\u00f6m\u00fcr\u00fc presleme makinesi, kurutucu, <a href=\"https:\/\/charcoalplant.com\/tr\/product\/briquettes-packing-machine\/\">paketleme makinesi<\/a> ve di\u011fer ekipmanlar\u0131 i\u00e7erir.<\/p>    <h2 class=\"wp-block-heading\" id=\"h-shisha-charcoal-related-equipment\"><strong>Ana k\u0131sm\u0131<\/strong> <strong>nargile k\u00f6m\u00fcr\u00fc \u00fcretim hatt\u0131<\/strong> <\/h2>    <p>Nargile k\u00f6m\u00fcr\u00fc \u00fcretim hatt\u0131, nargile k\u00f6m\u00fcr\u00fc veya nargile k\u00f6m\u00fcr\u00fc olarak da bilinen nargile k\u00f6m\u00fcr\u00fc \u00fcretmek i\u00e7in kullan\u0131lan bir dizi makine ve ekipmand\u0131r. Nargile k\u00f6m\u00fcr\u00fc, aromal\u0131 t\u00fct\u00fcn i\u00e7mek i\u00e7in kullan\u0131lan nargileler olan nargile borular\u0131nda kullan\u0131lmak \u00fczere \u00f6zel olarak tasarlanm\u0131\u015f bir k\u00f6m\u00fcr t\u00fcr\u00fcd\u00fcr. \u0130\u015fte nargile k\u00f6m\u00fcr\u00fc \u00fcretim hatt\u0131n\u0131n ana par\u00e7alar\u0131. <\/p>    <div class=\"wp-block-media-text is-stacked-on-mobile is-vertically-aligned-center has-background\" style=\"background-color:#f1f1f1;grid-template-columns:48% auto\"><figure class=\"wp-block-media-text__media\"><img loading=\"lazy\" decoding=\"async\" width=\"720\" height=\"540\" src=\"https:\/\/charcoalplant.com\/wp-content\/uploads\/2022\/02\/new-charcoal-machine-factory.jpg\" alt=\"yeni k\u00f6m\u00fcr makinesi fabrikas\u0131\" class=\"wp-image-2306 size-full\"\/><\/figure><div class=\"wp-block-media-text__content\"> <h3 class=\"wp-block-heading\" id=\"block-2c7ba278-a6f5-4a83-aca8-8584a0673829\"><strong>S\u00fcrekli karbonizasyon f\u0131r\u0131n\u0131 (karbonizasyon)<\/strong><\/h3>    <p id=\"block-6ef1ff9c-a213-47d7-bdd4-b264e16dcff5\" class=\"translation-block\">Geni\u015f bir hammadde yelpazesine sahiptir. Genellikle k\u00fc\u00e7\u00fck, hafif bir malzemedir. \u00d6rne\u011fin, tala\u015f, pirin\u00e7 kabu\u011fu, odun yongalar\u0131 vb. Bu nedenle, odun peletleri do\u011frudan k\u00f6m\u00fcrle\u015ftirilebilir. Nargile k\u00f6m\u00fcr\u00fcn\u00fcn hammaddelerin inceli\u011fi konusunda y\u00fcksek gereksinimleri vard\u0131r. Bu nedenle, <strong><a href=\"https:\/\/charcoalplant.com\/tr\/product\/charcoal-raymond-mill\/\">Raymond de\u011firmeni<\/a><\/strong> kullanman\u0131z\u0131 \u00f6neririz. K\u00f6m\u00fcr tozunu 80 mesh'e kadar \u00f6\u011f\u00fctebilir.<\/p> <\/div><\/div>    <p><\/p>    <div class=\"wp-block-media-text is-stacked-on-mobile has-background\" style=\"background-color:#f1f1f1;grid-template-columns:48% auto\"><figure class=\"wp-block-media-text__media\"><img loading=\"lazy\" decoding=\"async\" width=\"720\" height=\"540\" src=\"https:\/\/charcoalplant.com\/wp-content\/uploads\/2021\/11\/industrail-hammer-mill-2-1.jpg\" alt=\"\u00c7eki\u00e7li De\u011firmen\" class=\"wp-image-919 size-full\" srcset=\"https:\/\/charcoalplant.com\/wp-content\/uploads\/2021\/11\/industrail-hammer-mill-2-1.jpg 720w, https:\/\/charcoalplant.com\/wp-content\/uploads\/2021\/11\/industrail-hammer-mill-2-1-300x225.jpg 300w\" sizes=\"auto, (max-width: 720px) 100vw, 720px\" \/><\/figure><div class=\"wp-block-media-text__content\"> <h3 class=\"wp-block-heading\" id=\"block-d292d0f5-cd4e-460c-a827-1f42d17438d1\"><strong><a href=\"https:\/\/charcoalplant.com\/tr\/hammer-mill\/\">\u00c7eki\u00e7li de\u011firmen (k\u0131rma)<\/a><\/strong><\/h3>    <p id=\"block-248dfed8-ba5f-451a-aefc-b794e1a41cf5\">Hammaddeniz meyve a\u011fac\u0131, sert a\u011fa\u00e7 vb. ise karbonizasyon i\u00e7in dikey karbonizasyon f\u0131r\u0131n\u0131 kullanman\u0131z gerekir. Daha sonra k\u00f6m\u00fcr\u00fc 1 mm'lik ince k\u00f6m\u00fcr tozu haline getirmek i\u00e7in bir k\u00f6m\u00fcr k\u0131r\u0131c\u0131 kullan\u0131n.<\/p> <\/div><\/div>    <p><\/p>    <div class=\"wp-block-media-text is-stacked-on-mobile has-background\" style=\"background-color:#f1f1f1;grid-template-columns:48% auto\"><figure class=\"wp-block-media-text__media\"><img loading=\"lazy\" decoding=\"async\" width=\"720\" height=\"540\" src=\"https:\/\/charcoalplant.com\/wp-content\/uploads\/2021\/12\/charcoal-powder-mixer-plant-2.jpg\" alt=\"k\u00f6m\u00fcr tozu kar\u0131\u015ft\u0131r\u0131c\u0131 tesisi\" class=\"wp-image-1534 size-full\" srcset=\"https:\/\/charcoalplant.com\/wp-content\/uploads\/2021\/12\/charcoal-powder-mixer-plant-2.jpg 720w, https:\/\/charcoalplant.com\/wp-content\/uploads\/2021\/12\/charcoal-powder-mixer-plant-2-300x225.jpg 300w\" sizes=\"auto, (max-width: 720px) 100vw, 720px\" \/><\/figure><div class=\"wp-block-media-text__content\"> <h3 class=\"wp-block-heading\" id=\"block-c92140a9-62a6-4cf3-8824-1532a0770896\"><strong>K\u00f6m\u00fcr \u00f6\u011f\u00fct\u00fcc\u00fc kar\u0131\u015ft\u0131r\u0131c\u0131 (kar\u0131\u015ft\u0131rma)<\/strong><\/h3>    <p id=\"block-46af9a7d-8508-4f71-b7f5-05e660d85bc9\">\u0130\u015flevi k\u00f6m\u00fcr tozunu ve ba\u011flay\u0131c\u0131y\u0131 tamamen kar\u0131\u015ft\u0131rmakt\u0131r. Malzemenin alttan bo\u015falt\u0131labilmesi \u00e7ok uygundur. Yap\u0131\u015fkan oran\u0131n\u0131 \u00f6nceden haz\u0131rlamak i\u00e7in bunu bir kar\u0131\u015ft\u0131rma tank\u0131yla da kullanabilirsiniz.<\/p> <\/div><\/div>    <p><\/p>    <div class=\"wp-block-media-text is-stacked-on-mobile has-background\" style=\"background-color:#f1f1f1;grid-template-columns:48% auto\"><figure class=\"wp-block-media-text__media\"><img loading=\"lazy\" decoding=\"async\" width=\"720\" height=\"540\" src=\"https:\/\/charcoalplant.com\/wp-content\/uploads\/2021\/12\/best-shisha-charcoal-machine-supplier-1.jpg\" alt=\"en iyi nargile k\u00f6m\u00fcr\u00fc makinesi tedarik\u00e7isi\" class=\"wp-image-1356 size-full\" srcset=\"https:\/\/charcoalplant.com\/wp-content\/uploads\/2021\/12\/best-shisha-charcoal-machine-supplier-1.jpg 720w, https:\/\/charcoalplant.com\/wp-content\/uploads\/2021\/12\/best-shisha-charcoal-machine-supplier-1-300x225.jpg 300w\" sizes=\"auto, (max-width: 720px) 100vw, 720px\" \/><\/figure><div class=\"wp-block-media-text__content\"> <h3 class=\"wp-block-heading\" id=\"block-7ccae6f1-09f7-4c54-9576-31aa2cd1a410\"><strong>Nargile k\u00f6m\u00fcr\u00fc tablet presi (tabletleme)<\/strong><\/h3>    <p id=\"block-8f4b98f8-4c55-42cf-a94c-1811b4f5a15a\">Aralar\u0131ndan se\u00e7im yapabilece\u011finiz \u00fc\u00e7 tip nargile k\u00f6m\u00fcr\u00fc tablet makinemiz var. Bunlar mekanik nargile k\u00f6m\u00fcr\u00fc tablet presi, hidrolik nargile k\u00f6m\u00fcr\u00fc tablet presi ve paslanmaz \u00e7elik nargile k\u00f6m\u00fcr\u00fc tablet presidir. Bunlar\u0131 \u00e7\u0131kt\u0131 boyutunuza g\u00f6re se\u00e7ebilirsiniz.<\/p> <\/div><\/div>    <p><\/p>    <div class=\"wp-block-media-text is-stacked-on-mobile has-background\" style=\"background-color:#f1f1f1\"><figure class=\"wp-block-media-text__media\"><img loading=\"lazy\" decoding=\"async\" width=\"720\" height=\"540\" src=\"https:\/\/charcoalplant.com\/wp-content\/uploads\/2021\/12\/shaisha-charcoal-drying-room-1.jpg\" alt=\"shaisha k\u00f6m\u00fcr kurutma odas\u0131\" class=\"wp-image-1492 size-full\" srcset=\"https:\/\/charcoalplant.com\/wp-content\/uploads\/2021\/12\/shaisha-charcoal-drying-room-1.jpg 720w, https:\/\/charcoalplant.com\/wp-content\/uploads\/2021\/12\/shaisha-charcoal-drying-room-1-300x225.jpg 300w\" sizes=\"auto, (max-width: 720px) 100vw, 720px\" \/><\/figure><div class=\"wp-block-media-text__content\"> <h3 class=\"wp-block-heading\" id=\"block-ddcdd883-b2de-428f-834b-2ecafea7ab3e\"><strong><a href=\"https:\/\/charcoalplant.com\/tr\/drying-machine\/charcoal-briquette-dryer\/\">Kurutma odas\u0131 (kurutma)<\/a><\/strong><\/h3>    <p id=\"block-004ea219-d813-4bb7-98e8-26221c9011cb\" class=\"translation-block\">Yeni yap\u0131lm\u0131\u015f nargile k\u00f6m\u00fcr\u00fcn\u00fcn su i\u00e7eri\u011fi \u00e7ok y\u00fcksektir ve kullan\u0131m standard\u0131n\u0131 kar\u015f\u0131lamaz. Bu nedenle kurutma gereklidir. \u0130\u015fte <strong><a href=\"https:\/\/charcoalplant.com\/tr\/info\/what-dryer-should-i-use-for-hookah-charcoal\/\">kurutma odas\u0131<\/a><\/strong>. Basit ve pratik bir kurutma ekipman\u0131d\u0131r. Se\u00e7enek olarak has\u0131r bantl\u0131 kurutucular\u0131m\u0131z da bulunmaktad\u0131r.<\/p> <\/div><\/div>    <p><\/p>    <h2 class=\"wp-block-heading\"><strong>Nargile briket paketleme makinesi <\/strong><\/h2>    <p class=\"translation-block\">Yuvarlak nargile k\u00f6m\u00fcr\u00fc i\u00e7in <strong><a href=\"https:\/\/charcoalplant.com\/tr\/briquettes-packing-machine\/charcoal-briquettes-packing-machine\/\">yast\u0131k tipi paketleme makinesi<\/a><\/strong> se\u00e7menizi \u00f6neririz. Bir ta\u015f\u0131ma alan\u0131 ve bir malzeme ta\u015f\u0131ma alan\u0131 i\u00e7erir. Yeterli i\u015f g\u00fcc\u00fcn\u00fcz varsa, sadece paketleme makinesini de se\u00e7ebilirsiniz. Paketleme torbalar\u0131 i\u00e7in desen, metin ve di\u011fer bilgileri tasarlamak \u00fczere tasar\u0131m \u00fcreticileri sa\u011flayabiliriz. Kare nargile k\u00f6m\u00fcr\u00fc i\u00e7in kantitatif paketleme makinesi kullanman\u0131z\u0131 \u00f6neririz.<\/p>    <figure class=\"wp-block-gallery has-nested-images columns-default is-cropped wp-block-gallery-2 is-layout-flex wp-block-gallery-is-layout-flex\"> <figure class=\"wp-block-image size-large\"><a href=\"https:\/\/tianhuipackingmachine.com\/shisha-charcoal-packing-machine\/\" target=\"_blank\" rel=\"noopener\"><img loading=\"lazy\" decoding=\"async\" width=\"720\" height=\"540\" data-id=\"1398\" src=\"https:\/\/charcoalplant.com\/wp-content\/uploads\/2021\/12\/shisha-briket-packing-machine-1.jpg\" alt=\"nargile-briket-paketleme-makinesi\" class=\"wp-image-1398\" srcset=\"https:\/\/charcoalplant.com\/wp-content\/uploads\/2021\/12\/shisha-briket-packing-machine-1.jpg 720w, https:\/\/charcoalplant.com\/wp-content\/uploads\/2021\/12\/shisha-briket-packing-machine-1-300x225.jpg 300w\" sizes=\"auto, (max-width: 720px) 100vw, 720px\" \/><\/a><figcaption class=\"wp-element-caption\">nargile-briket-paketleme-makinesi<\/figcaption><\/figure>    <figure class=\"wp-block-image size-large\"><img loading=\"lazy\" decoding=\"async\" width=\"720\" height=\"540\" data-id=\"1431\" src=\"https:\/\/charcoalplant.com\/wp-content\/uploads\/2021\/12\/shisha-charcoal-production-line-1-1.jpg\" alt=\"nargile k\u00f6m\u00fcr\u00fc \u00fcretim hatt\u0131\" class=\"wp-image-1431\" srcset=\"https:\/\/charcoalplant.com\/wp-content\/uploads\/2021\/12\/shisha-charcoal-production-line-1-1.jpg 720w, https:\/\/charcoalplant.com\/wp-content\/uploads\/2021\/12\/shisha-charcoal-production-line-1-1-300x225.jpg 300w\" sizes=\"auto, (max-width: 720px) 100vw, 720px\" \/><figcaption class=\"wp-element-caption\">nargile k\u00f6m\u00fcr\u00fc \u00fcretim hatt\u0131<\/figcaption><\/figure> <\/figure>    <h2 class=\"wp-block-heading\" id=\"h-hookah-charcoal-project-line-hopper\"><strong>Nargile k\u00f6m\u00fcr\u00fc proje hatt\u0131 hunisi<\/strong><\/h2>    <p>Nargile k\u00f6m\u00fcr\u00fc \u00fcretim hatt\u0131 genellikle, esas olarak malzemeleri depolamak i\u00e7in kullan\u0131lan \u00e7e\u015fitli i\u015flevsel haznelerle donat\u0131lm\u0131\u015ft\u0131r.<\/p>    <p class=\"translation-block\"><strong>K\u00f6m\u00fcr tozu depolama silosu<\/strong><\/p>    <p>Haz\u0131rlanan malzemeleri depolamak ve \u00fcretim s\u00fcrecinin tamponlanmas\u0131nda rol oynamak i\u00e7in genellikle k\u00f6m\u00fcr tozu kar\u0131\u015ft\u0131r\u0131c\u0131s\u0131n\u0131n \u00f6n\u00fcne yerle\u015ftirilir.<\/p>    <p class=\"translation-block\"><strong>K\u00f6m\u00fcr tozu da\u011f\u0131t\u0131c\u0131s\u0131<\/strong><\/p>    <p>\u0130\u015flenmi\u015f k\u00f6m\u00fcr tozunu depolamak i\u00e7in genellikle nargile k\u00f6m\u00fcr\u00fc pres makinesinin \u00f6n\u00fcne yerle\u015ftirilir. \u00dcstelik \u00e7ok \u00e7e\u015fitli \u00f6zellikleri var. B\u00f6ylece birden fazla nargile k\u00f6m\u00fcr\u00fc tablet presinin \u00e7al\u0131\u015fma gereksinimlerini kar\u015f\u0131layabilir.<\/p>    <figure class=\"wp-block-gallery has-nested-images columns-default is-cropped wp-block-gallery-3 is-layout-flex wp-block-gallery-is-layout-flex\"> <figure class=\"wp-block-image size-large\"><img loading=\"lazy\" decoding=\"async\" width=\"720\" height=\"540\" data-id=\"1434\" src=\"https:\/\/charcoalplant.com\/wp-content\/uploads\/2021\/12\/storage-bin-1.jpg\" alt=\"depolama kutusu\" class=\"wp-image-1434\" srcset=\"https:\/\/charcoalplant.com\/wp-content\/uploads\/2021\/12\/storage-bin-1.jpg 720w, https:\/\/charcoalplant.com\/wp-content\/uploads\/2021\/12\/storage-bin-1-300x225.jpg 300w\" sizes=\"auto, (max-width: 720px) 100vw, 720px\" \/><figcaption class=\"wp-element-caption\">depolama kutusu<\/figcaption><\/figure>    <figure class=\"wp-block-image size-large\"><img loading=\"lazy\" decoding=\"async\" width=\"720\" height=\"540\" data-id=\"1432\" src=\"https:\/\/charcoalplant.com\/wp-content\/uploads\/2021\/12\/charcoal-dust-distributor-1-1.jpg\" alt=\"k\u00f6m\u00fcr tozu da\u011f\u0131t\u0131c\u0131s\u0131\" class=\"wp-image-1432\" srcset=\"https:\/\/charcoalplant.com\/wp-content\/uploads\/2021\/12\/charcoal-dust-distributor-1-1.jpg 720w, https:\/\/charcoalplant.com\/wp-content\/uploads\/2021\/12\/charcoal-dust-distributor-1-1-300x225.jpg 300w\" sizes=\"auto, (max-width: 720px) 100vw, 720px\" \/><figcaption class=\"wp-element-caption\">k\u00f6m\u00fcr tozu da\u011f\u0131t\u0131c\u0131s\u0131<\/figcaption><\/figure> <\/figure>    <h2 class=\"wp-block-heading\"><strong>Shuliy nargile k\u00f6m\u00fcr\u00fc yapma makinesinin avantajlar\u0131<\/strong><\/h2>    <ul class=\"wp-block-list\"> <li>Biz 10 y\u0131ldan fazla deneyime sahip nargile k\u00f6m\u00fcr\u00fc proje hatlar\u0131 \u00fcreticisiyiz.<\/li>    <li>Her t\u00fcrl\u00fc profesyonel nargile k\u00f6m\u00fcr\u00fc \u00fcretim ekipman\u0131 \u00fcretiyoruz. K\u00f6m\u00fcrle\u015ftirme f\u0131r\u0131n\u0131, k\u00f6m\u00fcr pulverizat\u00f6r\u00fc, Raymond de\u011firmeni, nargile k\u00f6m\u00fcr\u00fc \u015fekillendirme makinesi vb.<\/li>    <li>M\u00fc\u015fterilerimize \u00f6zel hammadde ve \u00e7\u0131kt\u0131 gereksinimlerine g\u00f6re farkl\u0131 \u00fcretim \u00e7\u00f6z\u00fcmleri sunuyoruz.<\/li>    <li>Fabrikam\u0131z m\u00fc\u015fterilerimize her zaman orijinal yedek par\u00e7a sa\u011flayabilir.<\/li>    <li>M\u00fc\u015fterilerimize \u00fccretsiz kurulum ve devreye alma hizmetleri sunuyoruz.<\/li> <\/ul>    <h2 class=\"wp-block-heading\">Endonezya nargile k\u00f6m\u00fcr\u00fc \u00fcretim hatt\u0131 m\u00fc\u015fterimizden geri bildirim videosu<\/h2>    <figure class=\"wp-block-embed is-type-video is-provider-youtube wp-block-embed-youtube wp-embed-aspect-16-9 wp-has-aspect-ratio\"><div class=\"wp-block-embed__wrapper\"> <iframe loading=\"lazy\" title=\"B\u00fcy\u00fck Ba\u015far\u0131! Endonezya Nargile K\u00f6m\u00fcr\u00fc \u00dcretim Hatt\u0131 M\u00fc\u015fterimizden Geribildirim Videosu.\" width=\"500\" height=\"281\" src=\"https:\/\/www.youtube.com\/embed\/y8KqVzqN32A?feature=oembed\" frameborder=\"0\" allow=\"accelerometer; autoplay; clipboard-write; encrypted-media; gyroscope; picture-in-picture; web-share\" referrerpolicy=\"strict-origin-when-cross-origin\" allowfullscreen><\/iframe> <\/div><\/figure>    <h2 class=\"wp-block-heading\" id=\"h-how-to-choose-shisha-charcoal-tablet-equipment\"><strong>Nargile k\u00f6m\u00fcr\u00fc tablet ekipman\u0131 nas\u0131l se\u00e7ilir?<\/strong><\/h2>    <p>Hammaddeniz k\u00f6m\u00fcr tozu ise, nargile k\u00f6m\u00fcr\u00fc \u00fcretimi i\u00e7in k\u00f6m\u00fcr tozunu i\u015flemek \u00fczere do\u011frudan bir k\u00f6m\u00fcr tozu kar\u0131\u015ft\u0131r\u0131c\u0131s\u0131n\u0131 se\u00e7ebilirsiniz.<br>Deneyimli bir nargile k\u00f6m\u00fcr\u00fc \u00fcreticisiyseniz ve y\u00fcksek hacimli, kaliteli \u00fcretime ihtiyac\u0131n\u0131z varsa, paslanmaz \u00e7elik hubbly k\u00f6m\u00fcr makinesi veya d\u00f6ner tablet presi se\u00e7menizi \u00f6neririz. \u00c7\u00fcnk\u00fc iki nargile k\u00f6m\u00fcr\u00fc tablet presi CNC teknolojisini kullan\u0131yor. Bu nedenle y\u00fcksek otomasyonlu \u00fcretim ger\u00e7ekle\u015ftirebilen iki tip ekipmand\u0131r. Ayr\u0131ca hasara daha az e\u011filimlidirler ve ayarlanmas\u0131 kolayd\u0131r.<\/p>    <figure class=\"wp-block-gallery has-nested-images columns-default is-cropped wp-block-gallery-4 is-layout-flex wp-block-gallery-is-layout-flex\"> <figure class=\"wp-block-image size-full\"><img loading=\"lazy\" decoding=\"async\" width=\"720\" height=\"540\" data-id=\"1918\" src=\"https:\/\/charcoalplant.com\/wp-content\/uploads\/2022\/01\/rotary-tablet-press-plant-tuya_\u7ed3\u679c.jpg\" alt=\"d\u00f6ner-nargile-tablet-basma tesisi\" class=\"wp-image-1918\"\/><figcaption class=\"wp-element-caption\">d\u00f6ner-nargile-tablet-basma tesisi<\/figcaption><\/figure>    <figure class=\"wp-block-image size-large\"><img loading=\"lazy\" decoding=\"async\" width=\"720\" height=\"540\" data-id=\"2742\" src=\"https:\/\/charcoalplant.com\/wp-content\/uploads\/2022\/03\/PLC.jpg\" alt=\"PLC&#039;ler\" class=\"wp-image-2742\"\/><figcaption class=\"wp-element-caption\">PLC'ler<\/figcaption><\/figure> <\/figure>    <h2 class=\"wp-block-heading\"><strong>Y\u00fcksek kaliteli nargile k\u00f6m\u00fcr\u00fc nas\u0131l yap\u0131l\u0131r<\/strong><strong>?<\/strong><strong><\/strong><\/h2>    <p>Y\u00fcksek kaliteli nargile k\u00f6m\u00fcr\u00fc yapmak istiyorsan\u0131z \u00f6ncelikle y\u00fcksek kaliteli nargile k\u00f6m\u00fcr\u00fcn\u00fcn \u00f6zelliklerini anlamal\u0131s\u0131n\u0131z. Ara\u015ft\u0131rmaya g\u00f6re Araplar\u0131n g\u00f6z\u00fcnde y\u00fcksek kaliteli k\u00f6m\u00fcr kompaktlar\u0131 \u015fu \u00f6zelliklere sahip: <\/p>    <p>1. Nargile k\u00f6m\u00fcr\u00fc par\u00e7alar\u0131 1 dakika i\u00e7erisinde tutu\u015fturulur. <\/p>    <p>2. Bir par\u00e7a nargile k\u00f6m\u00fcr\u00fc en az 1 saat yak\u0131labilir. <\/p>    <p>3. Yanm\u0131\u015f nargile k\u00f6m\u00fcr\u00fc topakl\u0131.<\/p>    <p>4. Yanma s\u0131ras\u0131nda duman olu\u015fmaz. <\/p>    <p>5. Yanarken tuhaf bir koku yok. <\/p>    <p>Yukar\u0131daki ko\u015fullar\u0131 kar\u015f\u0131lamak i\u00e7in \u00f6ncelikle iyi hammaddeler se\u00e7melisiniz. \u00d6rne\u011fin hindistan cevizi kabu\u011fu k\u00f6m\u00fcr\u00fc. \u0130kinci olarak \u00fcretim s\u00fcrecinde yap\u0131\u015ft\u0131r\u0131c\u0131lar\u0131n se\u00e7imi ve oran\u0131 da olduk\u00e7a \u00f6nemlidir. Son olarak, k\u00f6m\u00fcr briket makinesinin tonaj\u0131 ne kadar y\u00fcksek olursa o kadar iyidir.<\/p>    <figure class=\"wp-block-image aligncenter size-full\"><img loading=\"lazy\" decoding=\"async\" width=\"720\" height=\"540\" src=\"https:\/\/charcoalplant.com\/wp-content\/uploads\/2022\/03\/hookah-briquette-manufacturer.jpg\" alt=\"nargile briket \u00fcreticisi\" class=\"wp-image-2740\"\/><\/figure>","protected":false},"excerpt":{"rendered":"<p>Nargile k\u00f6m\u00fcr\u00fc \u00fcretim hatt\u0131, d\u00fc\u015f\u00fck yat\u0131r\u0131m ve y\u00fcksek getiri ile bir \u00fcretim ekipman\u0131d\u0131r. Nargile k\u00f6m\u00fcr\u00fc g\u00fcn\u00fcm\u00fczde de pop\u00fcler bir yak\u0131t haline gelmi\u015ftir.<\/p>","protected":false},"author":1,"featured_media":1386,"parent":0,"template":"","tags":[59],"product-type":[53],"class_list":["post-1372","product","type-product","status-publish","has-post-thumbnail","hentry","tag-charcoal-briquetting-machine","product-type-product-line"],"_links":{"self":[{"href":"https:\/\/charcoalplant.com\/tr\/wp-json\/wp\/v2\/product\/1372","targetHints":{"allow":["GET"]}}],"collection":[{"href":"https:\/\/charcoalplant.com\/tr\/wp-json\/wp\/v2\/product"}],"about":[{"href":"https:\/\/charcoalplant.com\/tr\/wp-json\/wp\/v2\/types\/product"}],"author":[{"embeddable":true,"href":"https:\/\/charcoalplant.com\/tr\/wp-json\/wp\/v2\/users\/1"}],"wp:featuredmedia":[{"embeddable":true,"href":"https:\/\/charcoalplant.com\/tr\/wp-json\/wp\/v2\/media\/1386"}],"wp:attachment":[{"href":"https:\/\/charcoalplant.com\/tr\/wp-json\/wp\/v2\/media?parent=1372"}],"wp:term":[{"taxonomy":"post_tag","embeddable":true,"href":"https:\/\/charcoalplant.com\/tr\/wp-json\/wp\/v2\/tags?post=1372"},{"taxonomy":"product-type","embeddable":true,"href":"https:\/\/charcoalplant.com\/tr\/wp-json\/wp\/v2\/product-type?post=1372"}],"curies":[{"name":"wp","href":"https:\/\/api.w.org\/{rel}","templated":true}]}}