{"id":1439,"date":"2021-12-20T07:47:23","date_gmt":"2021-12-20T07:47:23","guid":{"rendered":"https:\/\/charcoalplant.com\/?p=1439"},"modified":"2023-01-10T09:51:39","modified_gmt":"2023-01-10T01:51:39","slug":"coal-briquettes-production-line","status":"publish","type":"product","link":"https:\/\/charcoalplant.com\/tr\/coal-briquettes-production-line\/","title":{"rendered":"K\u00f6m\u00fcr Briket \u00dcretim Hatt\u0131"},"content":{"rendered":"<div class=\"kk-star-ratings kksr-auto kksr-align-left kksr-valign-top\"     data-payload='{&quot;align&quot;:&quot;left&quot;,&quot;id&quot;:&quot;1439&quot;,&quot;slug&quot;:&quot;default&quot;,&quot;valign&quot;:&quot;top&quot;,&quot;ignore&quot;:&quot;&quot;,&quot;reference&quot;:&quot;auto&quot;,&quot;class&quot;:&quot;&quot;,&quot;count&quot;:&quot;20&quot;,&quot;legendonly&quot;:&quot;&quot;,&quot;readonly&quot;:&quot;&quot;,&quot;score&quot;:&quot;4.6&quot;,&quot;starsonly&quot;:&quot;&quot;,&quot;best&quot;:&quot;5&quot;,&quot;gap&quot;:&quot;5&quot;,&quot;greet&quot;:&quot;Rate this product&quot;,&quot;legend&quot;:&quot;4.6\\\/5 - (20 votes)&quot;,&quot;size&quot;:&quot;24&quot;,&quot;title&quot;:&quot;Coal Briquettes Production Line&quot;,&quot;width&quot;:&quot;130.9&quot;,&quot;_legend&quot;:&quot;{score}\\\/{best} - ({count} {votes})&quot;,&quot;font_factor&quot;:&quot;1.25&quot;}'>              <div class=\"kksr-stars\">      <div class=\"kksr-stars-inactive\">             <div class=\"kksr-star\" data-star=\"1\" style=\"padding-right: 5px\">               <div class=\"kksr-icon\" style=\"width: 24px; height: 24px;\"><\/div>         <\/div>             <div class=\"kksr-star\" data-star=\"2\" style=\"padding-right: 5px\">               <div class=\"kksr-icon\" style=\"width: 24px; height: 24px;\"><\/div>         <\/div>             <div class=\"kksr-star\" data-star=\"3\" style=\"padding-right: 5px\">               <div class=\"kksr-icon\" style=\"width: 24px; height: 24px;\"><\/div>         <\/div>             <div class=\"kksr-star\" data-star=\"4\" style=\"padding-right: 5px\">               <div class=\"kksr-icon\" style=\"width: 24px; height: 24px;\"><\/div>         <\/div>             <div class=\"kksr-star\" data-star=\"5\" style=\"padding-right: 5px\">               <div class=\"kksr-icon\" style=\"width: 24px; height: 24px;\"><\/div>         <\/div>     <\/div>      <div class=\"kksr-stars-active\" style=\"width: 130.9px;\">             <div class=\"kksr-star\" style=\"padding-right: 5px\">               <div class=\"kksr-icon\" style=\"width: 24px; height: 24px;\"><\/div>         <\/div>             <div class=\"kksr-star\" style=\"padding-right: 5px\">               <div class=\"kksr-icon\" style=\"width: 24px; height: 24px;\"><\/div>         <\/div>             <div class=\"kksr-star\" style=\"padding-right: 5px\">               <div class=\"kksr-icon\" style=\"width: 24px; height: 24px;\"><\/div>         <\/div>             <div class=\"kksr-star\" style=\"padding-right: 5px\">               <div class=\"kksr-icon\" style=\"width: 24px; height: 24px;\"><\/div>         <\/div>             <div class=\"kksr-star\" style=\"padding-right: 5px\">               <div class=\"kksr-icon\" style=\"width: 24px; height: 24px;\"><\/div>         <\/div>     <\/div> <\/div>                   <div class=\"kksr-legend\" style=\"font-size: 19.2px;\">             4.6\/5 - (20 oy)    <\/div>     <\/div>  <p class=\"translation-block\"><strong>K\u00f6m\u00fcr briquet \u00fcretim hatt\u0131<\/strong> k\u00f6m\u00fcr\u00fc hammadde olarak kullan\u0131r ve briquetler, k\u00f6m\u00fcr \u00e7ubuklar\u0131 ve di\u011fer bitmi\u015f \u00fcr\u00fcnler \u00fcretir. K\u00f6m\u00fcr tozu briqueti, kirlilik yok, uzun yanma s\u00fcresi ve b\u00fcy\u00fck piyasa talebi \u00f6zelliklerine sahiptir. Ve k\u00f6m\u00fcr briquete makineleri <strong><a href=\"https:\/\/charcoalplant.com\/tr\/bbq-coal-production-line\/\">bbq k\u00f6m\u00fcr briquet \u00fcretim hatt\u0131<\/a><\/strong> i\u00e7in ana ekipmand\u0131r. Fabrikam\u0131z \u00f6zel kal\u0131p ve makine yedek par\u00e7a hizmeti sunmaktad\u0131r. L\u00fctfen sat\u0131n alma niyetinizi bize bildirin. Ayr\u0131ca, Shuliy size y\u00fcksek kaliteli i\u015f hizmetleri sunacakt\u0131r.<\/p>    <figure class=\"wp-block-image aligncenter size-full\"><img loading=\"lazy\" decoding=\"async\" width=\"720\" height=\"540\" src=\"https:\/\/charcoalplant.com\/wp-content\/uploads\/2021\/12\/coal-briquettes-production-line-for-sale-1-1.jpg\" alt=\"sat\u0131l\u0131k k\u00f6m\u00fcr briket \u00fcretim hatt\u0131\" class=\"wp-image-1440\" srcset=\"https:\/\/charcoalplant.com\/wp-content\/uploads\/2021\/12\/coal-briquettes-production-line-for-sale-1-1.jpg 720w, https:\/\/charcoalplant.com\/wp-content\/uploads\/2021\/12\/coal-briquettes-production-line-for-sale-1-1-300x225.jpg 300w\" sizes=\"auto, (max-width: 720px) 100vw, 720px\" \/><figcaption class=\"wp-element-caption\">sat\u0131l\u0131k k\u00f6m\u00fcr briket \u00fcretim hatt\u0131<\/figcaption><\/figure>    <h2 class=\"wp-block-heading\"><strong>K\u00f6m\u00fcr briket \u00fcretim hatt\u0131n\u0131n i\u015f ak\u0131\u015f\u0131<\/strong><\/h2>    <p>K\u00f6m\u00fcr briket projesinin i\u015fleyi\u015findeki ilk ad\u0131m, par\u00e7a k\u00f6m\u00fcr\u00fc toz haline getirmek i\u00e7in bir k\u00f6m\u00fcr kompozit k\u0131r\u0131c\u0131 kullanmakt\u0131r. \u0130kinci olarak, k\u00f6m\u00fcr tozunu ve ba\u011flay\u0131c\u0131y\u0131 e\u015fit \u015fekilde kar\u0131\u015ft\u0131rmak i\u00e7in \u00e7ift \u015faftl\u0131 bir kar\u0131\u015ft\u0131r\u0131c\u0131 kullan\u0131n. \u00dc\u00e7\u00fcnc\u00fc ad\u0131m, kar\u0131\u015ft\u0131r\u0131lm\u0131\u015f toz haline getirilmi\u015f k\u00f6m\u00fcr\u00fcn depolama i\u00e7in siloya ta\u015f\u0131nmas\u0131d\u0131r. D\u00f6rd\u00fcnc\u00fc ad\u0131m, silodaki toz haline getirilmi\u015f k\u00f6m\u00fcr\u00fc briket yapmak i\u00e7in k\u00f6m\u00fcr briketleme makinesine ta\u015f\u0131makt\u0131r. Be\u015finci ad\u0131m, k\u00f6m\u00fcr tu\u011flas\u0131n\u0131 kurutmak i\u00e7in kurutma ekipman\u0131 kullanmakt\u0131r. Son olarak kurutulmu\u015f briketleri plastik ambalajlara koyun.<\/p>    <div class=\"wp-block-columns is-layout-flex wp-container-core-columns-is-layout-28f84493 wp-block-columns-is-layout-flex\"> <div class=\"wp-block-column is-layout-flow wp-block-column-is-layout-flow\"> <figure class=\"wp-block-image size-full\"><img loading=\"lazy\" decoding=\"async\" width=\"720\" height=\"540\" src=\"https:\/\/charcoalplant.com\/wp-content\/uploads\/2022\/01\/coal.jpg\" alt=\"k\u00f6m\u00fcr\" class=\"wp-image-1980\"\/><figcaption class=\"wp-element-caption\">k\u00f6m\u00fcr<\/figcaption><\/figure> <\/div>    <div class=\"wp-block-column is-layout-flow wp-block-column-is-layout-flow\"> <figure class=\"wp-block-image size-full\"><img loading=\"lazy\" decoding=\"async\" width=\"720\" height=\"540\" src=\"https:\/\/charcoalplant.com\/wp-content\/uploads\/2021\/12\/coal-briquette-plant.jpg\" alt=\"k\u00f6m\u00fcr briket \" class=\"wp-image-2908\"\/><figcaption class=\"wp-element-caption\">k\u00f6m\u00fcr briket <\/figcaption><\/figure> <\/div> <\/div>    <h2 class=\"wp-block-heading\"><strong>K\u00f6m\u00fcr briket yap\u0131m\u0131n\u0131n yap\u0131s\u0131 <\/strong>bitki<\/h2>    <p class=\"translation-block\">K\u00f6m\u00fcr briketleri \u00fcretim hatt\u0131 yap\u0131s\u0131 a\u00e7\u0131s\u0131ndan olduk\u00e7a basittir. Bu nedenle daha az ekipman gerektirir. Briket \u00fcretim hatt\u0131 i\u00e7in gerekli ham madde esasen k\u00f6m\u00fcrd\u00fcr. Ham maddesi ayr\u0131ca odun k\u00f6m\u00fcr\u00fc de olabilir. K\u00f6m\u00fcr\u00fcn ham madde olarak kullan\u0131larak briket \u00fcretim s\u00fcreci <strong>k\u00f6m\u00fcr<\/strong> <strong>k\u0131rma \u2192 kar\u0131\u015ft\u0131rma \u2192 besleme \u2192 briketleme \u2192 kurutma \u2192 ambalajlama<\/strong> \u015feklindedir.<\/p>    <h3 class=\"wp-block-heading\" id=\"h-related-equipment-for-coal-powder-briquettes-production-line\"><strong>K\u00f6m\u00fcr tozu briket \u00fcretim hatt\u0131 i\u00e7in ilgili ekipmanlar<\/strong><\/h3>    <p>A\u015fa\u011f\u0131da k\u00f6m\u00fcr briket \u00fcretim hatt\u0131n\u0131n kullanmas\u0131 gereken ekipman ve ekipman fonksiyonlar\u0131 tan\u0131t\u0131lmaktad\u0131r.<\/p>    <div class=\"wp-block-media-text is-stacked-on-mobile has-background\" style=\"background-color:#f1f1f1;grid-template-columns:52% auto\"><figure class=\"wp-block-media-text__media\"><img loading=\"lazy\" decoding=\"async\" width=\"1024\" height=\"768\" src=\"https:\/\/charcoalplant.com\/wp-content\/uploads\/2021\/12\/coal-grinder.png\" alt=\"k\u00f6m\u00fcr de\u011firmeni\" class=\"wp-image-2901 size-full\"\/><\/figure><div class=\"wp-block-media-text__content\"> <p id=\"block-9cb7707d-629b-4599-bfda-644ae315d61c\" class=\"translation-block\"><strong>K\u00f6m\u00fcr kompozit k\u0131r\u0131c\u0131 (k\u0131rma)<\/strong><\/p>    <p id=\"block-b9946928-7b14-4a14-adbe-efd91c263fde\" class=\"translation-block\">Bu bir <strong><a href=\"https:\/\/charcoalplant.com\/tr\/product\/charcoal-shredder\/\">\u00e7ok fonksiyonlu k\u0131r\u0131c\u0131d\u0131r<\/a><\/strong>. Bu nedenle ham maddeleri k\u00f6m\u00fcr, \u00e7ak\u0131l, kire\u00e7ta\u015f\u0131, c\u00fcruf vb. dir. K\u00f6m\u00fcr\u00fc yakla\u015f\u0131k 2 mm boyutunda k\u00f6m\u00fcr tozuna h\u0131zla \u00f6\u011f\u00fctebilir.<\/p> <\/div><\/div>    <p><\/p>    <div class=\"wp-block-media-text is-stacked-on-mobile has-background\" style=\"background-color:#f1f1f1;grid-template-columns:52% auto\"><figure class=\"wp-block-media-text__media\"><img loading=\"lazy\" decoding=\"async\" width=\"720\" height=\"540\" src=\"https:\/\/charcoalplant.com\/wp-content\/uploads\/2022\/03\/coal-mixer.jpg\" alt=\"k\u00f6m\u00fcr kar\u0131\u015ft\u0131r\u0131c\u0131\" class=\"wp-image-2844 size-full\"\/><\/figure><div class=\"wp-block-media-text__content\"> <p id=\"block-ae61028d-3563-45c6-ac38-e224c61fbf30\" class=\"translation-block\"><strong>\u00c7ift \u015faftl\u0131 mikser (kar\u0131\u015ft\u0131rma)<\/strong><\/p>    <p id=\"block-fbfd63ff-3664-4565-a9a4-49234d284162\">\u00c7ift sarmal b\u0131\u00e7ak yap\u0131s\u0131 kullan\u0131r. Toz haline getirilmi\u015f k\u00f6m\u00fcr, ba\u011flay\u0131c\u0131 madde ve su, kar\u0131\u015ft\u0131rma tank\u0131nda tamamen kar\u0131\u015ft\u0131r\u0131l\u0131r ve ard\u0131ndan bo\u015faltma a\u011fz\u0131ndan ta\u015f\u0131ma band\u0131na d\u00fc\u015fer.<\/p> <\/div><\/div>    <p><\/p>    <div class=\"wp-block-media-text is-stacked-on-mobile has-background\" style=\"background-color:#f1f1f1;grid-template-columns:52% auto\"><figure class=\"wp-block-media-text__media\"><img loading=\"lazy\" decoding=\"async\" width=\"720\" height=\"540\" src=\"https:\/\/charcoalplant.com\/wp-content\/uploads\/2022\/03\/coal-powder-storage-bin.jpg\" alt=\"\" class=\"wp-image-2899 size-full\"\/><\/figure><div class=\"wp-block-media-text__content\"> <p id=\"block-31390d6d-acb7-414c-affa-62b20e5bf594\" class=\"translation-block\"><strong>Odun k\u00f6m\u00fcr\u00fc tozu silosu (besleme)<\/strong><\/p>    <p id=\"block-786c5bb7-8e08-442f-a140-529c5d58310e\">Kar\u0131\u015f\u0131k toz haline getirilmi\u015f k\u00f6m\u00fcr bir siloda depolan\u0131r. Silonun alt\u0131nda bo\u015faltma portlar\u0131 ve vanalar bulunmaktad\u0131r. Bu nedenle m\u00fc\u015fteri, briket \u00fcretim hatt\u0131 i\u00e7in hammaddeyi manuel olarak serbest b\u0131rakabilir. K\u0131sacas\u0131 silo s\u00fcrekli \u00fcretimin garantisidir.<\/p> <\/div><\/div>    <p><\/p>    <div class=\"wp-block-media-text is-stacked-on-mobile has-background\" style=\"background-color:#f1f1f1;grid-template-columns:51% auto\"><figure class=\"wp-block-media-text__media\"><img loading=\"lazy\" decoding=\"async\" width=\"720\" height=\"540\" src=\"https:\/\/charcoalplant.com\/wp-content\/uploads\/2021\/12\/Honeycomb-Coal-Press-Machine-1.jpg\" alt=\"Petek-K\u00f6m\u00fcr-Pres-Makinesi\" class=\"wp-image-1351 size-full\" srcset=\"https:\/\/charcoalplant.com\/wp-content\/uploads\/2021\/12\/Honeycomb-Coal-Press-Machine-1.jpg 720w, https:\/\/charcoalplant.com\/wp-content\/uploads\/2021\/12\/Honeycomb-Coal-Press-Machine-1-300x225.jpg 300w\" sizes=\"auto, (max-width: 720px) 100vw, 720px\" \/><\/figure><div class=\"wp-block-media-text__content\"> <p class=\"translation-block\"><strong>K\u00f6m\u00fcr yapma makinesi (briket)<\/strong> <\/p>    <p id=\"block-e38ef78e-6d23-4e42-85dc-3581070cb507\" class=\"translation-block\">Bu <strong><a href=\"https:\/\/charcoalplant.com\/tr\/product\/honeycomb-coal-press-machine\/\">k\u00f6m\u00fcr tozunu \u00f6n presler<\/a><\/strong> ve ard\u0131ndan i\u011fne ile delme i\u015flemiyle ve presleme blo\u011funu yeniden presleyerek tamamlan\u0131r.<\/p> <\/div><\/div>    <p><\/p>    <div class=\"wp-block-media-text is-stacked-on-mobile has-background\" style=\"background-color:#f1f1f1;grid-template-columns:51% auto\"><figure class=\"wp-block-media-text__media\"><img loading=\"lazy\" decoding=\"async\" width=\"720\" height=\"540\" src=\"https:\/\/charcoalplant.com\/wp-content\/uploads\/2021\/12\/shaisha-charcoal-drying-room-1.jpg\" alt=\"shaisha k\u00f6m\u00fcr kurutma odas\u0131\" class=\"wp-image-1492 size-full\" srcset=\"https:\/\/charcoalplant.com\/wp-content\/uploads\/2021\/12\/shaisha-charcoal-drying-room-1.jpg 720w, https:\/\/charcoalplant.com\/wp-content\/uploads\/2021\/12\/shaisha-charcoal-drying-room-1-300x225.jpg 300w\" sizes=\"auto, (max-width: 720px) 100vw, 720px\" \/><\/figure><div class=\"wp-block-media-text__content\"> <p id=\"block-3b089dae-3fae-4629-ab2a-7ab592eb2f81\" class=\"translation-block\"><strong>Kurutucu (kurutma)<\/strong><\/p>    <p id=\"block-5504db69-dff5-4573-a649-4f1f156bd0c9\" class=\"translation-block\">Bu, odun k\u00f6m\u00fcr\u00fc briketlerini h\u0131zl\u0131 bir \u015fekilde kurutmak i\u00e7in kullan\u0131l\u0131r. Ayr\u0131ca, <strong><a href=\"https:\/\/charcoalplant.com\/tr\/product\/charcoal-briquette-dryer\/\">kurutma odas\u0131 ve bir a\u011f bantl\u0131 kurutucu<\/a><\/strong> da mevcuttur. Bu iki kurutma ekipman\u0131 genellikle briket \u00fcretim hatt\u0131nda kullan\u0131l\u0131r.<\/p> <\/div><\/div>    <p><\/p>    <div class=\"wp-block-media-text is-stacked-on-mobile has-background\" style=\"background-color:#f1f1f1;grid-template-columns:51% auto\"><figure class=\"wp-block-media-text__media\"><img loading=\"lazy\" decoding=\"async\" width=\"720\" height=\"540\" src=\"https:\/\/charcoalplant.com\/wp-content\/uploads\/2022\/03\/charcoal-briket-bagging-machine.jpg\" alt=\"k\u00f6m\u00fcr-briket-torbalama-makinesi\" class=\"wp-image-2874 size-full\"\/><\/figure><div class=\"wp-block-media-text__content\"> <p id=\"block-ca300dad-e0f1-4b37-8e7d-20574f80d910\" class=\"translation-block\"><strong>Ambalaj makinesi (ambalajlama)<\/strong><\/p>    <p id=\"block-ab346373-2956-4e43-bfb3-05b19cf5762c\" class=\"translation-block\">Briketler ve k\u00f6m\u00fcr \u00e7ubuklar\u0131, s\u0131zd\u0131rmazl\u0131k ve kesme makineleri ile paketlenebilir. Is\u0131 b\u00fcz\u00fclme s\u00fcrecini benimser, bu da pratik ve h\u0131zl\u0131d\u0131r. Ayr\u0131ca, se\u00e7im yapabilece\u011finiz bir <strong><a href=\"https:\/\/charcoalplant.com\/tr\/product\/charcoal-briquettes-packing-machine\/\">\u00f6l\u00e7\u00fcl\u00fc ambalaj makinesi<\/a><\/strong> de vard\u0131r.<\/p> <\/div><\/div>    <p><\/p>    <h2 class=\"wp-block-heading\"><strong>K\u00f6m\u00fcr briket \u00fcretim hatt\u0131n\u0131n fiyat\u0131<\/strong><\/h2>    <p>M\u00fc\u015fterilerin farkl\u0131 ihtiya\u00e7lar\u0131 nedeniyle \u00fcretim hatlar\u0131 farkl\u0131d\u0131r. Bu nedenle farkl\u0131 presleme k\u00f6m\u00fcr makinelerinin fiyat aral\u0131\u011f\u0131 farkl\u0131d\u0131r. Sat\u0131n almak istedi\u011finiz spesifik ekipman\u0131 bilmek istiyoruz. Veya size uygun bir \u00fcretim hatt\u0131 program\u0131 sa\u011flayabiliriz. K\u0131sacas\u0131 sorunlar\u0131 m\u00fc\u015fterilerimizin fiili durumuna g\u00f6re \u00e7\u00f6zmeliyiz. Hemen harekete ge\u00e7in i\u015f yapmak i\u00e7in bizimle ileti\u015fime ge\u00e7in.<\/p>    <h2 class=\"wp-block-heading\" id=\"h-coal-making-machine-for-sale\"><strong>Sat\u0131l\u0131k k\u00f6m\u00fcr yapma makinesi<\/strong><\/h2>    <p>Petek k\u00f6m\u00fcr pres makineleri, barbek\u00fc k\u00f6m\u00fcr makineleri ve k\u00f6m\u00fcr briketleme kal\u0131plama makinesi \u00fcretiyoruz. Bu nedenle, farkl\u0131 m\u00fc\u015fterilerin \u00fcretim ihtiya\u00e7lar\u0131n\u0131 kar\u015f\u0131layabildikleri gibi, farkl\u0131 t\u00fcketicilerin sat\u0131n alma ihtiya\u00e7lar\u0131n\u0131 da kar\u015f\u0131layabilirler. Shuliy Machinery K\u00f6m\u00fcr Yapma Makinesi \u00dcretim Hatt\u0131n\u0131n \u00e7e\u015fitli modelleri vard\u0131r. Ayr\u0131ca fabrikam\u0131z m\u00fc\u015fterilere \u00fcr\u00fcn \u00f6zelle\u015ftirme hizmetleri sunmaktad\u0131r. Herhangi bir sorunuz varsa, l\u00fctfen mesaj b\u0131rak\u0131n; size en k\u0131sa s\u00fcrede yard\u0131mc\u0131 olaca\u011f\u0131z.<\/p>    <figure class=\"wp-block-gallery has-nested-images columns-2 is-cropped wp-block-gallery-2 is-layout-flex wp-block-gallery-is-layout-flex\"> <figure class=\"wp-block-image size-full\"><img loading=\"lazy\" decoding=\"async\" width=\"720\" height=\"540\" data-id=\"2925\" src=\"https:\/\/charcoalplant.com\/wp-content\/uploads\/2022\/03\/coal-briquettes-production-line-plant.jpg\" alt=\"k\u00f6m\u00fcr briket \u00fcretim hatt\u0131 tesisi\" class=\"wp-image-2925\"\/><figcaption class=\"wp-element-caption\">k\u00f6m\u00fcr briket \u00fcretim hatt\u0131 tesisi<\/figcaption><\/figure>    <figure class=\"wp-block-image size-large\"><img loading=\"lazy\" decoding=\"async\" width=\"720\" height=\"540\" data-id=\"2926\" src=\"https:\/\/charcoalplant.com\/wp-content\/uploads\/2022\/03\/coal-making-machine-for-sale.jpg\" alt=\"sat\u0131l\u0131k k\u00f6m\u00fcr yapma makinesi\" class=\"wp-image-2926\"\/><figcaption class=\"wp-element-caption\">sat\u0131l\u0131k k\u00f6m\u00fcr yapma makinesi<\/figcaption><\/figure>    <figure class=\"wp-block-image size-large\"><img loading=\"lazy\" decoding=\"async\" width=\"720\" height=\"540\" data-id=\"2927\" src=\"https:\/\/charcoalplant.com\/wp-content\/uploads\/2022\/03\/coal-briquettes-machine-plant-shipping.jpg\" alt=\"k\u00f6m\u00fcr briket makine tesisi nakliye\" class=\"wp-image-2927\"\/><figcaption class=\"wp-element-caption\">k\u00f6m\u00fcr briket makine tesisi nakliye<\/figcaption><\/figure>    <figure class=\"wp-block-image size-large\"><img loading=\"lazy\" decoding=\"async\" width=\"720\" height=\"540\" data-id=\"2928\" src=\"https:\/\/charcoalplant.com\/wp-content\/uploads\/2022\/03\/shipping-of-drying-machine.jpg\" alt=\"kurutma makinesi nakliyesi\" class=\"wp-image-2928\"\/><figcaption class=\"wp-element-caption\">kurutma makinesi nakliyesi<\/figcaption><\/figure> <\/figure>","protected":false},"excerpt":{"rendered":"<p>K\u00f6m\u00fcr briket \u00fcretim hatt\u0131 petek k\u00f6m\u00fcr\u00fc, k\u00f6m\u00fcr briketleri, k\u00f6m\u00fcr \u00e7ubuklar\u0131 ve di\u011fer bitmi\u015f \u00fcr\u00fcnleri \u00fcretmek i\u00e7in hammadde olarak k\u00f6m\u00fcr kullan\u0131r.<\/p>","protected":false},"author":1,"featured_media":1440,"parent":0,"template":"","tags":[59],"product-type":[53],"class_list":["post-1439","product","type-product","status-publish","has-post-thumbnail","hentry","tag-charcoal-briquetting-machine","product-type-product-line"],"_links":{"self":[{"href":"https:\/\/charcoalplant.com\/tr\/wp-json\/wp\/v2\/product\/1439","targetHints":{"allow":["GET"]}}],"collection":[{"href":"https:\/\/charcoalplant.com\/tr\/wp-json\/wp\/v2\/product"}],"about":[{"href":"https:\/\/charcoalplant.com\/tr\/wp-json\/wp\/v2\/types\/product"}],"author":[{"embeddable":true,"href":"https:\/\/charcoalplant.com\/tr\/wp-json\/wp\/v2\/users\/1"}],"wp:featuredmedia":[{"embeddable":true,"href":"https:\/\/charcoalplant.com\/tr\/wp-json\/wp\/v2\/media\/1440"}],"wp:attachment":[{"href":"https:\/\/charcoalplant.com\/tr\/wp-json\/wp\/v2\/media?parent=1439"}],"wp:term":[{"taxonomy":"post_tag","embeddable":true,"href":"https:\/\/charcoalplant.com\/tr\/wp-json\/wp\/v2\/tags?post=1439"},{"taxonomy":"product-type","embeddable":true,"href":"https:\/\/charcoalplant.com\/tr\/wp-json\/wp\/v2\/product-type?post=1439"}],"curies":[{"name":"wp","href":"https:\/\/api.w.org\/{rel}","templated":true}]}}