{"id":1468,"date":"2021-12-21T08:39:36","date_gmt":"2021-12-21T08:39:36","guid":{"rendered":"https:\/\/charcoalplant.com\/?p=1468"},"modified":"2023-01-11T15:58:12","modified_gmt":"2023-01-11T07:58:12","slug":"charcoal-briquette-dryer","status":"publish","type":"product","link":"https:\/\/charcoalplant.com\/tr\/product\/charcoal-briquette-dryer\/","title":{"rendered":"K\u00f6m\u00fcr Briket Kurutucu | Is\u0131 Pompal\u0131 Kurutma Makinesi"},"content":{"rendered":"<div class=\"kk-star-ratings kksr-auto kksr-align-left kksr-valign-top\"     data-payload='{&quot;align&quot;:&quot;left&quot;,&quot;id&quot;:&quot;1468&quot;,&quot;slug&quot;:&quot;default&quot;,&quot;valign&quot;:&quot;top&quot;,&quot;ignore&quot;:&quot;&quot;,&quot;reference&quot;:&quot;auto&quot;,&quot;class&quot;:&quot;&quot;,&quot;count&quot;:&quot;25&quot;,&quot;legendonly&quot;:&quot;&quot;,&quot;readonly&quot;:&quot;&quot;,&quot;score&quot;:&quot;4.8&quot;,&quot;starsonly&quot;:&quot;&quot;,&quot;best&quot;:&quot;5&quot;,&quot;gap&quot;:&quot;5&quot;,&quot;greet&quot;:&quot;Rate this product&quot;,&quot;legend&quot;:&quot;4.8\\\/5 - (25 votes)&quot;,&quot;size&quot;:&quot;24&quot;,&quot;title&quot;:&quot;Charcoal Briquette Dryer | Heat Pump Drying Machine&quot;,&quot;width&quot;:&quot;136.7&quot;,&quot;_legend&quot;:&quot;{score}\\\/{best} - ({count} {votes})&quot;,&quot;font_factor&quot;:&quot;1.25&quot;}'>              <div class=\"kksr-stars\">      <div class=\"kksr-stars-inactive\">             <div class=\"kksr-star\" data-star=\"1\" style=\"padding-right: 5px\">               <div class=\"kksr-icon\" style=\"width: 24px; height: 24px;\"><\/div>         <\/div>             <div class=\"kksr-star\" data-star=\"2\" style=\"padding-right: 5px\">               <div class=\"kksr-icon\" style=\"width: 24px; height: 24px;\"><\/div>         <\/div>             <div class=\"kksr-star\" data-star=\"3\" style=\"padding-right: 5px\">               <div class=\"kksr-icon\" style=\"width: 24px; height: 24px;\"><\/div>         <\/div>             <div class=\"kksr-star\" data-star=\"4\" style=\"padding-right: 5px\">               <div class=\"kksr-icon\" style=\"width: 24px; height: 24px;\"><\/div>         <\/div>             <div class=\"kksr-star\" data-star=\"5\" style=\"padding-right: 5px\">               <div class=\"kksr-icon\" style=\"width: 24px; height: 24px;\"><\/div>         <\/div>     <\/div>      <div class=\"kksr-stars-active\" style=\"width: 136.7px;\">             <div class=\"kksr-star\" style=\"padding-right: 5px\">               <div class=\"kksr-icon\" style=\"width: 24px; height: 24px;\"><\/div>         <\/div>             <div class=\"kksr-star\" style=\"padding-right: 5px\">               <div class=\"kksr-icon\" style=\"width: 24px; height: 24px;\"><\/div>         <\/div>             <div class=\"kksr-star\" style=\"padding-right: 5px\">               <div class=\"kksr-icon\" style=\"width: 24px; height: 24px;\"><\/div>         <\/div>             <div class=\"kksr-star\" style=\"padding-right: 5px\">               <div class=\"kksr-icon\" style=\"width: 24px; height: 24px;\"><\/div>         <\/div>             <div class=\"kksr-star\" style=\"padding-right: 5px\">               <div class=\"kksr-icon\" style=\"width: 24px; height: 24px;\"><\/div>         <\/div>     <\/div> <\/div>                   <div class=\"kksr-legend\" style=\"font-size: 19.2px;\">             4.8\/5 - (25 oy)    <\/div>     <\/div>  <p class=\"translation-block\"><strong>K\u00f6m\u00fcr briket kurutma makinesi<\/strong>, k\u00f6m\u00fcr \u00fcretim hatt\u0131 i\u00e7in gerekli ekipmanlardan biridir. Temelde s\u0131cak hava sirk\u00fclasyonu ilkesini benimser. Bu nedenle, stabil bir \u015fekilde \u00e7al\u0131\u015fabilir. Ayr\u0131ca, hava ko\u015fullar\u0131ndan ba\u011f\u0131ms\u0131z olarak malzemeleri her zaman kurutabilir. Bu y\u00fczden, k\u00f6m\u00fcr briket kurutucular\u0131 bir\u00e7ok k\u00f6m\u00fcr fabrikas\u0131nda pop\u00fcler ekipmanlard\u0131r. Shuliy fabrikas\u0131, bir r\u00f6mork kurutma odas\u0131 ve \u00e7ok katmanl\u0131 a\u011f bantl\u0131 kurutucu olmak \u00fczere iki t\u00fcr k\u00f6m\u00fcr kurutucusu satmaktad\u0131r. Hepsi olduk\u00e7a ekonomik \u00fcr\u00fcnlerdir. Bir kurutucuya yat\u0131r\u0131m yapmak isterseniz, en iyi fiyat i\u00e7in bug\u00fcn bizimle ileti\u015fime ge\u00e7in.<\/p>    <h2 class=\"wp-block-heading\" id=\"h-raw-materials-for-charcoal-briquette-dryer\">K\u00f6m\u00fcr briket kurutma makinesi i\u00e7in hammaddeler<\/h2>    <p class=\"translation-block\">K\u00f6m\u00fcr briket kurutma makinesinin uygulama alan\u0131 \u00e7ok geni\u015ftir. G\u0131da i\u015fleme, \u00c7in bitkisel ila\u00e7lar\u0131 ve k\u00f6m\u00fcr end\u00fcstrisindeki malzemeleri kurutmak i\u00e7in kullan\u0131labilir. Kurutma etkisi ve enerji tasarrufu konsepti nedeniyle yan\u0131t\u0131 \u00e7ok iyidir. Bu nedenle, bir\u00e7ok k\u00f6m\u00fcr fabrikas\u0131 k\u00f6m\u00fcr \u00fcr\u00fcnlerini kurutmak i\u00e7in k\u00f6m\u00fcr briket kurutucular\u0131 kullanmaktad\u0131r. K\u00f6m\u00fcr tozu briket, <a href=\"https:\/\/charcoalplant.com\/tr\/product\/honeycomb-coal-press-machine\/\"><strong>petekli k\u00f6m\u00fcr<\/strong><\/a>, mangal k\u00f6m\u00fcr\u00fc, <strong><a href=\"https:\/\/charcoalplant.com\/tr\/product\/best-shisha-charcoal-machine\/\">kare nargile k\u00f6m\u00fcr\u00fc<\/a><\/strong>, yuvarlak nargile k\u00f6m\u00fcr\u00fc vb.<\/p>    <figure class=\"wp-block-image aligncenter size-full\"><img loading=\"lazy\" decoding=\"async\" width=\"720\" height=\"540\" src=\"https:\/\/charcoalplant.com\/wp-content\/uploads\/2022\/03\/charcoal-and-coal-briquette.jpg\" alt=\"k\u00f6m\u00fcr ve k\u00f6m\u00fcr briket\" class=\"wp-image-2615\"\/><figcaption class=\"wp-element-caption\">k\u00f6m\u00fcr ve k\u00f6m\u00fcr briket<\/figcaption><\/figure>    <h2 class=\"wp-block-heading\">K\u00f6m\u00fcr briket kurutucusu nedir? <\/h2>    <p>K\u00f6m\u00fcr briket kurutucusu, ham k\u00f6m\u00fcr briketlerinin nem i\u00e7eri\u011fini azaltmak i\u00e7in kullan\u0131lan bir makinedir. Bu genellikle briketler paketlenip sat\u0131lmadan \u00f6nce yap\u0131l\u0131r, \u00e7\u00fcnk\u00fc nem bunlar\u0131n yak\u0131lmas\u0131n\u0131 zorla\u015ft\u0131rabilir ve ayn\u0131 zamanda k\u00fcf ve di\u011fer mikroorganizmalar\u0131n b\u00fcy\u00fcmesini de te\u015fvik edebilir. K\u00f6m\u00fcr briket kurutucular\u0131 genellikle bir kurutma odas\u0131, bir \u0131s\u0131 kayna\u011f\u0131 ve bir havaland\u0131rma sisteminden olu\u015fur. Is\u0131 kayna\u011f\u0131 tipik olarak bir gaz veya elektrikli \u0131s\u0131tma eleman\u0131d\u0131r ve havaland\u0131rma sistemi, briketlerdeki nemin buharla\u015fmas\u0131n\u0131 te\u015fvik etmek amac\u0131yla oda i\u00e7erisinde havay\u0131 dola\u015ft\u0131rmak i\u00e7in kullan\u0131l\u0131r. Baz\u0131 kurutucular ayn\u0131 zamanda s\u0131cakl\u0131k ve nemi kontrol etme \u00f6zelli\u011fine de sahip olabilir.<\/p>    <h2 class=\"wp-block-heading\">K\u00f6m\u00fcr kurutma makinas\u0131 \u00e7e\u015fitleri nelerdir?<\/h2>    <p class=\"translation-block\"><strong>\u0130ki tip kurutucumuz:<\/strong> verimli kutu tipi kurutucular ve s\u00fcrekli elek bantl\u0131 kurutucular. Herhangi bir sorunuz olursa l\u00fctfen mesaj b\u0131rak\u0131n.<\/p>    <h2 class=\"wp-block-heading\" id=\"h-type-1-charcoal-briquette-drying-room\"><strong>Tip 1<\/strong>: K\u00f6m\u00fcr briket kurutma makinesi <\/h2>    <p class=\"translation-block\">K\u00f6m\u00fcr briket kurutma makinesi, s\u0131cak hava sirk\u00fclasyon sistemi ve nem alma sistemi \u00e7al\u0131\u015fma prensibini benimser. Kurutma odas\u0131ndaki s\u0131cakl\u0131k, ak\u0131ll\u0131 s\u0131cakl\u0131k kontrol ind\u00fcksiyon cihaz\u0131 taraf\u0131ndan alg\u0131lan\u0131r. Farkl\u0131 malzemelerin farkl\u0131 kurutma s\u0131cakl\u0131klar\u0131 olmas\u0131na ra\u011fmen. Ancak, <strong><a href=\"https:\/\/charcoalplant.com\/tr\/info\/feedback-from-libyan-customer-charcoal-briquetting-drying-room\/\">m\u00fc\u015fteriler<\/a><\/strong>, en iyi kurutma durumunu elde etmek i\u00e7in k\u00f6m\u00fcr briket kurutucusunun g\u00fc\u00e7 da\u011f\u0131t\u0131m kabini arac\u0131l\u0131\u011f\u0131yla i\u00e7 ortam s\u0131cakl\u0131\u011f\u0131n\u0131 ve kurutma s\u00fcresini ayarlayabilirler. Bu nedenle, f\u0131r\u0131n tipi kurutucu \u00e7ok ak\u0131ll\u0131 ve sorunsuz bir cihazd\u0131r.<\/p>    <figure class=\"wp-block-image aligncenter size-full\"><img loading=\"lazy\" decoding=\"async\" width=\"1024\" height=\"768\" src=\"https:\/\/charcoalplant.com\/wp-content\/uploads\/2022\/03\/charcoal-briquette-dryer-machine-plant.png\" alt=\"k\u00f6m\u00fcr briket kurutma makinesi tesisi\" class=\"wp-image-2617\"\/><figcaption class=\"wp-element-caption\">k\u00f6m\u00fcr briket kurutma makinesi tesisi<\/figcaption><\/figure>    <h3 class=\"wp-block-heading\">K\u00f6m\u00fcr briket kurutma makinesinin yap\u0131s\u0131 <\/h3>    <p>Yap\u0131s\u0131 temel olarak bir \u0131s\u0131tma kayna\u011f\u0131, ind\u00fcksiyonlu fan, nem alma cihaz\u0131, s\u0131cak hava kanal\u0131, kontrol kabini, araba, tepsi vb. i\u00e7erir. Bir odaya benzer. M\u00fc\u015fteri bitmi\u015f \u00fcr\u00fcn\u00fc arabaya koyar ve kurutma odas\u0131na iter. \u00dcstelik boyutu \u00f6zelle\u015ftirilebilir. Genel olarak konu\u015fursak, b\u00fcy\u00fckl\u00fc\u011f\u00fc arabalar\u0131n say\u0131s\u0131yla ilgilidir. Her araban\u0131n 10 katman\u0131 vard\u0131r. <\/p>    <div class=\"wp-block-columns are-vertically-aligned-center has-background is-layout-flex wp-container-core-columns-is-layout-28f84493 wp-block-columns-is-layout-flex\" style=\"background-color:#f1f1f1\"> <div class=\"wp-block-column is-vertically-aligned-center is-layout-flow wp-block-column-is-layout-flow\" style=\"flex-basis:33.33%\"> <h4 class=\"wp-block-heading\"><strong>Hava enerjisi \u0131s\u0131 pompas\u0131<\/strong><\/h4>    <p>G\u00f6r\u00fcn\u00fcm\u00fc ve \u00e7al\u0131\u015fma prensibi, kapal\u0131 durumdaki klimaya benzer. Bu y\u00fczden \u00e7ok enerji tasarrufu sa\u011flar ve \u00e7evre dostudur.<\/p> <\/div>    <div class=\"wp-block-column is-vertically-aligned-center is-layout-flow wp-block-column-is-layout-flow\" style=\"flex-basis:66.66%\"> <figure class=\"wp-block-gallery has-nested-images columns-default is-cropped wp-block-gallery-2 is-layout-flex wp-block-gallery-is-layout-flex\"> <figure class=\"wp-block-image size-large\"><img loading=\"lazy\" decoding=\"async\" width=\"720\" height=\"540\" data-id=\"1479\" src=\"https:\/\/charcoalplant.com\/wp-content\/uploads\/2021\/12\/Drying-room-heat-pump-1.jpg\" alt=\"Kurutma odas\u0131 \u0131s\u0131 pompas\u0131\" class=\"wp-image-1479\" srcset=\"https:\/\/charcoalplant.com\/wp-content\/uploads\/2021\/12\/Drying-room-heat-pump-1.jpg 720w, https:\/\/charcoalplant.com\/wp-content\/uploads\/2021\/12\/Drying-room-heat-pump-1-300x225.jpg 300w\" sizes=\"auto, (max-width: 720px) 100vw, 720px\" \/><figcaption class=\"wp-element-caption\">Kurutma odas\u0131 \u0131s\u0131 pompas\u0131<\/figcaption><\/figure> <\/figure> <\/div> <\/div>    <div class=\"wp-block-columns has-background is-layout-flex wp-container-core-columns-is-layout-28f84493 wp-block-columns-is-layout-flex\" style=\"background-color:#f1f1f1\"> <div class=\"wp-block-column is-layout-flow wp-block-column-is-layout-flow\" style=\"flex-basis:66.66%\"> <figure class=\"wp-block-gallery has-nested-images columns-default is-cropped wp-block-gallery-3 is-layout-flex wp-block-gallery-is-layout-flex\"> <figure class=\"wp-block-image size-large\"><img loading=\"lazy\" decoding=\"async\" width=\"720\" height=\"540\" data-id=\"1477\" src=\"https:\/\/charcoalplant.com\/wp-content\/uploads\/2021\/12\/Control-cabinet-1.jpg\" alt=\"Kontrol kabini\" class=\"wp-image-1477\" srcset=\"https:\/\/charcoalplant.com\/wp-content\/uploads\/2021\/12\/Control-cabinet-1.jpg 720w, https:\/\/charcoalplant.com\/wp-content\/uploads\/2021\/12\/Control-cabinet-1-300x225.jpg 300w\" sizes=\"auto, (max-width: 720px) 100vw, 720px\" \/><figcaption class=\"wp-element-caption\">Kontrol kabini<\/figcaption><\/figure> <\/figure> <\/div>    <div class=\"wp-block-column is-vertically-aligned-center is-layout-flow wp-block-column-is-layout-flow\" style=\"flex-basis:33.33%\"> <h4 class=\"wp-block-heading\"><strong>Kontrol kabini<\/strong> <strong>kutu<\/strong><\/h4>    <p>M\u00fc\u015fteriler s\u0131cakl\u0131\u011f\u0131 ve zaman\u0131 ayarlayabilir. Otomasyon kontrol\u00fc: entegre bir kontrol sisteminin, insan-makine aray\u00fcz\u00fcn\u00fcn ve g\u00f6revli personel olmadan otomatik kontrol\u00fcn kullan\u0131lmas\u0131.<\/p> <\/div> <\/div>    <div class=\"wp-block-columns has-background is-layout-flex wp-container-core-columns-is-layout-28f84493 wp-block-columns-is-layout-flex\" style=\"background-color:#f1f1f1\"> <div class=\"wp-block-column is-vertically-aligned-center is-layout-flow wp-block-column-is-layout-flow\" style=\"flex-basis:33.33%\"> <h4 class=\"wp-block-heading\"><strong>\u0130nd\u00fcksiyon fan\u0131<\/strong><\/h4>    <p>Kurutma odas\u0131na s\u00fcrekli olarak s\u0131cak hava pompalayabilir. Ayr\u0131ca gaz dola\u015f\u0131m\u0131nda da rol oynar.<\/p> <\/div>    <div class=\"wp-block-column is-layout-flow wp-block-column-is-layout-flow\" style=\"flex-basis:66.66%\"> <figure class=\"wp-block-gallery has-nested-images columns-default is-cropped wp-block-gallery-4 is-layout-flex wp-block-gallery-is-layout-flex\"> <figure class=\"wp-block-image size-large\"><img loading=\"lazy\" decoding=\"async\" width=\"720\" height=\"540\" data-id=\"1480\" src=\"https:\/\/charcoalplant.com\/wp-content\/uploads\/2021\/12\/Induced-fan-1.jpg\" alt=\"\u0130nd\u00fcksiyonlu fan\" class=\"wp-image-1480\" srcset=\"https:\/\/charcoalplant.com\/wp-content\/uploads\/2021\/12\/Induced-fan-1.jpg 720w, https:\/\/charcoalplant.com\/wp-content\/uploads\/2021\/12\/Induced-fan-1-300x225.jpg 300w\" sizes=\"auto, (max-width: 720px) 100vw, 720px\" \/><figcaption class=\"wp-element-caption\">\u0130nd\u00fcksiyonlu fan<\/figcaption><\/figure> <\/figure> <\/div> <\/div>    <h3 class=\"wp-block-heading\">K\u00f6m\u00fcr briket kurutma makinesinin parametreleri<\/h3>    <figure class=\"wp-block-table is-style-stripes\"><table><tbody><tr><td>Modeli<\/td><td>SL-BD 08<\/td><td>SL-BD 010<\/td><\/tr><tr><td>Kurutma odas\u0131 b\u00fcy\u00fckl\u00fc\u011f\u00fc<\/td><td>8m*2,3m*2,5m<\/td><td>10m*2,3m*2,5m<\/td><\/tr><tr><td>Sirk\u00fclasyon fan\u0131<\/td><td>6 adet<\/td><td>6 adet<\/td><\/tr><tr><td>Nem alma fan\u0131<\/td><td>2 adet<\/td><td>2 adet<\/td><\/tr><tr><td>Arabas\u0131<\/td><td>8 adet<\/td><td>10 adet<\/td><\/tr><tr><td>Tepsi<\/td><td>80 adet<\/td><td>100 adet<\/td><\/tr><\/tbody><\/table><\/figure>    <h3 class=\"wp-block-heading\">Kutu kurutma fabrikas\u0131n\u0131n ger\u00e7ek \u00e7ekiminin videosu <\/h3>    <figure class=\"wp-block-embed is-type-video is-provider-youtube wp-block-embed-youtube wp-embed-aspect-16-9 wp-has-aspect-ratio\"><div class=\"wp-block-embed__wrapper\"> <iframe loading=\"lazy\" title=\"K\u00f6m\u00fcr Briket Kurutma Makinesi Tedarik\u00e7isi | Kutu Kurutucu Fabrikas\u0131 Ger\u00e7ek Shot#bbqcoaldrying#dryer\" width=\"500\" height=\"281\" src=\"https:\/\/www.youtube.com\/embed\/hPFY09NfOv0?feature=oembed\" frameborder=\"0\" allow=\"accelerometer; autoplay; clipboard-write; encrypted-media; gyroscope; picture-in-picture; web-share\" referrerpolicy=\"strict-origin-when-cross-origin\" allowfullscreen><\/iframe> <\/div><\/figure>    <h2 class=\"wp-block-heading\" id=\"h-type-2-multi-layer-mesh-belt-dryer\"><strong>Tip 2<\/strong>: \u00c7ok katmanl\u0131 \u00f6rg\u00fc bantl\u0131 kurutucu<\/h2>    <p>Operat\u00f6r\u00fcn hammaddeleri (briket, barbek\u00fc k\u00f6m\u00fcr\u00fc, otlar vb.) besleme portuna koymas\u0131 gerekir. Hareketli \u00f6rg\u00fc bant daha sonra k\u00f6m\u00fcr\u00fcn yay\u0131lmas\u0131na ve kurutma i\u00e7in kurutma odas\u0131na girmesine neden olur. K\u00f6m\u00fcr, \u00f6rg\u00fc bantl\u0131 kurutucudan ge\u00e7er ve s\u0131cak hava, ham maddeyi e\u015fit \u015fekilde \u0131s\u0131t\u0131r ve kurutur. Ayr\u0131ca m\u00fc\u015fteriler, \u00f6rg\u00fc bantl\u0131 kurutucunun hareket h\u0131z\u0131n\u0131 ayarlayarak nihai ham maddenin nem i\u00e7eri\u011fini ayarlayabilir.<\/p>    <figure class=\"wp-block-image aligncenter size-full\"><img loading=\"lazy\" decoding=\"async\" width=\"720\" height=\"540\" src=\"https:\/\/charcoalplant.com\/wp-content\/uploads\/2022\/01\/inlet.jpg\" alt=\"giri\u015f\" class=\"wp-image-1968\"\/><figcaption class=\"wp-element-caption\">giri\u015f<\/figcaption><\/figure>    <h3 class=\"wp-block-heading\">\u00d6rg\u00fc bantl\u0131 kurutma makinesinin yap\u0131s\u0131<\/h3>    <p>Yap\u0131s\u0131nda bir besleme portu, paslanmaz \u00e7elik ta\u015f\u0131ma band\u0131, yay\u0131c\u0131, kurutma odas\u0131, \u0131s\u0131 kayna\u011f\u0131, bo\u015faltma portu, ind\u00fcksiyonlu \u00e7eki\u015f fan\u0131 vb. bulunur.<\/p>    <figure class=\"wp-block-image aligncenter size-full\"><img loading=\"lazy\" decoding=\"async\" width=\"640\" height=\"343\" src=\"https:\/\/charcoalplant.com\/wp-content\/uploads\/2022\/03\/charcoal-briquetting-dryer-structure.jpg\" alt=\"\" class=\"wp-image-2621\"\/><\/figure>    <div class=\"wp-block-columns has-background is-layout-flex wp-container-core-columns-is-layout-28f84493 wp-block-columns-is-layout-flex\" style=\"background-color:#f1f1f1\"> <div class=\"wp-block-column is-layout-flow wp-block-column-is-layout-flow\" style=\"flex-basis:66.66%\"> <figure class=\"wp-block-gallery has-nested-images columns-default is-cropped wp-block-gallery-5 is-layout-flex wp-block-gallery-is-layout-flex\"> <figure class=\"wp-block-image size-large\"><img loading=\"lazy\" decoding=\"async\" width=\"720\" height=\"540\" data-id=\"1970\" src=\"https:\/\/charcoalplant.com\/wp-content\/uploads\/2022\/01\/metal-belt.jpg\" alt=\"metal kemer\" class=\"wp-image-1970\"\/><figcaption class=\"wp-element-caption\">metal kemer<\/figcaption><\/figure> <\/figure> <\/div>    <div class=\"wp-block-column is-vertically-aligned-center is-layout-flow wp-block-column-is-layout-flow\" style=\"flex-basis:33.33%\"> <h4 class=\"wp-block-heading\"><strong>Paslanmaz \u00e7elik has\u0131r kemer<\/strong><\/h4>    <p>Malzemesinin hasar g\u00f6rmesi kolay de\u011fildir ve uzun \u00f6m\u00fcrl\u00fcd\u00fcr. Ve her bir konvey\u00f6r \u00f6rg\u00fc bant katman\u0131n\u0131n ayarlanabilir h\u0131zl\u0131 bir motoru vard\u0131r. Bu \u015fekilde, konvey\u00f6r \u00f6rg\u00fcl\u00fc bant konvey\u00f6r\u00fc e\u015fit \u015fekilde hareket ettirilebilir.<\/p> <\/div> <\/div>    <div class=\"wp-block-columns has-background is-layout-flex wp-container-core-columns-is-layout-28f84493 wp-block-columns-is-layout-flex\" style=\"background-color:#f1f1f1\"> <div class=\"wp-block-column is-vertically-aligned-center is-layout-flow wp-block-column-is-layout-flow\" style=\"flex-basis:33.33%\"> <h4 class=\"wp-block-heading\"><strong>Giri\u015f<\/strong><\/h4>    <p>Sadece s\u00fcrekli olarak beslenemez. Ve s\u00fcrekli \u00f6rg\u00fc bantl\u0131 kurutucu malzemeyi otomatik olarak yayabilir<\/p> <\/div>    <div class=\"wp-block-column is-layout-flow wp-block-column-is-layout-flow\" style=\"flex-basis:66.66%\"> <figure class=\"wp-block-gallery has-nested-images columns-default is-cropped wp-block-gallery-6 is-layout-flex wp-block-gallery-is-layout-flex\"> <figure class=\"wp-block-image size-large\"><img loading=\"lazy\" decoding=\"async\" width=\"720\" height=\"540\" data-id=\"1969\" src=\"https:\/\/charcoalplant.com\/wp-content\/uploads\/2022\/01\/mesh-blet-dryer.jpg\" alt=\"\u00f6rg\u00fc-kurutucu\" class=\"wp-image-1969\"\/><figcaption class=\"wp-element-caption\">\u00f6rg\u00fc-kurutucu<\/figcaption><\/figure> <\/figure> <\/div> <\/div>    <h3 class=\"wp-block-heading\">S\u00fcrekli \u00f6rg\u00fc bantl\u0131 kurutucunun parametreleri<\/h3>    <figure class=\"wp-block-table is-style-stripes\"><table><tbody><tr><td>Modeli<\/td><td>LTWD-6<\/td><td>LTWD-8<\/td><td>LTWD-10<\/td><td>LTWD-12<\/td><td>LTWD-16<\/td><td>LTWD-20<\/td><td>LTWD-24<\/td><td>LTWD-30<\/td><\/tr><tr><td>Bant Geni\u015fli\u011fi<\/td><td>600 mm<\/td><td>800 mm<\/td><td>1000mm<\/td><td>1200mm<\/td><td>1600mm<\/td><td>2000mm<\/td><td>2400mm<\/td><td>3000mm<\/td><\/tr><tr><td>Kurutma B\u00f6l\u00fcm\u00fcn\u00fcn Uzunlu\u011fu<\/td><td>6-12<\/td><td>6-12<\/td><td>6-16<\/td><td>8-16<\/td><td>8-22<\/td><td>10-26<\/td><td>12-30<\/td><td>12-40<\/td><\/tr><tr><td>Besleme B\u00f6l\u00fcm\u00fcn\u00fcn Uzunlu\u011fu<\/td><td>1<\/td><td>1<\/td><td>1<\/td><td>1<\/td><td>1<\/td><td>1.5<\/td><td>1.5<\/td><td>2<\/td><\/tr><tr><td>\u0130letim B\u00f6l\u00fcm\u00fcn\u00fcn Uzunlu\u011fu<\/td><td>1<\/td><td>1<\/td><td>1<\/td><td>1<\/td><td>1<\/td><td>1.5<\/td><td>1.5<\/td><td>2<\/td><\/tr><tr><td>Kurutma Alan\u0131<\/td><td>3,6-36 m2<\/td><td>4,8-48 m2<\/td><td>6-80 m2<\/td><td>7,2-96 m2<\/td><td>12,8-105,6 m2<\/td><td>20-260 m2<\/td><td>28,8-360 m2<\/td><\/tr><\/tbody><\/table><\/figure>    <h2 class=\"wp-block-heading\">K\u00f6m\u00fcr sat\u0131\u015f\u0131<strong><strong><strong> <\/strong><\/strong><\/strong>kurutma makinesi <\/h2>    <p class=\"translation-block\">K\u00f6m\u00fcr briket kurutucular\u0131 genellikle <strong><a href=\"https:\/\/charcoalplant.com\/tr\/shisha-charcoal-production-line\/\">nargile k\u00f6m\u00fcr\u00fc \u00fcretim hatlar\u0131nda<\/a><\/strong>, \u015fekilli k\u00f6m\u00fcr \u00fcretim hatlar\u0131nda ve k\u00f6m\u00fcr \u00fcretim hatlar\u0131nda g\u00f6r\u00fcl\u00fcr. Dahas\u0131, kurutulmu\u015f k\u00f6m\u00fcr briketler, bir <a href=\"https:\/\/charcoalplant.com\/tr\/briquettes-packing-machine\/charcoal-briquettes-packing-machine\/\"><strong>k\u00f6m\u00fcr briket paketleme makinesi<\/strong><\/a> kullan\u0131larak do\u011frudan paketlenebilir. K\u00fc\u00e7\u00fck k\u00f6m\u00fcr briket kurutma odalar\u0131 ve elek bantl\u0131 kurutucular sat\u0131yoruz. \u00d6zellikleri esnek ve \u00f6zelle\u015ftirilebilir. Bu nedenle, bize \u00f6zel gereksinimlerinizi s\u00f6yleyebilirsiniz ve size makinenin \u00f6zel parametrelerini sa\u011flayaca\u011f\u0131z.<\/p>    <figure class=\"wp-block-gallery has-nested-images columns-2 is-cropped wp-block-gallery-7 is-layout-flex wp-block-gallery-is-layout-flex\"> <figure class=\"wp-block-image size-large\"><img loading=\"lazy\" decoding=\"async\" width=\"720\" height=\"540\" data-id=\"1482\" src=\"https:\/\/charcoalplant.com\/wp-content\/uploads\/2021\/12\/Mesh-belt-dryer-shipment-1.jpg\" alt=\"\u00d6rg\u00fc bantl\u0131 kurutucu sevkiyat\u0131\" class=\"wp-image-1482\" srcset=\"https:\/\/charcoalplant.com\/wp-content\/uploads\/2021\/12\/Mesh-belt-dryer-shipment-1.jpg 720w, https:\/\/charcoalplant.com\/wp-content\/uploads\/2021\/12\/Mesh-belt-dryer-shipment-1-300x225.jpg 300w\" sizes=\"auto, (max-width: 720px) 100vw, 720px\" \/><figcaption class=\"wp-element-caption\">\u00d6rg\u00fc bantl\u0131 kurutucu sevkiyat\u0131<\/figcaption><\/figure>    <figure class=\"wp-block-image size-large\"><img loading=\"lazy\" decoding=\"async\" width=\"720\" height=\"540\" data-id=\"2626\" src=\"https:\/\/charcoalplant.com\/wp-content\/uploads\/2022\/03\/charcoal-briquette-dryer-for-sale.jpg\" alt=\"sat\u0131l\u0131k k\u00f6m\u00fcr briket kurutma makinesi\" class=\"wp-image-2626\"\/><figcaption class=\"wp-element-caption\">sat\u0131l\u0131k k\u00f6m\u00fcr briket kurutma makinesi<\/figcaption><\/figure>    <figure class=\"wp-block-image size-large\"><img loading=\"lazy\" decoding=\"async\" width=\"633\" height=\"460\" data-id=\"2627\" src=\"https:\/\/charcoalplant.com\/wp-content\/uploads\/2022\/03\/drying-machine-plant.png\" alt=\"kurutma makinesi tesisi\" class=\"wp-image-2627\"\/><figcaption class=\"wp-element-caption\">kurutma makinesi tesisi<\/figcaption><\/figure>    <figure class=\"wp-block-image size-full\"><img loading=\"lazy\" decoding=\"async\" width=\"720\" height=\"540\" data-id=\"1967\" src=\"https:\/\/charcoalplant.com\/wp-content\/uploads\/2022\/01\/tray.jpg\" alt=\"tepsi\" class=\"wp-image-1967\"\/><figcaption class=\"wp-element-caption\">tepsi<\/figcaption><\/figure> <\/figure>    <h2 class=\"wp-block-heading\">\u00c7\u00f6z\u00fcm <\/h2>    <p class=\"translation-block\">K\u00f6m\u00fcr briket kurutucular\u0131, b\u00fct\u00fcn <strong><a href=\"https:\/\/charcoalplant.com\/tr\/charcoal-making-machine\/\">k\u00f6m\u00fcr yap\u0131m hatt\u0131<\/a><\/strong>n\u0131n kritik bir par\u00e7as\u0131d\u0131r. Briketlerin nem i\u00e7eri\u011fini azaltarak, bu makineler ate\u015fleme ve yanma \u00f6zelliklerini iyile\u015ftirir, k\u00fcf ve mikroorganizmalar\u0131n b\u00fcy\u00fcmesini \u00f6nler ve raf \u00f6mr\u00fcn\u00fc art\u0131r\u0131r. K\u00f6m\u00fcr briketlerinin pop\u00fclaritesi artmaya devam ettik\u00e7e, bu alandaki ara\u015ft\u0131rma ve geli\u015ftirme \u00e7al\u0131\u015fmalar\u0131 muhtemelen k\u00f6m\u00fcr briket kurutucular\u0131n\u0131n verimlili\u011fini ve etkinli\u011fini art\u0131rmaya devam edecektir. Al\u0131c\u0131lar\u0131n bir kurutucu se\u00e7erken farkl\u0131 fakt\u00f6rleri g\u00f6z \u00f6n\u00fcnde bulundurmalar\u0131 ve d\u00fczenli olarak bak\u0131m yap\u0131p temizlemeleri \u00f6nemlidir; bu, kurutucunun en iyi \u015fekilde \u00e7al\u0131\u015fmaya devam etmesini sa\u011flar. Herhangi bir konuda, l\u00fctfen profesyonel rehberlik i\u00e7in Shuliy uzmanlar\u0131yla ileti\u015fime ge\u00e7in. <\/p>","protected":false},"excerpt":{"rendered":"<p>K\u00f6m\u00fcr briketi kurutucu \u00e7ok ama\u00e7l\u0131d\u0131r ve b\u00fcy\u00fck bir \u00e7\u0131kt\u0131ya sahiptir. Her t\u00fcrl\u00fc malzemeyi k\u0131s\u0131tlama olmadan kurutabilir.<\/p>","protected":false},"author":1,"featured_media":1492,"parent":0,"template":"","tags":[60],"product-type":[45],"class_list":["post-1468","product","type-product","status-publish","has-post-thumbnail","hentry","tag-drying-machine","product-type-drying-machine"],"_links":{"self":[{"href":"https:\/\/charcoalplant.com\/tr\/wp-json\/wp\/v2\/product\/1468","targetHints":{"allow":["GET"]}}],"collection":[{"href":"https:\/\/charcoalplant.com\/tr\/wp-json\/wp\/v2\/product"}],"about":[{"href":"https:\/\/charcoalplant.com\/tr\/wp-json\/wp\/v2\/types\/product"}],"author":[{"embeddable":true,"href":"https:\/\/charcoalplant.com\/tr\/wp-json\/wp\/v2\/users\/1"}],"wp:featuredmedia":[{"embeddable":true,"href":"https:\/\/charcoalplant.com\/tr\/wp-json\/wp\/v2\/media\/1492"}],"wp:attachment":[{"href":"https:\/\/charcoalplant.com\/tr\/wp-json\/wp\/v2\/media?parent=1468"}],"wp:term":[{"taxonomy":"post_tag","embeddable":true,"href":"https:\/\/charcoalplant.com\/tr\/wp-json\/wp\/v2\/tags?post=1468"},{"taxonomy":"product-type","embeddable":true,"href":"https:\/\/charcoalplant.com\/tr\/wp-json\/wp\/v2\/product-type?post=1468"}],"curies":[{"name":"wp","href":"https:\/\/api.w.org\/{rel}","templated":true}]}}