{"id":1497,"date":"2021-12-23T03:51:11","date_gmt":"2021-12-23T03:51:11","guid":{"rendered":"https:\/\/charcoalplant.com\/?p=1497"},"modified":"2023-02-01T15:40:52","modified_gmt":"2023-02-01T07:40:52","slug":"charcoal-briquettes-packing-machine","status":"publish","type":"product","link":"https:\/\/charcoalplant.com\/tr\/product\/charcoal-briquettes-packing-machine\/","title":{"rendered":"K\u00f6m\u00fcr Briket Paketleme Makinas\u0131 | Esnek ve Verimli"},"content":{"rendered":"<div class=\"kk-star-ratings kksr-auto kksr-align-left kksr-valign-top\"     data-payload='{&quot;align&quot;:&quot;left&quot;,&quot;id&quot;:&quot;1497&quot;,&quot;slug&quot;:&quot;default&quot;,&quot;valign&quot;:&quot;top&quot;,&quot;ignore&quot;:&quot;&quot;,&quot;reference&quot;:&quot;auto&quot;,&quot;class&quot;:&quot;&quot;,&quot;count&quot;:&quot;20&quot;,&quot;legendonly&quot;:&quot;&quot;,&quot;readonly&quot;:&quot;&quot;,&quot;score&quot;:&quot;4.7&quot;,&quot;starsonly&quot;:&quot;&quot;,&quot;best&quot;:&quot;5&quot;,&quot;gap&quot;:&quot;5&quot;,&quot;greet&quot;:&quot;Rate this product&quot;,&quot;legend&quot;:&quot;4.7\\\/5 - (20 votes)&quot;,&quot;size&quot;:&quot;24&quot;,&quot;title&quot;:&quot;Charcoal Briquettes Packing Machine | Flexible \\u0026amp; Efficient&quot;,&quot;width&quot;:&quot;133.8&quot;,&quot;_legend&quot;:&quot;{score}\\\/{best} - ({count} {votes})&quot;,&quot;font_factor&quot;:&quot;1.25&quot;}'>              <div class=\"kksr-stars\">      <div class=\"kksr-stars-inactive\">             <div class=\"kksr-star\" data-star=\"1\" style=\"padding-right: 5px\">               <div class=\"kksr-icon\" style=\"width: 24px; height: 24px;\"><\/div>         <\/div>             <div class=\"kksr-star\" data-star=\"2\" style=\"padding-right: 5px\">               <div class=\"kksr-icon\" style=\"width: 24px; height: 24px;\"><\/div>         <\/div>             <div class=\"kksr-star\" data-star=\"3\" style=\"padding-right: 5px\">               <div class=\"kksr-icon\" style=\"width: 24px; height: 24px;\"><\/div>         <\/div>             <div class=\"kksr-star\" data-star=\"4\" style=\"padding-right: 5px\">               <div class=\"kksr-icon\" style=\"width: 24px; height: 24px;\"><\/div>         <\/div>             <div class=\"kksr-star\" data-star=\"5\" style=\"padding-right: 5px\">               <div class=\"kksr-icon\" style=\"width: 24px; height: 24px;\"><\/div>         <\/div>     <\/div>      <div class=\"kksr-stars-active\" style=\"width: 133.8px;\">             <div class=\"kksr-star\" style=\"padding-right: 5px\">               <div class=\"kksr-icon\" style=\"width: 24px; height: 24px;\"><\/div>         <\/div>             <div class=\"kksr-star\" style=\"padding-right: 5px\">               <div class=\"kksr-icon\" style=\"width: 24px; height: 24px;\"><\/div>         <\/div>             <div class=\"kksr-star\" style=\"padding-right: 5px\">               <div class=\"kksr-icon\" style=\"width: 24px; height: 24px;\"><\/div>         <\/div>             <div class=\"kksr-star\" style=\"padding-right: 5px\">               <div class=\"kksr-icon\" style=\"width: 24px; height: 24px;\"><\/div>         <\/div>             <div class=\"kksr-star\" style=\"padding-right: 5px\">               <div class=\"kksr-icon\" style=\"width: 24px; height: 24px;\"><\/div>         <\/div>     <\/div> <\/div>                   <div class=\"kksr-legend\" style=\"font-size: 19.2px;\">             4.7\/5 - (20 oy)    <\/div>     <\/div>  <p class=\"translation-block\"><strong>K\u00f6m\u00fcr briket paketleme makinesi<\/strong>, k\u00f6m\u00fcr \u00fcr\u00fcnlerini torbalara veya kaplara paketlemek i\u00e7in kullan\u0131lan bir cihazd\u0131r. Genellikle do\u011fru porsiyonlamay\u0131 sa\u011flamak i\u00e7in bir tart\u0131m sistemi ve torbalar\u0131 veya kaplar\u0131 kapat\u0131p sabitlemek i\u00e7in bir s\u0131zd\u0131rmazl\u0131k mekanizmas\u0131 i\u00e7erir. <\/p>    <p class=\"translation-block\">Shuliy ile sat\u0131\u015fta olan k\u00f6m\u00fcr paketleme makinesi<strong> <\/strong>genelde yuvarlak nargile k\u00f6m\u00fcr\u00fc paketleme makinesi, kare nargile k\u00f6m\u00fcr\u00fc paketleme makinesi, barbek\u00fc k\u00f6m\u00fcr\u00fc paketleme makinesi ve bal pete\u011fi k\u00f6m\u00fcr\u00fc paketleme makinesi i\u00e7erir. Bu d\u00f6rt paketleme makinesi, \u015fekli, a\u011f\u0131rl\u0131\u011f\u0131 ve depolama ko\u015fullar\u0131 \u00f6zelliklerine g\u00f6re k\u00f6m\u00fcr\u00fc verimli bir \u015fekilde paketleyebilir. A\u015fa\u011f\u0131da s\u0131ras\u0131yla bu d\u00f6rt k\u00f6m\u00fcr paketleme makinesinin \u00f6zellikleri ve uygulamalar\u0131 hakk\u0131nda bilgi verece\u011fim. <\/p>    <h2 class=\"wp-block-heading\" id=\"h-round-hookah-charcoal-packing-machine\"><strong>Tip 1<\/strong>: <strong>Yuvarlak<\/strong> <strong>nargile k\u00f6m\u00fcr\u00fc<\/strong> <strong>paketleme makinesi<\/strong> <strong>sat\u0131l\u0131k<\/strong><\/h2>    <p class=\"translation-block\"><strong>Yuvarlak nargile k\u00f6m\u00fcr\u00fc paketleme makinesi<\/strong> yatay tip paketleme makinesi olarak da adland\u0131r\u0131l\u0131r. Bu sarma makinesi ayn\u0131 zamanda g\u0131da ve ila\u00e7 end\u00fcstrilerinde de s\u0131kl\u0131kla kullan\u0131l\u0131r. Ak\u0131ll\u0131 CNC paneli taraf\u0131ndan kontrol edilir. Bu nedenle, m\u00fc\u015fteriler bilgisayar arac\u0131l\u0131\u011f\u0131yla paketleme \u00e7antas\u0131n\u0131n uzunlu\u011funu, paketleme h\u0131z\u0131n\u0131, paketleme say\u0131s\u0131n\u0131 vb. ayarlayabilirler. Son olarak, nargile k\u00f6m\u00fcr\u00fc tabakas\u0131 otomatik olarak paketlenir ve paketleme filmi ile kapat\u0131l\u0131r. <\/p>    <figure class=\"wp-block-image aligncenter size-full is-resized\"><img loading=\"lazy\" decoding=\"async\" src=\"https:\/\/charcoalplant.com\/wp-content\/uploads\/2022\/02\/shisha-packaging-machine-plant.jpg\" alt=\"k\u00f6m\u00fcr paketleme makinesi tesisi\" class=\"wp-image-2496\" width=\"657\" height=\"491\"\/><figcaption class=\"wp-element-caption\">k\u00f6m\u00fcr paketleme makinesi tesisi<\/figcaption><\/figure>    <h3 class=\"wp-block-heading\">K\u00f6m\u00fcr paketleme i\u00e7in iste\u011fe ba\u011fl\u0131 destek ekipman\u0131<\/h3>    <p class=\"translation-block\"><strong>Nargile k\u00f6m\u00fcr\u00fc da\u011f\u0131t\u0131c\u0131s\u0131<\/strong> iki i\u015fleve sahiptir. Bir yandan, nargile k\u00f6m\u00fcr\u00fc tabakas\u0131 malzeme b\u00f6l\u00fcnmeden \u00f6nce d\u00fczle\u015ftirilir. Di\u011fer yandan, raylar\u0131 bireysel \u00fcr\u00fcnlerin ayr\u0131lmas\u0131n\u0131 sa\u011flar. Pazardaki en yayg\u0131n nargile k\u00f6m\u00fcr\u00fc paketleri torba ba\u015f\u0131na 10 adettir. (Talep olursa fabrikam\u0131z \u00e7oklu rayl\u0131 da\u011f\u0131t\u0131c\u0131y\u0131 \u00f6zelle\u015ftirebilir)<\/p>    <figure class=\"wp-block-gallery has-nested-images columns-default is-cropped wp-block-gallery-2 is-layout-flex wp-block-gallery-is-layout-flex\"> <figure class=\"wp-block-image size-large\"><img loading=\"lazy\" decoding=\"async\" width=\"720\" height=\"540\" data-id=\"2494\" src=\"https:\/\/charcoalplant.com\/wp-content\/uploads\/2022\/02\/paving-the-hookah-charcoal.jpg\" alt=\"nargile k\u00f6m\u00fcr\u00fc d\u00f6\u015femek\" class=\"wp-image-2494\"\/><figcaption class=\"wp-element-caption\">nargile k\u00f6m\u00fcr\u00fc d\u00f6\u015femek<\/figcaption><\/figure>    <figure class=\"wp-block-image size-large\"><img loading=\"lazy\" decoding=\"async\" width=\"720\" height=\"540\" data-id=\"1766\" src=\"https:\/\/charcoalplant.com\/wp-content\/uploads\/2021\/12\/hookah-charcoal-packing-machine.jpg\" alt=\"nargile k\u00f6m\u00fcr\u00fc da\u011f\u0131t\u0131c\u0131s\u0131\" class=\"wp-image-1766\" srcset=\"https:\/\/charcoalplant.com\/wp-content\/uploads\/2021\/12\/hookah-charcoal-packing-machine.jpg 720w, https:\/\/charcoalplant.com\/wp-content\/uploads\/2021\/12\/hookah-charcoal-packing-machine-300x225.jpg 300w\" sizes=\"auto, (max-width: 720px) 100vw, 720px\" \/><figcaption class=\"wp-element-caption\">Nargile k\u00f6m\u00fcr\u00fc da\u011f\u0131t\u0131c\u0131s\u0131<\/figcaption><\/figure> <\/figure>    <p class=\"translation-block\"><strong>Is\u0131yla daralan paketleme makinesi<\/strong>, normal \u00fcr\u00fcnleri paketleyen bir cihazd\u0131r. \u00dcr\u00fcn\u00fcn d\u0131\u015f\u0131na plastik film eklemek kutunun \u00e7izilmesini \u00f6nleyebilir ve ayr\u0131ca nemi \u00f6nleyebilir.<\/p>    <h3 class=\"wp-block-heading\">Yuvarlak, b\u00fcy\u00fck k\u00f6m\u00fcr ambalaj ekran\u0131<\/h3>    <figure class=\"wp-block-gallery has-nested-images columns-default is-cropped wp-block-gallery-3 is-layout-flex wp-block-gallery-is-layout-flex\"> <figure class=\"wp-block-image size-large\"><img loading=\"lazy\" decoding=\"async\" width=\"720\" height=\"540\" data-id=\"1770\" src=\"https:\/\/charcoalplant.com\/wp-content\/uploads\/2022\/01\/hookah-charcoal-briquette-wrapping-show.jpg\" alt=\"nargile-k\u00f6m\u00fcr-briket-sarma-show\" class=\"wp-image-1770\" srcset=\"https:\/\/charcoalplant.com\/wp-content\/uploads\/2022\/01\/hookah-charcoal-briquette-wrapping-show.jpg 720w, https:\/\/charcoalplant.com\/wp-content\/uploads\/2022\/01\/hookah-charcoal-briquette-wrapping-show-300x225.jpg 300w\" sizes=\"auto, (max-width: 720px) 100vw, 720px\" \/><figcaption class=\"wp-element-caption\">nargile-k\u00f6m\u00fcr-briket-sarma-show<\/figcaption><\/figure>    <figure class=\"wp-block-image size-large\"><img loading=\"lazy\" decoding=\"async\" width=\"720\" height=\"540\" data-id=\"1771\" src=\"https:\/\/charcoalplant.com\/wp-content\/uploads\/2022\/01\/shisha-charcoal-bagging-effect.jpg\" alt=\"nargile-k\u00f6m\u00fcr\u00fc-torbalama-etkisi\" class=\"wp-image-1771\" srcset=\"https:\/\/charcoalplant.com\/wp-content\/uploads\/2022\/01\/shisha-charcoal-bagging-effect.jpg 720w, https:\/\/charcoalplant.com\/wp-content\/uploads\/2022\/01\/shisha-charcoal-bagging-effect-300x225.jpg 300w\" sizes=\"auto, (max-width: 720px) 100vw, 720px\" \/><figcaption class=\"wp-element-caption\">nargile-k\u00f6m\u00fcr\u00fc-torbalama-etkisi<\/figcaption><\/figure> <\/figure>    <figure class=\"wp-block-embed is-type-video is-provider-youtube wp-block-embed-youtube wp-embed-aspect-16-9 wp-has-aspect-ratio\"><div class=\"wp-block-embed__wrapper\"> <iframe loading=\"lazy\" title=\"En \u0130yi Hindistan Cevizi K\u00f6m\u00fcr\u00fc Nargile Tableti | D\u00f6ner Nargile Tablet Makinas\u0131 Tesisi#shishacharcoal#Ab\" width=\"500\" height=\"281\" src=\"https:\/\/www.youtube.com\/embed\/SCr3JOp5PN8?feature=oembed\" frameborder=\"0\" allow=\"accelerometer; autoplay; clipboard-write; encrypted-media; gyroscope; picture-in-picture; web-share\" referrerpolicy=\"strict-origin-when-cross-origin\" allowfullscreen><\/iframe> <\/div><\/figure>    <h3 class=\"wp-block-heading\">K\u00f6m\u00fcr paketleme makinesinin parametreleri<\/h3>    <p>A\u015fa\u011f\u0131dakiler 3 model yast\u0131k paketleme makinesinin parametreleridir.<\/p>    <figure class=\"wp-block-table is-style-stripes\"><table><tbody><tr><td class=\"has-text-align-left\" data-align=\"left\">           <strong>Modeli<\/strong><\/td><td>         <strong>TH-250B<\/strong><\/td><td>       <strong>TH-250D<\/strong><\/td><td>         <strong>TH-250S<\/strong><\/td><\/tr><tr><td class=\"has-text-align-left\" data-align=\"left\">       <strong>Film geni\u015fli\u011fi <\/strong><\/td><td>         Maks.250mm <\/td><td>       Maks.250mm <\/td><td>         Maks.180mm <\/td><\/tr><tr><td class=\"has-text-align-left\" data-align=\"left\">       <strong>\u00c7anta uzunlu\u011fu<\/strong><\/td><td>         65~190mm <br>        120~280mm<\/td><td>       90~220 mm<\/td><td>         45 ~ 90mm<\/td><\/tr><tr><td class=\"has-text-align-left\" data-align=\"left\">       <strong>\u00c7anta geni\u015fli\u011fi<\/strong> <\/td><td>         30~110mm <\/td><td>       30~110mm <\/td><td>         30 ~ 80mm <\/td><\/tr><tr><td class=\"has-text-align-left\" data-align=\"left\">   <strong>\u00dcr\u00fcn y\u00fcksekli\u011fi<\/strong><\/td><td>         Maks.40mm<\/td><td>       Maks.55mm<\/td><td>         Maks.35 mmn<\/td><\/tr><tr><td class=\"has-text-align-left\" data-align=\"left\"> <strong>Film rulosu \u00e7ap\u0131 <\/strong><\/td><td>         Maks.320Tm <\/td><td>       Maks.320Tm  <\/td><td>         Maks.320Tm  <\/td><\/tr><tr><td class=\"has-text-align-left\" data-align=\"left\">   <strong>Paketleme h\u0131z\u0131<\/strong> <\/td><td> 40-230 Paket\/dak <\/td><td>40-230 Paket\/dak  <\/td><td> 60-330 Paket\/dak  <\/td><\/tr><\/tbody><\/table><\/figure>    <h2 class=\"wp-block-heading\" id=\"h-cube-shisha-charcoal-briquettes-packing-machine\"><strong>Tip 2<\/strong>: <strong>K\u00fcp nargile k\u00f6m\u00fcr\u00fc paketleme makinesi<\/strong> <strong>sat\u0131l\u0131k<\/strong><\/h2>    <p>Nargile k\u00f6m\u00fcr\u00fc paketleme makinesini daha net tan\u0131tabilmek ad\u0131na Youtube videosu haz\u0131rlad\u0131k. A\u015fa\u011f\u0131da kare nargile k\u00f6m\u00fcr\u00fc paketleme makinesinin \u00e7al\u0131\u015fma videosu bulunmaktad\u0131r. \u0130zlemeye ho\u015f geldiniz, be\u011fendiyseniz abone olmay\u0131 unutmay\u0131n.<\/p>    <figure class=\"wp-block-embed is-type-video is-provider-youtube wp-block-embed-youtube wp-embed-aspect-16-9 wp-has-aspect-ratio\"><div class=\"wp-block-embed__wrapper\"> <iframe loading=\"lazy\" title=\"D\u00f6ner K\u00fcp Nargile K\u00f6m\u00fcr\u00fc Presi | K\u00f6m\u00fcr Tozu Briket Paketleme Makinesi#cubeshishacharcoal\" width=\"500\" height=\"281\" src=\"https:\/\/www.youtube.com\/embed\/Xr96E5YjIis?feature=oembed\" frameborder=\"0\" allow=\"accelerometer; autoplay; clipboard-write; encrypted-media; gyroscope; picture-in-picture; web-share\" referrerpolicy=\"strict-origin-when-cross-origin\" allowfullscreen><\/iframe> <\/div><\/figure>    <h3 class=\"wp-block-heading\">K\u00fcp b\u00fcy\u00fck k\u00f6m\u00fcr ambalaj ekran\u0131<\/h3>    <figure class=\"wp-block-gallery has-nested-images columns-default is-cropped wp-block-gallery-4 is-layout-flex wp-block-gallery-is-layout-flex\"> <figure class=\"wp-block-image size-large\"><img loading=\"lazy\" decoding=\"async\" width=\"720\" height=\"540\" data-id=\"2502\" src=\"https:\/\/charcoalplant.com\/wp-content\/uploads\/2022\/02\/72-Pcs-Box-Natural-Coconut-Shell-Cubes-Coal-Charcoal-for-Shisha.jpg\" alt=\"72&#039;li Kutu-Do\u011fal-Hindistan Cevizi Kabu\u011fu-K\u00fcp-K\u00f6m\u00fcr-K\u00f6m\u00fcr-Nargile\" class=\"wp-image-2502\"\/><figcaption class=\"wp-element-caption\">72'li Kutu-Do\u011fal-Hindistan Cevizi Kabu\u011fu-K\u00fcp-K\u00f6m\u00fcr-K\u00f6m\u00fcr-Nargile<\/figcaption><\/figure>    <figure class=\"wp-block-image size-large\"><img loading=\"lazy\" decoding=\"async\" width=\"720\" height=\"540\" data-id=\"2503\" src=\"https:\/\/charcoalplant.com\/wp-content\/uploads\/2022\/02\/cube-charcoal-.jpg\" alt=\"k\u00fcp k\u00f6m\u00fcr\" class=\"wp-image-2503\"\/><figcaption class=\"wp-element-caption\">k\u00fcp k\u00f6m\u00fcr<\/figcaption><\/figure> <\/figure>    <h2 class=\"wp-block-heading\"><strong>Tip 3<\/strong>: <strong>Barbek\u00fc k\u00f6m\u00fcr paketleme makinesi<\/strong> <strong>sat\u0131l\u0131k<\/strong><\/h2>    <p class=\"translation-block\">Bu t\u00fcr k\u00f6m\u00fcr paketleme makinesi kantitatif paketleme makinesi veya tart\u0131m paketleme makinesi olarak da adland\u0131r\u0131l\u0131r. Bu nedenle, makinenin nas\u0131l \u00e7al\u0131\u015ft\u0131\u011f\u0131n\u0131 kolayca anlayabiliriz. Yani, malzemelerin a\u011f\u0131rl\u0131\u011f\u0131n\u0131 kontrol ederek, malzemeler tekd\u00fcze bir \u015fekilde paketlenir. <a href=\"https:\/\/tianhuipackingmachine.com\/5-50kg-granule-filling-machine\/\" target=\"_blank\" rel=\"noopener\">kantitatif paketleme makinelerinin<\/a> malzemeleri genellikle d\u00f6kme ve blok \u00fcr\u00fcnlerdir. \u00d6rne\u011fin, g\u00fcbre, tah\u0131l, <a href=\"https:\/\/charcoalplant.com\/tr\/product\/charcoal-ball-press-machine\/\"><strong>mangal k\u00f6m\u00fcr\u00fc<\/strong><\/a>, un vb.<\/p>    <div class=\"wp-block-columns is-layout-flex wp-container-core-columns-is-layout-28f84493 wp-block-columns-is-layout-flex\"> <div class=\"wp-block-column is-layout-flow wp-block-column-is-layout-flow\"> <figure class=\"wp-block-image size-full\"><img loading=\"lazy\" decoding=\"async\" width=\"720\" height=\"540\" src=\"https:\/\/charcoalplant.com\/wp-content\/uploads\/2021\/12\/quantitative-packaging-machine.jpg\" alt=\"kantitatif paketleme makinesi\" class=\"wp-image-3500\"\/><figcaption class=\"wp-element-caption\">kantitatif paketleme makinesi<\/figcaption><\/figure> <\/div>    <div class=\"wp-block-column is-layout-flow wp-block-column-is-layout-flow\"> <figure class=\"wp-block-image size-full\"><img loading=\"lazy\" decoding=\"async\" width=\"720\" height=\"540\" src=\"https:\/\/charcoalplant.com\/wp-content\/uploads\/2021\/12\/charcoal-briquette-filling-machine.jpg\" alt=\"k\u00f6m\u00fcr briket dolum makinas\u0131\" class=\"wp-image-3501\"\/><figcaption class=\"wp-element-caption\">k\u00f6m\u00fcr briket dolum makinas\u0131<\/figcaption><\/figure> <\/div> <\/div>    <h3 class=\"wp-block-heading\">Barbek\u00fc k\u00f6m\u00fcr\u00fcn\u00fcn paketleme \u00f6zellikleri<\/h3>    <p>Yap\u0131s\u0131 temel olarak yem giri\u015fi, kap\u0131, tart\u0131m hunisi, \u00e7er\u00e7eve, sens\u00f6r, kontrol kutusu, ta\u015f\u0131ma ve paketleme makinesi vb. i\u00e7erir. Bir yandan kendi paketleme sistemiyle birlikte gelir. \u00d6te yandan ambalaj po\u015fetleri \u00e7e\u015fitli \u015fekillerde se\u00e7ilebilmektedir. \u00d6rne\u011fin kraft ka\u011f\u0131t, dokuma \u00e7anta, \u00e7uval, bez \u00e7anta.<\/p>    <figure class=\"wp-block-gallery has-nested-images columns-default is-cropped wp-block-gallery-5 is-layout-flex wp-block-gallery-is-layout-flex\"> <figure class=\"wp-block-image size-large\"><img loading=\"lazy\" decoding=\"async\" width=\"720\" height=\"540\" data-id=\"2499\" src=\"https:\/\/charcoalplant.com\/wp-content\/uploads\/2022\/02\/5kg-10kg-and-15kg-BBQ-charcoal-display.jpg\" alt=\"5kg-10kg-ve-15kg-Barbek\u00fc-k\u00f6m\u00fcr-te\u015fhir\" class=\"wp-image-2499\"\/><figcaption class=\"wp-element-caption\">5kg-10kg-ve-15kg-Barbek\u00fc-k\u00f6m\u00fcr-te\u015fhir<\/figcaption><\/figure>    <figure class=\"wp-block-image size-large\"><img loading=\"lazy\" decoding=\"async\" width=\"720\" height=\"540\" data-id=\"2500\" src=\"https:\/\/charcoalplant.com\/wp-content\/uploads\/2022\/02\/different-bags.jpg\" alt=\"farkl\u0131-\u00e7antalar\" class=\"wp-image-2500\"\/><figcaption class=\"wp-element-caption\">farkl\u0131-\u00e7antalar<\/figcaption><\/figure> <\/figure>    <h2 class=\"wp-block-heading\" id=\"h-bbq-coal-wrapper-equipment\"><strong>Tip 4: Barbek\u00fc<\/strong> <strong>k\u00f6m\u00fcr sarma ekipmanlar\u0131<\/strong> <strong>sat\u0131l\u0131k<\/strong> <\/h2>    <p class=\"translation-block\">Bu t\u00fcr paketleme makinesi s\u0131zd\u0131rmazl\u0131k ve kesme makinesi olarak adland\u0131r\u0131l\u0131r. \u00c7ekirdek teknolojisi \u0131s\u0131 b\u00fcz\u00fc\u015fmeli paketleme oldu\u011fundan. Bu nedenle, <a href=\"https:\/\/tianhuipackingmachine.com\/shrink-packing-machine\/\" target=\"_blank\" rel=\"noopener\"><strong>\u0131s\u0131 b\u00fcz\u00fc\u015fmeli paketleme makinesi<\/strong><\/a> olarak da adland\u0131r\u0131l\u0131r. <\/p>    <figure class=\"wp-block-image aligncenter size-full\"><img loading=\"lazy\" decoding=\"async\" width=\"720\" height=\"540\" src=\"https:\/\/charcoalplant.com\/wp-content\/uploads\/2022\/01\/coal-wrapper-.jpg\" alt=\"k\u00f6m\u00fcr sar\u0131c\u0131\" class=\"wp-image-1764\" srcset=\"https:\/\/charcoalplant.com\/wp-content\/uploads\/2022\/01\/coal-wrapper-.jpg 720w, https:\/\/charcoalplant.com\/wp-content\/uploads\/2022\/01\/coal-wrapper--300x225.jpg 300w\" sizes=\"auto, (max-width: 720px) 100vw, 720px\" \/><figcaption class=\"wp-element-caption\">k\u00f6m\u00fcr sar\u0131c\u0131<\/figcaption><\/figure>    <h3 class=\"wp-block-heading\">Petek k\u00f6m\u00fcr\u00fcn\u00fcn paketleme \u00f6zellikleri <\/h3>    <p class=\"translation-block\">Ge\u00e7mi\u015fte, briket satan ustalar briket y\u00fckleme ve bo\u015faltma i\u00e7in teknolojiye g\u00fcveniyorlard\u0131. Bir seferde bir y\u0131\u011f\u0131n <strong><a href=\"https:\/\/charcoalplant.com\/tr\/coal-briquettes-production-line\/\">briket<\/a><\/strong> ta\u015f\u0131yorlard\u0131. Ve genellikle bir\u00e7ok briketi hasar veriyordu. Bu y\u00fczden \u015fimdi paketleme i\u00e7in bir birim olarak belirli say\u0131da briketi i\u015flemek i\u00e7in plastik paketleme teknolojisini kullan\u0131yoruz. Bu sadece y\u00fckleme ve bo\u015faltma i\u00e7in de\u011fil, ayn\u0131 zamanda <a href=\"https:\/\/charcoalplant.com\/tr\/product\/honeycomb-coal-press-machine\/\"><strong>petek briket<\/strong><\/a> korumak i\u00e7in de iyidir.<\/p>    <figure class=\"wp-block-gallery has-nested-images columns-default is-cropped wp-block-gallery-6 is-layout-flex wp-block-gallery-is-layout-flex\"> <figure class=\"wp-block-image size-large\"><img loading=\"lazy\" decoding=\"async\" width=\"720\" height=\"540\" data-id=\"1769\" src=\"https:\/\/charcoalplant.com\/wp-content\/uploads\/2022\/01\/coal-wrapping-effect.jpg\" alt=\"k\u00f6m\u00fcr sarma etkisi\" class=\"wp-image-1769\" srcset=\"https:\/\/charcoalplant.com\/wp-content\/uploads\/2022\/01\/coal-wrapping-effect.jpg 720w, https:\/\/charcoalplant.com\/wp-content\/uploads\/2022\/01\/coal-wrapping-effect-300x225.jpg 300w\" sizes=\"auto, (max-width: 720px) 100vw, 720px\" \/><figcaption class=\"wp-element-caption\">k\u00f6m\u00fcr sarma etkisi<\/figcaption><\/figure>    <figure class=\"wp-block-image size-large\"><img loading=\"lazy\" decoding=\"async\" width=\"720\" height=\"540\" data-id=\"2501\" src=\"https:\/\/charcoalplant.com\/wp-content\/uploads\/2022\/02\/coconut-shell-charcoal-briquette.jpg\" alt=\"Hindistan cevizi-kabuk-k\u00f6m\u00fcr-briket\" class=\"wp-image-2501\"\/><figcaption class=\"wp-element-caption\">Hindistan cevizi-kabuk-k\u00f6m\u00fcr-briket<\/figcaption><\/figure> <\/figure>    <h2 class=\"wp-block-heading\" id=\"h-charcoal-briquettes-wrapping-machine-for-sale\"><strong>K\u00f6m\u00fcr briket paketleme makinesi<\/strong> | <strong>en iyi fiyat<\/strong><\/h2>    <p>Esas olarak \u00fc\u00e7 tip k\u00f6m\u00fcr briket paketleme makinesi sat\u0131yoruz. Bunlar yast\u0131k paketleme makinesi, kantitatif paketleme makinesi ve \u015frink paketleme makinesidir. Farkl\u0131 malzemeler i\u00e7in size \u00f6zel paketleme makineleri \u00f6nerece\u011fiz. Ayn\u0131 zamanda uygulama kapsam\u0131 ve \u00f6nlemleri konusunda da sizleri bilgilendirece\u011fiz. Bu \u00fc\u00e7 k\u00f6m\u00fcr briket paketleme makinesi genellikle k\u00f6m\u00fcr briket \u00fcretim hatt\u0131nda g\u00f6r\u00fcl\u00fcr. E\u011fer ilgileniyorsan\u0131z, l\u00fctfen bizimle ileti\u015fime ge\u00e7in. En samimi hizmeti sunaca\u011f\u0131z.<\/p>","protected":false},"excerpt":{"rendered":"<p>K\u00f6m\u00fcr Briket Paketleme Makinas\u0131n\u0131n kullan\u0131m\u0131 kolayd\u0131r. Ve nargile k\u00f6m\u00fcr\u00fc, k\u00f6m\u00fcr topu, k\u00f6m\u00fcr \u00e7ubuklar\u0131, k\u00f6m\u00fcr tozu vb. paketleyebilir.<\/p>","protected":false},"author":1,"featured_media":1503,"parent":0,"template":"","tags":[61],"product-type":[46],"class_list":["post-1497","product","type-product","status-publish","has-post-thumbnail","hentry","tag-briquettes-packing-machine","product-type-briquettes-packing-machine"],"_links":{"self":[{"href":"https:\/\/charcoalplant.com\/tr\/wp-json\/wp\/v2\/product\/1497","targetHints":{"allow":["GET"]}}],"collection":[{"href":"https:\/\/charcoalplant.com\/tr\/wp-json\/wp\/v2\/product"}],"about":[{"href":"https:\/\/charcoalplant.com\/tr\/wp-json\/wp\/v2\/types\/product"}],"author":[{"embeddable":true,"href":"https:\/\/charcoalplant.com\/tr\/wp-json\/wp\/v2\/users\/1"}],"wp:featuredmedia":[{"embeddable":true,"href":"https:\/\/charcoalplant.com\/tr\/wp-json\/wp\/v2\/media\/1503"}],"wp:attachment":[{"href":"https:\/\/charcoalplant.com\/tr\/wp-json\/wp\/v2\/media?parent=1497"}],"wp:term":[{"taxonomy":"post_tag","embeddable":true,"href":"https:\/\/charcoalplant.com\/tr\/wp-json\/wp\/v2\/tags?post=1497"},{"taxonomy":"product-type","embeddable":true,"href":"https:\/\/charcoalplant.com\/tr\/wp-json\/wp\/v2\/product-type?post=1497"}],"curies":[{"name":"wp","href":"https:\/\/api.w.org\/{rel}","templated":true}]}}