{"id":1519,"date":"2021-12-23T08:52:07","date_gmt":"2021-12-23T08:52:07","guid":{"rendered":"https:\/\/charcoalplant.com\/?p=1519"},"modified":"2023-02-02T16:37:10","modified_gmt":"2023-02-02T08:37:10","slug":"charcoal-raymond-mill","status":"publish","type":"product","link":"https:\/\/charcoalplant.com\/tr\/product\/charcoal-raymond-mill\/","title":{"rendered":"K\u00f6m\u00fcr Raymond De\u011firmeni | K\u00f6m\u00fcr Tozu Freze Makinesi"},"content":{"rendered":"<div class=\"kk-star-ratings kksr-auto kksr-align-left kksr-valign-top\"     data-payload='{&quot;align&quot;:&quot;left&quot;,&quot;id&quot;:&quot;1519&quot;,&quot;slug&quot;:&quot;default&quot;,&quot;valign&quot;:&quot;top&quot;,&quot;ignore&quot;:&quot;&quot;,&quot;reference&quot;:&quot;auto&quot;,&quot;class&quot;:&quot;&quot;,&quot;count&quot;:&quot;8&quot;,&quot;legendonly&quot;:&quot;&quot;,&quot;readonly&quot;:&quot;&quot;,&quot;score&quot;:&quot;4.8&quot;,&quot;starsonly&quot;:&quot;&quot;,&quot;best&quot;:&quot;5&quot;,&quot;gap&quot;:&quot;5&quot;,&quot;greet&quot;:&quot;Rate this product&quot;,&quot;legend&quot;:&quot;4.8\\\/5 - (8 votes)&quot;,&quot;size&quot;:&quot;24&quot;,&quot;title&quot;:&quot;Charcoal Raymond Mill | Coal Powder Milling Machine&quot;,&quot;width&quot;:&quot;136.7&quot;,&quot;_legend&quot;:&quot;{score}\\\/{best} - ({count} {votes})&quot;,&quot;font_factor&quot;:&quot;1.25&quot;}'>              <div class=\"kksr-stars\">      <div class=\"kksr-stars-inactive\">             <div class=\"kksr-star\" data-star=\"1\" style=\"padding-right: 5px\">               <div class=\"kksr-icon\" style=\"width: 24px; height: 24px;\"><\/div>         <\/div>             <div class=\"kksr-star\" data-star=\"2\" style=\"padding-right: 5px\">               <div class=\"kksr-icon\" style=\"width: 24px; height: 24px;\"><\/div>         <\/div>             <div class=\"kksr-star\" data-star=\"3\" style=\"padding-right: 5px\">               <div class=\"kksr-icon\" style=\"width: 24px; height: 24px;\"><\/div>         <\/div>             <div class=\"kksr-star\" data-star=\"4\" style=\"padding-right: 5px\">               <div class=\"kksr-icon\" style=\"width: 24px; height: 24px;\"><\/div>         <\/div>             <div class=\"kksr-star\" data-star=\"5\" style=\"padding-right: 5px\">               <div class=\"kksr-icon\" style=\"width: 24px; height: 24px;\"><\/div>         <\/div>     <\/div>      <div class=\"kksr-stars-active\" style=\"width: 136.7px;\">             <div class=\"kksr-star\" style=\"padding-right: 5px\">               <div class=\"kksr-icon\" style=\"width: 24px; height: 24px;\"><\/div>         <\/div>             <div class=\"kksr-star\" style=\"padding-right: 5px\">               <div class=\"kksr-icon\" style=\"width: 24px; height: 24px;\"><\/div>         <\/div>             <div class=\"kksr-star\" style=\"padding-right: 5px\">               <div class=\"kksr-icon\" style=\"width: 24px; height: 24px;\"><\/div>         <\/div>             <div class=\"kksr-star\" style=\"padding-right: 5px\">               <div class=\"kksr-icon\" style=\"width: 24px; height: 24px;\"><\/div>         <\/div>             <div class=\"kksr-star\" style=\"padding-right: 5px\">               <div class=\"kksr-icon\" style=\"width: 24px; height: 24px;\"><\/div>         <\/div>     <\/div> <\/div>                   <div class=\"kksr-legend\" style=\"font-size: 19.2px;\">             4.8\/5 - (8 oy)    <\/div>     <\/div>  <p class=\"translation-block\"><strong>K\u00f6m\u00fcr Raymond de\u011firmeni<\/strong> son derece g\u00fc\u00e7l\u00fc bir ezme g\u00fcc\u00fcne sahip a\u011f\u0131r hizmet de\u011firmenidir. Mohs sertli\u011fi 7'den d\u00fc\u015f\u00fck olan her t\u00fcrl\u00fc yan\u0131c\u0131 ve patlay\u0131c\u0131 olmayan ham maddeyi i\u015fleyebilir. Madencilik, k\u00f6m\u00fcr, odun k\u00f6m\u00fcr\u00fc, seramikler vb. Dahil. Ve ham madde taleplerine g\u00f6re \u00f6\u011f\u00fctme inceli\u011fini ayarlayabilir. Ayarlama aral\u0131\u011f\u0131 30-400 a\u011f aras\u0131ndad\u0131r. Bu nedenle, odun k\u00f6m\u00fcr\u00fc \u00fcr\u00fcnlerinin kalitesini art\u0131rmak i\u00e7in bir\u00e7ok odun k\u00f6m\u00fcr\u00fc \u00fcreticisi genellikle <strong><a href=\"https:\/\/charcoalplant.com\/tr\/shisha-charcoal-production-line\/\">odun k\u00f6m\u00fcr\u00fc \u00fcretim hatlar\u0131nda<\/a><\/strong> Raymond de\u011firmenleri kullan\u0131r. E\u011fer siz de \u00f6\u011f\u00fctme ekipman\u0131na ihtiya\u00e7 duyuyorsan\u0131z, l\u00fctfen hemen bizimle ileti\u015fime ge\u00e7in. Size maliyet a\u00e7\u0131s\u0131ndan etkili bir odun k\u00f6m\u00fcr\u00fc tozu de\u011firmeni makinesi sa\u011flayaca\u011f\u0131z.<\/p>    <h2 class=\"wp-block-heading\" id=\"h-what-is-a-charcoal-raymond-mill\">K\u00f6m\u00fcr Raymond De\u011firmeni nedir?<\/h2>    <p>Raymond de\u011firmeni yeni bir t\u00fcr tam otomatik freze ekipman\u0131d\u0131r. Sadece malzemeyi \u00f6\u011f\u00fctmekle kalmaz, ayn\u0131 zamanda tozu da ay\u0131rabilir. Yani bitmi\u015f \u00fcr\u00fcnleri otomatik olarak ay\u0131r\u0131p toplayabilir. Bu nedenle, k\u00f6m\u00fcr Raymond de\u011firmeni y\u00fcksek d\u00fczeyde otomatik k\u0131rma ekipman\u0131d\u0131r.<\/p>    <figure class=\"wp-block-image aligncenter size-full\"><img loading=\"lazy\" decoding=\"async\" width=\"720\" height=\"540\" src=\"https:\/\/charcoalplant.com\/wp-content\/uploads\/2021\/12\/charcoal-Raymond-mill-plant-1-1.jpg\" alt=\"k\u00f6m\u00fcr Raymond de\u011firmen tesisi\" class=\"wp-image-1528\" srcset=\"https:\/\/charcoalplant.com\/wp-content\/uploads\/2021\/12\/charcoal-Raymond-mill-plant-1-1.jpg 720w, https:\/\/charcoalplant.com\/wp-content\/uploads\/2021\/12\/charcoal-Raymond-mill-plant-1-1-300x225.jpg 300w\" sizes=\"auto, (max-width: 720px) 100vw, 720px\" \/><figcaption class=\"wp-element-caption\">k\u00f6m\u00fcr Raymond de\u011firmen tesisi<\/figcaption><\/figure>    <h2 class=\"wp-block-heading\">K\u00f6m\u00fcr Freze Makinesi Hammaddesi<\/h2>    <p>K\u00f6m\u00fcr Raymond De\u011firmeni \u00f6zel \u00f6\u011f\u00fctme ekipman\u0131d\u0131r. Bu nedenle \u00e7e\u015fitli hammaddeleri ezebilir ve geni\u015f bir uygulama alan\u0131na sahiptir. \u00d6rne\u011fin k\u00f6m\u00fcr, odun k\u00f6m\u00fcr\u00fc, aktif karbon, kire\u00e7ta\u015f\u0131, kalsit, granit, kaolin ve di\u011fer hammaddeler. Bu hammaddelerin nemi 6% aral\u0131\u011f\u0131nda tutulmal\u0131d\u0131r. Nem \u00e7ok b\u00fcy\u00fckse, \u00f6nce ham maddeleri kurutmak i\u00e7in bir \u00e7ama\u015f\u0131r kurutma makinesi kullanman\u0131z gerekir.<\/p>    <figure class=\"wp-block-gallery has-nested-images columns-default is-cropped wp-block-gallery-2 is-layout-flex wp-block-gallery-is-layout-flex\"> <figure class=\"wp-block-image size-large\"><img loading=\"lazy\" decoding=\"async\" width=\"720\" height=\"540\" data-id=\"2550\" src=\"https:\/\/charcoalplant.com\/wp-content\/uploads\/2022\/03\/charcoal-powder.jpg\" alt=\"k\u00f6m\u00fcr tozu\" class=\"wp-image-2550\"\/><figcaption class=\"wp-element-caption\">k\u00f6m\u00fcr tozu<\/figcaption><\/figure>    <figure class=\"wp-block-image size-large\"><img loading=\"lazy\" decoding=\"async\" width=\"720\" height=\"540\" data-id=\"2551\" src=\"https:\/\/charcoalplant.com\/wp-content\/uploads\/2022\/03\/mineral-material.jpg\" alt=\"mineral malzeme\" class=\"wp-image-2551\"\/><figcaption class=\"wp-element-caption\">mineral malzeme<\/figcaption><\/figure> <\/figure>    <h2 class=\"wp-block-heading\" id=\"h-structure-of-charcoal-powder-milling-machine\">K\u00f6m\u00fcr Tozu Freze Makinesinin Yap\u0131s\u0131<\/h2>    <p>K\u00f6m\u00fcr \u00f6\u011f\u00fct\u00fcc\u00fc makinesine Raymond \u00f6\u011f\u00fct\u00fcc\u00fc de denir. Yap\u0131s\u0131 esas olarak \u00e7er\u00e7eve, ta\u015flama silindiri, ta\u015flama diski, kapak, \u00fcfleyici, analiz cihaz\u0131, k\u00fcrek, siklon ay\u0131r\u0131c\u0131, boru hatt\u0131, motor ve di\u011fer par\u00e7alar\u0131 i\u00e7erir. <\/p>    <div class=\"wp-block-columns has-background is-layout-flex wp-container-core-columns-is-layout-28f84493 wp-block-columns-is-layout-flex\" style=\"background-color:#f1f1f1\"> <div class=\"wp-block-column is-layout-flow wp-block-column-is-layout-flow\" style=\"flex-basis:66.66%\"> <figure class=\"wp-block-gallery has-nested-images columns-default is-cropped wp-block-gallery-3 is-layout-flex wp-block-gallery-is-layout-flex\"> <figure class=\"wp-block-image size-large\"><img loading=\"lazy\" decoding=\"async\" width=\"720\" height=\"540\" data-id=\"1523\" src=\"https:\/\/charcoalplant.com\/wp-content\/uploads\/2021\/12\/Charcoal-Raymond-mill-shovel-1.jpg\" alt=\"K\u00f6m\u00fcr-Raymond-de\u011firmen-k\u00fcrek\" class=\"wp-image-1523\" srcset=\"https:\/\/charcoalplant.com\/wp-content\/uploads\/2021\/12\/Charcoal-Raymond-mill-shovel-1.jpg 720w, https:\/\/charcoalplant.com\/wp-content\/uploads\/2021\/12\/Charcoal-Raymond-mill-shovel-1-300x225.jpg 300w\" sizes=\"auto, (max-width: 720px) 100vw, 720px\" \/><figcaption class=\"wp-element-caption\">K\u00f6m\u00fcr-Raymond-de\u011firmen-k\u00fcrek<\/figcaption><\/figure> <\/figure> <\/div>    <div class=\"wp-block-column is-vertically-aligned-center is-layout-flow wp-block-column-is-layout-flow\" style=\"flex-basis:33.33%\"> <p class=\"translation-block\"><strong>B\u0131\u00e7ak<\/strong><\/p>    <p>Raymond de\u011firmen b\u0131\u00e7a\u011f\u0131, Raymond de\u011firmenindeki yayg\u0131n aksesuarlardan biri olup ayn\u0131 zamanda freze i\u015flerinde de \u00f6nemli aksesuarlardan biridir.<\/p> <\/div> <\/div>    <div class=\"wp-block-columns has-background is-layout-flex wp-container-core-columns-is-layout-28f84493 wp-block-columns-is-layout-flex\" style=\"background-color:#f1f1f1\"> <div class=\"wp-block-column is-vertically-aligned-center is-layout-flow wp-block-column-is-layout-flow\" style=\"flex-basis:33.33%\"> <p class=\"translation-block\"><strong>\u00d6\u011f\u00fctme Rulman\u0131<\/strong><\/p>    <p>Y\u00fcksek sertlik, iyi a\u015f\u0131nma direnci ve manyetik \u00f6zelliklerle karakterize edilir. Esas olarak \u00fcr\u00fcnlerin demirden ar\u0131nd\u0131r\u0131lmas\u0131 gereken toz i\u015fleme alan\u0131nda kullan\u0131l\u0131r.<\/p> <\/div>    <div class=\"wp-block-column is-layout-flow wp-block-column-is-layout-flow\" style=\"flex-basis:66.66%\"> <figure class=\"wp-block-gallery has-nested-images columns-default is-cropped wp-block-gallery-4 is-layout-flex wp-block-gallery-is-layout-flex\"> <figure class=\"wp-block-image size-full\"><img loading=\"lazy\" decoding=\"async\" width=\"720\" height=\"540\" data-id=\"2555\" src=\"https:\/\/charcoalplant.com\/wp-content\/uploads\/2022\/03\/grinding-roller-1.jpg\" alt=\"\" class=\"wp-image-2555\"\/><\/figure> <\/figure> <\/div> <\/div>    <div class=\"wp-block-columns has-background is-layout-flex wp-container-core-columns-is-layout-28f84493 wp-block-columns-is-layout-flex\" style=\"background-color:#f1f1f1\"> <div class=\"wp-block-column is-layout-flow wp-block-column-is-layout-flow\" style=\"flex-basis:66.66%\"> <figure class=\"wp-block-gallery has-nested-images columns-default is-cropped wp-block-gallery-5 is-layout-flex wp-block-gallery-is-layout-flex\"> <figure class=\"wp-block-image size-large\"><img loading=\"lazy\" decoding=\"async\" width=\"720\" height=\"540\" data-id=\"2547\" src=\"https:\/\/charcoalplant.com\/wp-content\/uploads\/2022\/03\/analyzer-disc.jpg\" alt=\"\" class=\"wp-image-2547\"\/><\/figure> <\/figure> <\/div>    <div class=\"wp-block-column is-vertically-aligned-center is-layout-flow wp-block-column-is-layout-flow\" style=\"flex-basis:33.33%\"> <p class=\"translation-block\"><strong>Analiz Diski<\/strong><\/p>    <p class=\"has-background\" style=\"background-color:#f1f1f1\">Raymond de\u011firmen analiz\u00f6r\u00fcn\u00fcn b\u0131\u00e7aklar\u0131, analiz\u00f6r\u00fcn blisk'inde bulunur. Raymond de\u011firmen analiz\u00f6r\u00fcn\u00fcn e\u011fimli b\u0131\u00e7ak yap\u0131s\u0131, k\u00f6m\u00fcr Raymond de\u011firmen analiz\u00f6r\u00fcn\u00fcn b\u0131\u00e7aklar\u0131 aras\u0131ndaki hava ak\u0131\u015f\u0131n\u0131n \u00e7ok g\u00fc\u00e7l\u00fc olmas\u0131 ve baz\u0131 kaba \u00e7apl\u0131 malzemelerin al\u0131nmas\u0131n\u0131n kolay olmas\u0131 sorununu \u00e7\u00f6zmektedir. d\u00fc\u015f\u00fck s\u0131n\u0131fland\u0131rma verimlili\u011fi sorunu.<\/p> <\/div> <\/div>    <p class=\"translation-block\">Genel olarak, odun k\u00f6m\u00fcr\u00fc Raymond makinesinin destekleyici ekipman\u0131 <strong><a href=\"https:\/\/charcoalplant.com\/tr\/hammer-mill\/\">\u00e7eki\u00e7 de\u011firmeni<\/a><\/strong>, bucket elevat\u00f6r\u00fc, elektromanyetik titre\u015fimli besleyici, elektrik kontrol kabini vb. i\u00e7erir. Bu ekipman, tam otomatik bir \u00f6\u011f\u00fctme \u00fcretim hatt\u0131 olarak birle\u015ftirilebilir. Karbon tozu de\u011firmeninin arkas\u0131na bir <strong><a href=\"https:\/\/charcoalplant.com\/tr\/grinder-and-mixer\/charcoal-powder-mixer\/\">tekerlek de\u011firmeni<\/a><\/strong> ve bir shisha k\u00f6m\u00fcr tableti makinesi koyarsan\u0131z, bu bir shisha k\u00f6m\u00fcr\u00fc \u00fcretim hatt\u0131 haline gelir.<\/p>    <h2 class=\"wp-block-heading\" id=\"h-how-does-the-coal-grinder-work\">K\u00f6m\u00fcr \u00d6\u011f\u00fct\u00fcc\u00fc Nas\u0131l \u00c7al\u0131\u015f\u0131r?<\/h2>    <ul class=\"wp-block-list\"> <li>K\u0131r\u0131lmas\u0131 gereken hammaddeler, besleme portundan k\u00f6m\u00fcr Raymond de\u011firmen makinesine girer. <\/li>    <li>Malzeme, \u00f6\u011f\u00fctme silindirinin ve \u00f6\u011f\u00fctme halkas\u0131n\u0131n s\u00fcrt\u00fcnmesi ve yuvarlanmas\u0131 alt\u0131nda ezilir. Bu s\u00fcre zarf\u0131nda ta\u015flama valsinin alt\u0131ndaki b\u0131\u00e7ak, ta\u015flama valsi ile ta\u015flama halkas\u0131 aras\u0131na s\u00fcrekli olarak malzeme besleyecektir. <\/li>    <li>Fan\u0131n etkisi alt\u0131nda toz yukar\u0131 do\u011fru hareket eder. Nitelikli toz, onu toplamak i\u00e7in analiz\u00f6rden ve siklon ay\u0131r\u0131c\u0131dan ge\u00e7er. Aksine vas\u0131fs\u0131z malzemeler detayl\u0131 olarak ula\u015f\u0131lamayan malzemelerdir. D\u00fc\u015fecek ve toprak olmaya devam edecek. \u00c7\u00fcnk\u00fc r\u00fczgar d\u00f6ng\u00fcseldir. Bu nedenle r\u00fczgar, toz giderme sisteminden ge\u00e7tikten sonra tekrar fana geri d\u00f6ner.<\/li> <\/ul>    <figure class=\"wp-block-image aligncenter size-full\"><img loading=\"lazy\" decoding=\"async\" width=\"720\" height=\"540\" src=\"https:\/\/charcoalplant.com\/wp-content\/uploads\/2021\/12\/charcoal-powder-mill.jpg\" alt=\"k\u00f6m\u00fcr tozu de\u011firmeni\" class=\"wp-image-2554\"\/><figcaption class=\"wp-element-caption\">k\u00f6m\u00fcr tozu de\u011firmeni<\/figcaption><\/figure>    <h2 class=\"has-vivid-red-color has-text-color wp-block-heading\">K\u00f6m\u00fcr Raymond De\u011firmeni Parametreleri<\/h2>    <figure class=\"wp-block-table is-style-stripes\"><table><tbody><tr><td>Modeli<\/td><td>SL-RM3R1410<\/td><td>SL-RM3R1815<\/td><td>SL-RM3R2215<\/td><\/tr><tr><td>&nbsp;Uzunluk (mm)<\/td><td>3340<\/td><td>2300<\/td><td>3500<\/td><\/tr><tr><td> Geni\u015flik (mm)<\/td><td>3865<\/td><td>2860<\/td><td>4280<\/td><\/tr><tr><td> Y\u00fcksek(mm)<\/td><td>4500<\/td><td>2800<\/td><td>4900<\/td><\/tr><\/tbody><\/table><\/figure>    <h2 class=\"wp-block-heading\" id=\"h-coal-grinder-manufacturer\">K\u00f6m\u00fcr \u00d6\u011f\u00fct\u00fcc\u00fc<strong> <\/strong>\u00dcretici<\/h2>    <p>Shuliy Machinery, Ar-Ge, tasar\u0131m ve \u00fcretimi entegre eden bir k\u00f6m\u00fcr makineleri \u00fcreticisidir. Sadece on y\u0131ldan fazla \u00fcretim tecr\u00fcbemiz yok. Ve zengin bir i\u015f deneyimimiz var. Fabrika, ekipman\u0131n yedek par\u00e7alar\u0131n\u0131n modelini, bile\u015fimini, boyutunu ve di\u011fer \u00f6zelliklerini s\u0131k\u0131 bir \u015fekilde kontrol eder. Bu nedenle fabrikam\u0131z i\u00e7 ve d\u0131\u015f pazar\u0131n b\u00fcy\u00fck be\u011fenisini kazanan ekipmanlar \u00fcretebilmektedir. Raymond de\u011firmeni ve k\u00f6m\u00fcr tozu kar\u0131\u015ft\u0131r\u0131c\u0131s\u0131 gibi. Bir i\u015f dan\u0131\u015fmanl\u0131\u011f\u0131 i\u00e7in bizimle ileti\u015fime ge\u00e7mekten memnuniyet duyar\u0131z.<\/p>    <figure class=\"wp-block-gallery has-nested-images columns-default is-cropped wp-block-gallery-6 is-layout-flex wp-block-gallery-is-layout-flex\"> <figure class=\"wp-block-image size-large\"><img loading=\"lazy\" decoding=\"async\" width=\"720\" height=\"540\" data-id=\"2559\" src=\"https:\/\/charcoalplant.com\/wp-content\/uploads\/2022\/03\/charcoal-raymond-mill-for-sale-1.jpg\" alt=\"sat\u0131l\u0131k k\u00f6m\u00fcr-raymond-de\u011firmeni\" class=\"wp-image-2559\"\/><figcaption class=\"wp-element-caption\">sat\u0131l\u0131k k\u00f6m\u00fcr-raymond-de\u011firmeni<\/figcaption><\/figure>    <figure class=\"wp-block-image size-large\"><img loading=\"lazy\" decoding=\"async\" width=\"720\" height=\"540\" data-id=\"2558\" src=\"https:\/\/charcoalplant.com\/wp-content\/uploads\/2022\/03\/coal-powder-mill-machine-plant.jpg\" alt=\"k\u00f6m\u00fcr-toz-de\u011firmeni-makine-fabrikas\u0131\" class=\"wp-image-2558\"\/><figcaption class=\"wp-element-caption\">k\u00f6m\u00fcr-toz-de\u011firmeni-makine-fabrikas\u0131<\/figcaption><\/figure> <\/figure>","protected":false},"excerpt":{"rendered":"<p>K\u00f6m\u00fcr Raymond Mill yaln\u0131zca k\u00f6m\u00fcr\u00fc ezmekle kalmaz. Ayr\u0131ca cevher, kuvars ta\u015f\u0131, k\u00f6m\u00fcr vb. k\u0131r\u0131labilir. K\u0131rma inceli\u011fi ayarlanabilir.<\/p>","protected":false},"author":1,"featured_media":1528,"parent":0,"template":"","tags":[62],"product-type":[42],"class_list":["post-1519","product","type-product","status-publish","has-post-thumbnail","hentry","tag-grinder-and-mixer","product-type-grinder-and-mixer"],"_links":{"self":[{"href":"https:\/\/charcoalplant.com\/tr\/wp-json\/wp\/v2\/product\/1519","targetHints":{"allow":["GET"]}}],"collection":[{"href":"https:\/\/charcoalplant.com\/tr\/wp-json\/wp\/v2\/product"}],"about":[{"href":"https:\/\/charcoalplant.com\/tr\/wp-json\/wp\/v2\/types\/product"}],"author":[{"embeddable":true,"href":"https:\/\/charcoalplant.com\/tr\/wp-json\/wp\/v2\/users\/1"}],"wp:featuredmedia":[{"embeddable":true,"href":"https:\/\/charcoalplant.com\/tr\/wp-json\/wp\/v2\/media\/1528"}],"wp:attachment":[{"href":"https:\/\/charcoalplant.com\/tr\/wp-json\/wp\/v2\/media?parent=1519"}],"wp:term":[{"taxonomy":"post_tag","embeddable":true,"href":"https:\/\/charcoalplant.com\/tr\/wp-json\/wp\/v2\/tags?post=1519"},{"taxonomy":"product-type","embeddable":true,"href":"https:\/\/charcoalplant.com\/tr\/wp-json\/wp\/v2\/product-type?post=1519"}],"curies":[{"name":"wp","href":"https:\/\/api.w.org\/{rel}","templated":true}]}}