{"id":1533,"date":"2021-12-27T05:48:53","date_gmt":"2021-12-27T05:48:53","guid":{"rendered":"https:\/\/charcoalplant.com\/?p=1533"},"modified":"2023-01-14T14:40:45","modified_gmt":"2023-01-14T06:40:45","slug":"charcoal-powder-mixer","status":"publish","type":"product","link":"https:\/\/charcoalplant.com\/tr\/product\/charcoal-powder-mixer\/","title":{"rendered":"K\u00f6m\u00fcr Tozu Kar\u0131\u015ft\u0131r\u0131c\u0131 | Tekerlekli Silindir Kar\u0131\u015ft\u0131rma Makinesi"},"content":{"rendered":"<div class=\"kk-star-ratings kksr-auto kksr-align-left kksr-valign-top\"     data-payload='{&quot;align&quot;:&quot;left&quot;,&quot;id&quot;:&quot;1533&quot;,&quot;slug&quot;:&quot;default&quot;,&quot;valign&quot;:&quot;top&quot;,&quot;ignore&quot;:&quot;&quot;,&quot;reference&quot;:&quot;auto&quot;,&quot;class&quot;:&quot;&quot;,&quot;count&quot;:&quot;24&quot;,&quot;legendonly&quot;:&quot;&quot;,&quot;readonly&quot;:&quot;&quot;,&quot;score&quot;:&quot;4.7&quot;,&quot;starsonly&quot;:&quot;&quot;,&quot;best&quot;:&quot;5&quot;,&quot;gap&quot;:&quot;5&quot;,&quot;greet&quot;:&quot;Rate this product&quot;,&quot;legend&quot;:&quot;4.7\\\/5 - (24 votes)&quot;,&quot;size&quot;:&quot;24&quot;,&quot;title&quot;:&quot;Charcoal Powder Mixer | Wheel Roller Mixing Machine&quot;,&quot;width&quot;:&quot;133.8&quot;,&quot;_legend&quot;:&quot;{score}\\\/{best} - ({count} {votes})&quot;,&quot;font_factor&quot;:&quot;1.25&quot;}'>              <div class=\"kksr-stars\">      <div class=\"kksr-stars-inactive\">             <div class=\"kksr-star\" data-star=\"1\" style=\"padding-right: 5px\">               <div class=\"kksr-icon\" style=\"width: 24px; height: 24px;\"><\/div>         <\/div>             <div class=\"kksr-star\" data-star=\"2\" style=\"padding-right: 5px\">               <div class=\"kksr-icon\" style=\"width: 24px; height: 24px;\"><\/div>         <\/div>             <div class=\"kksr-star\" data-star=\"3\" style=\"padding-right: 5px\">               <div class=\"kksr-icon\" style=\"width: 24px; height: 24px;\"><\/div>         <\/div>             <div class=\"kksr-star\" data-star=\"4\" style=\"padding-right: 5px\">               <div class=\"kksr-icon\" style=\"width: 24px; height: 24px;\"><\/div>         <\/div>             <div class=\"kksr-star\" data-star=\"5\" style=\"padding-right: 5px\">               <div class=\"kksr-icon\" style=\"width: 24px; height: 24px;\"><\/div>         <\/div>     <\/div>      <div class=\"kksr-stars-active\" style=\"width: 133.8px;\">             <div class=\"kksr-star\" style=\"padding-right: 5px\">               <div class=\"kksr-icon\" style=\"width: 24px; height: 24px;\"><\/div>         <\/div>             <div class=\"kksr-star\" style=\"padding-right: 5px\">               <div class=\"kksr-icon\" style=\"width: 24px; height: 24px;\"><\/div>         <\/div>             <div class=\"kksr-star\" style=\"padding-right: 5px\">               <div class=\"kksr-icon\" style=\"width: 24px; height: 24px;\"><\/div>         <\/div>             <div class=\"kksr-star\" style=\"padding-right: 5px\">               <div class=\"kksr-icon\" style=\"width: 24px; height: 24px;\"><\/div>         <\/div>             <div class=\"kksr-star\" style=\"padding-right: 5px\">               <div class=\"kksr-icon\" style=\"width: 24px; height: 24px;\"><\/div>         <\/div>     <\/div> <\/div>                   <div class=\"kksr-legend\" style=\"font-size: 19.2px;\">             4.7\/5 - (24 oy)    <\/div>     <\/div>  <p class=\"translation-block\"><strong>K\u00f6m\u00fcr tozu kar\u0131\u015ft\u0131r\u0131c\u0131<\/strong>, k\u00f6m\u00fcr \u00fcretim hatt\u0131ndaki gerekli bir i\u015fleme ekipman\u0131d\u0131r. \u00c7\u00fcnk\u00fc kullan\u0131m\u0131 sonraki \u00fcretimi daha sorunsuz hale getirecektir. Odun k\u00f6m\u00fcr\u00fc, pirin\u00e7 kabu\u011fu k\u00f6m\u00fcr\u00fc, refrakter \u00e7amur, kil, u\u00e7ucu k\u00fcl, c\u00fcruf, curuf, kal\u0131plama kumu vb. gibi \u00e7e\u015fitli \u0131slak ve kuru malzemeleri ve kolloidleri kar\u0131\u015ft\u0131rmak i\u00e7in uygundur. Gereksinimlerinizi b\u0131rakabilir veya bizi arayabilirsiniz, size g\u00f6n\u00fclden hizmet edece\u011fiz.<\/p>    <h2 class=\"wp-block-heading\" id=\"h-what-is-a-charcoal-powder-mixer-machine\"><strong>K\u00f6m\u00fcr tozu kar\u0131\u015ft\u0131r\u0131c\u0131 makinesi nedir?<\/strong><\/h2>    <p>K\u00f6m\u00fcr tozu kar\u0131\u015ft\u0131r\u0131c\u0131s\u0131, k\u00f6m\u00fcr yap\u0131m\u0131 i\u00e7in birincil i\u015fleme ekipman\u0131d\u0131r. Tekerlekli de\u011firmen kar\u0131\u015ft\u0131r\u0131c\u0131s\u0131n\u0131n ana i\u015flevi, hammaddeleri s\u0131k\u0131\u015ft\u0131r\u0131p kar\u0131\u015ft\u0131rmakt\u0131r. Ve bu ad\u0131m ayn\u0131 zamanda sonraki kal\u0131plama makinesinin i\u015flenmesinin de temelini olu\u015fturur.<\/p>    <figure class=\"wp-block-image aligncenter size-full\"><img loading=\"lazy\" decoding=\"async\" width=\"720\" height=\"540\" src=\"https:\/\/charcoalplant.com\/wp-content\/uploads\/2022\/03\/applications-of-charcoal-powder-mixer.jpg\" alt=\"k\u00f6m\u00fcr tozu kar\u0131\u015ft\u0131r\u0131c\u0131 uygulamalar\u0131\" class=\"wp-image-2574\"\/><figcaption class=\"wp-element-caption\">k\u00f6m\u00fcr tozu kar\u0131\u015ft\u0131r\u0131c\u0131 uygulamalar\u0131<\/figcaption><\/figure>    <h2 class=\"wp-block-heading\"><strong>Tekerlekli silindir kar\u0131\u015ft\u0131rma makinesinin \u00e7al\u0131\u015fma prensibi<\/strong><\/h2>    <p>K\u00f6m\u00fcr tozu kar\u0131\u015ft\u0131rma ekipman\u0131, iki silindiri dairesel hareketle hareket ettirmek i\u00e7in kay\u0131\u015f kasnaklar\u0131n\u0131 kullan\u0131r. Temel \u00e7al\u0131\u015fma prensibi, haddeleme ve kar\u0131\u015ft\u0131rma i\u015fleminden sonra toz ve ba\u011flay\u0131c\u0131n\u0131n iyi bir oranda su ile tamamen kar\u0131\u015ft\u0131r\u0131lmas\u0131d\u0131r. Malzemelerin kar\u0131\u015ft\u0131r\u0131lmas\u0131 yakla\u015f\u0131k 20 dakikada tamamlan\u0131r. Son olarak, homojen bir \u015fekilde kar\u0131\u015ft\u0131r\u0131lan malzemeler, \u00e7arkl\u0131 de\u011firmenin taban\u0131ndaki valftan bo\u015falt\u0131l\u0131r.<\/p>    <figure class=\"wp-block-gallery has-nested-images columns-default is-cropped wp-block-gallery-2 is-layout-flex wp-block-gallery-is-layout-flex\"> <figure class=\"wp-block-image size-large\"><img loading=\"lazy\" decoding=\"async\" width=\"720\" height=\"540\" data-id=\"2585\" src=\"https:\/\/charcoalplant.com\/wp-content\/uploads\/2022\/03\/large-vetcial-coal-powder-machine.jpg\" alt=\"\" class=\"wp-image-2585\"\/><\/figure>    <figure class=\"wp-block-image size-full\"><img loading=\"lazy\" decoding=\"async\" width=\"720\" height=\"540\" data-id=\"1539\" src=\"https:\/\/charcoalplant.com\/wp-content\/uploads\/2021\/12\/wheel-roller-mixing-machine-for-sale-1.jpg\" alt=\"sat\u0131l\u0131k tekerlekli-silindirli-kar\u0131\u015ft\u0131rma makinesi\" class=\"wp-image-1539\" srcset=\"https:\/\/charcoalplant.com\/wp-content\/uploads\/2021\/12\/wheel-roller-mixing-machine-for-sale-1.jpg 720w, https:\/\/charcoalplant.com\/wp-content\/uploads\/2021\/12\/wheel-roller-mixing-machine-for-sale-1-300x225.jpg 300w\" sizes=\"auto, (max-width: 720px) 100vw, 720px\" \/><figcaption class=\"wp-element-caption\">sat\u0131l\u0131k tekerlekli-silindirli-kar\u0131\u015ft\u0131rma makinesi<\/figcaption><\/figure> <\/figure>    <h2 class=\"wp-block-heading\" id=\"h-charcoal-powder-mixer-structure\"><strong>K\u00f6m\u00fcr tozu kar\u0131\u015ft\u0131r\u0131c\u0131 yap\u0131s\u0131<\/strong><strong><\/strong><\/h2>    <p>K\u00f6m\u00fcr tozu kar\u0131\u015ft\u0131rma makinesi esas olarak silindirler, diskler, kaz\u0131y\u0131c\u0131lar, red\u00fckt\u00f6rler, motorlar, valfler ve di\u011fer par\u00e7alar\u0131 i\u00e7erir. <\/p>    <div class=\"wp-block-columns has-background is-layout-flex wp-container-core-columns-is-layout-28f84493 wp-block-columns-is-layout-flex\" style=\"background-color:#f1f1f1\"> <div class=\"wp-block-column is-layout-flow wp-block-column-is-layout-flow\" style=\"flex-basis:66.66%\"> <figure class=\"wp-block-gallery has-nested-images columns-default is-cropped wp-block-gallery-3 is-layout-flex wp-block-gallery-is-layout-flex\"> <figure class=\"wp-block-image size-large\"><img loading=\"lazy\" decoding=\"async\" width=\"720\" height=\"540\" data-id=\"2578\" src=\"https:\/\/charcoalplant.com\/wp-content\/uploads\/2022\/03\/Roller.jpg\" alt=\"Rulo\" class=\"wp-image-2578\"\/><figcaption class=\"wp-element-caption\">Rulo<\/figcaption><\/figure> <\/figure> <\/div>    <div class=\"wp-block-column is-vertically-aligned-center is-layout-flow wp-block-column-is-layout-flow\" style=\"flex-basis:33.33%\"> <p class=\"translation-block\"><strong>Silindirler<\/strong><\/p>    <p>Bunlar\u0131n aras\u0131nda iki adet merdane bulunmaktad\u0131r, dolay\u0131s\u0131yla ama\u00e7 da ham maddeyi daha iyi ezmektir. Bu nedenle i\u015f verimlili\u011fi b\u00fcy\u00fck \u00f6l\u00e7\u00fcde art\u0131r\u0131ld\u0131.<\/p> <\/div> <\/div>    <div class=\"wp-block-columns has-background is-layout-flex wp-container-core-columns-is-layout-28f84493 wp-block-columns-is-layout-flex\" style=\"background-color:#f1f1f1\"> <div class=\"wp-block-column is-vertically-aligned-center is-layout-flow wp-block-column-is-layout-flow\" style=\"flex-basis:33.33%\"> <p class=\"translation-block\"><strong>\u00c7\u0131k\u0131\u015f<\/strong><\/p>    <p>K\u00f6m\u00fcr tozu kar\u0131\u015ft\u0131r\u0131c\u0131s\u0131n\u0131n bo\u015faltma portu makinenin alt\u0131ndad\u0131r. Bu nedenle i\u015flenmi\u015f k\u00f6m\u00fcr tozunun do\u011frudan kullan\u0131lmas\u0131 \u00e7ok uygundur.<\/p> <\/div>    <div class=\"wp-block-column is-layout-flow wp-block-column-is-layout-flow\" style=\"flex-basis:66.66%\"> <figure class=\"wp-block-gallery has-nested-images columns-default is-cropped wp-block-gallery-4 is-layout-flex wp-block-gallery-is-layout-flex\"> <figure class=\"wp-block-image size-large\"><img loading=\"lazy\" decoding=\"async\" width=\"753\" height=\"606\" data-id=\"2580\" src=\"https:\/\/charcoalplant.com\/wp-content\/uploads\/2022\/03\/outlet.jpg\" alt=\"\u00e7\u0131k\u0131\u015f\" class=\"wp-image-2580\"\/><figcaption class=\"wp-element-caption\">\u00e7\u0131k\u0131\u015f<\/figcaption><\/figure> <\/figure> <\/div> <\/div>    <div class=\"wp-block-columns has-background is-layout-flex wp-container-core-columns-is-layout-28f84493 wp-block-columns-is-layout-flex\" style=\"background-color:#f1f1f1\"> <div class=\"wp-block-column is-layout-flow wp-block-column-is-layout-flow\" style=\"flex-basis:66.66%\"> <figure class=\"wp-block-gallery has-nested-images columns-default is-cropped wp-block-gallery-5 is-layout-flex wp-block-gallery-is-layout-flex\"> <figure class=\"wp-block-image size-large\"><img loading=\"lazy\" decoding=\"async\" width=\"720\" height=\"540\" data-id=\"1523\" src=\"https:\/\/charcoalplant.com\/wp-content\/uploads\/2021\/12\/Charcoal-Raymond-mill-shovel-1.jpg\" alt=\"K\u00f6m\u00fcr-Raymond-de\u011firmen-k\u00fcrek\" class=\"wp-image-1523\" srcset=\"https:\/\/charcoalplant.com\/wp-content\/uploads\/2021\/12\/Charcoal-Raymond-mill-shovel-1.jpg 720w, https:\/\/charcoalplant.com\/wp-content\/uploads\/2021\/12\/Charcoal-Raymond-mill-shovel-1-300x225.jpg 300w\" sizes=\"auto, (max-width: 720px) 100vw, 720px\" \/><figcaption class=\"wp-element-caption\">K\u00f6m\u00fcr-Raymond-de\u011firmen-k\u00fcrek<\/figcaption><\/figure> <\/figure> <\/div>    <div class=\"wp-block-column is-vertically-aligned-center is-layout-flow wp-block-column-is-layout-flow\" style=\"flex-basis:33.33%\"> <p class=\"translation-block\"><strong>K\u00fcrek<\/strong><\/p>    <p>K\u00fcrek kullan\u0131m\u0131 da olduk\u00e7a ak\u0131ll\u0131cad\u0131r. Bir yandan tekrarlanan haddeleme etkisini elde etmek i\u00e7in malzemeyi temizler. \u00d6te yandan d\u00f6n\u00fc\u015f s\u0131ras\u0131nda kar\u0131\u015ft\u0131rma g\u00f6revini de \u00fcstlenir.<\/p> <\/div> <\/div>    <h2 class=\"wp-block-heading\" id=\"h-features-of-coal-dust-milling-machine\"><strong>K\u00f6m\u00fcr tozu freze makinesinin \u00f6zellikleri<\/strong><\/h2>    <p class=\"translation-block\"><strong>Shuliy Machinery<\/strong> \u00c7in'de m\u00fckemmel bir <strong><a href=\"https:\/\/charcoalplant.com\/tr\/charcoal-making-machine\/\">k\u00f6m\u00fcr makineleri<\/a><\/strong> \u00fcreticisidir. Fabrikam\u0131z taraf\u0131ndan \u00fcretilen k\u00f6m\u00fcr tozu kar\u0131\u015ft\u0131rma makinesi a\u015fa\u011f\u0131daki \u00f6zelliklere sahiptir:<\/p>    <p>1. Kar\u0131\u015ft\u0131rma ve \u00f6\u011f\u00fctme ayn\u0131 anda ger\u00e7ekle\u015ftirilir. Yani kar\u0131\u015ft\u0131rma etkisi iyidir.<\/p>    <p>2. \u00c7\u00fcnk\u00fc toz haline getirilmi\u015f k\u00f6m\u00fcr kar\u0131\u015ft\u0131r\u0131c\u0131s\u0131n\u0131n a\u015f\u0131nan par\u00e7alar\u0131 yoktur. Bu nedenle uzun kullan\u0131m \u00f6mr\u00fcne sahiptir<\/p>    <p>3. Bol miktarda hammadde ve geni\u015f uygulama.<\/p>    <p>4. Uygun bak\u0131m ve hasar g\u00f6rmesi kolay de\u011fildir.<\/p>    <p>5. Basit kullan\u0131m ve kararl\u0131 \u00e7al\u0131\u015fma.<\/p>    <figure class=\"wp-block-image aligncenter size-full\"><img loading=\"lazy\" decoding=\"async\" width=\"720\" height=\"540\" src=\"https:\/\/charcoalplant.com\/wp-content\/uploads\/2022\/03\/carbon-dust-mixing-machine-1.jpg\" alt=\"\" class=\"wp-image-2593\"\/><figcaption class=\"wp-element-caption\">karbon-toz-kar\u0131\u015ft\u0131rma-makinesi<\/figcaption><\/figure>    <h2 class=\"wp-block-heading\"><strong>Neden k\u00f6m\u00fcr kar\u0131\u015ft\u0131r\u0131c\u0131 makinesi kullanman\u0131z\u0131 tavsiye edersiniz?<\/strong><\/h2>    <p class=\"translation-block\">Dikey k\u00f6m\u00fcr kar\u0131\u015ft\u0131r\u0131c\u0131lar, y\u00fcksek kaliteli bitmi\u015f \u00fcr\u00fcnler \u00fcretmek isteyen bir\u00e7ok \u00fcretici i\u00e7in ilk tercihtir. \u00d6rne\u011fin, <strong><a href=\"https:\/\/charcoalplant.com\/tr\/charcoal-briquetting-machine\/rotary-hookah-tablet-press\/\">h\u0131zl\u0131 yanan nargile k\u00f6m\u00fcr\u00fc tesisi<\/a><\/strong>, seramik i\u015f\u00e7ili\u011fi, hayvan yemi \u00fcretimi vb. Kar\u0131\u015ft\u0131rma i\u015flemi s\u0131ras\u0131nda hem kar\u0131\u015ft\u0131rma hem de s\u0131kma etkisi oldu\u011fundan. Bu nedenle, malzeme par\u00e7ac\u0131klar\u0131 aras\u0131ndaki hava daha iyi bo\u015falt\u0131labilir. B\u00f6ylece kar\u0131\u015ft\u0131r\u0131lm\u0131\u015f \u00e7amur suyu e\u015fit hale gelir. K\u0131sacas\u0131, tekerlekli kar\u0131\u015ft\u0131r\u0131c\u0131lar\u0131n kullan\u0131m\u0131 malzeme kullan\u0131m oran\u0131n\u0131 b\u00fcy\u00fck \u00f6l\u00e7\u00fcde art\u0131rabilir.<\/p>    <figure class=\"wp-block-gallery has-nested-images columns-default is-cropped wp-block-gallery-6 is-layout-flex wp-block-gallery-is-layout-flex\"> <figure class=\"wp-block-image size-large\"><img loading=\"lazy\" decoding=\"async\" width=\"720\" height=\"540\" data-id=\"2611\" src=\"https:\/\/charcoalplant.com\/wp-content\/uploads\/2022\/03\/charcoal-powder-mixer-plant.jpg\" alt=\"k\u00f6m\u00fcr-toz-kar\u0131\u015ft\u0131r\u0131c\u0131-tesisi\" class=\"wp-image-2611\"\/><figcaption class=\"wp-element-caption\">k\u00f6m\u00fcr-toz-kar\u0131\u015ft\u0131r\u0131c\u0131-tesisi<\/figcaption><\/figure>    <figure class=\"wp-block-image size-large\"><img loading=\"lazy\" decoding=\"async\" width=\"720\" height=\"540\" data-id=\"2612\" src=\"https:\/\/charcoalplant.com\/wp-content\/uploads\/2022\/03\/factory-stock.jpg\" alt=\"fabrika stoku\" class=\"wp-image-2612\"\/><figcaption class=\"wp-element-caption\">fabrika stoku<\/figcaption><\/figure> <\/figure>    <h2 class=\"wp-block-heading\"><strong>K\u00f6m\u00fcr tozu kar\u0131\u015ft\u0131rma ekipman\u0131 \u00fcreticisinin videosu<\/strong><\/h2>    <figure class=\"wp-block-embed is-type-video is-provider-youtube wp-block-embed-youtube wp-embed-aspect-16-9 wp-has-aspect-ratio\"><div class=\"wp-block-embed__wrapper\"> <iframe loading=\"lazy\" title=\"K\u00f6m\u00fcr Tozu Kar\u0131\u015ft\u0131r\u0131c\u0131 Makinesi | K\u00f6m\u00fcr Tozu Kar\u0131\u015ft\u0131rma Ekipmanlar\u0131 \u00dcreticisi ve Tedarik\u00e7isi\" width=\"500\" height=\"281\" src=\"https:\/\/www.youtube.com\/embed\/l7g4RRgxObs?start=19&#038;feature=oembed\" frameborder=\"0\" allow=\"accelerometer; autoplay; clipboard-write; encrypted-media; gyroscope; picture-in-picture; web-share\" referrerpolicy=\"strict-origin-when-cross-origin\" allowfullscreen><\/iframe> <\/div><\/figure>    <h2 class=\"wp-block-heading\" id=\"h-parameters-of-wheel-roller-grinding-machine\"><strong>Tekerlekli silindir kar\u0131\u015ft\u0131r\u0131c\u0131 makinesinin parametreleri<\/strong><\/h2>    <p class=\"translation-block\">Farkl\u0131 \u00f6zelliklerde karbon tozu kar\u0131\u015ft\u0131r\u0131c\u0131lar\u0131 \u00fcretiyoruz. Ayr\u0131ca, kar\u0131\u015ft\u0131r\u0131c\u0131lar ve \u00fcretim hatlar\u0131 i\u00e7in <strong><a href=\"https:\/\/charcoalplant.com\/tr\/info\/3-sl-cg1500-wheel-mills-were-sold-to-south-africa\/\">\u00f6zelle\u015ftirilmi\u015f hizmetler<\/a><\/strong> sunuyoruz. Bu nedenle, karbon tozu kar\u0131\u015ft\u0131r\u0131c\u0131 makinesinin belirli fiyat\u0131n\u0131 \u00f6\u011frenmek istiyorsan\u0131z, dan\u0131\u015fmanl\u0131k i\u00e7in bizimle ileti\u015fime ge\u00e7in. Ayr\u0131ca size en son ekipman parametrelerini sa\u011flayaca\u011f\u0131z.<\/p>    <p>A\u015fa\u011f\u0131da sadece referans ama\u00e7l\u0131 olarak baz\u0131 \u00e7arkl\u0131 de\u011firmenlerin parametreleri verilmi\u015ftir:<\/p>    <figure class=\"wp-block-table is-style-stripes\"><table><tbody><tr><td>Modeli<\/td><td>SL-CG1<\/td><td>SL-CG2<\/td><td>SL-CG3<\/td><td>SL-CG4<\/td><\/tr><tr><td>Disk \u00e7ap\u0131 (mm)<\/td><td>1000<\/td><td>1200<\/td><td>1500<\/td><td>1600<\/td><\/tr><tr><td>Besleme miktar\u0131 (Kg)<\/td><td>110<\/td><td>150<\/td><td>350<\/td><td>450<\/td><\/tr><tr><td>Kar\u0131\u015ft\u0131rma d\u00f6ng\u00fcs\u00fc (dak)<\/td><td>3-8<\/td><td>3-5<\/td><td>3-5<\/td><td>3-5<\/td><\/tr><tr><td>Kapasite(ton\/saat)<\/td><td>1.5-2.5<\/td><td>1.5-3<\/td><td>7<\/td><td>9<\/td><\/tr><tr><td>Mil h\u0131z\u0131 (r\/dak)<\/td><td>41<\/td><td>41<\/td><td>37<\/td><td>37<\/td><\/tr><tr><td>G\u00fc\u00e7(KW)<\/td><td>5.5<\/td><td>7.5<\/td><td>15<\/td><td>18.5<\/td><\/tr><tr><td>Boyut(m)<\/td><td>1*1*1.2<\/td><td>1.2*1.2*1.3<\/td><td>1.5*1.5*1.6<\/td><td>1.6*1.6*1.7<\/td><\/tr><tr><td>A\u011f\u0131rl\u0131k(t)<\/td><td>1<\/td><td>1.2<\/td><td>2<\/td><td>2.5<\/td><\/tr><\/tbody><\/table><\/figure>    <h2 class=\"wp-block-heading\">M\u00fckemmel k\u00f6m\u00fcr tozu kar\u0131\u015ft\u0131r\u0131c\u0131lar\u0131 g\u00f6nderilmeye haz\u0131r<\/h2>    <figure class=\"wp-block-gallery has-nested-images columns-2 is-cropped wp-block-gallery-7 is-layout-flex wp-block-gallery-is-layout-flex\"> <figure class=\"wp-block-image size-large\"><img loading=\"lazy\" decoding=\"async\" width=\"720\" height=\"540\" data-id=\"2588\" src=\"https:\/\/charcoalplant.com\/wp-content\/uploads\/2022\/03\/small-charcoal-powder-mixer-for-sale-1.jpg\" alt=\"k\u00fc\u00e7\u00fck-k\u00f6m\u00fcr-toz-kar\u0131\u015ft\u0131r\u0131c\u0131-sat\u0131l\u0131k\" class=\"wp-image-2588\"\/><figcaption class=\"wp-element-caption\">k\u00fc\u00e7\u00fck-k\u00f6m\u00fcr-toz-kar\u0131\u015ft\u0131r\u0131c\u0131-sat\u0131l\u0131k<\/figcaption><\/figure>    <figure class=\"wp-block-image size-large\"><img loading=\"lazy\" decoding=\"async\" width=\"720\" height=\"540\" data-id=\"2590\" src=\"https:\/\/charcoalplant.com\/wp-content\/uploads\/2022\/03\/vertial-mixer-show.jpg\" alt=\"dikey mikser g\u00f6sterisi\" class=\"wp-image-2590\"\/><figcaption class=\"wp-element-caption\">dikey mikser g\u00f6sterisi<\/figcaption><\/figure>    <figure class=\"wp-block-image size-large\"><img loading=\"lazy\" decoding=\"async\" width=\"720\" height=\"540\" data-id=\"2587\" src=\"https:\/\/charcoalplant.com\/wp-content\/uploads\/2022\/03\/wheel-roller-for-sale.jpg\" alt=\"sat\u0131l\u0131k tekerlek silindiri\" class=\"wp-image-2587\"\/><figcaption class=\"wp-element-caption\">sat\u0131l\u0131k tekerlek silindiri<\/figcaption><\/figure>    <figure class=\"wp-block-image size-large\"><img loading=\"lazy\" decoding=\"async\" width=\"720\" height=\"540\" data-id=\"2589\" src=\"https:\/\/charcoalplant.com\/wp-content\/uploads\/2022\/03\/ship.jpg\" alt=\"sevkiyat\" class=\"wp-image-2589\"\/><figcaption class=\"wp-element-caption\">sevkiyat<\/figcaption><\/figure> <\/figure>","protected":false},"excerpt":{"rendered":"<p>K\u00f6m\u00fcr tozu kar\u0131\u015ft\u0131r\u0131c\u0131s\u0131, k\u0131rma ve kar\u0131\u015ft\u0131rmay\u0131 entegre eden bir ekipmand\u0131r. Ve malzemenin neminden etkilenmez.<\/p>","protected":false},"author":1,"featured_media":1534,"parent":0,"template":"","tags":[62],"product-type":[42],"class_list":["post-1533","product","type-product","status-publish","has-post-thumbnail","hentry","tag-grinder-and-mixer","product-type-grinder-and-mixer"],"_links":{"self":[{"href":"https:\/\/charcoalplant.com\/tr\/wp-json\/wp\/v2\/product\/1533","targetHints":{"allow":["GET"]}}],"collection":[{"href":"https:\/\/charcoalplant.com\/tr\/wp-json\/wp\/v2\/product"}],"about":[{"href":"https:\/\/charcoalplant.com\/tr\/wp-json\/wp\/v2\/types\/product"}],"author":[{"embeddable":true,"href":"https:\/\/charcoalplant.com\/tr\/wp-json\/wp\/v2\/users\/1"}],"wp:featuredmedia":[{"embeddable":true,"href":"https:\/\/charcoalplant.com\/tr\/wp-json\/wp\/v2\/media\/1534"}],"wp:attachment":[{"href":"https:\/\/charcoalplant.com\/tr\/wp-json\/wp\/v2\/media?parent=1533"}],"wp:term":[{"taxonomy":"post_tag","embeddable":true,"href":"https:\/\/charcoalplant.com\/tr\/wp-json\/wp\/v2\/tags?post=1533"},{"taxonomy":"product-type","embeddable":true,"href":"https:\/\/charcoalplant.com\/tr\/wp-json\/wp\/v2\/product-type?post=1533"}],"curies":[{"name":"wp","href":"https:\/\/api.w.org\/{rel}","templated":true}]}}