{"id":1547,"date":"2021-12-27T08:05:11","date_gmt":"2021-12-27T08:05:11","guid":{"rendered":"https:\/\/charcoalplant.com\/?p=1547"},"modified":"2023-04-14T09:25:21","modified_gmt":"2023-04-14T01:25:21","slug":"charcoal-shredder","status":"publish","type":"product","link":"https:\/\/charcoalplant.com\/tr\/product\/charcoal-shredder\/","title":{"rendered":"K\u00f6m\u00fcr Par\u00e7alay\u0131c\u0131 | K\u00f6m\u00fcr \u00d6\u011f\u00fct\u00fcc\u00fc Makinas\u0131"},"content":{"rendered":"<div class=\"kk-star-ratings kksr-auto kksr-align-left kksr-valign-top\"     data-payload='{&quot;align&quot;:&quot;left&quot;,&quot;id&quot;:&quot;1547&quot;,&quot;slug&quot;:&quot;default&quot;,&quot;valign&quot;:&quot;top&quot;,&quot;ignore&quot;:&quot;&quot;,&quot;reference&quot;:&quot;auto&quot;,&quot;class&quot;:&quot;&quot;,&quot;count&quot;:&quot;27&quot;,&quot;legendonly&quot;:&quot;&quot;,&quot;readonly&quot;:&quot;&quot;,&quot;score&quot;:&quot;4.7&quot;,&quot;starsonly&quot;:&quot;&quot;,&quot;best&quot;:&quot;5&quot;,&quot;gap&quot;:&quot;5&quot;,&quot;greet&quot;:&quot;Rate this product&quot;,&quot;legend&quot;:&quot;4.7\\\/5 - (27 votes)&quot;,&quot;size&quot;:&quot;24&quot;,&quot;title&quot;:&quot;Charcoal Shredder | Coal Grinder Machine&quot;,&quot;width&quot;:&quot;133.8&quot;,&quot;_legend&quot;:&quot;{score}\\\/{best} - ({count} {votes})&quot;,&quot;font_factor&quot;:&quot;1.25&quot;}'>              <div class=\"kksr-stars\">      <div class=\"kksr-stars-inactive\">             <div class=\"kksr-star\" data-star=\"1\" style=\"padding-right: 5px\">               <div class=\"kksr-icon\" style=\"width: 24px; height: 24px;\"><\/div>         <\/div>             <div class=\"kksr-star\" data-star=\"2\" style=\"padding-right: 5px\">               <div class=\"kksr-icon\" style=\"width: 24px; height: 24px;\"><\/div>         <\/div>             <div class=\"kksr-star\" data-star=\"3\" style=\"padding-right: 5px\">               <div class=\"kksr-icon\" style=\"width: 24px; height: 24px;\"><\/div>         <\/div>             <div class=\"kksr-star\" data-star=\"4\" style=\"padding-right: 5px\">               <div class=\"kksr-icon\" style=\"width: 24px; height: 24px;\"><\/div>         <\/div>             <div class=\"kksr-star\" data-star=\"5\" style=\"padding-right: 5px\">               <div class=\"kksr-icon\" style=\"width: 24px; height: 24px;\"><\/div>         <\/div>     <\/div>      <div class=\"kksr-stars-active\" style=\"width: 133.8px;\">             <div class=\"kksr-star\" style=\"padding-right: 5px\">               <div class=\"kksr-icon\" style=\"width: 24px; height: 24px;\"><\/div>         <\/div>             <div class=\"kksr-star\" style=\"padding-right: 5px\">               <div class=\"kksr-icon\" style=\"width: 24px; height: 24px;\"><\/div>         <\/div>             <div class=\"kksr-star\" style=\"padding-right: 5px\">               <div class=\"kksr-icon\" style=\"width: 24px; height: 24px;\"><\/div>         <\/div>             <div class=\"kksr-star\" style=\"padding-right: 5px\">               <div class=\"kksr-icon\" style=\"width: 24px; height: 24px;\"><\/div>         <\/div>             <div class=\"kksr-star\" style=\"padding-right: 5px\">               <div class=\"kksr-icon\" style=\"width: 24px; height: 24px;\"><\/div>         <\/div>     <\/div> <\/div>                   <div class=\"kksr-legend\" style=\"font-size: 19.2px;\">             4.7\/5 - (27 oy)    <\/div>     <\/div>  <p class=\"translation-block\"><strong>K\u00f6m\u00fcr par\u00e7alama makinesi<\/strong> ve k\u00f6m\u00fcr k\u0131rma makinesi s\u0131kl\u0131kla <strong><a href=\"https:\/\/charcoalplant.com\/tr\/charcoal-briquettes-production-line\/\">k\u00f6m\u00fcr briket \u00fcretim hatt\u0131<\/a><\/strong>nda g\u00f6r\u00fcn\u00fcr. Kullan\u0131mlar\u0131, t\u00fcm k\u00f6m\u00fcr \u00fcretim hatt\u0131n\u0131n operasyonunu daha sorunsuz hale getirecektir. Shuliy\u00a0Makineleri her t\u00fcrl\u00fc k\u00f6m\u00fcr i\u015fleme ekipman\u0131n\u0131 \u00fcretmektedir. K\u0131r\u0131c\u0131 makinemiz hakk\u0131nda bilgi almak isterseniz, l\u00fctfen hemen bizimle ileti\u015fime ge\u00e7in. Ekipman fiyat\u0131 ve parametre bilgilerini elde edeceksiniz.<\/p>    <h2 class=\"wp-block-heading\" id=\"h-type-1-charcoal-shredder-machine\"><strong>Tip 1:<\/strong> <strong>K\u00f6m\u00fcr par\u00e7alay\u0131c\u0131<\/strong> <strong>makine<\/strong><\/h2>    <p>K\u00f6m\u00fcr tozu makinesine ayr\u0131ca saman k\u0131r\u0131c\u0131, m\u0131s\u0131r sap\u0131 k\u0131rma makinesi de denir. Ayn\u0131 zamanda yeni bir \u00e7evre koruma ekipman\u0131 t\u00fcr\u00fcd\u00fcr. \u00c7\u00fcnk\u00fc esas olarak besleme portu, \u00e7eki\u00e7, b\u0131\u00e7ak, elek ve bo\u015faltma portunun yap\u0131s\u0131n\u0131 i\u00e7erir. Bu nedenle \u00e7al\u0131\u015fma prensibi \u00f6nce hammaddeyi par\u00e7alamak i\u00e7in b\u0131\u00e7ak kullanmakt\u0131r. Daha sonra \u00e7eki\u00e7le defalarca d\u00f6v\u00fcl\u00fcr. Son olarak nitelikli malzemeler elekten d\u00fc\u015fecek.<\/p>    <figure class=\"wp-block-gallery has-nested-images columns-default is-cropped wp-block-gallery-2 is-layout-flex wp-block-gallery-is-layout-flex\"> <figure class=\"wp-block-image size-large\"><img loading=\"lazy\" decoding=\"async\" width=\"720\" height=\"540\" data-id=\"1555\" src=\"https:\/\/charcoalplant.com\/wp-content\/uploads\/2021\/12\/Charcoal-shredder-2-1.jpg\" alt=\"K\u00f6m\u00fcr par\u00e7alay\u0131c\u0131\" class=\"wp-image-1555\" srcset=\"https:\/\/charcoalplant.com\/wp-content\/uploads\/2021\/12\/Charcoal-shredder-2-1.jpg 720w, https:\/\/charcoalplant.com\/wp-content\/uploads\/2021\/12\/Charcoal-shredder-2-1-300x225.jpg 300w\" sizes=\"auto, (max-width: 720px) 100vw, 720px\" \/><figcaption class=\"wp-element-caption\">K\u00f6m\u00fcr par\u00e7alay\u0131c\u0131<\/figcaption><\/figure>    <figure class=\"wp-block-image size-large\"><img loading=\"lazy\" decoding=\"async\" width=\"720\" height=\"540\" data-id=\"1861\" src=\"https:\/\/charcoalplant.com\/wp-content\/uploads\/2021\/12\/charcoal-shredder-machine-plant.jpg\" alt=\"k\u00f6m\u00fcr par\u00e7alay\u0131c\u0131 makine tesisi\" class=\"wp-image-1861\" srcset=\"https:\/\/charcoalplant.com\/wp-content\/uploads\/2021\/12\/charcoal-shredder-machine-plant.jpg 720w, https:\/\/charcoalplant.com\/wp-content\/uploads\/2021\/12\/charcoal-shredder-machine-plant-300x225.jpg 300w\" sizes=\"auto, (max-width: 720px) 100vw, 720px\" \/><figcaption class=\"wp-element-caption\">k\u00f6m\u00fcr par\u00e7alay\u0131c\u0131 makine tesisi<\/figcaption><\/figure> <\/figure>    <h3 class=\"wp-block-heading\" id=\"h-application-of-charcoal-powder-machine\"><strong>K\u00f6m\u00fcr uygulamalar\u0131<\/strong> <strong>k\u0131r\u0131c\u0131 makine<\/strong><\/h3>    <p>K\u00fc\u00e7\u00fck k\u00f6m\u00fcr par\u00e7alay\u0131c\u0131n\u0131n hammaddeleri kapsaml\u0131d\u0131r. Sadece saman\u0131, saman\u0131, ah\u015fab\u0131, \u00c7in t\u0131bbi malzemelerini, baharatlar\u0131, bambuyu ve di\u011fer hammaddeleri ezemez. Ezilmi\u015f malzeme \u00e7e\u015fitli bitmi\u015f \u00fcr\u00fcnler \u00fcretmek i\u00e7in kullan\u0131labilir. Sandal a\u011fac\u0131, sivrisinek bobinleri, biyok\u00fctle g\u00fcbresi, biyok\u00fctle yak\u0131t\u0131, makine yap\u0131m\u0131 k\u00f6m\u00fcr, sunta ve di\u011fer bitmi\u015f \u00fcr\u00fcnler gibi. Asl\u0131nda istiridye mantar\u0131, shiitake mantar\u0131, mantar vb. yeti\u015ftirmek i\u00e7in kullan\u0131lan ortam da bu geri d\u00f6n\u00fc\u015ft\u00fcr\u00fclm\u00fc\u015f at\u0131k malzemelerdir.<\/p>    <figure class=\"wp-block-image aligncenter size-full\"><img loading=\"lazy\" decoding=\"async\" width=\"720\" height=\"540\" src=\"https:\/\/charcoalplant.com\/wp-content\/uploads\/2021\/12\/Charcoal-crusher-crushing-effect-1.jpg\" alt=\"K\u00f6m\u00fcr-k\u0131r\u0131c\u0131-k\u0131r\u0131c\u0131-etkili\" class=\"wp-image-1556\" srcset=\"https:\/\/charcoalplant.com\/wp-content\/uploads\/2021\/12\/Charcoal-crusher-crushing-effect-1.jpg 720w, https:\/\/charcoalplant.com\/wp-content\/uploads\/2021\/12\/Charcoal-crusher-crushing-effect-1-300x225.jpg 300w\" sizes=\"auto, (max-width: 720px) 100vw, 720px\" \/><figcaption class=\"wp-element-caption\">K\u00f6m\u00fcr-k\u0131r\u0131c\u0131-k\u0131r\u0131c\u0131-etkili<\/figcaption><\/figure>    <h3 class=\"wp-block-heading\"><strong>K\u00f6m\u00fcr par\u00e7alay\u0131c\u0131 makine parametresi<\/strong>S<\/h3>    <figure class=\"wp-block-table is-style-stripes\"><table><tbody><tr><td>Modeli<\/td><td>SL-HM60<\/td><td>SL-HM70<\/td><td>SL-HM80<\/td><td>SL-HM90<\/td><td>SL-HM1000<\/td><td>SL-HM1300<\/td><\/tr><tr><td>G\u00fc\u00e7(kw)<\/td><td>22<\/td><td>30<\/td><td>37<\/td><td>55<\/td><td>75<\/td><td>90<\/td><\/tr><tr><td>\u00c7eki\u00e7ler (adet)<\/td><td>30<\/td><td>40<\/td><td>50<\/td><td>50<\/td><td>105<\/td><td>105<\/td><\/tr><tr><td>Fan(kw)<\/td><td>&nbsp;<\/td><td>&nbsp;<\/td><td>7.5<\/td><td>7.5<\/td><td>11<\/td><td>22<\/td><\/tr><tr><td>Toz giderici (adet)<\/td><td>5<\/td><td>5<\/td><td>5<\/td><td>5<\/td><td>14<\/td><td>14<\/td><\/tr><tr><td>Siklon \u00e7ap\u0131(m)<\/td><td>1<\/td><td>1<\/td><td>1<\/td><td>1<\/td><td>1<\/td><td>1<\/td><\/tr><tr><td>Kapasite (ton\/saat)<\/td><td>0.6-0.8<\/td><td>1-1.2<\/td><td>1.2-1.5<\/td><td>1.5-3<\/td><td>3-4<\/td><td>4-5<\/td><\/tr><\/tbody><\/table><\/figure>    <p>SL-HM 60 ve SL-HM70 en \u00e7ok satan \u00fcr\u00fcnlerimizdir. K\u00fc\u00e7\u00fck boyutlar\u0131 ve d\u00fc\u015f\u00fck maliyetleri nedeniyle. SL-HM 1300 en yayg\u0131n olan\u0131d\u0131r.<\/p>    <h3 class=\"wp-block-heading\"><strong>K\u00f6m\u00fcr k\u0131r\u0131c\u0131n\u0131n videosu <\/strong><\/h3>    <p>A\u015fa\u011f\u0131daki video, k\u00f6m\u00fcr tozu yapma makinesinin \u00e7e\u015fitli hammaddeleri ezme yetene\u011fini g\u00f6stermektedir. \u00d6rne\u011fin k\u00f6m\u00fcr, saman, ka\u011f\u0131t, k\u00fct\u00fck vb.<\/p>    <figure class=\"wp-block-embed is-type-video is-provider-youtube wp-block-embed-youtube wp-embed-aspect-16-9 wp-has-aspect-ratio\"><div class=\"wp-block-embed__wrapper\"> <iframe loading=\"lazy\" title=\"S\u0131cak Sat\u0131\u015f Hindistan Cevizi Kabu\u011fu \u00c7eki\u00e7li De\u011firmen | Hayvan Yemi Fabrikas\u0131 \u0130\u00e7in Saman Par\u00e7alay\u0131c\u0131#biyok\u00fctle#k\u00f6m\u00fcrk\u0131rma\" width=\"500\" height=\"281\" src=\"https:\/\/www.youtube.com\/embed\/Jvb6txakGeQ?feature=oembed\" frameborder=\"0\" allow=\"accelerometer; autoplay; clipboard-write; encrypted-media; gyroscope; picture-in-picture; web-share\" referrerpolicy=\"strict-origin-when-cross-origin\" allowfullscreen><\/iframe> <\/div><\/figure>    <h2 class=\"wp-block-heading\" id=\"h-type-2-coal-grinder-machine\"><strong>Tip 2:<\/strong> <strong>K\u00f6m\u00fcr \u00f6\u011f\u00fct\u00fcc\u00fc makinesi<\/strong><\/h2>    <p>K\u00f6m\u00fcr k\u0131r\u0131c\u0131ya dikey kompozit k\u0131r\u0131c\u0131 denir. Ta\u015f \u00f6\u011f\u00fct\u00fcc\u00fc ve bile\u015fik k\u0131r\u0131c\u0131 olarak da bilinir. Sadece ta\u015f d\u00f6vmenin \u00e7al\u0131\u015fma prensibini ak\u0131ll\u0131ca benimsemekle kalm\u0131yor. Ayr\u0131ca iki i\u015flevi vard\u0131r: ince k\u0131rma ve kaba \u00f6\u011f\u00fctme. Yap\u0131s\u0131 esas olarak bir iletim cihaz\u0131, ana \u015faft, silindir, \u00fcst kapak ve tabandan olu\u015fur. <\/p>    <p>\u00c7al\u0131\u015fma prensibi, k\u00f6m\u00fcr\u00fcn \u00f6nce makinenin \u00fcst k\u0131sm\u0131ndan y\u00fcksek h\u0131zl\u0131 d\u00f6nen pervaneye dikey olarak d\u00fc\u015fmesidir. Daha sonra malzemeler defalarca birbirine \u00e7arparak ezilir. Son olarak do\u011frudan alttan bo\u015falt\u0131l\u0131r. Bitmi\u015f \u00fcr\u00fcn\u00fcn gerekli par\u00e7ac\u0131k boyutunu elde etmek i\u00e7in kontrol edilecek eleme ekipman\u0131 bulunmaktad\u0131r.<\/p>    <figure class=\"wp-block-gallery has-nested-images columns-default is-cropped wp-block-gallery-3 is-layout-flex wp-block-gallery-is-layout-flex\"> <figure class=\"wp-block-image size-large\"><img loading=\"lazy\" decoding=\"async\" width=\"720\" height=\"540\" data-id=\"1863\" src=\"https:\/\/charcoalplant.com\/wp-content\/uploads\/2021\/12\/Charcoal-shredder.jpg\" alt=\"K\u00f6m\u00fcr par\u00e7alay\u0131c\u0131\" class=\"wp-image-1863\" srcset=\"https:\/\/charcoalplant.com\/wp-content\/uploads\/2021\/12\/Charcoal-shredder.jpg 720w, https:\/\/charcoalplant.com\/wp-content\/uploads\/2021\/12\/Charcoal-shredder-300x225.jpg 300w\" sizes=\"auto, (max-width: 720px) 100vw, 720px\" \/><figcaption class=\"wp-element-caption\">K\u00f6m\u00fcr par\u00e7alay\u0131c\u0131<\/figcaption><\/figure>    <figure class=\"wp-block-image size-large\"><img loading=\"lazy\" decoding=\"async\" width=\"720\" height=\"540\" data-id=\"1862\" src=\"https:\/\/charcoalplant.com\/wp-content\/uploads\/2021\/12\/crusher-plant-2.jpg\" alt=\"k\u00f6m\u00fcr k\u0131rma makinesi\" class=\"wp-image-1862\" srcset=\"https:\/\/charcoalplant.com\/wp-content\/uploads\/2021\/12\/crusher-plant-2.jpg 720w, https:\/\/charcoalplant.com\/wp-content\/uploads\/2021\/12\/crusher-plant-2-300x225.jpg 300w\" sizes=\"auto, (max-width: 720px) 100vw, 720px\" \/><figcaption class=\"wp-element-caption\">k\u00f6m\u00fcr k\u0131rma makinesi<\/figcaption><\/figure> <\/figure>    <h3 class=\"wp-block-heading\" id=\"h-application-of-coal-powder-machine\"><strong>K\u00f6m\u00fcr tozu makinesinin uygulanmas\u0131<\/strong><\/h3>    <p>K\u00f6m\u00fcr k\u0131r\u0131c\u0131, bile\u015fik k\u0131r\u0131c\u0131 olarak k\u0131salt\u0131l\u0131r. K\u0131rma \u00fcretim hatlar\u0131nda ve kum yapma \u00fcretim hatlar\u0131nda ortak ekipmanlardan biridir. K\u00f6m\u00fcr \u00f6\u011f\u00fct\u00fcc\u00fc k\u0131r\u0131c\u0131n\u0131n elek \u00e7ubuklar\u0131 bulunmad\u0131\u011f\u0131ndan malzeme t\u0131kanmas\u0131 konusunda endi\u015felenmenize gerek yoktur. <\/p>    <p>Ayr\u0131ca bile\u015fik pulverizer, k\u0131rma inceli\u011fini ayarlayabilir. Dolomit, kok de\u011ferli ta\u015f\u0131, kur\u015fun-\u00e7inko cevheri, kire\u00e7ta\u015f\u0131, k\u00f6m\u00fcr vb. gibi d\u00f6kme malzemeleri k\u0131rabilir. Bu nedenle \u00e7imento fabrikalar\u0131ndaki hammadde ve klinkerin ince k\u0131rma i\u015fleme ekipmanlar\u0131nda da s\u0131kl\u0131kla g\u00f6r\u00fcl\u00fcr. Ayr\u0131ca sert kire\u00e7ta\u015f\u0131 ve dolomit gibi yapay kum veya asfalt\u0131n i\u015flenmesi ve k\u0131r\u0131lmas\u0131 i\u00e7in de \u00f6zellikle uygundur.<\/p>    <figure class=\"wp-block-image aligncenter size-full\"><img loading=\"lazy\" decoding=\"async\" width=\"720\" height=\"540\" src=\"https:\/\/charcoalplant.com\/wp-content\/uploads\/2021\/12\/coal-shredder-shredding-effect-2.jpg\" alt=\"k\u00f6m\u00fcr par\u00e7alay\u0131c\u0131-par\u00e7alama etkisi\" class=\"wp-image-1557\" srcset=\"https:\/\/charcoalplant.com\/wp-content\/uploads\/2021\/12\/coal-shredder-shredding-effect-2.jpg 720w, https:\/\/charcoalplant.com\/wp-content\/uploads\/2021\/12\/coal-shredder-shredding-effect-2-300x225.jpg 300w\" sizes=\"auto, (max-width: 720px) 100vw, 720px\" \/><figcaption class=\"wp-element-caption\"> k\u00f6m\u00fcr par\u00e7alay\u0131c\u0131-par\u00e7alama etkisi<\/figcaption><\/figure>    <h3 class=\"wp-block-heading\"><strong>K\u00f6m\u00fcr tozu yapma makinesi parametresi<\/strong>S<\/h3>    <figure class=\"wp-block-table is-style-stripes\"><table><tbody><tr><td>Tip<\/td><td>SL-CC800<\/td><td>SL-CC1000<\/td><td>SL-CC1250<\/td><td>SL-CC1500<\/td><td>SL-CC1750<\/td><\/tr><tr><td>Tekerlek \u00e7ap\u0131 (mm)<\/td><td>650<\/td><td>800<\/td><td>1000<\/td><td>1250<\/td><td>1560<\/td><\/tr><tr><td>Silindirin y\u00fcksekli\u011fi (mm)<\/td><td>800<\/td><td>850<\/td><td>850<\/td><td>1000<\/td><td>1410<\/td><\/tr><tr><td>\u0130\u015f mili h\u0131z\u0131 (dev\/dak)<\/td><td>1350<\/td><td>970<\/td><td>740<\/td><td>650<\/td><td>600<\/td><\/tr><tr><td>Hammadde boyutu (mm)<\/td><td>50<\/td><td>70<\/td><td>100<\/td><td>100<\/td><td>100<\/td><\/tr><tr><td>De\u015farj boyutu (mm)<\/td><td>0-5<\/td><td>0-5<\/td><td>0-5<\/td><td>0-5<\/td><td>0-5<\/td><\/tr><tr><td>\u0130\u015fleme kapasitesi (t\/saat)<\/td><td>5-15<\/td><td>10-30<\/td><td>20-60<\/td><td>30-80<\/td><td>40-100<\/td><\/tr><tr><td>Motor G\u00fcc\u00fc (kw)<\/td><td>30<\/td><td>50<\/td><td>75<\/td><td>110<\/td><td>132<\/td><\/tr><tr><td>A\u011f\u0131rl\u0131k (t)<\/td><td>2.3<\/td><td>4.5<\/td><td>9.73<\/td><td>18.1<\/td><td>26.61<\/td><\/tr><\/tbody><\/table><\/figure>    <h3 class=\"wp-block-heading\"><strong>K\u00f6m\u00fcr par\u00e7alay\u0131c\u0131 makinesinin videosu<\/strong><\/h3>    <figure class=\"wp-block-embed is-type-video is-provider-youtube wp-block-embed-youtube wp-embed-aspect-16-9 wp-has-aspect-ratio\"><div class=\"wp-block-embed__wrapper\"> <iframe loading=\"lazy\" title=\"K\u00f6m\u00fcr Par\u00e7alay\u0131c\u0131 Makinas\u0131 | K\u00f6m\u00fcr Tozu Ekipmanlar\u0131 Tesisi#k\u0131r\u0131c\u0131#\u00f6\u011f\u00fct\u00fcc\u00fc#k\u00f6m\u00fcr\u00fcretim hatt\u0131\" width=\"500\" height=\"281\" src=\"https:\/\/www.youtube.com\/embed\/kgaT_lhmgkE?feature=oembed\" frameborder=\"0\" allow=\"accelerometer; autoplay; clipboard-write; encrypted-media; gyroscope; picture-in-picture; web-share\" referrerpolicy=\"strict-origin-when-cross-origin\" allowfullscreen><\/iframe> <\/div><\/figure>    <h2 class=\"wp-block-heading\" id=\"h-sale-of-charcoal-pulverizer\"><strong>K\u00f6m\u00fcr pulverizat\u00f6r\u00fc sat\u0131\u015f\u0131<\/strong><\/h2>    <p class=\"translation-block\">Fabrikam\u0131zda \u00fcretilen k\u00f6m\u00fcr k\u0131r\u0131c\u0131, toz toplama cihaz\u0131 ile de donat\u0131lm\u0131\u015ft\u0131r. Sonu\u00e7 olarak, k\u0131rma s\u0131ras\u0131nda toz ka\u00e7\u0131n\u0131lmazd\u0131r. Bu nedenle, toz toplama cihaz\u0131 sadece malzemenin safl\u0131\u011f\u0131n\u0131 iyile\u015ftirmekle kalmaz. Ayn\u0131 zamanda i\u015f\u00e7ilerin \u00e7al\u0131\u015fma ortam\u0131n\u0131 da ar\u0131nd\u0131r\u0131r. K\u00f6m\u00fcr k\u0131rma makineleri ve k\u00f6m\u00fcr kompozit k\u0131r\u0131c\u0131lar\u0131n sat\u0131\u015f\u0131n\u0131n yan\u0131 s\u0131ra, <strong><a href=\"https:\/\/charcoalplant.com\/tr\/charcoal-raymond-mill\/\">Raymond de\u011firmeni<\/a><\/strong> ve <strong>k\u00f6m\u00fcr tozu kar\u0131\u015ft\u0131r\u0131c\u0131s\u0131<\/strong> gibi i\u015fleme ekipmanlar\u0131 da sat\u0131yoruz. Gerekirse l\u00fctfen dan\u0131\u015f\u0131n. Size uygun fiyatlar sunaca\u011f\u0131z.<\/p>    <figure class=\"wp-block-gallery has-nested-images columns-default is-cropped wp-block-gallery-4 is-layout-flex wp-block-gallery-is-layout-flex\"> <figure class=\"wp-block-image size-full\"><img loading=\"lazy\" decoding=\"async\" width=\"720\" height=\"540\" data-id=\"2123\" src=\"https:\/\/charcoalplant.com\/wp-content\/uploads\/2022\/01\/Shipping-in-wooden-cases.jpg\" alt=\"Ah\u015fap kutularda nakliye\" class=\"wp-image-2123\"\/><figcaption class=\"wp-element-caption\">Ah\u015fap kutularda nakliye<\/figcaption><\/figure>    <figure class=\"wp-block-image size-large\"><img loading=\"lazy\" decoding=\"async\" width=\"720\" height=\"540\" data-id=\"2567\" src=\"https:\/\/charcoalplant.com\/wp-content\/uploads\/2022\/03\/shippment.jpg\" alt=\"sevkiyat\" class=\"wp-image-2567\"\/><figcaption class=\"wp-element-caption\">sevkiyat<\/figcaption><\/figure> <\/figure>    <p><\/p>","protected":false},"excerpt":{"rendered":"<p>K\u00f6m\u00fcr par\u00e7alay\u0131c\u0131 \u00e7ok i\u015flevli bir malzeme k\u0131rma ekipman\u0131d\u0131r. Saman, saman, bambu, odun k\u00f6m\u00fcr\u00fc vb. ezebilir. <\/p>","protected":false},"author":1,"featured_media":1714,"parent":0,"template":"","tags":[62],"product-type":[42],"class_list":["post-1547","product","type-product","status-publish","has-post-thumbnail","hentry","tag-grinder-and-mixer","product-type-grinder-and-mixer"],"_links":{"self":[{"href":"https:\/\/charcoalplant.com\/tr\/wp-json\/wp\/v2\/product\/1547","targetHints":{"allow":["GET"]}}],"collection":[{"href":"https:\/\/charcoalplant.com\/tr\/wp-json\/wp\/v2\/product"}],"about":[{"href":"https:\/\/charcoalplant.com\/tr\/wp-json\/wp\/v2\/types\/product"}],"author":[{"embeddable":true,"href":"https:\/\/charcoalplant.com\/tr\/wp-json\/wp\/v2\/users\/1"}],"wp:featuredmedia":[{"embeddable":true,"href":"https:\/\/charcoalplant.com\/tr\/wp-json\/wp\/v2\/media\/1714"}],"wp:attachment":[{"href":"https:\/\/charcoalplant.com\/tr\/wp-json\/wp\/v2\/media?parent=1547"}],"wp:term":[{"taxonomy":"post_tag","embeddable":true,"href":"https:\/\/charcoalplant.com\/tr\/wp-json\/wp\/v2\/tags?post=1547"},{"taxonomy":"product-type","embeddable":true,"href":"https:\/\/charcoalplant.com\/tr\/wp-json\/wp\/v2\/product-type?post=1547"}],"curies":[{"name":"wp","href":"https:\/\/api.w.org\/{rel}","templated":true}]}}