{"id":1661,"date":"2021-12-31T06:31:43","date_gmt":"2021-12-31T06:31:43","guid":{"rendered":"https:\/\/charcoalplant.com\/?page_id=1661"},"modified":"2023-01-29T11:00:38","modified_gmt":"2023-01-29T03:00:38","slug":"charcoal-briquettes-production-line","status":"publish","type":"product","link":"https:\/\/charcoalplant.com\/tr\/charcoal-briquettes-production-line\/","title":{"rendered":"K\u00f6m\u00fcr Briket \u00dcretim Hatt\u0131"},"content":{"rendered":"<div class=\"kk-star-ratings kksr-auto kksr-align-left kksr-valign-top\"     data-payload='{&quot;align&quot;:&quot;left&quot;,&quot;id&quot;:&quot;1661&quot;,&quot;slug&quot;:&quot;default&quot;,&quot;valign&quot;:&quot;top&quot;,&quot;ignore&quot;:&quot;&quot;,&quot;reference&quot;:&quot;auto&quot;,&quot;class&quot;:&quot;&quot;,&quot;count&quot;:&quot;24&quot;,&quot;legendonly&quot;:&quot;&quot;,&quot;readonly&quot;:&quot;&quot;,&quot;score&quot;:&quot;4.6&quot;,&quot;starsonly&quot;:&quot;&quot;,&quot;best&quot;:&quot;5&quot;,&quot;gap&quot;:&quot;5&quot;,&quot;greet&quot;:&quot;Rate this product&quot;,&quot;legend&quot;:&quot;4.6\\\/5 - (24 votes)&quot;,&quot;size&quot;:&quot;24&quot;,&quot;title&quot;:&quot;Charcoal Briquettes Production Line&quot;,&quot;width&quot;:&quot;130.9&quot;,&quot;_legend&quot;:&quot;{score}\\\/{best} - ({count} {votes})&quot;,&quot;font_factor&quot;:&quot;1.25&quot;}'>              <div class=\"kksr-stars\">      <div class=\"kksr-stars-inactive\">             <div class=\"kksr-star\" data-star=\"1\" style=\"padding-right: 5px\">               <div class=\"kksr-icon\" style=\"width: 24px; height: 24px;\"><\/div>         <\/div>             <div class=\"kksr-star\" data-star=\"2\" style=\"padding-right: 5px\">               <div class=\"kksr-icon\" style=\"width: 24px; height: 24px;\"><\/div>         <\/div>             <div class=\"kksr-star\" data-star=\"3\" style=\"padding-right: 5px\">               <div class=\"kksr-icon\" style=\"width: 24px; height: 24px;\"><\/div>         <\/div>             <div class=\"kksr-star\" data-star=\"4\" style=\"padding-right: 5px\">               <div class=\"kksr-icon\" style=\"width: 24px; height: 24px;\"><\/div>         <\/div>             <div class=\"kksr-star\" data-star=\"5\" style=\"padding-right: 5px\">               <div class=\"kksr-icon\" style=\"width: 24px; height: 24px;\"><\/div>         <\/div>     <\/div>      <div class=\"kksr-stars-active\" style=\"width: 130.9px;\">             <div class=\"kksr-star\" style=\"padding-right: 5px\">               <div class=\"kksr-icon\" style=\"width: 24px; height: 24px;\"><\/div>         <\/div>             <div class=\"kksr-star\" style=\"padding-right: 5px\">               <div class=\"kksr-icon\" style=\"width: 24px; height: 24px;\"><\/div>         <\/div>             <div class=\"kksr-star\" style=\"padding-right: 5px\">               <div class=\"kksr-icon\" style=\"width: 24px; height: 24px;\"><\/div>         <\/div>             <div class=\"kksr-star\" style=\"padding-right: 5px\">               <div class=\"kksr-icon\" style=\"width: 24px; height: 24px;\"><\/div>         <\/div>             <div class=\"kksr-star\" style=\"padding-right: 5px\">               <div class=\"kksr-icon\" style=\"width: 24px; height: 24px;\"><\/div>         <\/div>     <\/div> <\/div>                   <div class=\"kksr-legend\" style=\"font-size: 19.2px;\">             4.6\/5 - (24 oy)    <\/div>     <\/div>  <p class=\"translation-block\"><strong>K\u00f6m\u00fcr briket \u00fcretim hatt\u0131<\/strong>, mangal k\u00f6m\u00fcr\u00fc, nargile k\u00f6m\u00fcr\u00fc, k\u00f6m\u00fcr, tala\u015f k\u00f6m\u00fcr\u00fc, hindistan cevizi k\u00f6m\u00fcr\u00fc vb. \u00fcretmek i\u00e7in bir tesistir. Ve k\u00f6m\u00fcr yapma makinesinin hammaddesi bambu, k\u00fct\u00fck, hindistan cevizi kabu\u011fu, pirin\u00e7 kabu\u011fu, tala\u015f vb. gibi \u00e7e\u015fitli olabilir. Bu nedenle, k\u00f6m\u00fcr kal\u0131plama makinesi \u00fcretim hatt\u0131na yat\u0131r\u0131m yapan m\u00fc\u015fterilerin hammadde tedariki konusunda \u00e7ok fazla endi\u015felenmelerine gerek yoktur. Geni\u015f hammadde yelpazesi ve d\u00fc\u015f\u00fck fiyatlar\u0131 nedeniyle. <\/p>    <p>Profesyonel bir k\u00f6m\u00fcr ekipman\u0131 tedarik\u00e7isi olarak, verimli \u00fcretiminize yard\u0131mc\u0131 olmak amac\u0131yla size k\u00f6m\u00fcr \u00fcretiminiz i\u00e7in makul \u00f6nerilerde bulunabiliriz. Sonu\u00e7 olarak, k\u00f6m\u00fcr briket \u00fcretim i\u015finize m\u00fcmk\u00fcn olan en k\u0131sa s\u00fcrede ba\u015flaman\u0131za yard\u0131mc\u0131 olmaya haz\u0131r\u0131z. Ve size uygun bir fiyat verece\u011fiz.<\/p>    <figure class=\"wp-block-image aligncenter size-full\"><img loading=\"lazy\" decoding=\"async\" width=\"720\" height=\"540\" src=\"https:\/\/charcoalplant.com\/wp-content\/uploads\/2021\/12\/charcoal-briquettes-production-line-price-2.jpg\" alt=\"k\u00f6m\u00fcr briket \u00fcretim hatt\u0131 fiyat\u0131\" class=\"wp-image-2862\"\/><figcaption class=\"wp-element-caption\">sat\u0131l\u0131k k\u00f6m\u00fcr briket \u00fcretim hatt\u0131<\/figcaption><\/figure>    <h2 class=\"wp-block-heading\"><strong>K\u00f6m\u00fcr briket \u00fcretim hatt\u0131n\u0131n hammaddesi<\/strong><\/h2>    <p class=\"translation-block\">K\u00f6m\u00fcr \u00fcretim hatt\u0131 i\u00e7in hammaddeler \u00e7ok geni\u015ftir. Sadece k\u00fct\u00fck, bambu, meyve a\u011fac\u0131 de\u011fil, ayn\u0131 zamanda tala\u015f, pirin\u00e7 kabu\u011fu, yer f\u0131st\u0131\u011f\u0131 kabu\u011fu, hindistan cevizi kabu\u011fu, ceviz kabu\u011fu vb. de olabilir. Bu hammaddelerin \u00f6zelli\u011fi, \u00e7ok fazla lignin i\u00e7ermesidir. Bu nedenle, pirolizden sonra k\u00f6m\u00fcr olu\u015fur. Briketleme i\u015fleminden \u00f6nce k\u00f6m\u00fcr\u00fcn bir k\u00f6m\u00fcr \u00f6\u011f\u00fct\u00fcc\u00fc ile 3 mm k\u00f6m\u00fcr tozuna \u00f6\u011f\u00fct\u00fclmesi gerekir. Daha sonra k\u00f6m\u00fcr tozu, ba\u011flay\u0131c\u0131 ve su, bir <strong><a href=\"https:\/\/charcoalplant.com\/tr\/product\/charcoal-powder-mixer\/\">k\u00f6m\u00fcr tozu kar\u0131\u015ft\u0131r\u0131c\u0131s\u0131nda<\/a><\/strong> iyice kar\u0131\u015ft\u0131r\u0131l\u0131r. Bu \u015fekilde i\u015flenen karbon tozu p\u00fcr\u00fczs\u00fcz ve yap\u0131\u015fkan hale gelir.<\/p>    <figure class=\"wp-block-image aligncenter size-full\"><img loading=\"lazy\" decoding=\"async\" width=\"720\" height=\"540\" src=\"https:\/\/charcoalplant.com\/wp-content\/uploads\/2022\/03\/raw-materials-of-shisha-charcoal-production-line-1-1.jpg\" alt=\"\" class=\"wp-image-2848\"\/><\/figure>    <h2 class=\"wp-block-heading\" id=\"h-charcoal-briquettes-production-line-structure\"><strong>K\u00f6m\u00fcr briket \u00fcretim hatt\u0131 yap\u0131s\u0131<\/strong><\/h2>    <p class=\"translation-block\">Asl\u0131nda, bir k\u00f6m\u00fcr \u00fcretim hatt\u0131n\u0131n yap\u0131s\u0131, bir <strong><a href=\"https:\/\/charcoalplant.com\/tr\/shisha-charcoal-production-line\/\">nargile k\u00f6m\u00fcr\u00fc \u00fcretim hatt\u0131n\u0131n<\/a><\/strong> yap\u0131s\u0131na \u00e7ok benzer. Yap\u0131lar\u0131 karbonizasyon, <strong><a href=\"https:\/\/charcoalplant.com\/tr\/product\/charcoal-shredder\/\">k\u0131rma<\/a><\/strong>, kar\u0131\u015ft\u0131rma, briketleme, kurutma ve paketlemedir. T\u00fcm karbon tozu briketleme \u00fcretim hatt\u0131n\u0131n i\u015fletme ad\u0131mlar\u0131 basittir ve g\u00fcvenlidir. Farkl\u0131 nihai \u00fcr\u00fcnler nedeniyle, baz\u0131 \u00f6zel ayr\u0131nt\u0131larda b\u00fcy\u00fck farkl\u0131l\u0131klar vard\u0131r. A\u015fa\u011f\u0131da, normal bir mangal k\u00f6m\u00fcr\u00fc \u00fcretim hatt\u0131n\u0131n bir \u00e7izimi bulunmaktad\u0131r (sadece referans ama\u00e7l\u0131d\u0131r).<\/p>    <figure class=\"wp-block-image aligncenter size-full\"><img loading=\"lazy\" decoding=\"async\" width=\"720\" height=\"540\" src=\"https:\/\/charcoalplant.com\/wp-content\/uploads\/2022\/03\/3D-Charcoal-briquettes-production-line.jpg\" alt=\"3D K\u00f6m\u00fcr briket \u00fcretim hatt\u0131\" class=\"wp-image-2864\"\/><figcaption class=\"wp-element-caption\">3D K\u00f6m\u00fcr briket \u00fcretim hatt\u0131<\/figcaption><\/figure>    <h2 class=\"wp-block-heading\" id=\"h-how-to-choose-a-suitable-bbq-charcoal-production-line\"><strong>K\u00f6m\u00fcr briket \u00fcretim hatt\u0131n\u0131n ana par\u00e7alar\u0131<\/strong><\/h2>    <p class=\"translation-block\">K\u00f6m\u00fcr briket yap\u0131m hatt\u0131n\u0131n ana par\u00e7alar\u0131 aras\u0131nda bir <a href=\"https:\/\/charcoalplant.com\/tr\/product\/carbonization-furnace\/\">karbonizasyon makinesi<\/a>, k\u00f6m\u00fcr briket makinesi, k\u00f6m\u00fcr kurutma makinesi ve k\u00f6m\u00fcr paketleme makinesi bulunur. \u0130\u015fte her makine hakk\u0131nda ayr\u0131nt\u0131l\u0131 bilgi. <\/p>    <div class=\"wp-block-columns has-background is-layout-flex wp-container-core-columns-is-layout-28f84493 wp-block-columns-is-layout-flex\" style=\"background-color:#f1f1f1\"> <div class=\"wp-block-column is-layout-flow wp-block-column-is-layout-flow\" style=\"flex-basis:66.66%\"> <figure class=\"wp-block-gallery has-nested-images columns-default is-cropped wp-block-gallery-2 is-layout-flex wp-block-gallery-is-layout-flex\"> <figure class=\"wp-block-image size-large\"><img loading=\"lazy\" decoding=\"async\" width=\"720\" height=\"540\" data-id=\"1045\" src=\"https:\/\/charcoalplant.com\/wp-content\/uploads\/2021\/12\/Vertical-carbonization-furnace-Production-line-2.jpg\" alt=\"Dikey karbonizasyon f\u0131r\u0131n\u0131 \u00dcretim hatt\u0131\" class=\"wp-image-1045\" srcset=\"https:\/\/charcoalplant.com\/wp-content\/uploads\/2021\/12\/Vertical-carbonization-furnace-Production-line-2.jpg 720w, https:\/\/charcoalplant.com\/wp-content\/uploads\/2021\/12\/Vertical-carbonization-furnace-Production-line-2-300x225.jpg 300w\" sizes=\"auto, (max-width: 720px) 100vw, 720px\" \/><figcaption class=\"wp-element-caption\">Dikey karbonizasyon f\u0131r\u0131n\u0131 \u00dcretim hatt\u0131<\/figcaption><\/figure> <\/figure> <\/div>    <div class=\"wp-block-column is-vertically-aligned-center is-layout-flow wp-block-column-is-layout-flow\" style=\"flex-basis:33.33%\"> <p class=\"translation-block\">Asl\u0131nda, ekipman se\u00e7imi m\u00fc\u015fterinin hammaddeleriyle \u00e7ok ilgilidir. \u00d6rne\u011fin, \u015fekilli k\u00f6m\u00fcr briketleri yapmak i\u00e7in k\u00fct\u00fck veya bambu kullanmak istiyorsan\u0131z. Toplu haldeki hammaddeleri karbonize etmek i\u00e7in <strong><a data-type=\"URL\" data-id=\"https:\/\/charcoalplant.com\/vertical-carbonization-furnace\/\" href=\"https:\/\/charcoalplant.com\/tr\/vertical-carbonization-furnace\/\">kald\u0131rma tipi karbonizasyon f\u0131r\u0131n\u0131n\u0131<\/a><\/strong> kullanman\u0131z gerekir. Ancak tala\u015f veya hindistan cevizi kabu\u011fu gibi k\u00fc\u00e7\u00fck hammaddeleriniz varsa, s\u00fcrekli karbonizasyon f\u0131r\u0131n\u0131n\u0131 se\u00e7meniz gerekir.<\/p> <\/div> <\/div>    <div class=\"wp-block-columns has-background is-layout-flex wp-container-core-columns-is-layout-28f84493 wp-block-columns-is-layout-flex\" style=\"background-color:#f1f1f1\"> <div class=\"wp-block-column is-vertically-aligned-center is-layout-flow wp-block-column-is-layout-flow\" style=\"flex-basis:33.33%\"> <p class=\"translation-block\">\u0130kinci olarak, k\u00f6m\u00fcr \u015fekillendirme makinesi olarak bir k\u00f6m\u00fcr \u00e7ubu\u011fu makinesi ve bir <strong><a href=\"https:\/\/charcoalplant.com\/tr\/product\/charcoal-ball-press-machine\/\">k\u00f6m\u00fcr topu pres makinesi<\/a><\/strong> se\u00e7ebilirsiniz. K\u00f6m\u00fcr \u00e7ubu\u011fu makinesi \u00e7e\u015fitli \u015fekillerde i\u00e7i bo\u015f \u00e7okgen karbon \u00e7ubuklar\u0131 \u00fcretebilir. Ancak, briketleme makinesinin \u00e7\u0131kt\u0131s\u0131 daha b\u00fcy\u00fckt\u00fcr.<\/p> <\/div>    <div class=\"wp-block-column is-layout-flow wp-block-column-is-layout-flow\"><\/div>    <div class=\"wp-block-column is-layout-flow wp-block-column-is-layout-flow\" style=\"flex-basis:66.66%\"> <figure class=\"wp-block-gallery has-nested-images columns-default is-cropped wp-block-gallery-3 is-layout-flex wp-block-gallery-is-layout-flex\"> <figure class=\"wp-block-image size-full\"><img loading=\"lazy\" decoding=\"async\" width=\"720\" height=\"540\" data-id=\"1197\" src=\"https:\/\/charcoalplant.com\/wp-content\/uploads\/2021\/12\/charcoal-powder-briquette-machine-price-1.jpg\" alt=\"k\u00f6m\u00fcr tozu briket makinesi fiyat\u0131\" class=\"wp-image-1197\" srcset=\"https:\/\/charcoalplant.com\/wp-content\/uploads\/2021\/12\/charcoal-powder-briquette-machine-price-1.jpg 720w, https:\/\/charcoalplant.com\/wp-content\/uploads\/2021\/12\/charcoal-powder-briquette-machine-price-1-300x225.jpg 300w\" sizes=\"auto, (max-width: 720px) 100vw, 720px\" \/><figcaption class=\"wp-element-caption\">k\u00f6m\u00fcr tozu briket makinesi fiyat\u0131<\/figcaption><\/figure> <\/figure> <\/div> <\/div>    <div class=\"wp-block-columns are-vertically-aligned-center has-background is-layout-flex wp-container-core-columns-is-layout-28f84493 wp-block-columns-is-layout-flex\" style=\"background-color:#f1f1f1\"> <div class=\"wp-block-column is-vertically-aligned-center is-layout-flow wp-block-column-is-layout-flow\" style=\"flex-basis:66.66%\"> <figure class=\"wp-block-gallery has-nested-images columns-default is-cropped wp-block-gallery-4 is-layout-flex wp-block-gallery-is-layout-flex\"> <figure class=\"wp-block-image size-full\"><img loading=\"lazy\" decoding=\"async\" width=\"720\" height=\"540\" data-id=\"1492\" src=\"https:\/\/charcoalplant.com\/wp-content\/uploads\/2021\/12\/shaisha-charcoal-drying-room-1.jpg\" alt=\"shaisha k\u00f6m\u00fcr kurutma odas\u0131\" class=\"wp-image-1492\" srcset=\"https:\/\/charcoalplant.com\/wp-content\/uploads\/2021\/12\/shaisha-charcoal-drying-room-1.jpg 720w, https:\/\/charcoalplant.com\/wp-content\/uploads\/2021\/12\/shaisha-charcoal-drying-room-1-300x225.jpg 300w\" sizes=\"auto, (max-width: 720px) 100vw, 720px\" \/><figcaption class=\"wp-element-caption\">shaisha k\u00f6m\u00fcr kurutma odas\u0131<\/figcaption><\/figure> <\/figure> <\/div>    <div class=\"wp-block-column is-vertically-aligned-center is-layout-flow wp-block-column-is-layout-flow\" style=\"flex-basis:33.33%\"> <p class=\"translation-block\">\u00dc\u00e7\u00fcnc\u00fc olarak, fabrika sahan\u0131z\u0131n boyutuna g\u00f6re do\u011fru ekipman\u0131 se\u00e7in. Ayn\u0131 i\u015fleve sahip baz\u0131 ekipmanlar i\u00e7in, ekipman yap\u0131s\u0131ndaki b\u00fcy\u00fck fark nedeniyle makinenin modeli \u00e7ok b\u00fcy\u00fck olacakt\u0131r. Bu makine fabrika yerle\u015fimi i\u00e7in uygun de\u011fildir. O zaman benzer alternatifler se\u00e7ebilirsiniz. \u00d6rne\u011fin, iki kurutma ekipman\u0131 sa\u011fl\u0131yoruz: <strong><a data-type=\"URL\" data-id=\"https:\/\/charcoalplant.com\/charcoal-briquette-dryer\/\" href=\"https:\/\/charcoalplant.com\/tr\/charcoal-briquette-dryer\/\">kurulum odas\u0131 ve bantl\u0131 kurutucu<\/a><\/strong>. Kurulum odas\u0131n\u0131n boyutu \u00f6zelle\u015ftirilebilir ve kurulumu esnektir. Bantl\u0131 kurutucu b\u00fcy\u00fck bir modeldir, ancak \u00e7\u0131kt\u0131s\u0131 b\u00fcy\u00fckt\u00fcr.<\/p> <\/div> <\/div>    <div class=\"wp-block-columns are-vertically-aligned-center has-background is-layout-flex wp-container-core-columns-is-layout-28f84493 wp-block-columns-is-layout-flex\" style=\"background-color:#f1f1f1\"> <div class=\"wp-block-column is-vertically-aligned-center is-layout-flow wp-block-column-is-layout-flow\" style=\"flex-basis:33.33%\"> <p class=\"translation-block\">Son olarak, nihai \u00fcr\u00fcn\u00fcn t\u00fcr\u00fcne ve pazar talebine g\u00f6re <strong><a href=\"https:\/\/charcoalplant.com\/tr\/product\/charcoal-briquettes-packing-machine\/\">paketleme makinesini<\/a><\/strong> se\u00e7in. Nemi \u00f6nlemek ve nakliyeyi kolayla\u015ft\u0131rmak i\u00e7in, piyasada mangal k\u00f6m\u00fcr\u00fcn\u00fc paketlemek i\u00e7in genellikle bir s\u0131zd\u0131rmazl\u0131k ve kesme makinesi kullan\u0131l\u0131r.<\/p> <\/div>    <div class=\"wp-block-column is-vertically-aligned-center is-layout-flow wp-block-column-is-layout-flow\" style=\"flex-basis:66.66%\"> <figure class=\"wp-block-gallery has-nested-images columns-default is-cropped wp-block-gallery-5 is-layout-flex wp-block-gallery-is-layout-flex\"> <figure class=\"wp-block-image size-large\"><img loading=\"lazy\" decoding=\"async\" width=\"720\" height=\"540\" data-id=\"2874\" src=\"https:\/\/charcoalplant.com\/wp-content\/uploads\/2022\/03\/charcoal-briket-bagging-machine.jpg\" alt=\"k\u00f6m\u00fcr-briket-torbalama-makinesi\" class=\"wp-image-2874\"\/><figcaption class=\"wp-element-caption\">k\u00f6m\u00fcr-briket-torbalama-makinesi<\/figcaption><\/figure> <\/figure> <\/div> <\/div>    <h2 class=\"wp-block-heading\"><strong>K\u00f6m\u00fcr briket makinesinin son \u00fcr\u00fcn\u00fc<\/strong><\/h2>    <figure class=\"wp-block-image aligncenter size-full\"><img loading=\"lazy\" decoding=\"async\" width=\"720\" height=\"540\" src=\"https:\/\/charcoalplant.com\/wp-content\/uploads\/2022\/03\/coconut-shell-charcoal-briquette.jpg\" alt=\"\" class=\"wp-image-2875\"\/><\/figure>    <h2 class=\"wp-block-heading\" id=\"h-related-equipment-for-charcoal-briquettes-project-line\"><strong>K\u00f6m\u00fcr briket \u00fcretim hatt\u0131 i\u00e7in ilgili ekipmanlar<\/strong><\/h2>    <p class=\"translation-block\"><strong>Kesici<\/strong><\/p>    <p class=\"translation-block\"><strong><a href=\"https:\/\/charcoalplant.com\/tr\/product\/charcoal-powder-briquette-machine\/\">K\u00f6m\u00fcr \u00e7ubu\u011fu makinesi<\/a><\/strong> \u00e7e\u015fitli \u015fekillerde briketler \u00fcretebilir. M\u00fc\u015fteriler farkl\u0131 uzunluklardaki karbon \u00e7ubuklar\u0131n\u0131 kesmek i\u00e7in kesiciler kullanabilirler. Fabrikam\u0131z metre kesiciler, k\u0131z\u0131l\u00f6tesi ind\u00fcksiyon kesiciler ve frezeler sa\u011flar.<\/p>    <p class=\"translation-block\"><strong>Depolama Silosu<\/strong><\/p>    <p>Silo, k\u00f6m\u00fcr briket i\u015fleme tesisinin s\u00fcrekli \u00fcretimini sa\u011flayan k\u00f6m\u00fcr tozunu depolayabilir. K\u00f6m\u00fcr tozu depolama silolar\u0131, tart\u0131m silolar\u0131 ve k\u00f6m\u00fcr tozu alt silolar\u0131 sa\u011fl\u0131yoruz. Her silonun kendine has \u00f6zellikleri vard\u0131r.<\/p>    <p class=\"translation-block\"><strong>Konvey\u00f6r<\/strong><\/p>    <p>\u00dcretim hatt\u0131n\u0131n i\u015f\u00e7ilikten tasarruflu olmas\u0131n\u0131n sebebi konvey\u00f6r\u00fcn otomatik beslemeli olmas\u0131ndan kaynaklanmaktad\u0131r. Yayg\u0131n ta\u015f\u0131ma cihazlar\u0131 vidal\u0131 ta\u015f\u0131ma ve konvey\u00f6r bantl\u0131 ta\u015f\u0131mad\u0131r. Toz i\u00e7in ilkini se\u00e7in. Blok i\u00e7in ikincisini se\u00e7in.<\/p>    <figure class=\"wp-block-image aligncenter size-full\"><img loading=\"lazy\" decoding=\"async\" width=\"720\" height=\"540\" src=\"https:\/\/charcoalplant.com\/wp-content\/uploads\/2021\/12\/briquetting-machine-project-1-2.jpg\" alt=\"briketleme-makinesi-projesi-\" class=\"wp-image-1415\" srcset=\"https:\/\/charcoalplant.com\/wp-content\/uploads\/2021\/12\/briquetting-machine-project-1-2.jpg 720w, https:\/\/charcoalplant.com\/wp-content\/uploads\/2021\/12\/briquetting-machine-project-1-2-300x225.jpg 300w\" sizes=\"auto, (max-width: 720px) 100vw, 720px\" \/><figcaption class=\"wp-element-caption\">briketleme makinesi projesi<\/figcaption><\/figure>    <h2 class=\"wp-block-heading\" id=\"h-briquetting-machine-price\"><strong>K\u00f6m\u00fcr nedir<\/strong> <strong>briket makinas\u0131 fiyat\u0131<\/strong>? <\/h2>    <p>\u00c7e\u015fitli k\u00f6m\u00fcr briket makineleri \u00fcretiyoruz. Toz haline getirilmi\u015f k\u00f6m\u00fcr presi, toz haline getirilmi\u015f k\u00f6m\u00fcr topu presi, Petek k\u00f6m\u00fcr makinesi vb. gibi. Ba\u011f\u0131ms\u0131z bir makinenin veya bir \u00fcretim hatt\u0131n\u0131n fiyat\u0131 \u00e7e\u015fitli fakt\u00f6rlerden etkilenecektir. Asl\u0131nda kalite, m\u00fc\u015fteriler i\u00e7in \u00f6ncelikli husustur. \u0130kincisi fiyatt\u0131r. Ancak endi\u015felenmeyin, sat\u0131n alma miktar\u0131n\u0131za ve sat\u0131n alma niyetinize g\u00f6re size rekabet\u00e7i fiyatlar sunaca\u011f\u0131z.<\/p>    <h2 class=\"wp-block-heading\" id=\"h-benefits-of-charcoal-briket\"><strong>K\u00f6m\u00fcr briketlerinin faydalar\u0131<\/strong> <\/h2>    <p>Bilim ve teknolojinin ilerlemesi ve insan uygarl\u0131\u011f\u0131n\u0131n geli\u015fmesiyle birlikte \u00e7evreye ve sa\u011fl\u0131\u011fa giderek daha fazla \u00f6nem veriyoruz. Yayg\u0131n olarak aranan bir barbek\u00fc k\u00f6m\u00fcr\u00fc olarak a\u015fa\u011f\u0131daki \u00f6zelliklere sahiptir:<\/p>    <p>1. Yenilenebilir, kirlilik yok.<\/p>    <p>2. Yanmaya kar\u015f\u0131 dayan\u0131kl\u0131d\u0131r ve \u00e7atlamaz.<\/p>    <p>3. G\u00fczel g\u00f6r\u00fcn\u00fcyor ve \u00e7e\u015fitli \u015fekilleri var.<\/p>    <p>4. G\u00f6z\u00fc dumanland\u0131rmaz, tutu\u015fmas\u0131 kolayd\u0131r.<\/p>    <p>5. G\u00fcvenli ve ucuz.<\/p>    <figure class=\"wp-block-image aligncenter size-full\"><img loading=\"lazy\" decoding=\"async\" width=\"720\" height=\"540\" src=\"https:\/\/charcoalplant.com\/wp-content\/uploads\/2021\/12\/Charcoal-briquettes-production-line-manufacturer.jpg\" alt=\"K\u00f6m\u00fcr briket \u00fcretim hatt\u0131 \u00fcreticisi\" class=\"wp-image-2876\"\/><figcaption class=\"wp-element-caption\">K\u00f6m\u00fcr briket \u00fcretim hatt\u0131 \u00fcreticisi<\/figcaption><\/figure>","protected":false},"excerpt":{"rendered":"<p>Charcoal briquettes\u00a0production line is a plant for manufacturing bbq charcoal, shisha charcoal, coal, sawdust charcoal, coconut charcoal, etc. And the raw material of the charcoal making machine can be various such as bamboo, log, coconut shell, rice husk, sawdust, etc. Therefore, customers who invest in charcoal molding machine production line needs not worry too much [&hellip;]<\/p>\n","protected":false},"author":1,"featured_media":2862,"parent":0,"template":"","tags":[59],"product-type":[53],"class_list":["post-1661","product","type-product","status-publish","has-post-thumbnail","hentry","tag-charcoal-briquetting-machine","product-type-product-line"],"_links":{"self":[{"href":"https:\/\/charcoalplant.com\/tr\/wp-json\/wp\/v2\/product\/1661","targetHints":{"allow":["GET"]}}],"collection":[{"href":"https:\/\/charcoalplant.com\/tr\/wp-json\/wp\/v2\/product"}],"about":[{"href":"https:\/\/charcoalplant.com\/tr\/wp-json\/wp\/v2\/types\/product"}],"author":[{"embeddable":true,"href":"https:\/\/charcoalplant.com\/tr\/wp-json\/wp\/v2\/users\/1"}],"wp:featuredmedia":[{"embeddable":true,"href":"https:\/\/charcoalplant.com\/tr\/wp-json\/wp\/v2\/media\/2862"}],"wp:attachment":[{"href":"https:\/\/charcoalplant.com\/tr\/wp-json\/wp\/v2\/media?parent=1661"}],"wp:term":[{"taxonomy":"post_tag","embeddable":true,"href":"https:\/\/charcoalplant.com\/tr\/wp-json\/wp\/v2\/tags?post=1661"},{"taxonomy":"product-type","embeddable":true,"href":"https:\/\/charcoalplant.com\/tr\/wp-json\/wp\/v2\/product-type?post=1661"}],"curies":[{"name":"wp","href":"https:\/\/api.w.org\/{rel}","templated":true}]}}