{"id":1715,"date":"2022-01-04T10:11:54","date_gmt":"2022-01-04T10:11:54","guid":{"rendered":"https:\/\/charcoalplant.com\/"},"modified":"2023-03-31T15:03:07","modified_gmt":"2023-03-31T07:03:07","slug":"log-saw-mill-machine","status":"publish","type":"product","link":"https:\/\/charcoalplant.com\/tr\/product\/log-saw-mill-machine\/","title":{"rendered":"Tomruk Testere De\u011firmeni Makinesi| Otomatik Ah\u015fap \u015eerit Testere"},"content":{"rendered":"<div class=\"kk-star-ratings kksr-auto kksr-align-left kksr-valign-top\"     data-payload='{&quot;align&quot;:&quot;left&quot;,&quot;id&quot;:&quot;1715&quot;,&quot;slug&quot;:&quot;default&quot;,&quot;valign&quot;:&quot;top&quot;,&quot;ignore&quot;:&quot;&quot;,&quot;reference&quot;:&quot;auto&quot;,&quot;class&quot;:&quot;&quot;,&quot;count&quot;:&quot;15&quot;,&quot;legendonly&quot;:&quot;&quot;,&quot;readonly&quot;:&quot;&quot;,&quot;score&quot;:&quot;4.8&quot;,&quot;starsonly&quot;:&quot;&quot;,&quot;best&quot;:&quot;5&quot;,&quot;gap&quot;:&quot;5&quot;,&quot;greet&quot;:&quot;Rate this product&quot;,&quot;legend&quot;:&quot;4.8\\\/5 - (15 votes)&quot;,&quot;size&quot;:&quot;24&quot;,&quot;title&quot;:&quot;Log Saw Mill Machine| Automatic Wood Band Saw&quot;,&quot;width&quot;:&quot;136.7&quot;,&quot;_legend&quot;:&quot;{score}\\\/{best} - ({count} {votes})&quot;,&quot;font_factor&quot;:&quot;1.25&quot;}'>              <div class=\"kksr-stars\">      <div class=\"kksr-stars-inactive\">             <div class=\"kksr-star\" data-star=\"1\" style=\"padding-right: 5px\">               <div class=\"kksr-icon\" style=\"width: 24px; height: 24px;\"><\/div>         <\/div>             <div class=\"kksr-star\" data-star=\"2\" style=\"padding-right: 5px\">               <div class=\"kksr-icon\" style=\"width: 24px; height: 24px;\"><\/div>         <\/div>             <div class=\"kksr-star\" data-star=\"3\" style=\"padding-right: 5px\">               <div class=\"kksr-icon\" style=\"width: 24px; height: 24px;\"><\/div>         <\/div>             <div class=\"kksr-star\" data-star=\"4\" style=\"padding-right: 5px\">               <div class=\"kksr-icon\" style=\"width: 24px; height: 24px;\"><\/div>         <\/div>             <div class=\"kksr-star\" data-star=\"5\" style=\"padding-right: 5px\">               <div class=\"kksr-icon\" style=\"width: 24px; height: 24px;\"><\/div>         <\/div>     <\/div>      <div class=\"kksr-stars-active\" style=\"width: 136.7px;\">             <div class=\"kksr-star\" style=\"padding-right: 5px\">               <div class=\"kksr-icon\" style=\"width: 24px; height: 24px;\"><\/div>         <\/div>             <div class=\"kksr-star\" style=\"padding-right: 5px\">               <div class=\"kksr-icon\" style=\"width: 24px; height: 24px;\"><\/div>         <\/div>             <div class=\"kksr-star\" style=\"padding-right: 5px\">               <div class=\"kksr-icon\" style=\"width: 24px; height: 24px;\"><\/div>         <\/div>             <div class=\"kksr-star\" style=\"padding-right: 5px\">               <div class=\"kksr-icon\" style=\"width: 24px; height: 24px;\"><\/div>         <\/div>             <div class=\"kksr-star\" style=\"padding-right: 5px\">               <div class=\"kksr-icon\" style=\"width: 24px; height: 24px;\"><\/div>         <\/div>     <\/div> <\/div>                   <div class=\"kksr-legend\" style=\"font-size: 19.2px;\">             4.8\/5 - (15 oy)    <\/div>     <\/div>  <p class=\"translation-block\"><strong>Log saw mill machine<\/strong>, testere b\u0131\u00e7aklar\u0131, \u00f6l\u00e7\u00fcm cetvelleri ve ray\u0131 entegre eden yeni bir ah\u015fap kesme aletidir. Ayr\u0131ca, yeni testere, parlatmay\u0131 ortadan kald\u0131ran ve ah\u015fap kayb\u0131n\u0131 azaltan bir tasar\u0131m felsefesini benimsemektedir. Fabrikam\u0131zda \u00fcretilen \u00fc\u00e7 tip ah\u015fap kesme makinesi bulunmaktad\u0131r: <strong><a href=\"https:\/\/charcoalplant.com\/tr\/info\/sl-500-log-sliding-table-saw-sent-to-singapore\/\">kayar tablal\u0131 k\u00fct\u00fck testeresi<\/a>, dikey \u015ferit testere ve tam otomatik yatay \u015ferit testere<\/strong>. <\/p>    <p>A\u015fa\u011f\u0131da fabrikam\u0131zdaki \u00fc\u00e7 tip b\u0131\u00e7k\u0131haneye k\u0131sa bir giri\u015f yer almaktad\u0131r. Makine fiyatlar\u0131, aksesuarlar vb. konularda bize dan\u0131\u015fmaktan memnuniyet duyar\u0131z. Sizinle ileti\u015fimimizi ilerletmeyi sab\u0131rs\u0131zl\u0131kla bekliyoruz. <\/p>    <h2 class=\"wp-block-heading\" id=\"raw-materials-of-log-saw-mill-machine\"><strong>\u0130\u015flenmemi\u015f i\u00e7erikler<\/strong> <strong>k\u00fct\u00fck testere de\u011firmeni makinesi<\/strong><\/h2>    <p class=\"translation-block\">Ah\u015fap testere fabrikas\u0131n\u0131n hammaddeleri \u00e7e\u015fitli k\u00fct\u00fckler (maun, hu\u015f, me\u015fe, \u00e7am vb.), kare ah\u015fap, tahtalar,<strong> <a href=\"https:\/\/charcoalplant.com\/tr\/wood-wastes-recycling-machine\/wood-peeling-machine\/\">soyulmu\u015f ah\u015fap<\/a><\/strong>'d\u0131r. Hammaddesi ayr\u0131ca sunta, masif ah\u015fap sandvi\u00e7 panel veya PVC panel gibi sentetik paneller de olabilir. Ayr\u0131ca al\u00fcminyum ala\u015f\u0131m, pleksiglas, kau\u00e7uk vb. kesebilir.<\/p>    <figure class=\"wp-block-gallery has-nested-images columns-2 is-cropped wp-block-gallery-2 is-layout-flex wp-block-gallery-is-layout-flex\"> <figure class=\"wp-block-image size-large\"><img loading=\"lazy\" decoding=\"async\" width=\"720\" height=\"540\" data-id=\"2205\" src=\"https:\/\/charcoalplant.com\/wp-content\/uploads\/2022\/01\/log-1.jpg\" alt=\"\" class=\"wp-image-2205\"\/><\/figure>    <figure class=\"wp-block-image size-large\"><img loading=\"lazy\" decoding=\"async\" width=\"720\" height=\"540\" data-id=\"2206\" src=\"https:\/\/charcoalplant.com\/wp-content\/uploads\/2022\/01\/particle-board.jpg\" alt=\"\" class=\"wp-image-2206\"\/><\/figure>    <figure class=\"wp-block-image size-large\"><img loading=\"lazy\" decoding=\"async\" width=\"720\" height=\"540\" data-id=\"2204\" src=\"https:\/\/charcoalplant.com\/wp-content\/uploads\/2022\/01\/rubber.jpg\" alt=\"\" class=\"wp-image-2204\"\/><\/figure>    <figure class=\"wp-block-image size-large\"><img loading=\"lazy\" decoding=\"async\" width=\"720\" height=\"540\" data-id=\"2203\" src=\"https:\/\/charcoalplant.com\/wp-content\/uploads\/2022\/01\/wood-materials.jpg\" alt=\"\" class=\"wp-image-2203\"\/><\/figure> <\/figure>    <h2 class=\"wp-block-heading\" id=\"h-log-saw-mill-machine\"><strong>Tip 1<\/strong>: <strong>Tomruk kereste fabrikas\u0131<\/strong> <strong>makine<\/strong> <strong>sat\u0131l\u0131k<\/strong> <\/h2>    <p>Shuliy itme tablal\u0131 testere g\u00f6vdesi 5-6 mm kal\u0131nl\u0131\u011f\u0131nda \u00e7elik plakalarla kaynaklanm\u0131\u015ft\u0131r. Sadece yap\u0131 sa\u011flam de\u011fil, ayn\u0131 zamanda g\u00f6r\u00fcn\u00fcm de g\u00fczel. Hepsi bir arada bir testere makinesidir. Yani kurulum gerektirmeden do\u011frudan kullan\u0131labilmektedir. Ayr\u0131ca kompaktt\u0131r ve az yer kaplar.<\/p>    <figure class=\"wp-block-gallery has-nested-images columns-3 is-cropped wp-block-gallery-3 is-layout-flex wp-block-gallery-is-layout-flex\"> <figure class=\"wp-block-image size-large\"><img loading=\"lazy\" decoding=\"async\" width=\"720\" height=\"540\" data-id=\"1718\" src=\"https:\/\/charcoalplant.com\/wp-content\/uploads\/2022\/01\/movable-log-sawmill-for-sale-2.jpg\" alt=\"sat\u0131l\u0131k hareketli k\u00fct\u00fck kereste fabrikas\u0131\" class=\"wp-image-1718\" srcset=\"https:\/\/charcoalplant.com\/wp-content\/uploads\/2022\/01\/movable-log-sawmill-for-sale-2.jpg 720w, https:\/\/charcoalplant.com\/wp-content\/uploads\/2022\/01\/movable-log-sawmill-for-sale-2-300x225.jpg 300w\" sizes=\"auto, (max-width: 720px) 100vw, 720px\" \/><figcaption class=\"wp-element-caption\">sat\u0131l\u0131k hareketli k\u00fct\u00fck kereste fabrikas\u0131<\/figcaption><\/figure>    <figure class=\"wp-block-image size-large\"><img loading=\"lazy\" decoding=\"async\" width=\"720\" height=\"540\" data-id=\"1721\" src=\"https:\/\/charcoalplant.com\/wp-content\/uploads\/2022\/01\/woodland-sawmill.jpg\" alt=\"ormanl\u0131k kereste fabrikas\u0131\" class=\"wp-image-1721\" srcset=\"https:\/\/charcoalplant.com\/wp-content\/uploads\/2022\/01\/woodland-sawmill.jpg 720w, https:\/\/charcoalplant.com\/wp-content\/uploads\/2022\/01\/woodland-sawmill-300x225.jpg 300w\" sizes=\"auto, (max-width: 720px) 100vw, 720px\" \/><figcaption class=\"wp-element-caption\">ormanl\u0131k kereste fabrikas\u0131<\/figcaption><\/figure>    <figure class=\"wp-block-image size-large\"><img loading=\"lazy\" decoding=\"async\" width=\"720\" height=\"540\" data-id=\"1720\" src=\"https:\/\/charcoalplant.com\/wp-content\/uploads\/2022\/01\/wooden-board.jpg\" alt=\"ah\u015fap tahta\" class=\"wp-image-1720\" srcset=\"https:\/\/charcoalplant.com\/wp-content\/uploads\/2022\/01\/wooden-board.jpg 720w, https:\/\/charcoalplant.com\/wp-content\/uploads\/2022\/01\/wooden-board-300x225.jpg 300w\" sizes=\"auto, (max-width: 720px) 100vw, 720px\" \/><figcaption class=\"wp-element-caption\">ah\u015fap tahta<\/figcaption><\/figure> <\/figure>    <h3 class=\"wp-block-heading\" id=\"structural-features-of-double-blades-log-sawmill\"><strong>\u00c7ift b\u0131\u00e7akl\u0131 k\u00fct\u00fck kereste fabrikas\u0131n\u0131n yap\u0131sal \u00f6zellikleri<\/strong><\/h3>    <ul class=\"wp-block-list\"> <li>Ala\u015f\u0131ml\u0131 malzemeden yap\u0131lm\u0131\u015f b\u0131\u00e7aklar daha dayan\u0131kl\u0131d\u0131r ve testere di\u015fi yay\u0131 p\u00fcr\u00fczs\u00fczd\u00fcr ve y\u00fcksek kaliteli kesime sahiptir.<\/li>    <li>\u0130ki testere b\u0131\u00e7a\u011f\u0131 iki motor taraf\u0131ndan tahrik edilir ve sorunsuz \u00e7al\u0131\u015f\u0131r.<\/li>    <li>Ayar \u00e7ark\u0131 ah\u015fap ile sapt\u0131rma plakas\u0131 aras\u0131ndaki mesafeyi ayarlayabilir. Bu nedenle levhan\u0131n kal\u0131nl\u0131\u011f\u0131 esnek bir \u015fekilde kontrol edilebilir.<\/li>    <li>Tomruk testeresinin iz uzunlu\u011fu m\u00fc\u015fteri ihtiya\u00e7lar\u0131na g\u00f6re \u00f6zelle\u015ftirilebilir.<\/li> <\/ul>    <figure class=\"wp-block-gallery has-nested-images columns-default is-cropped wp-block-gallery-4 is-layout-flex wp-block-gallery-is-layout-flex\"> <figure class=\"wp-block-image size-large\"><img loading=\"lazy\" decoding=\"async\" width=\"720\" height=\"540\" data-id=\"1722\" src=\"https:\/\/charcoalplant.com\/wp-content\/uploads\/2022\/01\/blade-saw.jpg\" alt=\"b\u0131\u00e7akl\u0131 testere\" class=\"wp-image-1722\" srcset=\"https:\/\/charcoalplant.com\/wp-content\/uploads\/2022\/01\/blade-saw.jpg 720w, https:\/\/charcoalplant.com\/wp-content\/uploads\/2022\/01\/blade-saw-300x225.jpg 300w\" sizes=\"auto, (max-width: 720px) 100vw, 720px\" \/><figcaption class=\"wp-element-caption\">b\u0131\u00e7akl\u0131 testere<\/figcaption><\/figure>    <figure class=\"wp-block-image size-large\"><img loading=\"lazy\" decoding=\"async\" width=\"720\" height=\"540\" data-id=\"2207\" src=\"https:\/\/charcoalplant.com\/wp-content\/uploads\/2022\/01\/double-blades-log-sawmill-for-sale.jpg\" alt=\"\" class=\"wp-image-2207\"\/><\/figure> <\/figure>    <h3 class=\"wp-block-heading\" id=\"video-of-log-sawmill-machine\"><strong>Tomruk kereste fabrikas\u0131<\/strong> <strong>makine<\/strong> <strong>\u00e7al\u0131\u015fma videosu <\/strong><\/h3>    <figure class=\"wp-block-embed is-type-video is-provider-youtube wp-block-embed-youtube wp-embed-aspect-16-9 wp-has-aspect-ratio\"><div class=\"wp-block-embed__wrapper\"> <iframe loading=\"lazy\" title=\"Hareketli Tomruk Kereste Fabrikas\u0131 | Sal\u0131ncak B\u0131\u00e7a\u011f\u0131 Ah\u015fap Kesme Makinesi Ekipmanlar\u0131 Y\u00fcksek Verimlilik\" width=\"500\" height=\"281\" src=\"https:\/\/www.youtube.com\/embed\/ckPnOwcinBo?feature=oembed\" frameborder=\"0\" allow=\"accelerometer; autoplay; clipboard-write; encrypted-media; gyroscope; picture-in-picture; web-share\" referrerpolicy=\"strict-origin-when-cross-origin\" allowfullscreen><\/iframe> <\/div><\/figure>    <h3 class=\"wp-block-heading has-luminous-vivid-orange-color has-text-color\" id=\"h-parameters-of-log-cutting-machine\"><strong>K\u00fct\u00fck kesme makinesi<\/strong> <strong>parametreler<\/strong> <\/h3>    <figure class=\"wp-block-table is-style-stripes\"><table><tbody><tr><td><strong>500Modeli<\/strong><strong><\/strong><\/td><td><strong>1m<\/strong><\/td><td><strong>1,5m<\/strong><\/td><td><strong>2m<\/strong><\/td><td><strong>2,5m<\/strong><\/td><td><strong>3m<\/strong><\/td><td><strong>4m<\/strong><\/td><\/tr><tr><td><strong>Besleme uzunlu\u011fu<\/strong><strong><\/strong><\/td><td>0-100cm<\/td><td>0-150cm<\/td><td>0-200cm<\/td><td>0-250cm<\/td><td>0-300cm<\/td><td>0-400cm<\/td><\/tr><tr><td><strong>Besleme \u00e7ap\u0131<\/strong><strong><\/strong><\/td><td>0-500mm<\/td><td>0-500mm<\/td><td>0-500mm<\/td><td>0-500mm<\/td><td>0-500mm<\/td><td>0-500mm<\/td><\/tr><tr><td><strong>Motor G\u00fcc\u00fc<\/strong><strong><\/strong><\/td><td>11Kw*2<\/td><td>11Kw*2<\/td><td>11Kw*2<\/td><td>11Kw*2<\/td><td>11Kw*2<\/td><td>11Kw*2<\/td><\/tr><tr><td><strong>Toplam A\u011f\u0131rl\u0131k<\/strong><strong><\/strong><\/td><td>500<\/td><td>550<\/td><td>600<\/td><td>650<\/td><td>700<\/td><td>750<\/td><\/tr><\/tbody><\/table><\/figure>    <h2 class=\"wp-block-heading\" id=\"h-vertical-band-saw\"><strong>Tip 2: Dikey \u015ferit testere<\/strong> <strong>sat\u0131l\u0131k<\/strong> <\/h2>    <p>Dikey \u015ferit testereler ayr\u0131ca sabit ah\u015fab\u0131 ileri do\u011fru hareket ettirmek i\u00e7in raylar kullan\u0131r. Daha sonra ah\u015fap d\u00fcz tahtalar halinde kesilir. Testere b\u0131\u00e7a\u011f\u0131 bantl\u0131d\u0131r. Ayr\u0131ca testere b\u0131\u00e7a\u011f\u0131 hareketli tekerle\u011fe sar\u0131lm\u0131\u015ft\u0131r. Bu nedenle testere b\u0131\u00e7a\u011f\u0131 tekerle\u011fin d\u00f6nmesiyle \u00e7al\u0131\u015f\u0131r. Ancak dikey \u015ferit testereler daha h\u0131zl\u0131 keser, daha fazla \u00fcretir ve daha uygun maliyetlidir.<\/p>    <figure class=\"wp-block-gallery has-nested-images columns-default is-cropped wp-block-gallery-5 is-layout-flex wp-block-gallery-is-layout-flex\"> <figure class=\"wp-block-image size-large\"><img loading=\"lazy\" decoding=\"async\" width=\"720\" height=\"540\" data-id=\"1726\" src=\"https:\/\/charcoalplant.com\/wp-content\/uploads\/2022\/01\/vertical-wood-saw-show.jpg\" alt=\"dikey ah\u015fap testere g\u00f6sterisi\" class=\"wp-image-1726\" srcset=\"https:\/\/charcoalplant.com\/wp-content\/uploads\/2022\/01\/vertical-wood-saw-show.jpg 720w, https:\/\/charcoalplant.com\/wp-content\/uploads\/2022\/01\/vertical-wood-saw-show-300x225.jpg 300w\" sizes=\"auto, (max-width: 720px) 100vw, 720px\" \/><figcaption class=\"wp-element-caption\">dikey ah\u015fap testere g\u00f6sterisi<\/figcaption><\/figure> <\/figure>    <h3 class=\"wp-block-heading\" id=\"structural-features-of-vertical-band-sawmill\"><strong>Dikey \u015ferit kereste fabrikas\u0131n\u0131n yap\u0131sal \u00f6zellikleri<\/strong><\/h3>    <ul class=\"wp-block-list\"> <li>Par\u00e7a otomatik olarak kayar. Ve h\u0131z, elektrik veya say\u0131sal kontrol i\u015flemiyle ayarlanabilir.<\/li>    <li>\u015eerit testere, b\u00fcy\u00fck \u00e7apl\u0131 ah\u015faplar\u0131 y\u00fcksek verimle i\u015fleyebilir.<\/li>    <li>Testere b\u0131\u00e7a\u011f\u0131 \u00fcst ve alt testere tekerlekleri \u00fczerine yerle\u015ftirilmi\u015ftir ve testere b\u0131\u00e7a\u011f\u0131n\u0131n kal\u0131nl\u0131\u011f\u0131 ayarlanabilir.<\/li>    <li>K\u00fct\u00fckleri kancalarla sabitlemenin 3 y\u00f6ntemi vard\u0131r: manuel, pn\u00f6matik ve hidrolik.<\/li>    <li>Kolay kurulum, i\u015f g\u00fcc\u00fc tasarrufu, enerji tasarrufu, s\u00fcrekli bo\u015faltma.<\/li> <\/ul>    <figure class=\"wp-block-gallery has-nested-images columns-2 is-cropped wp-block-gallery-6 is-layout-flex wp-block-gallery-is-layout-flex\"> <figure class=\"wp-block-image size-large\"><img loading=\"lazy\" decoding=\"async\" width=\"720\" height=\"540\" data-id=\"1723\" src=\"https:\/\/charcoalplant.com\/wp-content\/uploads\/2022\/01\/band-saw.jpg\" alt=\"\u015ferit testere\" class=\"wp-image-1723\" srcset=\"https:\/\/charcoalplant.com\/wp-content\/uploads\/2022\/01\/band-saw.jpg 720w, https:\/\/charcoalplant.com\/wp-content\/uploads\/2022\/01\/band-saw-300x225.jpg 300w\" sizes=\"auto, (max-width: 720px) 100vw, 720px\" \/><figcaption class=\"wp-element-caption\">\u015ferit testere<\/figcaption><\/figure>    <figure class=\"wp-block-image size-full\"><img loading=\"lazy\" decoding=\"async\" width=\"720\" height=\"540\" data-id=\"2213\" src=\"https:\/\/charcoalplant.com\/wp-content\/uploads\/2022\/01\/track-of-log-saw-mill-machine-.jpg\" alt=\"k\u00fct\u00fck testere de\u011firmeni makinesinin izi\" class=\"wp-image-2213\"\/><figcaption class=\"wp-element-caption\">k\u00fct\u00fck testere de\u011firmeni makinesinin izi<\/figcaption><\/figure>    <figure class=\"wp-block-image size-large\"><img loading=\"lazy\" decoding=\"async\" width=\"720\" height=\"540\" data-id=\"1725\" src=\"https:\/\/charcoalplant.com\/wp-content\/uploads\/2022\/01\/track.jpg\" alt=\"izlemek\" class=\"wp-image-1725\" srcset=\"https:\/\/charcoalplant.com\/wp-content\/uploads\/2022\/01\/track.jpg 720w, https:\/\/charcoalplant.com\/wp-content\/uploads\/2022\/01\/track-300x225.jpg 300w\" sizes=\"auto, (max-width: 720px) 100vw, 720px\" \/><figcaption class=\"wp-element-caption\">izlemek<\/figcaption><\/figure>    <figure class=\"wp-block-image size-full\"><img loading=\"lazy\" decoding=\"async\" width=\"720\" height=\"540\" data-id=\"2212\" src=\"https:\/\/charcoalplant.com\/wp-content\/uploads\/2022\/01\/log-saw-mill-machine-for-sale-.jpg\" alt=\"sat\u0131l\u0131k k\u00fct\u00fck-testere-de\u011firmeni-makinesi\" class=\"wp-image-2212\"\/><figcaption class=\"wp-element-caption\">sat\u0131l\u0131k k\u00fct\u00fck-testere-de\u011firmeni-makinesi<\/figcaption><\/figure> <\/figure>    <h3 class=\"wp-block-heading\" id=\"video-of-log-band-sawmill-machine\"><strong>G\u00fcnl\u00fck bant kereste fabrikas\u0131 makinesi<\/strong> <strong>\u00e7al\u0131\u015fma videosu<\/strong><\/h3>    <figure class=\"wp-block-embed is-type-video is-provider-youtube wp-block-embed-youtube wp-embed-aspect-16-9 wp-has-aspect-ratio\"><div class=\"wp-block-embed__wrapper\"> <iframe loading=\"lazy\" title=\"Dikey K\u00fct\u00fck \u015eerit Testere | Orman A\u011fa\u00e7 Kesme Makinesi \u00dcreticisi#woodboard#furniture\" width=\"500\" height=\"281\" src=\"https:\/\/www.youtube.com\/embed\/M8i0EjIuRLk?feature=oembed\" frameborder=\"0\" allow=\"accelerometer; autoplay; clipboard-write; encrypted-media; gyroscope; picture-in-picture; web-share\" referrerpolicy=\"strict-origin-when-cross-origin\" allowfullscreen><\/iframe> <\/div><\/figure>    <h3 class=\"wp-block-heading has-luminous-vivid-orange-color has-text-color\" id=\"h-parameters-of-vertical-wood-saw-mill\"><strong>Dikey a\u011fa\u00e7 testere de\u011firmeni<\/strong> <strong>parametreler <\/strong><\/h3>    <figure class=\"wp-block-table is-style-stripes\"><table><tbody><tr><td>Modeli<\/td><td>SL-3000<\/td><td>SL-5000<\/td><\/tr><tr><td>Testere tekerle\u011fi \u00e7ap\u0131<\/td><td>1600mm<\/td><td>1250mm<\/td><\/tr><tr><td>Maksimum ah\u015fap testere \u00e7ap\u0131<\/td><td>800 mm<\/td><td>1000mm<\/td><\/tr><tr><td>Motor g\u00fcc\u00fc<\/td><td>30KW<\/td><td>45KW<\/td><\/tr><tr><td>Testere kal\u0131nl\u0131\u011f\u0131 ayar\u0131<\/td><td>CNC<\/td><td>CNC<\/td><\/tr><tr><td>Ah\u015fap s\u0131kma modeli<\/td><td>Elektrik<\/td><td>Hidrolik<\/td><\/tr><tr><td>Maksimum ah\u015fap kesme uzunlu\u011fu<\/td><td>4000mm<\/td><td>6000mm<\/td><\/tr><\/tbody><\/table><\/figure>    <p><\/p>    <h2 class=\"wp-block-heading\" id=\"h-automatic-wood-band-saw\"><strong>Tip 3<\/strong>: <strong>Otomatik ah\u015fap \u015ferit testere<\/strong> <strong>sat\u0131l\u0131k<\/strong> <\/h2>    <p class=\"translation-block\">Yatay band testere daha b\u00fcy\u00fck \u00e7apta ah\u015fap i\u015fleyebilir. Ayr\u0131ca CNC yatay k\u00f6k testeresi ile \u00f6nceki iki testereden fark, testi b\u0131\u00e7a\u011f\u0131n\u0131n ve ah\u015fab\u0131n hareketidir. B\u00fcy\u00fck ah\u015fap testeresi b\u0131\u00e7a\u011f\u0131 ileri-geri hareket eder, ancak ah\u015fap hareket etmez. <strong><a href=\"https:\/\/charcoalplant.com\/tr\/about\/\">Shuliy\u00a0Machinery<\/a><\/strong> benzinli tamamen otomatik yatay band testeresi ve dizel tamamen otomatik yatay band testeresi sat\u0131yor. Fabrikam\u0131z ayr\u0131ca testerede b\u0131\u00e7\u0131klar\u0131n de\u011fi\u015ftirilmesi maliyetini art\u0131rmamak i\u00e7in b\u0131\u00e7ak onar\u0131m ara\u00e7lar\u0131 da \u00fcretmektedir.<\/p>    <figure class=\"wp-block-gallery has-nested-images columns-2 is-cropped wp-block-gallery-7 is-layout-flex wp-block-gallery-is-layout-flex\"> <figure class=\"wp-block-image size-large\"><img loading=\"lazy\" decoding=\"async\" width=\"720\" height=\"540\" data-id=\"1727\" src=\"https:\/\/charcoalplant.com\/wp-content\/uploads\/2022\/01\/board-for-furniture.jpg\" alt=\"mobilya tahtas\u0131\" class=\"wp-image-1727\" srcset=\"https:\/\/charcoalplant.com\/wp-content\/uploads\/2022\/01\/board-for-furniture.jpg 720w, https:\/\/charcoalplant.com\/wp-content\/uploads\/2022\/01\/board-for-furniture-300x225.jpg 300w\" sizes=\"auto, (max-width: 720px) 100vw, 720px\" \/><figcaption class=\"wp-element-caption\">mobilya tahtas\u0131<\/figcaption><\/figure>    <figure class=\"wp-block-image size-large\"><img loading=\"lazy\" decoding=\"async\" width=\"720\" height=\"540\" data-id=\"1730\" src=\"https:\/\/charcoalplant.com\/wp-content\/uploads\/2022\/01\/Wood-placement.jpg\" alt=\"Ah\u015fap yerle\u015ftirme\" class=\"wp-image-1730\" srcset=\"https:\/\/charcoalplant.com\/wp-content\/uploads\/2022\/01\/Wood-placement.jpg 720w, https:\/\/charcoalplant.com\/wp-content\/uploads\/2022\/01\/Wood-placement-300x225.jpg 300w\" sizes=\"auto, (max-width: 720px) 100vw, 720px\" \/><figcaption class=\"wp-element-caption\">Ah\u015fap yerle\u015ftirme<\/figcaption><\/figure> <\/figure>    <h3 class=\"wp-block-heading\" id=\"structural-features-of-automatic-log-sawmill\"><strong>Otomatik k\u00fct\u00fck kereste fabrikas\u0131n\u0131n yap\u0131sal \u00f6zellikleri<\/strong><\/h3>    <ul class=\"wp-block-list\"> <li>Yuvarlak ve kare k\u00fct\u00fcklerin hareketinden kaynaklanan hatalar\u0131 azalt\u0131r. <\/li> <\/ul>    <ul class=\"wp-block-list\"> <li>Kesilen ah\u015fap levha kanca taraf\u0131ndan geri \u00e7ekilir ve manuel olarak \u00e7\u0131kar\u0131lmas\u0131 gerekmez. <\/li> <\/ul>    <ul class=\"wp-block-list\"> <li>Bu i\u015flem, otomatik ve s\u00fcrekli bo\u015faltma iste\u011fini ger\u00e7ekle\u015ftirmek i\u00e7in tamamen mekanik olarak \u00e7al\u0131\u015ft\u0131r\u0131l\u0131r. <\/li> <\/ul>    <figure class=\"wp-block-gallery has-nested-images columns-default is-cropped wp-block-gallery-8 is-layout-flex wp-block-gallery-is-layout-flex\"> <figure class=\"wp-block-image size-full\"><img loading=\"lazy\" decoding=\"async\" width=\"720\" height=\"540\" data-id=\"2262\" src=\"https:\/\/charcoalplant.com\/wp-content\/uploads\/2022\/02\/large-automatic-wood-band-saw.jpg\" alt=\"b\u00fcy\u00fck-otomatik-ah\u015fap \u015ferit testere\" class=\"wp-image-2262\"\/><figcaption class=\"wp-element-caption\">b\u00fcy\u00fck-otomatik-ah\u015fap \u015ferit testere<\/figcaption><\/figure> <\/figure>    <h3 class=\"wp-block-heading\" id=\"video-of-automatic-wood-bandsaw\"><strong>Otomatik ah\u015fap \u015ferit testere<\/strong> <strong>\u00e7al\u0131\u015fma videosu<\/strong><\/h3>    <figure class=\"wp-block-embed is-type-video is-provider-youtube wp-block-embed-youtube wp-embed-aspect-16-9 wp-has-aspect-ratio\"><div class=\"wp-block-embed__wrapper\"> <iframe loading=\"lazy\" title=\"Tam Otomatik Yatay \u015eerit Testere | Woodland Kereste Fabrikalar\u0131 #kereste fabrikas\u0131 #ahta Tahtas\u0131 1TP5Kereste kesme makinesi\" width=\"500\" height=\"281\" src=\"https:\/\/www.youtube.com\/embed\/5mhbYQ5ghls?feature=oembed\" frameborder=\"0\" allow=\"accelerometer; autoplay; clipboard-write; encrypted-media; gyroscope; picture-in-picture; web-share\" referrerpolicy=\"strict-origin-when-cross-origin\" allowfullscreen><\/iframe> <\/div><\/figure>    <h3 class=\"wp-block-heading has-luminous-vivid-orange-color has-text-color\" id=\"h-parameters-of-mobile-log-saw\"><strong>Mobil k\u00fct\u00fck testerenin parametreleri<\/strong><\/h3>    <figure class=\"wp-block-table is-style-stripes\"><table><tbody><tr><td>Modeli<\/td><td>SL-1500<\/td><td>SL-2500<\/td><\/tr><tr><td>Testere tekerle\u011fi \u00e7ap\u0131<\/td><td>1000mm<\/td><td>1070mm<\/td><\/tr><tr><td>Maksimum ah\u015fap testere \u00e7ap\u0131<\/td><td>1500mm<\/td><td>2500mm<\/td><\/tr><tr><td>Motor g\u00fcc\u00fc<\/td><td>37KW<\/td><td>55KW<\/td><\/tr><tr><td>Testere kal\u0131nl\u0131\u011f\u0131 ayar\u0131<\/td><td>350mm<\/td><td>450mm<\/td><\/tr><tr><td>Maksimum ah\u015fap kesme uzunlu\u011fu<\/td><td>6000mm<\/td><td>6000mm<\/td><\/tr><tr><td>A\u011f\u0131rl\u0131k<\/td><td>4500kg<\/td><td>5500kg<\/td><\/tr><\/tbody><\/table><\/figure>","protected":false},"excerpt":{"rendered":"<p>Tomruk Testere De\u011firmeni Makinesi ah\u015fap kesme ekipman\u0131d\u0131r. K\u00fct\u00fck kayar tablal\u0131 testereleri, dikey \u015ferit testereleri ve yatay \u015ferit testereleri i\u00e7erir.<\/p>","protected":false},"author":1,"featured_media":1716,"parent":0,"template":"","tags":[64],"product-type":[3],"class_list":["post-1715","product","type-product","status-publish","has-post-thumbnail","hentry","tag-wood-wastes-recycling-machine","product-type-wood-wastes-recycling-machine"],"_links":{"self":[{"href":"https:\/\/charcoalplant.com\/tr\/wp-json\/wp\/v2\/product\/1715","targetHints":{"allow":["GET"]}}],"collection":[{"href":"https:\/\/charcoalplant.com\/tr\/wp-json\/wp\/v2\/product"}],"about":[{"href":"https:\/\/charcoalplant.com\/tr\/wp-json\/wp\/v2\/types\/product"}],"author":[{"embeddable":true,"href":"https:\/\/charcoalplant.com\/tr\/wp-json\/wp\/v2\/users\/1"}],"wp:featuredmedia":[{"embeddable":true,"href":"https:\/\/charcoalplant.com\/tr\/wp-json\/wp\/v2\/media\/1716"}],"wp:attachment":[{"href":"https:\/\/charcoalplant.com\/tr\/wp-json\/wp\/v2\/media?parent=1715"}],"wp:term":[{"taxonomy":"post_tag","embeddable":true,"href":"https:\/\/charcoalplant.com\/tr\/wp-json\/wp\/v2\/tags?post=1715"},{"taxonomy":"product-type","embeddable":true,"href":"https:\/\/charcoalplant.com\/tr\/wp-json\/wp\/v2\/product-type?post=1715"}],"curies":[{"name":"wp","href":"https:\/\/api.w.org\/{rel}","templated":true}]}}