{"id":1909,"date":"2022-01-11T09:01:53","date_gmt":"2022-01-11T09:01:53","guid":{"rendered":"https:\/\/charcoalplant.com\/"},"modified":"2022-06-10T02:25:52","modified_gmt":"2022-06-10T02:25:52","slug":"rotary-hookah-tablet-press","status":"publish","type":"product","link":"https:\/\/charcoalplant.com\/tr\/product\/rotary-hookah-tablet-press\/","title":{"rendered":"D\u00f6ner Nargile Tablet Presi | Nargile K\u00f6m\u00fcr\u00fc Yapma Makinesi"},"content":{"rendered":"<div class=\"kk-star-ratings kksr-auto kksr-align-left kksr-valign-top\"     data-payload='{&quot;align&quot;:&quot;left&quot;,&quot;id&quot;:&quot;1909&quot;,&quot;slug&quot;:&quot;default&quot;,&quot;valign&quot;:&quot;top&quot;,&quot;ignore&quot;:&quot;&quot;,&quot;reference&quot;:&quot;auto&quot;,&quot;class&quot;:&quot;&quot;,&quot;count&quot;:&quot;8&quot;,&quot;legendonly&quot;:&quot;&quot;,&quot;readonly&quot;:&quot;&quot;,&quot;score&quot;:&quot;4.8&quot;,&quot;starsonly&quot;:&quot;&quot;,&quot;best&quot;:&quot;5&quot;,&quot;gap&quot;:&quot;5&quot;,&quot;greet&quot;:&quot;Rate this product&quot;,&quot;legend&quot;:&quot;4.8\\\/5 - (8 votes)&quot;,&quot;size&quot;:&quot;24&quot;,&quot;title&quot;:&quot;Rotary Hookah Tablet Press | Shisha Charcoal Making Machine&quot;,&quot;width&quot;:&quot;136.7&quot;,&quot;_legend&quot;:&quot;{score}\\\/{best} - ({count} {votes})&quot;,&quot;font_factor&quot;:&quot;1.25&quot;}'>              <div class=\"kksr-stars\">      <div class=\"kksr-stars-inactive\">             <div class=\"kksr-star\" data-star=\"1\" style=\"padding-right: 5px\">               <div class=\"kksr-icon\" style=\"width: 24px; height: 24px;\"><\/div>         <\/div>             <div class=\"kksr-star\" data-star=\"2\" style=\"padding-right: 5px\">               <div class=\"kksr-icon\" style=\"width: 24px; height: 24px;\"><\/div>         <\/div>             <div class=\"kksr-star\" data-star=\"3\" style=\"padding-right: 5px\">               <div class=\"kksr-icon\" style=\"width: 24px; height: 24px;\"><\/div>         <\/div>             <div class=\"kksr-star\" data-star=\"4\" style=\"padding-right: 5px\">               <div class=\"kksr-icon\" style=\"width: 24px; height: 24px;\"><\/div>         <\/div>             <div class=\"kksr-star\" data-star=\"5\" style=\"padding-right: 5px\">               <div class=\"kksr-icon\" style=\"width: 24px; height: 24px;\"><\/div>         <\/div>     <\/div>      <div class=\"kksr-stars-active\" style=\"width: 136.7px;\">             <div class=\"kksr-star\" style=\"padding-right: 5px\">               <div class=\"kksr-icon\" style=\"width: 24px; height: 24px;\"><\/div>         <\/div>             <div class=\"kksr-star\" style=\"padding-right: 5px\">               <div class=\"kksr-icon\" style=\"width: 24px; height: 24px;\"><\/div>         <\/div>             <div class=\"kksr-star\" style=\"padding-right: 5px\">               <div class=\"kksr-icon\" style=\"width: 24px; height: 24px;\"><\/div>         <\/div>             <div class=\"kksr-star\" style=\"padding-right: 5px\">               <div class=\"kksr-icon\" style=\"width: 24px; height: 24px;\"><\/div>         <\/div>             <div class=\"kksr-star\" style=\"padding-right: 5px\">               <div class=\"kksr-icon\" style=\"width: 24px; height: 24px;\"><\/div>         <\/div>     <\/div> <\/div>                   <div class=\"kksr-legend\" style=\"font-size: 19.2px;\">             4.8\/5 - (8 oy)    <\/div>     <\/div>  <p class=\"translation-block\"><strong>D\u00f6nme nargile k\u00f6m\u00fcr\u00fc tablet presi<\/strong> y\u00fcksek verimlili\u011fe sahip bir nargile k\u00f6m\u00fcr\u00fc yapma makinesidir. Normal nargile k\u00f6m\u00fcr\u00fc briket makinesi ile kar\u015f\u0131la\u015ft\u0131r\u0131ld\u0131\u011f\u0131nda, d\u00f6ner tablet presinin \u00e7\u0131kt\u0131s\u0131 normal t\u00fcr\u00fcn 3 kat\u0131d\u0131r. Yani, 2-3 normal t\u00fcr k\u00f6m\u00fcr tozu tablet presine e\u015fde\u011ferdir. Bu nedenle, d\u00f6ner nargile k\u00f6m\u00fcr\u00fc tabletleme makinesi <strong><a href=\"https:\/\/charcoalplant.com\/tr\/news\/why-are-the-new-shisha-charcoal-presses-more-high-end\/\">y\u00fcksek ekonomik de\u011fere<\/a><\/strong> sahiptir. Shuliy Makina sadece sizin i\u00e7in do\u011fru \u00fcretim plan\u0131n\u0131 yapmakla kalmaz. Ayr\u0131ca, makine \u00f6zelle\u015ftirme hizmeti sunuyoruz. \u00dcr\u00fcn fiyat\u0131n\u0131 almak istiyorsan\u0131z, l\u00fctfen bize bir mesaj b\u0131rak\u0131n. Ve m\u00fcmk\u00fcn olan en k\u0131sa s\u00fcrede yan\u0131t verece\u011fiz.<\/p>    <div class=\"wp-block-image\"><figure class=\"aligncenter size-full\"><img loading=\"lazy\" decoding=\"async\" width=\"720\" height=\"540\" src=\"https:\/\/charcoalplant.com\/wp-content\/uploads\/2022\/02\/rotary-hookah-coal-tablet-press-for-sale.jpg\" alt=\"d\u00f6ner-nargile-k\u00f6m\u00fcr-tablet-sat\u0131l\u0131k\" class=\"wp-image-2480\"\/><figcaption>d\u00f6ner-nargile-k\u00f6m\u00fcr-tablet-sat\u0131l\u0131k<\/figcaption><\/figure><\/div>    <h2 class=\"wp-block-heading\" id=\"h-raw-materials-of-rotary-hookah-charcoal-tablet-machine\">D\u00f6ner nargile k\u00f6m\u00fcr\u00fc tablet makinesinin hammaddeleri<\/h2>    <p class=\"translation-block\"><strong><a href=\"https:\/\/charcoalplant.com\/tr\/shisha-charcoal-production-line\/\">Nargile k\u00f6m\u00fcr\u00fc \u00fcretim hatt\u0131<\/a><\/strong> i\u00e7in ham maddeler \u00e7e\u015fitli karbon tozlar\u0131d\u0131r. \u00d6rne\u011fin, <strong><a href=\"https:\/\/charcoalplant.com\/tr\/info\/what-are-the-uses-of-coconut-shells\/\">hindistancevizi kabu\u011fu k\u00f6m\u00fcr\u00fc<\/a><\/strong> tozu, meyve k\u00f6m\u00fcr\u00fc tozu, bambu k\u00f6m\u00fcr\u00fc tozu, k\u00f6m\u00fcr tozu vb. D\u00f6ner nargile k\u00f6m\u00fcr\u00fc makinesi bu karbon tozlar\u0131n\u0131 \u00e7e\u015fitli \u015fekillerde nargile k\u00f6m\u00fcr\u00fc levhalar\u0131na presler. Yuvarlak tabletler basman\u0131n yan\u0131 s\u0131ra, \u00f6zel \u015fekilli tabletler, \u00f6zel tabletler, kare tabletler, halka tabletler vb. de basabilir. Nargile k\u00f6m\u00fcr\u00fc \u00fcretimi yaln\u0131zca \u00e7ap a\u00e7\u0131s\u0131ndan ayarlanabilir. Ayr\u0131ca, karbon levhalar\u0131n boyutu, dayan\u0131kl\u0131l\u0131\u011f\u0131 ve sertli\u011fi m\u00fc\u015fteri taleplerine g\u00f6re \u00fcretilir.<\/p>    <div class=\"wp-block-image\"><figure class=\"aligncenter size-full\"><img loading=\"lazy\" decoding=\"async\" width=\"720\" height=\"540\" src=\"https:\/\/charcoalplant.com\/wp-content\/uploads\/2022\/02\/round-quick-light-shisha-hookahcoal.jpg\" alt=\"yuvarlak h\u0131zl\u0131 hafif nargile-nargilek\u00f6m\u00fcr\u00fc\" class=\"wp-image-2474\"\/><figcaption>yuvarlak-h\u0131zl\u0131-hafif-shisha-nargile-k\u00f6m\u00fcr\u00fc<\/figcaption><\/figure><\/div>    <h2 class=\"wp-block-heading\">Nargile k\u00f6m\u00fcr\u00fc yapma makinesinin temel prensibi<strong> <\/strong><\/h2>    <p>D\u00f6ner nargile k\u00f6m\u00fcr\u00fc s\u0131kma makinesinin verimli ve kaliteli olmas\u0131n\u0131n nedeni. E\u015fsiz nargile k\u00f6m\u00fcr\u00fc \u015fekillendirme sistemi nedeniyle. Geleneksel yukar\u0131 ve a\u015fa\u011f\u0131 delme y\u00f6ntemini cesurca terk ediyor. Y\u00fcksek ve al\u00e7ak noktalarda do\u011fal olarak s\u0131k\u0131\u015ft\u0131rmak i\u00e7in kavisli yol boyunca \u00fcst ve alt z\u0131mbalar\u0131 ak\u0131ll\u0131ca kullan\u0131r. Bu tasar\u0131m\u0131n avantaj\u0131, her bir nargile k\u00f6m\u00fcr\u00fc par\u00e7as\u0131n\u0131n ayn\u0131 miktarda bas\u0131nca dayanabilmesidir. Bu ayn\u0131 zamanda nargile k\u00f6m\u00fcr\u00fc yap\u0131m makinesi reformunun en de\u011ferli k\u0131sm\u0131d\u0131r.<\/p>    <figure class=\"wp-block-gallery has-nested-images columns-default is-cropped wp-block-gallery-2 is-layout-flex wp-block-gallery-is-layout-flex\"> <figure class=\"wp-block-image size-large\"><img loading=\"lazy\" decoding=\"async\" width=\"720\" height=\"540\" data-id=\"1910\" src=\"https:\/\/charcoalplant.com\/wp-content\/uploads\/2022\/01\/Shisha-Charcoal-Receiving-Tray-and-outlet_.jpg\" alt=\"Nargile-K\u00f6m\u00fcr-Alma-Tepsi-ve-\u00e7\u0131k\u0131\u015f\" class=\"wp-image-1910\"\/><figcaption>Nargile-K\u00f6m\u00fcr-Alma-Tepsi-ve-\u00e7\u0131k\u0131\u015f<\/figcaption><\/figure> <\/figure>    <h2 class=\"wp-block-heading\" id=\"h-structure-of-rotary-hookah-tablet-press\">D\u00f6ner nargile tablet presinin yap\u0131s\u0131<\/h2>    <p>Yap\u0131s\u0131 bir besleme portu, bir bo\u015faltma portu, bir kal\u0131p (\u00fcst, orta ve alt), bir motor, bir yava\u015flama motoru, bir bas\u0131n\u00e7 silindiri ve bir al\u0131m tepsisinden olu\u015fur. Enerji santrali g\u00f6vdenin alt\u0131na yerle\u015ftirilmi\u015ftir. Test makinesinin ve g\u00fcnl\u00fck bak\u0131m\u0131n motoru kontrol etmesi gerekir ve anahtarla kontrol edilebilir. T\u00fcm d\u00f6ner tablet pres makinesinin yap\u0131 tasar\u0131m\u0131 \u00e7ok kompaktt\u0131r ve yerden tasarruf sa\u011flar.<\/p>    <div class=\"wp-block-columns is-layout-flex wp-container-core-columns-is-layout-28f84493 wp-block-columns-is-layout-flex\"> <div class=\"wp-block-column is-layout-flow wp-block-column-is-layout-flow\" style=\"flex-basis:66.66%\"> <figure class=\"wp-block-gallery has-nested-images columns-default is-cropped wp-block-gallery-3 is-layout-flex wp-block-gallery-is-layout-flex\"> <figure class=\"wp-block-image size-large\"><img loading=\"lazy\" decoding=\"async\" width=\"720\" height=\"540\" data-id=\"1912\" src=\"https:\/\/charcoalplant.com\/wp-content\/uploads\/2022\/01\/mould.jpg\" alt=\"kal\u0131ba d\u00f6kmek\" class=\"wp-image-1912\"\/><figcaption>kal\u0131ba d\u00f6kmek<\/figcaption><\/figure> <\/figure> <\/div>    <div class=\"wp-block-column is-layout-flow wp-block-column-is-layout-flow\" style=\"flex-basis:33.33%\"> <p class=\"translation-block\"><strong>Kal\u0131p<\/strong><\/p>    <p>Kal\u0131p \u00e7ap\u0131, deseni ve metni \u00f6zelle\u015ftirilebilir. Bu nedenle \u00fcretilen nargile k\u00f6m\u00fcr\u00fc daha farkl\u0131 ve ayn\u0131 zamanda daha geni\u015f bir kitleye sahiptir. Makine g\u00f6vdesi ve kal\u0131p malzemesi dayan\u0131kl\u0131 paslanmaz \u00e7eliktir. Yani neredeyse hi\u00e7 a\u015f\u0131nan par\u00e7as\u0131 yoktur ve kullan\u0131m \u00f6mr\u00fc 8-10 y\u0131ld\u0131r.<\/p> <\/div> <\/div>    <div class=\"wp-block-columns is-layout-flex wp-container-core-columns-is-layout-28f84493 wp-block-columns-is-layout-flex\"> <div class=\"wp-block-column is-layout-flow wp-block-column-is-layout-flow\" style=\"flex-basis:33.33%\"> <p class=\"translation-block\"><strong>Giri\u015f<\/strong><\/p>    <p>Sa\u011fdaki resimde g\u00f6vde k\u00f6m\u00fcr\u00fc \u015fekillendirme makinesinin besleme giri\u015fi ve demleme butonu g\u00f6sterilmektedir. Nargile k\u00f6m\u00fcr\u00fc makinesinin besleme a\u011fz\u0131n\u0131n konumu son derece uygundur. Bu nedenle operat\u00f6rlerin kullanmas\u0131 ve tespit etmesi olduk\u00e7a uygundur. Makinenin yan taraf\u0131ndaki d\u00fc\u011fmeler de bas\u0131nc\u0131 ve dolum say\u0131s\u0131n\u0131 ayarlayabiliyor.<\/p> <\/div>    <div class=\"wp-block-column is-layout-flow wp-block-column-is-layout-flow\" style=\"flex-basis:66.66%\"> <figure class=\"wp-block-gallery has-nested-images columns-default is-cropped wp-block-gallery-4 is-layout-flex wp-block-gallery-is-layout-flex\"> <figure class=\"wp-block-image size-large\"><img loading=\"lazy\" decoding=\"async\" width=\"720\" height=\"540\" data-id=\"2475\" src=\"https:\/\/charcoalplant.com\/wp-content\/uploads\/2022\/02\/details-of-hully-charcoal-machine-.jpg\" alt=\"\" class=\"wp-image-2475\"\/><\/figure> <\/figure> <\/div> <\/div>    <div class=\"wp-block-columns is-layout-flex wp-container-core-columns-is-layout-28f84493 wp-block-columns-is-layout-flex\"> <div class=\"wp-block-column is-layout-flow wp-block-column-is-layout-flow\" style=\"flex-basis:66.66%\"> <figure class=\"wp-block-gallery has-nested-images columns-default is-cropped wp-block-gallery-5 is-layout-flex wp-block-gallery-is-layout-flex\"> <figure class=\"wp-block-image size-large\"><img loading=\"lazy\" decoding=\"async\" width=\"720\" height=\"540\" data-id=\"2476\" src=\"https:\/\/charcoalplant.com\/wp-content\/uploads\/2022\/02\/outlet-1.jpg\" alt=\"\" class=\"wp-image-2476\"\/><\/figure> <\/figure> <\/div>    <div class=\"wp-block-column is-layout-flow wp-block-column-is-layout-flow\" style=\"flex-basis:33.33%\"> <p class=\"translation-block\"><strong>\u00c7\u0131k\u0131\u015f<\/strong><\/p>    <p class=\"translation-block\">\u00c7\u0131k\u0131\u015fta d\u00fczenli bir \u015fekilde nargile k\u00f6m\u00fcr\u00fcn\u00fcn toplanmas\u0131n\u0131 sa\u011flamak i\u00e7in bir perde plakas\u0131 bulunmaktad\u0131r. Ayr\u0131ca, m\u00fc\u015fterilerimize bir yakalama tepsisi sa\u011fl\u0131yoruz. Bu, nargilenin <strong><a href=\"https:\/\/charcoalplant.com\/tr\/drying-machine\/charcoal-briquette-dryer\/\">kurutma<\/a><\/strong> k\u0131sm\u0131n\u0131n ve halka \u015feklindeki <strong><a href=\"https:\/\/charcoalplant.com\/tr\/briquettes-packing-machine\/charcoal-briquettes-packing-machine\/\">nargile k\u00f6m\u00fcr\u00fc ay\u0131rma makinesinin<\/a><\/strong> i\u015flemini kolayla\u015ft\u0131r\u0131r.<br><\/p> <\/div> <\/div>    <h2 class=\"wp-block-heading\" id=\"h-parameters-of-rotary-hookah-tablet-press\">D\u00f6ner nargile tablet presinin parametreleri<\/h2>    <p>Nargile k\u00f6m\u00fcr\u00fc tablet preslerinin \u00e7e\u015fitli modellerini \u00fcretiyoruz. 21 punch en \u00e7ok sat\u0131lanlar\u0131m\u0131zdan biridir.  A\u015fa\u011f\u0131da 21 adet 30 mm \u00e7apl\u0131 tablet i\u00e7in makine parametreleri verilmi\u015ftir.<\/p>    <figure class=\"wp-block-table is-style-stripes\"><table><tbody><tr><td><strong>Modeli<\/strong><strong><\/strong><\/td><td><strong>SL-RS21<\/strong><\/td><\/tr><tr><td><strong>Delme miktar\u0131 (setler)<\/strong><strong><\/strong><\/td><td><strong>21<\/strong><strong><\/strong><\/td><\/tr><tr><td><strong>Maksimum tablet bas\u0131nc\u0131(kn)<\/strong><strong><\/strong><\/td><td><strong>120<\/strong><strong><\/strong><\/td><\/tr><tr><td><strong>Maksimum doldurma derinli\u011fi (mm)<\/strong><strong><\/strong><\/td><td><strong>16-28<\/strong><strong><\/strong><\/td><\/tr><tr><td><strong>Maksimum tablet kal\u0131nl\u0131\u011f\u0131 (mm)<\/strong><strong><\/strong><\/td><td><strong>8-15<\/strong><strong><\/strong><\/td><\/tr><tr><td><strong>Taret d\u00f6n\u00fc\u015f h\u0131z\u0131 (dev\/dak)<\/strong><strong><\/strong><\/td><td><strong>30<\/strong><strong><\/strong><\/td><\/tr><tr><td><strong>Maksimum \u00e7\u0131kt\u0131 (adet\/saat)<\/strong><strong><\/strong><\/td><td><strong>30000-40000<\/strong><strong><\/strong><\/td><\/tr><tr><td><strong>Motor g\u00fcc\u00fc(kw)<\/strong><strong><\/strong><\/td><td><strong>7.5<\/strong><strong><\/strong><\/td><\/tr><tr><td><strong>Genel boyut (mm)<\/strong><strong><\/strong><\/td><td><strong>800*900*1650<\/strong><strong><\/strong><\/td><\/tr><tr><td><strong>Makine a\u011f\u0131rl\u0131\u011f\u0131 (kg)<\/strong><strong><\/strong><\/td><td><strong>1500<\/strong><strong><\/strong><\/td><\/tr><\/tbody><\/table><\/figure>    <h2 class=\"wp-block-heading\" id=\"h-video-of-best-coconut-charcoal-shisha-tablet\">En iyi hindistan cevizi k\u00f6m\u00fcr\u00fc nargile tabletinin videosu<\/h2>    <p>A\u015fa\u011f\u0131daki video arac\u0131l\u0131\u011f\u0131yla nargile k\u00f6m\u00fcr\u00fcn\u00fcn \u00fcretim ve paketleme s\u00fcrecini net bir \u015fekilde anlayabilirsiniz.<\/p>    <figure class=\"wp-block-embed is-type-video is-provider-youtube wp-block-embed-youtube wp-embed-aspect-16-9 wp-has-aspect-ratio\"><div class=\"wp-block-embed__wrapper\"> <iframe loading=\"lazy\" title=\"En \u0130yi Hindistan Cevizi K\u00f6m\u00fcr\u00fc Nargile Tableti | D\u00f6ner Nargile Tablet Makinas\u0131 Tesisi#shishacharcoal#Ab\" width=\"500\" height=\"281\" src=\"https:\/\/www.youtube.com\/embed\/SCr3JOp5PN8?feature=oembed\" frameborder=\"0\" allow=\"accelerometer; autoplay; clipboard-write; encrypted-media; gyroscope; picture-in-picture; web-share\" referrerpolicy=\"strict-origin-when-cross-origin\" allowfullscreen><\/iframe> <\/div><\/figure>    <h2 class=\"wp-block-heading\">Nargile k\u00f6m\u00fcr\u00fc tablet presinin faydalar\u0131 nelerdir?<\/h2>    <ul class=\"wp-block-list\" id=\"block-4a8c5a9a-482a-49f4-b4de-51d981b5b640\"><li>PLC ak\u0131ll\u0131 kontrol panelini benimseyin. Nargile k\u00f6m\u00fcr\u00fc tabletinin kal\u0131nl\u0131\u011f\u0131, h\u0131z ayar\u0131 yap\u0131larak kolayl\u0131kla ayarlanabilir.<\/li><li>Nargile k\u00f6m\u00fcr\u00fc yapma makinesinin otomatik dolum cihaz\u0131, h\u0131z\u0131 kolayca kontrol edebilmektedir.<\/li><li>Makinenin tamam\u0131 paslanmaz \u00e7elikten yap\u0131lm\u0131\u015ft\u0131r, temizlenmesi kolayd\u0131r ve uzun \u00f6m\u00fcrl\u00fcd\u00fcr.<\/li><li>Bo\u015faltma portunun e\u011fimi, nargile k\u00f6m\u00fcr\u00fcn\u00fcn nargile k\u00f6m\u00fcr\u00fc tabakas\u0131na zarar vermeden do\u011fal olarak a\u015fa\u011f\u0131 do\u011fru kayaca\u011f\u0131 \u015fekilde makul \u015fekilde tasarlanm\u0131\u015ft\u0131r.<\/li><li>Nargile k\u00f6m\u00fcr\u00fc paslanmaz \u00e7elik besleyicinin \u00fczerine d\u00fcz bir \u015fekilde serilir. Sadece kurutmak i\u00e7in de\u011fil, ayn\u0131 zamanda kurutmak i\u00e7in de kullan\u0131\u015fl\u0131d\u0131r. <strong><a href=\"https:\/\/charcoalplant.com\/tr\/briquettes-packing-machine\/charcoal-briquettes-packing-machine\/\">nargile k\u00f6m\u00fcr\u00fc sarma makinesi<\/a><\/strong> ambalajlama.<\/li><li>\u00c7al\u0131\u015f\u0131rken g\u00fcr\u00fclt\u00fc k\u00fc\u00e7\u00fckt\u00fcr, bas\u0131n\u00e7 b\u00fcy\u00fckt\u00fcr ve makinenin zarar g\u00f6rmesini \u00f6nlemek i\u00e7in a\u015f\u0131r\u0131 bas\u0131n\u00e7 durur.<\/li><\/ul>    <div class=\"wp-block-image\"><figure class=\"aligncenter size-full\"><img loading=\"lazy\" decoding=\"async\" width=\"720\" height=\"540\" src=\"https:\/\/charcoalplant.com\/wp-content\/uploads\/2022\/01\/rotary-tablet-press-plant-tuya_\u7ed3\u679c.jpg\" alt=\"d\u00f6ner-nargile-tablet-basma tesisi\" class=\"wp-image-1918\"\/><figcaption>d\u00f6ner-nargile-tablet-basma tesisi<\/figcaption><\/figure><\/div>    <div class=\"wp-block-image\"><figure class=\"aligncenter size-full\"><img loading=\"lazy\" decoding=\"async\" width=\"720\" height=\"540\" src=\"https:\/\/charcoalplant.com\/wp-content\/uploads\/2022\/02\/rotary-hookah-coal-tablet-press-plant-.jpg\" alt=\"d\u00f6ner-nargile-k\u00f6m\u00fcr-tablet-basma tesisi\" class=\"wp-image-2482\"\/><figcaption>d\u00f6ner-nargile-k\u00f6m\u00fcr-tablet-basma tesisi<\/figcaption><\/figure><\/div>    <h2 class=\"wp-block-heading\">Nargile k\u00f6m\u00fcr\u00fc hatt\u0131 ekran\u0131<\/h2>    <div class=\"wp-block-columns is-layout-flex wp-container-core-columns-is-layout-28f84493 wp-block-columns-is-layout-flex\"> <div class=\"wp-block-column is-layout-flow wp-block-column-is-layout-flow\"> <figure class=\"wp-block-gallery has-nested-images columns-default is-cropped wp-block-gallery-6 is-layout-flex wp-block-gallery-is-layout-flex\"> <figure class=\"wp-block-image size-large\"><img loading=\"lazy\" decoding=\"async\" width=\"720\" height=\"540\" data-id=\"2483\" src=\"https:\/\/charcoalplant.com\/wp-content\/uploads\/2022\/02\/hookah-charcoal-forming-machine.jpg\" alt=\"nargile-k\u00f6m\u00fcr \u015fekillendirme makinesi\" class=\"wp-image-2483\"\/><figcaption>nargile-k\u00f6m\u00fcr \u015fekillendirme makinesi<\/figcaption><\/figure> <\/figure> <\/div>    <div class=\"wp-block-column is-layout-flow wp-block-column-is-layout-flow\"> <figure class=\"wp-block-gallery has-nested-images columns-default is-cropped wp-block-gallery-7 is-layout-flex wp-block-gallery-is-layout-flex\"> <figure class=\"wp-block-image size-large\"><img loading=\"lazy\" decoding=\"async\" width=\"720\" height=\"540\" data-id=\"2484\" src=\"https:\/\/charcoalplant.com\/wp-content\/uploads\/2022\/02\/dryer-1.jpg\" alt=\"kurutma makinesi\" class=\"wp-image-2484\"\/><figcaption>kurutma makinesi<\/figcaption><\/figure> <\/figure> <\/div>    <div class=\"wp-block-column is-layout-flow wp-block-column-is-layout-flow\"> <figure class=\"wp-block-gallery has-nested-images columns-default is-cropped wp-block-gallery-8 is-layout-flex wp-block-gallery-is-layout-flex\"> <figure class=\"wp-block-image size-large\"><img loading=\"lazy\" decoding=\"async\" width=\"720\" height=\"540\" data-id=\"2485\" src=\"https:\/\/charcoalplant.com\/wp-content\/uploads\/2022\/02\/Equipment-for-sorting-shisha-charcoal.jpg\" alt=\"nargile-k\u00f6m\u00fcr\u00fc-ay\u0131rma-ekipman\u0131\" class=\"wp-image-2485\"\/><figcaption>nargile-k\u00f6m\u00fcr\u00fc-ay\u0131rma-ekipman\u0131<\/figcaption><\/figure> <\/figure> <\/div> <\/div>    <div class=\"wp-block-columns is-layout-flex wp-container-core-columns-is-layout-28f84493 wp-block-columns-is-layout-flex\"> <div class=\"wp-block-column is-layout-flow wp-block-column-is-layout-flow\"> <figure class=\"wp-block-gallery has-nested-images columns-default is-cropped wp-block-gallery-9 is-layout-flex wp-block-gallery-is-layout-flex\"> <figure class=\"wp-block-image size-large\"><img loading=\"lazy\" decoding=\"async\" width=\"720\" height=\"540\" data-id=\"2486\" src=\"https:\/\/charcoalplant.com\/wp-content\/uploads\/2022\/02\/hookah-packing-machine.jpg\" alt=\"nargile paketleme makinesi\" class=\"wp-image-2486\"\/><figcaption>nargile paketleme makinesi<\/figcaption><\/figure> <\/figure> <\/div>    <div class=\"wp-block-column is-layout-flow wp-block-column-is-layout-flow\"> <figure class=\"wp-block-gallery has-nested-images columns-default is-cropped wp-block-gallery-10 is-layout-flex wp-block-gallery-is-layout-flex\"> <figure class=\"wp-block-image size-large\"><img loading=\"lazy\" decoding=\"async\" width=\"720\" height=\"540\" data-id=\"2487\" src=\"https:\/\/charcoalplant.com\/wp-content\/uploads\/2022\/02\/heat-shrink-sealer.jpg\" alt=\"\u0131s\u0131yla b\u00fcz\u00fc\u015fen kapat\u0131c\u0131\" class=\"wp-image-2487\"\/><figcaption>\u0131s\u0131yla b\u00fcz\u00fc\u015fen kapat\u0131c\u0131<\/figcaption><\/figure> <\/figure> <\/div>    <div class=\"wp-block-column is-layout-flow wp-block-column-is-layout-flow\"> <figure class=\"wp-block-gallery has-nested-images columns-default is-cropped wp-block-gallery-11 is-layout-flex wp-block-gallery-is-layout-flex\"> <figure class=\"wp-block-image size-large\"><img loading=\"lazy\" decoding=\"async\" width=\"720\" height=\"540\" data-id=\"2488\" src=\"https:\/\/charcoalplant.com\/wp-content\/uploads\/2022\/02\/finish-product.jpg\" alt=\"son \u00fcr\u00fcn\" class=\"wp-image-2488\"\/><figcaption>son \u00fcr\u00fcn<\/figcaption><\/figure> <\/figure> <\/div> <\/div>    <p><\/p>","protected":false},"excerpt":{"rendered":"<p>D\u00f6ner nargile tablet presi, \u00fcst d\u00fczey bir nargile k\u00f6m\u00fcr\u00fc yapma makinesidir. Saatlik \u00fcretimi 30.000-40.000 adettir.<\/p>","protected":false},"author":1,"featured_media":1920,"parent":0,"template":"","tags":[59],"product-type":[44],"class_list":["post-1909","product","type-product","status-publish","has-post-thumbnail","hentry","tag-charcoal-briquetting-machine","product-type-charcoal-briquetting-machine"],"_links":{"self":[{"href":"https:\/\/charcoalplant.com\/tr\/wp-json\/wp\/v2\/product\/1909","targetHints":{"allow":["GET"]}}],"collection":[{"href":"https:\/\/charcoalplant.com\/tr\/wp-json\/wp\/v2\/product"}],"about":[{"href":"https:\/\/charcoalplant.com\/tr\/wp-json\/wp\/v2\/types\/product"}],"author":[{"embeddable":true,"href":"https:\/\/charcoalplant.com\/tr\/wp-json\/wp\/v2\/users\/1"}],"wp:featuredmedia":[{"embeddable":true,"href":"https:\/\/charcoalplant.com\/tr\/wp-json\/wp\/v2\/media\/1920"}],"wp:attachment":[{"href":"https:\/\/charcoalplant.com\/tr\/wp-json\/wp\/v2\/media?parent=1909"}],"wp:term":[{"taxonomy":"post_tag","embeddable":true,"href":"https:\/\/charcoalplant.com\/tr\/wp-json\/wp\/v2\/tags?post=1909"},{"taxonomy":"product-type","embeddable":true,"href":"https:\/\/charcoalplant.com\/tr\/wp-json\/wp\/v2\/product-type?post=1909"}],"curies":[{"name":"wp","href":"https:\/\/api.w.org\/{rel}","templated":true}]}}