{"id":1976,"date":"2022-01-14T10:13:10","date_gmt":"2022-01-14T10:13:10","guid":{"rendered":"https:\/\/charcoalplant.com\/?page_id=1976"},"modified":"2023-01-13T16:46:31","modified_gmt":"2023-01-13T08:46:31","slug":"bbq-coal-production-line","status":"publish","type":"product","link":"https:\/\/charcoalplant.com\/tr\/bbq-coal-production-line\/","title":{"rendered":"Barbek\u00fc K\u00f6m\u00fcr \u00dcretim Hatt\u0131"},"content":{"rendered":"<div class=\"kk-star-ratings kksr-auto kksr-align-left kksr-valign-top\"     data-payload='{&quot;align&quot;:&quot;left&quot;,&quot;id&quot;:&quot;1976&quot;,&quot;slug&quot;:&quot;default&quot;,&quot;valign&quot;:&quot;top&quot;,&quot;ignore&quot;:&quot;&quot;,&quot;reference&quot;:&quot;auto&quot;,&quot;class&quot;:&quot;&quot;,&quot;count&quot;:&quot;13&quot;,&quot;legendonly&quot;:&quot;&quot;,&quot;readonly&quot;:&quot;&quot;,&quot;score&quot;:&quot;4.9&quot;,&quot;starsonly&quot;:&quot;&quot;,&quot;best&quot;:&quot;5&quot;,&quot;gap&quot;:&quot;5&quot;,&quot;greet&quot;:&quot;Rate this product&quot;,&quot;legend&quot;:&quot;4.9\\\/5 - (13 votes)&quot;,&quot;size&quot;:&quot;24&quot;,&quot;title&quot;:&quot;BBQ Coal Production Line&quot;,&quot;width&quot;:&quot;139.6&quot;,&quot;_legend&quot;:&quot;{score}\\\/{best} - ({count} {votes})&quot;,&quot;font_factor&quot;:&quot;1.25&quot;}'>              <div class=\"kksr-stars\">      <div class=\"kksr-stars-inactive\">             <div class=\"kksr-star\" data-star=\"1\" style=\"padding-right: 5px\">               <div class=\"kksr-icon\" style=\"width: 24px; height: 24px;\"><\/div>         <\/div>             <div class=\"kksr-star\" data-star=\"2\" style=\"padding-right: 5px\">               <div class=\"kksr-icon\" style=\"width: 24px; height: 24px;\"><\/div>         <\/div>             <div class=\"kksr-star\" data-star=\"3\" style=\"padding-right: 5px\">               <div class=\"kksr-icon\" style=\"width: 24px; height: 24px;\"><\/div>         <\/div>             <div class=\"kksr-star\" data-star=\"4\" style=\"padding-right: 5px\">               <div class=\"kksr-icon\" style=\"width: 24px; height: 24px;\"><\/div>         <\/div>             <div class=\"kksr-star\" data-star=\"5\" style=\"padding-right: 5px\">               <div class=\"kksr-icon\" style=\"width: 24px; height: 24px;\"><\/div>         <\/div>     <\/div>      <div class=\"kksr-stars-active\" style=\"width: 139.6px;\">             <div class=\"kksr-star\" style=\"padding-right: 5px\">               <div class=\"kksr-icon\" style=\"width: 24px; height: 24px;\"><\/div>         <\/div>             <div class=\"kksr-star\" style=\"padding-right: 5px\">               <div class=\"kksr-icon\" style=\"width: 24px; height: 24px;\"><\/div>         <\/div>             <div class=\"kksr-star\" style=\"padding-right: 5px\">               <div class=\"kksr-icon\" style=\"width: 24px; height: 24px;\"><\/div>         <\/div>             <div class=\"kksr-star\" style=\"padding-right: 5px\">               <div class=\"kksr-icon\" style=\"width: 24px; height: 24px;\"><\/div>         <\/div>             <div class=\"kksr-star\" style=\"padding-right: 5px\">               <div class=\"kksr-icon\" style=\"width: 24px; height: 24px;\"><\/div>         <\/div>     <\/div> <\/div>                   <div class=\"kksr-legend\" style=\"font-size: 19.2px;\">             4.9\/5 - (13 oy)    <\/div>     <\/div>  <p class=\"translation-block\"><strong>BBQ k\u00f6m\u00fcr \u00fcretim hatt\u0131<\/strong>, k\u00f6m\u00fcr briket yap\u0131m\u0131 i\u00e7in profesyonel bir ara\u00e7t\u0131r. Ayr\u0131ca, yaln\u0131zca toplar haline de\u011fil, ayn\u0131 zamanda yast\u0131k, ekmek ve oval \u015fekillerde de yap\u0131labilir, b\u00f6ylece m\u00fc\u015fteri ihtiya\u00e7lar\u0131n\u0131 kar\u015f\u0131layabilir. \u00c7\u00fcnk\u00fc mangal k\u00f6m\u00fcr\u00fc, geleneksel biyok\u00fctle yak\u0131t\u0131 ve ham k\u00f6m\u00fcr\u00fcn yerini al\u0131r, bu da enerji tasarrufu ve emisyon azalt\u0131m\u0131n\u0131 sa\u011flamak i\u00e7in etkili bir yoldur. Ayr\u0131ca, k\u00f6m\u00fcr briket yapma makinesi, ezilmi\u015f k\u00f6m\u00fcr\u00fcn ta\u015f\u0131nmas\u0131n\u0131n zor ve elden ge\u00e7irilmesinin g\u00fc\u00e7l\u00fcklerini kolayca \u00e7\u00f6zebilir. Bu nedenle, k\u00f6m\u00fcr i\u015fleme tesisleri i\u00e7in tercih edilen yat\u0131r\u0131m projesidir. E\u011fer Shuliy mangal k\u00f6m\u00fcr \u00fcretim hatt\u0131na ilginiz varsa, l\u00fctfen hemen bizimle ileti\u015fime ge\u00e7in.<\/p>    <h2 class=\"wp-block-heading\" id=\"h-process-of-bbq-coal-production-line\"><strong>Barbek\u00fc k\u00f6m\u00fcr \u00fcretim hatt\u0131 s\u00fcreci<\/strong><\/h2>    <p>Basit\u00e7e s\u00f6ylemek gerekirse, t\u00fcm k\u00f6m\u00fcr briket \u00fcretim hatt\u0131, k\u00f6m\u00fcr topaklar\u0131ndan k\u00f6m\u00fcr tozuna ve barbek\u00fc k\u00f6m\u00fcr\u00fcne kadar olan s\u00fcre\u00e7tir. T\u00fcm s\u00fcre\u00e7 k\u0131rma, kar\u0131\u015ft\u0131rma, da\u011f\u0131tma, \u015fekillendirme, kurutma ve paketlemeyi i\u00e7erir. Son olarak, kalorifik de\u011feri y\u00fcksek, talebi y\u00fcksek, ta\u015f\u0131mas\u0131 rahat, temiz bir briket elde edilecektir.<\/p>    <figure class=\"wp-block-gallery has-nested-images columns-3 is-cropped wp-block-gallery-2 is-layout-flex wp-block-gallery-is-layout-flex\"> <figure class=\"wp-block-image size-large\"><img loading=\"lazy\" decoding=\"async\" width=\"720\" height=\"540\" data-id=\"1980\" src=\"https:\/\/charcoalplant.com\/wp-content\/uploads\/2022\/01\/coal.jpg\" alt=\"k\u00f6m\u00fcr\" class=\"wp-image-1980\"\/><figcaption class=\"wp-element-caption\">k\u00f6m\u00fcr<\/figcaption><\/figure>    <figure class=\"wp-block-image size-large\"><img loading=\"lazy\" decoding=\"async\" width=\"720\" height=\"540\" data-id=\"1979\" src=\"https:\/\/charcoalplant.com\/wp-content\/uploads\/2022\/01\/coal-powder.jpg\" alt=\"k\u00f6m\u00fcr tozu\" class=\"wp-image-1979\"\/><figcaption class=\"wp-element-caption\">k\u00f6m\u00fcr tozu<\/figcaption><\/figure>    <figure class=\"wp-block-image size-full\"><img loading=\"lazy\" decoding=\"async\" width=\"720\" height=\"540\" data-id=\"2842\" src=\"https:\/\/charcoalplant.com\/wp-content\/uploads\/2022\/03\/coal-briket-bag.jpg\" alt=\"k\u00f6m\u00fcr briket torbas\u0131\" class=\"wp-image-2842\"\/><figcaption class=\"wp-element-caption\">k\u00f6m\u00fcr briket torbas\u0131<\/figcaption><\/figure> <\/figure>    <figure class=\"wp-block-image aligncenter size-full\"><img loading=\"lazy\" decoding=\"async\" width=\"720\" height=\"540\" src=\"https:\/\/charcoalplant.com\/wp-content\/uploads\/2022\/01\/BBQ-coal-production-line.jpg\" alt=\"Barbek\u00fc k\u00f6m\u00fcr \u00fcretim hatt\u0131\" class=\"wp-image-1978\"\/><figcaption class=\"wp-element-caption\">Barbek\u00fc k\u00f6m\u00fcr \u00fcretim hatt\u0131<\/figcaption><\/figure>    <h2 class=\"wp-block-heading\" id=\"h-what-equipment-does-coal-powder-briquetting-production-line-include\"><strong>K\u00f6m\u00fcr tozu briket \u00fcretim hatt\u0131 hangi makineleri i\u00e7erir?<\/strong><\/h2>    <p class=\"translation-block\">Barbek\u00fc k\u00f6m\u00fcr\u00fc \u00fcretim hatt\u0131n\u0131n ana ekipman\u0131, k\u00f6m\u00fcr silosu, <strong><a href=\"https:\/\/charcoalplant.com\/tr\/grinder-and-mixer\/charcoal-shredder\/\">k\u00f6m\u00fcr \u00f6\u011f\u00fct\u00fcc\u00fc<\/a><\/strong>, k\u00f6m\u00fcr tozu kar\u0131\u015ft\u0131r\u0131c\u0131s\u0131, tekerlekli de\u011firmen, k\u00f6m\u00fcr bri\u015fet makinesi, BBQ k\u00f6m\u00fcr kurutucusu ve paketleme makinesinden olu\u015fur. Bunlar aras\u0131nda \u00e7ift milli kar\u0131\u015ft\u0131r\u0131c\u0131, k\u00f6m\u00fcr tozu bri\u015fet yapma makinesi ve k\u00f6m\u00fcr bri\u015fet kurutucusu, BBQ k\u00f6m\u00fcr \u00fcretim hatt\u0131ndaki en \u00f6nemli ekipman par\u00e7alar\u0131d\u0131r.<\/p>    <div class=\"wp-block-columns has-background is-layout-flex wp-container-core-columns-is-layout-28f84493 wp-block-columns-is-layout-flex\" style=\"background-color:#f1f1f1\"> <div class=\"wp-block-column is-vertically-aligned-center is-layout-flow wp-block-column-is-layout-flow\" style=\"flex-basis:33.33%\"> <h3 class=\"wp-block-heading\"><strong>Toz haline getirilmi\u015f k\u00f6m\u00fcr kar\u0131\u015ft\u0131r\u0131c\u0131s\u0131<\/strong><\/h3>    <p class=\"translation-block\">\u00c7\u00fcnk\u00fc k\u00f6m\u00fcr bri\u015fet \u015fekillendirme i\u00e7in ba\u011flay\u0131c\u0131n\u0131n kalitesi ve kar\u0131\u015ft\u0131rma makinesinin yap\u0131s\u0131na \u00e7ok kat\u0131 gereksinimler vard\u0131r. Bu nedenle toz k\u00f6m\u00fcr \u015fekillendirme hatt\u0131 esas olarak <strong>\u00e7ift mili kar\u0131\u015ft\u0131r\u0131c\u0131<\/strong> ve bir ba\u011flay\u0131c\u0131 kar\u0131\u015ft\u0131r\u0131c\u0131 tank\u0131 ile donat\u0131l\u0131r. B\u00f6ylece bir ton k\u00f6m\u00fcrde gereken ba\u011flay\u0131c\u0131 miktar\u0131n\u0131 bilmeniz yeterlidir ve miktar olarak ekleyebilirsiniz. K\u00f6m\u00fcr k\u00fcl\u00fc kar\u0131\u015ft\u0131r\u0131c\u0131s\u0131, k\u00f6m\u00fcr tozu ve ba\u011flay\u0131c\u0131n\u0131n tamamen homojen kar\u0131\u015fmas\u0131n\u0131 sa\u011flar.<\/p> <\/div>    <div class=\"wp-block-column is-layout-flow wp-block-column-is-layout-flow\" style=\"flex-basis:66.66%\"> <figure class=\"wp-block-image size-full\"><img loading=\"lazy\" decoding=\"async\" width=\"720\" height=\"540\" src=\"https:\/\/charcoalplant.com\/wp-content\/uploads\/2022\/03\/coal-mixer.jpg\" alt=\"\" class=\"wp-image-2844\"\/><\/figure> <\/div> <\/div>    <div class=\"wp-block-columns has-background is-layout-flex wp-container-core-columns-is-layout-28f84493 wp-block-columns-is-layout-flex\" style=\"background-color:#f1f1f1\"> <div class=\"wp-block-column is-layout-flow wp-block-column-is-layout-flow\" style=\"flex-basis:66.66%\"> <figure class=\"wp-block-gallery has-nested-images columns-default is-cropped wp-block-gallery-3 is-layout-flex wp-block-gallery-is-layout-flex\"> <figure class=\"wp-block-image size-large\"><img loading=\"lazy\" decoding=\"async\" width=\"720\" height=\"540\" data-id=\"1982\" src=\"https:\/\/charcoalplant.com\/wp-content\/uploads\/2022\/01\/charcoal-ball-press-machine-manufacturer.jpg\" alt=\"k\u00f6m\u00fcr topu pres makinesi \u00fcreticisi\" class=\"wp-image-1982\"\/><figcaption class=\"wp-element-caption\">k\u00f6m\u00fcr topu pres makinesi \u00fcreticisi<\/figcaption><\/figure> <\/figure> <\/div>    <div class=\"wp-block-column is-vertically-aligned-center is-layout-flow wp-block-column-is-layout-flow\" style=\"flex-basis:33.33%\"> <h3 class=\"wp-block-heading\"><strong>Barbek\u00fc k\u00f6m\u00fcr briket makinesi<\/strong><\/h3>    <p class=\"translation-block\"><strong><a href=\"https:\/\/charcoalplant.com\/tr\/charcoal-briquetting-machine\/charcoal-ball-press-machine\/\">K\u00f6m\u00fcr tozu pres top makinesi<\/a><\/strong>, mangal k\u00f6m\u00fcr\u00fc \u00fcretim hatt\u0131ndaki temel ekipmand\u0131r. Ayn\u0131 zamanda, pelet \u015fekillendirme g\u00fcc\u00fc ve k\u00fcrele\u015fme oran\u0131n\u0131n belirleyicisidir. Shuliy k\u00f6m\u00fcr tozu \u015fekillendirme makinesinin top olu\u015fum oran\u0131 'in \u00fczerindedir.<\/p> <\/div> <\/div>    <div class=\"wp-block-columns has-background is-layout-flex wp-container-core-columns-is-layout-28f84493 wp-block-columns-is-layout-flex\" style=\"background-color:#f1f1f1\"> <div class=\"wp-block-column is-vertically-aligned-center is-layout-flow wp-block-column-is-layout-flow\" style=\"flex-basis:33.33%\"> <h3 class=\"wp-block-heading\"><strong>K\u00f6m\u00fcr briket kurutucusu<\/strong><\/h3>    <p class=\"translation-block\"><strong><a href=\"https:\/\/charcoalplant.com\/tr\/drying-machine\/charcoal-briquette-dryer\/\">BBQ k\u00f6m\u00fcr kurutucusu<\/a><\/strong> karbon peletlerini kurutmak i\u00e7in \u00f6zel bir makinad\u0131r. Size \u00f6nerdi\u011fimiz \u015fey, \u00f6rg\u00fc bantl\u0131 kurutucudur. S tipi \u00e7ok katmanl\u0131 \u00f6rg\u00fc bantl\u0131 iletme zinciri transmisyon yap\u0131s\u0131na sahiptir. Bu, ekipman\u0131n kaplad\u0131\u011f\u0131 alan\u0131 k\u00fc\u00e7\u00fcltmekle kalmaz, ayn\u0131 zamanda \u0131s\u0131 enerjisinin yararlan\u0131m oran\u0131n\u0131 da art\u0131r\u0131r. Ayr\u0131ca zincir plaka tipi iletme yap\u0131s\u0131na sahiptir; y\u00fcksek nemli kurutma ortam\u0131nda \u015feklini bozmaz. Bu tasar\u0131m, malzemelerin etkisini sadece \u00f6nlemekle kalmaz; kurutma sonras\u0131 k\u00f6m\u00fcr\u00fcn kalitesi de \u00f6zellikle iyidir.<\/p> <\/div>    <div class=\"wp-block-column is-layout-flow wp-block-column-is-layout-flow\"><\/div>    <div class=\"wp-block-column is-layout-flow wp-block-column-is-layout-flow\" style=\"flex-basis:66.66%\"> <figure class=\"wp-block-gallery has-nested-images columns-default is-cropped wp-block-gallery-4 is-layout-flex wp-block-gallery-is-layout-flex\"> <figure class=\"wp-block-image size-large\"><img loading=\"lazy\" decoding=\"async\" width=\"720\" height=\"540\" data-id=\"2847\" src=\"https:\/\/charcoalplant.com\/wp-content\/uploads\/2022\/03\/coal-drying-machine.jpg\" alt=\"\" class=\"wp-image-2847\"\/><\/figure> <\/figure> <\/div> <\/div>    <h3 class=\"wp-block-heading\"><strong>Barbek\u00fc k\u00f6m\u00fcr paketleme makinesi<\/strong><\/h3>    <p>K\u00f6m\u00fcr briket \u00fcretim hatt\u0131, k\u00f6m\u00fcr dolum kapatma makinesi ile paketlenebilir. Piyasadaki yayg\u0131n ambalaj \u00f6zellikleri 5kg, 10kg, 15kg ve 50kg'd\u0131r. CNC sistem oldu\u011fundan paketin a\u011f\u0131rl\u0131\u011f\u0131 ayarlanabilir. Lider bir \u00fcretici olarak m\u00fc\u015fterilerimize barbek\u00fc k\u00f6m\u00fcr\u00fc paketleme torbalar\u0131 i\u00e7in bir tasar\u0131m fabrikas\u0131 sa\u011flayabiliriz.<\/p>    <figure class=\"wp-block-gallery has-nested-images columns-default is-cropped wp-block-gallery-5 is-layout-flex wp-block-gallery-is-layout-flex\"> <figure class=\"wp-block-image size-large\"><img loading=\"lazy\" decoding=\"async\" width=\"720\" height=\"540\" data-id=\"2851\" src=\"https:\/\/charcoalplant.com\/wp-content\/uploads\/2022\/03\/BBQ-coal-production-line-for-sale.jpg\" alt=\"Sat\u0131l\u0131k barbek\u00fc-k\u00f6m\u00fcr-\u00fcretim hatt\u0131\" class=\"wp-image-2851\"\/><figcaption class=\"wp-element-caption\">barbek\u00fc k\u00f6m\u00fcr paketleme makinesi<\/figcaption><\/figure>    <figure class=\"wp-block-image size-large\"><img loading=\"lazy\" decoding=\"async\" width=\"720\" height=\"540\" data-id=\"2850\" src=\"https:\/\/charcoalplant.com\/wp-content\/uploads\/2022\/03\/bagged-charcoal-.jpg\" alt=\"torbalanm\u0131\u015f k\u00f6m\u00fcr\" class=\"wp-image-2850\"\/><figcaption class=\"wp-element-caption\">torbalanm\u0131\u015f k\u00f6m\u00fcr<\/figcaption><\/figure> <\/figure>    <h2 class=\"wp-block-heading\" id=\"h-why-is-the-bbq-coal-production-line-profitable\"><strong>Barbek\u00fc k\u00f6m\u00fcr\u00fc \u00fcretim hatt\u0131 neden karl\u0131?<\/strong><strong><\/strong><\/h2>    <p>Bilim ve teknolojinin h\u0131zla geli\u015fmesiyle birlikte k\u00f6m\u00fcr briket \u00fcretim hatt\u0131 da otomasyon yoluna girmi\u015ftir. Ayr\u0131ca ekipman\u0131n kurulumu ve \u00e7al\u0131\u015ft\u0131r\u0131lmas\u0131 fabrika personelinin teknik rehberli\u011fine sahip olacakt\u0131r. Daha sonraki a\u015famada, birka\u00e7 y\u00fcz metrelik bir \u00fcretim hatt\u0131ndaki d\u00f6rt veya be\u015f ki\u015fi, briketleme s\u00fcrecinin tamam\u0131nda tamamen yetkindir. Tam otomatik barbek\u00fc k\u00f6m\u00fcr\u00fc \u00fcretim hatt\u0131, \u00e7ok fazla eme\u011fi azaltabilir ve i\u015f verimlili\u011fini art\u0131rabilir. Dolay\u0131s\u0131yla i\u015fletmenin i\u015fletme maliyeti b\u00fcy\u00fck \u00f6l\u00e7\u00fcde azal\u0131r.<\/p>    <figure class=\"wp-block-gallery has-nested-images columns-default is-cropped wp-block-gallery-6 is-layout-flex wp-block-gallery-is-layout-flex\"> <figure class=\"wp-block-image size-large\"><img loading=\"lazy\" decoding=\"async\" width=\"1024\" height=\"768\" data-id=\"2855\" src=\"https:\/\/charcoalplant.com\/wp-content\/uploads\/2022\/03\/application-of-bbq-coal.png\" alt=\"Barbek\u00fc-k\u00f6m\u00fcr\u00fc uygulamas\u0131\" class=\"wp-image-2855\"\/><figcaption class=\"wp-element-caption\">Barbek\u00fc-k\u00f6m\u00fcr\u00fc uygulamas\u0131<\/figcaption><\/figure>    <figure class=\"wp-block-image size-large\"><img loading=\"lazy\" decoding=\"async\" width=\"720\" height=\"540\" data-id=\"2854\" src=\"https:\/\/charcoalplant.com\/wp-content\/uploads\/2022\/03\/bbq-fule.jpg\" alt=\"barbek\u00fc-fule\" class=\"wp-image-2854\"\/><figcaption class=\"wp-element-caption\">barbek\u00fc-fule<\/figcaption><\/figure> <\/figure>    <h2 class=\"wp-block-heading\" id=\"h-coal-briquettes-machine-plant-for-sale\">Barbek\u00fc <strong>sat\u0131l\u0131k k\u00f6m\u00fcr \u00fcretim hatt\u0131<\/strong><\/h2>    <p class=\"translation-block\">Biz her t\u00fcrl\u00fc k\u00f6m\u00fcr makinesi \u00fcretim hatt\u0131nda uzmanla\u015fm\u0131\u015f bir \u00fcreticiyiz. <strong><a href=\"https:\/\/charcoalplant.com\/tr\/briquettes-packing-machine\/charcoal-briquettes-packing-machine\/\">nargile k\u00f6m\u00fcr\u00fc paketleme makineleri<\/a><\/strong>, k\u00f6m\u00fcr tozu tekerlekli de\u011firmenleri, <strong><a href=\"https:\/\/charcoalplant.com\/tr\/grinder-and-mixer\/charcoal-shredder\/\">k\u00f6m\u00fcr \u00f6\u011f\u00fct\u00fcc\u00fcler<\/a>,<\/strong> ve di\u011fer ekipmanlar\u0131 satar\u0131z. Tesisimiz ayr\u0131ca makine \u00f6zelle\u015ftirme hizmetleri ve plan \u00fcretim hatt\u0131 \u00e7\u00f6z\u00fcmlerini size \u00fccretsiz olarak sa\u011flar. Ve \u015fimdi bizimle ileti\u015fime ge\u00e7in; \u00fcr\u00fcn fiyat\u0131, resimler, \u00fcretim videolar\u0131 vb. gibi daha fazla hizmet alacaks\u0131n\u0131z.<\/p>    <figure class=\"wp-block-gallery has-nested-images columns-2 is-cropped wp-block-gallery-7 is-layout-flex wp-block-gallery-is-layout-flex\"> <figure class=\"wp-block-image size-full\"><img loading=\"lazy\" decoding=\"async\" width=\"720\" height=\"540\" data-id=\"2857\" src=\"https:\/\/charcoalplant.com\/wp-content\/uploads\/2022\/03\/coal-press-ball-machine-for-sale.jpg\" alt=\"sat\u0131l\u0131k k\u00f6m\u00fcr pres topu makinesi\" class=\"wp-image-2857\"\/><figcaption class=\"wp-element-caption\">sat\u0131l\u0131k k\u00f6m\u00fcr pres topu makinesi<\/figcaption><\/figure>    <figure class=\"wp-block-image size-large\"><img loading=\"lazy\" decoding=\"async\" width=\"720\" height=\"540\" data-id=\"2858\" src=\"https:\/\/charcoalplant.com\/wp-content\/uploads\/2022\/03\/bbq-coal-production-line-show.jpg\" alt=\"barbek\u00fc k\u00f6m\u00fcr \u00fcretim hatt\u0131 g\u00f6sterisi\" class=\"wp-image-2858\"\/><figcaption class=\"wp-element-caption\">barbek\u00fc k\u00f6m\u00fcr \u00fcretim hatt\u0131 g\u00f6sterisi<\/figcaption><\/figure>    <figure class=\"wp-block-image size-large\"><img loading=\"lazy\" decoding=\"async\" width=\"720\" height=\"540\" data-id=\"2859\" src=\"https:\/\/charcoalplant.com\/wp-content\/uploads\/2022\/03\/coal-briquette-machine-plant-shipping.jpg\" alt=\"k\u00f6m\u00fcr briket makinesi tesisi nakliye\" class=\"wp-image-2859\"\/><figcaption class=\"wp-element-caption\">k\u00f6m\u00fcr briket makinesi tesisi nakliye<\/figcaption><\/figure>    <figure class=\"wp-block-image size-large\"><img loading=\"lazy\" decoding=\"async\" width=\"720\" height=\"540\" data-id=\"2860\" src=\"https:\/\/charcoalplant.com\/wp-content\/uploads\/2022\/03\/shippment-1.jpg\" alt=\"sevkiyat\" class=\"wp-image-2860\"\/><figcaption class=\"wp-element-caption\">sevkiyat<\/figcaption><\/figure> <\/figure>","protected":false},"excerpt":{"rendered":"<p>BBQ coal production line is a professional tool for coal briquette making. Moreover, it can not only be made into balls, but also into the pillow, bread, and oval shapes to meet customer needs. Because barbecue coal replaces traditional biomass fuel and raw coal, it is an effective way to achieve energy-saving and emission reduction. [&hellip;]<\/p>\n","protected":false},"author":1,"featured_media":1978,"parent":0,"template":"","tags":[59],"product-type":[53],"class_list":["post-1976","product","type-product","status-publish","has-post-thumbnail","hentry","tag-charcoal-briquetting-machine","product-type-product-line"],"_links":{"self":[{"href":"https:\/\/charcoalplant.com\/tr\/wp-json\/wp\/v2\/product\/1976","targetHints":{"allow":["GET"]}}],"collection":[{"href":"https:\/\/charcoalplant.com\/tr\/wp-json\/wp\/v2\/product"}],"about":[{"href":"https:\/\/charcoalplant.com\/tr\/wp-json\/wp\/v2\/types\/product"}],"author":[{"embeddable":true,"href":"https:\/\/charcoalplant.com\/tr\/wp-json\/wp\/v2\/users\/1"}],"wp:featuredmedia":[{"embeddable":true,"href":"https:\/\/charcoalplant.com\/tr\/wp-json\/wp\/v2\/media\/1978"}],"wp:attachment":[{"href":"https:\/\/charcoalplant.com\/tr\/wp-json\/wp\/v2\/media?parent=1976"}],"wp:term":[{"taxonomy":"post_tag","embeddable":true,"href":"https:\/\/charcoalplant.com\/tr\/wp-json\/wp\/v2\/tags?post=1976"},{"taxonomy":"product-type","embeddable":true,"href":"https:\/\/charcoalplant.com\/tr\/wp-json\/wp\/v2\/product-type?post=1976"}],"curies":[{"name":"wp","href":"https:\/\/api.w.org\/{rel}","templated":true}]}}