{"id":1994,"date":"2022-01-17T09:13:40","date_gmt":"2022-01-17T09:13:40","guid":{"rendered":"https:\/\/charcoalplant.com\/?page_id=1994"},"modified":"2023-01-13T11:50:46","modified_gmt":"2023-01-13T03:50:46","slug":"coconut-charcoal-briquette-plant","status":"publish","type":"product","link":"https:\/\/charcoalplant.com\/tr\/coconut-charcoal-briquette-plant\/","title":{"rendered":"Hindistan Cevizi K\u00f6m\u00fcr\u00fc Briket Tesisi"},"content":{"rendered":"<div class=\"kk-star-ratings kksr-auto kksr-align-left kksr-valign-top\"     data-payload='{&quot;align&quot;:&quot;left&quot;,&quot;id&quot;:&quot;1994&quot;,&quot;slug&quot;:&quot;default&quot;,&quot;valign&quot;:&quot;top&quot;,&quot;ignore&quot;:&quot;&quot;,&quot;reference&quot;:&quot;auto&quot;,&quot;class&quot;:&quot;&quot;,&quot;count&quot;:&quot;20&quot;,&quot;legendonly&quot;:&quot;&quot;,&quot;readonly&quot;:&quot;&quot;,&quot;score&quot;:&quot;4.3&quot;,&quot;starsonly&quot;:&quot;&quot;,&quot;best&quot;:&quot;5&quot;,&quot;gap&quot;:&quot;5&quot;,&quot;greet&quot;:&quot;Rate this product&quot;,&quot;legend&quot;:&quot;4.3\\\/5 - (20 votes)&quot;,&quot;size&quot;:&quot;24&quot;,&quot;title&quot;:&quot;Coconut Charcoal Briquette Plant&quot;,&quot;width&quot;:&quot;122.2&quot;,&quot;_legend&quot;:&quot;{score}\\\/{best} - ({count} {votes})&quot;,&quot;font_factor&quot;:&quot;1.25&quot;}'>              <div class=\"kksr-stars\">      <div class=\"kksr-stars-inactive\">             <div class=\"kksr-star\" data-star=\"1\" style=\"padding-right: 5px\">               <div class=\"kksr-icon\" style=\"width: 24px; height: 24px;\"><\/div>         <\/div>             <div class=\"kksr-star\" data-star=\"2\" style=\"padding-right: 5px\">               <div class=\"kksr-icon\" style=\"width: 24px; height: 24px;\"><\/div>         <\/div>             <div class=\"kksr-star\" data-star=\"3\" style=\"padding-right: 5px\">               <div class=\"kksr-icon\" style=\"width: 24px; height: 24px;\"><\/div>         <\/div>             <div class=\"kksr-star\" data-star=\"4\" style=\"padding-right: 5px\">               <div class=\"kksr-icon\" style=\"width: 24px; height: 24px;\"><\/div>         <\/div>             <div class=\"kksr-star\" data-star=\"5\" style=\"padding-right: 5px\">               <div class=\"kksr-icon\" style=\"width: 24px; height: 24px;\"><\/div>         <\/div>     <\/div>      <div class=\"kksr-stars-active\" style=\"width: 122.2px;\">             <div class=\"kksr-star\" style=\"padding-right: 5px\">               <div class=\"kksr-icon\" style=\"width: 24px; height: 24px;\"><\/div>         <\/div>             <div class=\"kksr-star\" style=\"padding-right: 5px\">               <div class=\"kksr-icon\" style=\"width: 24px; height: 24px;\"><\/div>         <\/div>             <div class=\"kksr-star\" style=\"padding-right: 5px\">               <div class=\"kksr-icon\" style=\"width: 24px; height: 24px;\"><\/div>         <\/div>             <div class=\"kksr-star\" style=\"padding-right: 5px\">               <div class=\"kksr-icon\" style=\"width: 24px; height: 24px;\"><\/div>         <\/div>             <div class=\"kksr-star\" style=\"padding-right: 5px\">               <div class=\"kksr-icon\" style=\"width: 24px; height: 24px;\"><\/div>         <\/div>     <\/div> <\/div>                   <div class=\"kksr-legend\" style=\"font-size: 19.2px;\">             4,3\/5 - (20 oy)    <\/div>     <\/div>  <p class=\"translation-block\"><strong>Kokos k\u00f6m\u00fcr\u00fc k\u00f6m\u00fcrle\u015fme tesisi <\/strong>\u00e7evre dostu k\u00f6m\u00fcrle\u015fmi\u015f briquetler \u00fcreten bir tesistir ve bunlar kokos kabuklar\u0131ndan yap\u0131l\u0131r. Bunlar aras\u0131nda, kokos kabu\u011fu briqet makineleri \u00fcretim hatt\u0131ndaki \u015fekillendirme ekipman\u0131d\u0131r. Her t\u00fcrl\u00fc toz halindeki malzemeyi bloklara basabilir. En yayg\u0131n olanlar, \u00f6rne\u011fin <strong><a href=\"https:\/\/charcoalplant.com\/tr\/charcoal-briquetting-machine\/honeycomb-coal-press-machine\/\">k\u00f6m\u00fcr tozu kal\u0131plama<\/a><\/strong>, cevher tozu kal\u0131plama, k\u00fck\u00fcrt giderme al\u00e7\u0131 kal\u0131plama, k\u00f6m\u00fcr tozu kal\u0131plama, demir pullar\u0131, \u00e7e\u015fitli metal c\u00fcruf kal\u0131plama vb. Kokos k\u00f6m\u00fcr\u00fc briqet \u00fcretim hatt\u0131 kolay i\u015fletim, d\u00fc\u015f\u00fck maliyet ve y\u00fcksek getiri \u00f6zelliklerine sahiptir. Bu projeyle ilgileniyorsan\u0131z, bizimle ileti\u015fime ge\u00e7in; k\u00f6m\u00fcr i\u015finizi h\u0131zla b\u00fcy\u00fctmek i\u00e7in elimizden geleni yapaca\u011f\u0131z. <\/p>    <h2 class=\"wp-block-heading\">K\u00f6m\u00fcr briket \u00fcretim hatt\u0131n\u0131n hammaddesi<\/h2>    <p class=\"translation-block\"><strong><a href=\"https:\/\/charcoalplant.com\/tr\/product\/charcoal-briquetting-machine\/\">k\u00f6m\u00fcr briqet makineleri<\/a><\/strong> hammaddesi kokos kabu\u011fu tozu, testerelik tozu, pirin\u00e7 kabu\u011fu tozu, k\u00f6m\u00fcr tozu vb. olabilir. Charges\/test malzemeleri eritme f\u0131r\u0131na eklenen cevher ve di\u011fer katalitik malzemeler anlam\u0131na gelir. Demir cevheri, \u00e7ubuklar, d\u00f6k\u00fcm demir, geri kazan\u0131m hurda demir \u015firketleri, hurdalanm\u0131\u015f demir ve \u00e7elik, cevher unlar\u0131, kok k\u00f6m\u00fcr\u00fc, k\u00f6m\u00fcr ve ferroalloylar charge\u2019a dahildir.<\/p>    <figure class=\"wp-block-image aligncenter size-full\"><img loading=\"lazy\" decoding=\"async\" width=\"993\" height=\"205\" src=\"https:\/\/charcoalplant.com\/wp-content\/uploads\/2022\/01\/raw-materials-1.jpg\" alt=\"hindistan cevizi tozu briket tesisihammaddeler-1\" class=\"wp-image-2005\"\/><\/figure>    <h2 class=\"wp-block-heading\" id=\"h-equipment-types-of-coconut-charcoal-briquette-plant\">Hindistan cevizi k\u00f6m\u00fcr\u00fc briket tesisinin ana par\u00e7alar\u0131<\/h2>    <p class=\"translation-block\">Kokos kabu\u011fu k\u00f6m\u00fcr\u00fc briqet \u00fcretim hatt\u0131 bir <strong><a href=\"https:\/\/charcoalplant.com\/tr\/grinder-and-mixer\/charcoal-shredder\/\">\u00e7eki\u00e7li de\u011firmen<\/a><\/strong>, depolama kazan\u0131, karbon tozu de\u011firmeni tekerlekli, da\u011f\u0131t\u0131m kazan\u0131, karbon tozu briqet makinesi, s\u00fcrekli \u00f6r\u00fcmcek kasa kurutucusu, <strong><a href=\"https:\/\/charcoalplant.com\/tr\/briquettes-packing-machine\/charcoal-briquettes-packing-machine\/\">paketleme makinesi<\/a><\/strong> bulunmaktad\u0131r. Ayr\u0131ca ara ta\u015f\u0131ma cihaz\u0131 da esast\u0131r. A\u015fa\u011f\u0131da toner tekerlekli de\u011firmeni, karbon tozu briqetleme makinesi ve kurutucuyu ele alaca\u011f\u0131m. \u00c7\u00fcnk\u00fc bunlar topun kalitesini etkileyen \u00f6nemli fakt\u00f6rlerdendir.<\/p>    <figure class=\"wp-block-image aligncenter size-full\"><img loading=\"lazy\" decoding=\"async\" width=\"720\" height=\"540\" src=\"https:\/\/charcoalplant.com\/wp-content\/uploads\/2022\/03\/Coconut-Charcoal-Briquette-Plant-3D-show.jpg\" alt=\"hindistan cevizi k\u00f6m\u00fcr\u00fc briket tesisi 3D g\u00f6sterisi\" class=\"wp-image-2882\"\/><figcaption class=\"wp-element-caption\">hindistan cevizi k\u00f6m\u00fcr\u00fc briket tesisi 3D g\u00f6sterisi<\/figcaption><\/figure>    <div class=\"wp-block-columns has-background is-layout-flex wp-container-core-columns-is-layout-28f84493 wp-block-columns-is-layout-flex\" style=\"background-color:#f1f1f1\"> <div class=\"wp-block-column is-vertically-aligned-center is-layout-flow wp-block-column-is-layout-flow\" style=\"flex-basis:33.33%\"> <p><strong><a href=\"https:\/\/charcoalplant.com\/tr\/product\/charcoal-powder-mixer\/\">Hindistan cevizi k\u00f6m\u00fcr\u00fc tozu kar\u0131\u015ft\u0131r\u0131c\u0131<\/a><\/strong><\/p>    <p>Genel olarak k\u00f6m\u00fcr, \u00e7eki\u00e7li de\u011firmenden ge\u00e7tikten sonra yakla\u015f\u0131k 3 mm karbon tozu elde edebilir. Bununla birlikte, karbon tozunun inceli\u011fi ne kadar y\u00fcksek olursa, hindistan cevizi k\u00f6m\u00fcr\u00fc briketinin \u015fekillendirme etkisi o kadar iyi olur. Bu nedenle, bir yandan k\u00f6m\u00fcr tozu \u00e7arkl\u0131 de\u011firmenin kullan\u0131lmas\u0131 malzemeyi daha hassas hale getirebilir ve \u015fekillendirilmesine yard\u0131mc\u0131 olabilir. \u00d6te yandan, karbon tozu, ba\u011flay\u0131c\u0131 ve su yuvarlanarak kar\u0131\u015ft\u0131r\u0131ld\u0131ktan sonra malzeme suyu tamamen kilitleyebilir ve molek\u00fcl\u00fcn i\u00e7 viskozitesini geli\u015ftirebilir.<\/p> <\/div>    <div class=\"wp-block-column is-layout-flow wp-block-column-is-layout-flow\" style=\"flex-basis:66.66%\"> <figure class=\"wp-block-gallery has-nested-images columns-default is-cropped wp-block-gallery-2 is-layout-flex wp-block-gallery-is-layout-flex\"> <figure class=\"wp-block-image size-large\"><img loading=\"lazy\" decoding=\"async\" width=\"720\" height=\"540\" data-id=\"1534\" src=\"https:\/\/charcoalplant.com\/wp-content\/uploads\/2021\/12\/charcoal-powder-mixer-plant-2.jpg\" alt=\"k\u00f6m\u00fcr tozu kar\u0131\u015ft\u0131r\u0131c\u0131 tesisi\" class=\"wp-image-1534\" srcset=\"https:\/\/charcoalplant.com\/wp-content\/uploads\/2021\/12\/charcoal-powder-mixer-plant-2.jpg 720w, https:\/\/charcoalplant.com\/wp-content\/uploads\/2021\/12\/charcoal-powder-mixer-plant-2-300x225.jpg 300w\" sizes=\"auto, (max-width: 720px) 100vw, 720px\" \/><figcaption class=\"wp-element-caption\">k\u00f6m\u00fcr tozu kar\u0131\u015ft\u0131r\u0131c\u0131 tesisi<\/figcaption><\/figure> <\/figure> <\/div> <\/div>    <div class=\"wp-block-columns has-background is-layout-flex wp-container-core-columns-is-layout-28f84493 wp-block-columns-is-layout-flex\" style=\"background-color:#f1f1f1\"> <div class=\"wp-block-column is-layout-flow wp-block-column-is-layout-flow\" style=\"flex-basis:66.66%\"> <figure class=\"wp-block-gallery has-nested-images columns-default is-cropped wp-block-gallery-3 is-layout-flex wp-block-gallery-is-layout-flex\"> <figure class=\"wp-block-image size-large\"><img loading=\"lazy\" decoding=\"async\" width=\"720\" height=\"540\" data-id=\"1982\" src=\"https:\/\/charcoalplant.com\/wp-content\/uploads\/2022\/01\/charcoal-ball-press-machine-manufacturer.jpg\" alt=\"k\u00f6m\u00fcr topu pres makinesi \u00fcreticisi\" class=\"wp-image-1982\"\/><figcaption class=\"wp-element-caption\">k\u00f6m\u00fcr topu pres makinesi \u00fcreticisi<\/figcaption><\/figure> <\/figure> <\/div>    <div class=\"wp-block-column is-vertically-aligned-center is-layout-flow wp-block-column-is-layout-flow\" style=\"flex-basis:33.33%\"> <p><strong><a href=\"https:\/\/charcoalplant.com\/tr\/product\/charcoal-ball-press-machine\/\">K\u00f6m\u00fcr pres topu makinesi<\/a><\/strong><\/p>    <p>Hindistan cevizi k\u00f6m\u00fcr\u00fc tozu \u015fekillendirme makinesi, t\u00fcm \u00fcretim hatt\u0131ndaki temel ekipmand\u0131r. Hammaddeleri ekstr\u00fcde etmek i\u00e7in silindirlerin g\u00f6receli hareketi prensibini kullan\u0131r. Ayr\u0131ca rulo \u00e7ap\u0131 ve rulo d\u0131\u015f y\u00fczeyi tipi \u00f6zelle\u015ftirilebilir. Olu\u015fan briket do\u011frudan makinenin alt k\u0131sm\u0131ndaki ta\u015f\u0131ma band\u0131 \u00fczerinde toplan\u0131p kurutulabilmektedir.<\/p> <\/div> <\/div>    <h3 class=\"wp-block-heading\" id=\"h-mesh-belt-dryer-for-shaped-charcoal-plant\">\u015eekillendirilmi\u015f k\u00f6m\u00fcr tesisi i\u00e7in \u00f6rg\u00fc bantl\u0131 kurutucu<\/h3>    <p class=\"translation-block\">\u00dcretilen karbon tozu briquetinin y\u00fcksek su i\u00e7eri\u011fi nedeniyle hemen kullan\u0131m i\u00e7in uygun de\u011fildir. Bu nedenle kurutma i\u00e7in bir \u00f6rg\u00fcl\u00fc kemer kurutucu kullanman\u0131z\u0131 \u00f6neririz. \u00d6rg\u00fcl\u00fc kemer kurutucu, k\u00f6m\u00fcr toplar\u0131n\u0131 her y\u00f6nl\u00fc kurutmak i\u00e7in metal \u00f6rg\u00fc konvey\u00f6r band\u0131n\u0131 kullan\u0131r. Ayr\u0131ca, <strong><a href=\"https:\/\/charcoalplant.com\/tr\/product\/charcoal-briquette-dryer\/\">\u00e7ok katmanl\u0131 \u00f6rg\u00fc bant<\/a><\/strong> 24 saat kesintisiz \u00e7al\u0131\u015fma i\u00e7in ak\u0131\u015fkan geri beslemeli kurutma sa\u011flar.<\/p>    <figure class=\"wp-block-image aligncenter size-full\"><img loading=\"lazy\" decoding=\"async\" width=\"720\" height=\"540\" src=\"https:\/\/charcoalplant.com\/wp-content\/uploads\/2022\/03\/belt-drying-machine.jpg\" alt=\"\" class=\"wp-image-2883\"\/><\/figure>    <h2 class=\"wp-block-heading\">Hindistan cevizi k\u00f6m\u00fcr\u00fcn\u00fcn uygulamalar\u0131 ve faydalar\u0131<\/h2>    <p>Hindistan cevizi kabu\u011fu k\u00f6m\u00fcr\u00fc olarak da bilinen Hindistan cevizi k\u00f6m\u00fcr\u00fcn\u00fcn bir\u00e7ok uygulamas\u0131 ve faydas\u0131 vard\u0131r. En dikkate de\u011fer olanlardan baz\u0131lar\u0131 \u015funlard\u0131r:<\/p>    <ol class=\"wp-block-list\"> <li><strong>Barbek\u00fc yak\u0131t\u0131:<\/strong> Hindistan cevizi k\u00f6m\u00fcr\u00fc, y\u00fcksek \u0131s\u0131 \u00e7\u0131k\u0131\u015f\u0131 ve uzun yanma s\u00fcresi nedeniyle barbek\u00fc ve \u0131zgara i\u00e7in pop\u00fcler bir yak\u0131tt\u0131r.<\/li>    <li><strong>Su filtreleme: <\/strong>Hindistan cevizi k\u00f6m\u00fcr\u00fc, yabanc\u0131 maddeleri giderme ve suyun tad\u0131n\u0131 iyile\u015ftirme \u00f6zelli\u011fi nedeniyle su filtreleme sistemlerinde s\u0131kl\u0131kla kullan\u0131l\u0131r.<\/li>    <li><strong>Hava temizleme: <\/strong>Hindistan cevizi k\u00f6m\u00fcr\u00fc, yabanc\u0131 maddeleri gidermek ve hava kalitesini iyile\u015ftirmek i\u00e7in hava temizleme sistemlerinde de kullan\u0131labilir.<\/li>    <li><strong>Tar\u0131m:<\/strong> Hindistan cevizi k\u00f6m\u00fcr\u00fc ayn\u0131 zamanda toprak yap\u0131s\u0131n\u0131, havaland\u0131rmay\u0131 ve su tutma kapasitesini iyile\u015ftirebildi\u011fi i\u00e7in toprak d\u00fczenleyici ve g\u00fcbre olarak da kullan\u0131l\u0131r.<\/li>    <li><strong>End\u00fcstriyel s\u00fcre\u00e7ler:<\/strong> Hindistan cevizi k\u00f6m\u00fcr\u00fc metalurji, kimya end\u00fcstrisi ve \u015feker end\u00fcstrisi gibi \u00e7e\u015fitli end\u00fcstriyel i\u015flemlerde kullan\u0131lmaktad\u0131r.<\/li>    <li><strong>Aktif karbon i\u00e7in karbon kayna\u011f\u0131:<\/strong> Hindistan cevizi k\u00f6m\u00fcr\u00fc, ar\u0131tma, kafeinsizle\u015ftirme, gaz ar\u0131tma ve su ar\u0131tma i\u00e7in kullan\u0131lan bir aktif karbon kayna\u011f\u0131d\u0131r.<\/li>    <li><strong>Yenilenebilir ve s\u00fcrd\u00fcr\u00fclebilir:<\/strong> Hindistan cevizi k\u00f6m\u00fcr\u00fc, at\u0131k bir \u00fcr\u00fcnden (hindistancevizi kabu\u011fu) yap\u0131ld\u0131\u011f\u0131ndan ve ormans\u0131zla\u015fmaya katk\u0131da bulunmad\u0131\u011f\u0131ndan yenilenebilir ve s\u00fcrd\u00fcr\u00fclebilir bir yak\u0131t kayna\u011f\u0131d\u0131r.<\/li>    <li><strong>Daha az k\u00fcl:<\/strong> Hindistan cevizi k\u00f6m\u00fcr\u00fc, di\u011fer k\u00f6m\u00fcr t\u00fcrlerine g\u00f6re daha az k\u00fcl i\u00e7erir, bu da kullan\u0131m\u0131n\u0131 daha temiz hale getirir.<\/li>    <li><strong>\u00c7evre dostu:<\/strong> Hindistan cevizi k\u00f6m\u00fcr\u00fc briketleri daha az karbondioksit, metan ve di\u011fer sera gazlar\u0131n\u0131 sald\u0131\u011f\u0131 i\u00e7in \u00e7evre dostu bir yak\u0131t olarak kabul edilir.<\/li> <\/ol>    <div class=\"wp-block-columns is-layout-flex wp-container-core-columns-is-layout-28f84493 wp-block-columns-is-layout-flex\"> <div class=\"wp-block-column is-layout-flow wp-block-column-is-layout-flow\"> <figure class=\"wp-block-image size-full\"><img loading=\"lazy\" decoding=\"async\" width=\"720\" height=\"540\" src=\"https:\/\/charcoalplant.com\/wp-content\/uploads\/2022\/01\/coconut-shell.jpg\" alt=\"Hindistan cevizi kabu\u011fu\" class=\"wp-image-2089\"\/><figcaption class=\"wp-element-caption\">Hindistan cevizi kabu\u011fu<\/figcaption><\/figure> <\/div>    <div class=\"wp-block-column is-layout-flow wp-block-column-is-layout-flow\"> <figure class=\"wp-block-image size-full\"><img loading=\"lazy\" decoding=\"async\" width=\"720\" height=\"540\" src=\"https:\/\/charcoalplant.com\/wp-content\/uploads\/2022\/02\/coconut-shell-charcoal-briquette.jpg\" alt=\"Hindistan cevizi kabu\u011fu k\u00f6m\u00fcr briket\" class=\"wp-image-2501\"\/><figcaption class=\"wp-element-caption\">Hindistan cevizi kabu\u011fu k\u00f6m\u00fcr briket<\/figcaption><\/figure> <\/div> <\/div>    <h2 class=\"wp-block-heading\" id=\"h-mineral-powder-forming-machine-production-line\">Mineral tozu \u015fekillendirme makinesi vs hindistan cevizi kabu\u011fu briket makinesi<\/h2>    <p>Mineral tozu briket makinesi, hindistan cevizi k\u00f6m\u00fcr\u00fc briket makinesini temel alan bir d\u00f6n\u00fc\u015f\u00fcmd\u00fcr. Yani temel yap\u0131lar\u0131 ve prensipleri ayn\u0131d\u0131r. Ayr\u0131ca k\u00f6m\u00fcr tozu briket tesisinde, k\u00f6m\u00fcr tozu olu\u015fturma makinesi, cevher tozu olu\u015fturma i\u015fleminin ekstr\u00fczyon rol\u00fcn\u00fc oynar. \u00dcretim hatt\u0131n\u0131n ana ekipman\u0131, bile\u015fik k\u0131r\u0131c\u0131, besleyici, \u00e7arkl\u0131 de\u011firmen, k\u00f6m\u00fcr tozu briket makinesi ve kurutma makinesidir. <\/p>    <ul class=\"wp-block-list\"> <li>K\u00f6m\u00fcr tozu briket \u00fcretim hatt\u0131n\u0131n tamam\u0131n\u0131n \u00fcretim s\u00fcreci, bile\u015fik k\u0131r\u0131c\u0131n\u0131n \u00f6nce k\u00f6m\u00fcr\u00fc ezmesidir. <\/li>    <li>\u0130kinci olarak, mineral tozu, besleyici arac\u0131l\u0131\u011f\u0131yla mineral tozu kar\u0131\u015ft\u0131r\u0131c\u0131s\u0131na beslenir ve ba\u011flay\u0131c\u0131 ve su ile e\u015fit \u015fekilde kar\u0131\u015ft\u0131r\u0131l\u0131r. <\/li>    <li>\u00dc\u00e7\u00fcnc\u00fc olarak, i\u015flenmi\u015f mineral tozu, mineral tozu briket makinesiyle toplar halinde preslenir. <\/li>    <li>Son olarak mineral tozu toplar\u0131 kurutma makinesinde kurutulur. <\/li> <\/ul>    <div class=\"wp-block-columns is-layout-flex wp-container-core-columns-is-layout-28f84493 wp-block-columns-is-layout-flex\"> <div class=\"wp-block-column is-layout-flow wp-block-column-is-layout-flow\"> <figure class=\"wp-block-image size-full is-style-default\"><img loading=\"lazy\" decoding=\"async\" width=\"720\" height=\"540\" src=\"https:\/\/charcoalplant.com\/wp-content\/uploads\/2022\/01\/mineral-powder-ball-press-machine.jpg\" alt=\"mineral tozu topu pres makinesi\" class=\"wp-image-2004\"\/><figcaption class=\"wp-element-caption\">mineral tozu topu pres makinesi<\/figcaption><\/figure> <\/div>    <div class=\"wp-block-column is-layout-flow wp-block-column-is-layout-flow\"> <figure class=\"wp-block-image size-full\"><img loading=\"lazy\" decoding=\"async\" width=\"720\" height=\"540\" src=\"https:\/\/charcoalplant.com\/wp-content\/uploads\/2022\/01\/mineral-powder-briquettes.jpg\" alt=\"k\u00f6m\u00fcr tozu briketleri\" class=\"wp-image-2006\"\/><figcaption class=\"wp-element-caption\">k\u00f6m\u00fcr tozu briketleri<\/figcaption><\/figure> <\/div> <\/div>    <h2 class=\"wp-block-heading\">Hindistan cevizi k\u00f6m\u00fcr\u00fc briket tesisi sat\u0131l\u0131k<\/h2>    <p class=\"translation-block\">Shuliy Her t\u00fcrl\u00fc k\u00f6m\u00fcr \u00fcretim ekipman\u0131 \u00fcreten bir firma. Karbon tozu briquet \u00fcretim hatlar\u0131n\u0131n sat\u0131\u015f\u0131n\u0131n yan\u0131 s\u0131ra <strong><a href=\"https:\/\/charcoalplant.com\/tr\/charcoal-making-machine-3\/\">k\u00f6m\u00fcr makinesi \u00fcretim hatlar\u0131<\/a><\/strong>, <strong><a href=\"https:\/\/charcoalplant.com\/tr\/shisha-charcoal-production-line\/\">nargile k\u00f6m\u00fcr\u00fc \u00fcretim hatlar\u0131<\/a><\/strong>, pulverize k\u00f6m\u00fcr \u00fcretim hatlar\u0131 vb. sunuyoruz. Projenize b\u00fcy\u00fck fayda sa\u011flayacak uygun \u00fcretim \u00e7\u00f6z\u00fcmleri sunaca\u011f\u0131z. Ayr\u0131nt\u0131lar ve en iyi fiyat i\u00e7in bizimle ileti\u015fime ge\u00e7in.<\/p>    <figure class=\"wp-block-gallery has-nested-images columns-2 is-cropped wp-block-gallery-4 is-layout-flex wp-block-gallery-is-layout-flex\"> <figure class=\"wp-block-image size-large\"><img loading=\"lazy\" decoding=\"async\" width=\"720\" height=\"540\" data-id=\"2857\" src=\"https:\/\/charcoalplant.com\/wp-content\/uploads\/2022\/03\/coal-press-ball-machine-for-sale.jpg\" alt=\"sat\u0131l\u0131k k\u00f6m\u00fcr pres topu makinesi\" class=\"wp-image-2857\"\/><figcaption class=\"wp-element-caption\">sat\u0131l\u0131k k\u00f6m\u00fcr pres topu makinesi<\/figcaption><\/figure>    <figure class=\"wp-block-image size-large\"><img loading=\"lazy\" decoding=\"async\" width=\"720\" height=\"540\" data-id=\"2892\" src=\"https:\/\/charcoalplant.com\/wp-content\/uploads\/2022\/03\/carbon-dust-mixing-machine-2.jpg\" alt=\"karbon tozu kar\u0131\u015ft\u0131rma makinesi\" class=\"wp-image-2892\"\/><figcaption class=\"wp-element-caption\">karbon tozu kar\u0131\u015ft\u0131rma makinesi<\/figcaption><\/figure>    <figure class=\"wp-block-image size-large\"><img loading=\"lazy\" decoding=\"async\" width=\"720\" height=\"540\" data-id=\"2893\" src=\"https:\/\/charcoalplant.com\/wp-content\/uploads\/2022\/03\/bbq-coal-production-line-show-1.jpg\" alt=\"barbek\u00fc k\u00f6m\u00fcr \u00fcretim hatt\u0131 g\u00f6sterisi\" class=\"wp-image-2893\"\/><figcaption class=\"wp-element-caption\">Barbek\u00fc k\u00f6m\u00fcr\u00fc \u00fcretim hatt\u0131 g\u00f6sterisi<\/figcaption><\/figure>    <figure class=\"wp-block-image size-large\"><img loading=\"lazy\" decoding=\"async\" width=\"720\" height=\"540\" data-id=\"2895\" src=\"https:\/\/charcoalplant.com\/wp-content\/uploads\/2022\/03\/shippment-2.jpg\" alt=\"sevkiyat\" class=\"wp-image-2895\"\/><figcaption class=\"wp-element-caption\">sevkiyat<\/figcaption><\/figure> <\/figure>    <h2 class=\"wp-block-heading\">Hindistan cevizi k\u00f6m\u00fcr\u00fc briket nas\u0131l yap\u0131l\u0131r? <\/h2>    <p>Hindistan cevizi kabu\u011fu k\u00f6m\u00fcr briketleri yapmak i\u00e7in hindistan cevizi kabuklar\u0131na, k\u00f6m\u00fcr briket presine ve bir ba\u011flay\u0131c\u0131ya (m\u0131s\u0131r ni\u015fastas\u0131 veya manyok unu gibi) ihtiyac\u0131n\u0131z olacakt\u0131r. K\u00f6m\u00fcr briket yapman\u0131n temel ad\u0131mlar\u0131 \u015funlard\u0131r:<\/p>    <ol class=\"wp-block-list\"> <li>Hindistan cevizi kabuklar\u0131n\u0131 \u00e7eki\u00e7 veya makine kullanarak k\u00fc\u00e7\u00fck par\u00e7alara ay\u0131r\u0131n.<\/li>    <li>Nemi gidermek i\u00e7in hindistancevizi kabuklar\u0131n\u0131 g\u00fcne\u015fte veya kurutucuda kurutun.<\/li>    <li>Kurutulmu\u015f hindistancevizi kabuklar\u0131n\u0131 bir \u00f6\u011f\u00fct\u00fcc\u00fc kullanarak ince bir toz haline getirin.<\/li>    <li>Hindistan cevizi kabu\u011fu tozunu az miktarda ba\u011flay\u0131c\u0131 maddeyle (tozun toplam a\u011f\u0131rl\u0131\u011f\u0131n\u0131n yakla\u015f\u0131k 5%'si) hamur benzeri bir k\u0131vam elde edinceye kadar kar\u0131\u015ft\u0131r\u0131n.<\/li>    <li>Kar\u0131\u015f\u0131m\u0131 briketler halinde \u015fekillendirmek i\u00e7in hindistan cevizi kabu\u011fu briket makinesini kullan\u0131n.<\/li>    <li>Briketleri g\u00fcne\u015fte veya kurutucuda tamamen kuruyana kadar kurutun.<\/li>    <li>Hindistan cevizi kabu\u011fu k\u00f6m\u00fcr briketleriniz art\u0131k kullan\u0131ma haz\u0131r.<\/li> <\/ol>    <p>K\u00f6m\u00fcr yap\u0131m\u0131n\u0131n tehlikeli bir s\u00fcre\u00e7 oldu\u011funu ve uygun g\u00fcvenlik \u00f6nlemleri ve profesyonel rehberlikle yap\u0131lmas\u0131 gerekti\u011fini unutmamak \u00f6nemlidir. Shuliy Machinery, zengin deneyime ve g\u00fc\u00e7l\u00fc kapasiteye sahip bir hindistan cevizi k\u00f6m\u00fcr\u00fc briket tesisi \u00fcreticisidir. Hindistan cevizi k\u00f6m\u00fcr\u00fc yap\u0131m\u0131 i\u015finize ba\u015flamak istiyorsan\u0131z daha fazla ayr\u0131nt\u0131 i\u00e7in bizimle ileti\u015fime ge\u00e7in. <\/p>","protected":false},"excerpt":{"rendered":"<p>Coconut charcoal briquette plant is a facility that produces eco-friendly briquettes made from coconut shells. Among them, the coconut shell briquette machine is the forming equipment in the production line. It can press all kinds of powdery materials into blocks. The most common ones are, for example, coal powder molding, ore powder molding, desulfurization gypsum [&hellip;]<\/p>\n","protected":false},"author":1,"featured_media":1996,"parent":0,"template":"","tags":[66],"product-type":[53],"class_list":["post-1994","product","type-product","status-publish","has-post-thumbnail","hentry","tag-biomass-briquette-machine","product-type-product-line"],"_links":{"self":[{"href":"https:\/\/charcoalplant.com\/tr\/wp-json\/wp\/v2\/product\/1994","targetHints":{"allow":["GET"]}}],"collection":[{"href":"https:\/\/charcoalplant.com\/tr\/wp-json\/wp\/v2\/product"}],"about":[{"href":"https:\/\/charcoalplant.com\/tr\/wp-json\/wp\/v2\/types\/product"}],"author":[{"embeddable":true,"href":"https:\/\/charcoalplant.com\/tr\/wp-json\/wp\/v2\/users\/1"}],"wp:featuredmedia":[{"embeddable":true,"href":"https:\/\/charcoalplant.com\/tr\/wp-json\/wp\/v2\/media\/1996"}],"wp:attachment":[{"href":"https:\/\/charcoalplant.com\/tr\/wp-json\/wp\/v2\/media?parent=1994"}],"wp:term":[{"taxonomy":"post_tag","embeddable":true,"href":"https:\/\/charcoalplant.com\/tr\/wp-json\/wp\/v2\/tags?post=1994"},{"taxonomy":"product-type","embeddable":true,"href":"https:\/\/charcoalplant.com\/tr\/wp-json\/wp\/v2\/product-type?post=1994"}],"curies":[{"name":"wp","href":"https:\/\/api.w.org\/{rel}","templated":true}]}}