{"id":2304,"date":"2022-02-14T01:37:54","date_gmt":"2022-02-13T17:37:54","guid":{"rendered":"https:\/\/charcoalplant.com\/"},"modified":"2023-01-07T10:49:35","modified_gmt":"2023-01-07T02:49:35","slug":"new-charcoal-making-machine","status":"publish","type":"product","link":"https:\/\/charcoalplant.com\/tr\/product\/new-charcoal-making-machine\/","title":{"rendered":"Yeni K\u00f6m\u00fcr Yapma Makinesi | S\u00fcrekli Karbonizasyon F\u0131r\u0131n\u0131"},"content":{"rendered":"<div class=\"kk-star-ratings kksr-auto kksr-align-left kksr-valign-top\"     data-payload='{&quot;align&quot;:&quot;left&quot;,&quot;id&quot;:&quot;2304&quot;,&quot;slug&quot;:&quot;default&quot;,&quot;valign&quot;:&quot;top&quot;,&quot;ignore&quot;:&quot;&quot;,&quot;reference&quot;:&quot;auto&quot;,&quot;class&quot;:&quot;&quot;,&quot;count&quot;:&quot;9&quot;,&quot;legendonly&quot;:&quot;&quot;,&quot;readonly&quot;:&quot;&quot;,&quot;score&quot;:&quot;4.6&quot;,&quot;starsonly&quot;:&quot;&quot;,&quot;best&quot;:&quot;5&quot;,&quot;gap&quot;:&quot;5&quot;,&quot;greet&quot;:&quot;Rate this product&quot;,&quot;legend&quot;:&quot;4.6\\\/5 - (9 votes)&quot;,&quot;size&quot;:&quot;24&quot;,&quot;title&quot;:&quot;New Charcoal Making Machine | Continuous Carbonization Furnace&quot;,&quot;width&quot;:&quot;130.9&quot;,&quot;_legend&quot;:&quot;{score}\\\/{best} - ({count} {votes})&quot;,&quot;font_factor&quot;:&quot;1.25&quot;}'>              <div class=\"kksr-stars\">      <div class=\"kksr-stars-inactive\">             <div class=\"kksr-star\" data-star=\"1\" style=\"padding-right: 5px\">               <div class=\"kksr-icon\" style=\"width: 24px; height: 24px;\"><\/div>         <\/div>             <div class=\"kksr-star\" data-star=\"2\" style=\"padding-right: 5px\">               <div class=\"kksr-icon\" style=\"width: 24px; height: 24px;\"><\/div>         <\/div>             <div class=\"kksr-star\" data-star=\"3\" style=\"padding-right: 5px\">               <div class=\"kksr-icon\" style=\"width: 24px; height: 24px;\"><\/div>         <\/div>             <div class=\"kksr-star\" data-star=\"4\" style=\"padding-right: 5px\">               <div class=\"kksr-icon\" style=\"width: 24px; height: 24px;\"><\/div>         <\/div>             <div class=\"kksr-star\" data-star=\"5\" style=\"padding-right: 5px\">               <div class=\"kksr-icon\" style=\"width: 24px; height: 24px;\"><\/div>         <\/div>     <\/div>      <div class=\"kksr-stars-active\" style=\"width: 130.9px;\">             <div class=\"kksr-star\" style=\"padding-right: 5px\">               <div class=\"kksr-icon\" style=\"width: 24px; height: 24px;\"><\/div>         <\/div>             <div class=\"kksr-star\" style=\"padding-right: 5px\">               <div class=\"kksr-icon\" style=\"width: 24px; height: 24px;\"><\/div>         <\/div>             <div class=\"kksr-star\" style=\"padding-right: 5px\">               <div class=\"kksr-icon\" style=\"width: 24px; height: 24px;\"><\/div>         <\/div>             <div class=\"kksr-star\" style=\"padding-right: 5px\">               <div class=\"kksr-icon\" style=\"width: 24px; height: 24px;\"><\/div>         <\/div>             <div class=\"kksr-star\" style=\"padding-right: 5px\">               <div class=\"kksr-icon\" style=\"width: 24px; height: 24px;\"><\/div>         <\/div>     <\/div> <\/div>                   <div class=\"kksr-legend\" style=\"font-size: 19.2px;\">             4.6\/5 - (9 oy)    <\/div>     <\/div>  <p class=\"translation-block\"><strong>Yeni odun k\u00f6m\u00fcr yapma makinesi<\/strong>, \u00e7e\u015fitli biyok\u00fctle malzemelerini karbonla\u015ft\u0131rmak i\u00e7in \u00f6zel olarak geli\u015ftirilmi\u015f s\u00fcrekli bir karbonizasyon f\u0131r\u0131n\u0131d\u0131r. Yeni tasar\u0131ml\u0131 karbonizasyon f\u0131r\u0131n\u0131 sadece g\u00fczel bir g\u00f6r\u00fcn\u00fcme ve atmosfere sahip olmakla kalmaz. Ayr\u0131ca konsoluna ak\u0131ll\u0131 bir say\u0131sal kontrol paneli eklenmi\u015ftir. Ek olarak, ham maddelerin karbonizasyon oran\u0131 da orijinal 'ten 'e y\u00fckselmi\u015ftir. K\u0131sacas\u0131, yeni <strong><a href=\"https:\/\/charcoalplant.com\/tr\/charcoal-making-machine-3\/\">k\u00f6m\u00fcr makinesi<\/a><\/strong>, y\u00fcksek maliyet performans\u0131 ve y\u00fcksek getiri oran\u0131na sahip d\u00fc\u015f\u00fck karbonlu \u00e7evre koruma ekipman\u0131d\u0131r. Bununla ilgili en son dan\u0131\u015fmanl\u0131k i\u00e7in \u015fimdi bize ula\u015f\u0131n. \u00d6rne\u011fin, fiyat, <strong><a href=\"https:\/\/charcoalplant.com\/tr\/news\/new-charcoal-machine-production-line-sent-to-japan\/\">nakliye<\/a><\/strong>. Sizlerle keyifli bir i\u015fbirli\u011fi yapmay\u0131 d\u00f6rt g\u00f6zle bekliyoruz.<\/p>    <figure class=\"wp-block-gallery has-nested-images columns-default is-cropped wp-block-gallery-2 is-layout-flex wp-block-gallery-is-layout-flex\"> <figure class=\"wp-block-image size-large\"><img loading=\"lazy\" decoding=\"async\" width=\"720\" height=\"540\" data-id=\"2307\" src=\"https:\/\/charcoalplant.com\/wp-content\/uploads\/2022\/02\/Export-of-charcoal-making-machine.jpg\" alt=\"\" class=\"wp-image-2307\"\/><\/figure> <\/figure>    <h2 class=\"wp-block-heading\" id=\"h-raw-materials-for-new-charcoal-making-machines\"><strong>Yeni tasar\u0131m k\u00f6m\u00fcr yapma makinesi i\u00e7in hammaddeler<\/strong><\/h2>    <p class=\"translation-block\">10 cm'den k\u00fc\u00e7\u00fck boyuttaki biyok\u00fctle hammaddelerini i\u015fleyebilir. Ham maddeleri tar\u0131m ve orman at\u0131klar\u0131 (pirin\u00e7 kabu\u011fu, odun peleti, saman peleti, a\u011fa\u00e7 kabu\u011fu), meyve kabuklar\u0131 (<strong><a href=\"https:\/\/charcoalplant.com\/tr\/info\/what-are-the-uses-of-coconut-shells\/\">hindistan cevizi kabu\u011fu<\/a><\/strong>, zeytin meyvesi, palmiye kabu\u011fu, kestane kabu\u011fu, longan kabu\u011fu) ve di\u011ferleri (inek g\u00fcbresi, inek kemi\u011fi, \u00e7amur) vb. Ham madde nemi ne kadar az olursa, karbonizasyon oran\u0131 o kadar y\u00fcksek olur. Bu nedenle, m\u00fc\u015fterilere ham maddeleri kurutmak i\u00e7in d\u00f6ner kurutucu se\u00e7melerini tavsiye edece\u011fiz. Kurutucu, ham madde nemini yakla\u015f\u0131k %8'de tutabilir.<\/p>    <figure class=\"wp-block-gallery has-nested-images columns-2 is-cropped wp-block-gallery-3 is-layout-flex wp-block-gallery-is-layout-flex\"> <figure class=\"wp-block-image size-large\"><img loading=\"lazy\" decoding=\"async\" width=\"720\" height=\"540\" data-id=\"2313\" src=\"https:\/\/charcoalplant.com\/wp-content\/uploads\/2022\/02\/coconut-shell-2.jpg\" alt=\"\" class=\"wp-image-2313\"\/><\/figure>    <figure class=\"wp-block-image size-large\"><img loading=\"lazy\" decoding=\"async\" width=\"720\" height=\"540\" data-id=\"2314\" src=\"https:\/\/charcoalplant.com\/wp-content\/uploads\/2022\/02\/palm-shell-.jpg\" alt=\"\" class=\"wp-image-2314\"\/><\/figure>    <figure class=\"wp-block-image size-large\"><img loading=\"lazy\" decoding=\"async\" width=\"720\" height=\"540\" data-id=\"2315\" src=\"https:\/\/charcoalplant.com\/wp-content\/uploads\/2022\/02\/peanut-shell.jpg\" alt=\"\" class=\"wp-image-2315\"\/><\/figure>    <figure class=\"wp-block-image size-large\"><img loading=\"lazy\" decoding=\"async\" width=\"720\" height=\"540\" data-id=\"2316\" src=\"https:\/\/charcoalplant.com\/wp-content\/uploads\/2022\/02\/rice-husk.jpg\" alt=\"\" class=\"wp-image-2316\"\/><\/figure> <\/figure>    <h2 class=\"wp-block-heading\" id=\"h-structure-of-the-new-charcoal-machine\"><strong>Yeni k\u00f6m\u00fcr yapma makinesinin yap\u0131s\u0131<\/strong><\/h2>    <div class=\"wp-block-columns has-background is-layout-flex wp-container-core-columns-is-layout-28f84493 wp-block-columns-is-layout-flex\" style=\"background-color:#f1f1f1\"> <div class=\"wp-block-column is-vertically-aligned-center is-layout-flow wp-block-column-is-layout-flow\" style=\"flex-basis:33.33%\"> <p class=\"translation-block\"><strong>\u00c7ift ana f\u0131r\u0131n<\/strong><\/p>    <p>K\u00f6m\u00fcrle\u015fme f\u0131r\u0131n\u0131n\u0131n karbonizasyon ana g\u00f6vdesi \u00e7ift silindirli bir yap\u0131ya sahiptir. Bu tasar\u0131m, malzemenin i\u00e7 f\u0131r\u0131ndan d\u0131\u015f f\u0131r\u0131na bir daire \u015feklinde yuvarlanmas\u0131n\u0131 sa\u011flar. Yani Hindistan cevizi kabu\u011fu karbonizasyon f\u0131r\u0131n\u0131n\u0131n giri\u015fi ve \u00e7\u0131k\u0131\u015f\u0131 ayn\u0131 taraftad\u0131r.<\/p> <\/div>    <div class=\"wp-block-column is-layout-flow wp-block-column-is-layout-flow\" style=\"flex-basis:66.66%\"> <figure class=\"wp-block-gallery has-nested-images columns-default is-cropped wp-block-gallery-4 is-layout-flex wp-block-gallery-is-layout-flex\"> <figure class=\"wp-block-image size-large\"><img loading=\"lazy\" decoding=\"async\" width=\"720\" height=\"540\" data-id=\"2310\" src=\"https:\/\/charcoalplant.com\/wp-content\/uploads\/2022\/02\/Rice-husk-carbonization-furnace-structure.jpg\" alt=\"\" class=\"wp-image-2310\"\/><\/figure> <\/figure> <\/div> <\/div>    <div class=\"wp-block-columns has-background is-layout-flex wp-container-core-columns-is-layout-28f84493 wp-block-columns-is-layout-flex\" style=\"background-color:#f1f1f1\"> <div class=\"wp-block-column is-layout-flow wp-block-column-is-layout-flow\" style=\"flex-basis:66.66%\"> <figure class=\"wp-block-gallery has-nested-images columns-default is-cropped wp-block-gallery-5 is-layout-flex wp-block-gallery-is-layout-flex\"> <figure class=\"wp-block-image size-large\"><img loading=\"lazy\" decoding=\"async\" width=\"720\" height=\"540\" data-id=\"2312\" src=\"https:\/\/charcoalplant.com\/wp-content\/uploads\/2022\/02\/Burn.jpg\" alt=\"\" class=\"wp-image-2312\"\/><\/figure> <\/figure> <\/div>    <div class=\"wp-block-column is-vertically-aligned-center is-layout-flow wp-block-column-is-layout-flow\" style=\"flex-basis:33.33%\"> <p class=\"translation-block\"><strong>Yanma odas\u0131<\/strong><\/p>    <p>Yanma odas\u0131 \u0131s\u0131 yal\u0131t\u0131ml\u0131 ta\u015f y\u00fcn\u00fc ile yal\u0131t\u0131lm\u0131\u015ft\u0131r. Ayn\u0131 zamanda kapal\u0131 bir f\u0131r\u0131n g\u00f6vdesidir. Bu nedenle, t\u00fcm makinenin hava s\u0131zd\u0131rmazl\u0131\u011f\u0131 iyidir ve karbonizasyon verimlili\u011fi y\u00fcksektir. Pirin\u00e7 kabu\u011fu karbonizasyon f\u0131r\u0131n\u0131n\u0131n \u0131s\u0131tma malzemesi k\u00f6m\u00fcr, odun, dizel, do\u011fal gaz, s\u0131v\u0131la\u015ft\u0131r\u0131lm\u0131\u015f petrol gaz\u0131, biyok\u00fctle vb. olabilir.<\/p> <\/div> <\/div>    <div class=\"wp-block-columns has-background is-layout-flex wp-container-core-columns-is-layout-28f84493 wp-block-columns-is-layout-flex\" style=\"background-color:#f1f1f1\"> <div class=\"wp-block-column is-vertically-aligned-center is-layout-flow wp-block-column-is-layout-flow\" style=\"flex-basis:33.33%\"> <p class=\"translation-block\"><strong>PLC kontrol paneli<\/strong><\/p>    <p>\u00c7al\u0131\u015ft\u0131rma ve kontrol sistemi \u00f6nceki g\u00fc\u00e7 da\u011f\u0131t\u0131m kabininden plc dokunmatik ekran moduna de\u011fi\u015ftirildi. M\u00fc\u015fteriler bilgisayar arac\u0131l\u0131\u011f\u0131yla h\u0131z\u0131, s\u0131cakl\u0131\u011f\u0131, zaman\u0131 vb. ayarlayabilir.<\/p> <\/div>    <div class=\"wp-block-column is-layout-flow wp-block-column-is-layout-flow\" style=\"flex-basis:66.66%\"> <figure class=\"wp-block-gallery has-nested-images columns-default is-cropped wp-block-gallery-6 is-layout-flex wp-block-gallery-is-layout-flex\"> <figure class=\"wp-block-image size-large\"><img loading=\"lazy\" decoding=\"async\" width=\"720\" height=\"540\" data-id=\"2309\" src=\"https:\/\/charcoalplant.com\/wp-content\/uploads\/2022\/02\/PLC.jpg\" alt=\"\" class=\"wp-image-2309\"\/><\/figure> <\/figure> <\/div> <\/div>    <div class=\"wp-block-columns has-background is-layout-flex wp-container-core-columns-is-layout-28f84493 wp-block-columns-is-layout-flex\" style=\"background-color:#f1f1f1\"> <div class=\"wp-block-column is-layout-flow wp-block-column-is-layout-flow\" style=\"flex-basis:66.66%\"> <figure class=\"wp-block-gallery has-nested-images columns-default is-cropped wp-block-gallery-7 is-layout-flex wp-block-gallery-is-layout-flex\"> <figure class=\"wp-block-image size-large\"><img loading=\"lazy\" decoding=\"async\" width=\"720\" height=\"540\" data-id=\"2308\" src=\"https:\/\/charcoalplant.com\/wp-content\/uploads\/2022\/02\/new-charcoal-making-machine-for-sale.jpg\" alt=\"\" class=\"wp-image-2308\"\/><\/figure> <\/figure> <\/div>    <div class=\"wp-block-column is-vertically-aligned-center is-layout-flow wp-block-column-is-layout-flow\" style=\"flex-basis:33.33%\"> <p class=\"translation-block\"><strong>F\u0131r\u0131n takviyesi<\/strong><\/p>    <p>F\u0131r\u0131n g\u00f6vdesinin y\u00fczeyi yatay ve dikey karbon \u00e7eli\u011fi metal ile g\u00fc\u00e7lendirilmi\u015ftir. F\u0131r\u0131n g\u00f6vdesi paslanmaz \u00e7elik bir muhafazaya sar\u0131lm\u0131\u015ft\u0131r. Bu nedenle yeni hindistan cevizi kabu\u011fu k\u00f6m\u00fcr yapma makinesinin kullan\u0131m\u0131 kolay deforme olmaz ve daha uzun \u00f6m\u00fcrl\u00fcd\u00fcr.<\/p> <\/div> <\/div>    <h2 class=\"wp-block-heading\" id=\"h-video-of-biomass-carbonization-furnace\"><strong>Biyok\u00fctle s\u00fcrekli karbonizasyon f\u0131r\u0131n\u0131n\u0131n videosu<\/strong><\/h2>    <p class=\"translation-block\">A\u015fa\u011f\u0131da, biyok\u00fctle <strong><a href=\"https:\/\/charcoalplant.com\/tr\/carbonization-furnace\/rotary-carbonization-furnace\/\">karbonizasyon f\u0131r\u0131n\u0131<\/a><\/strong> ile \u00e7e\u015fitli hammaddelerin i\u015flenmesine ili\u015fkin bir video bulunmaktad\u0131r. Videodan verimli ve y\u00fcksek kaliteli k\u00f6m\u00fcrle\u015fmesini g\u00f6rebilirsiniz.<\/p>    <figure class=\"wp-block-embed is-type-video is-provider-youtube wp-block-embed-youtube wp-embed-aspect-16-9 wp-has-aspect-ratio\"><div class=\"wp-block-embed__wrapper\"> <iframe loading=\"lazy\" title=\"2023 Yeni Tasar\u0131m S\u00fcrekli Karbonizasyon F\u0131r\u0131n\u0131 ile Yeni K\u00f6m\u00fcr Yapma Makinesi \u0130\u015fi\" width=\"500\" height=\"281\" src=\"https:\/\/www.youtube.com\/embed\/sb92A1yTXFA?feature=oembed\" frameborder=\"0\" allow=\"accelerometer; autoplay; clipboard-write; encrypted-media; gyroscope; picture-in-picture; web-share\" referrerpolicy=\"strict-origin-when-cross-origin\" allowfullscreen><\/iframe> <\/div><\/figure>    <h2 class=\"wp-block-heading\" id=\"h-parameters-of-the-new-charcoal-making-machine\"><strong>Yeni tasar\u0131m k\u00f6m\u00fcr yapma makinesinin parametreleri<\/strong><\/h2>    <p>Farkl\u0131 hammaddelerin karbonizasyon s\u00fcresi ve s\u0131cakl\u0131\u011f\u0131 farkl\u0131d\u0131r. Bu nedenle a\u015fa\u011f\u0131daki veriler yaln\u0131zca referans ama\u00e7l\u0131d\u0131r.<\/p>    <figure class=\"wp-block-table is-style-stripes\"><table><tbody><tr><td>Modeli<\/td><td>SL-05<\/td><td>SL-10<\/td><td>SL-30<\/td><td>SL-50<\/td><\/tr><tr><td>Kapasite<\/td><td>0,3-0,5 ton\/saat<\/td><td>0,8-1 ton\/saat<\/td><td>2,5-3 ton\/saat<\/td><td>4,5-5 ton\/saat<\/td><\/tr><tr><td>\u00c7al\u0131\u015fma Y\u00f6ntemi<\/td><td>Tamamen s\u00fcrekli<\/td><\/tr><tr><td>Reakt\u00f6r Boyutu<\/td><td>820mm<\/td><td>1000mm<\/td><td>1300mm<\/td><td>1700mm<\/td><\/tr><tr><td>Enerji T\u00fcketimi<\/td><td>45kw\/saat<\/td><td>65kw\/saat<\/td><td>90kw\/saat<\/td><td>125kw\/saat<\/td><\/tr><tr><td>Boyutlar<\/td><td>28m*10m*6m<\/td><td>33m*13m*7m<\/td><td>40m*15m*8m<\/td><td>50m*16m*10m<\/td><\/tr><tr><td>A\u011f\u0131rl\u0131k<\/td><td>28 ton<\/td><td>35 ton<\/td><td>45 ton<\/td><td>54 ton<\/td><\/tr><tr><td>\u00c7al\u0131\u015fma Bas\u0131nc\u0131<\/td><td>Hafif negatif bas\u0131n\u00e7<\/td><\/tr><tr><td>Servis \u00d6mr\u00fc<\/td><td>5-8 y\u0131l<\/td><\/tr><\/tbody><\/table><\/figure>    <h2 class=\"wp-block-heading\" id=\"h-application-of-bio-charcoal\"><strong>Biyok\u00f6m\u00fcr\u00fcn bitmi\u015f \u00fcr\u00fcnleri<\/strong><\/h2>    <p>Bu m\u00fckemmel s\u00fcrekli karbonizasyon f\u0131r\u0131n\u0131n\u0131n bitmi\u015f \u00fcr\u00fcnleri, hindistan cevizi kabu\u011fu k\u00f6m\u00fcr\u00fc, tala\u015f k\u00f6m\u00fcr\u00fc, hurma \u00e7ekirde\u011fi kabu\u011fu k\u00f6m\u00fcr\u00fc, bambu k\u00f6m\u00fcr\u00fc, pirin\u00e7 kabu\u011fu k\u00f6m\u00fcr\u00fc ve f\u0131nd\u0131k kabu\u011fu k\u00f6m\u00fcr\u00fc vb. gibi \u00e7e\u015fitli olabilir. <\/p>    <figure class=\"wp-block-gallery has-nested-images columns-2 is-cropped wp-block-gallery-8 is-layout-flex wp-block-gallery-is-layout-flex\"> <figure class=\"wp-block-image size-large\"><img loading=\"lazy\" decoding=\"async\" width=\"720\" height=\"540\" data-id=\"2317\" src=\"https:\/\/charcoalplant.com\/wp-content\/uploads\/2022\/02\/sawdust-charcoal.jpg\" alt=\"\" class=\"wp-image-2317\"\/><\/figure>    <figure class=\"wp-block-image size-large\"><img loading=\"lazy\" decoding=\"async\" width=\"720\" height=\"540\" data-id=\"2318\" src=\"https:\/\/charcoalplant.com\/wp-content\/uploads\/2022\/02\/corncob-charcoal.jpg\" alt=\"\" class=\"wp-image-2318\"\/><\/figure>    <figure class=\"wp-block-image size-large\"><img loading=\"lazy\" decoding=\"async\" width=\"720\" height=\"540\" data-id=\"2319\" src=\"https:\/\/charcoalplant.com\/wp-content\/uploads\/2022\/02\/nut-shell-charcoal.jpg\" alt=\"\" class=\"wp-image-2319\"\/><\/figure>    <figure class=\"wp-block-image size-large\"><img loading=\"lazy\" decoding=\"async\" width=\"720\" height=\"540\" data-id=\"2320\" src=\"https:\/\/charcoalplant.com\/wp-content\/uploads\/2022\/02\/palm-shell-charcoal.jpg\" alt=\"\" class=\"wp-image-2320\"\/><\/figure> <\/figure>    <h2 class=\"wp-block-heading\">K\u00f6m\u00fcr karbonizasyon f\u0131r\u0131n\u0131n\u0131n \u00e7al\u0131\u015fma prensibi<\/h2>    <p>Karbonizasyon i\u015flemi, organik materyalin oksijeni s\u0131n\u0131rl\u0131 bir ortamda \u0131s\u0131t\u0131lmas\u0131n\u0131 i\u00e7erir. Malzeme \u0131s\u0131t\u0131ld\u0131k\u00e7a par\u00e7alanmaya ve u\u00e7ucu gazlar a\u00e7\u0131\u011fa \u00e7\u0131karmaya ba\u015flar. Bu gazlar daha sonra yak\u0131larak geride k\u00f6m\u00fcr olarak bilinen kat\u0131 bir karbon kal\u0131nt\u0131s\u0131 b\u0131rak\u0131l\u0131r.<\/p>    <h2 class=\"wp-block-heading\">S\u00fcrekli karbonizasyon f\u0131r\u0131n\u0131 uygulamalar\u0131<\/h2>    <p>S\u00fcrekli k\u00f6m\u00fcr karbonizasyon f\u0131r\u0131nlar\u0131, y\u00fczey alan\u0131n\u0131 artt\u0131rmak ve daha g\u00f6zenekli hale getirmek i\u00e7in i\u015flenmi\u015f bir k\u00f6m\u00fcr t\u00fcr\u00fc olan aktif k\u00f6m\u00fcr\u00fcn \u00fcretiminde yayg\u0131n olarak kullan\u0131l\u0131r. Aktif k\u00f6m\u00fcr\u00fcn su ar\u0131tma, hava temizleme ve kimyasal ay\u0131rma dahil olmak \u00fczere geni\u015f bir uygulama yelpazesi vard\u0131r.<\/p>    <p>Aktif k\u00f6m\u00fcr \u00fcretimindeki kullan\u0131mlar\u0131na ek olarak, s\u00fcrekli k\u00f6m\u00fcr karbonizasyon f\u0131r\u0131nlar\u0131 yak\u0131t \u00fcretimi, kimyasal madde \u00fcretimi ve at\u0131k malzemelerin i\u015flenmesi dahil olmak \u00fczere \u00e7e\u015fitli di\u011fer end\u00fcstrilerde de kullan\u0131lmaktad\u0131r.<\/p>    <h2 class=\"wp-block-heading\">\u00c7\u00f6z\u00fcm <\/h2>    <p>Genel olarak s\u00fcrekli karbonizasyon f\u0131r\u0131n\u0131, aktif k\u00f6m\u00fcr ve di\u011fer k\u00f6m\u00fcr t\u00fcrlerinin \u00fcretiminde \u00f6nemli bir rol oynayan \u00f6nemli bir ekipman par\u00e7as\u0131d\u0131r. S\u00fcrekli \u00e7al\u0131\u015fabilme yetene\u011fi, verimli ve g\u00fcvenilir \u00fcretime olanak tan\u0131r ve bu da onu \u00e7ok \u00e7e\u015fitli end\u00fcstrilerde \u00f6nemli bir ara\u00e7 haline getirir.<\/p>    <p class=\"translation-block\"><a href=\"https:\/\/charcoalplant.com\/tr\/\">Shuliy grubu<\/a> profesyonel k\u00f6m\u00fcrle\u015fme f\u0131r\u0131n\u0131 \u00fcreticisidir. Belirli gereksinimlerinize uygun tam bir karbonizasyon makineleri yelpazesi sunuyoruz. \u0130\u015finizi en k\u0131sa s\u00fcrede ba\u015flatmak i\u00e7in uzmanlar\u0131m\u0131zla ileti\u015fime ge\u00e7menizi bekliyoruz. <\/p>","protected":false},"excerpt":{"rendered":"<p>Yeni k\u00f6m\u00fcr makinesi, s\u00fcrekli karbonizasyon f\u0131r\u0131n\u0131n\u0131n y\u00fckseltilmi\u015f bir versiyonudur. En iyi karbonizasyon etkisine sahiptir.<\/p>","protected":false},"author":1,"featured_media":2306,"parent":0,"template":"","tags":[65],"product-type":[4],"class_list":["post-2304","product","type-product","status-publish","has-post-thumbnail","hentry","tag-carbonization-furnace","product-type-carbonization-furnace"],"_links":{"self":[{"href":"https:\/\/charcoalplant.com\/tr\/wp-json\/wp\/v2\/product\/2304","targetHints":{"allow":["GET"]}}],"collection":[{"href":"https:\/\/charcoalplant.com\/tr\/wp-json\/wp\/v2\/product"}],"about":[{"href":"https:\/\/charcoalplant.com\/tr\/wp-json\/wp\/v2\/types\/product"}],"author":[{"embeddable":true,"href":"https:\/\/charcoalplant.com\/tr\/wp-json\/wp\/v2\/users\/1"}],"wp:featuredmedia":[{"embeddable":true,"href":"https:\/\/charcoalplant.com\/tr\/wp-json\/wp\/v2\/media\/2306"}],"wp:attachment":[{"href":"https:\/\/charcoalplant.com\/tr\/wp-json\/wp\/v2\/media?parent=2304"}],"wp:term":[{"taxonomy":"post_tag","embeddable":true,"href":"https:\/\/charcoalplant.com\/tr\/wp-json\/wp\/v2\/tags?post=2304"},{"taxonomy":"product-type","embeddable":true,"href":"https:\/\/charcoalplant.com\/tr\/wp-json\/wp\/v2\/product-type?post=2304"}],"curies":[{"name":"wp","href":"https:\/\/api.w.org\/{rel}","templated":true}]}}