{"id":2322,"date":"2022-02-14T09:42:26","date_gmt":"2022-02-14T01:42:26","guid":{"rendered":"https:\/\/charcoalplant.com\/"},"modified":"2023-01-13T10:21:19","modified_gmt":"2023-01-13T02:21:19","slug":"wood-pallet-block-making-machine","status":"publish","type":"product","link":"https:\/\/charcoalplant.com\/tr\/product\/wood-pallet-block-making-machine\/","title":{"rendered":"Ah\u015fap Palet Blok Yapma Makinesi | Tala\u015f Blok Yapma Makinesi"},"content":{"rendered":"<div class=\"kk-star-ratings kksr-auto kksr-align-left kksr-valign-top\"     data-payload='{&quot;align&quot;:&quot;left&quot;,&quot;id&quot;:&quot;2322&quot;,&quot;slug&quot;:&quot;default&quot;,&quot;valign&quot;:&quot;top&quot;,&quot;ignore&quot;:&quot;&quot;,&quot;reference&quot;:&quot;auto&quot;,&quot;class&quot;:&quot;&quot;,&quot;count&quot;:&quot;13&quot;,&quot;legendonly&quot;:&quot;&quot;,&quot;readonly&quot;:&quot;&quot;,&quot;score&quot;:&quot;4.8&quot;,&quot;starsonly&quot;:&quot;&quot;,&quot;best&quot;:&quot;5&quot;,&quot;gap&quot;:&quot;5&quot;,&quot;greet&quot;:&quot;Rate this product&quot;,&quot;legend&quot;:&quot;4.8\\\/5 - (13 votes)&quot;,&quot;size&quot;:&quot;24&quot;,&quot;title&quot;:&quot;Wood Pallet Block Making Machine | Sawdust Block Making Machine&quot;,&quot;width&quot;:&quot;136.7&quot;,&quot;_legend&quot;:&quot;{score}\\\/{best} - ({count} {votes})&quot;,&quot;font_factor&quot;:&quot;1.25&quot;}'>              <div class=\"kksr-stars\">      <div class=\"kksr-stars-inactive\">             <div class=\"kksr-star\" data-star=\"1\" style=\"padding-right: 5px\">               <div class=\"kksr-icon\" style=\"width: 24px; height: 24px;\"><\/div>         <\/div>             <div class=\"kksr-star\" data-star=\"2\" style=\"padding-right: 5px\">               <div class=\"kksr-icon\" style=\"width: 24px; height: 24px;\"><\/div>         <\/div>             <div class=\"kksr-star\" data-star=\"3\" style=\"padding-right: 5px\">               <div class=\"kksr-icon\" style=\"width: 24px; height: 24px;\"><\/div>         <\/div>             <div class=\"kksr-star\" data-star=\"4\" style=\"padding-right: 5px\">               <div class=\"kksr-icon\" style=\"width: 24px; height: 24px;\"><\/div>         <\/div>             <div class=\"kksr-star\" data-star=\"5\" style=\"padding-right: 5px\">               <div class=\"kksr-icon\" style=\"width: 24px; height: 24px;\"><\/div>         <\/div>     <\/div>      <div class=\"kksr-stars-active\" style=\"width: 136.7px;\">             <div class=\"kksr-star\" style=\"padding-right: 5px\">               <div class=\"kksr-icon\" style=\"width: 24px; height: 24px;\"><\/div>         <\/div>             <div class=\"kksr-star\" style=\"padding-right: 5px\">               <div class=\"kksr-icon\" style=\"width: 24px; height: 24px;\"><\/div>         <\/div>             <div class=\"kksr-star\" style=\"padding-right: 5px\">               <div class=\"kksr-icon\" style=\"width: 24px; height: 24px;\"><\/div>         <\/div>             <div class=\"kksr-star\" style=\"padding-right: 5px\">               <div class=\"kksr-icon\" style=\"width: 24px; height: 24px;\"><\/div>         <\/div>             <div class=\"kksr-star\" style=\"padding-right: 5px\">               <div class=\"kksr-icon\" style=\"width: 24px; height: 24px;\"><\/div>         <\/div>     <\/div> <\/div>                   <div class=\"kksr-legend\" style=\"font-size: 19.2px;\">             4.8\/5 - (13 oy)    <\/div>     <\/div>  <p class=\"translation-block\"><strong>Ah\u015fap palet blok yapma makinesi<\/strong>, <strong><a href=\"https:\/\/charcoalplant.com\/tr\/news\/what-is-a-sawdust-pallet-block\/\">paletlerin y\u00fck ta\u015f\u0131yan ayaklar\u0131n\u0131<\/a><\/strong> \u00fcretmek i\u00e7in bir cihazd\u0131r. Paketleme ve lojistik (ta\u015f\u0131mac\u0131l\u0131k) sekt\u00f6rlerinde kullan\u0131labilir. \u00c7\u00fcnk\u00fc ah\u015fap palet ayaklar\u0131n\u0131n ham maddesi tala\u015f ve ah\u015fap k\u0131ym\u0131klar\u0131d\u0131r. Bu nedenle \u00fcretilen ah\u015fap blok, kirletici olmayan, g\u00fcvenli ve kullan\u0131m\u0131 kolay \u00f6zelliklere sahiptir. Bir\u00e7ok ah\u015fap palet \u00fcreticisi palet ayaklar\u0131n\u0131 yapmak i\u00e7in bir ah\u015fap k\u0131ym\u0131k blok makinesi kullanacakt\u0131r. Fabrikam\u0131z, 75*75mm, 90*90mm ve 100*100mm gibi Amerikan standartlar\u0131na uygun ah\u015fap k\u0131ym\u0131k bloklar\u0131 ve 100*110mm ve 145*145mm gibi Avrupa standartlar\u0131na uygun ah\u015fap k\u0131ym\u0131k bloklar\u0131 \u00fcretmektedir. Bu nedenle, mekanik \u00f6zelle\u015ftirme hizmetleri sunuyoruz.<\/p>    <figure class=\"wp-block-gallery has-nested-images columns-default is-cropped wp-block-gallery-2 is-layout-flex wp-block-gallery-is-layout-flex\"> <figure class=\"wp-block-image size-large\"><img loading=\"lazy\" decoding=\"async\" width=\"720\" height=\"540\" data-id=\"2335\" src=\"https:\/\/charcoalplant.com\/wp-content\/uploads\/2022\/02\/sawdust-pallet-block-.jpg\" alt=\"tala\u015f-palet-blok\" class=\"wp-image-2335\"\/><figcaption class=\"wp-element-caption\">tala\u015f-palet-blok<\/figcaption><\/figure>    <figure class=\"wp-block-image size-full\"><img loading=\"lazy\" decoding=\"async\" width=\"720\" height=\"540\" data-id=\"2325\" src=\"https:\/\/charcoalplant.com\/wp-content\/uploads\/2022\/02\/wood-block-machine-plant.jpg\" alt=\"ah\u015fap blok-makine plan\u0131\" class=\"wp-image-2325\"\/><figcaption class=\"wp-element-caption\">ah\u015fap blok-makine plan\u0131<\/figcaption><\/figure> <\/figure>    <h2 class=\"wp-block-heading\" id=\"h-raw-materials-for-wood-block-machine\"><strong>Tala\u015f palet blok yapma makinesi i\u00e7in hammaddeler<\/strong><\/h2>    <p class=\"translation-block\">Ah\u015fap palet blok yapma makinesinin ham maddesi 6-8mm tala\u015ft\u0131r. Bu nedenle, ham madde boyutunu kar\u015f\u0131lamayan tala\u015f, <strong><a href=\"https:\/\/charcoalplant.com\/tr\/wood-wastes-recycling-machine\/wood-crusher-machine\/\">ah\u015fap par\u00e7alama makinesi<\/a><\/strong> ile yeniden i\u015flenmelidir. Asl\u0131nda, bir\u00e7ok ham madde mevcuttur. \u00d6rne\u011fin, ah\u015fap bloklar, ah\u015fap k\u0131ym\u0131klar\u0131, at\u0131k ah\u015fap, at\u0131k paletler vb. Ayr\u0131ca, palet bloklar\u0131n\u0131n \u00fcretiminin, ham maddelere \u00fcre-bir formaldehit re\u00e7inesi gibi yap\u0131\u015ft\u0131r\u0131c\u0131 eklemeyi gerektirdi\u011fi belirtilmelidir.<\/p>    <figure class=\"wp-block-image aligncenter size-full\"><img loading=\"lazy\" decoding=\"async\" width=\"720\" height=\"540\" src=\"https:\/\/charcoalplant.com\/wp-content\/uploads\/2022\/02\/raw-materials-of-pallet-feet-block-machine-.jpg\" alt=\"\" class=\"wp-image-2347\"\/><\/figure>    <h2 class=\"wp-block-heading\" id=\"application-of-wood-blocks\"><strong>Palet ah\u015fap bloklar\u0131n uygulanmas\u0131<\/strong><\/h2>    <ul class=\"wp-block-list\"> <li>Ah\u015fap palet bloklar\u0131 nakliye ve lojistik sekt\u00f6r\u00fcnde mallar\u0131 desteklemek ve ta\u015f\u0131mak i\u00e7in yayg\u0131n olarak kullan\u0131lmaktad\u0131r.<\/li>    <li>Ayr\u0131ca in\u015faat ve imalat end\u00fcstrilerinde makineleri desteklemek veya ge\u00e7ici bir yap\u0131n\u0131n temelini olu\u015fturmak gibi \u00e7e\u015fitli ama\u00e7larla da kullan\u0131l\u0131rlar.<\/li> <\/ul>    <figure class=\"wp-block-gallery has-nested-images columns-default is-cropped wp-block-gallery-3 is-layout-flex wp-block-gallery-is-layout-flex\"> <figure class=\"wp-block-image size-large\"><img loading=\"lazy\" decoding=\"async\" width=\"720\" height=\"540\" data-id=\"2356\" src=\"https:\/\/charcoalplant.com\/wp-content\/uploads\/2022\/02\/wood-block-1.jpg\" alt=\"\" class=\"wp-image-2356\"\/><\/figure>    <figure class=\"wp-block-image size-large\"><img loading=\"lazy\" decoding=\"async\" width=\"720\" height=\"540\" data-id=\"2355\" src=\"https:\/\/charcoalplant.com\/wp-content\/uploads\/2022\/02\/wood-pallet.jpg\" alt=\"\" class=\"wp-image-2355\"\/><\/figure> <\/figure>    <h2 class=\"wp-block-heading\" id=\"workflow-of-wood-pallet-block-making-machine\"><strong>Ah\u015fap palet blok yapma makinesinin i\u015f ak\u0131\u015f\u0131<\/strong><\/h2>    <div class=\"wp-block-columns has-background is-layout-flex wp-container-core-columns-is-layout-28f84493 wp-block-columns-is-layout-flex\" style=\"background-color:#f1f1f1\"> <div class=\"wp-block-column is-vertically-aligned-center is-layout-flow wp-block-column-is-layout-flow\" style=\"flex-basis:33.33%\"> <p class=\"has-text-align-left translation-block\"><strong>\u00d6ncelikle, ham maddelerin i\u015flenmesi.<\/strong><\/p>    <p class=\"has-text-align-left\">Hammaddelerin \u00fcre-formaldehit re\u00e7inesi ile bir tutkal kar\u0131\u015ft\u0131r\u0131c\u0131s\u0131 kullan\u0131larak iyice kar\u0131\u015ft\u0131r\u0131lmas\u0131 gerekir.<\/p> <\/div>    <div class=\"wp-block-column is-layout-flow wp-block-column-is-layout-flow\" style=\"flex-basis:66.66%\"> <figure class=\"wp-block-gallery has-nested-images columns-default is-cropped wp-block-gallery-4 is-layout-flex wp-block-gallery-is-layout-flex\"> <figure class=\"wp-block-image size-full\"><img loading=\"lazy\" decoding=\"async\" width=\"720\" height=\"540\" data-id=\"2352\" src=\"https:\/\/charcoalplant.com\/wp-content\/uploads\/2022\/02\/glue-mixer-2.jpg\" alt=\"\" class=\"wp-image-2352\"\/><\/figure> <\/figure> <\/div> <\/div>    <div class=\"wp-block-columns has-background is-layout-flex wp-container-core-columns-is-layout-28f84493 wp-block-columns-is-layout-flex\" style=\"background-color:#f1f1f1\"> <div class=\"wp-block-column is-layout-flow wp-block-column-is-layout-flow\" style=\"flex-basis:66.66%\"> <figure class=\"wp-block-gallery has-nested-images columns-default is-cropped wp-block-gallery-5 is-layout-flex wp-block-gallery-is-layout-flex\"> <figure class=\"wp-block-image size-large\"><img loading=\"lazy\" decoding=\"async\" width=\"720\" height=\"540\" data-id=\"2350\" src=\"https:\/\/charcoalplant.com\/wp-content\/uploads\/2022\/02\/feed.jpg\" alt=\"\" class=\"wp-image-2350\"\/><\/figure> <\/figure> <\/div>    <div class=\"wp-block-column is-vertically-aligned-center is-layout-flow wp-block-column-is-layout-flow\" style=\"flex-basis:33.33%\"> <p class=\"translation-block\"><strong>\u0130kincisi, besleme. <\/strong><\/p>    <p>Kar\u0131\u015f\u0131k hammaddeler ah\u015fap blok makinesinin besleme portundan beslenebilir. Ayr\u0131ca makinenin besleme portu kar\u0131\u015ft\u0131rma ve kesme tasar\u0131m\u0131na sahiptir. Bu nedenle m\u00fc\u015fterilerin malzeme t\u0131kanmas\u0131 sorunu konusunda endi\u015felenmelerine gerek yoktur.<\/p> <\/div> <\/div>    <div class=\"wp-block-columns has-background is-layout-flex wp-container-core-columns-is-layout-28f84493 wp-block-columns-is-layout-flex\" style=\"background-color:#f1f1f1\"> <div class=\"wp-block-column is-vertically-aligned-center is-layout-flow wp-block-column-is-layout-flow\" style=\"flex-basis:33.33%\"> <p class=\"translation-block\"><strong>\u00dc\u00e7\u00fcnc\u00fcs\u00fc, bo\u015faltma. <\/strong><\/p>    <p>Tala\u015flar, ah\u015fap palet blok makinesinin hidrolik silindirinin y\u00fcksek bas\u0131nc\u0131ndan ve \u0131s\u0131tma halkas\u0131n\u0131n y\u00fcksek s\u0131cakl\u0131\u011f\u0131ndan ge\u00e7tikten sonra \u015fekillendirilmeye ve ekstr\u00fcde edilmeye zorlan\u0131r.<\/p> <\/div>    <div class=\"wp-block-column is-layout-flow wp-block-column-is-layout-flow\" style=\"flex-basis:66.66%\"> <figure class=\"wp-block-gallery has-nested-images columns-default is-cropped wp-block-gallery-6 is-layout-flex wp-block-gallery-is-layout-flex\"> <figure class=\"wp-block-image size-large\"><img loading=\"lazy\" decoding=\"async\" width=\"720\" height=\"540\" data-id=\"2330\" src=\"https:\/\/charcoalplant.com\/wp-content\/uploads\/2022\/02\/double-head-pallet-block-machine-1.jpg\" alt=\"\u00e7ift \u200b\u200bkafal\u0131 palet blok makinesi\" class=\"wp-image-2330\"\/><figcaption class=\"wp-element-caption\">\u00e7ift \u200b\u200bkafal\u0131 palet blok makinesi<\/figcaption><\/figure> <\/figure> <\/div> <\/div>    <div class=\"wp-block-columns has-background is-layout-flex wp-container-core-columns-is-layout-28f84493 wp-block-columns-is-layout-flex\" style=\"background-color:#f1f1f1\"> <div class=\"wp-block-column is-layout-flow wp-block-column-is-layout-flow\" style=\"flex-basis:66.66%\"> <figure class=\"wp-block-gallery has-nested-images columns-default is-cropped wp-block-gallery-7 is-layout-flex wp-block-gallery-is-layout-flex\"> <figure class=\"wp-block-image size-large\"><img loading=\"lazy\" decoding=\"async\" width=\"720\" height=\"540\" data-id=\"2351\" src=\"https:\/\/charcoalplant.com\/wp-content\/uploads\/2022\/02\/sawdust-blocks.jpg\" alt=\"\" class=\"wp-image-2351\"\/><\/figure> <\/figure> <\/div>    <div class=\"wp-block-column is-vertically-aligned-center is-layout-flow wp-block-column-is-layout-flow\" style=\"flex-basis:33.33%\"> <p class=\"translation-block\"><strong>D\u00f6rd\u00fcnc\u00fcs\u00fc, ah\u015fap blok kesimi.<\/strong><\/p>    <p>Tahliye a\u011fz\u0131nda bir testereyle e\u015fit uzunluklarda kesilmi\u015f uzun tahta bloklar olu\u015fturdular.<\/p> <\/div> <\/div>    <h2 class=\"wp-block-heading\" id=\"parameters-of-wood-pallet-block-machine\"><strong>Ah\u015fap palet blok yapma makinesinin parametreleri<\/strong><\/h2>    <p>Tala\u015f blok yapma makinemiz hem g\u00f6zeneksiz hem de delikli ah\u015fap bloklar \u00fcretir. Makinenin bo\u015faltma a\u00e7\u0131kl\u0131klar\u0131n\u0131n say\u0131s\u0131 ve \u00f6zellikleri \u00f6zelle\u015ftirilebilir.<\/p>    <figure class=\"wp-block-table is-style-stripes\"><table><tbody><tr><td>Modeli<\/td><td>SL-WB100<\/td><\/tr><tr><td>Toplam g\u00fc\u00e7<\/td><td>15kw<\/td><\/tr><tr><td>Kapasite<\/td><td>4-5 m3\/24 saat<\/td><\/tr><tr><td>Blok yo\u011funlu\u011fu<\/td><td>550-600kg\/m3<\/td><\/tr><tr><td>Boyut<\/td><td>4800*760*1300mm<\/td><\/tr><tr><td>A\u011f\u0131rl\u0131k<\/td><td>1200kg<\/td><\/tr><\/tbody><\/table><\/figure>    <figure class=\"wp-block-image aligncenter size-full\"><img loading=\"lazy\" decoding=\"async\" width=\"720\" height=\"540\" src=\"https:\/\/charcoalplant.com\/wp-content\/uploads\/2022\/02\/Three-head-wood-pallet-block-machine.jpg\" alt=\"\u00dc\u00e7 kafal\u0131 ah\u015fap palet blok makinesi\" class=\"wp-image-2328\"\/><figcaption class=\"wp-element-caption\">\u00dc\u00e7 kafal\u0131 ah\u015fap palet blok makinesi<\/figcaption><\/figure>    <h2 class=\"wp-block-heading\" id=\"video-of-wood-pallet-block-machine\"><strong>Ah\u015fap palet blok yapma makinesinin videosu<\/strong><\/h2>    <p>Ah\u015fap palet blok yapma makinesi yurt d\u0131\u015f\u0131nda yayg\u0131n olarak kullan\u0131lmaktad\u0131r. Ah\u015fap blok kalitesini ve kesim rahatl\u0131\u011f\u0131n\u0131 a\u015fa\u011f\u0131daki videoda g\u00f6rebilirsiniz. Son olarak videolar\u0131m\u0131z\u0131 be\u011fenece\u011finizi umuyoruz. Tala\u015f palet blok yapma makinas\u0131 fiyat\u0131n\u0131 \u00f6\u011frenmek i\u00e7in bizimle ileti\u015fime ge\u00e7ebilirsiniz.<\/p>    <figure class=\"wp-block-embed is-type-video is-provider-youtube wp-block-embed-youtube wp-embed-aspect-16-9 wp-has-aspect-ratio\"><div class=\"wp-block-embed__wrapper\"> <iframe loading=\"lazy\" title=\"Otomatik Ah\u015fap Palet Blok Yapma Makinesi | Tala\u015f Blok Kesme Ekipman\u0131#paletblock#t\u0131ra\u015f blo\u011fu\" width=\"500\" height=\"281\" src=\"https:\/\/www.youtube.com\/embed\/RqVTaF_3GCw?feature=oembed\" frameborder=\"0\" allow=\"accelerometer; autoplay; clipboard-write; encrypted-media; gyroscope; picture-in-picture; web-share\" referrerpolicy=\"strict-origin-when-cross-origin\" allowfullscreen><\/iframe> <\/div><\/figure>    <h2 class=\"wp-block-heading\" id=\"sawdust-blocks-extruder-machine-for-sale\"><strong>Tala\u015f blok yapma makinesi <\/strong>Malezya'ya g\u00f6nderildi<\/h2>    <figure class=\"wp-block-gallery has-nested-images columns-default is-cropped wp-block-gallery-8 is-layout-flex wp-block-gallery-is-layout-flex\"> <figure class=\"wp-block-image size-large\"><img loading=\"lazy\" decoding=\"async\" width=\"720\" height=\"540\" data-id=\"2331\" src=\"https:\/\/charcoalplant.com\/wp-content\/uploads\/2022\/02\/shippment.jpg\" alt=\"sevkiyat\" class=\"wp-image-2331\"\/><figcaption class=\"wp-element-caption\">sevkiyat<\/figcaption><\/figure>    <figure class=\"wp-block-image size-large\"><img loading=\"lazy\" decoding=\"async\" width=\"720\" height=\"540\" data-id=\"2332\" src=\"https:\/\/charcoalplant.com\/wp-content\/uploads\/2022\/02\/Wood-pallet-block-machine-shippment.jpg\" alt=\"Ah\u015fap-palet-blok-makine-sevkiyat\" class=\"wp-image-2332\"\/><figcaption class=\"wp-element-caption\">Ah\u015fap-palet-blok-makine-sevkiyat<\/figcaption><\/figure> <\/figure>    <p>Fabrikam\u0131z taraf\u0131ndan \u00fcretilen ah\u015fap palet blok yapma makinesi piyasada \u00e7ok satan bir \u00fcr\u00fcnd\u00fcr. Yak\u0131n zamanda Malezya'daki bir ah\u015fap palet fabrikas\u0131ndan bir talep ald\u0131k. Ve birlikte \u00e7al\u0131\u015fmaktan mutluluk duyuyoruz. M\u00fc\u015fterilerimize birden fazla \u00e7ok kafal\u0131 ah\u015fap blok makinesi satt\u0131k. Ve m\u00fc\u015fterilerimize b\u00fcy\u00fck bir indirim yapt\u0131k.<\/p>    <h2 class=\"wp-block-heading\">Ah\u015fap Palet Blok Yapma Makinesi Nas\u0131l \u00c7al\u0131\u015f\u0131r? <\/h2>    <ul class=\"wp-block-list\"> <li>Makine bir \u00e7er\u00e7eve, bir kal\u0131p ve bir hidrolik sistemden olu\u015fur.<\/li>    <li>Makineyi kullanmak i\u00e7in kal\u0131ba tala\u015f veya tala\u015f beslenir.<\/li>    <li>Malzemeye bas\u0131n\u00e7 uygulamak ve onu bir blok halinde s\u0131k\u0131\u015ft\u0131rmak i\u00e7in hidrolik sistem etkinle\u015ftirilir.<\/li>    <li>Daha sonra blok kal\u0131ptan \u00e7\u0131kar\u0131l\u0131r ve kullan\u0131ma haz\u0131r hale gelir.<\/li> <\/ul>    <h2 class=\"wp-block-heading\">Ah\u015fap Blok Yapma Makinesi Kullanman\u0131n Avantajlar\u0131<\/h2>    <ul class=\"wp-block-list\"> <li><strong>Yeterlik:<\/strong> Makinenin k\u0131sa s\u00fcrede \u00e7ok say\u0131da blok \u00fcretebilmesi, manuel \u00fcretim y\u00f6ntemlerine g\u00f6re daha verimli olmas\u0131n\u0131 sa\u011flar.<\/li>    <li><strong>Kalite:<\/strong> Makine taraf\u0131ndan \u00fcretilen bloklar\u0131n boyutu ve \u015fekli daha d\u00fczg\u00fcn oldu\u011fundan daha kaliteli bir \u00fcr\u00fcn elde edilir.<\/li>    <li><strong>Maliyet:<\/strong> Ah\u015fap palet blok yapma makinesi kullanmak, \u00f6nceden haz\u0131rlanm\u0131\u015f bloklar sat\u0131n almaktan veya bunlar\u0131 manuel olarak yapmaktan daha uygun maliyetli olabilir.<\/li> <\/ul>    <h2 class=\"wp-block-heading\">\u00c7\u00f6z\u00fcm <\/h2>    <p class=\"translation-block\">Bir ah\u015fap palet blok \u00fcretim makinesi, y\u00fcksek kaliteli palet bloklar\u0131n\u0131 verimli ve maliyet etkin bir \u015fekilde \u00fcretmek i\u00e7in de\u011ferli bir ara\u00e7t\u0131r. Farkl\u0131 end\u00fcstrilerde geni\u015f bir uygulama yelpazesine sahiptir ve herhangi bir i\u015fletme i\u00e7in de\u011ferli bir varl\u0131k haline getirir. <a href=\"https:\/\/charcoalplant.com\/tr\/\">Shuliy group<\/a> eksiksiz bir <a href=\"https:\/\/charcoalplant.com\/tr\/wood-pallet-blocks-production-line\/\">ah\u015fap palet blok \u00fcretim hatt\u0131<\/a>, ayn\u0131 zamanda at\u0131k kaplama blok \u00fcretim hatt\u0131 olarak da bilinir. Bunun hammadde \u00e7e\u015fitleri aras\u0131nda a\u011fa\u00e7, bambu, tala\u015f, t\u0131ra\u015f vb. bulunabilir. Ve esas olarak <a href=\"https:\/\/charcoalplant.com\/tr\/product\/wood-crusher-machine\/\">ah\u015fap k\u0131r\u0131c\u0131 makine<\/a>, <a href=\"https:\/\/charcoalplant.com\/tr\/product\/rice-husk-dryer\/\">tala\u015f kurutma makinesi<\/a>, yap\u0131\u015ft\u0131r\u0131c\u0131 kar\u0131\u015ft\u0131r\u0131c\u0131 ve bir ah\u015fap blok yapma makinesinden olu\u015fur. Blok palet \u00fcretimi i\u015fine ba\u015flamak isterseniz, uzmanlar\u0131m\u0131zla profesyonel rehberlik i\u00e7in ileti\u015fime ge\u00e7mekten \u00e7ekinmeyin. <\/p>","protected":false},"excerpt":{"rendered":"<p>Ah\u015fap palet blok makinesi, y\u00fck ta\u015f\u0131yan ayaklar \u00fcretmeye y\u00f6nelik bir cihazd\u0131r. Paketleme ve lojistik (nakliye) sekt\u00f6rlerinde kullan\u0131labilir.<\/p>","protected":false},"author":1,"featured_media":2337,"parent":0,"template":"","tags":[66],"product-type":[43,3],"class_list":["post-2322","product","type-product","status-publish","has-post-thumbnail","hentry","tag-biomass-briquette-machine","product-type-biomass-briquette-machine","product-type-wood-wastes-recycling-machine"],"_links":{"self":[{"href":"https:\/\/charcoalplant.com\/tr\/wp-json\/wp\/v2\/product\/2322","targetHints":{"allow":["GET"]}}],"collection":[{"href":"https:\/\/charcoalplant.com\/tr\/wp-json\/wp\/v2\/product"}],"about":[{"href":"https:\/\/charcoalplant.com\/tr\/wp-json\/wp\/v2\/types\/product"}],"author":[{"embeddable":true,"href":"https:\/\/charcoalplant.com\/tr\/wp-json\/wp\/v2\/users\/1"}],"wp:featuredmedia":[{"embeddable":true,"href":"https:\/\/charcoalplant.com\/tr\/wp-json\/wp\/v2\/media\/2337"}],"wp:attachment":[{"href":"https:\/\/charcoalplant.com\/tr\/wp-json\/wp\/v2\/media?parent=2322"}],"wp:term":[{"taxonomy":"post_tag","embeddable":true,"href":"https:\/\/charcoalplant.com\/tr\/wp-json\/wp\/v2\/tags?post=2322"},{"taxonomy":"product-type","embeddable":true,"href":"https:\/\/charcoalplant.com\/tr\/wp-json\/wp\/v2\/product-type?post=2322"}],"curies":[{"name":"wp","href":"https:\/\/api.w.org\/{rel}","templated":true}]}}