{"id":2505,"date":"2022-02-25T10:09:19","date_gmt":"2022-02-25T10:09:19","guid":{"rendered":"https:\/\/charcoalplant.com\/?page_id=2505"},"modified":"2023-01-07T14:38:58","modified_gmt":"2023-01-07T06:38:58","slug":"wood-pallet-block-production-line","status":"publish","type":"product","link":"https:\/\/charcoalplant.com\/tr\/wood-pallet-block-production-line\/","title":{"rendered":"Ah\u015fap Palet Blok \u00dcretim Hatt\u0131"},"content":{"rendered":"<div class=\"kk-star-ratings kksr-auto kksr-align-left kksr-valign-top\"     data-payload='{&quot;align&quot;:&quot;left&quot;,&quot;id&quot;:&quot;2505&quot;,&quot;slug&quot;:&quot;default&quot;,&quot;valign&quot;:&quot;top&quot;,&quot;ignore&quot;:&quot;&quot;,&quot;reference&quot;:&quot;auto&quot;,&quot;class&quot;:&quot;&quot;,&quot;count&quot;:&quot;17&quot;,&quot;legendonly&quot;:&quot;&quot;,&quot;readonly&quot;:&quot;&quot;,&quot;score&quot;:&quot;4.7&quot;,&quot;starsonly&quot;:&quot;&quot;,&quot;best&quot;:&quot;5&quot;,&quot;gap&quot;:&quot;5&quot;,&quot;greet&quot;:&quot;Rate this product&quot;,&quot;legend&quot;:&quot;4.7\\\/5 - (17 votes)&quot;,&quot;size&quot;:&quot;24&quot;,&quot;title&quot;:&quot;Wood Pallet Block Production Line&quot;,&quot;width&quot;:&quot;133.8&quot;,&quot;_legend&quot;:&quot;{score}\\\/{best} - ({count} {votes})&quot;,&quot;font_factor&quot;:&quot;1.25&quot;}'>              <div class=\"kksr-stars\">      <div class=\"kksr-stars-inactive\">             <div class=\"kksr-star\" data-star=\"1\" style=\"padding-right: 5px\">               <div class=\"kksr-icon\" style=\"width: 24px; height: 24px;\"><\/div>         <\/div>             <div class=\"kksr-star\" data-star=\"2\" style=\"padding-right: 5px\">               <div class=\"kksr-icon\" style=\"width: 24px; height: 24px;\"><\/div>         <\/div>             <div class=\"kksr-star\" data-star=\"3\" style=\"padding-right: 5px\">               <div class=\"kksr-icon\" style=\"width: 24px; height: 24px;\"><\/div>         <\/div>             <div class=\"kksr-star\" data-star=\"4\" style=\"padding-right: 5px\">               <div class=\"kksr-icon\" style=\"width: 24px; height: 24px;\"><\/div>         <\/div>             <div class=\"kksr-star\" data-star=\"5\" style=\"padding-right: 5px\">               <div class=\"kksr-icon\" style=\"width: 24px; height: 24px;\"><\/div>         <\/div>     <\/div>      <div class=\"kksr-stars-active\" style=\"width: 133.8px;\">             <div class=\"kksr-star\" style=\"padding-right: 5px\">               <div class=\"kksr-icon\" style=\"width: 24px; height: 24px;\"><\/div>         <\/div>             <div class=\"kksr-star\" style=\"padding-right: 5px\">               <div class=\"kksr-icon\" style=\"width: 24px; height: 24px;\"><\/div>         <\/div>             <div class=\"kksr-star\" style=\"padding-right: 5px\">               <div class=\"kksr-icon\" style=\"width: 24px; height: 24px;\"><\/div>         <\/div>             <div class=\"kksr-star\" style=\"padding-right: 5px\">               <div class=\"kksr-icon\" style=\"width: 24px; height: 24px;\"><\/div>         <\/div>             <div class=\"kksr-star\" style=\"padding-right: 5px\">               <div class=\"kksr-icon\" style=\"width: 24px; height: 24px;\"><\/div>         <\/div>     <\/div> <\/div>                   <div class=\"kksr-legend\" style=\"font-size: 19.2px;\">             4.7\/5 - (17 oy)    <\/div>     <\/div>  <p class=\"translation-block\"><strong>Ah\u015fap palet blok \u00fcretim hatt\u0131<\/strong> b\u00fcy\u00fck \u00f6l\u00e7ekli ah\u015fap palet bloklar\u0131 \u00fcreten bir dizi makine ve ekipmandan olu\u015fur. \u00dcretim hatt\u0131 tipik olarak bir ah\u015fap k\u0131r\u0131c\u0131, bir kurutucu, bir kar\u0131\u015ft\u0131r\u0131c\u0131 ve bir ah\u015fap blok yap\u0131m makinesi i\u00e7erir. <strong>Ah\u015fap palet blok yap\u0131m makinesi<\/strong>, ah\u015fap palet blok \u00fcretim hatt\u0131n\u0131n ana ekipmanlar\u0131ndan biridir. \u00dcretim hatt\u0131n\u0131n hammadde kayna\u011f\u0131 esas olarak at\u0131k ah\u015fapt\u0131r. Asl\u0131nda, t\u00fcm bir \u00fcretim hatt\u0131 y\u00fcksek derecede otomatikle\u015fmi\u015ftir. Bu nedenle, t\u00fcm operasyon yaln\u0131zca 4-5 aile \u00fcyesi ile y\u00fcr\u00fct\u00fclebilir. Palet blok \u00fcretim hatt\u0131n\u0131n karl\u0131 bir proje oldu\u011fu g\u00f6r\u00fclebilir. Bu proje ilginizi \u00e7ekiyorsa, l\u00fctfen bizimle ileti\u015fime ge\u00e7in.<\/p>    <figure class=\"wp-block-image aligncenter size-full\"><img loading=\"lazy\" decoding=\"async\" width=\"720\" height=\"540\" src=\"https:\/\/charcoalplant.com\/wp-content\/uploads\/2022\/02\/Wood-Pallet-Blocks-Production-Line-1.jpg\" alt=\"ah\u015fap palet blok \u00fcretim hatt\u0131\" class=\"wp-image-2510\"\/><figcaption class=\"wp-element-caption\">ah\u015fap palet blok \u00fcretim hatt\u0131<\/figcaption><\/figure>    <h2 class=\"wp-block-heading\" id=\"h-raw-materials-for-sawdust-block-production-line\">Tala\u015f blok \u00fcretim hatt\u0131 i\u00e7in hammaddeler<\/h2>    <p>Ah\u015fap palet bloklar\u0131 esas olarak tala\u015f, tala\u015f, at\u0131k ah\u015fap, at\u0131k bambu, at\u0131k ah\u015fap paletler ve hammadde olarak di\u011fer malzemelerden yap\u0131l\u0131r. Bu nedenle ah\u015fap palet bloklar\u0131 \u00fcretim hatt\u0131 d\u00fc\u015f\u00fck yat\u0131r\u0131m \u00f6zelliklerine sahiptir. Sadece hammadde molek\u00fclleri aras\u0131ndaki viskozite daha g\u00fc\u00e7l\u00fcd\u00fcr. Tala\u015f bloklar\u0131 iyi bir y\u00fck ta\u015f\u0131ma rol\u00fc oynayabilir. Bu nedenle hammaddelerin belirli oranda tutkalla kar\u0131\u015ft\u0131r\u0131lmas\u0131 gerekir.<\/p>    <figure class=\"wp-block-gallery has-nested-images columns-default is-cropped wp-block-gallery-2 is-layout-flex wp-block-gallery-is-layout-flex\"> <figure class=\"wp-block-image size-large\"><img loading=\"lazy\" decoding=\"async\" width=\"720\" height=\"540\" data-id=\"2528\" src=\"https:\/\/charcoalplant.com\/wp-content\/uploads\/2022\/02\/sawdust-3.jpg\" alt=\"tala\u015f\" class=\"wp-image-2528\"\/><figcaption class=\"wp-element-caption\">tala\u015f<\/figcaption><\/figure>    <figure class=\"wp-block-image size-large\"><img loading=\"lazy\" decoding=\"async\" width=\"720\" height=\"540\" data-id=\"2529\" src=\"https:\/\/charcoalplant.com\/wp-content\/uploads\/2022\/02\/wood-shavings-1.jpg\" alt=\"tala\u015f\" class=\"wp-image-2529\"\/><figcaption class=\"wp-element-caption\">tala\u015f<\/figcaption><\/figure> <\/figure>    <h2 class=\"wp-block-heading\">Ah\u015fap palet blok \u00fcretim hatt\u0131n\u0131n yap\u0131s\u0131<\/h2>    <p><br>Ah\u015fap palet blok \u00fcretim hatt\u0131, ah\u015fap k\u0131r\u0131c\u0131, tala\u015f kurutucu, tutkal kar\u0131\u015ft\u0131r\u0131c\u0131, ah\u015fap blok yapma makinesi ve otomatik kesme makinesinden olu\u015fur. (Sadece referans ama\u00e7l\u0131d\u0131r, spesifik yap\u0131n\u0131n hammaddelere g\u00f6re belirlenmesi gerekir). A\u015fa\u011f\u0131da bu cihazlar\u0131 tek tek tan\u0131taca\u011f\u0131m.<\/p>    <div class=\"wp-block-columns has-background is-layout-flex wp-container-core-columns-is-layout-28f84493 wp-block-columns-is-layout-flex\" style=\"background-color:#f1f1f1\"> <div class=\"wp-block-column is-vertically-aligned-center is-layout-flow wp-block-column-is-layout-flow\" style=\"flex-basis:33.33%\"> <p class=\"translation-block\"><strong>Ah\u015fap k\u0131r\u0131c\u0131<\/strong><\/p>    <p class=\"translation-block\">M\u00fc\u015fterinin hammaddesi blok ah\u015fap ise, hammaddeyi 6-8 mm b\u00fcy\u00fckl\u00fc\u011fe kadar \u00f6\u011f\u00fctmek i\u00e7in <strong><a href=\"https:\/\/charcoalplant.com\/tr\/wood-wastes-recycling-machine\/wood-crusher-machine\/\">ah\u015fap \u00f6\u011f\u00fct\u00fcc\u00fcs\u00fc<\/a><\/strong> veya <strong>ah\u015fap taraklama makinesi<\/strong> kullanman\u0131z gerekir. \u00c7\u00fcnk\u00fc bu boyuttaki ah\u015fap par\u00e7ac\u0131klar\u0131 \u015fekillendirme i\u00e7in kolayd\u0131r. Ya da hammaddelerin boyutuna uyan tala\u015f veya taraklar\u0131 do\u011frudan kullanabilirsiniz.<\/p> <\/div>    <div class=\"wp-block-column is-layout-flow wp-block-column-is-layout-flow\" style=\"flex-basis:66.66%\"> <figure class=\"wp-block-gallery has-nested-images columns-default is-cropped wp-block-gallery-3 is-layout-flex wp-block-gallery-is-layout-flex\"> <figure class=\"wp-block-image size-large\"><img loading=\"lazy\" decoding=\"async\" width=\"720\" height=\"540\" data-id=\"1898\" src=\"https:\/\/charcoalplant.com\/wp-content\/uploads\/2022\/01\/electric-wood-crushing-machine-for-sale.jpg\" alt=\"sat\u0131l\u0131k elektrikli a\u011fa\u00e7 k\u0131rma makinesi\" class=\"wp-image-1898\" srcset=\"https:\/\/charcoalplant.com\/wp-content\/uploads\/2022\/01\/electric-wood-crushing-machine-for-sale.jpg 720w, https:\/\/charcoalplant.com\/wp-content\/uploads\/2022\/01\/electric-wood-crushing-machine-for-sale-300x225.jpg 300w\" sizes=\"auto, (max-width: 720px) 100vw, 720px\" \/><figcaption class=\"wp-element-caption\">sat\u0131l\u0131k elektrikli a\u011fa\u00e7 k\u0131rma makinesi<\/figcaption><\/figure> <\/figure> <\/div> <\/div>    <div class=\"wp-block-columns has-background is-layout-flex wp-container-core-columns-is-layout-28f84493 wp-block-columns-is-layout-flex\" style=\"background-color:#f1f1f1\"> <div class=\"wp-block-column is-layout-flow wp-block-column-is-layout-flow\" style=\"flex-basis:66.66%\"> <figure class=\"wp-block-gallery has-nested-images columns-default is-cropped wp-block-gallery-4 is-layout-flex wp-block-gallery-is-layout-flex\"> <figure class=\"wp-block-image size-large\"><img loading=\"lazy\" decoding=\"async\" width=\"720\" height=\"540\" data-id=\"968\" src=\"https:\/\/charcoalplant.com\/wp-content\/uploads\/2021\/11\/Roller-1.jpg\" alt=\"Rulo\" class=\"wp-image-968\" srcset=\"https:\/\/charcoalplant.com\/wp-content\/uploads\/2021\/11\/Roller-1.jpg 720w, https:\/\/charcoalplant.com\/wp-content\/uploads\/2021\/11\/Roller-1-300x225.jpg 300w\" sizes=\"auto, (max-width: 720px) 100vw, 720px\" \/><figcaption class=\"wp-element-caption\">Rulo<\/figcaption><\/figure> <\/figure> <\/div>    <div class=\"wp-block-column is-vertically-aligned-center is-layout-flow wp-block-column-is-layout-flow\" style=\"flex-basis:33.33%\"> <p class=\"translation-block\"><strong>Tala\u015f kurutucu<\/strong><\/p>    <p class=\"translation-block\">Tala\u015f veya taraklar\u0131n nemi 'nin alt\u0131nda tutulmal\u0131d\u0131r. Bu nedenle hammadde nemi 'nin \u00fczerinde ise m\u00fc\u015fteri <strong><a href=\"https:\/\/charcoalplant.com\/tr\/drying-machine\/rice-husk-dryer\/\">tala\u015f kurutucusu<\/a><\/strong> kullanmal\u0131 ve hammaddeleri kurutmal\u0131d\u0131r. (Kurutucular\u0131n say\u0131s\u0131 hammaddelerin nemine g\u00f6re belirlenir ve gerekti\u011finde art\u0131r\u0131labilir)<\/p> <\/div> <\/div>    <div class=\"wp-block-columns has-background is-layout-flex wp-container-core-columns-is-layout-28f84493 wp-block-columns-is-layout-flex\" style=\"background-color:#f1f1f1\"> <div class=\"wp-block-column is-vertically-aligned-center is-layout-flow wp-block-column-is-layout-flow\" style=\"flex-basis:33.33%\"> <p class=\"translation-block\"><strong>Yap\u0131\u015ft\u0131r\u0131c\u0131 kar\u0131\u015ft\u0131r\u0131c\u0131<\/strong><\/p>    <p>Hammaddeleri tutkal kar\u0131\u015ft\u0131rma makinesine koyun ve belirli bir oranda tutkal ile ekipman arac\u0131l\u0131\u011f\u0131yla s\u00fcrekli olarak kar\u0131\u015ft\u0131r\u0131n. 15-20 dakika sonra kar\u0131\u015ft\u0131rma tamamlan\u0131r ve malzeme tutkal mikserinin taban\u0131ndan bo\u015falt\u0131l\u0131r.<\/p> <\/div>    <div class=\"wp-block-column is-layout-flow wp-block-column-is-layout-flow\" style=\"flex-basis:66.66%\"> <figure class=\"wp-block-gallery has-nested-images columns-default is-cropped wp-block-gallery-5 is-layout-flex wp-block-gallery-is-layout-flex\"> <figure class=\"wp-block-image size-full\"><img loading=\"lazy\" decoding=\"async\" width=\"720\" height=\"540\" data-id=\"2349\" src=\"https:\/\/charcoalplant.com\/wp-content\/uploads\/2022\/02\/glue-mixer-1.jpg\" alt=\"tutkal kar\u0131\u015ft\u0131r\u0131c\u0131\" class=\"wp-image-2349\"\/><figcaption class=\"wp-element-caption\">tutkal kar\u0131\u015ft\u0131r\u0131c\u0131<\/figcaption><\/figure> <\/figure> <\/div> <\/div>    <div class=\"wp-block-columns has-background is-layout-flex wp-container-core-columns-is-layout-28f84493 wp-block-columns-is-layout-flex\" style=\"background-color:#f1f1f1\"> <div class=\"wp-block-column is-layout-flow wp-block-column-is-layout-flow\" style=\"flex-basis:66.66%\"> <figure class=\"wp-block-gallery has-nested-images columns-default is-cropped wp-block-gallery-6 is-layout-flex wp-block-gallery-is-layout-flex\"> <figure class=\"wp-block-image size-large\"><img loading=\"lazy\" decoding=\"async\" width=\"720\" height=\"540\" data-id=\"2325\" src=\"https:\/\/charcoalplant.com\/wp-content\/uploads\/2022\/02\/wood-block-machine-plant.jpg\" alt=\"ah\u015fap-blok-makine-fabrikas\u0131\" class=\"wp-image-2325\"\/><figcaption class=\"wp-element-caption\">ah\u015fap-blok-makine-fabrikas\u0131<\/figcaption><\/figure> <\/figure> <\/div>    <div class=\"wp-block-column is-vertically-aligned-center is-layout-flow wp-block-column-is-layout-flow\" style=\"flex-basis:33.33%\"> <p><strong><a href=\"https:\/\/charcoalplant.com\/tr\/product\/wood-pallet-block-making-machine\/\">Ah\u015fap blok yapma makinesi<\/a><\/strong><\/p>    <p>\u0130\u015flenen hammaddeler, ah\u015fap palet bloklar\u0131 olu\u015fturmak \u00fczere bir tahta blok makinesi taraf\u0131ndan s\u0131cak preslenir. Genel olarak bir \u00fcretim hatt\u0131 d\u00f6rt adet \u0131s\u0131 presi ile donat\u0131lm\u0131\u015ft\u0131r. Bu nedenle m\u00fc\u015fteriler \u00fcretim hatt\u0131nda birden fazla ah\u015fap blok yapma makinesi se\u00e7ebilir.<\/p> <\/div> <\/div>    <h2 class=\"wp-block-heading\">S\u0131k\u0131\u015ft\u0131r\u0131lm\u0131\u015f blok kesme makinas\u0131 \u00e7e\u015fitleri<\/h2>    <p class=\"translation-block\"><strong>tek b\u0131\u00e7akl\u0131 testere i\u00e7in ah\u015fap palet bloklar<\/strong><br>Bu tip testere genellikle tarak blok makinelerinin bo\u015faltma \u00e7\u0131k\u0131\u015f\u0131nda bulunur. Ayr\u0131ca manuel ve otomatik olanlar\u0131 da vard\u0131r. Ana i\u015flevi, ekstr\u00fcde edilmi\u015f tala\u015f bloklar\u0131n\u0131 sat\u0131\u015f veya istif i\u00e7in e\u015fit uzunluklarda kesmektir. Dahas\u0131, fabrikam\u0131z m\u00fc\u015fterilere \u00e7e\u015fitli tala\u015f blok kesim makineleriyle donatabilir.<\/p>    <figure class=\"wp-block-gallery has-nested-images columns-default is-cropped wp-block-gallery-7 is-layout-flex wp-block-gallery-is-layout-flex\"> <figure class=\"wp-block-image size-large\"><img loading=\"lazy\" decoding=\"async\" width=\"720\" height=\"540\" data-id=\"2520\" src=\"https:\/\/charcoalplant.com\/wp-content\/uploads\/2022\/02\/sigle-blade-saw-1.jpg\" alt=\"tek b\u0131\u00e7akl\u0131 testere\" class=\"wp-image-2520\"\/><figcaption class=\"wp-element-caption\">tek b\u0131\u00e7akl\u0131 testere<\/figcaption><\/figure>    <figure class=\"wp-block-image size-large\"><img loading=\"lazy\" decoding=\"async\" width=\"720\" height=\"540\" data-id=\"2519\" src=\"https:\/\/charcoalplant.com\/wp-content\/uploads\/2022\/02\/wood-block-production-line.jpg\" alt=\"ah\u015fap blok \u00fcretim hatt\u0131\" class=\"wp-image-2519\"\/><figcaption class=\"wp-element-caption\">ah\u015fap blok \u00fcretim hatt\u0131<\/figcaption><\/figure> <\/figure>    <p class=\"translation-block\"><strong>otomatik<\/strong> <strong>\u00e7ok b\u0131\u00e7akl\u0131<\/strong> <strong>testere<\/strong> i\u00e7in ah\u015fap palet bloklar\u0131<\/p>    <p>Ah\u015fap palet blok kesici (\u00e7ok b\u0131\u00e7akl\u0131 model), par\u00e7ac\u0131k palet bloklar\u0131n\u0131, masif ah\u015fap, \u00e7ok katmanl\u0131 ah\u015fap, kontrplak kesmek i\u00e7in kullan\u0131labilir. Makine daha az toz, kararl\u0131 \u00e7al\u0131\u015fma, y\u00fcksek verimlilik ve basit \u00e7al\u0131\u015fma avantajlar\u0131na sahiptir. Bu nedenle ah\u015fap palet blok \u00fcretim hatt\u0131n\u0131n vazge\u00e7ilmez i\u015fleme ekipman\u0131d\u0131r.<\/p>    <figure class=\"wp-block-gallery has-nested-images columns-default is-cropped wp-block-gallery-8 is-layout-flex wp-block-gallery-is-layout-flex\"> <figure class=\"wp-block-image size-large\"><img loading=\"lazy\" decoding=\"async\" width=\"720\" height=\"540\" data-id=\"2521\" src=\"https:\/\/charcoalplant.com\/wp-content\/uploads\/2022\/02\/multi-blade-saw.jpg\" alt=\"\u00e7ok b\u0131\u00e7akl\u0131 testere\" class=\"wp-image-2521\"\/><figcaption class=\"wp-element-caption\">\u00e7ok b\u0131\u00e7akl\u0131 testere<\/figcaption><\/figure>    <figure class=\"wp-block-image size-large\"><img loading=\"lazy\" decoding=\"async\" width=\"720\" height=\"540\" data-id=\"2522\" src=\"https:\/\/charcoalplant.com\/wp-content\/uploads\/2022\/02\/wood-pallet-block-.jpg\" alt=\"ah\u015fap-palet-blok\" class=\"wp-image-2522\"\/><figcaption class=\"wp-element-caption\">ah\u015fap-palet-blok<\/figcaption><\/figure> <\/figure>    <h2 class=\"wp-block-heading\">Sat\u0131l\u0131k ah\u015fap palet blok \u00fcretim hatt\u0131<\/h2>    <p class=\"translation-block\"><a href=\"https:\/\/charcoalplant.com\/tr\/\">Shuliy Machinery<\/a> m\u00fc\u015fterilere ah\u015fap palet blok \u00fcretim hatt\u0131 \u00e7\u00f6z\u00fcmleri sunar. Ayr\u0131ca do\u011frudan fabrika cihaz\u0131y\u0131m. Bu nedenle \u00f6m\u00fcr boyu yedek par\u00e7a hizmeti sunuyoruz. Ah\u015fap blok makinelerinin \u00fcretiminin yan\u0131 s\u0131ra \u00e7e\u015fitli ah\u015fap i\u015fleme ekipmanlar\u0131 da \u00fcretiyoruz. K\u0131sacas\u0131, personelimizin sevkiyat ve kurulum hizmetleriyle ilgilenmi\u015f olaca\u011f\u0131ndan emin olabilirsiniz. Ayr\u0131nt\u0131lar i\u00e7in bizimle ileti\u015fime ge\u00e7mekten \u00e7ekinmeyin.<\/p>    <figure class=\"wp-block-gallery has-nested-images columns-2 is-cropped wp-block-gallery-9 is-layout-flex wp-block-gallery-is-layout-flex\"> <figure class=\"wp-block-image size-large\"><img loading=\"lazy\" decoding=\"async\" width=\"720\" height=\"540\" data-id=\"2525\" src=\"https:\/\/charcoalplant.com\/wp-content\/uploads\/2022\/02\/saw.jpg\" alt=\"testere\" class=\"wp-image-2525\"\/><figcaption class=\"wp-element-caption\">testere<\/figcaption><\/figure>    <figure class=\"wp-block-image size-large\"><img loading=\"lazy\" decoding=\"async\" width=\"720\" height=\"540\" data-id=\"2524\" src=\"https:\/\/charcoalplant.com\/wp-content\/uploads\/2022\/02\/shippment-4.jpg\" alt=\"sevkiyat\" class=\"wp-image-2524\"\/><figcaption class=\"wp-element-caption\">sevkiyat<\/figcaption><\/figure>    <figure class=\"wp-block-image size-large\"><img loading=\"lazy\" decoding=\"async\" width=\"720\" height=\"540\" data-id=\"2526\" src=\"https:\/\/charcoalplant.com\/wp-content\/uploads\/2022\/02\/wood-pallet-blocks-production-line-show.jpg\" alt=\"ah\u015fap palet blok \u00fcretim hatt\u0131 g\u00f6sterisi\" class=\"wp-image-2526\"\/><figcaption class=\"wp-element-caption\">ah\u015fap palet blok \u00fcretim hatt\u0131 g\u00f6sterisi<\/figcaption><\/figure>    <figure class=\"wp-block-image size-large\"><img loading=\"lazy\" decoding=\"async\" width=\"720\" height=\"540\" data-id=\"2527\" src=\"https:\/\/charcoalplant.com\/wp-content\/uploads\/2022\/02\/wood-pallet-blocks-plant-shipping.jpg\" alt=\"ah\u015fap palet blok tesisi nakliye\" class=\"wp-image-2527\"\/><figcaption class=\"wp-element-caption\">ah\u015fap palet blok tesisi nakliye<\/figcaption><\/figure> <\/figure>    <h2 class=\"wp-block-heading\">Tala\u015f blok g\u00f6sterisi<\/h2>    <figure class=\"wp-block-image aligncenter size-full\"><img loading=\"lazy\" decoding=\"async\" width=\"720\" height=\"540\" src=\"https:\/\/charcoalplant.com\/wp-content\/uploads\/2022\/02\/sawdust-pallet-block.jpg\" alt=\"tala\u015f-palet-blok\" class=\"wp-image-2531\"\/><figcaption class=\"wp-element-caption\">tala\u015f-palet-blok<\/figcaption><\/figure>    <h2 class=\"wp-block-heading\">\u00c7\u00f6z\u00fcm <\/h2>    <p>Tutarl\u0131 ve verimli bir \u00fcretim s\u00fcreci sa\u011flamak i\u00e7in ah\u015fap palet blok \u00fcretim hatt\u0131 otomatikle\u015ftirilmi\u015ftir. Ah\u015fap blok \u00fcretim hatt\u0131n\u0131n son \u00fcr\u00fcn\u00fc \u00e7e\u015fitli end\u00fcstrilerde kullan\u0131ma haz\u0131r ah\u015fap palet bloklard\u0131r. \u0130htiya\u00e7lar\u0131n\u0131z\u0131 kar\u015f\u0131lamak i\u00e7in m\u00fckemmel ah\u015fap blok makineleri ve rehberlik sa\u011fl\u0131yoruz. En iyi fiyat i\u00e7in bizimle ileti\u015fime ge\u00e7mekten memnuniyet duyar\u0131z.<\/p>","protected":false},"excerpt":{"rendered":"<p>Wood pallet block production line is a series of machines and equipment that are used to produce wooden pallet blocks on a large scale. The production line typically includes a wood crusher, a dryer, a mixer, and a wood block making machine. Wood pallet block making machine is one of the key pieces of equipment [&hellip;]<\/p>\n","protected":false},"author":1,"featured_media":2508,"parent":0,"template":"","tags":[64],"product-type":[53],"class_list":["post-2505","product","type-product","status-publish","has-post-thumbnail","hentry","tag-wood-wastes-recycling-machine","product-type-product-line"],"_links":{"self":[{"href":"https:\/\/charcoalplant.com\/tr\/wp-json\/wp\/v2\/product\/2505","targetHints":{"allow":["GET"]}}],"collection":[{"href":"https:\/\/charcoalplant.com\/tr\/wp-json\/wp\/v2\/product"}],"about":[{"href":"https:\/\/charcoalplant.com\/tr\/wp-json\/wp\/v2\/types\/product"}],"author":[{"embeddable":true,"href":"https:\/\/charcoalplant.com\/tr\/wp-json\/wp\/v2\/users\/1"}],"wp:featuredmedia":[{"embeddable":true,"href":"https:\/\/charcoalplant.com\/tr\/wp-json\/wp\/v2\/media\/2508"}],"wp:attachment":[{"href":"https:\/\/charcoalplant.com\/tr\/wp-json\/wp\/v2\/media?parent=2505"}],"wp:term":[{"taxonomy":"post_tag","embeddable":true,"href":"https:\/\/charcoalplant.com\/tr\/wp-json\/wp\/v2\/tags?post=2505"},{"taxonomy":"product-type","embeddable":true,"href":"https:\/\/charcoalplant.com\/tr\/wp-json\/wp\/v2\/product-type?post=2505"}],"curies":[{"name":"wp","href":"https:\/\/api.w.org\/{rel}","templated":true}]}}