{"id":2947,"date":"2022-03-21T10:40:58","date_gmt":"2022-03-21T10:40:58","guid":{"rendered":"https:\/\/charcoalplant.com\/?post_type=product&#038;p=2947"},"modified":"2023-01-16T15:21:47","modified_gmt":"2023-01-16T07:21:47","slug":"dry-lime-powder-briquetting-machine","status":"publish","type":"product","link":"https:\/\/charcoalplant.com\/tr\/product\/dry-lime-powder-briquetting-machine-iron-dust-ball-for-smelting-plant\/","title":{"rendered":"Kuru Kire\u00e7 Tozu Briket Makinas\u0131 | Eritme Tesisi i\u00e7in Demir Tozu Topu"},"content":{"rendered":"<div class=\"kk-star-ratings kksr-auto kksr-align-left kksr-valign-top\"     data-payload='{&quot;align&quot;:&quot;left&quot;,&quot;id&quot;:&quot;2947&quot;,&quot;slug&quot;:&quot;default&quot;,&quot;valign&quot;:&quot;top&quot;,&quot;ignore&quot;:&quot;&quot;,&quot;reference&quot;:&quot;auto&quot;,&quot;class&quot;:&quot;&quot;,&quot;count&quot;:&quot;5&quot;,&quot;legendonly&quot;:&quot;&quot;,&quot;readonly&quot;:&quot;&quot;,&quot;score&quot;:&quot;4.8&quot;,&quot;starsonly&quot;:&quot;&quot;,&quot;best&quot;:&quot;5&quot;,&quot;gap&quot;:&quot;5&quot;,&quot;greet&quot;:&quot;Rate this product&quot;,&quot;legend&quot;:&quot;4.8\\\/5 - (5 votes)&quot;,&quot;size&quot;:&quot;24&quot;,&quot;title&quot;:&quot;Dry Lime Powder Briquetting Machine | Iron Dust Ball for Smelting Plant&quot;,&quot;width&quot;:&quot;136.7&quot;,&quot;_legend&quot;:&quot;{score}\\\/{best} - ({count} {votes})&quot;,&quot;font_factor&quot;:&quot;1.25&quot;}'>              <div class=\"kksr-stars\">      <div class=\"kksr-stars-inactive\">             <div class=\"kksr-star\" data-star=\"1\" style=\"padding-right: 5px\">               <div class=\"kksr-icon\" style=\"width: 24px; height: 24px;\"><\/div>         <\/div>             <div class=\"kksr-star\" data-star=\"2\" style=\"padding-right: 5px\">               <div class=\"kksr-icon\" style=\"width: 24px; height: 24px;\"><\/div>         <\/div>             <div class=\"kksr-star\" data-star=\"3\" style=\"padding-right: 5px\">               <div class=\"kksr-icon\" style=\"width: 24px; height: 24px;\"><\/div>         <\/div>             <div class=\"kksr-star\" data-star=\"4\" style=\"padding-right: 5px\">               <div class=\"kksr-icon\" style=\"width: 24px; height: 24px;\"><\/div>         <\/div>             <div class=\"kksr-star\" data-star=\"5\" style=\"padding-right: 5px\">               <div class=\"kksr-icon\" style=\"width: 24px; height: 24px;\"><\/div>         <\/div>     <\/div>      <div class=\"kksr-stars-active\" style=\"width: 136.7px;\">             <div class=\"kksr-star\" style=\"padding-right: 5px\">               <div class=\"kksr-icon\" style=\"width: 24px; height: 24px;\"><\/div>         <\/div>             <div class=\"kksr-star\" style=\"padding-right: 5px\">               <div class=\"kksr-icon\" style=\"width: 24px; height: 24px;\"><\/div>         <\/div>             <div class=\"kksr-star\" style=\"padding-right: 5px\">               <div class=\"kksr-icon\" style=\"width: 24px; height: 24px;\"><\/div>         <\/div>             <div class=\"kksr-star\" style=\"padding-right: 5px\">               <div class=\"kksr-icon\" style=\"width: 24px; height: 24px;\"><\/div>         <\/div>             <div class=\"kksr-star\" style=\"padding-right: 5px\">               <div class=\"kksr-icon\" style=\"width: 24px; height: 24px;\"><\/div>         <\/div>     <\/div> <\/div>                   <div class=\"kksr-legend\" style=\"font-size: 19.2px;\">             4.8\/5 - (5 oy)    <\/div>     <\/div>  <p class=\"translation-block\"><strong>Kuru toz briketleme makinesi<\/strong> gran\u00fcler toz malzemelerini farkl\u0131 \u015fekillerde briketlere s\u0131k\u0131\u015ft\u0131rabilir. \u00d6rne\u011fin, silindirik, oval, k\u00fcresel, kare vb. Ve <strong><a href=\"https:\/\/charcoalplant.com\/tr\/product\/charcoal-ball-press-machine\/\">s\u0131radan k\u00f6m\u00fcr tozu \u015fekillendirme makinesi<\/a><\/strong>nden farkl\u0131 olarak y\u00fcksek bas\u0131n\u00e7 ve iyi bir \u015fekillendirme etkisine sahiptir. Bu nedenle, \u015fekil almas\u0131 zor toz malzemelerini s\u0131k\u0131\u015ft\u0131rmak i\u00e7in kullan\u0131lmaktad\u0131r. \u00d6rne\u011fin, k\u00f6m\u00fcr tozu; mineral tozu; des\u00fclf\u00fcrizasyon jipsi; kok tozu; demir tala\u015f\u0131 ve \u00e7e\u015fitli metal c\u00fcruf \u015fekillendirme. Ayr\u0131ca, kuru kire\u00e7 tozu briket makinelerinin kullan\u0131m\u0131 sanayi tozunu azaltabilir, hacim yo\u011funlu\u011funu kontrol edebilir ve geri kazan\u0131m ve ta\u015f\u0131may\u0131 kolayla\u015ft\u0131rabilir. Her t\u00fcrl\u00fc geri d\u00f6n\u00fc\u015f\u00fcm ekipman\u0131 yapma konusunda uzman\u0131z. \u0130lgileniyorsan\u0131z, l\u00fctfen \u015fimdi bizimle ileti\u015fime ge\u00e7in.<\/p>    <figure class=\"wp-block-image aligncenter size-full\"><img loading=\"lazy\" decoding=\"async\" width=\"720\" height=\"540\" src=\"https:\/\/charcoalplant.com\/wp-content\/uploads\/2022\/03\/dry-powder-briquettebriquetting-machine-for-sale.jpg\" alt=\"sat\u0131l\u0131k kuru toz briket briketleme makinesi\" class=\"wp-image-2949\"\/><figcaption class=\"wp-element-caption\">sat\u0131l\u0131k kuru toz briket makinesi<\/figcaption><\/figure>    <h2 class=\"wp-block-heading\" id=\"h-raw-materials-for-dry-lime-powder-briquetting-machine\"><strong>Kuru hammaddeler<\/strong><strong>\u00a0kire\u00e7<\/strong><strong>\u00a0toz briket makinesi<\/strong><\/h2>    <p>Demir tozu briketleme makinesi taraf\u0131ndan i\u015flenebilen hammadde kaynaklar\u0131 aras\u0131nda in\u015faat sahas\u0131 at\u0131k kal\u0131nt\u0131lar\u0131, izabe tesisi at\u0131k kal\u0131nt\u0131lar\u0131, kimyasal tesis at\u0131klar\u0131 vb. yer al\u0131r. \u00d6rne\u011fin, k\u00f6m\u00fcr tozu, al\u00fcminyum tozu, k\u00f6m\u00fcr gang, at\u0131k, kok tozu, demir oksit , magnezyum tala\u015flar\u0131, s\u00f6nmemi\u015f kire\u00e7 tozu, \u00e7amur, grafit, g\u00fcbre vb.<\/p>    <figure class=\"wp-block-image aligncenter size-full is-resized\"><img loading=\"lazy\" decoding=\"async\" src=\"https:\/\/charcoalplant.com\/wp-content\/uploads\/2022\/03\/dry-lime-powder-briquetting-machine-raw-material-1.png\" alt=\"kuru kire\u00e7 tozu briketleme makinesi hammaddesi\" class=\"wp-image-2951\" width=\"658\" height=\"493\"\/><figcaption class=\"wp-element-caption\">kuru kire\u00e7 tozu briketleme makinesi hammaddesi<\/figcaption><\/figure>    <h2 class=\"wp-block-heading\" id=\"h-structure-of-iron-dust-ball-press\"><strong>S<\/strong><strong>demirin yap\u0131s\u0131 <\/strong><strong>toz<\/strong><strong>&nbsp;topu bas\u0131n<\/strong><strong><\/strong><\/h2>    <div class=\"wp-block-columns has-background is-layout-flex wp-container-core-columns-is-layout-28f84493 wp-block-columns-is-layout-flex\" style=\"background-color:#f1f1f1\"> <div class=\"wp-block-column is-vertically-aligned-center is-layout-flow wp-block-column-is-layout-flow\" style=\"flex-basis:33.33%\"> <p class=\"translation-block\"><strong>Zorunlu besleme giri\u015fi<\/strong><\/p>    <p>Kuru toz kal\u0131plama makinesinin besleme portunda bir vidal\u0131 besleme cihaz\u0131 bulunur. Toz haline getirilmi\u015f hammaddelerin k\u00fc\u00e7\u00fck \u00f6zg\u00fcl a\u011f\u0131rl\u0131\u011f\u0131 nedeniyle. Bu nedenle ekipman\u0131n t\u0131kanmas\u0131n\u0131 veya d\u00fczensiz beslemeyi \u00f6nlemek i\u00e7in kar\u0131\u015ft\u0131rmak gerekir.<\/p> <\/div>    <div class=\"wp-block-column is-layout-flow wp-block-column-is-layout-flow\" style=\"flex-basis:66.66%\"> <figure class=\"wp-block-image size-full\"><img loading=\"lazy\" decoding=\"async\" width=\"720\" height=\"540\" src=\"https:\/\/charcoalplant.com\/wp-content\/uploads\/2022\/03\/sew-feeding.jpg\" alt=\"\" class=\"wp-image-2959\"\/><\/figure> <\/div> <\/div>    <div class=\"wp-block-columns has-background is-layout-flex wp-container-core-columns-is-layout-28f84493 wp-block-columns-is-layout-flex\" style=\"background-color:#f1f1f1\"> <div class=\"wp-block-column is-layout-flow wp-block-column-is-layout-flow\" style=\"flex-basis:66.66%\"> <figure class=\"wp-block-image size-full\"><img loading=\"lazy\" decoding=\"async\" width=\"720\" height=\"540\" src=\"https:\/\/charcoalplant.com\/wp-content\/uploads\/2022\/03\/mould.jpg\" alt=\"\" class=\"wp-image-2960\"\/><\/figure> <\/div>    <div class=\"wp-block-column is-vertically-aligned-center is-layout-flow wp-block-column-is-layout-flow\" style=\"flex-basis:33.33%\"> <p class=\"translation-block\"><strong>Pressure roller<\/strong><\/p>    <p>Kuru toz briketleme makinesi dar silindirlere ve k\u00fc\u00e7\u00fck bir temas alan\u0131na sahiptir. Bu nedenle kire\u00e7 ve metal tozu vb. \u00fczerindeki bas\u0131n\u00e7 daha yo\u011fun ve bas\u0131n\u00e7 daha y\u00fcksektir.<\/p> <\/div> <\/div>    <div class=\"wp-block-columns has-background is-layout-flex wp-container-core-columns-is-layout-28f84493 wp-block-columns-is-layout-flex\" style=\"background-color:#f1f1f1\"> <div class=\"wp-block-column is-vertically-aligned-center is-layout-flow wp-block-column-is-layout-flow\" style=\"flex-basis:33.33%\"> <p class=\"translation-block\"><strong>Hidrolik bas\u0131n\u00e7 cihaz\u0131<\/strong><\/p>    <p>G\u00f6revi silindirler aras\u0131ndaki bo\u015flu\u011fu kontrol etmektir. Asl\u0131nda dolayl\u0131 olarak bask\u0131lay\u0131c\u0131 g\u00f6revi de g\u00f6r\u00fcr.<\/p> <\/div>    <div class=\"wp-block-column is-layout-flow wp-block-column-is-layout-flow\" style=\"flex-basis:66.66%\"> <figure class=\"wp-block-gallery has-nested-images columns-default is-cropped wp-block-gallery-2 is-layout-flex wp-block-gallery-is-layout-flex\"> <figure class=\"wp-block-image size-large\"><img loading=\"lazy\" decoding=\"async\" width=\"720\" height=\"540\" data-id=\"2961\" src=\"https:\/\/charcoalplant.com\/wp-content\/uploads\/2022\/03\/hydraulic.jpg\" alt=\"\" class=\"wp-image-2961\"\/><\/figure> <\/figure> <\/div> <\/div>    <h2 class=\"wp-block-heading\" id=\"h-dry-powder-lime-briquetting-machine-mould\"><strong>Kuru toz kire\u00e7 briketleme makinesi kal\u0131b\u0131<\/strong><strong><\/strong><\/h2>    <p>M\u00fc\u015fteri ihtiya\u00e7lar\u0131n\u0131 kar\u015f\u0131lamak amac\u0131yla fabrikam\u0131z bilyal\u0131 pres kal\u0131plar\u0131 i\u00e7in \u00f6zelle\u015ftirilmi\u015f hizmet sunmaktad\u0131r. Silindir kaplaman\u0131n boyutu, \u015fekli, deseni, metni vb. dahil.\u00a0A\u015fa\u011f\u0131da g\u00f6sterilen \u00e7e\u015fitli silindir kaplama t\u00fcrleri vard\u0131r (referans i\u00e7in).<\/p>    <figure class=\"wp-block-gallery has-nested-images columns-2 is-cropped wp-block-gallery-3 is-layout-flex wp-block-gallery-is-layout-flex\"> <figure class=\"wp-block-image size-large\"><img loading=\"lazy\" decoding=\"async\" width=\"720\" height=\"540\" data-id=\"2964\" src=\"https:\/\/charcoalplant.com\/wp-content\/uploads\/2022\/03\/cylindrical.jpg\" alt=\"silindirik\" class=\"wp-image-2964\"\/><figcaption class=\"wp-element-caption\">silindirik<\/figcaption><\/figure>    <figure class=\"wp-block-image size-large\"><img loading=\"lazy\" decoding=\"async\" width=\"720\" height=\"540\" data-id=\"2965\" src=\"https:\/\/charcoalplant.com\/wp-content\/uploads\/2022\/03\/iron-powder-mold.jpg\" alt=\"demir tozu kal\u0131b\u0131\" class=\"wp-image-2965\"\/><figcaption class=\"wp-element-caption\">demir tozu kal\u0131b\u0131<\/figcaption><\/figure>    <figure class=\"wp-block-image size-large\"><img loading=\"lazy\" decoding=\"async\" width=\"720\" height=\"540\" data-id=\"2962\" src=\"https:\/\/charcoalplant.com\/wp-content\/uploads\/2022\/03\/mold-with-a-diameter-of-6cm.jpg\" alt=\"\u00e7ap\u0131 6cm olan kal\u0131p\" class=\"wp-image-2962\"\/><figcaption class=\"wp-element-caption\">\u00e7ap\u0131 6cm olan kal\u0131p<\/figcaption><\/figure>    <figure class=\"wp-block-image size-large\"><img loading=\"lazy\" decoding=\"async\" width=\"720\" height=\"540\" data-id=\"2963\" src=\"https:\/\/charcoalplant.com\/wp-content\/uploads\/2022\/03\/pillow-shape.jpg\" alt=\"yast\u0131k \u015feklinde\" class=\"wp-image-2963\"\/><figcaption class=\"wp-element-caption\">yast\u0131k \u015feklinde<\/figcaption><\/figure> <\/figure>    <h2 class=\"wp-block-heading\" id=\"h-iron-dust-ball-for-smelting-plant\"><strong>Eritme tesisi i\u00e7in demir tozu topu<\/strong><\/h2>    <p>Demir tozu briketleme makinesi \u00e7ok ama\u00e7l\u0131 bir makinedir. B\u00f6ylece \u00e7e\u015fitli metal tozlar\u0131n\u0131 geri kazanabilir. Zihinsel toz toplar\u0131 eritilerek mekanik par\u00e7alar veya raflar yeniden yap\u0131labilir. \u0130zabe tesisleri ayr\u0131ca end\u00fcstriyel at\u0131k metal c\u00fcrufunu yeniden i\u015flemek i\u00e7in s\u0131kl\u0131kla geri d\u00f6n\u00fc\u015ft\u00fcr\u00fcr. Bu sayede d\u00fcnyan\u0131n her y\u0131l kurtarabilece\u011fi metal kaynaklar\u0131 \u00f6l\u00e7\u00fclemez boyutlardad\u0131r.<\/p>    <figure class=\"wp-block-gallery has-nested-images columns-default is-cropped wp-block-gallery-4 is-layout-flex wp-block-gallery-is-layout-flex\"> <figure class=\"wp-block-image size-large\"><img loading=\"lazy\" decoding=\"async\" width=\"720\" height=\"540\" data-id=\"2972\" src=\"https:\/\/charcoalplant.com\/wp-content\/uploads\/2022\/03\/iron-ball-melting.jpg\" alt=\"\" class=\"wp-image-2972\"\/><\/figure>    <figure class=\"wp-block-image size-large\"><img loading=\"lazy\" decoding=\"async\" width=\"720\" height=\"540\" data-id=\"2971\" src=\"https:\/\/charcoalplant.com\/wp-content\/uploads\/2022\/03\/Foundry.jpg\" alt=\"\" class=\"wp-image-2971\"\/><\/figure> <\/figure>    <h2 class=\"wp-block-heading\">Fabrikam\u0131z<\/h2>    <figure class=\"wp-block-image aligncenter size-full\"><img loading=\"lazy\" decoding=\"async\" width=\"691\" height=\"482\" src=\"https:\/\/charcoalplant.com\/wp-content\/uploads\/2022\/03\/machine-show-1.png\" alt=\"\" class=\"wp-image-2970\"\/><\/figure>    <figure class=\"wp-block-gallery has-nested-images columns-default is-cropped wp-block-gallery-5 is-layout-flex wp-block-gallery-is-layout-flex\"> <figure class=\"wp-block-image size-full\"><img loading=\"lazy\" decoding=\"async\" width=\"720\" height=\"540\" data-id=\"2969\" src=\"https:\/\/charcoalplant.com\/wp-content\/uploads\/2022\/03\/dryer-powder-machine-plant-2.jpg\" alt=\"\" class=\"wp-image-2969\"\/><\/figure>    <figure class=\"wp-block-image size-large\"><img loading=\"lazy\" decoding=\"async\" width=\"720\" height=\"540\" data-id=\"2967\" src=\"https:\/\/charcoalplant.com\/wp-content\/uploads\/2022\/03\/iron-dust-molding-machine-for-sale.jpg\" alt=\"\" class=\"wp-image-2967\"\/><\/figure> <\/figure>","protected":false},"excerpt":{"rendered":"<p>Kuru toz briketleme makinesi, gran\u00fcler toz malzemeleri farkl\u0131 \u015fekillerde briketlere s\u0131k\u0131\u015ft\u0131rabilir. <\/p>","protected":false},"author":1,"featured_media":2949,"parent":0,"template":"","tags":[59],"product-type":[44],"class_list":["post-2947","product","type-product","status-publish","has-post-thumbnail","hentry","tag-charcoal-briquetting-machine","product-type-charcoal-briquetting-machine"],"_links":{"self":[{"href":"https:\/\/charcoalplant.com\/tr\/wp-json\/wp\/v2\/product\/2947","targetHints":{"allow":["GET"]}}],"collection":[{"href":"https:\/\/charcoalplant.com\/tr\/wp-json\/wp\/v2\/product"}],"about":[{"href":"https:\/\/charcoalplant.com\/tr\/wp-json\/wp\/v2\/types\/product"}],"author":[{"embeddable":true,"href":"https:\/\/charcoalplant.com\/tr\/wp-json\/wp\/v2\/users\/1"}],"wp:featuredmedia":[{"embeddable":true,"href":"https:\/\/charcoalplant.com\/tr\/wp-json\/wp\/v2\/media\/2949"}],"wp:attachment":[{"href":"https:\/\/charcoalplant.com\/tr\/wp-json\/wp\/v2\/media?parent=2947"}],"wp:term":[{"taxonomy":"post_tag","embeddable":true,"href":"https:\/\/charcoalplant.com\/tr\/wp-json\/wp\/v2\/tags?post=2947"},{"taxonomy":"product-type","embeddable":true,"href":"https:\/\/charcoalplant.com\/tr\/wp-json\/wp\/v2\/product-type?post=2947"}],"curies":[{"name":"wp","href":"https:\/\/api.w.org\/{rel}","templated":true}]}}