{"id":580,"date":"2021-11-20T09:56:14","date_gmt":"2021-11-20T09:56:14","guid":{"rendered":"https:\/\/charcoalplant.com\/?p=580"},"modified":"2023-01-14T15:08:17","modified_gmt":"2023-01-14T07:08:17","slug":"log-chipper","status":"publish","type":"product","link":"https:\/\/charcoalplant.com\/tr\/product\/log-chipper\/","title":{"rendered":"G\u00fcnl\u00fck Par\u00e7alay\u0131c\u0131 | Tala\u015f Kesme Makinas\u0131"},"content":{"rendered":"<div class=\"kk-star-ratings kksr-auto kksr-align-left kksr-valign-top\"     data-payload='{&quot;align&quot;:&quot;left&quot;,&quot;id&quot;:&quot;580&quot;,&quot;slug&quot;:&quot;default&quot;,&quot;valign&quot;:&quot;top&quot;,&quot;ignore&quot;:&quot;&quot;,&quot;reference&quot;:&quot;auto&quot;,&quot;class&quot;:&quot;&quot;,&quot;count&quot;:&quot;17&quot;,&quot;legendonly&quot;:&quot;&quot;,&quot;readonly&quot;:&quot;&quot;,&quot;score&quot;:&quot;4.5&quot;,&quot;starsonly&quot;:&quot;&quot;,&quot;best&quot;:&quot;5&quot;,&quot;gap&quot;:&quot;5&quot;,&quot;greet&quot;:&quot;Rate this product&quot;,&quot;legend&quot;:&quot;4.5\\\/5 - (17 votes)&quot;,&quot;size&quot;:&quot;24&quot;,&quot;title&quot;:&quot;Log Chipper | Wood Chips Cutting Machine&quot;,&quot;width&quot;:&quot;128&quot;,&quot;_legend&quot;:&quot;{score}\\\/{best} - ({count} {votes})&quot;,&quot;font_factor&quot;:&quot;1.25&quot;}'>              <div class=\"kksr-stars\">      <div class=\"kksr-stars-inactive\">             <div class=\"kksr-star\" data-star=\"1\" style=\"padding-right: 5px\">               <div class=\"kksr-icon\" style=\"width: 24px; height: 24px;\"><\/div>         <\/div>             <div class=\"kksr-star\" data-star=\"2\" style=\"padding-right: 5px\">               <div class=\"kksr-icon\" style=\"width: 24px; height: 24px;\"><\/div>         <\/div>             <div class=\"kksr-star\" data-star=\"3\" style=\"padding-right: 5px\">               <div class=\"kksr-icon\" style=\"width: 24px; height: 24px;\"><\/div>         <\/div>             <div class=\"kksr-star\" data-star=\"4\" style=\"padding-right: 5px\">               <div class=\"kksr-icon\" style=\"width: 24px; height: 24px;\"><\/div>         <\/div>             <div class=\"kksr-star\" data-star=\"5\" style=\"padding-right: 5px\">               <div class=\"kksr-icon\" style=\"width: 24px; height: 24px;\"><\/div>         <\/div>     <\/div>      <div class=\"kksr-stars-active\" style=\"width: 128px;\">             <div class=\"kksr-star\" style=\"padding-right: 5px\">               <div class=\"kksr-icon\" style=\"width: 24px; height: 24px;\"><\/div>         <\/div>             <div class=\"kksr-star\" style=\"padding-right: 5px\">               <div class=\"kksr-icon\" style=\"width: 24px; height: 24px;\"><\/div>         <\/div>             <div class=\"kksr-star\" style=\"padding-right: 5px\">               <div class=\"kksr-icon\" style=\"width: 24px; height: 24px;\"><\/div>         <\/div>             <div class=\"kksr-star\" style=\"padding-right: 5px\">               <div class=\"kksr-icon\" style=\"width: 24px; height: 24px;\"><\/div>         <\/div>             <div class=\"kksr-star\" style=\"padding-right: 5px\">               <div class=\"kksr-icon\" style=\"width: 24px; height: 24px;\"><\/div>         <\/div>     <\/div> <\/div>                   <div class=\"kksr-legend\" style=\"font-size: 19.2px;\">             4.5\/5 - (17 oy)    <\/div>     <\/div>  <p class=\"translation-block\"><strong>Log chipper <\/strong>k\u00e2\u011f\u0131t yap\u0131m hatt\u0131nda ve odun yeniden i\u015fleme s\u00fcrecinde \u00f6nemli bir makinad\u0131r. Fonksiyonu, rotary b\u0131\u00e7ak ve sabit b\u0131\u00e7ak ile odunu, dallar\u0131 ve bambuyu ayn\u0131 kal\u0131nl\u0131k ve boyutta par\u00e7alara kesmektir. Bu odun par\u00e7alar\u0131 ka\u011f\u0131t yap\u0131m\u0131nda, yak\u0131t yanmas\u0131nda vb. kullan\u0131l\u0131r ve b\u00fcy\u00fck talep g\u00f6r\u00fcr. M\u00fc\u015fterilere enerji tasarruflu ve kullan\u0131m\u0131 kolay odun k\u0131r\u0131c\u0131 makineler sunuyoruz. Bize dan\u0131\u015fmaya ho\u015f geldiniz, <strong><a href=\"https:\/\/charcoalplant.com\/tr\/news\/how-much-is-a-log-shredder\/\">uygun fiyatlar<\/a><\/strong> ile size yard\u0131mc\u0131 olaca\u011f\u0131z.<\/p>    <h2 class=\"wp-block-heading\" id=\"working-principle-of-log-chipper\">Tomruk par\u00e7alay\u0131c\u0131n\u0131n \u00e7al\u0131\u015fma prensibi<\/h2>    <p class=\"translation-block\">Ah\u015fap dilimleme <strong><a href=\"https:\/\/charcoalplant.com\/tr\/wood-crusher-machine\/\">odun yeniden i\u015fleme veya par\u00e7alama<\/a><\/strong> i\u00e7in \u00f6nemli bir ad\u0131md\u0131r. K\u00fct\u00fckler, bambu ve ah\u015fap tahtalar gibi hammaddeler besleme a\u011fz\u0131na konulur. Ard\u0131ndan motor, dilimleyiciyi d\u00f6nd\u00fcrmek i\u00e7in kay\u0131\u015flar\u0131 s\u00fcrer. Besleme ve bo\u015faltma neredeyse ayn\u0131 anda ger\u00e7ekle\u015fir. Sonunda kal\u0131nl\u0131\u011f\u0131 ve \u015fekli d\u00fczenli olan ah\u015fap par\u00e7alar\u0131 elde edilebilir.<\/p>    <figure class=\"wp-block-embed is-type-video is-provider-youtube wp-block-embed-youtube wp-embed-aspect-16-9 wp-has-aspect-ratio\"><div class=\"wp-block-embed__wrapper\"> <iframe loading=\"lazy\" title=\"Dizel Tomruk Par\u00e7alay\u0131c\u0131 | A\u011fa\u00e7 Yonga Makinesi \u00dcreticisi#Elektrikli a\u011fa\u00e7 \u00f6\u011f\u00fct\u00fcc\u00fc#tala\u015f\" width=\"500\" height=\"281\" src=\"https:\/\/www.youtube.com\/embed\/8J7778sPzp4?feature=oembed\" frameborder=\"0\" allow=\"accelerometer; autoplay; clipboard-write; encrypted-media; gyroscope; picture-in-picture; web-share\" referrerpolicy=\"strict-origin-when-cross-origin\" allowfullscreen><\/iframe> <\/div><\/figure>    <h2 class=\"wp-block-heading\" id=\"raw-material-of-wood-chips-cutting-machine\">Odun par\u00e7alama makinesinin hammaddesi<\/h2>    <p>Ticari odun par\u00e7alay\u0131c\u0131, \u00e7am, \u00e7e\u015fitli odun, kavak, k\u00f6knar, ham bambu, ppr boru vb. i\u015fleyebilir. Se\u00e7ilen hammaddeler m\u00fcmk\u00fcn oldu\u011fu kadar d\u00fczenli olmal\u0131 ve tala\u015f yapma etkisi daha iyi olacakt\u0131r. <\/p>    <figure class=\"wp-block-gallery has-nested-images columns-2 is-cropped wp-block-gallery-2 is-layout-flex wp-block-gallery-is-layout-flex\"> <figure class=\"wp-block-image size-large\"><img loading=\"lazy\" decoding=\"async\" width=\"720\" height=\"540\" data-id=\"2056\" src=\"https:\/\/charcoalplant.com\/wp-content\/uploads\/2022\/01\/raw-materials-2.jpg\" alt=\"\u0130\u015flenmemi\u015f i\u00e7erikler\" class=\"wp-image-2056\"\/><figcaption class=\"wp-element-caption\">\u0130\u015flenmemi\u015f i\u00e7erikler<\/figcaption><\/figure>    <figure class=\"wp-block-image size-large\"><img loading=\"lazy\" decoding=\"async\" width=\"720\" height=\"540\" data-id=\"2058\" src=\"https:\/\/charcoalplant.com\/wp-content\/uploads\/2022\/01\/different-sizes-wood-chips-1-2.jpg\" alt=\"farkl\u0131 boyutlarda-odun tala\u015flar\u0131\" class=\"wp-image-2058\"\/><figcaption class=\"wp-element-caption\">farkl\u0131 boyutlarda-odun tala\u015flar\u0131<\/figcaption><\/figure> <figcaption class=\"blocks-gallery-caption wp-element-caption\"> \u015eube \u00f6\u011f\u00fct\u00fcc\u00fcn\u00fcn hammaddeleri k\u00fct\u00fck, bambu, tahta, ppr boru ve 2-3cm ah\u015fap yonga te\u015fhiridir<\/figcaption><\/figure>    <h2 class=\"wp-block-heading\" id=\"h-structure-of-the-log-chipper\">K\u00fct\u00fck par\u00e7alay\u0131c\u0131n\u0131n yap\u0131s\u0131<\/h2>    <p>A\u011fa\u00e7 \u00f6\u011f\u00fct\u00fcc\u00fc esas olarak bir kesici kafa, bir kasnak, bir mil \u00e7er\u00e7evesi, bir besleme portu, bir kapak ve bir elektrik kontrol sisteminden olu\u015fur. Genel yap\u0131s\u0131 kompaktt\u0131r ve yerden tasarruf sa\u011flar. Ancak bu, daha fazla \u00e7\u0131kt\u0131, enerji tasarrufu, g\u00fcvenli ve rahat \u00e7al\u0131\u015fma gibi \u00f6zelliklerini etkilemez. <\/p>    <figure class=\"wp-block-gallery has-nested-images columns-default is-cropped wp-block-gallery-3 is-layout-flex wp-block-gallery-is-layout-flex\"> <figure class=\"wp-block-image size-large\"><img loading=\"lazy\" decoding=\"async\" width=\"720\" height=\"540\" data-id=\"1817\" src=\"https:\/\/charcoalplant.com\/wp-content\/uploads\/2022\/01\/garden-branch-chipper.jpg\" alt=\"bah\u00e7e \u015fube par\u00e7alay\u0131c\u0131\" class=\"wp-image-1817\" srcset=\"https:\/\/charcoalplant.com\/wp-content\/uploads\/2022\/01\/garden-branch-chipper.jpg 720w, https:\/\/charcoalplant.com\/wp-content\/uploads\/2022\/01\/garden-branch-chipper-300x225.jpg 300w\" sizes=\"auto, (max-width: 720px) 100vw, 720px\" \/><figcaption class=\"wp-element-caption\">bah\u00e7e \u015fube par\u00e7alay\u0131c\u0131<\/figcaption><\/figure>    <figure class=\"wp-block-image size-large\"><img loading=\"lazy\" decoding=\"async\" width=\"720\" height=\"540\" data-id=\"2044\" src=\"https:\/\/charcoalplant.com\/wp-content\/uploads\/2022\/01\/small-diesel-log-chipper-plant.jpg\" alt=\"k\u00fc\u00e7\u00fck dizel k\u00fct\u00fck par\u00e7alama tesisi\" class=\"wp-image-2044\"\/><figcaption class=\"wp-element-caption\">k\u00fc\u00e7\u00fck dizel k\u00fct\u00fck par\u00e7alama tesisi<\/figcaption><\/figure> <\/figure>    <h3 class=\"wp-block-heading\" id=\"adjustable-blades\">Ayarlanabilir b\u0131\u00e7aklar<\/h3>    <p class=\"translation-block\">Ah\u015fap par\u00e7alar\u0131n\u0131n kal\u0131nl\u0131\u011f\u0131, b\u0131\u00e7ak a\u00e7\u0131s\u0131n\u0131n ayarlanmas\u0131yla de\u011fi\u015ftirilebilir. Ayr\u0131ca her b\u0131\u00e7akta en az \u00fc\u00e7 vida bulunur ve gev\u015femesi kolay de\u011fildir. B\u0131\u00e7ak a\u015f\u0131nd\u0131\u011f\u0131nda, <strong>b\u0131\u00e7ak bileme<\/strong> ile kolayca sabitlenebilir.<\/p>    <figure class=\"wp-block-gallery has-nested-images columns-2 is-cropped wp-block-gallery-4 is-layout-flex wp-block-gallery-is-layout-flex\"> <figure class=\"wp-block-image size-large\"><img loading=\"lazy\" decoding=\"async\" width=\"720\" height=\"540\" data-id=\"2039\" src=\"https:\/\/charcoalplant.com\/wp-content\/uploads\/2022\/01\/blade.jpg\" alt=\"b\u0131\u00e7ak\" class=\"wp-image-2039\"\/><figcaption class=\"wp-element-caption\">b\u0131\u00e7ak<\/figcaption><\/figure>    <figure class=\"wp-block-image size-large\"><img loading=\"lazy\" decoding=\"async\" width=\"720\" height=\"540\" data-id=\"2040\" src=\"https:\/\/charcoalplant.com\/wp-content\/uploads\/2022\/01\/blade-disc..jpg\" alt=\"b\u0131\u00e7ak diski.\" class=\"wp-image-2040\"\/><figcaption class=\"wp-element-caption\">b\u0131\u00e7ak diski.<\/figcaption><\/figure> <\/figure>    <h3 class=\"wp-block-heading\" id=\"cutter-disc\">Kesici disk<\/h3>    <p>A\u011fa\u00e7 \u00f6\u011f\u00fctme b\u0131\u00e7a\u011f\u0131 diski birden fazla b\u0131\u00e7a\u011f\u0131 tutabilir. Ayr\u0131ca farkl\u0131 tomruk \u00f6\u011f\u00fct\u00fcc\u00fc modelleri farkl\u0131 kesici kafa \u00e7aplar\u0131na sahiptir. B\u0131\u00e7ak say\u0131s\u0131 da de\u011fi\u015fmektedir.<\/p>    <figure class=\"wp-block-gallery has-nested-images columns-default is-cropped wp-block-gallery-5 is-layout-flex wp-block-gallery-is-layout-flex\"> <figure class=\"wp-block-image size-large\"><img loading=\"lazy\" decoding=\"async\" width=\"720\" height=\"540\" data-id=\"2041\" src=\"https:\/\/charcoalplant.com\/wp-content\/uploads\/2022\/01\/cutter-head.jpg\" alt=\"\u00c7ok b\u0131\u00e7akl\u0131 kesici kafa\" class=\"wp-image-2041\"\/><figcaption class=\"wp-element-caption\">\u00c7ok b\u0131\u00e7akl\u0131 kesici kafa<\/figcaption><\/figure>    <figure class=\"wp-block-image size-large\"><img loading=\"lazy\" decoding=\"async\" width=\"720\" height=\"540\" data-id=\"667\" src=\"https:\/\/charcoalplant.com\/wp-content\/uploads\/2021\/11\/cutter-head-1.jpg\" alt=\"kesici kafa\" class=\"wp-image-667\" srcset=\"https:\/\/charcoalplant.com\/wp-content\/uploads\/2021\/11\/cutter-head-1.jpg 720w, https:\/\/charcoalplant.com\/wp-content\/uploads\/2021\/11\/cutter-head-1-300x225.jpg 300w\" sizes=\"auto, (max-width: 720px) 100vw, 720px\" \/><figcaption class=\"wp-element-caption\">kesici kafa<\/figcaption><\/figure> <\/figure>    <h2 class=\"wp-block-heading\" id=\"h-branch-chipper-machine-for-sale\">Sat\u0131l\u0131k en iyi ticari a\u011fa\u00e7 \u00f6\u011f\u00fctme makinesi<\/h2>    <p>Elektrikli a\u011fa\u00e7 \u00f6\u011f\u00fctme makineleri ve dizel a\u011fa\u00e7 \u00f6\u011f\u00fctme makineleri sat\u0131yoruz. M\u00fc\u015fterilerin farkl\u0131 \u00e7al\u0131\u015fma ortamlar\u0131ndan dolay\u0131 \u00fcretim gereksinimleri farkl\u0131d\u0131r. Bu nedenle bir dizi \u00f6zel a\u011fa\u00e7 \u00f6\u011f\u00fct\u00fcc\u00fcy\u00fc geli\u015ftirdik. Tekerlekli olan, alt \u00e7\u0131k\u0131\u015fl\u0131 ve \u00fcst \u00e7\u0131k\u0131\u015fl\u0131, e\u011fimli giri\u015fli vb.<\/p>    <h3 class=\"wp-block-heading\" id=\"electric-wood-chipper-parameters\">Elektrikli odun par\u00e7alay\u0131c\u0131 parametreleri<\/h3>    <figure class=\"wp-block-table is-style-stripes\"><table><tbody><tr><td>MODEL\u0130<\/td><td>KAPAS\u0130TE<\/td><td>G\u0130R\u0130\u015e BOYUTU<\/td><td>\u00c7IKI\u015e BOYUTU<\/td><td>ELEKTR\u0130K G\u00dcC\u00dc<\/td><\/tr><tr><td>SL-420<\/td><td>500kg\/saat<\/td><td>150*150MM<\/td><td>2-5cm<\/td><td>11 kW<\/td><\/tr><tr><td>SL-600<\/td><td>1500kg\/saat<\/td><td>180*150MM<\/td><td>2-5cm<\/td><td>18,5 kW<\/td><\/tr><tr><td>SL-800<\/td><td>3000kg\/saat<\/td><td>200*200MM<\/td><td>2-5cm<\/td><td>30kw<\/td><\/tr><tr><td>SL-950<\/td><td>4000kg\/saat<\/td><td>230*250MM<\/td><td>2-5cm<\/td><td>37 kW<\/td><\/tr><tr><td>SL-1200<\/td><td>5000kg\/saat<\/td><td>330*300MM<\/td><td>2-5cm<\/td><td>55kw<\/td><\/tr><tr><td>SL-1400<\/td><td>7000-8000KG\/saat<\/td><td>400*400MM<\/td><td>2-5cm<\/td><td>90 kW<\/td><\/tr><\/tbody><\/table><figcaption class=\"wp-element-caption\">420 ve 600 en pop\u00fcler iki a\u011fa\u00e7 \u00f6\u011f\u00fct\u00fcc\u00fc modelidir. Kesici ba\u015fl\u0131\u011f\u0131n \u00e7ap\u0131na g\u00f6re isimlendirilirler. 800 ve daha b\u00fcy\u00fck cihazlar farkl\u0131 bir standartt\u0131r. B\u00fcy\u00fck ekipmanlar\u0131 da\u011f\u0131t\u0131m dolaplar\u0131 ve konvey\u00f6r bantlar\u0131yla donat\u0131yoruz.<\/figcaption><\/figure>    <figure class=\"wp-block-gallery has-nested-images columns-default is-cropped wp-block-gallery-6 is-layout-flex wp-block-gallery-is-layout-flex\"> <figure class=\"wp-block-image size-large\"><img loading=\"lazy\" decoding=\"async\" width=\"720\" height=\"540\" data-id=\"1811\" src=\"https:\/\/charcoalplant.com\/wp-content\/uploads\/2021\/11\/samll-movable-log-chipper-.jpg\" alt=\"k\u00fc\u00e7\u00fck hareketli k\u00fct\u00fck par\u00e7alay\u0131c\u0131\" class=\"wp-image-1811\" srcset=\"https:\/\/charcoalplant.com\/wp-content\/uploads\/2021\/11\/samll-movable-log-chipper-.jpg 720w, https:\/\/charcoalplant.com\/wp-content\/uploads\/2021\/11\/samll-movable-log-chipper--300x225.jpg 300w\" sizes=\"auto, (max-width: 720px) 100vw, 720px\" \/><figcaption class=\"wp-element-caption\">k\u00fc\u00e7\u00fck hareketli k\u00fct\u00fck par\u00e7alay\u0131c\u0131<\/figcaption><\/figure> <\/figure>    <h3 class=\"wp-block-heading\" id=\"diesel-wood-chipper-parameters\">Dizel odun par\u00e7alay\u0131c\u0131 parametreleri <\/h3>    <figure class=\"wp-block-table is-style-stripes\"><table><tbody><tr><td>MODEL\u0130<\/td><td>KAPAS\u0130TE<\/td><td>G\u0130R\u0130\u015e BOYUTU<\/td><td>\u00c7IKI\u015e BOYUTU<\/td><td>D\u0130ZEL G\u00dc\u00c7<\/td><\/tr><tr><td>SL-420<\/td><td>500kg\/saat<\/td><td>150*150MM<\/td><td>2-5cm<\/td><td>15hp<\/td><\/tr><tr><td>SL-600<\/td><td>1500kg\/saat<\/td><td>180*150MM<\/td><td>2-5cm<\/td><td>22hp<\/td><\/tr><tr><td>SL-800<\/td><td>3000kg\/saat<\/td><td>200*200MM<\/td><td>2-5cm<\/td><td>40hp<\/td><\/tr><tr><td>SL-950<\/td><td>4000kg\/saat<\/td><td>230*250MM<\/td><td>2-5cm<\/td><td>60hp<\/td><\/tr><tr><td>SL-1200<\/td><td>5000kg\/saat<\/td><td>330*300MM<\/td><td>2-5cm<\/td><td>55kw<\/td><\/tr><tr><td>SL-1400<\/td><td>7000-8000KG\/saat<\/td><td>400*400MM<\/td><td>2-5cm<\/td><td>90 kW<\/td><\/tr><\/tbody><\/table><figcaption class=\"wp-element-caption\">Dizel tekerlekli a\u011fa\u00e7 \u00f6\u011f\u00fct\u00fcc\u00fcler yaln\u0131zca i\u00e7 mekan kullan\u0131m\u0131 i\u00e7in de\u011fildir. D\u0131\u015f mekan \u00e7al\u0131\u015fmalar\u0131 i\u00e7in daha uygundur.<\/figcaption><\/figure>    <figure class=\"wp-block-gallery has-nested-images columns-2 is-cropped wp-block-gallery-7 is-layout-flex wp-block-gallery-is-layout-flex\"> <figure class=\"wp-block-image size-large\"><img loading=\"lazy\" decoding=\"async\" width=\"720\" height=\"540\" data-id=\"729\" src=\"https:\/\/charcoalplant.com\/wp-content\/uploads\/2021\/11\/manufacturer-of-diesel-wood-chippers-1-1.jpg\" alt=\"dizel a\u011fa\u00e7 \u00f6\u011f\u00fct\u00fcc\u00fc \u00fcreticisi\" class=\"wp-image-729\" srcset=\"https:\/\/charcoalplant.com\/wp-content\/uploads\/2021\/11\/manufacturer-of-diesel-wood-chippers-1-1.jpg 720w, https:\/\/charcoalplant.com\/wp-content\/uploads\/2021\/11\/manufacturer-of-diesel-wood-chippers-1-1-300x225.jpg 300w\" sizes=\"auto, (max-width: 720px) 100vw, 720px\" \/><figcaption class=\"wp-element-caption\">dizel a\u011fa\u00e7 \u00f6\u011f\u00fct\u00fcc\u00fc \u00fcreticisi<\/figcaption><\/figure>    <figure class=\"wp-block-image size-large\"><img loading=\"lazy\" decoding=\"async\" width=\"720\" height=\"540\" data-id=\"845\" src=\"https:\/\/charcoalplant.com\/wp-content\/uploads\/2021\/11\/wooden-chips-1-1.jpg\" alt=\"tahta tala\u015flar\u0131\" class=\"wp-image-845\" srcset=\"https:\/\/charcoalplant.com\/wp-content\/uploads\/2021\/11\/wooden-chips-1-1.jpg 720w, https:\/\/charcoalplant.com\/wp-content\/uploads\/2021\/11\/wooden-chips-1-1-300x225.jpg 300w\" sizes=\"auto, (max-width: 720px) 100vw, 720px\" \/><figcaption class=\"wp-element-caption\">tahta tala\u015flar\u0131<\/figcaption><\/figure> <\/figure>    <h2 class=\"wp-block-heading\" id=\"h-how-to-mass-produce-wood-chips\">Tala\u015flar verimli bir \u015fekilde nas\u0131l \u00fcretilir?<\/h2>    <p class=\"translation-block\">Bir\u00e7ok adet b\u00fcy\u00fck miktarda odun par\u00e7as\u0131 \u00fcretmek i\u00e7in nas\u0131l bir makine se\u00e7ilir? \u0130lk olarak SL-800 ve daha b\u00fcy\u00fck odun par\u00e7as\u0131 yap\u0131m makinelerini tercih edebilirsiniz. Bir yandan b\u00fcy\u00fck \u00f6l\u00e7ekli ekipman\u0131n \u00e7\u0131kt\u0131 kapasitesi y\u00fcksektir, di\u011fer yandan konvey\u00f6r band\u0131na ba\u011flanarak zaman ve i\u015fi tasarruf sa\u011flar. \u0130kincisi, ayn\u0131 etkiyi elde etmek i\u00e7in birden \u00e7ok SL-600 disk odun k\u0131r\u0131c\u0131 se\u00e7ebilirsiniz. \u00dc\u00e7\u00fcnc\u00fcs\u00fc, <strong><a href=\"https:\/\/charcoalplant.com\/tr\/wood-wastes-recycling-machine\/drum-chipper\/\">trombel odun k\u0131r\u0131c\u0131<\/a><\/strong> tercih edebilirsiniz. Bu end\u00fcstriyel odun k\u0131rma ekipman\u0131d\u0131r, bu nedenle \u00e7\u0131kt\u0131 \u00e7ok y\u00fcksektir.<\/p>    <figure class=\"wp-block-gallery has-nested-images columns-default is-cropped wp-block-gallery-8 is-layout-flex wp-block-gallery-is-layout-flex\"> <figure class=\"wp-block-image size-large\"><img loading=\"lazy\" decoding=\"async\" width=\"720\" height=\"540\" data-id=\"1812\" src=\"https:\/\/charcoalplant.com\/wp-content\/uploads\/2022\/01\/diesel-wood-chipper-shredder-plant-.jpg\" alt=\"dizel odun par\u00e7alay\u0131c\u0131 par\u00e7alay\u0131c\u0131 tesisi\" class=\"wp-image-1812\" srcset=\"https:\/\/charcoalplant.com\/wp-content\/uploads\/2022\/01\/diesel-wood-chipper-shredder-plant-.jpg 720w, https:\/\/charcoalplant.com\/wp-content\/uploads\/2022\/01\/diesel-wood-chipper-shredder-plant--300x225.jpg 300w\" sizes=\"auto, (max-width: 720px) 100vw, 720px\" \/><figcaption class=\"wp-element-caption\">dizel odun par\u00e7alay\u0131c\u0131 par\u00e7alay\u0131c\u0131 tesisi<\/figcaption><\/figure>    <figure class=\"wp-block-image size-large\"><img loading=\"lazy\" decoding=\"async\" width=\"720\" height=\"540\" data-id=\"1810\" src=\"https:\/\/charcoalplant.com\/wp-content\/uploads\/2022\/01\/electric-wood-chipper-.jpg\" alt=\"elektrikli odun par\u00e7alay\u0131c\u0131\" class=\"wp-image-1810\" srcset=\"https:\/\/charcoalplant.com\/wp-content\/uploads\/2022\/01\/electric-wood-chipper-.jpg 720w, https:\/\/charcoalplant.com\/wp-content\/uploads\/2022\/01\/electric-wood-chipper--300x225.jpg 300w\" sizes=\"auto, (max-width: 720px) 100vw, 720px\" \/><figcaption class=\"wp-element-caption\">elektrikli odun par\u00e7alay\u0131c\u0131<\/figcaption><\/figure> <\/figure>    <h3 class=\"wp-block-heading\" id=\"video-of-large-log-chipper\">B\u00fcy\u00fck k\u00fct\u00fck par\u00e7alay\u0131c\u0131n\u0131n videosu<\/h3>    <figure class=\"wp-block-embed is-type-video is-provider-youtube wp-block-embed-youtube wp-embed-aspect-16-9 wp-has-aspect-ratio\"><div class=\"wp-block-embed__wrapper\"> <iframe loading=\"lazy\" title=\"Elektrikli Disk A\u011fa\u00e7 \u00d6\u011f\u00fct\u00fcc\u00fc | Myanmar&#039;daki Bambu Cipsleri#dizela\u011fa\u00e7 tala\u015f\u0131ekipman\u0131#hindistancevizi\u00e7ip\" width=\"500\" height=\"281\" src=\"https:\/\/www.youtube.com\/embed\/UZxMlI7kX_4?feature=oembed\" frameborder=\"0\" allow=\"accelerometer; autoplay; clipboard-write; encrypted-media; gyroscope; picture-in-picture; web-share\" referrerpolicy=\"strict-origin-when-cross-origin\" allowfullscreen><\/iframe> <\/div><\/figure>    <h2 class=\"wp-block-heading\" id=\"h-application-of-branch-chips\">\u015eube \u00e7iplerinin uygulanmas\u0131<\/h2>    <ol class=\"wp-block-list\"> <li>A\u011fa\u00e7 tala\u015flar\u0131 do\u011frudan sat\u0131labilir veya yeniden i\u015flenmek \u00fczere bir ka\u011f\u0131t fabrikas\u0131na g\u00f6nderilebilir. Tala\u015flar\u0131n kalitesini art\u0131rmak i\u00e7in normal ah\u015fap veya <strong><a href=\"https:\/\/charcoalplant.com\/tr\/wood-wastes-recycling-machine\/wood-peeling-machine\/\">kabu\u011fu soyulmu\u015f ah\u015fap<\/a><\/strong> yabanc\u0131 maddelerin g\u00f6r\u00fcn\u00fcm\u00fcn\u00fc azaltmak i\u00e7in.<\/li>    <li>Kesilen dal \u00e7iplerini biyoenerji yak\u0131t\u0131 olarak kullanabilirsiniz. Odun ya da a\u011faca gerek yok, yak\u0131labilece\u011fi s\u00fcrece biyoenerji tesisine g\u00f6nderilebiliyor.<\/li>    <li>A\u011fa\u00e7 tala\u015flar\u0131 ayn\u0131 zamanda s\u00fcrekli olarak k\u00f6m\u00fcr haline getirilebilmektedir. <strong><a href=\"https:\/\/charcoalplant.com\/tr\/carbonization-furnace\/rotary-carbonization-furnace\/\">karbonizasyon f\u0131r\u0131n\u0131<\/a><\/strong>.<\/li> <\/ol>    <h2 class=\"wp-block-heading\" id=\"h-shuliy-wood-chipper-machine-advantages\">Shuliy a\u011fa\u00e7 \u00f6\u011f\u00fctme makinesinin avantajlar\u0131<\/h2>    <p class=\"translation-block\">Y\u0131llard\u0131r odun geri d\u00f6n\u00fc\u015f\u00fcm ekipmanlar\u0131 \u00fcretimiyle u\u011fra\u015f\u0131yoruz ve <strong><a href=\"https:\/\/charcoalplant.com\/tr\/news\/transaction-case-of-a-wood-chipper-for-indonesian-customer\/\">zengin deneyime<\/a><\/strong> sahibiz. G\u00fc\u00e7l\u00fc tedarik\u00e7iniz olarak dizel dal\u0131 k\u0131r\u0131c\u0131 a\u015fa\u011f\u0131daki avantajlara sahiptir:<\/p>    <ol class=\"wp-block-list\" type=\"1\"> <li>Kompakt yap\u0131, zarif g\u00f6r\u00fcn\u00fcm, sofistike ve dayan\u0131kl\u0131 aksesuarlar.<\/li>    <li>\u00c7\u00f6z\u00fcmler ve \u00f6zelle\u015ftirilmi\u015f hizmetler sa\u011flay\u0131n.<\/li>    <li>G\u00fcvenli ve rahat \u00e7al\u0131\u015fma.<\/li>    <li>Geni\u015f uygulama aral\u0131\u011f\u0131 ve rekabet\u00e7i fiyat.<\/li>    <li>D\u00fc\u015f\u00fck t\u00fcketim, y\u00fcksek \u00e7\u0131kt\u0131.<\/li> <\/ol>    <figure class=\"wp-block-gallery has-nested-images columns-default is-cropped wp-block-gallery-9 is-layout-flex wp-block-gallery-is-layout-flex\"> <figure class=\"wp-block-image size-large\"><img loading=\"lazy\" decoding=\"async\" width=\"720\" height=\"540\" data-id=\"2043\" src=\"https:\/\/charcoalplant.com\/wp-content\/uploads\/2022\/01\/eletric-wood-chipper-for-sale.jpg\" alt=\"sat\u0131l\u0131k elektrikli a\u011fa\u00e7 \u00f6\u011f\u00fct\u00fcc\u00fc\" class=\"wp-image-2043\"\/><figcaption class=\"wp-element-caption\">sat\u0131l\u0131k elektrikli a\u011fa\u00e7 \u00f6\u011f\u00fct\u00fcc\u00fc<\/figcaption><\/figure>    <figure class=\"wp-block-image size-large\"><img loading=\"lazy\" decoding=\"async\" width=\"720\" height=\"540\" data-id=\"697\" src=\"https:\/\/charcoalplant.com\/wp-content\/uploads\/2021\/11\/shipment-of-wood-chips-cutting-machine-1-1.jpg\" alt=\"tala\u015f kesme makinas\u0131 sevkiyat\u0131\" class=\"wp-image-697\" srcset=\"https:\/\/charcoalplant.com\/wp-content\/uploads\/2021\/11\/shipment-of-wood-chips-cutting-machine-1-1.jpg 720w, https:\/\/charcoalplant.com\/wp-content\/uploads\/2021\/11\/shipment-of-wood-chips-cutting-machine-1-1-300x225.jpg 300w\" sizes=\"auto, (max-width: 720px) 100vw, 720px\" \/><figcaption class=\"wp-element-caption\">tala\u015f kesme makinas\u0131 sevkiyat\u0131<\/figcaption><\/figure> <\/figure>    <h2 class=\"wp-block-heading\">\u00c7\u00f6z\u00fcm <\/h2>    <p class=\"translation-block\">A\u011fa\u00e7 par\u00e7alar\u0131n\u0131, dallar\u0131n\u0131 ve di\u011fer ah\u015fap at\u0131klar\u0131 yok etmenin etkili bir yolu olan odun par\u00e7alama makineleri, ayn\u0131 zamanda kereste fabrikalar\u0131ndan ve di\u011fer ah\u015fap i\u015fleme i\u015flemlerinden gelen ah\u015fap at\u0131klar\u0131n\u0131 i\u015flemek i\u00e7in de kullan\u0131labilir. Odun par\u00e7alama makineleri genellikle g\u00fcvenli bir \u015fekilde kullan\u0131labilir, ancak \u00fcreticinin talimatlar\u0131na uymak ve kulak ve g\u00f6z korumas\u0131 gibi uygun g\u00fcvenlik \u00f6nlemlerini almak \u00f6nemlidir. <a href=\"https:\/\/charcoalplant.com\/tr\/\">Shuliy Makina<\/a>, kapsaml\u0131 bir ah\u015fap geri d\u00f6n\u00fc\u015f\u00fcm makinesi fabrikas\u0131d\u0131r; e\u011fer bir odun par\u00e7alama makinesiyle ilgileniyorsan\u0131z, projenize m\u00fcmk\u00fcn olan en k\u0131sa s\u00fcrede ba\u015flamak i\u00e7in uzman\u0131m\u0131zla ileti\u015fime ge\u00e7in. <\/p>","protected":false},"excerpt":{"rendered":"<p> Log Chipper bambu, k\u00f6kler vb. Fiyat, parametreler elde etmek i\u00e7in l\u00fctfen bizi aray\u0131n.<\/p>","protected":false},"author":1,"featured_media":924,"parent":0,"template":"","tags":[64],"product-type":[3],"class_list":["post-580","product","type-product","status-publish","has-post-thumbnail","hentry","tag-wood-wastes-recycling-machine","product-type-wood-wastes-recycling-machine"],"_links":{"self":[{"href":"https:\/\/charcoalplant.com\/tr\/wp-json\/wp\/v2\/product\/580","targetHints":{"allow":["GET"]}}],"collection":[{"href":"https:\/\/charcoalplant.com\/tr\/wp-json\/wp\/v2\/product"}],"about":[{"href":"https:\/\/charcoalplant.com\/tr\/wp-json\/wp\/v2\/types\/product"}],"author":[{"embeddable":true,"href":"https:\/\/charcoalplant.com\/tr\/wp-json\/wp\/v2\/users\/1"}],"wp:featuredmedia":[{"embeddable":true,"href":"https:\/\/charcoalplant.com\/tr\/wp-json\/wp\/v2\/media\/924"}],"wp:attachment":[{"href":"https:\/\/charcoalplant.com\/tr\/wp-json\/wp\/v2\/media?parent=580"}],"wp:term":[{"taxonomy":"post_tag","embeddable":true,"href":"https:\/\/charcoalplant.com\/tr\/wp-json\/wp\/v2\/tags?post=580"},{"taxonomy":"product-type","embeddable":true,"href":"https:\/\/charcoalplant.com\/tr\/wp-json\/wp\/v2\/product-type?post=580"}],"curies":[{"name":"wp","href":"https:\/\/api.w.org\/{rel}","templated":true}]}}