{"id":584,"date":"2021-11-24T02:49:55","date_gmt":"2021-11-24T02:49:55","guid":{"rendered":"https:\/\/charcoalplant.com\/?p=584"},"modified":"2023-03-01T17:13:34","modified_gmt":"2023-03-01T09:13:34","slug":"wood-shaving-machine","status":"publish","type":"product","link":"https:\/\/charcoalplant.com\/tr\/product\/wood-shaving-machine\/","title":{"rendered":"Ah\u015fap T\u0131ra\u015f Makinesi | Hayvan Yata\u011f\u0131 \u0130\u00e7in Tomruk Tala\u015f\u0131"},"content":{"rendered":"<div class=\"kk-star-ratings kksr-auto kksr-align-left kksr-valign-top\"     data-payload='{&quot;align&quot;:&quot;left&quot;,&quot;id&quot;:&quot;584&quot;,&quot;slug&quot;:&quot;default&quot;,&quot;valign&quot;:&quot;top&quot;,&quot;ignore&quot;:&quot;&quot;,&quot;reference&quot;:&quot;auto&quot;,&quot;class&quot;:&quot;&quot;,&quot;count&quot;:&quot;14&quot;,&quot;legendonly&quot;:&quot;&quot;,&quot;readonly&quot;:&quot;&quot;,&quot;score&quot;:&quot;4.8&quot;,&quot;starsonly&quot;:&quot;&quot;,&quot;best&quot;:&quot;5&quot;,&quot;gap&quot;:&quot;5&quot;,&quot;greet&quot;:&quot;Rate this product&quot;,&quot;legend&quot;:&quot;4.8\\\/5 - (14 votes)&quot;,&quot;size&quot;:&quot;24&quot;,&quot;title&quot;:&quot;Wood Shaving Machine | Log Shavings For Animal Bedding&quot;,&quot;width&quot;:&quot;136.7&quot;,&quot;_legend&quot;:&quot;{score}\\\/{best} - ({count} {votes})&quot;,&quot;font_factor&quot;:&quot;1.25&quot;}'>              <div class=\"kksr-stars\">      <div class=\"kksr-stars-inactive\">             <div class=\"kksr-star\" data-star=\"1\" style=\"padding-right: 5px\">               <div class=\"kksr-icon\" style=\"width: 24px; height: 24px;\"><\/div>         <\/div>             <div class=\"kksr-star\" data-star=\"2\" style=\"padding-right: 5px\">               <div class=\"kksr-icon\" style=\"width: 24px; height: 24px;\"><\/div>         <\/div>             <div class=\"kksr-star\" data-star=\"3\" style=\"padding-right: 5px\">               <div class=\"kksr-icon\" style=\"width: 24px; height: 24px;\"><\/div>         <\/div>             <div class=\"kksr-star\" data-star=\"4\" style=\"padding-right: 5px\">               <div class=\"kksr-icon\" style=\"width: 24px; height: 24px;\"><\/div>         <\/div>             <div class=\"kksr-star\" data-star=\"5\" style=\"padding-right: 5px\">               <div class=\"kksr-icon\" style=\"width: 24px; height: 24px;\"><\/div>         <\/div>     <\/div>      <div class=\"kksr-stars-active\" style=\"width: 136.7px;\">             <div class=\"kksr-star\" style=\"padding-right: 5px\">               <div class=\"kksr-icon\" style=\"width: 24px; height: 24px;\"><\/div>         <\/div>             <div class=\"kksr-star\" style=\"padding-right: 5px\">               <div class=\"kksr-icon\" style=\"width: 24px; height: 24px;\"><\/div>         <\/div>             <div class=\"kksr-star\" style=\"padding-right: 5px\">               <div class=\"kksr-icon\" style=\"width: 24px; height: 24px;\"><\/div>         <\/div>             <div class=\"kksr-star\" style=\"padding-right: 5px\">               <div class=\"kksr-icon\" style=\"width: 24px; height: 24px;\"><\/div>         <\/div>             <div class=\"kksr-star\" style=\"padding-right: 5px\">               <div class=\"kksr-icon\" style=\"width: 24px; height: 24px;\"><\/div>         <\/div>     <\/div> <\/div>                   <div class=\"kksr-legend\" style=\"font-size: 19.2px;\">             4.8\/5 - (14 oy)    <\/div>     <\/div>  <p class=\"translation-block\"><strong>Ah\u015fap tala\u015f makinesi<\/strong>, ah\u015fab\u0131 ince tala\u015flar haline getirmek i\u00e7in kullan\u0131lan bir makinedir. Ham madde olarak k\u00fct\u00fckler, masif ah\u015fap levhalar ve dallar kullan\u0131r. Tala\u015flar yaln\u0131zca <strong><a href=\"https:\/\/charcoalplant.com\/tr\/wood-wastes-recycling-machine\/wood-crusher-machine\/\">ka\u011f\u0131t yap\u0131m\u0131, bitki k\u00fclt\u00fcr ortam\u0131<\/a><\/strong> i\u00e7in de\u011fil, ayn\u0131 zamanda hayvan yatak malzemesi olarak da kullan\u0131labilir. Paketleme dolgu malzemesi olarak, atlar\u0131n, tav\u015fanlar\u0131n, k\u00f6peklerin, tavuklar\u0131n yuvalar\u0131n\u0131n alt\u0131na serilmek \u00fczere kullan\u0131labilir. Shuliy ah\u015fap tala\u015f makinesi y\u00fcksek kaliteli, bir\u00e7ok \u00f6zelli\u011fe sahip ve uygun fiyatl\u0131d\u0131r. Bu nedenle, ideal bir yat\u0131r\u0131m projenizdir. Ve sizinle uzun vadeli bir i\u015f birli\u011fi ba\u015flatmay\u0131 i\u00e7tenlikle umuyoruz.<\/p>    <h2 class=\"wp-block-heading\" id=\"h-raw-materials-for-wood-shaving-machine\"><strong>Ah\u015fap t\u0131ra\u015f makinesi i\u00e7in hammaddeler<\/strong><\/h2>    <p>Bir\u00e7ok m\u00fc\u015fteri, ah\u015fap t\u0131ra\u015f makinesinin k\u00fct\u00fcklerden ve dallardan tala\u015f \u00e7\u0131karabildi\u011fini biliyor. Asl\u0131nda masif ah\u015fap levhalar do\u011frudan tala\u015f hammaddesi olarak da kullan\u0131labilir. Soyulmu\u015f ah\u015fap kullanarak k\u00fct\u00fck tala\u015f\u0131 yapmak, daha temiz ve daha pahal\u0131 tala\u015flarla sonu\u00e7lan\u0131r.<\/p>    <figure class=\"wp-block-gallery has-nested-images columns-2 is-cropped wp-block-gallery-2 is-layout-flex wp-block-gallery-is-layout-flex\"> <figure class=\"wp-block-image size-large\"><img loading=\"lazy\" decoding=\"async\" width=\"720\" height=\"540\" data-id=\"2130\" src=\"https:\/\/charcoalplant.com\/wp-content\/uploads\/2021\/11\/wood-board.jpg\" alt=\"ah\u015fap tahta\" class=\"wp-image-2130\"\/><figcaption class=\"wp-element-caption\">ah\u015fap tahta<\/figcaption><\/figure>    <figure class=\"wp-block-image size-large\"><img loading=\"lazy\" decoding=\"async\" width=\"720\" height=\"540\" data-id=\"2131\" src=\"https:\/\/charcoalplant.com\/wp-content\/uploads\/2022\/01\/peeled-log.jpg\" alt=\"soyulmu\u015f k\u00fct\u00fck\" class=\"wp-image-2131\"\/><figcaption class=\"wp-element-caption\">soyulmu\u015f k\u00fct\u00fck<\/figcaption><\/figure> <\/figure>    <h2 class=\"wp-block-heading\" id=\"h-features-of-log-shaver\"><strong>Ah\u015fap t\u0131ra\u015f makinesinin \u00f6zellikleri<\/strong><\/h2>    <p>T\u0131ra\u015f aletleri her zaman ortal\u0131ktayd\u0131. Her ne kadar geleneksel t\u0131ra\u015f aletleri ve t\u0131ra\u015f makineleri k\u00fct\u00fck tala\u015f\u0131 yapmaya y\u00f6nelik ara\u00e7lar olsa da. Ancak verimlilik, g\u00fcvenlik ve t\u0131ra\u015f kalitesi a\u00e7\u0131s\u0131ndan h\u00e2l\u00e2 \u00e7ok farkl\u0131lar. Art\u0131k geli\u015ftirilmi\u015f k\u00fct\u00fck t\u0131ra\u015f makinesi a\u015fa\u011f\u0131daki \u00f6zelliklere sahiptir:<\/p>    <p class=\"translation-block\"><strong>1. Basit kullan\u0131m<\/strong><\/p>    <p>Geleneksel ve geli\u015ftirilmemi\u015f t\u0131ra\u015f makineleriyle kar\u015f\u0131la\u015ft\u0131r\u0131ld\u0131\u011f\u0131nda bu makinenin kullan\u0131m\u0131 daha kolayd\u0131r. Yani operat\u00f6r\u00fcn t\u0131ra\u015f makinesini kullanma s\u00fcrecinde herhangi bir beceriye sahip olmas\u0131n\u0131 gerektirmez.<\/p>    <figure class=\"wp-block-gallery has-nested-images columns-default is-cropped wp-block-gallery-3 is-layout-flex wp-block-gallery-is-layout-flex\"> <figure class=\"wp-block-image size-large\"><img loading=\"lazy\" decoding=\"async\" width=\"720\" height=\"540\" data-id=\"2136\" src=\"https:\/\/charcoalplant.com\/wp-content\/uploads\/2022\/01\/traditional-wood-shaver-1.jpg\" alt=\"geleneksel-odun-t\u0131ra\u015f makinesi\" class=\"wp-image-2136\"\/><figcaption class=\"wp-element-caption\">geleneksel-odun-t\u0131ra\u015f makinesi<\/figcaption><\/figure>    <figure class=\"wp-block-image size-large\"><img loading=\"lazy\" decoding=\"async\" width=\"720\" height=\"540\" data-id=\"2134\" src=\"https:\/\/charcoalplant.com\/wp-content\/uploads\/2022\/01\/electric-wood-shaving-machine-manufacturer.jpg\" alt=\"elektrikli ah\u015fap t\u0131ra\u015f makinesi \u00fcreticisi\" class=\"wp-image-2134\"\/><figcaption class=\"wp-element-caption\">elektrikli ah\u015fap t\u0131ra\u015f makinesi \u00fcreticisi<\/figcaption><\/figure> <\/figure>    <p class=\"translation-block\"><strong>2. Y\u00fcksek verimli<\/strong><\/p>    <p class=\"translation-block\">Asl\u0131nda, ikisi de ayn\u0131 \u015fekilde \u00e7al\u0131\u015f\u0131r. Her ikisi de <strong><a href=\"https:\/\/charcoalplant.com\/tr\/news\/common-faults-of-wood-shaving-machines\/\">b\u0131\u00e7a\u011f\u0131n ve tamponun<\/a><\/strong> aras\u0131ndaki mesafeyi ayarlayarak yongalar\u0131n kal\u0131nl\u0131\u011f\u0131n\u0131 kontrol eder. Ancak ah\u015fap yongalay\u0131c\u0131 b\u0131\u00e7aklar\u0131n\u0131n say\u0131s\u0131 art\u0131r\u0131labilir. Bu nedenle, bir yonga makinesi ile h\u0131zl\u0131 bir \u015fekilde b\u00fcy\u00fck miktarda yonga elde edilebilir.<\/p>    <p class=\"translation-block\"><strong>3. G\u00fcvenli<\/strong><\/p>    <p>Pul yap\u0131c\u0131n\u0131n g\u00f6vdesinde kesici k\u0131s\u0131mlar\u0131 kapatan metal bir kapak bulunmaktad\u0131r. Bu nedenle tala\u015f d\u0131\u015far\u0131 s\u0131\u00e7ramayacakt\u0131r. \u00dcstelik m\u00fc\u015fteriler operasyon boyunca olduk\u00e7a g\u00fcvendedir.<\/p>    <figure class=\"wp-block-gallery has-nested-images columns-default is-cropped wp-block-gallery-4 is-layout-flex wp-block-gallery-is-layout-flex\"> <figure class=\"wp-block-image size-large\"><img loading=\"lazy\" decoding=\"async\" width=\"720\" height=\"540\" data-id=\"2137\" src=\"https:\/\/charcoalplant.com\/wp-content\/uploads\/2022\/01\/blade-2.jpg\" alt=\"b\u0131\u00e7ak-\" class=\"wp-image-2137\"\/><figcaption class=\"wp-element-caption\">b\u0131\u00e7ak<\/figcaption><\/figure>    <figure class=\"wp-block-image size-large\"><img loading=\"lazy\" decoding=\"async\" width=\"720\" height=\"540\" data-id=\"2138\" src=\"https:\/\/charcoalplant.com\/wp-content\/uploads\/2022\/01\/shavings-machine-show.jpg\" alt=\"tala\u015f-makine-show\" class=\"wp-image-2138\"\/><figcaption class=\"wp-element-caption\">tala\u015f-makine-show<\/figcaption><\/figure> <\/figure>    <p class=\"translation-block\"><strong>4. Yongalar\u0131n \u00e7e\u015fitlili\u011fi<\/strong><\/p>    <p>\u00d6ncelikle b\u0131\u00e7a\u011f\u0131n a\u00e7\u0131s\u0131 ayarlanarak tala\u015f kal\u0131nl\u0131\u011f\u0131 elde edilebilir. \u0130kinci olarak, \u00e7eki\u00e7 tak\u0131larak t\u0131ra\u015f\u0131n boyutuna ula\u015f\u0131labilir. B\u00f6ylece birden fazla alan\u0131n ihtiyac\u0131na uygun tala\u015f \u00e7e\u015fitleri \u00fcretilebilmektedir.<\/p>    <figure class=\"wp-block-gallery has-nested-images columns-default is-cropped wp-block-gallery-5 is-layout-flex wp-block-gallery-is-layout-flex\"> <figure class=\"wp-block-image size-large\"><img loading=\"lazy\" decoding=\"async\" width=\"1024\" height=\"768\" data-id=\"2132\" src=\"https:\/\/charcoalplant.com\/wp-content\/uploads\/2022\/01\/wood-shavings.jpg\" alt=\"tala\u015f\" class=\"wp-image-2132\"\/><figcaption class=\"wp-element-caption\">tala\u015f<\/figcaption><\/figure>    <figure class=\"wp-block-image size-large\"><img loading=\"lazy\" decoding=\"async\" width=\"750\" height=\"666\" data-id=\"2139\" src=\"https:\/\/charcoalplant.com\/wp-content\/uploads\/2022\/01\/wood-shaving-machine-with-hammer.jpg\" alt=\"\u00e7eki\u00e7li ah\u015fap t\u0131ra\u015f makinesi\" class=\"wp-image-2139\"\/><figcaption class=\"wp-element-caption\">\u00e7eki\u00e7li ah\u015fap t\u0131ra\u015f makinesi<\/figcaption><\/figure> <\/figure>    <h2 class=\"wp-block-heading\" id=\"h-wood-shaving-machine-for-sale\"><strong>K\u00fc\u00e7\u00fck<\/strong> <strong>sat\u0131l\u0131k ah\u015fap t\u0131ra\u015f makinesi<\/strong><\/h2>    <p>\u00c7in'de tan\u0131nm\u0131\u015f bir \u00fcretici olarak Shuliy Machinery, Filipinler, Malezya, Endonezya, Kanada, Avustralya, Kongo, Nijerya, Sudan, Suudi Arabistan, Amerika Birle\u015fik Devletleri, Hindistan, Rusya, Mo\u011folistan, Kazakistan ve di\u011fer \u00fclkelerdeki m\u00fc\u015fterilerden sipari\u015f al\u0131yor. \u00fclkeler. Sat\u0131\u015f\u0131n\u0131 yapt\u0131\u011f\u0131m\u0131z ah\u015fap t\u0131ra\u015f makinesi, m\u00fc\u015fterilerin farkl\u0131 \u00fcretim ko\u015fullar\u0131n\u0131 kar\u015f\u0131layacak elektrikli ve dizel ekipmanlara sahiptir. Ayr\u0131ca tar\u0131m ve ormanc\u0131l\u0131\u011fa uygun mobil cihazlar ve besleme ve bo\u015faltma i\u00e7in konvey\u00f6rler de sa\u011fl\u0131yoruz.<\/p>    <figure class=\"wp-block-gallery has-nested-images columns-default is-cropped wp-block-gallery-6 is-layout-flex wp-block-gallery-is-layout-flex\"> <figure class=\"wp-block-image size-large\"><img loading=\"lazy\" decoding=\"async\" width=\"720\" height=\"540\" data-id=\"2140\" src=\"https:\/\/charcoalplant.com\/wp-content\/uploads\/2022\/01\/shippment.jpg\" alt=\"sevkiyat\" class=\"wp-image-2140\"\/><figcaption class=\"wp-element-caption\">sevkiyat<\/figcaption><\/figure> <\/figure>    <p>Ekipman \u00f6zelle\u015ftirme hizmetleri sa\u011fl\u0131yoruz. \u0130htiyac\u0131n\u0131z olan ah\u015fap t\u0131ra\u015f makinesi ve aksesuarlar\u0131 hakk\u0131nda bilgi almak i\u00e7in bize mesaj b\u0131rakabilir veya arayabilirsiniz.<\/p>    <h2 class=\"wp-block-heading\" id=\"h-log-sawdust-for-animal-bedding-specification\"><strong>En iyi ticari ah\u015fap t\u0131ra\u015f makinesi \u00f6zellikleri<\/strong><\/h2>    <p>SL-WS420, SL-WS600 ve SL-WS800 a\u011fa\u00e7 \u00f6\u011f\u00fctme makineleri en pop\u00fcler \u00fc\u00e7 modelimizdir. B\u00fcy\u00fck \u00f6l\u00e7ekli ekipman ihtiya\u00e7lar\u0131n\u0131 kar\u015f\u0131lamak i\u00e7in m\u00fc\u015fterilerimize konvey\u00f6r bantlar\u0131 ve kontrol kabinleri sunaca\u011f\u0131z. B\u00fcy\u00fck \u00f6l\u00e7ekli ekipman bilgisine ihtiyac\u0131n\u0131z varsa, l\u00fctfen \u015fimdi bizimle ileti\u015fime ge\u00e7in. \u00dcr\u00fcn resimlerini, fiyatlar\u0131n\u0131 ve videolar\u0131n\u0131 alacaks\u0131n\u0131z.<\/p>    <figure class=\"wp-block-table is-style-stripes\"><table><tbody><tr><td>MODEL\u0130<\/td><td>KAPAS\u0130TE<\/td><td>G\u0130R\u0130\u015e BOYUTU<\/td><td>G\u00dc\u00c7<\/td><\/tr><tr><td>SL-WS420<\/td><td>300kg\/saat<\/td><td>6cm<\/td><td>7,5 kW<\/td><\/tr><tr><td>SL-WS600<\/td><td>500kg\/saat<\/td><td>12cm<\/td><td>15kw<\/td><\/tr><tr><td>SL-WS800<\/td><td>1000kg\/saat<\/td><td>16cm<\/td><td>30kw<\/td><\/tr><tr><td>SL-WS1000<\/td><td>1500kg\/saat<\/td><td>20cm<\/td><td>55kw<\/td><\/tr><tr><td>SL-WS1200<\/td><td>2000kg\/saat<\/td><td>24cm<\/td><td>55kw<\/td><\/tr><tr><td>SL-WS1500<\/td><td>2500kg\/saat<\/td><td>32cm<\/td><td>75kw<\/td><\/tr><\/tbody><\/table><\/figure>    <h2 class=\"wp-block-heading\" id=\"video-of-wood-shavings-making-machine\"><strong>Ah\u015fap tala\u015f\u0131 yapma makinesinin videosu<\/strong><\/h2>    <p>Tala\u015f yapma s\u00fcreci \u00e7ok bas\u0131n\u00e7 azalt\u0131c\u0131d\u0131r. \u00c7\u00fcnk\u00fc \u00e7ok fazla toz \u00fcretmiyor. Fabrikam\u0131z taraf\u0131ndan \u00e7ekilen ilgili video a\u015fa\u011f\u0131dad\u0131r, izlemeye ho\u015f geldiniz.<\/p>    <figure class=\"wp-block-embed is-type-video is-provider-youtube wp-block-embed-youtube wp-embed-aspect-16-9 wp-has-aspect-ratio\"><div class=\"wp-block-embed__wrapper\"> <iframe loading=\"lazy\" title=\"Ah\u015fap T\u0131ra\u015f Yapma Makinesi | Hayvan Yataklar\u0131 i\u00e7in Tala\u015flar#ah\u015fap Tala\u015flar\u0131 1TP5Diken Yataklar\u0131\" width=\"500\" height=\"281\" src=\"https:\/\/www.youtube.com\/embed\/kjd66dyTixY?feature=oembed\" frameborder=\"0\" allow=\"accelerometer; autoplay; clipboard-write; encrypted-media; gyroscope; picture-in-picture; web-share\" referrerpolicy=\"strict-origin-when-cross-origin\" allowfullscreen><\/iframe> <\/div><\/figure>    <h2 class=\"wp-block-heading\" id=\"h-how-much-is-an-animal-bedding-shaving-machine\"><strong>Bir a\u011fa\u00e7 t\u0131ra\u015f makinesinin fiyat\u0131 ne kadar?<\/strong><\/h2>    <p>Farkl\u0131 a\u011fa\u00e7 soyma makinesi \u00fcreticileri farkl\u0131 fiyatlar verecektir. \u00dcst d\u00fczey \u00fcr\u00fcn kalitesi ve iyi hizmet sa\u011flarken size rekabet\u00e7i fiyatlar sunmay\u0131 garanti edebiliriz. \u00dcr\u00fcn fiyatlar\u0131 ayn\u0131 zamanda nakliye y\u00f6ntemleri, makine \u00f6zellikleri, yedek par\u00e7a gibi ko\u015fullardan da etkilenmektedir. Spesifik fiyat\u0131 \u00f6\u011frenmek istiyorsan\u0131z l\u00fctfen hemen bizimle ileti\u015fime ge\u00e7in; b\u00f6ylece ah\u015fap t\u0131ra\u015f makinelerinin en g\u00fcncel fiyat listesini alacaks\u0131n\u0131z.<\/p>    <figure class=\"wp-block-gallery has-nested-images columns-default is-cropped wp-block-gallery-7 is-layout-flex wp-block-gallery-is-layout-flex\"> <figure class=\"wp-block-image size-large\"><img loading=\"lazy\" decoding=\"async\" width=\"720\" height=\"540\" data-id=\"2141\" src=\"https:\/\/charcoalplant.com\/wp-content\/uploads\/2022\/01\/large-sawdust-machine-show.jpg\" alt=\"b\u00fcy\u00fck tala\u015f makinesi g\u00f6sterisi\" class=\"wp-image-2141\"\/><figcaption class=\"wp-element-caption\">b\u00fcy\u00fck tala\u015f makinesi g\u00f6sterisi<\/figcaption><\/figure>    <figure class=\"wp-block-image size-large\"><img loading=\"lazy\" decoding=\"async\" width=\"720\" height=\"540\" data-id=\"2142\" src=\"https:\/\/charcoalplant.com\/wp-content\/uploads\/2022\/01\/wood-shaver-chipper-for-sale.jpg\" alt=\"sat\u0131l\u0131k odun-t\u0131ra\u015f makinesi-par\u00e7alay\u0131c\u0131\" class=\"wp-image-2142\"\/><figcaption class=\"wp-element-caption\">sat\u0131l\u0131k odun-t\u0131ra\u015f makinesi-par\u00e7alay\u0131c\u0131<\/figcaption><\/figure> <\/figure>    <h2 class=\"wp-block-heading\" id=\"h-what-is-a-good-use-for-wood-shavings\"><strong>Tala\u015flar\u0131n iyi bir kullan\u0131m\u0131 nedir?<\/strong><strong><\/strong><\/h2>    <p>Tala\u015flar\u0131n orijinal \u00f6zellikleri onlar\u0131 \u00e7ok kullan\u0131\u015fl\u0131 ve pratik k\u0131lmaktad\u0131r. \u00d6zel uygulamalar\u0131na bir g\u00f6z atal\u0131m.<\/p>    <p class=\"translation-block\"><strong>1. Paketleme dolgusu<\/strong><strong><\/strong><\/p>    <p>Tala\u015flar yumu\u015fak ve \u00e7evre dostu olup, k\u0131r\u0131lgan \u00fcr\u00fcnlerin paketlenmesi ve doldurulmas\u0131 i\u00e7in \u00e7ok uygundur. Piyasada plastik, k\u00f6p\u00fck gibi dolgu malzemeleri de mevcut ancak asl\u0131nda en pop\u00fcler olan\u0131 ah\u015fap tala\u015f\u0131d\u0131r. Ekonomik ve \u00e7evre dostu olmas\u0131n\u0131n yan\u0131 s\u0131ra nemi giderir ve taze tutar. \u00c7ok \u00fcst d\u00fczey bir \u00fcr\u00fcn.<\/p>    <figure class=\"wp-block-gallery has-nested-images columns-default is-cropped wp-block-gallery-8 is-layout-flex wp-block-gallery-is-layout-flex\"> <figure class=\"wp-block-image size-large\"><img loading=\"lazy\" decoding=\"async\" width=\"720\" height=\"540\" data-id=\"748\" src=\"https:\/\/charcoalplant.com\/wp-content\/uploads\/2021\/11\/Stuffing-and-packaging-1.jpg\" alt=\"Doldurma ve paketleme\" class=\"wp-image-748\" srcset=\"https:\/\/charcoalplant.com\/wp-content\/uploads\/2021\/11\/Stuffing-and-packaging-1.jpg 720w, https:\/\/charcoalplant.com\/wp-content\/uploads\/2021\/11\/Stuffing-and-packaging-1-300x225.jpg 300w\" sizes=\"auto, (max-width: 720px) 100vw, 720px\" \/><figcaption class=\"wp-element-caption\">Doldurma ve paketleme<\/figcaption><\/figure>    <figure class=\"wp-block-image size-large\"><img loading=\"lazy\" decoding=\"async\" width=\"720\" height=\"540\" data-id=\"2145\" src=\"https:\/\/charcoalplant.com\/wp-content\/uploads\/2022\/01\/flake-1.jpg\" alt=\"pul\" class=\"wp-image-2145\"\/><figcaption class=\"wp-element-caption\">pul<\/figcaption><\/figure> <\/figure>    <p class=\"translation-block\"><strong>2. Hayvan altl\u0131\u011f\u0131<\/strong><strong><\/strong><\/p>    <p>En yayg\u0131n k\u00fc\u00e7\u00fck hamster yuvas\u0131nda \u00e7ok say\u0131da tala\u015f bulunur. Asl\u0131nda \u00e7ok faydal\u0131d\u0131r. \u00d6ncelikle s\u0131cak tutun. Hamsterlerin so\u011fuktan korktu\u011funu hepimiz biliyoruz, bu nedenle yuvaya biraz tala\u015f koymak onlar\u0131 s\u0131cak tutabilir. \u0130kincisi, nem alma ve koku giderme. Hamster her yere d\u0131\u015fk\u0131layacakt\u0131r ve temizlenmesi kolay de\u011fildir. \u015eu anda kirli olanlar\u0131 temizleyin ve yenilerini doldurun. \u00dc\u00e7\u00fcnc\u00fcs\u00fc g\u00fcvenlik ve sa\u011fl\u0131k. Tala\u015f ba\u015flang\u0131\u00e7ta a\u011fa\u00e7lardan yap\u0131l\u0131r. Hayvanlar do\u011fay\u0131 \u00f6zl\u00fcyor ve bu k\u00fct\u00fck de bunu yans\u0131t\u0131yor.<\/p>    <figure class=\"wp-block-gallery has-nested-images columns-default is-cropped wp-block-gallery-9 is-layout-flex wp-block-gallery-is-layout-flex\"> <figure class=\"wp-block-image size-large\"><img loading=\"lazy\" decoding=\"async\" width=\"720\" height=\"540\" data-id=\"739\" src=\"https:\/\/charcoalplant.com\/wp-content\/uploads\/2021\/11\/shaver-for-hamsters-bedding-1.jpg\" alt=\"hamster-yatak i\u00e7in t\u0131ra\u015f makinesi\" class=\"wp-image-739\" srcset=\"https:\/\/charcoalplant.com\/wp-content\/uploads\/2021\/11\/shaver-for-hamsters-bedding-1.jpg 720w, https:\/\/charcoalplant.com\/wp-content\/uploads\/2021\/11\/shaver-for-hamsters-bedding-1-300x225.jpg 300w\" sizes=\"auto, (max-width: 720px) 100vw, 720px\" \/><figcaption class=\"wp-element-caption\">hamster-yatak i\u00e7in t\u0131ra\u015f makinesi<\/figcaption><\/figure>    <figure class=\"wp-block-image size-large\"><img loading=\"lazy\" decoding=\"async\" width=\"720\" height=\"540\" data-id=\"740\" src=\"https:\/\/charcoalplant.com\/wp-content\/uploads\/2021\/11\/shaver-for-chicken-bedding-1.jpg\" alt=\"tavuk yata\u011f\u0131 i\u00e7in t\u0131ra\u015f makinesi\" class=\"wp-image-740\" srcset=\"https:\/\/charcoalplant.com\/wp-content\/uploads\/2021\/11\/shaver-for-chicken-bedding-1.jpg 720w, https:\/\/charcoalplant.com\/wp-content\/uploads\/2021\/11\/shaver-for-chicken-bedding-1-300x225.jpg 300w\" sizes=\"auto, (max-width: 720px) 100vw, 720px\" \/><figcaption class=\"wp-element-caption\">tavuk yata\u011f\u0131 i\u00e7in t\u0131ra\u015f makinesi<\/figcaption><\/figure> <\/figure>    <p class=\"translation-block\"><strong>3. Bitki k\u00fclt\u00fcr\u00fc ortam\u0131<\/strong><strong><\/strong><\/p>    <p>K\u00fc\u00e7\u00fck saks\u0131larda tala\u015f bulaca\u011f\u0131z. Suyun tutulmas\u0131nda ve topra\u011f\u0131n yumu\u015fakl\u0131\u011f\u0131n\u0131n artt\u0131r\u0131lmas\u0131nda rol oynar.<\/p>    <figure class=\"wp-block-gallery has-nested-images columns-default is-cropped wp-block-gallery-10 is-layout-flex wp-block-gallery-is-layout-flex\"> <figure class=\"wp-block-image size-large\"><img loading=\"lazy\" decoding=\"async\" width=\"756\" height=\"228\" data-id=\"2143\" src=\"https:\/\/charcoalplant.com\/wp-content\/uploads\/2022\/01\/medium.jpg\" alt=\"orta\" class=\"wp-image-2143\"\/><figcaption class=\"wp-element-caption\">orta<\/figcaption><\/figure> <\/figure>    <h2 class=\"wp-block-heading\">Ah\u015fap T\u0131ra\u015f Makinesi Kullanman\u0131n Faydalar\u0131<\/h2>    <ul class=\"wp-block-list\"> <li><strong>Artan h\u0131z ve verimlilik:<\/strong> Ah\u015fap t\u0131ra\u015f makineleri, k\u0131sa s\u00fcrede b\u00fcy\u00fck hacimde tala\u015f \u00fcretebilir, bu da onlar\u0131 d\u00fczenli olarak \u00e7ok say\u0131da ah\u015fab\u0131 i\u015flemesi gereken ki\u015filer i\u00e7in verimli k\u0131lar.<\/li>    <li><strong>Daha fazla hassasiyet:<\/strong> Ah\u015fap t\u0131ra\u015f makineleri, elde tutulan ah\u015fap t\u0131ra\u015f makinelerinden daha hassast\u0131r, bu da onlar\u0131 hassas kesimler veya \u015fekiller i\u00e7in iyi k\u0131lar.<\/li>    <li><strong>Kullan\u0131m\u0131 daha kolay:<\/strong> Ah\u015fap t\u0131ra\u015f makinelerinin kullan\u0131m\u0131 genellikle elde tutulan ah\u015fap t\u0131ra\u015f makinelerine g\u00f6re daha kolayd\u0131r, bu da onlar\u0131 ah\u015fap i\u015flemeye yeni ba\u015flayanlar veya el aletleri konusunda \u00e7ok az deneyimi olanlar i\u00e7in iyi bir se\u00e7im haline getirir.<\/li> <\/ul>","protected":false},"excerpt":{"rendered":"<p>Ah\u015fap t\u0131ra\u015f makinesi, hayvan yata\u011f\u0131 tala\u015flar\u0131 yapmak, k\u0131r\u0131lgan \u00fcr\u00fcnler i\u00e7in malzemeler ve bitki k\u00fclt\u00fcr\u00fc medyas\u0131 yapmak i\u00e7in \u00f6nemli bir ara\u00e7t\u0131r.<\/p>","protected":false},"author":1,"featured_media":2133,"parent":0,"template":"","tags":[64],"product-type":[3],"class_list":["post-584","product","type-product","status-publish","has-post-thumbnail","hentry","tag-wood-wastes-recycling-machine","product-type-wood-wastes-recycling-machine"],"_links":{"self":[{"href":"https:\/\/charcoalplant.com\/tr\/wp-json\/wp\/v2\/product\/584","targetHints":{"allow":["GET"]}}],"collection":[{"href":"https:\/\/charcoalplant.com\/tr\/wp-json\/wp\/v2\/product"}],"about":[{"href":"https:\/\/charcoalplant.com\/tr\/wp-json\/wp\/v2\/types\/product"}],"author":[{"embeddable":true,"href":"https:\/\/charcoalplant.com\/tr\/wp-json\/wp\/v2\/users\/1"}],"wp:featuredmedia":[{"embeddable":true,"href":"https:\/\/charcoalplant.com\/tr\/wp-json\/wp\/v2\/media\/2133"}],"wp:attachment":[{"href":"https:\/\/charcoalplant.com\/tr\/wp-json\/wp\/v2\/media?parent=584"}],"wp:term":[{"taxonomy":"post_tag","embeddable":true,"href":"https:\/\/charcoalplant.com\/tr\/wp-json\/wp\/v2\/tags?post=584"},{"taxonomy":"product-type","embeddable":true,"href":"https:\/\/charcoalplant.com\/tr\/wp-json\/wp\/v2\/product-type?post=584"}],"curies":[{"name":"wp","href":"https:\/\/api.w.org\/{rel}","templated":true}]}}