{"id":589,"date":"2021-11-24T02:51:39","date_gmt":"2021-11-24T02:51:39","guid":{"rendered":"https:\/\/charcoalplant.com\/?p=589"},"modified":"2022-06-10T02:17:47","modified_gmt":"2022-06-10T02:17:47","slug":"hammer-mill","status":"publish","type":"product","link":"https:\/\/charcoalplant.com\/tr\/product\/hammer-mill\/","title":{"rendered":"\u00c7eki\u00e7li De\u011firmen | Ah\u015fap At\u0131k \u00d6\u011f\u00fct\u00fcc\u00fc"},"content":{"rendered":"<div class=\"kk-star-ratings kksr-auto kksr-align-left kksr-valign-top\"     data-payload='{&quot;align&quot;:&quot;left&quot;,&quot;id&quot;:&quot;589&quot;,&quot;slug&quot;:&quot;default&quot;,&quot;valign&quot;:&quot;top&quot;,&quot;ignore&quot;:&quot;&quot;,&quot;reference&quot;:&quot;auto&quot;,&quot;class&quot;:&quot;&quot;,&quot;count&quot;:&quot;21&quot;,&quot;legendonly&quot;:&quot;&quot;,&quot;readonly&quot;:&quot;&quot;,&quot;score&quot;:&quot;4.6&quot;,&quot;starsonly&quot;:&quot;&quot;,&quot;best&quot;:&quot;5&quot;,&quot;gap&quot;:&quot;5&quot;,&quot;greet&quot;:&quot;Rate this product&quot;,&quot;legend&quot;:&quot;4.6\\\/5 - (21 votes)&quot;,&quot;size&quot;:&quot;24&quot;,&quot;title&quot;:&quot;Hammer Mill | Wood Wastes Grinder&quot;,&quot;width&quot;:&quot;130.9&quot;,&quot;_legend&quot;:&quot;{score}\\\/{best} - ({count} {votes})&quot;,&quot;font_factor&quot;:&quot;1.25&quot;}'>              <div class=\"kksr-stars\">      <div class=\"kksr-stars-inactive\">             <div class=\"kksr-star\" data-star=\"1\" style=\"padding-right: 5px\">               <div class=\"kksr-icon\" style=\"width: 24px; height: 24px;\"><\/div>         <\/div>             <div class=\"kksr-star\" data-star=\"2\" style=\"padding-right: 5px\">               <div class=\"kksr-icon\" style=\"width: 24px; height: 24px;\"><\/div>         <\/div>             <div class=\"kksr-star\" data-star=\"3\" style=\"padding-right: 5px\">               <div class=\"kksr-icon\" style=\"width: 24px; height: 24px;\"><\/div>         <\/div>             <div class=\"kksr-star\" data-star=\"4\" style=\"padding-right: 5px\">               <div class=\"kksr-icon\" style=\"width: 24px; height: 24px;\"><\/div>         <\/div>             <div class=\"kksr-star\" data-star=\"5\" style=\"padding-right: 5px\">               <div class=\"kksr-icon\" style=\"width: 24px; height: 24px;\"><\/div>         <\/div>     <\/div>      <div class=\"kksr-stars-active\" style=\"width: 130.9px;\">             <div class=\"kksr-star\" style=\"padding-right: 5px\">               <div class=\"kksr-icon\" style=\"width: 24px; height: 24px;\"><\/div>         <\/div>             <div class=\"kksr-star\" style=\"padding-right: 5px\">               <div class=\"kksr-icon\" style=\"width: 24px; height: 24px;\"><\/div>         <\/div>             <div class=\"kksr-star\" style=\"padding-right: 5px\">               <div class=\"kksr-icon\" style=\"width: 24px; height: 24px;\"><\/div>         <\/div>             <div class=\"kksr-star\" style=\"padding-right: 5px\">               <div class=\"kksr-icon\" style=\"width: 24px; height: 24px;\"><\/div>         <\/div>             <div class=\"kksr-star\" style=\"padding-right: 5px\">               <div class=\"kksr-icon\" style=\"width: 24px; height: 24px;\"><\/div>         <\/div>     <\/div> <\/div>                   <div class=\"kksr-legend\" style=\"font-size: 19.2px;\">             4.6\/5 - (21 oy)    <\/div>     <\/div>  <p class=\"translation-block\"><strong>Hammer Mill<\/strong>, <strong><a href=\"https:\/\/charcoalplant.com\/tr\/wood-crusher-machine\/\">wood\u00a0shredder<\/a><\/strong>\u2019n\u0131n geli\u015fmi\u015f bir s\u00fcr\u00fcm\u00fcd\u00fcr. \u00c7\u00fcnk\u00fc hammaddeyi \u00e7ok nazik\u00e7e i\u015fleyebilir. Daha da \u00f6nemlisi, \u00e7ok \u00e7e\u015fitli hammaddeleri i\u015fleyebilir. \u00d6rne\u011fin ka\u011f\u0131t, hindistancevizi kabuklar\u0131, dallar, t\u0131bbi maddeler, plastikler vb. Bu nedenle baz\u0131 geri d\u00f6n\u00fc\u015f\u00fcm \u00fcretim hatlar\u0131nda vazge\u00e7ilmez bir makine olarak kabul edilir. Ayn\u0131 zamanda, en karl\u0131 projelerden biri olan t\u0131r. Shuliy\u00a0<strong><a href=\"https:\/\/charcoalplant.com\/tr\/info\/complete-set-of-animal-feed-making-machines-exported-to-saudi-arabia\/\">hammer milling machine<\/a><\/strong>, y\u00fcksek kalite, iyi performans, y\u00fcksek verim ve enerji tasarrufu ile karakterize edilir ve geni\u015f bir uygulama yelpazesine sahiptir. \u015eimdi i\u015finize ba\u015flay\u0131n ve size b\u00fcy\u00fck bir indirim verece\u011fiz.<\/p>    <h2 class=\"wp-block-heading\" id=\"h-raw-materials-for-hammer-mill\"><strong>\u00c7eki\u00e7li de\u011firmen i\u00e7in hammaddeler<\/strong><\/h2>    <p>Ticari \u00e7eki\u00e7li de\u011firmenler, daha y\u00fcksek verim ve daha fazla t\u00fcrde nihai \u00fcr\u00fcn ile s\u0131radan ah\u015fap k\u0131r\u0131c\u0131lardan daha yayg\u0131n olarak kullan\u0131lmaktad\u0131r. Kullanabilece\u011fi hammaddeler a\u015fa\u011f\u0131daki kategorilere ayr\u0131labilir. <\/p>    <ul class=\"wp-block-list\"><li>Ah\u015fap malzemeler: k\u00fct\u00fckler, tala\u015flar, ah\u015fap tahtalar, dallar, bambu, kavak, meyve a\u011fa\u00e7lar\u0131 vb. <\/li><li>Tah\u0131llar: m\u0131s\u0131r, bu\u011fday, sorgum, karabu\u011fday, soya fasulyesi vb. <\/li><li>K\u00f6m\u00fcr: ham k\u00f6m\u00fcr, bambu k\u00f6m\u00fcr\u00fc, meyve k\u00f6m\u00fcr\u00fc, hindistan cevizi kabu\u011fu k\u00f6m\u00fcr\u00fc vb. <\/li><li>Lifler: pirin\u00e7 saman\u0131, saman, bu\u011fday saman\u0131, pamuk ve kenevir saman\u0131 vb. <\/li><li>Di\u011ferleri: karton kutular, hindistancevizi kabuklar\u0131, \u00c7in bitkisel ila\u00e7lar\u0131, yem bitkileri vb.  <\/li><\/ul>    <figure class=\"wp-block-gallery has-nested-images columns-4 is-cropped wp-block-gallery-2 is-layout-flex wp-block-gallery-is-layout-flex\"> <figure class=\"wp-block-image size-large\"><img loading=\"lazy\" decoding=\"async\" width=\"720\" height=\"540\" data-id=\"2063\" src=\"https:\/\/charcoalplant.com\/wp-content\/uploads\/2021\/11\/bamboo.jpg\" alt=\"bambu\" class=\"wp-image-2063\"\/><figcaption>bambu<\/figcaption><\/figure>    <figure class=\"wp-block-image size-large\"><img loading=\"lazy\" decoding=\"async\" width=\"720\" height=\"540\" data-id=\"2064\" src=\"https:\/\/charcoalplant.com\/wp-content\/uploads\/2021\/11\/Chinese-herbal-medicine.jpg\" alt=\"\u00c7in bitkisel ilac\u0131\" class=\"wp-image-2064\"\/><figcaption>\u00c7in bitkisel ilac\u0131<\/figcaption><\/figure>    <figure class=\"wp-block-image size-large\"><img loading=\"lazy\" decoding=\"async\" width=\"720\" height=\"540\" data-id=\"2066\" src=\"https:\/\/charcoalplant.com\/wp-content\/uploads\/2021\/11\/wastes-wood-chips.jpg\" alt=\"odun tala\u015flar\u0131n\u0131 israf eder\" class=\"wp-image-2066\"\/><figcaption>odun tala\u015flar\u0131n\u0131 israf eder<\/figcaption><\/figure>    <figure class=\"wp-block-image size-large\"><img loading=\"lazy\" decoding=\"async\" width=\"720\" height=\"540\" data-id=\"2087\" src=\"https:\/\/charcoalplant.com\/wp-content\/uploads\/2022\/01\/carton-box.jpg\" alt=\"karton kutu\" class=\"wp-image-2087\"\/><figcaption>karton kutu<\/figcaption><\/figure>    <figure class=\"wp-block-image size-large\"><img loading=\"lazy\" decoding=\"async\" width=\"720\" height=\"540\" data-id=\"2088\" src=\"https:\/\/charcoalplant.com\/wp-content\/uploads\/2022\/01\/charcoal.jpg\" alt=\"k\u00f6m\u00fcr\" class=\"wp-image-2088\"\/><figcaption>k\u00f6m\u00fcr<\/figcaption><\/figure>    <figure class=\"wp-block-image size-large\"><img loading=\"lazy\" decoding=\"async\" width=\"720\" height=\"540\" data-id=\"2089\" src=\"https:\/\/charcoalplant.com\/wp-content\/uploads\/2022\/01\/coconut-shell.jpg\" alt=\"Hindistan cevizi kabu\u011fu\" class=\"wp-image-2089\"\/><figcaption>Hindistan cevizi kabu\u011fu<\/figcaption><\/figure>    <figure class=\"wp-block-image size-large\"><img loading=\"lazy\" decoding=\"async\" width=\"720\" height=\"540\" data-id=\"2090\" src=\"https:\/\/charcoalplant.com\/wp-content\/uploads\/2022\/01\/corn-and-bean.jpg\" alt=\"m\u0131s\u0131r ve fasulye\" class=\"wp-image-2090\"\/><figcaption>m\u0131s\u0131r ve fasulye<\/figcaption><\/figure> <\/figure>    <h2 class=\"wp-block-heading\" id=\"h-operating-principle-of-wood-wastes-grinder\"><strong>Odun at\u0131k \u00f6\u011f\u00fct\u00fcc\u00fcn\u00fcn \u00e7al\u0131\u015fma prensibi <\/strong><\/h2>    <p>\u00c7eki\u00e7li de\u011firmenin ana \u00e7al\u0131\u015fma prensibi, y\u00fcksek h\u0131zda d\u00f6nen rotorun, ana \u015faft\u0131n \u00e7ekicini y\u00fcksek h\u0131zda d\u00f6nmesi i\u00e7in tahrik etmesidir. Hammadde \u00e7eki\u00e7ten ge\u00e7tikten sonra hemen k\u0131r\u0131lacakt\u0131r. Bu nedenle s\u00fcrd\u00fcr\u00fclebilir \u00e7al\u0131\u015fan bir k\u0131rma cihaz\u0131d\u0131r.<\/p>    <figure class=\"wp-block-gallery has-nested-images columns-default is-cropped wp-block-gallery-3 is-layout-flex wp-block-gallery-is-layout-flex\"> <figure class=\"wp-block-image size-large\"><img loading=\"lazy\" decoding=\"async\" width=\"720\" height=\"540\" data-id=\"2068\" src=\"https:\/\/charcoalplant.com\/wp-content\/uploads\/2022\/01\/HM1300-wood-crusher.jpg\" alt=\"HM1300-odun k\u0131r\u0131c\u0131\" class=\"wp-image-2068\"\/><figcaption>HM1300-odun k\u0131r\u0131c\u0131<\/figcaption><\/figure>    <figure class=\"wp-block-image size-large\"><img loading=\"lazy\" decoding=\"async\" width=\"720\" height=\"540\" data-id=\"2069\" src=\"https:\/\/charcoalplant.com\/wp-content\/uploads\/2022\/01\/large-campcity-hammer-mill.jpg\" alt=\"b\u00fcy\u00fck-kamp-\u015fehir-\u00e7eki\u00e7li de\u011firmen\" class=\"wp-image-2069\"\/><figcaption>b\u00fcy\u00fck-kamp-\u015fehir-\u00e7eki\u00e7li de\u011firmen<\/figcaption><\/figure> <\/figure>    <h2 class=\"wp-block-heading\" id=\"video-of-hammer-crusher-crushing\"><strong>Video<\/strong> <strong>ile ilgili<\/strong> <strong>\u00e7eki\u00e7li k\u0131r\u0131c\u0131 k\u0131rma <\/strong><\/h2>    <p>Hammermill'in g\u00fc\u00e7l\u00fc bir k\u0131rma kuvveti vard\u0131r. Bu nedenle bitmi\u015f odun par\u00e7alay\u0131c\u0131 ve odun par\u00e7alay\u0131c\u0131y\u0131 daha da i\u015fleyebilir. Video sayesinde y\u00fcksek verimlili\u011finin ve kolay kullan\u0131m\u0131n\u0131n avantajlar\u0131n\u0131 a\u00e7\u0131k\u00e7a g\u00f6rebilirsiniz.<\/p>    <figure class=\"wp-block-embed is-type-video is-provider-youtube wp-block-embed-youtube wp-embed-aspect-16-9 wp-has-aspect-ratio\"><div class=\"wp-block-embed__wrapper\"> <iframe loading=\"lazy\" title=\"S\u0131cak Sat\u0131\u015f Hindistan Cevizi Kabu\u011fu \u00c7eki\u00e7li De\u011firmen | Hayvan Yemi Fabrikas\u0131 \u0130\u00e7in Saman Par\u00e7alay\u0131c\u0131#biyok\u00fctle#k\u00f6m\u00fcrk\u0131rma\" width=\"500\" height=\"281\" src=\"https:\/\/www.youtube.com\/embed\/Jvb6txakGeQ?feature=oembed\" frameborder=\"0\" allow=\"accelerometer; autoplay; clipboard-write; encrypted-media; gyroscope; picture-in-picture; web-share\" referrerpolicy=\"strict-origin-when-cross-origin\" allowfullscreen><\/iframe> <\/div><\/figure>    <h2 class=\"wp-block-heading\" id=\"h-composition-of-hammer-mill\"><strong>\u00c7eki\u00e7li de\u011firmenin bile\u015fimi<\/strong><\/h2>    <p>Ah\u015fap \u00e7eki\u00e7li de\u011firmen y\u00fcksek h\u0131zl\u0131 bir k\u0131rma makinesidir. Esas olarak contalar, \u00e7eki\u00e7ler, \u0130nd\u00fcklenmi\u015f \u00e7eki\u015fli fan ve elekler gibi aksesuarlar\u0131 i\u00e7erir.<\/p>    <h3 class=\"wp-block-heading\" id=\"screen-and-hammer\"><strong>Ekran ve \u00e7eki\u00e7<\/strong><strong><\/strong><\/h3>    <p>Odun at\u0131k \u00f6\u011f\u00fct\u00fcc\u00fcn\u00fcn \u00e7eki\u00e7 say\u0131s\u0131, yem miktar\u0131n\u0131, yani model boyutunu belirler. Elek a\u011f\u0131n\u0131n \u00e7ap\u0131 nihai malzemenin inceli\u011fini belirler. <\/p>    <figure class=\"wp-block-gallery has-nested-images columns-default is-cropped wp-block-gallery-4 is-layout-flex wp-block-gallery-is-layout-flex\"> <figure class=\"wp-block-image size-large\"><img loading=\"lazy\" decoding=\"async\" width=\"720\" height=\"540\" data-id=\"754\" src=\"https:\/\/charcoalplant.com\/wp-content\/uploads\/2021\/11\/hammer-and-screen-1.jpg\" alt=\"\u00e7eki\u00e7 ve ekran\" class=\"wp-image-754\" srcset=\"https:\/\/charcoalplant.com\/wp-content\/uploads\/2021\/11\/hammer-and-screen-1.jpg 720w, https:\/\/charcoalplant.com\/wp-content\/uploads\/2021\/11\/hammer-and-screen-1-300x225.jpg 300w\" sizes=\"auto, (max-width: 720px) 100vw, 720px\" \/><figcaption>\u00e7eki\u00e7 ve ekran<\/figcaption><\/figure>    <figure class=\"wp-block-image size-large\"><img loading=\"lazy\" decoding=\"async\" width=\"720\" height=\"540\" data-id=\"755\" src=\"https:\/\/charcoalplant.com\/wp-content\/uploads\/2021\/11\/Various-screens-1.jpg\" alt=\"\u00c7e\u015fitli ekranlar\" class=\"wp-image-755\" srcset=\"https:\/\/charcoalplant.com\/wp-content\/uploads\/2021\/11\/Various-screens-1.jpg 720w, https:\/\/charcoalplant.com\/wp-content\/uploads\/2021\/11\/Various-screens-1-300x225.jpg 300w\" sizes=\"auto, (max-width: 720px) 100vw, 720px\" \/><figcaption>\u00c7e\u015fitli ekranlar<\/figcaption><\/figure> <figcaption class=\"blocks-gallery-caption\">\u00c7eki\u00e7 say\u0131s\u0131 makinenin modeline ba\u011fl\u0131d\u0131r. Ekran\u0131n boyutu da \u00e7e\u015fitlidir. Bu nedenle hepsi m\u00fc\u015fteri gereksinimlerine g\u00f6re \u00f6zelle\u015ftirilebilir.<\/figcaption><\/figure>    <h3 class=\"wp-block-heading\" id=\"discharging-device\"><strong>Bo\u015faltma cihaz\u0131<\/strong><\/h3>    <p>\u00c7eki\u00e7li de\u011firmende iki t\u00fcr bo\u015faltma cihaz\u0131 bulunur: vidal\u0131 bo\u015faltma ve Shaclon bo\u015faltma. Ve ikisinin kombinasyonu \u00e7\u0131kt\u0131 kalitesini art\u0131rabilir.<\/p>    <figure class=\"wp-block-gallery has-nested-images columns-default is-cropped wp-block-gallery-5 is-layout-flex wp-block-gallery-is-layout-flex\"> <figure class=\"wp-block-image size-large\"><img loading=\"lazy\" decoding=\"async\" width=\"720\" height=\"540\" data-id=\"2070\" src=\"https:\/\/charcoalplant.com\/wp-content\/uploads\/2022\/01\/hammer-milling-machine-plant.jpg\" alt=\"\u00e7eki\u00e7-freze-makine-fabrikas\u0131\" class=\"wp-image-2070\"\/><figcaption>\u00e7eki\u00e7-freze-makine-fabrikas\u0131<\/figcaption><\/figure> <figcaption class=\"blocks-gallery-caption\">Toz toplay\u0131c\u0131, kesme h\u0131z\u0131n\u0131 yava\u015flatmak i\u00e7in bir red\u00fckt\u00f6r ile donat\u0131lm\u0131\u015ft\u0131r. Ve bitmi\u015f \u00fcr\u00fcn\u00fcn toz bile\u015fimini azaltmak i\u00e7in baz\u0131 toz giderme cihazlar\u0131yla donat\u0131labilir. Ve temiz bir \u00e7al\u0131\u015fma ortam\u0131 sa\u011flay\u0131n.<\/figcaption><\/figure>    <h2 class=\"wp-block-heading\" id=\"finished-product-of-various-sizes\"><strong>\u00c7e\u015fitli boyutlarda bitmi\u015f \u00fcr\u00fcn<\/strong><\/h2>    <p>\u00c7eki\u00e7li de\u011firmenler farkl\u0131 boyutlarda incelik \u00fcretebilmektedir. Genel olarak \u00e7eki\u00e7li de\u011firmen, s\u00fcrekli olarak b\u00fcy\u00fck miktarlarda \u00fcretilebilen tozu besleyebilir ve daha sonra bo\u015faltabilir. Ah\u015fap en yayg\u0131n olarak 3 mm tala\u015f boyutuna kadar i\u015flenir. Ayr\u0131ca yeniden i\u015flenmek ve sat\u0131\u015fa sunulmak \u00fczere 6-8 mm'ye kadar i\u015flenmi\u015f a\u011fa\u00e7 tala\u015flar\u0131 da bulunmaktad\u0131r. Ve k\u00f6m\u00fcr genellikle 3 mm k\u00f6m\u00fcr tozuna i\u015flenir.<\/p>    <figure class=\"wp-block-gallery has-nested-images columns-default is-cropped wp-block-gallery-6 is-layout-flex wp-block-gallery-is-layout-flex\"> <figure class=\"wp-block-image size-large\"><img loading=\"lazy\" decoding=\"async\" width=\"720\" height=\"540\" data-id=\"2075\" src=\"https:\/\/charcoalplant.com\/wp-content\/uploads\/2022\/01\/Finished-products-of-different-fineness.jpg\" alt=\"Farkl\u0131 incelikte bitmi\u015f \u00fcr\u00fcnler\" class=\"wp-image-2075\"\/><figcaption>Farkl\u0131 incelikte bitmi\u015f \u00fcr\u00fcnler<\/figcaption><\/figure> <\/figure>    <h2 class=\"wp-block-heading\" id=\"application-of-industrial-hammer-milling-machine\"><strong>End\u00fcstriyel \u00e7eki\u00e7li freze makinesinin uygulanmas\u0131 <\/strong><\/h2>    <ol class=\"wp-block-list\"><li>K\u00f6m\u00fcr \u00fcretim hatt\u0131<br>\u00c7eki\u00e7li de\u011firmenler yayg\u0131n olarak kullan\u0131lmaktad\u0131r. <strong><a href=\"https:\/\/charcoalplant.com\/tr\/charcoal-making-machine-3\/\">k\u00f6m\u00fcr \u00fcretim hatlar\u0131<\/a><\/strong>. \u00dcretim i\u00e7in hammadde sa\u011flamak <strong><a href=\"https:\/\/charcoalplant.com\/tr\/biomass-briquette-machine\/sawdust-briquette-machine\/\">biyok\u00fctle briketi<\/a><\/strong>. Ayr\u0131ca k\u00f6m\u00fcr briketi \u00fcretmek i\u00e7in do\u011frudan k\u00f6m\u00fcr\u00fc ezebilir.<\/li><li><strong><a href=\"https:\/\/charcoalplant.com\/tr\/info\/hammermill-for-animal-feed-factory\/\">Hayvan Yemi<\/a><\/strong><br>Yemi ve tah\u0131l\u0131 d\u00f6verek toz haline getirir. B\u00f6ylece m\u00fc\u015fteriler bu malzemeleri yem olarak kullanabiliyor.<\/li><li>Besinler<br>Tala\u015f, topra\u011f\u0131n verimlili\u011fini art\u0131rmak i\u00e7in toprak g\u00fcbresi olarak kullan\u0131l\u0131r. Dahas\u0131, mantar yeti\u015ftirmek i\u00e7in bir ortam olarak da kullan\u0131labilir.<\/li><li>Ka\u011f\u0131t yap\u0131m\u0131<br>Odun par\u00e7alay\u0131c\u0131 ka\u011f\u0131d\u0131 par\u00e7alad\u0131ktan sonra ka\u011f\u0131t yap\u0131m\u0131 i\u00e7in yeniden kullan\u0131labilir.<\/li><\/ol>    <figure class=\"wp-block-gallery has-nested-images columns-default is-cropped wp-block-gallery-7 is-layout-flex wp-block-gallery-is-layout-flex\"> <figure class=\"wp-block-image size-large\"><img loading=\"lazy\" decoding=\"async\" width=\"720\" height=\"540\" data-id=\"2076\" src=\"https:\/\/charcoalplant.com\/wp-content\/uploads\/2022\/01\/hammer-crusher-plant.jpg\" alt=\"\u00e7eki\u00e7li k\u0131r\u0131c\u0131 tesisi\" class=\"wp-image-2076\"\/><figcaption>\u00e7eki\u00e7li k\u0131r\u0131c\u0131 tesisi<\/figcaption><\/figure>    <figure class=\"wp-block-image size-large\"><img loading=\"lazy\" decoding=\"async\" width=\"720\" height=\"540\" data-id=\"2078\" src=\"https:\/\/charcoalplant.com\/wp-content\/uploads\/2022\/01\/wood-crusher-production-line.jpg\" alt=\"a\u011fa\u00e7 k\u0131r\u0131c\u0131-\u00fcretim hatt\u0131\" class=\"wp-image-2078\"\/><figcaption>a\u011fa\u00e7 k\u0131r\u0131c\u0131-\u00fcretim hatt\u0131<\/figcaption><\/figure> <\/figure>    <h2 class=\"wp-block-heading\" id=\"h-wood-waste-grinder-for-sale\"><strong>Sat\u0131l\u0131k ah\u015fap at\u0131k \u00f6\u011f\u00fct\u00fcc\u00fc<\/strong><\/h2>    <p>Shuliy Machinery Equipment Co., Ltd., \u00c7in'in en iyi ah\u015fap geri d\u00f6n\u00fc\u015f\u00fcm ekipman\u0131 \u00fcreticisidir. Elektrikli ah\u015fap at\u0131k \u00f6\u011f\u00fct\u00fcc\u00fcler, dizel \u00e7eki\u00e7li k\u0131r\u0131c\u0131lar ve elektrikli dizel hibrit ah\u015fap at\u0131k \u00f6\u011f\u00fct\u00fcc\u00fcler sat\u0131yoruz. Bu \u00e7eki\u00e7li k\u0131r\u0131c\u0131 \u00e7ok y\u00f6nl\u00fcd\u00fcr ve farkl\u0131 hammaddeleri i\u015fleyebilir. B\u00f6ylece farkl\u0131 modelleri cesurca se\u00e7ebilirsiniz. Ayr\u0131ca ekipman\u0131n besleme portunu, bo\u015faltma y\u00f6ntemini ve hareketlili\u011fini de \u00f6zelle\u015ftirece\u011fiz. Daha fazla \u00fcr\u00fcn bilgisi i\u00e7in bizi aray\u0131n veya e-posta g\u00f6nderin.<\/p>    <figure class=\"wp-block-gallery has-nested-images columns-2 is-cropped wp-block-gallery-8 is-layout-flex wp-block-gallery-is-layout-flex\"> <figure class=\"wp-block-image size-large\"><img loading=\"lazy\" decoding=\"async\" width=\"720\" height=\"540\" data-id=\"2071\" src=\"https:\/\/charcoalplant.com\/wp-content\/uploads\/2022\/01\/diesel-hammermill.jpg\" alt=\"\" class=\"wp-image-2071\"\/><figcaption>Sat\u0131l\u0131k dizel \u00e7eki\u00e7li de\u011firmen<\/figcaption><\/figure>    <figure class=\"wp-block-image size-large\"><img loading=\"lazy\" decoding=\"async\" width=\"720\" height=\"540\" data-id=\"2072\" src=\"https:\/\/charcoalplant.com\/wp-content\/uploads\/2022\/01\/movable-wood-hammermilling.jpg\" alt=\"hareketli ah\u015fap \u00e7eki\u00e7li frezeleme\" class=\"wp-image-2072\"\/><figcaption>hareketli ah\u015fap \u00e7eki\u00e7li frezeleme<\/figcaption><\/figure>    <figure class=\"wp-block-image size-large\"><img loading=\"lazy\" decoding=\"async\" width=\"720\" height=\"540\" data-id=\"2073\" src=\"https:\/\/charcoalplant.com\/wp-content\/uploads\/2022\/01\/Double-feed-port-hammer-mill.jpg\" alt=\"\u00c7ift besleme portlu \u00e7eki\u00e7li de\u011firmen\" class=\"wp-image-2073\"\/><figcaption>\u00c7ift besleme portlu \u00e7eki\u00e7li de\u011firmen<\/figcaption><\/figure>    <figure class=\"wp-block-image size-large\"><img loading=\"lazy\" decoding=\"async\" width=\"720\" height=\"540\" data-id=\"2074\" src=\"https:\/\/charcoalplant.com\/wp-content\/uploads\/2022\/01\/wood-crusher-with-dust-equipment.jpg\" alt=\"toz-ekipmanl\u0131 a\u011fa\u00e7 k\u0131rma makinesi\" class=\"wp-image-2074\"\/><figcaption>toz-ekipmanl\u0131 a\u011fa\u00e7 k\u0131rma makinesi<\/figcaption><\/figure> <figcaption class=\"blocks-gallery-caption\">\u00c7ift besleme portlu \u00e7eki\u00e7li k\u0131r\u0131c\u0131, ah\u015fap k\u0131r\u0131c\u0131 art\u0131 \u00e7eki\u00e7li k\u0131r\u0131c\u0131n\u0131n i\u015flevini ger\u00e7ekle\u015ftirebilir. A\u00e7\u0131k havada \u00e7al\u0131\u015fan m\u00fc\u015fterilerin rahatl\u0131\u011f\u0131 i\u00e7in dizel ve tekerlekli \u00e7eki\u00e7li de\u011firmenler de mevcuttur.<\/figcaption><\/figure>    <h2 class=\"wp-block-heading\" id=\"hammer-crushing-machine-parameters\"><strong>\u00c7eki\u00e7 k\u0131rma makinesi parametreleri<\/strong><\/h2>    <figure class=\"wp-block-table is-style-stripes\"><table><tbody><tr><td>Modeli<\/td><td>SL-HM60<\/td><td>SL-HM70<\/td><td>SL-HM80<\/td><td>SL-HM90<\/td><td>SL-HM1000<\/td><td>SL-HM1300<\/td><\/tr><tr><td>G\u00fc\u00e7(kw)<\/td><td>22<\/td><td>30<\/td><td>37<\/td><td>55<\/td><td>75<\/td><td>90<\/td><\/tr><tr><td>\u00c7eki\u00e7ler (adet)<\/td><td>30<\/td><td>40<\/td><td>50<\/td><td>50<\/td><td>105<\/td><td>105<\/td><\/tr><tr><td>Fan(kw)<\/td><td>&nbsp;<\/td><td>&nbsp;<\/td><td>7.5<\/td><td>7.5<\/td><td>11<\/td><td>22<\/td><\/tr><tr><td>Toz giderici (adet)<\/td><td>5<\/td><td>5<\/td><td>5<\/td><td>5<\/td><td>14<\/td><td>14<\/td><\/tr><tr><td>Siklon \u00e7ap\u0131(m)<\/td><td>1<\/td><td>1<\/td><td>1<\/td><td>1<\/td><td>1<\/td><td>1<\/td><\/tr><tr><td>Kapasite (ton\/saat)<\/td><td>0.6-0.8<\/td><td>1-1.2<\/td><td>1.2-1.5<\/td><td>1.5-3<\/td><td>3-4<\/td><td>4-5<\/td><\/tr><\/tbody><\/table><figcaption>SL-HM 60 ve SL-HM70 en \u00e7ok satan \u00fcr\u00fcnlerimizdir. K\u00fc\u00e7\u00fck boyutlar\u0131 ve d\u00fc\u015f\u00fck maliyetleri nedeniyle. SL-HM 1300 \u00fcretim hatlar\u0131nda en yayg\u0131n kullan\u0131lan\u0131d\u0131r.<\/figcaption><\/figure>    <h2 class=\"wp-block-heading\" id=\"h-the-difference-between-hammer-mill-and-wood-crusher\"><strong>\u00c7eki\u00e7li de\u011firmen ve ah\u015fap aras\u0131ndaki fark<\/strong><strong>&nbsp;k\u0131r\u0131c\u0131 <\/strong><strong><\/strong><\/h2>    <p>\u0130lk olarak hammaddeler.<\/p>    <p class=\"translation-block\">\u00c7eki\u00e7 de\u011firmeniyle i\u015flenen hammaddeler geni\u015f ve k\u00fc\u00e7\u00fckt\u00fcr. <strong><a href=\"https:\/\/charcoalplant.com\/tr\/wood-wastes-recycling-machine\/wood-crusher-machine\/\">ah\u015fap k\u0131r\u0131c\u0131<\/a><\/strong>'nin hammaddesi tek ve b\u00fcy\u00fckt\u00fcr.<\/p>    <p>\u0130kincisi, yap\u0131.<\/p>    <p>\u0130lkinin yap\u0131s\u0131 esas olarak contalardan, \u00e7eki\u00e7lerden ve eleklerden olu\u015fur. \u0130kinci yap\u0131 esas olarak kesici kafa, \u00e7eki\u00e7 kafas\u0131 ve elekten olu\u015fur.<\/p>    <p>\u00dc\u00e7\u00fcnc\u00fcs\u00fc, k\u0131r\u0131k g\u00fc\u00e7.<\/p>    <p>Birincisinin k\u0131rma kuvveti ikincisinden daha fazlad\u0131r. Bunun, ikincisinin bitmi\u015f \u00fcr\u00fcn\u00fcn\u00fcn rafine edilmi\u015f bir i\u015flemi oldu\u011fu s\u00f6ylenebilir.<\/p>","protected":false},"excerpt":{"rendered":"<p>\u00c7eki\u00e7li de\u011firmen tala\u015flar\u0131, samanlar\u0131, kartonlar\u0131 vb. ezebilir. 1mm, 4mm, 6mm\u2026 \u00e7ap\u0131ndaki eleklerimiz m\u00fc\u015fteri \u00fcretim ihtiya\u00e7lar\u0131n\u0131 kar\u015f\u0131layabilmektedir.<\/p>","protected":false},"author":1,"featured_media":919,"parent":0,"template":"","tags":[64],"product-type":[3],"class_list":["post-589","product","type-product","status-publish","has-post-thumbnail","hentry","tag-wood-wastes-recycling-machine","product-type-wood-wastes-recycling-machine"],"_links":{"self":[{"href":"https:\/\/charcoalplant.com\/tr\/wp-json\/wp\/v2\/product\/589","targetHints":{"allow":["GET"]}}],"collection":[{"href":"https:\/\/charcoalplant.com\/tr\/wp-json\/wp\/v2\/product"}],"about":[{"href":"https:\/\/charcoalplant.com\/tr\/wp-json\/wp\/v2\/types\/product"}],"author":[{"embeddable":true,"href":"https:\/\/charcoalplant.com\/tr\/wp-json\/wp\/v2\/users\/1"}],"wp:featuredmedia":[{"embeddable":true,"href":"https:\/\/charcoalplant.com\/tr\/wp-json\/wp\/v2\/media\/919"}],"wp:attachment":[{"href":"https:\/\/charcoalplant.com\/tr\/wp-json\/wp\/v2\/media?parent=589"}],"wp:term":[{"taxonomy":"post_tag","embeddable":true,"href":"https:\/\/charcoalplant.com\/tr\/wp-json\/wp\/v2\/tags?post=589"},{"taxonomy":"product-type","embeddable":true,"href":"https:\/\/charcoalplant.com\/tr\/wp-json\/wp\/v2\/product-type?post=589"}],"curies":[{"name":"wp","href":"https:\/\/api.w.org\/{rel}","templated":true}]}}