{"id":783,"date":"2021-11-24T05:33:50","date_gmt":"2021-11-24T05:33:50","guid":{"rendered":"https:\/\/charcoalplant.com\/?p=783"},"modified":"2023-06-01T10:02:38","modified_gmt":"2023-06-01T02:02:38","slug":"waste-wooden-pallet-grinder","status":"publish","type":"product","link":"https:\/\/charcoalplant.com\/tr\/product\/waste-wooden-pallet-grinder\/","title":{"rendered":"At\u0131k Ah\u015fap Palet \u00d6\u011f\u00fct\u00fcc\u00fc | End\u00fcstriyel A\u011fa\u00e7 Par\u00e7alay\u0131c\u0131"},"content":{"rendered":"<div class=\"kk-star-ratings kksr-auto kksr-align-left kksr-valign-top\"     data-payload='{&quot;align&quot;:&quot;left&quot;,&quot;id&quot;:&quot;783&quot;,&quot;slug&quot;:&quot;default&quot;,&quot;valign&quot;:&quot;top&quot;,&quot;ignore&quot;:&quot;&quot;,&quot;reference&quot;:&quot;auto&quot;,&quot;class&quot;:&quot;&quot;,&quot;count&quot;:&quot;30&quot;,&quot;legendonly&quot;:&quot;&quot;,&quot;readonly&quot;:&quot;&quot;,&quot;score&quot;:&quot;4.6&quot;,&quot;starsonly&quot;:&quot;&quot;,&quot;best&quot;:&quot;5&quot;,&quot;gap&quot;:&quot;5&quot;,&quot;greet&quot;:&quot;Rate this product&quot;,&quot;legend&quot;:&quot;4.6\\\/5 - (30 votes)&quot;,&quot;size&quot;:&quot;24&quot;,&quot;title&quot;:&quot;Waste Wooden Pallet Grinder | Industrial Wood Shredder&quot;,&quot;width&quot;:&quot;130.9&quot;,&quot;_legend&quot;:&quot;{score}\\\/{best} - ({count} {votes})&quot;,&quot;font_factor&quot;:&quot;1.25&quot;}'>              <div class=\"kksr-stars\">      <div class=\"kksr-stars-inactive\">             <div class=\"kksr-star\" data-star=\"1\" style=\"padding-right: 5px\">               <div class=\"kksr-icon\" style=\"width: 24px; height: 24px;\"><\/div>         <\/div>             <div class=\"kksr-star\" data-star=\"2\" style=\"padding-right: 5px\">               <div class=\"kksr-icon\" style=\"width: 24px; height: 24px;\"><\/div>         <\/div>             <div class=\"kksr-star\" data-star=\"3\" style=\"padding-right: 5px\">               <div class=\"kksr-icon\" style=\"width: 24px; height: 24px;\"><\/div>         <\/div>             <div class=\"kksr-star\" data-star=\"4\" style=\"padding-right: 5px\">               <div class=\"kksr-icon\" style=\"width: 24px; height: 24px;\"><\/div>         <\/div>             <div class=\"kksr-star\" data-star=\"5\" style=\"padding-right: 5px\">               <div class=\"kksr-icon\" style=\"width: 24px; height: 24px;\"><\/div>         <\/div>     <\/div>      <div class=\"kksr-stars-active\" style=\"width: 130.9px;\">             <div class=\"kksr-star\" style=\"padding-right: 5px\">               <div class=\"kksr-icon\" style=\"width: 24px; height: 24px;\"><\/div>         <\/div>             <div class=\"kksr-star\" style=\"padding-right: 5px\">               <div class=\"kksr-icon\" style=\"width: 24px; height: 24px;\"><\/div>         <\/div>             <div class=\"kksr-star\" style=\"padding-right: 5px\">               <div class=\"kksr-icon\" style=\"width: 24px; height: 24px;\"><\/div>         <\/div>             <div class=\"kksr-star\" style=\"padding-right: 5px\">               <div class=\"kksr-icon\" style=\"width: 24px; height: 24px;\"><\/div>         <\/div>             <div class=\"kksr-star\" style=\"padding-right: 5px\">               <div class=\"kksr-icon\" style=\"width: 24px; height: 24px;\"><\/div>         <\/div>     <\/div> <\/div>                   <div class=\"kksr-legend\" style=\"font-size: 19.2px;\">             4.6\/5 - (30 oy)    <\/div>     <\/div>  <p class=\"translation-block\">Waste wooden pallet grinder is suitable for the crushing of special-shaped materials and can directly cut longer materials. It can crush irregular logs, bamboo, branches, wooden pallets, and light metals. Shuliy industrial wood shredder is widely used, with high output, strong and durable, and low noise. In short, it is very suitable for continuous batch wood processing. It is a profitable device. Moreover, we believe that we will cooperate with you happily.<\/p>    <h2 class=\"wp-block-heading\" id=\"raw-materials-of-industrial-wood-shredder\"><strong>End\u00fcstriyel odun par\u00e7alay\u0131c\u0131n\u0131n hammaddeleri<\/strong><\/h2>    <p>End\u00fcstriyel odun k\u0131r\u0131c\u0131ya kapsaml\u0131 k\u0131r\u0131c\u0131 da denir. \u00c7\u00fcnk\u00fc \u00e7ok \u00e7e\u015fitli ah\u015fap malzemeleri i\u015fleyebilir. K\u0131sa bir \u00f6zetle, at\u0131k ah\u015fap palet par\u00e7alay\u0131c\u0131n\u0131n hammaddeleri iki kategoriye ayr\u0131l\u0131r: s\u0131radan hammaddeler ve metalli hammaddeler.<\/p>    <ul class=\"wp-block-list\"> <li>Yayg\u0131n hammaddeler: k\u00fct\u00fckler, dallar, ah\u015fap tahtalar, bambu, a\u011fa\u00e7 i\u015fleme art\u0131klar\u0131, m\u0131s\u0131r ko\u00e7an\u0131, <a href=\"https:\/\/charcoalplant.com\/tr\/info\/what-are-the-uses-of-coconut-shells\/\">Hindistan cevizi kabuklar\u0131<\/a>, t\u00fct\u00fcn, \u00c7in bitkisel ila\u00e7lar\u0131 vb.<\/li> <\/ul>    <figure class=\"wp-block-gallery has-nested-images columns-4 is-cropped wp-block-gallery-2 is-layout-flex wp-block-gallery-is-layout-flex\"> <figure class=\"wp-block-image size-large\"><img loading=\"lazy\" decoding=\"async\" width=\"720\" height=\"540\" data-id=\"2179\" src=\"https:\/\/charcoalplant.com\/wp-content\/uploads\/2022\/01\/corn-cob.jpg\" alt=\"\" class=\"wp-image-2179\"\/><\/figure>    <figure class=\"wp-block-image size-large\"><img loading=\"lazy\" decoding=\"async\" width=\"720\" height=\"540\" data-id=\"2180\" src=\"https:\/\/charcoalplant.com\/wp-content\/uploads\/2022\/01\/raw-coconut-shell.jpg\" alt=\"\" class=\"wp-image-2180\"\/><\/figure>    <figure class=\"wp-block-image size-large\"><img loading=\"lazy\" decoding=\"async\" width=\"720\" height=\"540\" data-id=\"2178\" src=\"https:\/\/charcoalplant.com\/wp-content\/uploads\/2022\/01\/scrapwood.jpg\" alt=\"\" class=\"wp-image-2178\"\/><\/figure>    <figure class=\"wp-block-image size-large\"><img loading=\"lazy\" decoding=\"async\" width=\"720\" height=\"540\" data-id=\"2181\" src=\"https:\/\/charcoalplant.com\/wp-content\/uploads\/2022\/01\/tree-branch.jpg\" alt=\"\" class=\"wp-image-2181\"\/><\/figure> <\/figure>    <ul class=\"wp-block-list\"> <li> Metal i\u00e7eren hammaddeler: at\u0131k ah\u015fap paletler, at\u0131k mobilyalar, \u00e7ivili kap\u0131 ve pencereler ve ah\u015fap kutular vb.<\/li> <\/ul>    <figure class=\"wp-block-gallery has-nested-images columns-4 is-cropped wp-block-gallery-3 is-layout-flex wp-block-gallery-is-layout-flex\"> <figure class=\"wp-block-image size-large\"><img loading=\"lazy\" decoding=\"async\" width=\"720\" height=\"540\" data-id=\"2182\" src=\"https:\/\/charcoalplant.com\/wp-content\/uploads\/2022\/01\/doors.jpg\" alt=\"\" class=\"wp-image-2182\"\/><\/figure>    <figure class=\"wp-block-image size-large\"><img loading=\"lazy\" decoding=\"async\" width=\"720\" height=\"540\" data-id=\"2183\" src=\"https:\/\/charcoalplant.com\/wp-content\/uploads\/2022\/01\/Wood-pallet.jpg\" alt=\"\" class=\"wp-image-2183\"\/><\/figure>    <figure class=\"wp-block-image size-large\"><img loading=\"lazy\" decoding=\"async\" width=\"720\" height=\"540\" data-id=\"2184\" src=\"https:\/\/charcoalplant.com\/wp-content\/uploads\/2022\/01\/boxes.jpg\" alt=\"\" class=\"wp-image-2184\"\/><\/figure>    <figure class=\"wp-block-image size-large\"><img loading=\"lazy\" decoding=\"async\" width=\"720\" height=\"540\" data-id=\"2185\" src=\"https:\/\/charcoalplant.com\/wp-content\/uploads\/2022\/01\/chair.jpg\" alt=\"\" class=\"wp-image-2185\"\/><\/figure> <\/figure>    <h2 class=\"wp-block-heading\" id=\"structure-of-waste-wooden-pallet-grinder\"><strong>At\u0131k ah\u015fap palet \u00f6\u011f\u00fct\u00fcc\u00fcn\u00fcn yap\u0131s\u0131<\/strong><\/h2>    <p class=\"has-text-align-left translation-block\">Kapsaml\u0131 \u00f6\u011f\u00fct\u00fcc\u00fc, metal olan s\u0131radan ah\u015fap ve sert malzemeleri i\u015fleyebilir. Yap\u0131s\u0131 karma\u015f\u0131k olup, operasyonel g\u00fcvenlik ve malzeme ta\u015f\u0131ma kapasiteleri \u00e7ok y\u00fcksektir. Ba\u015fl\u0131ca i\u00e7erir <strong>pres silindirleri, konvey\u00f6r bantlar, kaplan pen\u00e7esi testere, b\u0131\u00e7akl\u0131 testereler, hidrolik pompalar, manyetik silindirler, elekler ve di\u011fer aksesuarlar<\/strong>.<\/p>    <figure class=\"wp-block-gallery has-nested-images columns-2 is-cropped wp-block-gallery-4 is-layout-flex wp-block-gallery-is-layout-flex\"> <figure class=\"wp-block-image size-large\"><img loading=\"lazy\" decoding=\"async\" width=\"720\" height=\"540\" data-id=\"803\" src=\"https:\/\/charcoalplant.com\/wp-content\/uploads\/2021\/11\/Inlet-2.jpg\" alt=\"Giri\u015f\" class=\"wp-image-803\" srcset=\"https:\/\/charcoalplant.com\/wp-content\/uploads\/2021\/11\/Inlet-2.jpg 720w, https:\/\/charcoalplant.com\/wp-content\/uploads\/2021\/11\/Inlet-2-300x225.jpg 300w\" sizes=\"auto, (max-width: 720px) 100vw, 720px\" \/><figcaption class=\"wp-element-caption\">Giri\u015f<\/figcaption><\/figure>    <figure class=\"wp-block-image size-large\"><img loading=\"lazy\" decoding=\"async\" width=\"720\" height=\"540\" data-id=\"806\" src=\"https:\/\/charcoalplant.com\/wp-content\/uploads\/2021\/11\/screen-1.jpg\" alt=\"Ekran\" class=\"wp-image-806\" srcset=\"https:\/\/charcoalplant.com\/wp-content\/uploads\/2021\/11\/screen-1.jpg 720w, https:\/\/charcoalplant.com\/wp-content\/uploads\/2021\/11\/screen-1-300x225.jpg 300w\" sizes=\"auto, (max-width: 720px) 100vw, 720px\" \/><figcaption class=\"wp-element-caption\">Ekran<\/figcaption><\/figure>    <figure class=\"wp-block-image size-full\"><img loading=\"lazy\" decoding=\"async\" width=\"720\" height=\"540\" data-id=\"807\" src=\"https:\/\/charcoalplant.com\/wp-content\/uploads\/2021\/11\/Tiger-Claw-Saw-1.jpg\" alt=\"Kaplan Pen\u00e7esi Testere\" class=\"wp-image-807\" srcset=\"https:\/\/charcoalplant.com\/wp-content\/uploads\/2021\/11\/Tiger-Claw-Saw-1.jpg 720w, https:\/\/charcoalplant.com\/wp-content\/uploads\/2021\/11\/Tiger-Claw-Saw-1-300x225.jpg 300w\" sizes=\"auto, (max-width: 720px) 100vw, 720px\" \/><figcaption class=\"wp-element-caption\">Kaplan Pen\u00e7esi Testere<\/figcaption><\/figure>    <figure class=\"wp-block-image size-full\"><img loading=\"lazy\" decoding=\"async\" width=\"720\" height=\"540\" data-id=\"1820\" src=\"https:\/\/charcoalplant.com\/wp-content\/uploads\/2021\/11\/Magnetic-Roller.jpg\" alt=\"Manyetik Rulo\" class=\"wp-image-1820\" srcset=\"https:\/\/charcoalplant.com\/wp-content\/uploads\/2021\/11\/Magnetic-Roller.jpg 720w, https:\/\/charcoalplant.com\/wp-content\/uploads\/2021\/11\/Magnetic-Roller-300x225.jpg 300w\" sizes=\"auto, (max-width: 720px) 100vw, 720px\" \/><figcaption class=\"wp-element-caption\">Manyetik Rulo<\/figcaption><\/figure> <\/figure>    <h2 class=\"wp-block-heading\" id=\"h-working-principle-of-industrial-wood-crusher\"><strong>End\u00fcstriyel odun k\u0131r\u0131c\u0131n\u0131n \u00e7al\u0131\u015fma prensibi<\/strong><\/h2>    <p>\u00d6ncelikle ah\u015fap paletler zincirli konvey\u00f6r bant vas\u0131tas\u0131yla presleme rulolar\u0131na iletilir. Bas\u0131n\u00e7 silindiri zorla besleme i\u00e7in kullan\u0131l\u0131r. Daha sonra ah\u015fap palet kaplan pen\u00e7e testeresine (s\u0131radan ah\u015fap i\u00e7in b\u0131\u00e7ak testeresi) ula\u015f\u0131r ve d\u00f6ner kesici taraf\u0131ndan kesilip par\u00e7alan\u0131r. Son olarak, malzeme spesifikasyonu ele\u011fin a\u00e7\u0131kl\u0131\u011f\u0131na uygun oldu\u011funda, ah\u015fap peletler bo\u015faltma portundan bo\u015falt\u0131l\u0131r. Tala\u015f\u0131n i\u00e7inde \u00e7ivi varsa \u00e7\u0131k\u0131\u015ftaki manyetik silindirler metali ay\u0131rabilir.<\/p>    <figure class=\"wp-block-gallery has-nested-images columns-default is-cropped wp-block-gallery-5 is-layout-flex wp-block-gallery-is-layout-flex\"> <figure class=\"wp-block-image size-full\"><img loading=\"lazy\" decoding=\"async\" width=\"720\" height=\"540\" data-id=\"2196\" src=\"https:\/\/charcoalplant.com\/wp-content\/uploads\/2021\/11\/wood-pallet-grinder-plant.jpg\" alt=\"ah\u015fap palet \u00f6\u011f\u00fct\u00fcc\u00fc tesisi\" class=\"wp-image-2196\"\/><figcaption class=\"wp-element-caption\">ah\u015fap palet \u00f6\u011f\u00fct\u00fcc\u00fc tesisi<\/figcaption><\/figure> <\/figure>    <h2 class=\"wp-block-heading\" id=\"video-of-waste-wooden-pallet-shredder\"><strong>At\u0131k ah\u015fap palet \u00f6\u011f\u00fct\u00fcc\u00fcn\u00fcn videosu<\/strong><\/h2>    <p>Ah\u015fap palet k\u0131r\u0131c\u0131, b\u00fcy\u00fck \u00f6l\u00e7ekli kapsaml\u0131 bir k\u0131rma ekipman\u0131d\u0131r. \u00dcstelik kullan\u0131m\u0131 olduk\u00e7a basittir. \u015eimdi onun inan\u0131lmaz k\u0131rma yetene\u011fine bir g\u00f6z atal\u0131m.<\/p>    <figure class=\"wp-block-embed is-type-video is-provider-youtube wp-block-embed-youtube wp-embed-aspect-16-9 wp-has-aspect-ratio\"><div class=\"wp-block-embed__wrapper\"> <iframe loading=\"lazy\" title=\"At\u0131k Ah\u015fap Palet \u00d6\u011f\u00fct\u00fcc\u00fc | End\u00fcstriyel Ah\u015fap K\u0131r\u0131c\u0131 \u00dcreticisi #woodpallet #scrapwood\" width=\"500\" height=\"281\" src=\"https:\/\/www.youtube.com\/embed\/ivqMxGKKbVs?feature=oembed\" frameborder=\"0\" allow=\"accelerometer; autoplay; clipboard-write; encrypted-media; gyroscope; picture-in-picture; web-share\" referrerpolicy=\"strict-origin-when-cross-origin\" allowfullscreen><\/iframe> <\/div><\/figure>    <h2 class=\"wp-block-heading\" id=\"parameters-of-waste-wooden-pallet-grinder\"><strong>At\u0131k ah\u015fap palet \u00f6\u011f\u00fct\u00fcc\u00fcn\u00fcn parametreleri<\/strong><\/h2>    <p>End\u00fcstriyel odun pulverizat\u00f6r\u00fcn\u00fcn besleme ta\u015f\u0131mas\u0131 genellikle 6 m'dir ve bo\u015faltma ta\u015f\u0131mas\u0131 genellikle 8 m'dir. Ayr\u0131ca a\u011fa\u00e7 \u00f6\u011f\u00fct\u00fcc\u00fcler i\u00e7in elektrik da\u011f\u0131t\u0131m dolaplar\u0131m\u0131z mevcuttur. Bu nedenle t\u00fcm operasyon s\u00fcreci hem basit hem de g\u00fcvenli olacakt\u0131r.<\/p>    <figure class=\"wp-block-table is-style-stripes\"><table><tbody><tr><td>Modeli<\/td><td>SL-C1300<\/td><td>SL-C1400<\/td><td>SL-C1600<\/td><\/tr><tr><td>Besleme giri\u015fi boyutu<\/td><td>1300*500mm<\/td><td>1400*800mm<\/td><td>1600*800mm<\/td><\/tr><tr><td>Maksimum \u00e7ap\u0131 besleme<\/td><td>400 mm<\/td><td>500 mm<\/td><td>600 mm<\/td><\/tr><tr><td>\u00c7\u0131k\u0131\u015f boyutu<\/td><td>100 mm'den az<\/td><td>100 mm'den az<\/td><td>100 mm'den az<\/td><\/tr><tr><td>Giri\u015f konvey\u00f6r\u00fc<\/td><td>6m<\/td><td>6m<\/td><td>6m<\/td><\/tr><tr><td>\u00c7\u0131k\u0131\u015f konvey\u00f6r\u00fc<\/td><td>8m<\/td><td>10m<\/td><td>10m<\/td><\/tr><tr><td>B\u0131\u00e7aklar<\/td><td>20 adet<\/td><td>32 adet<\/td><td>66 adet<\/td><\/tr><tr><td>Kapasite<\/td><td>8-10 ton\/saat<\/td><td>10-15 ton\/saat<\/td><td>20-30 ton\/saat<\/td><\/tr><tr><td>Toplam g\u00fc\u00e7<\/td><td>156,5 kW<\/td><td>213,5 kW<\/td><td>233,5 kW<\/td><\/tr><tr><td>Genel boyut<\/td><td>8600*2000*2300mm<\/td><td>9600*2400*3300mm<\/td><td>12500*2800*3200mm<\/td><\/tr><\/tbody><\/table><\/figure>    <h2 class=\"wp-block-heading\" id=\"advantages-of-shuliy-wood-pallet-crusher\"><strong>Shuliy ah\u015fap palet k\u0131r\u0131c\u0131n\u0131n avantajlar\u0131<\/strong><\/h2>    <ol class=\"wp-block-list\"> <li>Hammaddeleri yaln\u0131zca di\u011fer ah\u015fap i\u015fleme ekipmanlar\u0131n\u0131n (\u00f6rne\u011fin <strong><a href=\"https:\/\/charcoalplant.com\/tr\/wood-wastes-recycling-machine\/wood-crusher-machine\/\">tala\u015f yapma makineleri<\/a><\/strong>ve a\u011fa\u00e7 \u00f6\u011f\u00fct\u00fcc\u00fcler). Ayr\u0131ca ah\u015fab\u0131 metalle de i\u015fleyebilir.<\/li>    <li>Bir yandan g\u00fc\u00e7 da\u011f\u0131t\u0131m kabininin kullan\u0131lmas\u0131 i\u015flemi daha g\u00fcvenli ve daha rahat hale getirir. \u00d6te yandan kapsaml\u0131 k\u0131r\u0131c\u0131n\u0131n bak\u0131m\u0131 ve temizli\u011fi kolayd\u0131r.<\/li>    <li>Y\u00fcksek besleme portu nedeniyle uzaktan kumandal\u0131 besleme i\u00e7in kullan\u0131labilir (i\u015f\u00e7ilikten tasarruf sa\u011flar).<\/li> <\/ol>    <figure class=\"wp-block-gallery has-nested-images columns-default is-cropped wp-block-gallery-6 is-layout-flex wp-block-gallery-is-layout-flex\"> <figure class=\"wp-block-image size-full\"><img loading=\"lazy\" decoding=\"async\" width=\"720\" height=\"540\" data-id=\"1825\" src=\"https:\/\/charcoalplant.com\/wp-content\/uploads\/2022\/01\/mobile-wood-crushing-machine.jpg\" alt=\"mobil ah\u015fap k\u0131rma makinesi\" class=\"wp-image-1825\" srcset=\"https:\/\/charcoalplant.com\/wp-content\/uploads\/2022\/01\/mobile-wood-crushing-machine.jpg 720w, https:\/\/charcoalplant.com\/wp-content\/uploads\/2022\/01\/mobile-wood-crushing-machine-300x225.jpg 300w\" sizes=\"auto, (max-width: 720px) 100vw, 720px\" \/><figcaption class=\"wp-element-caption\">mobil ah\u015fap k\u0131rma makinesi<\/figcaption><\/figure>    <figure class=\"wp-block-image size-full\"><img loading=\"lazy\" decoding=\"async\" width=\"720\" height=\"540\" data-id=\"1826\" src=\"https:\/\/charcoalplant.com\/wp-content\/uploads\/2022\/01\/wood-chips-1.jpg\" alt=\"tala\u015f\" class=\"wp-image-1826\" srcset=\"https:\/\/charcoalplant.com\/wp-content\/uploads\/2022\/01\/wood-chips-1.jpg 720w, https:\/\/charcoalplant.com\/wp-content\/uploads\/2022\/01\/wood-chips-1-300x225.jpg 300w\" sizes=\"auto, (max-width: 720px) 100vw, 720px\" \/><figcaption class=\"wp-element-caption\">tala\u015f<\/figcaption><\/figure> <\/figure>    <h2 class=\"wp-block-heading\" id=\"h-wood-shredder-price\">End\u00fcstriyel <strong>odun par\u00e7alay\u0131c\u0131 fiyat\u0131<\/strong><\/h2>    <p class=\"translation-block\">Shuliy Machinery provides various accessories for wood pallet crushers. What\u2019s more, the prices of accessories with different materials and specifications are also different. We not only can provide integrated diesel engine wood pallet crushers with wheels but also can modify the machine structure for customers\u2019 specific requirements. There are many factors affecting the price. If you are optimistic about our equipment, please contact us and let us know. We provide you with the right plan and give you an affordable price.<\/p>    <figure class=\"wp-block-gallery has-nested-images columns-default is-cropped wp-block-gallery-7 is-layout-flex wp-block-gallery-is-layout-flex\"> <figure class=\"wp-block-image size-full\"><img loading=\"lazy\" decoding=\"async\" width=\"720\" height=\"540\" data-id=\"2194\" src=\"https:\/\/charcoalplant.com\/wp-content\/uploads\/2022\/01\/wood-shredder-1.jpg\" alt=\"odun par\u00e7alay\u0131c\u0131\" class=\"wp-image-2194\"\/><figcaption class=\"wp-element-caption\">odun par\u00e7alay\u0131c\u0131<\/figcaption><\/figure>    <figure class=\"wp-block-image size-full\"><img loading=\"lazy\" decoding=\"async\" width=\"720\" height=\"540\" data-id=\"2195\" src=\"https:\/\/charcoalplant.com\/wp-content\/uploads\/2022\/01\/waste-wooden-pallet-grinder-for-sale.jpg\" alt=\"sat\u0131l\u0131k at\u0131k ah\u015fap palet \u00f6\u011f\u00fct\u00fcc\u00fc\" class=\"wp-image-2195\"\/><figcaption class=\"wp-element-caption\">sat\u0131l\u0131k at\u0131k ah\u015fap palet \u00f6\u011f\u00fct\u00fcc\u00fc<\/figcaption><\/figure> <\/figure>    <h2 class=\"wp-block-heading\" id=\"h-how-to-make-money-with-a-comprehensive-crusher\"><strong>Kapsaml\u0131 bir a\u011fa\u00e7 k\u0131r\u0131c\u0131yla nas\u0131l para kazan\u0131l\u0131r?<\/strong><\/h2>    <p class=\"translation-block\">Ah\u015fap palet k\u0131rma makinesi, ah\u015fab\u0131 farkl\u0131 derecelerde k\u0131rabilir. Ayr\u0131ca bu ah\u015fap tala\u015flar\u0131 veya <strong><a href=\"https:\/\/charcoalplant.com\/tr\/log-chipper\/\">ah\u015fap par\u00e7ac\u0131klar\u0131<\/a><\/strong> ka\u011f\u0131t makinelerinde ka\u011f\u0131t yapmak, k\u00f6m\u00fcr fabrikalar\u0131nda k\u00f6m\u00fcr kalemleri \u00fcretmek, g\u00fcbre fabrikalar\u0131nda g\u00fcbre yapmak gibi kullan\u0131mlara sahiptir. Fabrikalar ayr\u0131ca onlar\u0131n yak\u0131t olarak \u0131s\u0131tmada da kullanabilir. Bu nedenle, \u00f6zellikle ah\u015fap peletleri sa\u011flamak veya do\u011frudan beslemek i\u00e7in bir kapsaml\u0131 k\u0131r\u0131c\u0131 makinesine yat\u0131r\u0131m yapabilir ve bunu \u00fcretim hatt\u0131na koyabilirsiniz.<\/p>    <figure class=\"wp-block-gallery has-nested-images columns-default is-cropped wp-block-gallery-8 is-layout-flex wp-block-gallery-is-layout-flex\"> <figure class=\"wp-block-image size-large\"><img loading=\"lazy\" decoding=\"async\" width=\"720\" height=\"540\" data-id=\"2192\" src=\"https:\/\/charcoalplant.com\/wp-content\/uploads\/2022\/01\/wood-pellets-1.jpg\" alt=\"ah\u015fap peletler\" class=\"wp-image-2192\"\/><figcaption class=\"wp-element-caption\">ah\u015fap peletler<\/figcaption><\/figure> <\/figure>    <p><\/p>","protected":false},"excerpt":{"rendered":"<p>At\u0131k ah\u015fap palet \u00f6\u011f\u00fct\u00fcc\u00fcs\u00fc, b\u00fcy\u00fck kapasiteye ve y\u00fcksek ezme g\u00fcc\u00fcne sahip bir ah\u015fap geri d\u00f6n\u00fc\u015f\u00fcm ekipman\u0131d\u0131r.<\/p>","protected":false},"author":1,"featured_media":914,"parent":0,"template":"","tags":[64],"product-type":[3],"class_list":["post-783","product","type-product","status-publish","has-post-thumbnail","hentry","tag-wood-wastes-recycling-machine","product-type-wood-wastes-recycling-machine"],"_links":{"self":[{"href":"https:\/\/charcoalplant.com\/tr\/wp-json\/wp\/v2\/product\/783","targetHints":{"allow":["GET"]}}],"collection":[{"href":"https:\/\/charcoalplant.com\/tr\/wp-json\/wp\/v2\/product"}],"about":[{"href":"https:\/\/charcoalplant.com\/tr\/wp-json\/wp\/v2\/types\/product"}],"author":[{"embeddable":true,"href":"https:\/\/charcoalplant.com\/tr\/wp-json\/wp\/v2\/users\/1"}],"wp:featuredmedia":[{"embeddable":true,"href":"https:\/\/charcoalplant.com\/tr\/wp-json\/wp\/v2\/media\/914"}],"wp:attachment":[{"href":"https:\/\/charcoalplant.com\/tr\/wp-json\/wp\/v2\/media?parent=783"}],"wp:term":[{"taxonomy":"post_tag","embeddable":true,"href":"https:\/\/charcoalplant.com\/tr\/wp-json\/wp\/v2\/tags?post=783"},{"taxonomy":"product-type","embeddable":true,"href":"https:\/\/charcoalplant.com\/tr\/wp-json\/wp\/v2\/product-type?post=783"}],"curies":[{"name":"wp","href":"https:\/\/api.w.org\/{rel}","templated":true}]}}