{"id":786,"date":"2021-11-24T05:30:57","date_gmt":"2021-11-24T05:30:57","guid":{"rendered":"https:\/\/charcoalplant.com\/?p=786"},"modified":"2023-04-03T10:59:08","modified_gmt":"2023-04-03T02:59:08","slug":"drum-chipper","status":"publish","type":"product","link":"https:\/\/charcoalplant.com\/tr\/product\/drum-chipper\/","title":{"rendered":"Tambur Par\u00e7alay\u0131c\u0131 | En \u0130yi A\u011fa\u00e7 \u00d6\u011f\u00fctme Makinesi"},"content":{"rendered":"<div class=\"kk-star-ratings kksr-auto kksr-align-left kksr-valign-top\"     data-payload='{&quot;align&quot;:&quot;left&quot;,&quot;id&quot;:&quot;786&quot;,&quot;slug&quot;:&quot;default&quot;,&quot;valign&quot;:&quot;top&quot;,&quot;ignore&quot;:&quot;&quot;,&quot;reference&quot;:&quot;auto&quot;,&quot;class&quot;:&quot;&quot;,&quot;count&quot;:&quot;8&quot;,&quot;legendonly&quot;:&quot;&quot;,&quot;readonly&quot;:&quot;&quot;,&quot;score&quot;:&quot;4.5&quot;,&quot;starsonly&quot;:&quot;&quot;,&quot;best&quot;:&quot;5&quot;,&quot;gap&quot;:&quot;5&quot;,&quot;greet&quot;:&quot;Rate this product&quot;,&quot;legend&quot;:&quot;4.5\\\/5 - (8 votes)&quot;,&quot;size&quot;:&quot;24&quot;,&quot;title&quot;:&quot;Drum Chipper | Best Wood Chipper Machine&quot;,&quot;width&quot;:&quot;128&quot;,&quot;_legend&quot;:&quot;{score}\\\/{best} - ({count} {votes})&quot;,&quot;font_factor&quot;:&quot;1.25&quot;}'>              <div class=\"kksr-stars\">      <div class=\"kksr-stars-inactive\">             <div class=\"kksr-star\" data-star=\"1\" style=\"padding-right: 5px\">               <div class=\"kksr-icon\" style=\"width: 24px; height: 24px;\"><\/div>         <\/div>             <div class=\"kksr-star\" data-star=\"2\" style=\"padding-right: 5px\">               <div class=\"kksr-icon\" style=\"width: 24px; height: 24px;\"><\/div>         <\/div>             <div class=\"kksr-star\" data-star=\"3\" style=\"padding-right: 5px\">               <div class=\"kksr-icon\" style=\"width: 24px; height: 24px;\"><\/div>         <\/div>             <div class=\"kksr-star\" data-star=\"4\" style=\"padding-right: 5px\">               <div class=\"kksr-icon\" style=\"width: 24px; height: 24px;\"><\/div>         <\/div>             <div class=\"kksr-star\" data-star=\"5\" style=\"padding-right: 5px\">               <div class=\"kksr-icon\" style=\"width: 24px; height: 24px;\"><\/div>         <\/div>     <\/div>      <div class=\"kksr-stars-active\" style=\"width: 128px;\">             <div class=\"kksr-star\" style=\"padding-right: 5px\">               <div class=\"kksr-icon\" style=\"width: 24px; height: 24px;\"><\/div>         <\/div>             <div class=\"kksr-star\" style=\"padding-right: 5px\">               <div class=\"kksr-icon\" style=\"width: 24px; height: 24px;\"><\/div>         <\/div>             <div class=\"kksr-star\" style=\"padding-right: 5px\">               <div class=\"kksr-icon\" style=\"width: 24px; height: 24px;\"><\/div>         <\/div>             <div class=\"kksr-star\" style=\"padding-right: 5px\">               <div class=\"kksr-icon\" style=\"width: 24px; height: 24px;\"><\/div>         <\/div>             <div class=\"kksr-star\" style=\"padding-right: 5px\">               <div class=\"kksr-icon\" style=\"width: 24px; height: 24px;\"><\/div>         <\/div>     <\/div> <\/div>                   <div class=\"kksr-legend\" style=\"font-size: 19.2px;\">             4,5\/5 - (8 oy)    <\/div>     <\/div>  <p class=\"translation-block\"><strong>Drum chipper<\/strong> y\u00fcksek verim, y\u00fcksek verimlilik ve y\u00fcksek \u00fcretkenlikte bir odun par\u00e7alama makinesidir. Genellikle \u00e7e\u015fitli \u00fcretim hatlar\u0131nda ham maddelerin \u00f6n i\u015flenmesinde yer al\u0131r. Bu nedenle, <strong><a href=\"https:\/\/charcoalplant.com\/tr\/wood-wastes-recycling-machine\/industrial-comprehensive-crusher\/\">odun k\u0131rma ekipman\u0131<\/a><\/strong> olarak bir konvey\u00f6r band\u0131 ve da\u011f\u0131t\u0131m kabini ile birlikte gelir. Bunun yan\u0131 s\u0131ra, b\u00fcy\u00fck odun par\u00e7alar\u0131n\u0131n g\u00fcvenli bir \u015fekilde beslenmesini kontrol eden hidrolik besleme sistemine sahiptir. K\u0131sacas\u0131, tambur odun par\u00e7alama makinesi geni\u015f uygulama, g\u00fcvenlik, d\u00fc\u015f\u00fck yat\u0131r\u0131m ve h\u0131zl\u0131 geri d\u00f6n\u00fc\u015f \u00f6zelliklerine sahiptir. E\u011fer i\u015flenmesi gereken \u00e7ok fazla odununuz varsa, neden bunu d\u00fc\u015f\u00fcnm\u00fcyorsunuz? Sizinle i\u015fbirli\u011fi yapmay\u0131 i\u00e7tenlikle umuyoruz.<\/p>    <h2 class=\"wp-block-heading\" id=\"raw-material-for-drum-chipper\"><strong>Tamburlu par\u00e7alay\u0131c\u0131 i\u00e7in hammadde<\/strong> <strong>makine<\/strong><\/h2>    <p>Tamburlu bambu par\u00e7alay\u0131c\u0131n\u0131n hammaddeleri aras\u0131nda ah\u015fap hammaddeleri ve odun d\u0131\u015f\u0131 hammaddeler bulunur. Ah\u015fap hammaddeleri aras\u0131nda k\u00fct\u00fckler, bambu, at\u0131k kaplama, a\u011fa\u00e7 k\u00f6kleri, dallar vb. bulunur. Odun d\u0131\u015f\u0131 hammaddeler: hindistan cevizi kabu\u011fu, pamuk sap\u0131, kam\u0131\u015f, saman vb. Ayr\u0131ca, b\u00fcy\u00fck boyutlu hammaddeleri do\u011frudan i\u015fleyebilir ve d\u00fczenli olarak h\u0131zl\u0131 bir \u015fekilde i\u015fleyebilir , d\u00fczg\u00fcn a\u011fa\u00e7 tala\u015flar\u0131.<\/p>    <figure class=\"wp-block-gallery has-nested-images columns-1 is-cropped wp-block-gallery-2 is-layout-flex wp-block-gallery-is-layout-flex\"> <figure class=\"wp-block-image size-large\"><img loading=\"lazy\" decoding=\"async\" width=\"900\" height=\"219\" data-id=\"2094\" src=\"https:\/\/charcoalplant.com\/wp-content\/uploads\/2022\/01\/log\uff0cbamboo-woodboard.jpg\" alt=\"k\u00fct\u00fck, bambu, tahta\" class=\"wp-image-2094\"\/><figcaption class=\"wp-element-caption\">k\u00fct\u00fck, bambu, tahta<\/figcaption><\/figure>    <figure class=\"wp-block-image size-large\"><img loading=\"lazy\" decoding=\"async\" width=\"918\" height=\"232\" data-id=\"2093\" src=\"https:\/\/charcoalplant.com\/wp-content\/uploads\/2022\/01\/coconutshell-cotton-stalk-straw-.jpg\" alt=\"Hindistan cevizi kabu\u011fu-pamuk-saman sap\u0131\" class=\"wp-image-2093\"\/><figcaption class=\"wp-element-caption\">Hindistan cevizi kabu\u011fu-pamuk-saman sap\u0131<\/figcaption><\/figure> <\/figure>    <h2 class=\"wp-block-heading\" id=\"h-structure-of-drum-coconut-shell-chipper\"><strong>Tamburlu odun par\u00e7alay\u0131c\u0131n\u0131n yap\u0131s\u0131<\/strong><\/h2>    <p>Tambur tarz\u0131 a\u011fa\u00e7 \u00f6\u011f\u00fct\u00fcc\u00fc asl\u0131nda b\u00fcy\u00fck bir a\u011fa\u00e7 \u00f6\u011f\u00fct\u00fcc\u00fcd\u00fcr. \u00dcstelik yap\u0131s\u0131 daha \u00fcst d\u00fczey. Makine g\u00f6vdesi, makinenin tamam\u0131na g\u00fc\u00e7l\u00fc destek sa\u011flamak amac\u0131yla g\u00fc\u00e7l\u00fc bir \u00e7elik levha malzemeyle kaynaklanm\u0131\u015ft\u0131r. Ana bile\u015fenleri: makine g\u00f6vdesi, b\u0131\u00e7ak silindiri, elek, \u00fcst ve alt besleme, hidrolik sistem, ta\u015f\u0131ma cihaz\u0131, aksesuar dolab\u0131 ve di\u011fer par\u00e7alar. <\/p>    <figure class=\"wp-block-gallery has-nested-images columns-default is-cropped wp-block-gallery-3 is-layout-flex wp-block-gallery-is-layout-flex\"> <figure class=\"wp-block-image size-large\"><img loading=\"lazy\" decoding=\"async\" width=\"720\" height=\"540\" data-id=\"838\" src=\"https:\/\/charcoalplant.com\/wp-content\/uploads\/2021\/11\/drum-wood-chipper-machine-1.jpg\" alt=\"davul-odun par\u00e7alama makinesi\" class=\"wp-image-838\" srcset=\"https:\/\/charcoalplant.com\/wp-content\/uploads\/2021\/11\/drum-wood-chipper-machine-1.jpg 720w, https:\/\/charcoalplant.com\/wp-content\/uploads\/2021\/11\/drum-wood-chipper-machine-1-300x225.jpg 300w\" sizes=\"auto, (max-width: 720px) 100vw, 720px\" \/><figcaption class=\"wp-element-caption\">davul-odun par\u00e7alama makinesi<\/figcaption><\/figure>    <figure class=\"wp-block-image size-large\"><img loading=\"lazy\" decoding=\"async\" width=\"720\" height=\"540\" data-id=\"848\" src=\"https:\/\/charcoalplant.com\/wp-content\/uploads\/2021\/11\/drum-wood-chippers-machine-for-sale-1-1.jpg\" alt=\"sat\u0131l\u0131k davul a\u011fa\u00e7 yongalar\u0131 makinesi\" class=\"wp-image-848\" srcset=\"https:\/\/charcoalplant.com\/wp-content\/uploads\/2021\/11\/drum-wood-chippers-machine-for-sale-1-1.jpg 720w, https:\/\/charcoalplant.com\/wp-content\/uploads\/2021\/11\/drum-wood-chippers-machine-for-sale-1-1-300x225.jpg 300w\" sizes=\"auto, (max-width: 720px) 100vw, 720px\" \/><figcaption class=\"wp-element-caption\">sat\u0131l\u0131k davul a\u011fa\u00e7 yongalar\u0131 makinesi<\/figcaption><\/figure> <\/figure>    <h2 class=\"wp-block-heading\" id=\"h-safety-system-of-drum-chipping-machine\"><strong>Davul odun par\u00e7alama makinesinin g\u00fcvenlik sistemi<\/strong><\/h2>    <p>Shuliy tamburlu a\u011fa\u00e7 par\u00e7alay\u0131c\u0131 yaln\u0131zca ekipman\u0131n pratik performans\u0131n\u0131 artt\u0131rmakla kalmaz, ayn\u0131 zamanda ekipman\u0131n g\u00fcvenlik performans\u0131n\u0131 da hesaba katar. Bu tamburlu tala\u015f yapma makinesinin g\u00fcvenlik cihaz\u0131 esas olarak hidrolik sistemde ve kontrol kabininde yap\u0131land\u0131r\u0131lm\u0131\u015ft\u0131r.<\/p>    <h3 class=\"wp-block-heading\" id=\"hydraulic-system\"><strong>Hidrolik sistem<\/strong><\/h3>    <p>Bu s\u00fcre\u00e7te hidrolik sistem bir tampon g\u00f6revi g\u00f6r\u00fcr ve besleme portunu sabit bir h\u0131zda kald\u0131r\u0131p indirmek i\u00e7in otomatik olarak kontrol edebilir. Ayn\u0131 zamanda b\u00fcy\u00fck a\u011fa\u00e7 \u00f6\u011f\u00fct\u00fcc\u00fcy\u00fc de korur ve ekipman\u0131n servis \u00f6mr\u00fcn\u00fc art\u0131r\u0131r.<\/p>    <figure class=\"wp-block-gallery has-nested-images columns-default is-cropped wp-block-gallery-4 is-layout-flex wp-block-gallery-is-layout-flex\"> <figure class=\"wp-block-image size-large\"><img loading=\"lazy\" decoding=\"async\" width=\"720\" height=\"540\" data-id=\"2095\" src=\"https:\/\/charcoalplant.com\/wp-content\/uploads\/2022\/01\/drum-chipper-inlet.jpg\" alt=\"\" class=\"wp-image-2095\"\/><\/figure>    <figure class=\"wp-block-image size-large\"><img loading=\"lazy\" decoding=\"async\" width=\"720\" height=\"540\" data-id=\"2097\" src=\"https:\/\/charcoalplant.com\/wp-content\/uploads\/2021\/11\/prevent-wood-jam.jpg\" alt=\"ah\u015fap s\u0131k\u0131\u015fmas\u0131n\u0131 \u00f6nleyin\" class=\"wp-image-2097\"\/><figcaption class=\"wp-element-caption\">ah\u015fap s\u0131k\u0131\u015fmas\u0131n\u0131 \u00f6nleyin<\/figcaption><\/figure> <\/figure>    <h3 class=\"wp-block-heading\" id=\"control-cabinet\"><strong>Kontrol kabini<\/strong><strong><\/strong><\/h3>    <p>Tambur tipi a\u011fa\u00e7 \u00f6\u011f\u00fct\u00fcc\u00fc b\u00fcy\u00fck \u00f6l\u00e7ekli bir ekipmand\u0131r, yap\u0131s\u0131 karma\u015f\u0131kt\u0131r ve 3 motorla donat\u0131lm\u0131\u015ft\u0131r. Bunun amac\u0131 da voltaj\u0131 d\u00fc\u015f\u00fcrmek ve g\u00fc\u00e7 kayna\u011f\u0131n\u0131 makul bir \u015fekilde da\u011f\u0131tmakt\u0131r. Kontrol kabininde t\u00fcm makineyi esnek bir \u015fekilde kontrol edebilen birden fazla d\u00fc\u011fme bulunmaktad\u0131r. Bu yol basit, etkili ve g\u00fcvenlidir.<\/p>    <figure class=\"wp-block-gallery has-nested-images columns-default is-cropped wp-block-gallery-5 is-layout-flex wp-block-gallery-is-layout-flex\"> <figure class=\"wp-block-image size-large\"><img loading=\"lazy\" decoding=\"async\" width=\"720\" height=\"540\" data-id=\"2098\" src=\"https:\/\/charcoalplant.com\/wp-content\/uploads\/2022\/01\/drum-type-wood-chipper-for-sale.jpg\" alt=\"sat\u0131l\u0131k davul tipi odun par\u00e7alay\u0131c\u0131\" class=\"wp-image-2098\"\/><figcaption class=\"wp-element-caption\">sat\u0131l\u0131k davul tipi odun par\u00e7alay\u0131c\u0131<\/figcaption><\/figure>    <figure class=\"wp-block-image size-large\"><img loading=\"lazy\" decoding=\"async\" width=\"720\" height=\"540\" data-id=\"2099\" src=\"https:\/\/charcoalplant.com\/wp-content\/uploads\/2022\/01\/Inside-of-power-distribution-cabinet.jpg\" alt=\"G\u00fc\u00e7 da\u011f\u0131t\u0131m kabininin i\u00e7i\" class=\"wp-image-2099\"\/><figcaption class=\"wp-element-caption\">G\u00fc\u00e7 da\u011f\u0131t\u0131m kabininin i\u00e7i<\/figcaption><\/figure> <\/figure>    <h2 class=\"wp-block-heading\" id=\"video-of-drum-type-chipper\"><strong>Davul tarz\u0131 par\u00e7alay\u0131c\u0131n\u0131n videosu<\/strong><\/h2>    <p>Bununla i\u015flenen ah\u015fap veya bambunun genel boyutu 5 mm'dir. Ayr\u0131ca ham maddeyi 2-3 mm'ye kadar i\u015fleyebilir. Videoya ho\u015f geldiniz. \u00dcstelik \u00fccretsiz dan\u0131\u015fmanl\u0131k hizmetimiz var.<\/p>    <figure class=\"wp-block-embed is-type-video is-provider-youtube wp-block-embed-youtube wp-embed-aspect-16-9 wp-has-aspect-ratio\"><div class=\"wp-block-embed__wrapper\"> <iframe loading=\"lazy\" title=\"Tomruk Par\u00e7alay\u0131c\u0131 Par\u00e7alay\u0131c\u0131 Yeni Tasar\u0131m | End\u00fcstriyel Davul A\u011fa\u00e7 Cips Kesme Makinesi \u0130yi Performans\" width=\"500\" height=\"281\" src=\"https:\/\/www.youtube.com\/embed\/mUQ0J9ha5xA?feature=oembed\" frameborder=\"0\" allow=\"accelerometer; autoplay; clipboard-write; encrypted-media; gyroscope; picture-in-picture; web-share\" referrerpolicy=\"strict-origin-when-cross-origin\" allowfullscreen><\/iframe> <\/div><\/figure>    <h2 class=\"wp-block-heading\" id=\"h-uses-of-wood-chips\"><strong>Tala\u015flar\u0131n kullan\u0131m alanlar\u0131<\/strong><\/h2>    <ol class=\"wp-block-list\"> <li>Hindistan cevizi kabu\u011fu par\u00e7alay\u0131c\u0131 taraf\u0131ndan \u00fcretilen nihai \u00fcr\u00fcn, d\u00fczenli bir \u015fekle ve d\u00fczg\u00fcn bir kal\u0131nl\u0131\u011fa sahiptir. Bir se\u00e7im yapabilirsiniz <strong><a href=\"https:\/\/charcoalplant.com\/tr\/wood-wastes-recycling-machine\/wood-peeling-machine\/\">ah\u015fap soyucu<\/a><\/strong> i\u015flemek ve daha sonra \u00e7iplemek i\u00e7in. Bu tala\u015flar do\u011frudan sat\u0131l\u0131p yak\u0131labilir.<\/li>    <li>Tamburlu a\u011fa\u00e7 \u00f6\u011f\u00fct\u00fcc\u00fc ayn\u0131 zamanda a\u015fa\u011f\u0131dakilerle birlikte de kullan\u0131labilir: <strong><a href=\"https:\/\/charcoalplant.com\/tr\/wood-wastes-recycling-machine\/hammer-mill\/\">\u00e7eki\u00e7li de\u011firmen<\/a><\/strong> k\u00f6m\u00fcr \u00fcretim hatt\u0131nda ve tala\u015f \u00fcretim hatt\u0131nda.<\/li>    <li>Bu tala\u015flar sanat end\u00fcstrisinde sanatsal yarat\u0131mlar i\u00e7in kullan\u0131labilir.<\/li> <\/ol>    <figure class=\"wp-block-gallery has-nested-images columns-default is-cropped wp-block-gallery-6 is-layout-flex wp-block-gallery-is-layout-flex\"> <figure class=\"wp-block-image size-large\"><img loading=\"lazy\" decoding=\"async\" width=\"720\" height=\"540\" data-id=\"2102\" src=\"https:\/\/charcoalplant.com\/wp-content\/uploads\/2022\/01\/waste-wood-chips.jpg\" alt=\"at\u0131k odun tala\u015f\u0131\" class=\"wp-image-2102\"\/><figcaption class=\"wp-element-caption\">at\u0131k odun tala\u015f\u0131<\/figcaption><\/figure> <\/figure>    <h2 class=\"wp-block-heading\" id=\"large-wood-chipper-parameters\"><strong>B\u00fcy\u00fck odun par\u00e7alay\u0131c\u0131 parametreleri<\/strong><\/h2>    <figure class=\"wp-block-table is-style-stripes\"><table><tbody><tr><td>Modeli<\/td><td>SL-DW218<\/td><td>SL-DW216<\/td><\/tr><tr><td>B\u0131\u00e7ak Adeti<\/td><td>2\/4<\/td><td>2\/4<\/td><\/tr><tr><td>Besleme boyutu<\/td><td>300*680 mm<\/td><td>230*500mm<\/td><\/tr><tr><td>Kapasite<\/td><td>10-15 ton\/saat<\/td><td>5-8 ton\/saat<\/td><\/tr><tr><td>Hammadde boyutu<\/td><td>\u2264300 mm<\/td><td>\u2264230 mm<\/td><\/tr><tr><td>Tala\u015f boyutu<\/td><td>25 mm(ayarlanabilir)<\/td><td>25 mm(ayarlanabilir)<\/td><\/tr><tr><td>Ana g\u00fc\u00e7<\/td><td>110kw<\/td><td>55kw<\/td><\/tr><tr><td>A\u011f\u0131rl\u0131k<\/td><td>8600 kg<\/td><td>5600 kilo<\/td><\/tr><tr><td>Besleme giri\u015f konvey\u00f6r\u00fc<\/td><td>6 m<\/td><td>6 m<\/td><\/tr><tr><td>\u00c7\u0131k\u0131\u015f konvey\u00f6r\u00fc<\/td><td>8 m<\/td><td>8 m<\/td><\/tr><tr><td>Boyut<\/td><td>3105*2300*1650 mm<\/td><td>2735*2200*1200mm<\/td><\/tr><\/tbody><\/table><figcaption class=\"wp-element-caption\">Her iki tamburlu \u00f6\u011f\u00fct\u00fcc\u00fcn\u00fcn b\u0131\u00e7ak rulolar\u0131 2-4 b\u0131\u00e7ak i\u00e7erebilir. 4 b\u0131\u00e7akl\u0131 b\u0131\u00e7akl\u0131 merdane, tala\u015flar\u0131 daha ince ve d\u00fczg\u00fcn boyutlarda k\u0131rar.<\/figcaption><\/figure>    <h2 class=\"wp-block-heading\" id=\"difference-between-drum-chipper-and-disc-wood-chipper\"><strong>Tamburlu \u00f6\u011f\u00fct\u00fcc\u00fc ile diskli a\u011fa\u00e7 \u00f6\u011f\u00fct\u00fcc\u00fc aras\u0131ndaki fark<\/strong><\/h2>    <ol class=\"wp-block-list\"> <li>B\u00fcy\u00fck a\u011fa\u00e7 tala\u015f\u0131 yapma makinesinin besleme boyutu b\u00fcy\u00fckt\u00fcr. Ve \u00e7ap\u0131 35 cm'ye kadar olan ah\u015faplar\u0131 i\u015fleyebilir.<\/li>    <li>The <strong><a href=\"https:\/\/charcoalplant.com\/tr\/wood-wastes-recycling-machine\/log-chipper\/\">disk odun par\u00e7alay\u0131c\u0131<\/a><\/strong> b\u00fcy\u00fck bambu \u00f6\u011f\u00fct\u00fcc\u00fcyle ayn\u0131 miktarda ham maddeyi i\u015fler ve tamburlu \u00f6\u011f\u00fct\u00fcc\u00fc daha az g\u00fc\u00e7 t\u00fcketir.<\/li>    <li>S\u0131radan odun par\u00e7alay\u0131c\u0131n\u0131n boyutu k\u00fc\u00e7\u00fckt\u00fcr. Konvey\u00f6r bantl\u0131 y\u00fcksek hacimli tamburlu \u00f6\u011f\u00fct\u00fcc\u00fcler hacimlidir ve nakliyesi pahal\u0131d\u0131r.<\/li> <\/ol>    <figure class=\"wp-block-gallery has-nested-images columns-default is-cropped wp-block-gallery-7 is-layout-flex wp-block-gallery-is-layout-flex\"> <figure class=\"wp-block-image size-large\"><img loading=\"lazy\" decoding=\"async\" width=\"720\" height=\"540\" data-id=\"2105\" src=\"https:\/\/charcoalplant.com\/wp-content\/uploads\/2022\/01\/bamboo-chipper-plant.jpg\" alt=\"bambu-par\u00e7alay\u0131c\u0131-bitki\" class=\"wp-image-2105\"\/><figcaption class=\"wp-element-caption\">bambu-par\u00e7alay\u0131c\u0131-bitki<\/figcaption><\/figure> <\/figure>    <h2 class=\"wp-block-heading\" id=\"h-faq-for-drum-chips-cutting-machine\"><strong>SSS<\/strong> <strong>davul cips kesme makinas\u0131 i\u00e7in<\/strong><\/h2>   <div id=\"rank-math-faq\" class=\"rank-math-block\"> <div class=\"rank-math-list\"> <div id=\"faq-question-1673252653718\" class=\"rank-math-list-item\"> <h3 class=\"rank-math-question\"><strong>Kuruluma rehberlik etmesi i\u00e7in m\u00fchendisi g\u00f6nderecek misiniz?<\/strong><\/h3> <div class=\"rank-math-answer\">  <p>Evet, m\u00fc\u015fterinin ihtiyac\u0131na g\u00f6re, makinelerin \u00e7al\u0131\u015fmas\u0131yla ilgili kurulum ve e\u011fitime rehberlik etmek i\u00e7in m\u00fchendisler g\u00f6nderece\u011fiz.<\/p>  <\/div> <\/div> <div id=\"faq-question-1673252663679\" class=\"rank-math-list-item\"> <h3 class=\"rank-math-question\"><strong>Makinenizin kalitesini nas\u0131l bilebilirim?<\/strong><\/h3> <div class=\"rank-math-answer\">  <p>Numune hurda malzemelerinizi bize g\u00f6nderebilirsiniz, biz de sizin i\u00e7in hi\u00e7bir \u00fccret talep etmeden makineyi test ederiz. Ve makine test videosunu size g\u00f6nderebiliriz. Ayr\u0131ca makinemizi ki\u015fisel olarak test etmek i\u00e7in fabrikam\u0131z\u0131 ziyaret etmenizi de memnuniyetle kar\u015f\u0131l\u0131yoruz.<\/p>  <\/div> <\/div> <div id=\"faq-question-1673252682871\" class=\"rank-math-list-item\"> <h3 class=\"rank-math-question\"><strong>Tamburlu par\u00e7alay\u0131c\u0131 kurulumu bir temel gerektirir mi?<\/strong><\/h3> <div class=\"rank-math-answer\">  <p>Hay\u0131r, makinenin alt\u0131nda ta\u015f\u0131ma ve bo\u015faltma ekipmanlar\u0131 bulunmaktad\u0131r.<\/p>  <\/div> <\/div> <\/div> <\/div>   <h2 class=\"wp-block-heading\" id=\"h-large-wood-chipper-manufacturer\"><strong>B\u00fcy\u00fck a\u011fa\u00e7 \u00f6\u011f\u00fct\u00fcc\u00fc \u00fcreticisi<\/strong><\/h2>    <figure class=\"wp-block-gallery has-nested-images columns-default is-cropped wp-block-gallery-8 is-layout-flex wp-block-gallery-is-layout-flex\"> <figure class=\"wp-block-image size-large\"><img loading=\"lazy\" decoding=\"async\" width=\"720\" height=\"540\" data-id=\"2103\" src=\"https:\/\/charcoalplant.com\/wp-content\/uploads\/2022\/01\/our-plant-.jpg\" alt=\"fabrikam\u0131z\" class=\"wp-image-2103\"\/><figcaption class=\"wp-element-caption\">fabrikam\u0131z<\/figcaption><\/figure>    <figure class=\"wp-block-image size-large\"><img loading=\"lazy\" decoding=\"async\" width=\"720\" height=\"540\" data-id=\"2104\" src=\"https:\/\/charcoalplant.com\/wp-content\/uploads\/2022\/01\/parts.jpg\" alt=\"par\u00e7alar\" class=\"wp-image-2104\"\/><figcaption class=\"wp-element-caption\">par\u00e7alar<\/figcaption><\/figure> <\/figure>    <p class=\"translation-block\">Shuliy Makine Ekipmanlar\u0131 A.\u015e. uzun y\u0131llard\u0131r <strong><a href=\"https:\/\/charcoalplant.com\/tr\/industrial-comprehensive-crusher\/\">ah\u015fap geri d\u00f6n\u00fc\u015f\u00fcm end\u00fcstrisi<\/a><\/strong> ile u\u011fra\u015fmaktad\u0131r. Bu nedenle bir\u00e7ok \u00fclke ile ba\u015far\u0131l\u0131 bir \u015fekilde i\u015fbirli\u011fi yapt\u0131k. Bu, \u015firketimizin mevcut iyi geli\u015fimi i\u00e7in bir temel olu\u015fturdu. Se\u00e7ti\u011fimiz ekipman par\u00e7alar\u0131 uluslararas\u0131 kullan\u0131m g\u00f6stergelerini kar\u015f\u0131lamaktad\u0131r ve makineler kaliteli ve dayan\u0131kl\u0131d\u0131r, m\u00fc\u015fterilerden de tam not alm\u0131\u015ft\u0131r. Fabrikam\u0131z\u0131 ziyaret etmeye davetlisiniz. \u00dcr\u00fcn fiyat bilgisi i\u00e7in hemen bizimle ileti\u015fime ge\u00e7in.&nbsp;<\/p>","protected":false},"excerpt":{"rendered":"<p>Tamburlu \u00f6\u011f\u00fct\u00fcc\u00fc, b\u00fcy\u00fck \u00e7apl\u0131 malzemeleri h\u0131zl\u0131 bir \u015fekilde i\u015flemek i\u00e7in hidrolik bir cihazla donat\u0131lm\u0131\u015f, \u00fcst d\u00fczey ve b\u00fcy\u00fck bir a\u011fa\u00e7 \u00f6\u011f\u00fct\u00fcc\u00fcd\u00fcr.<\/p>","protected":false},"author":1,"featured_media":946,"parent":0,"template":"","tags":[64],"product-type":[3],"class_list":["post-786","product","type-product","status-publish","has-post-thumbnail","hentry","tag-wood-wastes-recycling-machine","product-type-wood-wastes-recycling-machine"],"_links":{"self":[{"href":"https:\/\/charcoalplant.com\/tr\/wp-json\/wp\/v2\/product\/786","targetHints":{"allow":["GET"]}}],"collection":[{"href":"https:\/\/charcoalplant.com\/tr\/wp-json\/wp\/v2\/product"}],"about":[{"href":"https:\/\/charcoalplant.com\/tr\/wp-json\/wp\/v2\/types\/product"}],"author":[{"embeddable":true,"href":"https:\/\/charcoalplant.com\/tr\/wp-json\/wp\/v2\/users\/1"}],"wp:featuredmedia":[{"embeddable":true,"href":"https:\/\/charcoalplant.com\/tr\/wp-json\/wp\/v2\/media\/946"}],"wp:attachment":[{"href":"https:\/\/charcoalplant.com\/tr\/wp-json\/wp\/v2\/media?parent=786"}],"wp:term":[{"taxonomy":"post_tag","embeddable":true,"href":"https:\/\/charcoalplant.com\/tr\/wp-json\/wp\/v2\/tags?post=786"},{"taxonomy":"product-type","embeddable":true,"href":"https:\/\/charcoalplant.com\/tr\/wp-json\/wp\/v2\/product-type?post=786"}],"curies":[{"name":"wp","href":"https:\/\/api.w.org\/{rel}","templated":true}]}}