{"id":958,"date":"2021-11-25T10:11:39","date_gmt":"2021-11-25T10:11:39","guid":{"rendered":"https:\/\/charcoalplant.com\/?p=958"},"modified":"2023-01-14T14:25:49","modified_gmt":"2023-01-14T06:25:49","slug":"rice-husk-dryer","status":"publish","type":"product","link":"https:\/\/charcoalplant.com\/tr\/product\/rice-husk-dryer\/","title":{"rendered":"Pirin\u00e7 Kabu\u011fu Kurutucu | Biyok\u00fctle Kurutma Makinesi"},"content":{"rendered":"<div class=\"kk-star-ratings kksr-auto kksr-align-left kksr-valign-top\"     data-payload='{&quot;align&quot;:&quot;left&quot;,&quot;id&quot;:&quot;958&quot;,&quot;slug&quot;:&quot;default&quot;,&quot;valign&quot;:&quot;top&quot;,&quot;ignore&quot;:&quot;&quot;,&quot;reference&quot;:&quot;auto&quot;,&quot;class&quot;:&quot;&quot;,&quot;count&quot;:&quot;23&quot;,&quot;legendonly&quot;:&quot;&quot;,&quot;readonly&quot;:&quot;&quot;,&quot;score&quot;:&quot;4.6&quot;,&quot;starsonly&quot;:&quot;&quot;,&quot;best&quot;:&quot;5&quot;,&quot;gap&quot;:&quot;5&quot;,&quot;greet&quot;:&quot;Rate this product&quot;,&quot;legend&quot;:&quot;4.6\\\/5 - (23 votes)&quot;,&quot;size&quot;:&quot;24&quot;,&quot;title&quot;:&quot;Rice Husk Dryer | Biomass Drying Machine&quot;,&quot;width&quot;:&quot;130.9&quot;,&quot;_legend&quot;:&quot;{score}\\\/{best} - ({count} {votes})&quot;,&quot;font_factor&quot;:&quot;1.25&quot;}'>              <div class=\"kksr-stars\">      <div class=\"kksr-stars-inactive\">             <div class=\"kksr-star\" data-star=\"1\" style=\"padding-right: 5px\">               <div class=\"kksr-icon\" style=\"width: 24px; height: 24px;\"><\/div>         <\/div>             <div class=\"kksr-star\" data-star=\"2\" style=\"padding-right: 5px\">               <div class=\"kksr-icon\" style=\"width: 24px; height: 24px;\"><\/div>         <\/div>             <div class=\"kksr-star\" data-star=\"3\" style=\"padding-right: 5px\">               <div class=\"kksr-icon\" style=\"width: 24px; height: 24px;\"><\/div>         <\/div>             <div class=\"kksr-star\" data-star=\"4\" style=\"padding-right: 5px\">               <div class=\"kksr-icon\" style=\"width: 24px; height: 24px;\"><\/div>         <\/div>             <div class=\"kksr-star\" data-star=\"5\" style=\"padding-right: 5px\">               <div class=\"kksr-icon\" style=\"width: 24px; height: 24px;\"><\/div>         <\/div>     <\/div>      <div class=\"kksr-stars-active\" style=\"width: 130.9px;\">             <div class=\"kksr-star\" style=\"padding-right: 5px\">               <div class=\"kksr-icon\" style=\"width: 24px; height: 24px;\"><\/div>         <\/div>             <div class=\"kksr-star\" style=\"padding-right: 5px\">               <div class=\"kksr-icon\" style=\"width: 24px; height: 24px;\"><\/div>         <\/div>             <div class=\"kksr-star\" style=\"padding-right: 5px\">               <div class=\"kksr-icon\" style=\"width: 24px; height: 24px;\"><\/div>         <\/div>             <div class=\"kksr-star\" style=\"padding-right: 5px\">               <div class=\"kksr-icon\" style=\"width: 24px; height: 24px;\"><\/div>         <\/div>             <div class=\"kksr-star\" style=\"padding-right: 5px\">               <div class=\"kksr-icon\" style=\"width: 24px; height: 24px;\"><\/div>         <\/div>     <\/div> <\/div>                   <div class=\"kksr-legend\" style=\"font-size: 19.2px;\">             4.6\/5 - (23 oy)    <\/div>     <\/div>  <p class=\"translation-block\"><strong>Pirin\u00e7 kabu\u011fu kurutucusu<\/strong> k\u00f6m\u00fcr \u00fcretim hatt\u0131nda \u00f6nemli bir kurutma ekipman\u0131d\u0131r. Islak tala\u015f\u0131, \u0131slak ah\u015fap tala\u015f\u0131n\u0131, \u0131slak bambuyu ve di\u011fer hammaddeyi kurutabilir. Bu nedenle, metalurji, in\u015faat malzemeleri, kimyasallar, k\u00f6m\u00fcr y\u0131kama, g\u00fcbreler, maden, kum ve di\u011fer alanlarda kullan\u0131labilir. D\u00f6nme tamburu kurutucular\u0131 ve hava ak\u0131\u015f\u0131 kurutucular\u0131 \u00fcretiyoruz. Enerji tasarrufu, iyi kurutma etkisi ve basit i\u015fletim \u00f6zelliklerine sahiptirler. Bize telefonla veya e-posta ile ula\u015fabilirsiniz, size rekabet\u00e7i bir fiyat verece\u011fiz.<\/p>    <h2 class=\"wp-block-heading\" id=\"h-what-are-the-types-of-rice-husk-dryers\">Pirin\u00e7 kabu\u011fu kurutucular\u0131n\u0131n t\u00fcrleri nelerdir?<\/h2>    <p class=\"translation-block\">End\u00fcstriyel kurutucular, yatay d\u00f6ner kurutucular ve dikey hava ak\u0131\u015f\u0131 kurutucular\u0131 olarak ikiye ayr\u0131l\u0131r. Asl\u0131nda, her iki kurutucu da <strong><a href=\"https:\/\/charcoalplant.com\/tr\/wood-wastes-recycling-machine\/waste-wooden-pallet-grinder\/\">tala\u015f<\/a><\/strong>, ah\u015fap par\u00e7alar\u0131, kum, g\u00fcbre, ta\u015flar ve daha fazlas\u0131n\u0131 kurutabilir. Ve kurutma etkisi de iyidir. Peki, aralar\u0131ndaki fark nedir? Bir kurutucu nas\u0131l se\u00e7ilmelidir? Bu konular\u0131 sonraki a\u015famada tart\u0131\u015fabiliriz.<\/p>    <h2 class=\"wp-block-heading\"><strong>Tip 1<\/strong>: yatay d\u00f6ner kurutucu<\/h2>    <p>D\u00f6ner pirin\u00e7 kabu\u011fu kurutma makinesi cevheri, kili, kumu, tozu ve di\u011fer malzemeleri kurutabilir. \u00d6nemli olan kurutma etkisinin 95%'nin \u00fczerine \u00e7\u0131kabilmesidir. D\u00f6ner kurutucu m\u00fc\u015fterilerimiz taraf\u0131ndan en \u00e7ok sipari\u015f edilen makinedir. Yani sat\u0131lan en iyi kurutma ekipman\u0131d\u0131r.<\/p>    <figure class=\"wp-block-image aligncenter size-full\"><img loading=\"lazy\" decoding=\"async\" width=\"720\" height=\"540\" src=\"https:\/\/charcoalplant.com\/wp-content\/uploads\/2021\/11\/Rice-husk-dryer-1.jpg\" alt=\"Pirin\u00e7 kabu\u011fu kurutma makinesi\" class=\"wp-image-960\" srcset=\"https:\/\/charcoalplant.com\/wp-content\/uploads\/2021\/11\/Rice-husk-dryer-1.jpg 720w, https:\/\/charcoalplant.com\/wp-content\/uploads\/2021\/11\/Rice-husk-dryer-1-300x225.jpg 300w\" sizes=\"auto, (max-width: 720px) 100vw, 720px\" \/><figcaption class=\"wp-element-caption\">Pirin\u00e7 kabu\u011fu kurutma makinesi<\/figcaption><\/figure>    <h2 class=\"wp-block-heading\">Tala\u015f kurutma makinesinin yap\u0131s\u0131<\/h2>    <p class=\"translation-block\">Ana karakteristik yap\u0131s\u0131 yatay bir silindir. Tamburlar, farkl\u0131 \u00e7\u0131kt\u0131lar elde etmek i\u00e7in farkl\u0131 \u00e7aplara sahiptir. Tamburun i\u00e7inde bir\u00e7ok kald\u0131rma plakas\u0131 vard\u0131r. Tambur d\u00f6nerken, hammaddeler e\u015fit bir \u015fekilde aktar\u0131labilir. \u0130kinci olarak, silindirin d\u0131\u015f\u0131ndaki di\u015fli motor ve di\u015fli. Tamburun d\u00f6n\u00fc\u015f\u00fc di\u015flilere dayan\u0131r ve h\u0131z kontrol\u00fc <strong><a href=\"https:\/\/charcoalplant.com\/tr\/industrial-comprehensive-crusher\/\">di\u015fli motora<\/a><\/strong> dayan\u0131r.<\/p>    <figure class=\"wp-block-image aligncenter size-full\"><img loading=\"lazy\" decoding=\"async\" width=\"696\" height=\"409\" src=\"https:\/\/charcoalplant.com\/wp-content\/uploads\/2022\/03\/sawdust-drying-machine.jpg\" alt=\"tala\u015f kurutma makinesi\" class=\"wp-image-2597\"\/><figcaption class=\"wp-element-caption\">tala\u015f kurutma makinesi<\/figcaption><\/figure>    <div class=\"wp-block-columns has-background is-layout-flex wp-container-core-columns-is-layout-28f84493 wp-block-columns-is-layout-flex\" style=\"background-color:#f1f1f1\"> <div class=\"wp-block-column is-layout-flow wp-block-column-is-layout-flow\" style=\"flex-basis:66.66%\"> <figure class=\"wp-block-gallery has-nested-images columns-default is-cropped wp-block-gallery-2 is-layout-flex wp-block-gallery-is-layout-flex\"> <figure class=\"wp-block-image size-large\"><img loading=\"lazy\" decoding=\"async\" width=\"720\" height=\"540\" data-id=\"968\" src=\"https:\/\/charcoalplant.com\/wp-content\/uploads\/2021\/11\/Roller-1.jpg\" alt=\"Rulo\" class=\"wp-image-968\" srcset=\"https:\/\/charcoalplant.com\/wp-content\/uploads\/2021\/11\/Roller-1.jpg 720w, https:\/\/charcoalplant.com\/wp-content\/uploads\/2021\/11\/Roller-1-300x225.jpg 300w\" sizes=\"auto, (max-width: 720px) 100vw, 720px\" \/><figcaption class=\"wp-element-caption\">Rulo<\/figcaption><\/figure> <\/figure> <\/div>    <div class=\"wp-block-column is-vertically-aligned-center is-layout-flow wp-block-column-is-layout-flow\" style=\"flex-basis:33.33%\"> <p class=\"translation-block\"><strong>Ana g\u00f6vde<\/strong><\/p>    <p>Ana karakteristik yap\u0131s\u0131 yatay bir silindirdir. Farkl\u0131 \u00e7\u0131kt\u0131lar elde etmek i\u00e7in tamburlar\u0131n farkl\u0131 \u00e7aplar\u0131 vard\u0131r. Tamburun i\u00e7inde \u00e7ok say\u0131da kald\u0131rma plakas\u0131 vard\u0131r.<\/p> <\/div> <\/div>    <div class=\"wp-block-columns has-background is-layout-flex wp-container-core-columns-is-layout-28f84493 wp-block-columns-is-layout-flex\" style=\"background-color:#f1f1f1\"> <div class=\"wp-block-column is-vertically-aligned-center is-layout-flow wp-block-column-is-layout-flow\" style=\"flex-basis:33.33%\"> <p class=\"translation-block\"><strong>Elektrik kontrol kutusu<\/strong><\/p>    <p>G\u00fc\u00e7 da\u011f\u0131t\u0131m kabini, red\u00fckt\u00f6r\u00fcn s\u0131cakl\u0131\u011f\u0131n\u0131 ve h\u0131z\u0131n\u0131 kolayl\u0131kla kontrol edebilir. Bu nedenle ayn\u0131 zamanda g\u00fcvenlik rol\u00fc de oynar.<\/p> <\/div>    <div class=\"wp-block-column is-layout-flow wp-block-column-is-layout-flow\" style=\"flex-basis:66.66%\"> <figure class=\"wp-block-gallery has-nested-images columns-default is-cropped wp-block-gallery-3 is-layout-flex wp-block-gallery-is-layout-flex\"> <figure class=\"wp-block-image size-large\"><img loading=\"lazy\" decoding=\"async\" width=\"720\" height=\"540\" data-id=\"2604\" src=\"https:\/\/charcoalplant.com\/wp-content\/uploads\/2022\/03\/electric-box.jpg\" alt=\"\" class=\"wp-image-2604\"\/><\/figure> <\/figure> <\/div> <\/div>    <h2 class=\"wp-block-heading\">Tala\u015f kurutma makinesinin parametreleri<\/h2>    <figure class=\"wp-block-table is-style-stripes\"><table><tbody><tr><td>Modeli<\/td><td>Kapasite<\/td><td>G\u00fc\u00e7<\/td><td>D\u00f6ner \u00c7ap<\/td><\/tr><tr><td>SL-RD800<\/td><td>400-600kg\/saat<\/td><td>4kw<\/td><td>0,8m \u00e7ap, uzunluk 8m<\/td><\/tr><tr><td>SL-RD1000<\/td><td>800-1000kg\/saat<\/td><td>5,5+5,5kw<\/td><td>1m \u00e7ap, uzunluk 10m<\/td><\/tr><tr><td>SL-RD1200<\/td><td>1000-1200kg\/saat<\/td><td>7,5+7,5kw<\/td><td>1,2m \u00e7ap, uzunluk 12m<\/td><\/tr><tr><td>SL-RD1500<\/td><td>1500-2000kg\/saat<\/td><td>15+15kw<\/td><td>1,5m \u00e7ap, uzunluk 12m<\/td><\/tr><\/tbody><\/table><\/figure>    <h2 class=\"wp-block-heading\">End\u00fcstriyel tala\u015f kurutma makinesinin videosu<\/h2>    <figure class=\"wp-block-embed is-type-video is-provider-youtube wp-block-embed-youtube wp-embed-aspect-16-9 wp-has-aspect-ratio\"><div class=\"wp-block-embed__wrapper\"> <iframe loading=\"lazy\" title=\"Harika Tala\u015f Kurutma Makinesi | Endonezya&#039;da SL-800 Kurutucu \u00dcretim Hatt\u0131 Kuruldu#sawdustdrying\" width=\"500\" height=\"281\" src=\"https:\/\/www.youtube.com\/embed\/qOxIQAGlh44?feature=oembed\" frameborder=\"0\" allow=\"accelerometer; autoplay; clipboard-write; encrypted-media; gyroscope; picture-in-picture; web-share\" referrerpolicy=\"strict-origin-when-cross-origin\" allowfullscreen><\/iframe> <\/div><\/figure>    <h2 class=\"wp-block-heading\"><strong>Tip 2<\/strong>: dikey hava ak\u0131\u015fl\u0131 kurutucu<\/h2>    <p>Hava ak\u0131\u015fl\u0131 kurutucu, pirin\u00e7 kabu\u011fu, toz, tala\u015f, ah\u015fap par\u00e7ac\u0131klar\u0131 vb. gibi hafif malzemeleri kurutmak i\u00e7in daha uygundur. Nem alma yetene\u011fi de \u00e7ok iyidir. Ancak tesisin y\u00fcksekli\u011fini hesaplamas\u0131 gerekiyor, dolay\u0131s\u0131yla \u00e7\u0131kt\u0131 s\u0131n\u0131rl\u0131.<\/p>    <figure class=\"wp-block-image aligncenter size-full\"><img loading=\"lazy\" decoding=\"async\" width=\"720\" height=\"540\" src=\"https:\/\/charcoalplant.com\/wp-content\/uploads\/2022\/03\/rice-husk-dryer-machine.jpg\" alt=\"\" class=\"wp-image-2600\"\/><\/figure>    <h2 class=\"wp-block-heading\">Hava ak\u0131m\u0131 kurutma makinesinin yap\u0131s\u0131<\/h2>    <p>Pirin\u00e7 kabu\u011fu kurutucusunun yap\u0131s\u0131 esas olarak bir \u0131s\u0131 kayna\u011f\u0131 f\u0131r\u0131n\u0131, ind\u00fcklenmi\u015f bir \u00e7eki\u015f fan\u0131, bir kurutma odas\u0131, bir giri\u015f, bir \u00e7\u0131k\u0131\u015f vb. i\u00e7erir.<\/p>    <figure class=\"wp-block-image aligncenter size-full is-resized\"><img loading=\"lazy\" decoding=\"async\" src=\"https:\/\/charcoalplant.com\/wp-content\/uploads\/2022\/03\/rice-husk-dryer-show.png\" alt=\"pirin\u00e7 kabu\u011fu kurutma makinesi g\u00f6sterisi\" class=\"wp-image-2599\" width=\"697\" height=\"336\"\/><figcaption class=\"wp-element-caption\">pirin\u00e7 kabu\u011fu kurutma makinesi g\u00f6sterisi<\/figcaption><\/figure>    <div class=\"wp-block-columns has-background is-layout-flex wp-container-core-columns-is-layout-28f84493 wp-block-columns-is-layout-flex\" style=\"background-color:#f1f1f1\"> <div class=\"wp-block-column is-layout-flow wp-block-column-is-layout-flow\" style=\"flex-basis:66.66%\"> <figure class=\"wp-block-gallery has-nested-images columns-default is-cropped wp-block-gallery-4 is-layout-flex wp-block-gallery-is-layout-flex\"> <figure class=\"wp-block-image size-large\"><img loading=\"lazy\" decoding=\"async\" width=\"720\" height=\"540\" data-id=\"967\" src=\"https:\/\/charcoalplant.com\/wp-content\/uploads\/2021\/11\/Heat-source-furnace-for-airflow-dryer-1.jpg\" alt=\"Hava ak\u0131\u015f\u0131 kurutucusu i\u00e7in \u0131s\u0131 kaynakl\u0131 f\u0131r\u0131n\" class=\"wp-image-967\" srcset=\"https:\/\/charcoalplant.com\/wp-content\/uploads\/2021\/11\/Heat-source-furnace-for-airflow-dryer-1.jpg 720w, https:\/\/charcoalplant.com\/wp-content\/uploads\/2021\/11\/Heat-source-furnace-for-airflow-dryer-1-300x225.jpg 300w\" sizes=\"auto, (max-width: 720px) 100vw, 720px\" \/><figcaption class=\"wp-element-caption\">Hava ak\u0131\u015f\u0131 kurutucusu i\u00e7in \u0131s\u0131 kaynakl\u0131 f\u0131r\u0131n<\/figcaption><\/figure> <\/figure> <\/div>    <div class=\"wp-block-column is-vertically-aligned-center is-layout-flow wp-block-column-is-layout-flow\" style=\"flex-basis:33.33%\"> <p class=\"translation-block\"><strong>Br\u00fcl\u00f6r<\/strong><\/p>    <p>Oca\u011f\u0131n yak\u0131lmas\u0131 s\u0131ras\u0131nda \u0131s\u0131 kayna\u011f\u0131 sa\u011flar. \u00dcstelik hammaddesine de gerek yok.<\/p> <\/div> <\/div>    <div class=\"wp-block-columns has-background is-layout-flex wp-container-core-columns-is-layout-28f84493 wp-block-columns-is-layout-flex\" style=\"background-color:#f1f1f1\"> <div class=\"wp-block-column is-vertically-aligned-center is-layout-flow wp-block-column-is-layout-flow\" style=\"flex-basis:33.33%\"> <p class=\"translation-block\"><strong>T\u00fcp<\/strong><\/p>    <p>\u0130ki pirin\u00e7 kabu\u011fu kurutucusunun kurutma odas\u0131n\u0131n yap\u0131s\u0131 ve g\u00f6r\u00fcn\u00fcm\u00fc farkl\u0131d\u0131r. Dikey bir silo kullan\u0131r. Bu nedenle yatayda daha az yer kaplar. Ancak tesisin y\u00fcksekli\u011fini hesaplamas\u0131 gerekiyor, dolay\u0131s\u0131yla \u00e7\u0131kt\u0131 s\u0131n\u0131rl\u0131.<\/p> <\/div>    <div class=\"wp-block-column is-layout-flow wp-block-column-is-layout-flow\" style=\"flex-basis:66.66%\"> <figure class=\"wp-block-gallery has-nested-images columns-default is-cropped wp-block-gallery-5 is-layout-flex wp-block-gallery-is-layout-flex\"> <figure class=\"wp-block-image size-large\"><img loading=\"lazy\" decoding=\"async\" width=\"720\" height=\"540\" data-id=\"2605\" src=\"https:\/\/charcoalplant.com\/wp-content\/uploads\/2022\/03\/airflow-dryer-for-sale.jpg\" alt=\"\" class=\"wp-image-2605\"\/><\/figure> <\/figure> <\/div> <\/div>    <h2 class=\"wp-block-heading\">Hava ak\u0131m\u0131 kurutma makinesinin parametreleri<\/h2>    <figure class=\"wp-block-table is-style-stripes\"><table><tbody><tr><td>Tip<\/td><td>Kapasite<\/td><td>G\u00fc\u00e7<\/td><\/tr><tr><td>SL-AD320<\/td><td>500-600kg\/saat<\/td><td>7,5 kW<\/td><\/tr><tr><td>SL-AD219<\/td><td>300-400kg\/saat<\/td><td>5,5kw<\/td><\/tr><\/tbody><\/table><\/figure>    <h2 class=\"wp-block-heading\" id=\"h-related-accessories-of-rice-husk-drying-machine\">Pirin\u00e7 kabu\u011fu kurutma makinesinin ilgili aksesuarlar\u0131<\/h2>    <p>Her iki tip tala\u015f kurutucusu da \u0131s\u0131 kayna\u011f\u0131n\u0131 sa\u011flamak i\u00e7in \u0131s\u0131 kayna\u011f\u0131 f\u0131r\u0131n\u0131na g\u00fcvenir ve daha sonra malzemeyi, ind\u00fcklenen \u00e7eki\u015f fan\u0131 yoluyla s\u0131cak havayla kar\u0131\u015ft\u0131r\u0131r. Nihai \u00fcr\u00fcn s\u0131cakl\u0131\u011f\u0131 50 derece civar\u0131ndad\u0131r.<\/p>    <p>Bu nedenle operat\u00f6rlerin g\u00fcvenli\u011fini sa\u011flamak amac\u0131yla genellikle m\u00fc\u015fterilerimize so\u011futma ve toz giderme cihazlar\u0131 kurmalar\u0131n\u0131 \u00f6neriyoruz. Bir yandan hava so\u011futma, y\u00fcksek s\u0131cakl\u0131ktaki tala\u015f\u0131 20 dereceye kadar so\u011futabilir. \u00d6te yandan toz giderme cihaz\u0131, \u00fcr\u00fcn safl\u0131\u011f\u0131n\u0131 ve fabrika hijyenini sa\u011flamak i\u00e7in toz toplayabilir.<\/p>    <figure class=\"wp-block-image aligncenter size-full\"><img loading=\"lazy\" decoding=\"async\" width=\"720\" height=\"540\" src=\"https:\/\/charcoalplant.com\/wp-content\/uploads\/2022\/03\/dust-romovel-machine.jpg\" alt=\"\" class=\"wp-image-2606\"\/><\/figure>    <h2 class=\"wp-block-heading\" id=\"h-rice-husk-dryer-for-sale\">Sat\u0131l\u0131k pirin\u00e7 kabu\u011fu kurutma makinesi<\/h2>    <p class=\"translation-block\">Satt\u0131\u011f\u0131m\u0131z iki tip pirin\u00e7 kabu\u011fu kurutucusu vard\u0131r: tambur kurutucular\u0131 ve hava ak\u0131\u015f\u0131 kurutucular\u0131. Ve makinenin arkas\u0131na bir <strong><a href=\"https:\/\/charcoalplant.com\/tr\/biomass-briquette-machine\/sawdust-briquette-machine\/\">biyok\u00fctle briketleme makinesi<\/a><\/strong> koyabilirsiniz. 800mm, 1000mm ve 1200mm tambur \u00e7aplar\u0131 \u00fcretiyoruz. Daha b\u00fcy\u00fck bir tambur \u00e7ap\u0131na ihtiyac\u0131n\u0131z varsa, bunu sizin i\u00e7in \u00f6zelle\u015ftirebiliriz. Tamburun uzunlu\u011fu da esnek olup, hava ak\u0131\u015f\u0131 kurutucusunun silo spesifikasyonlar\u0131 da \u00e7e\u015fitlidir. L\u00fctfen en k\u0131sa s\u00fcrede bizimle ileti\u015fime ge\u00e7in, pirin\u00e7 kabu\u011fu \u00fcretim makinesiyle ilgili detayl\u0131 parametreleri size sa\u011flayaca\u011f\u0131z.<\/p>    <figure class=\"wp-block-gallery has-nested-images columns-2 is-cropped wp-block-gallery-6 is-layout-flex wp-block-gallery-is-layout-flex\"> <figure class=\"wp-block-image size-large\"><img loading=\"lazy\" decoding=\"async\" width=\"720\" height=\"540\" data-id=\"972\" src=\"https:\/\/charcoalplant.com\/wp-content\/uploads\/2021\/11\/Shipment-of-rice-husk-dryer-1.jpg\" alt=\"Pirin\u00e7 kabu\u011fu kurutma makinesinin sevkiyat\u0131\" class=\"wp-image-972\" srcset=\"https:\/\/charcoalplant.com\/wp-content\/uploads\/2021\/11\/Shipment-of-rice-husk-dryer-1.jpg 720w, https:\/\/charcoalplant.com\/wp-content\/uploads\/2021\/11\/Shipment-of-rice-husk-dryer-1-300x225.jpg 300w\" sizes=\"auto, (max-width: 720px) 100vw, 720px\" \/><figcaption class=\"wp-element-caption\">Pirin\u00e7 kabu\u011fu kurutma makinesinin sevkiyat\u0131<\/figcaption><\/figure>    <figure class=\"wp-block-image size-full\"><img loading=\"lazy\" decoding=\"async\" width=\"720\" height=\"540\" data-id=\"2607\" src=\"https:\/\/charcoalplant.com\/wp-content\/uploads\/2022\/03\/rice-husk-dryer-shipping.jpg\" alt=\"pirin\u00e7 kabu\u011fu kurutma makinesi nakliye\" class=\"wp-image-2607\"\/><figcaption class=\"wp-element-caption\">pirin\u00e7 kabu\u011fu kurutma makinesi nakliye<\/figcaption><\/figure> <\/figure>","protected":false},"excerpt":{"rendered":"<p>Pirin\u00e7 kabu\u011fu kurutucu \u0131slak tala\u015f, \u0131slak bagasse, \u0131slak kum vb. Kurutabilir. Nem i\u00e7eri\u011fini yakla\u015f\u0131k 8%'ye d\u00fc\u015f\u00fcrebilir.<\/p>","protected":false},"author":1,"featured_media":960,"parent":0,"template":"","tags":[60],"product-type":[45],"class_list":["post-958","product","type-product","status-publish","has-post-thumbnail","hentry","tag-drying-machine","product-type-drying-machine"],"_links":{"self":[{"href":"https:\/\/charcoalplant.com\/tr\/wp-json\/wp\/v2\/product\/958","targetHints":{"allow":["GET"]}}],"collection":[{"href":"https:\/\/charcoalplant.com\/tr\/wp-json\/wp\/v2\/product"}],"about":[{"href":"https:\/\/charcoalplant.com\/tr\/wp-json\/wp\/v2\/types\/product"}],"author":[{"embeddable":true,"href":"https:\/\/charcoalplant.com\/tr\/wp-json\/wp\/v2\/users\/1"}],"wp:featuredmedia":[{"embeddable":true,"href":"https:\/\/charcoalplant.com\/tr\/wp-json\/wp\/v2\/media\/960"}],"wp:attachment":[{"href":"https:\/\/charcoalplant.com\/tr\/wp-json\/wp\/v2\/media?parent=958"}],"wp:term":[{"taxonomy":"post_tag","embeddable":true,"href":"https:\/\/charcoalplant.com\/tr\/wp-json\/wp\/v2\/tags?post=958"},{"taxonomy":"product-type","embeddable":true,"href":"https:\/\/charcoalplant.com\/tr\/wp-json\/wp\/v2\/product-type?post=958"}],"curies":[{"name":"wp","href":"https:\/\/api.w.org\/{rel}","templated":true}]}}