{"id":999,"date":"2021-11-30T02:53:43","date_gmt":"2021-11-30T02:53:43","guid":{"rendered":"https:\/\/charcoalplant.com\/?p=999"},"modified":"2026-01-15T17:41:46","modified_gmt":"2026-01-15T09:41:46","slug":"sawdust-briquette-machine","status":"publish","type":"product","link":"https:\/\/charcoalplant.com\/tr\/product\/sawdust-briquette-machine\/","title":{"rendered":"Tala\u015f Briket Makinas\u0131 | Tala\u015f K\u00f6m\u00fcr Yapma Makinesi"},"content":{"rendered":"<div class=\"kk-star-ratings kksr-auto kksr-align-left kksr-valign-top\"     data-payload='{&quot;align&quot;:&quot;left&quot;,&quot;id&quot;:&quot;999&quot;,&quot;slug&quot;:&quot;default&quot;,&quot;valign&quot;:&quot;top&quot;,&quot;ignore&quot;:&quot;&quot;,&quot;reference&quot;:&quot;auto&quot;,&quot;class&quot;:&quot;&quot;,&quot;count&quot;:&quot;68&quot;,&quot;legendonly&quot;:&quot;&quot;,&quot;readonly&quot;:&quot;&quot;,&quot;score&quot;:&quot;4.8&quot;,&quot;starsonly&quot;:&quot;&quot;,&quot;best&quot;:&quot;5&quot;,&quot;gap&quot;:&quot;5&quot;,&quot;greet&quot;:&quot;Rate this product&quot;,&quot;legend&quot;:&quot;4.8\\\/5 - (68 votes)&quot;,&quot;size&quot;:&quot;24&quot;,&quot;title&quot;:&quot;Sawdust Briquette Machine | Sawdust Charcoal Making Machine&quot;,&quot;width&quot;:&quot;136.7&quot;,&quot;_legend&quot;:&quot;{score}\\\/{best} - ({count} {votes})&quot;,&quot;font_factor&quot;:&quot;1.25&quot;}'>              <div class=\"kksr-stars\">      <div class=\"kksr-stars-inactive\">             <div class=\"kksr-star\" data-star=\"1\" style=\"padding-right: 5px\">               <div class=\"kksr-icon\" style=\"width: 24px; height: 24px;\"><\/div>         <\/div>             <div class=\"kksr-star\" data-star=\"2\" style=\"padding-right: 5px\">               <div class=\"kksr-icon\" style=\"width: 24px; height: 24px;\"><\/div>         <\/div>             <div class=\"kksr-star\" data-star=\"3\" style=\"padding-right: 5px\">               <div class=\"kksr-icon\" style=\"width: 24px; height: 24px;\"><\/div>         <\/div>             <div class=\"kksr-star\" data-star=\"4\" style=\"padding-right: 5px\">               <div class=\"kksr-icon\" style=\"width: 24px; height: 24px;\"><\/div>         <\/div>             <div class=\"kksr-star\" data-star=\"5\" style=\"padding-right: 5px\">               <div class=\"kksr-icon\" style=\"width: 24px; height: 24px;\"><\/div>         <\/div>     <\/div>      <div class=\"kksr-stars-active\" style=\"width: 136.7px;\">             <div class=\"kksr-star\" style=\"padding-right: 5px\">               <div class=\"kksr-icon\" style=\"width: 24px; height: 24px;\"><\/div>         <\/div>             <div class=\"kksr-star\" style=\"padding-right: 5px\">               <div class=\"kksr-icon\" style=\"width: 24px; height: 24px;\"><\/div>         <\/div>             <div class=\"kksr-star\" style=\"padding-right: 5px\">               <div class=\"kksr-icon\" style=\"width: 24px; height: 24px;\"><\/div>         <\/div>             <div class=\"kksr-star\" style=\"padding-right: 5px\">               <div class=\"kksr-icon\" style=\"width: 24px; height: 24px;\"><\/div>         <\/div>             <div class=\"kksr-star\" style=\"padding-right: 5px\">               <div class=\"kksr-icon\" style=\"width: 24px; height: 24px;\"><\/div>         <\/div>     <\/div> <\/div>                   <div class=\"kksr-legend\" style=\"font-size: 19.2px;\">             4.8\/5 - (68 oy)    <\/div>     <\/div>  <p class=\"translation-block\"><strong>Tomurcuk k\u00f6m\u00fcr\u00fc presi makinesi<\/strong>, biyok\u00fct\u00fck tomurcuklar\u0131n\u0131 hammaddeler olarak kullanarak biyok\u00fct\u00fck \u00e7ubuklar\u0131 yapmak i\u00e7in \u00e7e\u015fitli biyok\u00fct\u00fck tomurcuklar\u0131n\u0131 kullanan bir t\u00fcr ekipmand\u0131r. \u0130\u015flemi s\u0131ras\u0131nda herhangi bir ba\u011flay\u0131c\u0131 madde eklemeye gerek yoktur. <strong><a href=\"https:\/\/charcoalplant.com\/tr\/news\/biomass-briquette-fuel-and-biomass-fuel\/\">machine-made charcoal<\/a><\/strong>\u2019un \u00e7evre dostu ve yanma diren\u00e7li \u00f6zellikleri nedeniyle i\u00e7 ve d\u0131\u015f pazarlarda b\u00fcy\u00fck bir talep vard\u0131r. Bu nedenle, b\u00fcy\u00fck k\u00f6m\u00fcr fabrikalar\u0131 <a href=\"https:\/\/charcoalplant.com\/tr\/charcoal-making-machine-3\/\"><strong>k\u00f6m\u00fcr \u00fcretim hatlar\u0131<\/strong><\/a> i\u00e7in birden fazla tomurcuk k\u00f6m\u00fcr\u00fc presi makinesi sat\u0131n almaya acele ediyorlar. En son k\u00f6m\u00fcr makineleri piyasa bilgileri i\u00e7in \u015fimdi bizimle ileti\u015fime ge\u00e7in.<\/p>    <h2 class=\"wp-block-heading\" id=\"h-what-is-sawdust-briquette-machine\">Tala\u015f Briket Makinesi Nedir?<\/h2>    <p>Tala\u015f briket makinesi, k\u00f6m\u00fcr makinesi \u00fcretim hatt\u0131n\u0131n \u00f6nemli ekipmanlar\u0131ndan biridir. Genellikle tala\u015f k\u00f6m\u00fcr\u00fc yapma makinesi ve kurutucu, k\u00f6m\u00fcr makinesinin \u00f6n\u00fcne yerle\u015ftirilir. Ama\u00e7 ona kuru hammadde sa\u011flamakt\u0131r. Yeni enerji tasarrufu sa\u011flayan k\u00f6m\u00fcr tala\u015f \u00e7ubuk yapma makinesi, elektromanyetik ind\u00fcksiyonlu \u0131s\u0131tma ve vida presleme \u00e7ubuk yap\u0131m teknolojisini benimser. Sonu\u00e7 olarak daha yo\u011fun ve daha sert tala\u015f briketleri \u00fcretir.<\/p>    <figure class=\"wp-block-image aligncenter size-full\"><img loading=\"lazy\" decoding=\"async\" width=\"720\" height=\"540\" src=\"https:\/\/charcoalplant.com\/wp-content\/uploads\/2022\/02\/sawdust-briquette-machine.jpg\" alt=\"tala\u015f briket makinesi\" class=\"wp-image-2377\"\/><figcaption class=\"wp-element-caption\">tala\u015f briket makinesi<\/figcaption><\/figure>    <h2 class=\"wp-block-heading\" id=\"h-raw-material-for-sawdust-briquette-machine\">Tala\u015f Briket Makinesi Hammaddesi<\/h2>    <p>Asl\u0131nda tala\u015f briket yapma makinesi \u00e7ok \u00e7evre dostudur. Ayn\u0131 zamanda ekonomik de\u011feri y\u00fcksek i\u015fleme ekipmanlar\u0131d\u0131r. Hammaddeleri esas olarak nem i\u00e7eri\u011fi 12%'den az ve boyutu 6 mm'den k\u00fc\u00e7\u00fck olan tala\u015f peletleridir. \u00d6rne\u011fin tala\u015f, pirin\u00e7 kabu\u011fu, saman, bambu par\u00e7alar\u0131, kolza saplar\u0131, f\u0131st\u0131k kabuklar\u0131, pamuk saplar\u0131 vb. Di\u011fer yayg\u0131n evsel at\u0131klar. Kahve telvesi, k\u00fcspe, \u00e7ay tohumu kabu\u011fu vb. (Not: Yem boyutuna uymayan malzemelerin \u00f6nce ezilmesi gerekir.)<\/p>    <figure class=\"wp-block-gallery has-nested-images columns-default is-cropped wp-block-gallery-2 is-layout-flex wp-block-gallery-is-layout-flex\"> <figure class=\"wp-block-image size-large\"><img loading=\"lazy\" decoding=\"async\" width=\"720\" height=\"540\" data-id=\"2364\" src=\"https:\/\/charcoalplant.com\/wp-content\/uploads\/2022\/02\/bamboo.jpg\" alt=\"bambu\" class=\"wp-image-2364\"\/><figcaption class=\"wp-element-caption\">bambu<\/figcaption><\/figure>    <figure class=\"wp-block-image size-large\"><img loading=\"lazy\" decoding=\"async\" width=\"600\" height=\"400\" data-id=\"2361\" src=\"https:\/\/charcoalplant.com\/wp-content\/uploads\/2022\/02\/coffee-grounds.jpg\" alt=\"kahve telvesi\" class=\"wp-image-2361\"\/><figcaption class=\"wp-element-caption\">kahve telvesi<\/figcaption><\/figure>    <figure class=\"wp-block-image size-large\"><img loading=\"lazy\" decoding=\"async\" width=\"720\" height=\"540\" data-id=\"2365\" src=\"https:\/\/charcoalplant.com\/wp-content\/uploads\/2022\/02\/cotton-stalk-1.jpg\" alt=\"pamuk sap\u0131\" class=\"wp-image-2365\"\/><figcaption class=\"wp-element-caption\">pamuk sap\u0131<\/figcaption><\/figure>    <figure class=\"wp-block-image size-large\"><img loading=\"lazy\" decoding=\"async\" width=\"720\" height=\"540\" data-id=\"2362\" src=\"https:\/\/charcoalplant.com\/wp-content\/uploads\/2022\/02\/peanut-shell-1.jpg\" alt=\"f\u0131st\u0131k kabu\u011fu\" class=\"wp-image-2362\"\/><figcaption class=\"wp-element-caption\">f\u0131st\u0131k kabu\u011fu<\/figcaption><\/figure>    <figure class=\"wp-block-image size-large\"><img loading=\"lazy\" decoding=\"async\" width=\"720\" height=\"540\" data-id=\"2363\" src=\"https:\/\/charcoalplant.com\/wp-content\/uploads\/2022\/02\/rice-husk-1.jpg\" alt=\"pirin\u00e7 kabu\u011fu\" class=\"wp-image-2363\"\/><figcaption class=\"wp-element-caption\">pirin\u00e7 kabu\u011fu<\/figcaption><\/figure>    <figure class=\"wp-block-image size-large\"><img loading=\"lazy\" decoding=\"async\" width=\"720\" height=\"540\" data-id=\"2366\" src=\"https:\/\/charcoalplant.com\/wp-content\/uploads\/2022\/02\/sawdust-2.jpg\" alt=\"tala\u015f\" class=\"wp-image-2366\"\/><figcaption class=\"wp-element-caption\">tala\u015f<\/figcaption><\/figure> <\/figure>    <h2 class=\"wp-block-heading\" id=\"h-structure-of-biomass-briquetting-machine\">Tala\u015f Briket Yapma Makinesinin Yap\u0131s\u0131<\/h2>    <p>Tala\u015f briket makinesinin ana yap\u0131s\u0131 giri\u015f, \u00e7\u0131k\u0131\u015f, g\u00fc\u00e7 da\u011f\u0131t\u0131m kabini, kasnak, motor vb. i\u00e7erir. \u0130lgili aksesuarlar\u0131 bir \u0131s\u0131tma halkas\u0131, vidal\u0131 pervane ve rulmand\u0131r. Tala\u015f briket ekstruderinin genel yap\u0131s\u0131 kompakt ve g\u00f6r\u00fcn\u00fc\u015fte g\u00fczeldir.<\/p>    <figure class=\"wp-block-image aligncenter size-full\"><img loading=\"lazy\" decoding=\"async\" width=\"720\" height=\"540\" src=\"https:\/\/charcoalplant.com\/wp-content\/uploads\/2022\/02\/sawdust-biomass-briquette-machine.jpg\" alt=\"\" class=\"wp-image-2380\"\/><\/figure>    <div class=\"wp-block-columns has-background is-layout-flex wp-container-core-columns-is-layout-28f84493 wp-block-columns-is-layout-flex\" style=\"background-color:#f1f1f1\"> <div class=\"wp-block-column is-layout-flow wp-block-column-is-layout-flow\" style=\"flex-basis:66.66%\"> <figure class=\"wp-block-gallery has-nested-images columns-default is-cropped wp-block-gallery-3 is-layout-flex wp-block-gallery-is-layout-flex\"> <figure class=\"wp-block-image size-large\"><img loading=\"lazy\" decoding=\"async\" width=\"720\" height=\"540\" data-id=\"1005\" src=\"https:\/\/charcoalplant.com\/wp-content\/uploads\/2021\/11\/Metal-heating-ring-1.jpg\" alt=\"Metal \u0131s\u0131tma halkas\u0131\" class=\"wp-image-1005\" srcset=\"https:\/\/charcoalplant.com\/wp-content\/uploads\/2021\/11\/Metal-heating-ring-1.jpg 720w, https:\/\/charcoalplant.com\/wp-content\/uploads\/2021\/11\/Metal-heating-ring-1-300x225.jpg 300w\" sizes=\"auto, (max-width: 720px) 100vw, 720px\" \/><figcaption class=\"wp-element-caption\">Metal \u0131s\u0131tma halkas\u0131<\/figcaption><\/figure> <\/figure> <\/div>    <div class=\"wp-block-column is-vertically-aligned-center is-layout-flow wp-block-column-is-layout-flow\" style=\"flex-basis:33.33%\"> <p class=\"translation-block\"><strong>Metal \u0131s\u0131tma halkas\u0131<\/strong><\/p>    <p>Tasarlanan tam otomatik kontroll\u00fc elektrikli \u0131s\u0131tma cihaz\u0131, yaln\u0131zca malzemenin kuru nemini rastgele ayarlamakla kalmaz. Ayr\u0131ca bo\u015faltma ve \u015fekillendirme stabilitesini sa\u011flar ve i\u015f verimlili\u011fini art\u0131r\u0131r.<\/p> <\/div> <\/div>    <div class=\"wp-block-columns has-background is-layout-flex wp-container-core-columns-is-layout-28f84493 wp-block-columns-is-layout-flex\" style=\"background-color:#f1f1f1\"> <div class=\"wp-block-column is-vertically-aligned-center is-layout-flow wp-block-column-is-layout-flow\" style=\"flex-basis:33.33%\"> <p class=\"translation-block\"><strong>Vidal\u0131 pervane<\/strong><\/p>    <p>\u00c7ubuk yapma makinesinin pervane k\u0131sm\u0131, \u00fcretim s\u00fcresini art\u0131ran ve servis \u00f6mr\u00fcn\u00fc uzatan malzeme i\u015flemeyi benimser.<\/p> <\/div>    <div class=\"wp-block-column is-layout-flow wp-block-column-is-layout-flow\" style=\"flex-basis:66.66%\"> <figure class=\"wp-block-gallery has-nested-images columns-default is-cropped wp-block-gallery-4 is-layout-flex wp-block-gallery-is-layout-flex\"> <figure class=\"wp-block-image size-large\"><img loading=\"lazy\" decoding=\"async\" width=\"720\" height=\"540\" data-id=\"1008\" src=\"https:\/\/charcoalplant.com\/wp-content\/uploads\/2021\/11\/Screw-propeller-1.jpg\" alt=\"Vidal\u0131 pervane\" class=\"wp-image-1008\" srcset=\"https:\/\/charcoalplant.com\/wp-content\/uploads\/2021\/11\/Screw-propeller-1.jpg 720w, https:\/\/charcoalplant.com\/wp-content\/uploads\/2021\/11\/Screw-propeller-1-300x225.jpg 300w\" sizes=\"auto, (max-width: 720px) 100vw, 720px\" \/><figcaption class=\"wp-element-caption\">Vidal\u0131 pervane<\/figcaption><\/figure> <\/figure> <\/div> <\/div>    <div class=\"wp-block-columns has-background is-layout-flex wp-container-core-columns-is-layout-28f84493 wp-block-columns-is-layout-flex\" style=\"background-color:#f1f1f1\"> <div class=\"wp-block-column is-layout-flow wp-block-column-is-layout-flow\" style=\"flex-basis:66.66%\"> <figure class=\"wp-block-gallery has-nested-images columns-default is-cropped wp-block-gallery-5 is-layout-flex wp-block-gallery-is-layout-flex\"> <figure class=\"wp-block-image size-large\"><img loading=\"lazy\" decoding=\"async\" width=\"720\" height=\"540\" data-id=\"2368\" src=\"https:\/\/charcoalplant.com\/wp-content\/uploads\/2022\/02\/mould.jpg\" alt=\"\" class=\"wp-image-2368\"\/><\/figure> <\/figure> <\/div>    <div class=\"wp-block-column is-vertically-aligned-center is-layout-flow wp-block-column-is-layout-flow\" style=\"flex-basis:33.33%\"> <p class=\"translation-block\"><strong>Kal\u0131p<\/strong><\/p>    <p>Tala\u015f \u00e7ubuk yapma makinesi kal\u0131plar\u0131 \u00e7e\u015fitlidir. Bu nedenle d\u00f6rtgen, alt\u0131gen vb. \u00e7okgen tala\u015f briketleri \u00fcretebilmektedir.<\/p> <\/div> <\/div>    <h2 class=\"wp-block-heading\" id=\"parameters-of-sawdust-briquette-making-machine\">Tala\u015f Briket Yapma Makinesi Parametreleri<\/h2>    <figure class=\"wp-block-table is-style-stripes\"><table><tbody><tr><td>Modeli<\/td><td>SL-WB50<\/td><\/tr><tr><td>Kapasite<\/td><td>Saatte 250-350kg<\/td><\/tr><tr><td>G\u00fc\u00e7<\/td><td>18,5kw\/22kw<\/td><\/tr><tr><td>Boyut<\/td><td>1.7*0.7*1.4m<\/td><\/tr><tr><td>A\u011f\u0131rl\u0131k<\/td><td>700kg<\/td><\/tr><\/tbody><\/table><\/figure>    <h2 class=\"wp-block-heading\" id=\"video-of-biomass-briket-forming-machine\">Tala\u015f Biyok\u00fctle Briket Makinesi Videosu<\/h2>    <figure class=\"wp-block-embed is-type-video is-provider-youtube wp-block-embed-youtube wp-embed-aspect-16-9 wp-has-aspect-ratio\"><div class=\"wp-block-embed__wrapper\"> <iframe loading=\"lazy\" title=\"Tala\u015f Briket Makinesi \u00dcreticisi | Biyok\u00fctle Briketleme Tesisi #biyok\u00fctletoz#tala\u015f#hurdabambu\" width=\"500\" height=\"281\" src=\"https:\/\/www.youtube.com\/embed\/XAOrW47NuvA?feature=oembed\" frameborder=\"0\" allow=\"accelerometer; autoplay; clipboard-write; encrypted-media; gyroscope; picture-in-picture; web-share\" referrerpolicy=\"strict-origin-when-cross-origin\" allowfullscreen><\/iframe> <\/div><figcaption class=\"wp-element-caption\">tala\u015f briket makinesi \u00fcreticisi<\/figcaption><\/figure>    <h2 class=\"wp-block-heading\" id=\"h-features-of-sawdust-briquetting-equipment\">Tala\u015f Briket Yapma Makinesinin \u00d6zellikleri <\/h2>    <p class=\"translation-block\">Biz, k\u00f6m\u00fcr makinesi \u00fcretim hatt\u0131 konusunda uzmanla\u015fm\u0131\u015f bir \u00fcreticiyiz. Tomurcuk k\u00f6m\u00fcr\u00fc \u00e7ubu\u011fu yapma makineleri, <strong><a href=\"https:\/\/charcoalplant.com\/tr\/carbonization-furnace\/vertical-carbonization-furnace\/\">karbonla\u015ft\u0131rma f\u0131r\u0131nlar\u0131<\/a><\/strong>, ve do\u011frama makineleri konusunda zengin deneyime sahibiz. Bu nedenle tomurcuk k\u00f6m\u00fcr\u00fc pres makinemizin \u015fu \u00f6zellikleri vard\u0131r:<\/p>    <h3 class=\"wp-block-heading\">1. G\u00fcvenlik<\/h3>    <p>Ekipman\u0131n metal kapa\u011f\u0131n\u0131n ve g\u00fc\u00e7 da\u011f\u0131t\u0131m kabininin tasar\u0131m\u0131, g\u00fcvenlik \u00f6zelliklerini tam olarak b\u00fcnyesinde bar\u0131nd\u0131rmaktad\u0131r.<\/p>    <h3 class=\"wp-block-heading\">2. Ak\u0131ll\u0131<\/h3>    <p>G\u00fc\u00e7 da\u011f\u0131t\u0131m kabininde, baz\u0131lar\u0131 s\u0131cakl\u0131\u011f\u0131 kontrol etmek ve baz\u0131lar\u0131 voltaj\u0131 g\u00f6r\u00fcnt\u00fclemek i\u00e7in \u00e7ok say\u0131da d\u00fc\u011fme vard\u0131r. Tek tu\u015fla ba\u015flatma, \u00e7ok fazla \u00e7al\u0131\u015fmaya gerek yok.<\/p>    <h3 class=\"wp-block-heading\">3. Kaliteli<\/h3>    <p>Fabrikam\u0131zda uluslararas\u0131 standartlara uygun metal malzemeler kullan\u0131lmaktad\u0131r. Yani \u00fcretti\u011fimiz biyok\u00fctle \u00e7ubuk yap\u0131m makinelerinin tamam\u0131 uluslararas\u0131 sertifikal\u0131d\u0131r.<\/p>    <h3 class=\"wp-block-heading\">4. G\u00fc\u00e7l\u00fc bask\u0131<\/h3>    <p>Tala\u015f briket makinesinin y\u00fcksek bas\u0131nc\u0131, y\u00fcksek yo\u011funluklu biyok\u00fctle \u00e7ubuklar\u0131 \u00fcretebilir. Biyok\u00fctle \u00e7ubuklar\u0131n\u0131n yo\u011funlu\u011fu daha fazla oldu\u011fu i\u00e7in yanma s\u00fcresi daha uzun olacakt\u0131r. B\u00f6ylece yanma etkisi daha iyi olacakt\u0131r.<\/p>    <figure class=\"wp-block-image aligncenter size-full\"><img loading=\"lazy\" decoding=\"async\" width=\"720\" height=\"540\" src=\"https:\/\/charcoalplant.com\/wp-content\/uploads\/2022\/01\/biomass-briquette-extruder-plant.jpg\" alt=\"biyok\u00fctle briket ekstruder tesisi\" class=\"wp-image-1787\" srcset=\"https:\/\/charcoalplant.com\/wp-content\/uploads\/2022\/01\/biomass-briquette-extruder-plant.jpg 720w, https:\/\/charcoalplant.com\/wp-content\/uploads\/2022\/01\/biomass-briquette-extruder-plant-300x225.jpg 300w\" sizes=\"auto, (max-width: 720px) 100vw, 720px\" \/><figcaption class=\"wp-element-caption\">biyok\u00fctle briket ekstruder tesisi<\/figcaption><\/figure>    <h2 class=\"wp-block-heading\" id=\"h-how-to-use-screw-biomass-briquette-press-machine\">Vidal\u0131 Biyok\u00fctle Briket Pres Makinesi Nas\u0131l Kullan\u0131l\u0131r?<\/h2>    <p>Tala\u015f briket makinesinin kullan\u0131mdan \u00f6nce hata ay\u0131klamas\u0131 yap\u0131lmas\u0131 gerekti\u011fini burada vurgulamak gerekir. \u00c7\u00fcnk\u00fc ah\u015fap \u00e7ubuk makinesi par\u00e7alar\u0131 d\u00fczg\u00fcn tak\u0131lmad\u0131\u011f\u0131 takdirde kalitesiz ah\u015fap \u00e7ubuklar \u00fcretecektir. Tala\u015f \u00e7ubu\u011fu yapma makinesini kullanma ad\u0131mlar\u0131 a\u015fa\u011f\u0131dad\u0131r:<\/p>    <p>1. Anahtar d\u00fc\u011fmesini \u00e7al\u0131\u015ft\u0131r\u0131n ve makinenin 380 dereceye kadar \u0131s\u0131nmas\u0131n\u0131 bekleyin.<\/p>    <p>2. Tala\u015f\u0131 besleme giri\u015fine d\u00f6k\u00fcn.<\/p>    <p>3. Tahta \u00e7ubu\u011fun rengini ve parlakl\u0131\u011f\u0131n\u0131 g\u00f6zlemleyin.<\/p>    <p>Biyok\u00fctle \u00e7ubu\u011funun y\u00fczeyi p\u00fcr\u00fczs\u00fcz ve kahverengidir, bu da tala\u015f \u00e7ubu\u011fu yapma makinesinin do\u011frudan kullan\u0131labilece\u011fini g\u00f6sterir. Aksi halde ekipman\u0131n hata ay\u0131klamas\u0131 gerekir.<\/p>    <figure class=\"wp-block-image aligncenter size-full\"><img loading=\"lazy\" decoding=\"async\" width=\"720\" height=\"540\" src=\"https:\/\/charcoalplant.com\/wp-content\/uploads\/2022\/02\/biomass-briquetting-machine-forsale.jpg\" alt=\"\" class=\"wp-image-2370\"\/><\/figure>    <h2 class=\"wp-block-heading\" id=\"h-biomass-briquette-machine-for-sale\">Sat\u0131l\u0131k Biyok\u00fctle Briket Makinesi<\/h2>    <p class=\"translation-block\">Shuliy Machinery Equipment Co., Ltd. iskender cihazlar\u0131 konusunda m\u00fckemmel bir \u00fcreticidir. Saman k\u0131r\u0131c\u0131lar\u0131, <a href=\"https:\/\/charcoalplant.com\/tr\/rice-husk-dryer\/\"><strong>pirin\u00e7 saman\u0131 kurutucular\u0131<\/strong><\/a>, <strong><a href=\"https:\/\/charcoalplant.com\/tr\/log-chipper\/\">odun k\u0131rp\u0131c\u0131lar\u0131<\/a><\/strong> gibi \u00fcr\u00fcnler sat\u0131yoruz. Sawdust briquette makine pazar\u0131n\u0131 s\u00fcrekli ara\u015ft\u0131rarak ekipmanlarda makul iyile\u015ftirmeler yapt\u0131k. G\u00f6r\u00fcn\u00fcm \u00f6nceki s\u00fcr\u00fcme g\u00f6re daha sade. Yap\u0131sal olarak, \u00f6nceki s\u00fcr\u00fcme g\u00f6re par\u00e7alar\u0131 onarmak ve de\u011fi\u015ftirmek daha kolay. Bu y\u00fczden en son \u00fcr\u00fcn fiyat listesine sahip olmak i\u00e7in \u015fimdi bizimle ileti\u015fime ge\u00e7in.<\/p>    <figure class=\"wp-block-gallery has-nested-images columns-default is-cropped wp-block-gallery-6 is-layout-flex wp-block-gallery-is-layout-flex\"> <figure class=\"wp-block-image size-full\"><img loading=\"lazy\" decoding=\"async\" width=\"720\" height=\"540\" data-id=\"2371\" src=\"https:\/\/charcoalplant.com\/wp-content\/uploads\/2022\/02\/sawdust-briquette-machine-plant.jpg\" alt=\"\" class=\"wp-image-2371\"\/><figcaption class=\"wp-element-caption\">tala\u015f-briket-ekstruder<\/figcaption><\/figure>    <figure class=\"wp-block-image size-full\"><img loading=\"lazy\" decoding=\"async\" width=\"720\" height=\"540\" data-id=\"2372\" src=\"https:\/\/charcoalplant.com\/wp-content\/uploads\/2022\/02\/shippment-1.jpg\" alt=\"\" class=\"wp-image-2372\"\/><figcaption class=\"wp-element-caption\">Geli\u015ftirilmi\u015f<\/figcaption><\/figure> <\/figure>    <h2 class=\"wp-block-heading\" id=\"h-application-of-sawdust-briquetting-extruder-machine\">Tala\u015f Briketleme Ekstruder Makinesi Uygulamas\u0131 <\/h2>    <p>Tala\u015f briket ekstruderinin \u00fcretti\u011fi biyok\u00fctle \u00e7ubu\u011fu i\u00e7i bo\u015f durumdad\u0131r. Bu bitmi\u015f \u00fcr\u00fcnler yaln\u0131zca do\u011frudan kazan yanmas\u0131 i\u00e7in kullan\u0131lamaz. K\u00f6m\u00fcr tesislerinin i\u015flendikten sonra k\u00f6m\u00fcr haline getirilmesi de uygundur. K\u0131saca \u015fu anda olduk\u00e7a pop\u00fcler bir yak\u0131c\u0131 malzemedir.<\/p>    <figure class=\"wp-block-gallery has-nested-images columns-default is-cropped wp-block-gallery-7 is-layout-flex wp-block-gallery-is-layout-flex\"> <figure class=\"wp-block-image size-large\"><img loading=\"lazy\" decoding=\"async\" width=\"720\" height=\"540\" data-id=\"1791\" src=\"https:\/\/charcoalplant.com\/wp-content\/uploads\/2022\/01\/biomass-rod-.jpg\" alt=\"biyok\u00fctle \u00e7ubu\u011fu\" class=\"wp-image-1791\" srcset=\"https:\/\/charcoalplant.com\/wp-content\/uploads\/2022\/01\/biomass-rod-.jpg 720w, https:\/\/charcoalplant.com\/wp-content\/uploads\/2022\/01\/biomass-rod--300x225.jpg 300w\" sizes=\"auto, (max-width: 720px) 100vw, 720px\" \/><figcaption class=\"wp-element-caption\">biyok\u00fctle \u00e7ubu\u011fu<\/figcaption><\/figure>    <figure class=\"wp-block-image size-full\"><img loading=\"lazy\" decoding=\"async\" width=\"720\" height=\"540\" data-id=\"1788\" src=\"https:\/\/charcoalplant.com\/wp-content\/uploads\/2022\/01\/packed-sawdust-briquette.jpg\" alt=\"paketlenmi\u015f-tala\u015f-briket\" class=\"wp-image-1788\" srcset=\"https:\/\/charcoalplant.com\/wp-content\/uploads\/2022\/01\/packed-sawdust-briquette.jpg 720w, https:\/\/charcoalplant.com\/wp-content\/uploads\/2022\/01\/packed-sawdust-briquette-300x225.jpg 300w\" sizes=\"auto, (max-width: 720px) 100vw, 720px\" \/><figcaption class=\"wp-element-caption\">paketlenmi\u015f-tala\u015f-briket<\/figcaption><\/figure> <\/figure>","protected":false},"excerpt":{"rendered":"<p>Tala\u015f briket makinesi biyok\u00fctle \u00e7ubuklar\u0131 yapmak i\u00e7in \u00f6nemli bir ara\u00e7t\u0131r. \u00c7ubuklar\u0131n y\u00fcksek yanma h\u0131z\u0131 vard\u0131r ve bu da \u00e7ok pop\u00fclerdir.<\/p>","protected":false},"author":1,"featured_media":1973,"parent":0,"template":"","tags":[66],"product-type":[43],"class_list":["post-999","product","type-product","status-publish","has-post-thumbnail","hentry","tag-biomass-briquette-machine","product-type-biomass-briquette-machine"],"_links":{"self":[{"href":"https:\/\/charcoalplant.com\/tr\/wp-json\/wp\/v2\/product\/999","targetHints":{"allow":["GET"]}}],"collection":[{"href":"https:\/\/charcoalplant.com\/tr\/wp-json\/wp\/v2\/product"}],"about":[{"href":"https:\/\/charcoalplant.com\/tr\/wp-json\/wp\/v2\/types\/product"}],"author":[{"embeddable":true,"href":"https:\/\/charcoalplant.com\/tr\/wp-json\/wp\/v2\/users\/1"}],"wp:featuredmedia":[{"embeddable":true,"href":"https:\/\/charcoalplant.com\/tr\/wp-json\/wp\/v2\/media\/1973"}],"wp:attachment":[{"href":"https:\/\/charcoalplant.com\/tr\/wp-json\/wp\/v2\/media?parent=999"}],"wp:term":[{"taxonomy":"post_tag","embeddable":true,"href":"https:\/\/charcoalplant.com\/tr\/wp-json\/wp\/v2\/tags?post=999"},{"taxonomy":"product-type","embeddable":true,"href":"https:\/\/charcoalplant.com\/tr\/wp-json\/wp\/v2\/product-type?post=999"}],"curies":[{"name":"wp","href":"https:\/\/api.w.org\/{rel}","templated":true}]}}