{"id":10,"date":"2021-12-28T05:29:07","date_gmt":"2021-12-28T05:29:07","guid":{"rendered":"http:\/\/charcoalplant.local\/?page_id=10"},"modified":"2025-12-05T13:36:48","modified_gmt":"2025-12-05T05:36:48","slug":"contact-us","status":"publish","type":"page","link":"https:\/\/charcoalplant.com\/vi\/contact\/","title":{"rendered":"Li\u00ean h\u1ec7"},"content":{"rendered":"<h2 class=\"wp-block-heading\" id=\"h-start-your-business\">B\u1eaft \u0111\u1ea7u c\u00f4ng vi\u1ec7c kinh doanh c\u1ee7a b\u1ea1n!<\/h2>    <p class=\"has-medium-font-size\" style=\"font-style:normal;font-weight:400\">Shuliy Machinery l\u00e0 nh\u00e0 s\u1ea3n xu\u1ea5t m\u00e1y than n\u1ed5i ti\u1ebfng. C\u00e1c thi\u1ebft b\u1ecb ch\u00fang t\u00f4i b\u00e1n bao g\u1ed3m m\u00e1y l\u00e0m than c\u1ee7i, m\u00e1y l\u00e0m b\u00e1nh sinh kh\u1ed1i, l\u00f2 cacbon h\u00f3a, m\u00e1y \u0111\u00f3ng g\u00f3i than c\u1ee7i, m\u00e1y t\u00e1i ch\u1ebf g\u1ed7, v.v. <\/p>    <p><\/p>    <div class=\"wp-block-columns pt50 is-layout-flex wp-container-core-columns-is-layout-28f84493 wp-block-columns-is-layout-flex\"> <div class=\"wp-block-column is-layout-flow wp-block-column-is-layout-flow\"> <figure class=\"wp-block-image aligncenter size-full is-resized\"><img loading=\"lazy\" decoding=\"async\" width=\"128\" height=\"128\" src=\"https:\/\/charcoalplant.com\/wp-content\/uploads\/2022\/03\/smartphone.png\" alt=\"\" class=\"wp-image-2798\" style=\"width:70px;height:70px\"\/><figcaption class=\"wp-element-caption\">\u0110i\u1ec7n tho\u1ea1i<\/figcaption><\/figure>    <p class=\"has-text-align-center\">+86 15838192276<\/p> <\/div>    <div class=\"wp-block-column is-layout-flow wp-block-column-is-layout-flow\"> <figure class=\"wp-block-image aligncenter size-full is-resized\"><img loading=\"lazy\" decoding=\"async\" width=\"128\" height=\"128\" src=\"https:\/\/charcoalplant.com\/wp-content\/uploads\/2022\/03\/email.png\" alt=\"\" class=\"wp-image-2799\" style=\"width:70px;height:70px\"\/><figcaption class=\"wp-element-caption\">E-mail<\/figcaption><\/figure>    <p class=\"has-text-align-center\">info@charcoalplant.com<\/p> <\/div>    <div class=\"wp-block-column is-layout-flow wp-block-column-is-layout-flow\"> <figure class=\"wp-block-image aligncenter size-full is-resized\"><img loading=\"lazy\" decoding=\"async\" width=\"128\" height=\"128\" src=\"https:\/\/charcoalplant.com\/wp-content\/uploads\/2022\/03\/whatsapp.png\" alt=\"\" class=\"wp-image-2800\" style=\"width:70px;height:70px\"\/><figcaption class=\"wp-element-caption\">WhatsApp<\/figcaption><\/figure>    <p class=\"has-text-align-center\">+86 15838192276<\/p> <\/div>    <div class=\"wp-block-column is-layout-flow wp-block-column-is-layout-flow\"> <figure class=\"wp-block-image aligncenter size-full is-resized\"><img loading=\"lazy\" decoding=\"async\" width=\"128\" height=\"128\" src=\"https:\/\/charcoalplant.com\/wp-content\/uploads\/2022\/03\/address.png\" alt=\"\" class=\"wp-image-2801\" style=\"width:70px;height:70px\"\/><figcaption class=\"wp-element-caption\">\u0110\u1ecba ch\u1ec9<\/figcaption><\/figure>    <p>\u0110\u01b0\u1eddng H\u00e0ng H\u1ea3i ph\u00eda \u0110\u00f4ng, Khu ph\u00e1t tri\u1ec3n kinh t\u1ebf v\u00e0 c\u00f4ng ngh\u1ec7 Tr\u1ecbnh Ch\u00e2u, th\u00e0nh ph\u1ed1 Tr\u1ecbnh Ch\u00e2u, H\u00e0 Nam, Trung Qu\u1ed1c<\/p> <\/div> <\/div>","protected":false},"excerpt":{"rendered":"<p>Start Your Business! Shuliy Machinery is a well-known charcoal machine manufacturer. The equipment we sell includes charcoal making machines, biomass briquette machines, carbonization furnaces, charcoal packaging machines, wood recycling machines, etc. +86 15838192276 info@charcoalplant.com +86 15838192276 Hanghai Road East, Zhengzhou Economic and Technological Development Zone, Zhengzhou City, Henan, China<\/p>","protected":false},"author":1,"featured_media":0,"parent":0,"menu_order":0,"comment_status":"closed","ping_status":"closed","template":"","meta":{"footnotes":""},"class_list":["post-10","page","type-page","status-publish","hentry"],"_links":{"self":[{"href":"https:\/\/charcoalplant.com\/vi\/wp-json\/wp\/v2\/pages\/10","targetHints":{"allow":["GET"]}}],"collection":[{"href":"https:\/\/charcoalplant.com\/vi\/wp-json\/wp\/v2\/pages"}],"about":[{"href":"https:\/\/charcoalplant.com\/vi\/wp-json\/wp\/v2\/types\/page"}],"author":[{"embeddable":true,"href":"https:\/\/charcoalplant.com\/vi\/wp-json\/wp\/v2\/users\/1"}],"replies":[{"embeddable":true,"href":"https:\/\/charcoalplant.com\/vi\/wp-json\/wp\/v2\/comments?post=10"}],"version-history":[{"count":0,"href":"https:\/\/charcoalplant.com\/vi\/wp-json\/wp\/v2\/pages\/10\/revisions"}],"wp:attachment":[{"href":"https:\/\/charcoalplant.com\/vi\/wp-json\/wp\/v2\/media?parent=10"}],"curies":[{"name":"wp","href":"https:\/\/api.w.org\/{rel}","templated":true}]}}