{"id":45,"date":"2021-12-28T09:51:03","date_gmt":"2021-12-28T09:51:03","guid":{"rendered":"http:\/\/charcoalplant.local\/?page_id=45"},"modified":"2024-03-29T15:17:15","modified_gmt":"2024-03-29T07:17:15","slug":"first-purchase-consultation","status":"publish","type":"page","link":"https:\/\/charcoalplant.com\/vi\/first-purchase-consultation\/","title":{"rendered":"T\u01b0 v\u1ea5n mua h\u00e0ng l\u1ea7n \u0111\u1ea7u"},"content":{"rendered":"<p class=\"has-normal-font-size translation-block\">Ch\u00e0o m\u1eebng b\u1ea1n \u0111\u1ebfn v\u1edbi <strong>C\u00f4ng ty TNHH Thi\u1ebft b\u1ecb M\u00e1y m\u00f3c Shuliy<\/strong>. \u0110\u1ec3 mang \u0111\u1ebfn cho b\u1ea1n tr\u1ea3i nghi\u1ec7m mua s\u1eafm t\u1ed1t h\u01a1n, ch\u00fang t\u00f4i \u0111\u00e3 chu\u1ea9n b\u1ecb m\u1ed9t h\u01b0\u1edbng d\u1eabn mua h\u00e0ng chi ti\u1ebft cho b\u1ea1n. <\/p>    <p class=\"has-normal-font-size translation-block\">\u1ede \u0111\u00e2y, t\u00f4i xin gi\u1edbi thi\u1ec7u v\u1edbi b\u1ea1n m\u1ed9t s\u1ed1 s\u1ea3n ph\u1ea9m \u0111\u1eb7c bi\u1ec7t c\u1ee7a c\u00f4ng ty ch\u00fang t\u00f4i. Nh\u01b0 <strong>l\u00f2 carbon h\u00f3a, m\u00e1y than c\u1ee7i t\u1eeb v\u1ecf d\u1eeba, m\u00e1y \u00e9p than t\u1ed5 ong, v\u00e0 m\u00e1y \u00e9p vi\u00ean t\u1eeb m\u00f9n c\u01b0a.<\/strong> C\u00e1c s\u1ea3n ph\u1ea9m kh\u00e1c c\u0169ng t\u1ed1t, bao g\u1ed3m <strong>m\u00e1y b\u00f3c v\u1ecf g\u1ed7, m\u00e1y c\u1eaft g\u1ed7, m\u00e1y nghi\u1ec1n g\u1ed7, m\u00e1y b\u0103m g\u1ed7,<\/strong> v\u00e0 nhi\u1ec1u h\u01a1n n\u1eefa. <\/p>    <p class=\"has-normal-font-size translation-block\">Website c\u1ee7a ch\u00fang t\u00f4i c\u00f3 m\u1ed9t d\u1ea3i s\u1ea3n ph\u1ea9m phong ph\u00fa. B\u1ea1n c\u0169ng c\u00f3 th\u1ec3 li\u00ean h\u1ec7 v\u1edbi d\u1ecbch v\u1ee5 kh\u00e1ch h\u00e0ng \u0111\u1ec3 \u0111\u01b0\u1ee3c t\u01b0 v\u1ea5n. N\u1ebfu b\u1ea1n kh\u00f4ng bi\u1ebft t\u00ean c\u1ee7a m\u00e1y, b\u1ea1n c\u00f3 th\u1ec3 cho ch\u00fang t\u00f4i bi\u1ebft <strong>nguy\u00ean li\u1ec7u th\u00f4 c\u1ee7a b\u1ea1n l\u00e0 g\u00ec, s\u1ea3n ph\u1ea9m b\u1ea1n d\u1ef1 \u0111\u1ecbnh l\u00e0m l\u00e0 g\u00ec, ng\u00e2n s\u00e1ch c\u1ee7a b\u1ea1n l\u00e0 bao nhi\u00eau,<\/strong> v\u00e0 nhi\u1ec1u h\u01a1n n\u1eefa. Ch\u00fang t\u00f4i s\u1ebd \u0111\u1ec1 xu\u1ea5t gi\u1ea3i ph\u00e1p ph\u00f9 h\u1ee3p cho b\u1ea1n.<\/p>    <h2 class=\"wp-block-heading\" id=\"h-popular-products\">S\u1ea3n ph\u1ea9m ph\u1ed5 bi\u1ebfn<\/h2>    <div class=\"wp-block-columns is-layout-flex wp-container-core-columns-is-layout-28f84493 wp-block-columns-is-layout-flex\"> <div class=\"wp-block-column is-layout-flow wp-block-column-is-layout-flow\"> <p><a href=\"https:\/\/charcoalplant.com\/vi\/carbonization-furnace\/vertical-carbonization-furnace\/\">L\u00f2 cacbon h\u00f3a d\u1ecdc | Nh\u00e0 m\u00e1y l\u00f2 \u0111\u1ed1t cacbon h\u00f3a<\/a><\/p>    <figure class=\"wp-block-gallery has-nested-images columns-default is-cropped wp-block-gallery-2 is-layout-flex wp-block-gallery-is-layout-flex\"> <figure class=\"wp-block-image size-large\"><img loading=\"lazy\" decoding=\"async\" width=\"720\" height=\"540\" data-id=\"1112\" src=\"https:\/\/charcoalplant.com\/wp-content\/uploads\/2021\/12\/Vertical-carbonization-furnace-Production-line-1-1.jpg\" alt=\"D\u00e2y chuy\u1ec1n s\u1ea3n xu\u1ea5t l\u00f2 cacbon h\u00f3a d\u1ecdc\" class=\"wp-image-1112\" srcset=\"https:\/\/charcoalplant.com\/wp-content\/uploads\/2021\/12\/Vertical-carbonization-furnace-Production-line-1-1.jpg 720w, https:\/\/charcoalplant.com\/wp-content\/uploads\/2021\/12\/Vertical-carbonization-furnace-Production-line-1-1-300x225.jpg 300w\" sizes=\"auto, (max-width: 720px) 100vw, 720px\" \/><figcaption class=\"wp-element-caption\">D\u00e2y chuy\u1ec1n s\u1ea3n xu\u1ea5t l\u00f2 cacbon h\u00f3a d\u1ecdc<\/figcaption><\/figure> <\/figure> <\/div>    <div class=\"wp-block-column is-layout-flow wp-block-column-is-layout-flow\"> <p><a href=\"https:\/\/charcoalplant.com\/vi\/biomass-briquette-machine\/sawdust-briquette-machine\/\">M\u00e1y \u0111\u00f3ng b\u00e1nh m\u00f9n c\u01b0a | C\u1ea7n b\u00e1n m\u00e1y l\u00e0m b\u00e1nh sinh kh\u1ed1i<\/a><\/p>    <figure class=\"wp-block-gallery has-nested-images columns-default is-cropped wp-block-gallery-3 is-layout-flex wp-block-gallery-is-layout-flex\"> <figure class=\"wp-block-image size-large\"><img loading=\"lazy\" decoding=\"async\" width=\"720\" height=\"540\" data-id=\"1001\" src=\"https:\/\/charcoalplant.com\/wp-content\/uploads\/2021\/11\/\u5c01\u9762-1.jpg\" alt=\"M\u00e1y l\u00e0m b\u00e1nh m\u00f9n c\u01b0a\" class=\"wp-image-1001\" srcset=\"https:\/\/charcoalplant.com\/wp-content\/uploads\/2021\/11\/\u5c01\u9762-1.jpg 720w, https:\/\/charcoalplant.com\/wp-content\/uploads\/2021\/11\/\u5c01\u9762-1-300x225.jpg 300w\" sizes=\"auto, (max-width: 720px) 100vw, 720px\" \/><figcaption class=\"wp-element-caption\">M\u00e1y l\u00e0m b\u00e1nh m\u00f9n c\u01b0a<\/figcaption><\/figure> <\/figure> <\/div> <\/div>    <div class=\"wp-block-columns is-layout-flex wp-container-core-columns-is-layout-28f84493 wp-block-columns-is-layout-flex\"> <div class=\"wp-block-column is-layout-flow wp-block-column-is-layout-flow\"> <p><a href=\"https:\/\/charcoalplant.com\/vi\/charcoal-briquetting-machine\/charcoal-powder-briquette-machine\/\">M\u00e1y \u0111\u00f3ng b\u00e1nh b\u1ed9t than | Nh\u00e0 s\u1ea3n xu\u1ea5t m\u00e1y \u00e9p than<\/a><\/p>    <figure class=\"wp-block-gallery has-nested-images columns-default is-cropped wp-block-gallery-4 is-layout-flex wp-block-gallery-is-layout-flex\"> <figure class=\"wp-block-image size-large\"><img loading=\"lazy\" decoding=\"async\" width=\"720\" height=\"540\" data-id=\"1197\" src=\"https:\/\/charcoalplant.com\/wp-content\/uploads\/2021\/12\/charcoal-powder-briquette-machine-price-1.jpg\" alt=\"gi\u00e1 m\u00e1y l\u00e0m than b\u00e1nh b\u1ed9t than\" class=\"wp-image-1197\" srcset=\"https:\/\/charcoalplant.com\/wp-content\/uploads\/2021\/12\/charcoal-powder-briquette-machine-price-1.jpg 720w, https:\/\/charcoalplant.com\/wp-content\/uploads\/2021\/12\/charcoal-powder-briquette-machine-price-1-300x225.jpg 300w\" sizes=\"auto, (max-width: 720px) 100vw, 720px\" \/><figcaption class=\"wp-element-caption\">gi\u00e1 m\u00e1y l\u00e0m than b\u00e1nh b\u1ed9t than<\/figcaption><\/figure> <\/figure> <\/div>    <div class=\"wp-block-column is-layout-flow wp-block-column-is-layout-flow\"> <p><a href=\"https:\/\/charcoalplant.com\/vi\/charcoal-briquetting-machine\/best-shisha-charcoal-machine\/\">M\u00e1y Than Shisha T\u1ed1t Nh\u1ea5t | M\u00e1y \u00e9p vi\u00ean than d\u1eeba<\/a><\/p>    <figure class=\"wp-block-gallery has-nested-images columns-default is-cropped wp-block-gallery-5 is-layout-flex wp-block-gallery-is-layout-flex\"> <figure class=\"wp-block-image size-large\"><img loading=\"lazy\" decoding=\"async\" width=\"720\" height=\"540\" data-id=\"1356\" src=\"https:\/\/charcoalplant.com\/wp-content\/uploads\/2021\/12\/best-shisha-charcoal-machine-supplier-1.jpg\" alt=\"nh\u00e0 cung c\u1ea5p m\u00e1y than shisha t\u1ed1t nh\u1ea5t\" class=\"wp-image-1356\" srcset=\"https:\/\/charcoalplant.com\/wp-content\/uploads\/2021\/12\/best-shisha-charcoal-machine-supplier-1.jpg 720w, https:\/\/charcoalplant.com\/wp-content\/uploads\/2021\/12\/best-shisha-charcoal-machine-supplier-1-300x225.jpg 300w\" sizes=\"auto, (max-width: 720px) 100vw, 720px\" \/><figcaption class=\"wp-element-caption\">nh\u00e0 cung c\u1ea5p m\u00e1y than shisha t\u1ed1t nh\u1ea5t<\/figcaption><\/figure> <\/figure> <\/div> <\/div>    <h2 class=\"wp-block-heading\">S\u1ea3n ph\u1ea9m \u0111\u01b0\u1ee3c \u0111\u1ec1 xu\u1ea5t<\/h2>    <div class=\"wp-block-columns is-layout-flex wp-container-core-columns-is-layout-28f84493 wp-block-columns-is-layout-flex\"> <div class=\"wp-block-column is-layout-flow wp-block-column-is-layout-flow\"> <p><a href=\"https:\/\/charcoalplant.com\/vi\/drying-machine\/rice-husk-dryer\/\">M\u00e1y s\u1ea5y tr\u1ea5u | Nh\u00e0 s\u1ea3n xu\u1ea5t m\u00e1y s\u1ea5y<\/a><\/p>    <figure class=\"wp-block-gallery has-nested-images columns-default is-cropped wp-block-gallery-6 is-layout-flex wp-block-gallery-is-layout-flex\"> <figure class=\"wp-block-image size-large\"><img loading=\"lazy\" decoding=\"async\" width=\"720\" height=\"540\" data-id=\"960\" src=\"https:\/\/charcoalplant.com\/wp-content\/uploads\/2021\/11\/Rice-husk-dryer-1.jpg\" alt=\"M\u00e1y s\u1ea5y tr\u1ea5u\" class=\"wp-image-960\" srcset=\"https:\/\/charcoalplant.com\/wp-content\/uploads\/2021\/11\/Rice-husk-dryer-1.jpg 720w, https:\/\/charcoalplant.com\/wp-content\/uploads\/2021\/11\/Rice-husk-dryer-1-300x225.jpg 300w\" sizes=\"auto, (max-width: 720px) 100vw, 720px\" \/><figcaption class=\"wp-element-caption\">M\u00e1y s\u1ea5y tr\u1ea5u<\/figcaption><\/figure> <\/figure> <\/div>    <div class=\"wp-block-column is-layout-flow wp-block-column-is-layout-flow\"> <p class=\"translation-block\"><a href=\"https:\/\/charcoalplant.com\/vi\/wood-wastes-recycling-machine\/hammer-mill\/\"><\/a><a href=\"https:\/\/charcoalplant.com\/vi\/product\/charcoal-briquettes-packing-machine\/\"><a href=\"https:\/\/charcoalplant.com\/vi\/briquettes-packing-machine\/charcoal-briquettes-packing-machine\/\">M\u00e1y \u0110\u00f3ng G\u00f3i Vi\u00ean Than | M\u00e1y B\u1ecdc Than<\/a><\/a><\/p>    <figure class=\"wp-block-gallery has-nested-images columns-default is-cropped wp-block-gallery-7 is-layout-flex wp-block-gallery-is-layout-flex\"> <figure class=\"wp-block-image size-large\"><img loading=\"lazy\" decoding=\"async\" width=\"720\" height=\"540\" data-id=\"1503\" src=\"https:\/\/charcoalplant.com\/wp-content\/uploads\/2021\/12\/Shisha-Charcoal-Packing-Machine-1.jpg\" alt=\"M\u00e1y \u0111\u00f3ng g\u00f3i than Shisha\" class=\"wp-image-1503\" srcset=\"https:\/\/charcoalplant.com\/wp-content\/uploads\/2021\/12\/Shisha-Charcoal-Packing-Machine-1.jpg 720w, https:\/\/charcoalplant.com\/wp-content\/uploads\/2021\/12\/Shisha-Charcoal-Packing-Machine-1-300x225.jpg 300w\" sizes=\"auto, (max-width: 720px) 100vw, 720px\" \/><figcaption class=\"wp-element-caption\">M\u00e1y \u0111\u00f3ng g\u00f3i than Shisha<\/figcaption><\/figure> <\/figure> <\/div>    <div class=\"wp-block-column is-layout-flow wp-block-column-is-layout-flow\"> <p><a href=\"https:\/\/charcoalplant.com\/vi\/grinder-and-mixer\/charcoal-shredder\/\">M\u00e1y h\u1ee7y than | M\u00e1y nghi\u1ec1n than h\u1ed7n h\u1ee3p<\/a><\/p>    <figure class=\"wp-block-gallery has-nested-images columns-default is-cropped wp-block-gallery-8 is-layout-flex wp-block-gallery-is-layout-flex\"> <figure class=\"wp-block-image size-large\"><img loading=\"lazy\" decoding=\"async\" width=\"720\" height=\"540\" data-id=\"1714\" src=\"https:\/\/charcoalplant.com\/wp-content\/uploads\/2021\/12\/charcoal-shredder-manufacturer-1.jpg\" alt=\"nh\u00e0 s\u1ea3n xu\u1ea5t m\u00e1y nghi\u1ec1n than\" class=\"wp-image-1714\" srcset=\"https:\/\/charcoalplant.com\/wp-content\/uploads\/2021\/12\/charcoal-shredder-manufacturer-1.jpg 720w, https:\/\/charcoalplant.com\/wp-content\/uploads\/2021\/12\/charcoal-shredder-manufacturer-1-300x225.jpg 300w\" sizes=\"auto, (max-width: 720px) 100vw, 720px\" \/><figcaption class=\"wp-element-caption\">nh\u00e0 s\u1ea3n xu\u1ea5t m\u00e1y nghi\u1ec1n than<\/figcaption><\/figure> <\/figure> <\/div> <\/div>","protected":false},"excerpt":{"rendered":"<p>Welcome to Shuliy Machinery Equipment Co., Ltd. For your better shopping experience, we have prepared a detailed buying guide for you. Here let me introduce to you some of our company&#8217;s special products. Such as carbonization furnace, coconut shell charcoal machine, coal briket machine, and sawdust briquette machine. Other products are also good, including wood [&hellip;]<\/p>\n","protected":false},"author":1,"featured_media":985,"parent":0,"menu_order":0,"comment_status":"closed","ping_status":"closed","template":"","meta":{"footnotes":""},"class_list":["post-45","page","type-page","status-publish","has-post-thumbnail","hentry"],"_links":{"self":[{"href":"https:\/\/charcoalplant.com\/vi\/wp-json\/wp\/v2\/pages\/45","targetHints":{"allow":["GET"]}}],"collection":[{"href":"https:\/\/charcoalplant.com\/vi\/wp-json\/wp\/v2\/pages"}],"about":[{"href":"https:\/\/charcoalplant.com\/vi\/wp-json\/wp\/v2\/types\/page"}],"author":[{"embeddable":true,"href":"https:\/\/charcoalplant.com\/vi\/wp-json\/wp\/v2\/users\/1"}],"replies":[{"embeddable":true,"href":"https:\/\/charcoalplant.com\/vi\/wp-json\/wp\/v2\/comments?post=45"}],"version-history":[{"count":0,"href":"https:\/\/charcoalplant.com\/vi\/wp-json\/wp\/v2\/pages\/45\/revisions"}],"wp:featuredmedia":[{"embeddable":true,"href":"https:\/\/charcoalplant.com\/vi\/wp-json\/wp\/v2\/media\/985"}],"wp:attachment":[{"href":"https:\/\/charcoalplant.com\/vi\/wp-json\/wp\/v2\/media?parent=45"}],"curies":[{"name":"wp","href":"https:\/\/api.w.org\/{rel}","templated":true}]}}