{"id":8,"date":"2021-12-28T05:28:32","date_gmt":"2021-12-28T05:28:32","guid":{"rendered":"http:\/\/charcoalplant.local\/?page_id=8"},"modified":"2023-01-10T16:03:19","modified_gmt":"2023-01-10T08:03:19","slug":"about","status":"publish","type":"page","link":"https:\/\/charcoalplant.com\/vi\/about-us\/","title":{"rendered":"Gi\u1edbi thi\u1ec7u v\u1ec1 Shuliy"},"content":{"rendered":"<figure class=\"wp-block-image aligncenter size-full is-resized\"><img loading=\"lazy\" decoding=\"async\" src=\"https:\/\/charcoalplant.com\/wp-content\/uploads\/2022\/01\/shuliy-machinery.png\" alt=\"\" class=\"wp-image-1753\" width=\"776\" height=\"323\" srcset=\"https:\/\/charcoalplant.com\/wp-content\/uploads\/2022\/01\/shuliy-machinery.png 1024w, https:\/\/charcoalplant.com\/wp-content\/uploads\/2022\/01\/shuliy-machinery-300x125.png 300w, https:\/\/charcoalplant.com\/wp-content\/uploads\/2022\/01\/shuliy-machinery-768x320.png 768w\" sizes=\"auto, (max-width: 776px) 100vw, 776px\" \/><\/figure>    <ul class=\"wp-block-list\"> <li>Nh\u00e0 s\u1ea3n xu\u1ea5t v\u00e0 xu\u1ea5t kh\u1ea9u m\u00e1y than trong h\u01a1n 10 n\u0103m.<\/li>    <li>V\u1edbi g\u1ea7n 200 \u0111\u1ed9i ng\u0169 R&amp;D, s\u1ea3n xu\u1ea5t v\u00e0 b\u00e1n h\u00e0ng.<\/li>    <li>T\u1eadp trung v\u00e0o vi\u1ec7c cung c\u1ea5p c\u00e1c gi\u1ea3i ph\u00e1p t\u1ed5ng th\u1ec3 v\u1ec1 than \u0111\u1ec3 \u0111\u1ea1t \u0111\u01b0\u1ee3c m\u1ee5c ti\u00eau kinh doanh than c\u1ee7a kh\u00e1ch h\u00e0ng.<\/li>    <li>\u0110\u1ea3m b\u1ea3o m\u1ed7i m\u00e1y than b\u00e1n ra \u0111\u1ec1u c\u00f3 th\u1ec3 t\u1ea1o ra l\u1ee3i \u00edch cho kh\u00e1ch h\u00e0ng.<\/li> <\/ul>    <h2 class=\"has-black-color has-text-color wp-block-heading\" id=\"h-composition-of-shuliy\" style=\"margin-top:30px;margin-bottom:30px\">Th\u00e0nh ph\u1ea7n c\u1ee7a Shuliy<\/h2>    <figure class=\"wp-block-image aligncenter size-full is-resized\"><img loading=\"lazy\" decoding=\"async\" src=\"https:\/\/charcoalplant.com\/wp-content\/uploads\/2022\/01\/shuliy-company-1.png\" alt=\"\" class=\"wp-image-1755\" width=\"799\" height=\"327\" srcset=\"https:\/\/charcoalplant.com\/wp-content\/uploads\/2022\/01\/shuliy-company-1.png 789w, https:\/\/charcoalplant.com\/wp-content\/uploads\/2022\/01\/shuliy-company-1-300x123.png 300w, https:\/\/charcoalplant.com\/wp-content\/uploads\/2022\/01\/shuliy-company-1-768x314.png 768w\" sizes=\"auto, (max-width: 799px) 100vw, 799px\" \/><\/figure>    <p class=\"translation-block\"><strong>\u0110\u1ed9i ng\u0169 R&amp;D v\u00e0 nghi\u00ean c\u1ee9u th\u1ecb tr\u01b0\u1eddng<\/strong><\/p>    <p>\u0110\u1ed9i ng\u0169 R&amp;D thi\u1ebft b\u1ecb v\u00e0 nghi\u00ean c\u1ee9u th\u1ecb tr\u01b0\u1eddng trong nh\u00e0 m\u00e1y Shuliy \u0111\u1ec1u l\u00e0 nh\u1eefng k\u1ef9 s\u01b0 c\u01a1 kh\u00ed c\u00f3 5-10 n\u0103m kinh nghi\u1ec7m l\u00e0m vi\u1ec7c v\u00e0 h\u1ecd c\u00f3 kinh nghi\u1ec7m r\u1ea5t phong ph\u00fa trong vi\u1ec7c c\u1eadp nh\u1eadt v\u00e0 c\u1ea3i ti\u1ebfn thi\u1ebft b\u1ecb.<\/p>    <p class=\"translation-block\"><strong>\u0110\u1ed9i ng\u0169 s\u1ea3n xu\u1ea5t v\u00e0 ki\u1ec3m tra ch\u1ea5t l\u01b0\u1ee3ng<\/strong><\/p>    <p>\u0110\u1ed9i ki\u1ec3m tra ch\u1ea5t l\u01b0\u1ee3ng v\u00e0 s\u1ea3n xu\u1ea5t thi\u1ebft b\u1ecb than l\u00e0 b\u1ed9 ph\u1eadn c\u1ed1t l\u00f5i c\u1ee7a nh\u00e0 m\u00e1y Shuliy. H\u1ecd \u0111\u1ec1u l\u00e0 nh\u1eefng c\u00f4ng nh\u00e2n chuy\u00ean nghi\u1ec7p \u0111\u01b0\u1ee3c tr\u1ea3 l\u01b0\u01a1ng cao, gi\u00e0u kinh nghi\u1ec7m v\u00e0 l\u00e0m vi\u1ec7c nghi\u00eam t\u00fac. B\u1ed9 ph\u1eadn ki\u1ec3m tra ch\u1ea5t l\u01b0\u1ee3ng s\u1ebd ti\u1ebfn h\u00e0nh ki\u1ec3m tra nghi\u00eam ng\u1eb7t c\u00e1c s\u1ea3n ph\u1ea9m \u0111\u01b0\u1ee3c v\u1eadn chuy\u1ec3n.<\/p>    <p class=\"translation-block\"><strong>\u0110\u1ed9i ng\u0169 kinh doanh v\u00e0 sau b\u00e1n h\u00e0ng<\/strong><\/p>    <p>Nh\u00e2n vi\u00ean b\u00e1n h\u00e0ng v\u00e0 d\u1ecbch v\u1ee5 h\u1eadu m\u00e3i qu\u1ed1c t\u1ebf c\u1ee7a nh\u00e0 m\u00e1y Shuliy l\u00e0 nh\u1eefng t\u00e0i n\u0103ng hi\u1ec7n \u0111\u1ea1i, t\u1ed1t nghi\u1ec7p c\u00e1c tr\u01b0\u1eddng danh ti\u1ebfng. H\u1ecd c\u00f3 th\u1ec3 giao ti\u1ebfp v\u1edbi kh\u00e1ch h\u00e0ng t\u1eeb c\u00e1c qu\u1ed1c gia kh\u00e1c nhau m\u00e0 kh\u00f4ng g\u1eb7p r\u00e0o c\u1ea3n.<\/p>    <h2 class=\"wp-block-heading\">\u0110\u00e1nh gi\u00e1 c\u1ee7a kh\u00e1ch h\u00e0ng<\/h2>    <div class=\"wp-block-columns has-background is-layout-flex wp-container-core-columns-is-layout-28f84493 wp-block-columns-is-layout-flex\" style=\"background-color:#f1f1f1\"> <div class=\"wp-block-column is-layout-flow wp-block-column-is-layout-flow\"> <figure class=\"wp-block-image aligncenter size-full is-resized\"><img loading=\"lazy\" decoding=\"async\" src=\"https:\/\/charcoalplant.com\/wp-content\/uploads\/2022\/03\/Ghana-customer-1-1.jpg\" alt=\"\" class=\"wp-image-2728\" width=\"402\" height=\"301\"\/><\/figure> <\/div>    <div class=\"wp-block-column is-vertically-aligned-center is-layout-flow wp-block-column-is-layout-flow\"> <p>\u201cH\u1ee3p t\u00e1c v\u1edbi c\u00f4ng ty Shuliy l\u00e0 m\u1ed9t \u0111i\u1ec1u r\u1ea5t vui! Khi t\u00f4i \u0111\u1ebfn th\u0103m nh\u00e0 m\u00e1y Shuliy, t\u00f4i c\u0169ng \u0111\u00e3 \u0103n m\u00f3n \u0103n truy\u1ec1n th\u1ed1ng c\u1ee7a Trung Qu\u1ed1c \u2013 Zongzi!\u201d<\/p>    <p>\u2013 Ahmed Essa<\/p> <\/div> <\/div>    <div class=\"wp-block-columns has-background is-layout-flex wp-container-core-columns-is-layout-28f84493 wp-block-columns-is-layout-flex\" style=\"background-color:#f1f1f1\"> <div class=\"wp-block-column is-vertically-aligned-center is-layout-flow wp-block-column-is-layout-flow\"> <p>\u201cL\u00f2 cacbon h\u00f3a m\u00e0 t\u00f4i mua cho nh\u00e0 m\u00e1y \u1edf Nigeria \u0111\u00e3 \u0111\u01b0\u1ee3c chuy\u1ec3n giao. Thi\u1ebft b\u1ecb \u0111\u01b0\u1ee3c \u0111\u00f3ng g\u00f3i trong t\u00ecnh tr\u1ea1ng t\u1ed1t m\u00e0 kh\u00f4ng c\u00f3 b\u1ea5t k\u1ef3 h\u01b0 h\u1ecfng n\u00e0o. Nh\u00e0 m\u00e1y Shuliy c\u00f2n cung c\u1ea5p mi\u1ec5n ph\u00ed nhi\u1ec1u ph\u1ee5 ki\u1ec7n v\u00e0 h\u01b0\u1edbng d\u1eabn l\u1eafp \u0111\u1eb7t chi ti\u1ebft, \u0111i\u1ec1u n\u00e0y khi\u1ebfn t\u00f4i r\u1ea5t ng\u1ea1c nhi\u00ean!\u201d<\/p>    <p>\u2013 Mahmut Tepebasi<\/p> <\/div>    <div class=\"wp-block-column is-layout-flow wp-block-column-is-layout-flow\"> <figure class=\"wp-block-image aligncenter size-full is-resized\"><img loading=\"lazy\" decoding=\"async\" src=\"https:\/\/charcoalplant.com\/wp-content\/uploads\/2022\/03\/Saudi-customer-1.jpg\" alt=\"\" class=\"wp-image-2725\" width=\"371\" height=\"279\"\/><\/figure> <\/div> <\/div>    <div class=\"wp-block-columns has-background is-layout-flex wp-container-core-columns-is-layout-28f84493 wp-block-columns-is-layout-flex\" style=\"background-color:#f1f1f1\"> <div class=\"wp-block-column is-layout-flow wp-block-column-is-layout-flow\"> <figure class=\"wp-block-image aligncenter size-full is-resized\"><img loading=\"lazy\" decoding=\"async\" src=\"https:\/\/charcoalplant.com\/wp-content\/uploads\/2022\/03\/Filipino-customers-1.jpg\" alt=\"\" class=\"wp-image-2719\" width=\"416\" height=\"312\"\/><\/figure> <\/div>    <div class=\"wp-block-column is-vertically-aligned-center is-layout-flow wp-block-column-is-layout-flow\"> <p>\u201cT\u00f4i v\u00e0 \u0111\u1ed1i t\u00e1c r\u1ea5t h\u00e0i l\u00f2ng v\u1edbi thi\u1ebft b\u1ecb ch\u1ebf bi\u1ebfn than hookah c\u1ee7a Shuliy! S\u1ea3n l\u01b0\u1ee3ng c\u1ee7a d\u00e2y chuy\u1ec1n s\u1ea3n xu\u1ea5t ho\u00e0n ch\u1ec9nh l\u00e0 kho\u1ea3ng 500kg\/h, ph\u00f9 h\u1ee3p v\u1edbi mong \u0111\u1ee3i c\u1ee7a ch\u00fang t\u00f4i.\u201d<\/p>    <p>\u2013 Kyrian<\/p> <\/div> <\/div>    <div class=\"wp-block-columns has-background is-layout-flex wp-container-core-columns-is-layout-28f84493 wp-block-columns-is-layout-flex\" style=\"background-color:#f1f1f1\"> <div class=\"wp-block-column is-vertically-aligned-center is-layout-flow wp-block-column-is-layout-flow\"> <p>\u201cR\u1ea5t vui \u0111\u01b0\u1ee3c h\u1ee3p t\u00e1c v\u1edbi nh\u00e0 m\u00e1y Shuliy, chi\u1ebfc m\u00e1y \u0111\u00f3ng b\u00e1nh than t\u00f4i mua \u0111\u00e3 \u0111\u01b0\u1ee3c v\u1eadn chuy\u1ec3n k\u1ecbp th\u1eddi. C\u1ea3m \u01a1n b\u1ea1n r\u1ea5t nhi\u1ec1u v\u00ec video h\u01b0\u1edbng d\u1eabn v\u1eadn h\u00e0nh m\u00e1y m\u00e0 b\u1ea1n \u0111\u00e3 l\u00e0m cho ch\u00fang t\u00f4i, n\u00f3 \u0111\u00e3 gi\u00fap \u00edch cho t\u00f4i r\u1ea5t nhi\u1ec1u!\u201d<\/p>    <p>\u2013 Ben Lmeogu<\/p> <\/div>    <div class=\"wp-block-column is-layout-flow wp-block-column-is-layout-flow\"> <figure class=\"wp-block-image aligncenter size-full is-resized\"><img loading=\"lazy\" decoding=\"async\" src=\"https:\/\/charcoalplant.com\/wp-content\/uploads\/2022\/03\/British-customers-1.jpg\" alt=\"\" class=\"wp-image-2722\" width=\"389\" height=\"292\"\/><\/figure> <\/div> <\/div>    <p><\/p>","protected":false},"excerpt":{"rendered":"<p>Composition of Shuliy R&amp;D and market research team The equipment R&amp;D and market research teams in the Shuliy factory are all mechanical engineers with 5-10 years of work experience, and they have very rich experience in equipment updates and improvement. Manufacturing and quality inspection team The charcoal equipment manufacturing and quality inspection team is the [&hellip;]<\/p>\n","protected":false},"author":1,"featured_media":0,"parent":0,"menu_order":0,"comment_status":"closed","ping_status":"closed","template":"","meta":{"footnotes":""},"class_list":["post-8","page","type-page","status-publish","hentry"],"_links":{"self":[{"href":"https:\/\/charcoalplant.com\/vi\/wp-json\/wp\/v2\/pages\/8","targetHints":{"allow":["GET"]}}],"collection":[{"href":"https:\/\/charcoalplant.com\/vi\/wp-json\/wp\/v2\/pages"}],"about":[{"href":"https:\/\/charcoalplant.com\/vi\/wp-json\/wp\/v2\/types\/page"}],"author":[{"embeddable":true,"href":"https:\/\/charcoalplant.com\/vi\/wp-json\/wp\/v2\/users\/1"}],"replies":[{"embeddable":true,"href":"https:\/\/charcoalplant.com\/vi\/wp-json\/wp\/v2\/comments?post=8"}],"version-history":[{"count":0,"href":"https:\/\/charcoalplant.com\/vi\/wp-json\/wp\/v2\/pages\/8\/revisions"}],"wp:attachment":[{"href":"https:\/\/charcoalplant.com\/vi\/wp-json\/wp\/v2\/media?parent=8"}],"curies":[{"name":"wp","href":"https:\/\/api.w.org\/{rel}","templated":true}]}}