{"id":1042,"date":"2021-12-01T03:47:15","date_gmt":"2021-12-01T03:47:15","guid":{"rendered":"https:\/\/charcoalplant.com\/?p=1042"},"modified":"2023-01-06T16:54:05","modified_gmt":"2023-01-06T08:54:05","slug":"vertical-carbonization-furnace","status":"publish","type":"product","link":"https:\/\/charcoalplant.com\/vi\/product\/vertical-carbonization-furnace\/","title":{"rendered":"L\u00f2 cacbon h\u00f3a d\u1ecdc | M\u00e1y l\u00e0m than nh\u1ecf"},"content":{"rendered":"<div class=\"kk-star-ratings kksr-auto kksr-align-left kksr-valign-top\"     data-payload='{&quot;align&quot;:&quot;left&quot;,&quot;id&quot;:&quot;1042&quot;,&quot;slug&quot;:&quot;default&quot;,&quot;valign&quot;:&quot;top&quot;,&quot;ignore&quot;:&quot;&quot;,&quot;reference&quot;:&quot;auto&quot;,&quot;class&quot;:&quot;&quot;,&quot;count&quot;:&quot;10&quot;,&quot;legendonly&quot;:&quot;&quot;,&quot;readonly&quot;:&quot;&quot;,&quot;score&quot;:&quot;4.9&quot;,&quot;starsonly&quot;:&quot;&quot;,&quot;best&quot;:&quot;5&quot;,&quot;gap&quot;:&quot;5&quot;,&quot;greet&quot;:&quot;Rate this product&quot;,&quot;legend&quot;:&quot;4.9\\\/5 - (10 b\u00ecnh ch\u1ecdn)&quot;,&quot;size&quot;:&quot;24&quot;,&quot;title&quot;:&quot;Vertical Carbonization Furnace | Small Charcoal Making Machine&quot;,&quot;width&quot;:&quot;139.6&quot;,&quot;_legend&quot;:&quot;{score}\\\/{best} - ({count} {votes})&quot;,&quot;font_factor&quot;:&quot;1.25&quot;}'>              <div class=\"kksr-stars\">      <div class=\"kksr-stars-inactive\">             <div class=\"kksr-star\" data-star=\"1\" style=\"padding-right: 5px\">               <div class=\"kksr-icon\" style=\"width: 24px; height: 24px;\"><\/div>         <\/div>             <div class=\"kksr-star\" data-star=\"2\" style=\"padding-right: 5px\">               <div class=\"kksr-icon\" style=\"width: 24px; height: 24px;\"><\/div>         <\/div>             <div class=\"kksr-star\" data-star=\"3\" style=\"padding-right: 5px\">               <div class=\"kksr-icon\" style=\"width: 24px; height: 24px;\"><\/div>         <\/div>             <div class=\"kksr-star\" data-star=\"4\" style=\"padding-right: 5px\">               <div class=\"kksr-icon\" style=\"width: 24px; height: 24px;\"><\/div>         <\/div>             <div class=\"kksr-star\" data-star=\"5\" style=\"padding-right: 5px\">               <div class=\"kksr-icon\" style=\"width: 24px; height: 24px;\"><\/div>         <\/div>     <\/div>      <div class=\"kksr-stars-active\" style=\"width: 139.6px;\">             <div class=\"kksr-star\" style=\"padding-right: 5px\">               <div class=\"kksr-icon\" style=\"width: 24px; height: 24px;\"><\/div>         <\/div>             <div class=\"kksr-star\" style=\"padding-right: 5px\">               <div class=\"kksr-icon\" style=\"width: 24px; height: 24px;\"><\/div>         <\/div>             <div class=\"kksr-star\" style=\"padding-right: 5px\">               <div class=\"kksr-icon\" style=\"width: 24px; height: 24px;\"><\/div>         <\/div>             <div class=\"kksr-star\" style=\"padding-right: 5px\">               <div class=\"kksr-icon\" style=\"width: 24px; height: 24px;\"><\/div>         <\/div>             <div class=\"kksr-star\" style=\"padding-right: 5px\">               <div class=\"kksr-icon\" style=\"width: 24px; height: 24px;\"><\/div>         <\/div>     <\/div> <\/div>                   <div class=\"kksr-legend\" style=\"font-size: 19.2px;\">             4,9\/5 - (10 B\u00ecnh Ch\u1ecdn)    <\/div>     <\/div>  <p class=\"translation-block\"><strong>L\u00f2 carbon h\u00f3a th\u1eb3ng \u0111\u1ee9ng<\/strong> l\u00e0 m\u1ed9t m\u00e1y l\u00e0m than nh\u1ecf. N\u00f3 c\u0169ng \u0111\u01b0\u1ee3c g\u1ecdi l\u00e0 l\u00f2 carbon h\u00f3a n\u00e2ng. \u0110\u00e2y l\u00e0 m\u1ed9t l\u00f2 carbon h\u00f3a ti\u1ebft ki\u1ec7m n\u0103ng l\u01b0\u1ee3ng m\u1edbi \u0111\u01b0\u1ee3c ph\u00e1t tri\u1ec3n. Kh\u00f4ng ch\u1ec9 v\u1eady, n\u00f3 c\u00f2n s\u1eed d\u1ee5ng thi\u1ebft b\u1ecb c\u1ea7n c\u1ea9u \u0111i\u1ec1u khi\u1ec3n t\u1eeb xa. Do \u0111\u00f3, ng\u01b0\u1eddi v\u1eadn h\u00e0nh c\u00f3 th\u1ec3 d\u1ec5 d\u00e0ng ho\u00e0n th\u00e0nh nhi\u1ec7m v\u1ee5 t\u1ea3i v\u00e0 d\u1ee1 h\u00e0ng. L\u00f2 carbon h\u00f3a g\u1ed7 n\u00e0y chi\u1ebfm m\u1ed9t di\u1ec7n t\u00edch nh\u1ecf. N\u00f3 ph\u00f9 h\u1ee3p cho s\u1ea3n xu\u1ea5t h\u00e0ng lo\u1ea1t than trong m\u1ed9t <strong><a href=\"https:\/\/charcoalplant.com\/vi\/charcoal-making-machine-3\/\">d\u00e2y chuy\u1ec1n s\u1ea3n xu\u1ea5t than<\/a><\/strong>. V\u00ec v\u1eady, n\u00f3 l\u00e0 thi\u1ebft b\u1ecb l\u00fd t\u01b0\u1edfng cho c\u00e1c nh\u00e0 s\u1ea3n xu\u1ea5t than \u0111\u1ec3 s\u1ea3n xu\u1ea5t than. G\u1ecdi cho ch\u00fang t\u00f4i ngay b\u00e2y gi\u1edd \u0111\u1ec3 bi\u1ebft th\u00f4ng tin gi\u00e1 t\u1ed1t nh\u1ea5t.<\/p>    <h2 class=\"wp-block-heading\" id=\"h-raw-materials-of-vertical-carbonization-furnace\">Nguy\u00ean li\u1ec7u th\u00f4 c\u1ee7a l\u00f2 cacbon h\u00f3a d\u1ecdc<\/h2>    <p>L\u00f2 \u0111\u00f3ng b\u00e1nh m\u00f9n c\u01b0a c\u00f3 th\u1ec3 cacbon h\u00f3a c\u00e1c kh\u00fac g\u1ed7, than b\u00e1nh m\u00f9n c\u01b0a, c\u00e0nh c\u00e2y, g\u1ed7 c\u1ee9ng, v\u1ecf d\u1eeba, v\u1ecf h\u1ea1t, v\u1ecf c\u1ecd, tre v\u00e0 c\u00e1c v\u1eadt li\u1ec7u kh\u00e1c. Nh\u1eefng lo\u1ea1i than cacbon h\u00f3a n\u00e0y l\u00e0 v\u1eadt li\u1ec7u \u0111\u1ed1t v\u00e0 s\u01b0\u1edfi \u1ea5m m\u1edbi, kh\u00f4ng \u0111\u1ed9c h\u1ea1i v\u00e0 v\u00f4 h\u1ea1i.<\/p>    <figure class=\"wp-block-gallery has-nested-images columns-default is-cropped wp-block-gallery-2 is-layout-flex wp-block-gallery-is-layout-flex\"> <figure class=\"wp-block-image size-full\"><img loading=\"lazy\" decoding=\"async\" width=\"1192\" height=\"228\" data-id=\"2253\" src=\"https:\/\/charcoalplant.com\/wp-content\/uploads\/2022\/02\/carbonization-furnace-raw-matarials-1-1.jpg\" alt=\"\" class=\"wp-image-2253\"\/><\/figure> <\/figure>    <p>So v\u1edbi than t\u1ef1 nhi\u00ean th\u00f4ng th\u01b0\u1eddng, than l\u00e0m b\u1eb1ng m\u00e1y c\u00f3 \u01b0u \u0111i\u1ec3m l\u00e0 th\u1eddi gian ch\u00e1y l\u00e2u, h\u00e0m l\u01b0\u1ee3ng carbon cao, nhi\u1ec7t tr\u1ecb l\u1edbn, h\u00e0m l\u01b0\u1ee3ng tro nh\u1ecf, kh\u00f4ng v\u1ecb.<\/p>    <figure class=\"wp-block-gallery has-nested-images columns-default is-cropped wp-block-gallery-3 is-layout-flex wp-block-gallery-is-layout-flex\"> <figure class=\"wp-block-image size-large\"><img loading=\"lazy\" decoding=\"async\" width=\"1190\" height=\"228\" data-id=\"2255\" src=\"https:\/\/charcoalplant.com\/wp-content\/uploads\/2022\/02\/coconut-shell-charcoal-1.jpg\" alt=\"\" class=\"wp-image-2255\"\/><\/figure> <\/figure>    <h2 class=\"wp-block-heading\" id=\"h-structure-of-vertical-carbonization-furnace\">C\u1ea5u tr\u00fac c\u1ee7a l\u00f2 cacbon h\u00f3a d\u1ecdc<\/h2>    <p class=\"translation-block\">M\u00e1y l\u00e0m than nh\u1ecf n\u00e0y ch\u1ee7 y\u1ebfu bao g\u1ed3m th\u00e2n l\u00f2, n\u1eafp l\u00f2, bu\u1ed3ng \u0111\u1ed1t, \u1ed1ng kh\u00f3i, <strong><a href=\"https:\/\/charcoalplant.com\/vi\/info\/how-does-the-sawdust-briquetting-carbonizer-work\/\">b\u00ecnh ch\u1ee9a b\u00ean trong<\/a><\/strong>, b\u00ecnh ch\u1ee9a b\u00ean ngo\u00e0i v\u00e0 c\u00e1c c\u1ea5u tr\u00fac kh\u00e1c. <\/p>    <figure class=\"wp-block-gallery has-nested-images columns-default is-cropped wp-block-gallery-4 is-layout-flex wp-block-gallery-is-layout-flex\"> <figure class=\"wp-block-image size-full\"><img loading=\"lazy\" decoding=\"async\" width=\"720\" height=\"540\" data-id=\"2270\" src=\"https:\/\/charcoalplant.com\/wp-content\/uploads\/2021\/12\/hoisting-carbonization-furnace-manufacturer-2.jpg\" alt=\"nh\u00e0 s\u1ea3n xu\u1ea5t l\u00f2 nung-cacbon h\u00f3a\" class=\"wp-image-2270\"\/><figcaption class=\"wp-element-caption\">nh\u00e0 s\u1ea3n xu\u1ea5t l\u00f2 nung-cacbon h\u00f3a<\/figcaption><\/figure> <\/figure>    <p class=\"translation-block\">B\u1edfi v\u00ec <strong><a href=\"https:\/\/charcoalplant.com\/vi\/info\/how-does-the-sawdust-briquetting-carbonizer-work\/\">b\u00ecnh ch\u1ee9a b\u00ean trong<\/a><\/strong>, c\u00f3 m\u1ed9t khung v\u00f2ng \u1edf c\u1ea1nh tr\u00ean c\u1ee7a l\u1edbp l\u00f3t. \u0110\u01b0\u1eddng k\u00ednh c\u1ee7a b\u00ecnh ch\u1ee9a b\u00ean trong c\u1ed9ng v\u1edbi chi\u1ec1u r\u1ed9ng c\u1ee7a khung l\u1edbn h\u01a1n \u0111\u01b0\u1eddng k\u00ednh c\u1ee7a b\u00ecnh ch\u1ee9a b\u00ean ngo\u00e0i. Do \u0111\u00f3, b\u00ecnh ch\u1ee9a b\u00ean trong c\u00f3 th\u1ec3 \u0111\u1ee9ng gi\u1eefa kh\u00f4ng trung.<\/p>    <div class=\"wp-block-columns has-background is-layout-flex wp-container-core-columns-is-layout-28f84493 wp-block-columns-is-layout-flex\" style=\"background-color:#f1f1f1\"> <div class=\"wp-block-column is-vertically-aligned-center is-layout-flow wp-block-column-is-layout-flow\" style=\"flex-basis:33.33%\"> <p class=\"translation-block\"><strong>N\u1eafp<\/strong><\/p>    <p class=\"translation-block\">B\u1ebfp trong v\u00e0 n\u1eafp l\u00f2 \u0111\u01b0\u1ee3c trang b\u1ecb tai treo c\u00f3 th\u1ec3 m\u00f3c v\u00e0o. Do \u0111\u00f3, vi\u1ec7c n\u00e2ng c\u1ea5p c\u00e1c ph\u1ee5 ki\u1ec7n li\u00ean quan trong qu\u00e1 tr\u00ecnh <strong><a href=\"https:\/\/charcoalplant.com\/vi\/info\/how-does-the-sawdust-briquetting-carbonizer-work\/\">v\u1eadn h\u00e0nh<\/a><\/strong> l\u00e0 thu\u1eadn ti\u1ec7n.<\/p> <\/div>    <div class=\"wp-block-column is-layout-flow wp-block-column-is-layout-flow\" style=\"flex-basis:66.66%\"> <figure class=\"wp-block-gallery has-nested-images columns-default is-cropped wp-block-gallery-5 is-layout-flex wp-block-gallery-is-layout-flex\"> <figure class=\"wp-block-image size-full\"><img loading=\"lazy\" decoding=\"async\" width=\"720\" height=\"540\" data-id=\"1064\" src=\"https:\/\/charcoalplant.com\/wp-content\/uploads\/2021\/12\/cover-2.jpg\" alt=\"che ph\u1ee7\" class=\"wp-image-1064\" srcset=\"https:\/\/charcoalplant.com\/wp-content\/uploads\/2021\/12\/cover-2.jpg 720w, https:\/\/charcoalplant.com\/wp-content\/uploads\/2021\/12\/cover-2-300x225.jpg 300w\" sizes=\"auto, (max-width: 720px) 100vw, 720px\" \/><figcaption class=\"wp-element-caption\">che ph\u1ee7<\/figcaption><\/figure> <\/figure> <\/div> <\/div>    <div class=\"wp-block-columns has-background is-layout-flex wp-container-core-columns-is-layout-28f84493 wp-block-columns-is-layout-flex\" style=\"background-color:#f1f1f1\"> <div class=\"wp-block-column is-layout-flow wp-block-column-is-layout-flow\" style=\"flex-basis:66.66%\"> <figure class=\"wp-block-gallery has-nested-images columns-default is-cropped wp-block-gallery-6 is-layout-flex wp-block-gallery-is-layout-flex\"> <figure class=\"wp-block-image size-large\"><img loading=\"lazy\" decoding=\"async\" width=\"720\" height=\"540\" data-id=\"1065\" src=\"https:\/\/charcoalplant.com\/wp-content\/uploads\/2021\/12\/Pipes-that-produce-combustible-gas-1.jpg\" alt=\"\u1ed0ng-s\u1ea3n xu\u1ea5t-kh\u00ed \u0111\u1ed1t\" class=\"wp-image-1065\" srcset=\"https:\/\/charcoalplant.com\/wp-content\/uploads\/2021\/12\/Pipes-that-produce-combustible-gas-1.jpg 720w, https:\/\/charcoalplant.com\/wp-content\/uploads\/2021\/12\/Pipes-that-produce-combustible-gas-1-300x225.jpg 300w\" sizes=\"auto, (max-width: 720px) 100vw, 720px\" \/><figcaption class=\"wp-element-caption\">\u1ed0ng-s\u1ea3n xu\u1ea5t-kh\u00ed \u0111\u1ed1t<\/figcaption><\/figure> <\/figure> <\/div>    <div class=\"wp-block-column is-vertically-aligned-center is-layout-flow wp-block-column-is-layout-flow\" style=\"flex-basis:33.33%\"> <p class=\"translation-block\"><strong>L\u00f2 \u0111\u1ed1t<\/strong><\/p>    <p>Vi\u1ec7c l\u00e0m n\u00f3ng s\u01a1 b\u1ed9 l\u00f2 cacbon h\u00f3a g\u1ed7 \u0111\u00f2i h\u1ecfi ph\u1ea3i \u0111\u1ed1t nhi\u00ean li\u1ec7u sinh kh\u1ed1i \u0111\u1ec3 s\u01b0\u1edfi \u1ea5m. L\u00f2 cacbon h\u00f3a l\u1ea5p \u0111\u1ea7y kho\u1ea3ng tr\u1ed1ng gi\u1eefa c\u00e1c vi\u00ean g\u1ea1ch ch\u1ecbu l\u1eeda b\u1eb1ng keo nhi\u1ec7t \u0111\u1ed9 cao ch\u1eafc ch\u1eafn v\u00e0 \u1ed5n \u0111\u1ecbnh h\u01a1n. Ngo\u00e0i ra, hi\u1ec7u su\u1ea5t b\u1ecbt k\u00edn b\u00ean trong l\u00f2 v\u00e0 hi\u1ec7u qu\u1ea3 c\u00e1ch nhi\u1ec7t b\u00ean ngo\u00e0i l\u00f2 c\u0169ng \u0111\u01b0\u1ee3c c\u1ea3i thi\u1ec7n \u0111\u00e1ng k\u1ec3.<\/p> <\/div> <\/div>    <div class=\"wp-block-columns has-background is-layout-flex wp-container-core-columns-is-layout-28f84493 wp-block-columns-is-layout-flex\" style=\"background-color:#f1f1f1\"> <div class=\"wp-block-column is-vertically-aligned-center is-layout-flow wp-block-column-is-layout-flow\" style=\"flex-basis:33.33%\"> <p class=\"translation-block\"><strong>Xe \u0111\u1ea9y<\/strong><\/p>    <p>Khung s\u1eaft c\u00f3 th\u1ec3 gi\u1eef c\u00e1c kh\u00fac g\u1ed7 v\u00e0 cho v\u00e0o th\u00f9ng trong c\u1ee7a b\u1ebfp than. Sau khi qu\u00e1 tr\u00ecnh cacbon h\u00f3a ho\u00e0n t\u1ea5t, c\u00f3 th\u1ec3 d\u1ec5 d\u00e0ng l\u1ea5y ra \u0111\u1ec3 b\u1ed1c d\u1ee1.<\/p> <\/div>    <div class=\"wp-block-column is-layout-flow wp-block-column-is-layout-flow\" style=\"flex-basis:66.66%\"> <figure class=\"wp-block-gallery has-nested-images columns-default is-cropped wp-block-gallery-7 is-layout-flex wp-block-gallery-is-layout-flex\"> <figure class=\"wp-block-image size-large\"><img loading=\"lazy\" decoding=\"async\" width=\"720\" height=\"540\" data-id=\"1055\" src=\"https:\/\/charcoalplant.com\/wp-content\/uploads\/2021\/12\/Log-or-stick-carrying-tool-1.jpg\" alt=\"D\u1ee5ng c\u1ee5 mang theo kh\u00fac g\u1ed7 ho\u1eb7c g\u1eady\" class=\"wp-image-1055\" srcset=\"https:\/\/charcoalplant.com\/wp-content\/uploads\/2021\/12\/Log-or-stick-carrying-tool-1.jpg 720w, https:\/\/charcoalplant.com\/wp-content\/uploads\/2021\/12\/Log-or-stick-carrying-tool-1-300x225.jpg 300w\" sizes=\"auto, (max-width: 720px) 100vw, 720px\" \/><figcaption class=\"wp-element-caption\">D\u1ee5ng c\u1ee5 mang theo kh\u00fac g\u1ed7 ho\u1eb7c g\u1eady<\/figcaption><\/figure> <\/figure> <\/div> <\/div>    <h2 class=\"wp-block-heading\" id=\"log-carbonization-furnace-plant-operation-process\">Quy tr\u00ecnh v\u1eadn h\u00e0nh m\u00e1y l\u00e0m than m\u00f9n c\u01b0a<\/h2>    <ul class=\"wp-block-list\"> <li>M\u1edf n\u1eafp l\u00f2.<\/li> <\/ul>    <ul class=\"wp-block-list\"> <li>Nh\u1ea5c th\u00f9ng ch\u1ee9a b\u00ean trong ra, \u0111\u1ed5 \u0111\u1ea7y nguy\u00ean li\u1ec7u th\u00f4 v\u00e0o r\u1ed3i \u0111\u1eb7t l\u1ea1i v\u00e0o th\u00f9ng ch\u1ee9a b\u00ean trong.<\/li> <\/ul>    <ul class=\"wp-block-list\"> <li>L\u00e0m n\u00f3ng tr\u01b0\u1edbc (40 ph\u00fat-1h). M\u1edf van cho cacbon h\u00f3a (6-8h).<\/li> <\/ul>    <ul class=\"wp-block-list\"> <li> Ho\u00e0n th\u00e0nh qu\u00e1 tr\u00ecnh cacbon h\u00f3a, l\u1ea5y b\u00ecnh ch\u1ee9a b\u00ean trong ra v\u00e0 l\u00e0m ngu\u1ed9i (6-8h).<\/li> <\/ul>    <figure class=\"wp-block-gallery has-nested-images columns-2 is-cropped wp-block-gallery-8 is-layout-flex wp-block-gallery-is-layout-flex\"> <figure class=\"wp-block-image size-full\"><img loading=\"lazy\" decoding=\"async\" width=\"720\" height=\"540\" data-id=\"2267\" src=\"https:\/\/charcoalplant.com\/wp-content\/uploads\/2022\/02\/Vertical-log-carbonization-furnace-plant-.jpg\" alt=\"\" class=\"wp-image-2267\"\/><figcaption class=\"wp-element-caption\">l\u00f2 \u0111\u1ed1t than c\u1ee7i<\/figcaption><\/figure>    <figure class=\"wp-block-image size-full\"><img loading=\"lazy\" decoding=\"async\" width=\"720\" height=\"540\" data-id=\"1062\" src=\"https:\/\/charcoalplant.com\/wp-content\/uploads\/2021\/12\/Hoisting-outer-tank-of-carbonization-furnace-1.jpg\" alt=\"N\u00e2ng-ngo\u00e0i-b\u1ec3-l\u00f2 \u0111\u1ed1t cacbon\" class=\"wp-image-1062\" srcset=\"https:\/\/charcoalplant.com\/wp-content\/uploads\/2021\/12\/Hoisting-outer-tank-of-carbonization-furnace-1.jpg 720w, https:\/\/charcoalplant.com\/wp-content\/uploads\/2021\/12\/Hoisting-outer-tank-of-carbonization-furnace-1-300x225.jpg 300w\" sizes=\"auto, (max-width: 720px) 100vw, 720px\" \/><figcaption class=\"wp-element-caption\">N\u00e2ng-ngo\u00e0i-b\u1ec3-l\u00f2 \u0111\u1ed1t cacbon<\/figcaption><\/figure> <\/figure>    <h2 class=\"wp-block-heading\" id=\"video-of-log-charcoal-furnace\">Video L\u00f2 nung than m\u00f9n c\u01b0a<\/h2>    <p>Shuliy Machinery l\u00e0 nh\u00e0 s\u1ea3n xu\u1ea5t d\u00e2y chuy\u1ec1n s\u1ea3n xu\u1ea5t m\u00e1y than xu\u1ea5t s\u1eafc t\u1ea1i Trung Qu\u1ed1c. Ch\u00fang t\u00f4i c\u00f3 kh\u1ea3 n\u0103ng chuy\u00ean nghi\u1ec7p \u0111\u1ec3 cung c\u1ea5p gi\u1ea3i ph\u00e1p cho kh\u00e1ch h\u00e0ng. Ch\u00e0o m\u1eebng b\u1ea1n \u0111\u1ebfn xem video c\u1ee7a ch\u00fang t\u00f4i. V\u00e0 n\u1ebfu b\u1ea1n c\u00f3 nhu c\u1ea7u mua l\u00f2 than tre th\u1eb3ng \u0111\u1ee9ng h\u00e3y li\u00ean h\u1ec7 v\u1edbi ch\u00fang t\u00f4i.<\/p>    <figure class=\"wp-block-embed is-type-video is-provider-youtube wp-block-embed-youtube wp-embed-aspect-16-9 wp-has-aspect-ratio\"><div class=\"wp-block-embed__wrapper\"> <iframe loading=\"lazy\" title=\"L\u00f2 \u0111\u1ed1t cacbon d\u1ecdc 800kg\/l\u00f2 | Nh\u00e0 m\u00e1y ch\u1ebf bi\u1ebfn than c\u1ee7i#wood#than tre\" width=\"500\" height=\"281\" src=\"https:\/\/www.youtube.com\/embed\/6zU44iT7e2c?feature=oembed\" frameborder=\"0\" allow=\"accelerometer; autoplay; clipboard-write; encrypted-media; gyroscope; picture-in-picture; web-share\" referrerpolicy=\"strict-origin-when-cross-origin\" allowfullscreen><\/iframe> <\/div><\/figure>    <h2 class=\"wp-block-heading\" id=\"hoist-carbonization-furnace-parameters\">Th\u00f4ng s\u1ed1 l\u00f2 cacbon h\u00f3a lo\u1ea1i d\u1ecdc<\/h2>    <p>\u0110\u01b0\u1eddng k\u00ednh trong c\u1ee7a l\u00f2 cacbon h\u00f3a n\u00e2ng l\u00e0 kh\u00e1c nhau. V\u00ec v\u1eady, ch\u00fang ta c\u00f3 th\u1ec3 t\u00f9y ch\u1ec9nh c\u00e1c lo\u1ea1i l\u00f2 n\u01b0\u1edbng than c\u1ee7i kh\u00e1c nhau. Ngo\u00e0i ra, ch\u00fang t\u00f4i c\u00f2n cung c\u1ea5p cho kh\u00e1ch h\u00e0ng lo\u1ea1i c\u1ea9u n\u00e2ng c\u00f3 t\u1ea3i tr\u1ecdng 3t. Sau \u0111\u00e2y l\u00e0 c\u00e1c th\u00f4ng s\u1ed1 c\u1ee7a l\u00f2 \u0111\u1ed1t cacbon h\u00f3a g\u1ed7 n\u00e2ng SL-C1500.<\/p>    <figure class=\"wp-block-table is-style-stripes\"><table><tbody><tr><td>Ng\u01b0\u1eddi m\u1eabu<\/td><td>SL-C1500<\/td><\/tr><tr><td>C\u00f4ng su\u1ea5t \u0111\u1ea7u ra<\/td><td>2500-3000kg\/24 gi\u1edd (Ph\u1ee5 thu\u1ed9c v\u00e0o nguy\u00ean li\u1ec7u th\u00f4 c\u1ee7a b\u1ea1n)<\/td><\/tr><tr><td>Kh\u1ea3 n\u0103ng t\u1ea3i<\/td><td>2600-3000kg\/m\u1ed7i 8 gi\u1edd<\/td><\/tr><tr><td>Th\u1eddi gian cacbon h\u00f3a m\u1ed9t l\u1ea7n<\/td><td>8 gi\u1edd<\/td><\/tr><tr><td>K\u00edch th\u01b0\u1edbc<\/td><td>1940*1900*1900mm<\/td><\/tr><tr><td>\u0110\u1ed9 d\u00e0y th\u00e9p<\/td><td>6 mm (C\u00f3 th\u1ec3 t\u00f9y ch\u1ec9nh)<\/td><\/tr><tr><td>K\u00edch th\u01b0\u1edbc b\u1ebfp b\u00ean trong<\/td><td>1,5 * 1,5m<\/td><\/tr><tr><td>C\u00e2n n\u1eb7ng<\/td><td>2,8 t\u1ea5n<\/td><\/tr><tr><td>Bao g\u1ed3m c\u00e1c b\u1ed9 ph\u1eadn<\/td><td>M\u1ed9t m\u00e1y bao g\u1ed3m 3 b\u1ebfp<\/td><\/tr><tr><td>\u0110i\u1ec7n N\u0103ng l\u01b0\u1ee3ng<\/td><td>Kh\u00f4ng c\u1ea7n th\u00eam ngu\u1ed3n \u0111i\u1ec7n<\/td><\/tr><tr><td>Chi ph\u00ed sinh kh\u1ed1i \u0111\u1ec3 s\u01b0\u1edfi \u1ea5m\u00a0m\u1ed7i 8 gi\u1edd<\/td><td>50-80kg sinh kh\u1ed1i ch\u1ea5t th\u1ea3i m\u1ed7i 8 gi\u1edd<\/td><\/tr><\/tbody><\/table><\/figure>    <h2 class=\"wp-block-heading\" id=\"h-working-features-of-log-charcoal-factory\">\u0110\u1eb7c \u0111i\u1ec3m ho\u1ea1t \u0111\u1ed9ng c\u1ee7a nh\u00e0 m\u00e1y than m\u00f9n c\u01b0a<\/h2>    <p class=\"translation-block\"><strong>\u0110\u1ea7u ti\u00ean, <\/strong> khi l\u00f2 carbon h\u00f3a th\u1eb3ng \u0111\u1ee9ng \u0111ang trong qu\u00e1 tr\u00ecnh carbon h\u00f3a, th\u1eddi gian cho m\u1ed7i b\u00ecnh than th\u00f4 \u0111\u00e3 carbon h\u00f3a v\u00e0 than \u0111\u01b0\u1ee3c s\u1ea3n xu\u1ea5t b\u1eb1ng m\u00e1y l\u00e0 6-8 gi\u1edd; th\u1eddi gian l\u00e0m m\u00e1t c\u0169ng l\u00e0 6-8 gi\u1edd.<\/p>    <p class=\"translation-block\"><strong>Th\u1ee9 hai<\/strong><strong>,<\/strong> c\u00e1c b\u01b0\u1edbc c\u1ee7a quy tr\u00ecnh v\u1eadn h\u00e0nh r\u1ea5t \u0111\u01a1n gi\u1ea3n.<\/p>    <p class=\"translation-block\"><strong>Th\u1ee9 ba<\/strong><strong>,<\/strong> hi\u1ec7u su\u1ea5t an to\u00e0n t\u1ed5ng th\u1ec3 c\u1ee7a thi\u1ebft b\u1ecb cao, v\u00e0 hi\u1ec7u su\u1ea5t s\u1ea3n xu\u1ea5t cao.<\/p>    <p class=\"translation-block\"><strong>Th\u1ee9 t\u01b0, <\/strong> ti\u1ebft ki\u1ec7m n\u0103ng l\u01b0\u1ee3ng v\u00e0 kh\u00f4ng ti\u00eau t\u1ed1n \u0111i\u1ec7n.<\/p>    <p>Ti\u00eau hao ch\u00ednh c\u1ee7a l\u00f2 than \u0111\u1ee9ng l\u00e0 nhi\u00ean li\u1ec7u, nh\u01b0ng kh\u00f4ng c\u1ea7n b\u1ed5 sung nhi\u00ean li\u1ec7u sau khi l\u00e0m n\u00f3ng tr\u01b0\u1edbc. Ngu\u1ed3n nhi\u1ec7t ti\u1ebfp theo \u0111\u1ebfn t\u1eeb qu\u00e1 tr\u00ecnh \u0111\u1ed1t ch\u00e1y kh\u00ed d\u1ec5 ch\u00e1y do nguy\u00ean li\u1ec7u th\u00f4 t\u1ea1o ra.<\/p>    <p class=\"translation-block\"><strong>Th\u1ee9 n\u0103m<\/strong><strong>,<\/strong> \u0111\u1ed9 k\u00edn t\u1ed1t gi\u00fap l\u01b0u th\u00f4ng kh\u00f4ng kh\u00ed ph\u00e1t huy t\u1ed1i \u0111a vai tr\u00f2 c\u1ee7a n\u00f3.<\/p>    <figure class=\"wp-block-gallery has-nested-images columns-default is-cropped wp-block-gallery-9 is-layout-flex wp-block-gallery-is-layout-flex\"> <figure class=\"wp-block-image size-full\"><img loading=\"lazy\" decoding=\"async\" width=\"720\" height=\"540\" data-id=\"2265\" src=\"https:\/\/charcoalplant.com\/wp-content\/uploads\/2021\/12\/Vertical-carbonization-furnace-.jpg\" alt=\"L\u00f2 cacbon h\u00f3a d\u1ecdc\" class=\"wp-image-2265\"\/><figcaption class=\"wp-element-caption\">L\u00f2 cacbon h\u00f3a d\u1ecdc<\/figcaption><\/figure> <\/figure>    <h2 class=\"wp-block-heading\" id=\"h-vertical-hoisting-carbonization-furnace-for-sale\">C\u1ea7n b\u00e1n l\u00f2 cacbon h\u00f3a n\u00e2ng theo chi\u1ec1u d\u1ecdc<\/h2>    <p class=\"translation-block\">Ch\u00fang t\u00f4i b\u00e1n c\u00e1c lo\u1ea1i l\u00f2 carbon h\u00f3a g\u1ed7 v\u1ee5n kh\u00e1c nhau. Ngo\u00e0i b\u1ec3 lo\u1ea1i b\u1ecf kh\u00f3i c\u1ee7a ch\u00ednh m\u00e1y, ch\u00fang t\u00f4i c\u00f2n c\u00f3 thi\u1ebft b\u1ecb tinh ch\u1ebf kh\u00ed th\u1ea3i v\u1edbi \u0111i\u1ec7n \u00e1p t\u0129nh cao. Ch\u00fang t\u00f4i c\u0169ng cung c\u1ea5p cho kh\u00e1ch h\u00e0ng c\u00e1c thi\u1ebft b\u1ecb \u0111\u1ed1t. Nh\u00e0 m\u00e1y c\u1ee7a ch\u00fang t\u00f4i c\u0169ng b\u00e1n <strong><a href=\"https:\/\/charcoalplant.com\/vi\/carbonization-furnace\/rotary-carbonization-furnace\/\">l\u00f2 carbon h\u00f3a li\u00ean t\u1ee5c<\/a><\/strong> v\u00e0 <strong><a href=\"https:\/\/charcoalplant.com\/vi\/carbonization-furnace\/horizontal-carbonization-furnace\/\">l\u00f2 carbon h\u00f3a n\u1eb1m ngang<\/a><\/strong>. N\u1ebfu c\u1ea7n, xin vui l\u00f2ng li\u00ean h\u1ec7.<\/p>    <figure class=\"wp-block-gallery has-nested-images columns-default is-cropped wp-block-gallery-10 is-layout-flex wp-block-gallery-is-layout-flex\"> <figure class=\"wp-block-image size-large\"><img loading=\"lazy\" decoding=\"async\" width=\"720\" height=\"540\" data-id=\"1054\" src=\"https:\/\/charcoalplant.com\/wp-content\/uploads\/2021\/12\/High-voltage-static-electricity-of-vertical-carbonization-furnace-1.jpg\" alt=\"Cao \u00e1p-t\u0129nh-\u0111i\u1ec7n-c\u1ee7a l\u00f2 cacbon h\u00f3a th\u1eb3ng \u0111\u1ee9ng\" class=\"wp-image-1054\" srcset=\"https:\/\/charcoalplant.com\/wp-content\/uploads\/2021\/12\/High-voltage-static-electricity-of-vertical-carbonization-furnace-1.jpg 720w, https:\/\/charcoalplant.com\/wp-content\/uploads\/2021\/12\/High-voltage-static-electricity-of-vertical-carbonization-furnace-1-300x225.jpg 300w\" sizes=\"auto, (max-width: 720px) 100vw, 720px\" \/><figcaption class=\"wp-element-caption\">Cao \u00e1p-t\u0129nh-\u0111i\u1ec7n-c\u1ee7a l\u00f2 cacbon h\u00f3a th\u1eb3ng \u0111\u1ee9ng<\/figcaption><\/figure>    <figure class=\"wp-block-image size-full\"><img loading=\"lazy\" decoding=\"async\" width=\"720\" height=\"540\" data-id=\"2271\" src=\"https:\/\/charcoalplant.com\/wp-content\/uploads\/2022\/02\/natural-gas-burner.jpg\" alt=\"l\u00f2 \u0111\u1ed1t kh\u00ed t\u1ef1 nhi\u00ean\" class=\"wp-image-2271\"\/><figcaption class=\"wp-element-caption\">l\u00f2 \u0111\u1ed1t kh\u00ed t\u1ef1 nhi\u00ean<\/figcaption><\/figure> <\/figure>","protected":false},"excerpt":{"rendered":"<p>L\u00f2 cacbon h\u00f3a th\u1eb3ng \u0111\u1ee9ng l\u00e0 m\u1ed9t thi\u1ebft b\u1ecb cacbon h\u00f3a v\u1edbi ho\u1ea1t \u0111\u1ed9ng \u0111\u01a1n gi\u1ea3n, c\u1ea5u tr\u00fac nh\u1ecf g\u1ecdn v\u00e0 cacbon h\u00f3a thu\u1eadn ti\u1ec7n.<\/p>","protected":false},"author":1,"featured_media":1112,"parent":0,"template":"","tags":[65],"product-type":[4],"class_list":["post-1042","product","type-product","status-publish","has-post-thumbnail","hentry","tag-carbonization-furnace","product-type-carbonization-furnace"],"_links":{"self":[{"href":"https:\/\/charcoalplant.com\/vi\/wp-json\/wp\/v2\/product\/1042","targetHints":{"allow":["GET"]}}],"collection":[{"href":"https:\/\/charcoalplant.com\/vi\/wp-json\/wp\/v2\/product"}],"about":[{"href":"https:\/\/charcoalplant.com\/vi\/wp-json\/wp\/v2\/types\/product"}],"author":[{"embeddable":true,"href":"https:\/\/charcoalplant.com\/vi\/wp-json\/wp\/v2\/users\/1"}],"wp:featuredmedia":[{"embeddable":true,"href":"https:\/\/charcoalplant.com\/vi\/wp-json\/wp\/v2\/media\/1112"}],"wp:attachment":[{"href":"https:\/\/charcoalplant.com\/vi\/wp-json\/wp\/v2\/media?parent=1042"}],"wp:term":[{"taxonomy":"post_tag","embeddable":true,"href":"https:\/\/charcoalplant.com\/vi\/wp-json\/wp\/v2\/tags?post=1042"},{"taxonomy":"product-type","embeddable":true,"href":"https:\/\/charcoalplant.com\/vi\/wp-json\/wp\/v2\/product-type?post=1042"}],"curies":[{"name":"wp","href":"https:\/\/api.w.org\/{rel}","templated":true}]}}