{"id":1084,"date":"2021-12-02T08:02:11","date_gmt":"2021-12-02T08:02:11","guid":{"rendered":"https:\/\/charcoalplant.com\/?p=1084"},"modified":"2023-02-15T10:06:48","modified_gmt":"2023-02-15T02:06:48","slug":"horizontal-carbonization-furnace","status":"publish","type":"product","link":"https:\/\/charcoalplant.com\/vi\/product\/horizontal-carbonization-furnace\/","title":{"rendered":"L\u00f2 cacbon h\u00f3a ngang | M\u00e1y l\u00e0m than g\u1ed7"},"content":{"rendered":"<div class=\"kk-star-ratings kksr-auto kksr-align-left kksr-valign-top\"     data-payload='{&quot;align&quot;:&quot;left&quot;,&quot;id&quot;:&quot;1084&quot;,&quot;slug&quot;:&quot;default&quot;,&quot;valign&quot;:&quot;top&quot;,&quot;ignore&quot;:&quot;&quot;,&quot;reference&quot;:&quot;auto&quot;,&quot;class&quot;:&quot;&quot;,&quot;count&quot;:&quot;21&quot;,&quot;legendonly&quot;:&quot;&quot;,&quot;readonly&quot;:&quot;&quot;,&quot;score&quot;:&quot;4.5&quot;,&quot;starsonly&quot;:&quot;&quot;,&quot;best&quot;:&quot;5&quot;,&quot;gap&quot;:&quot;5&quot;,&quot;greet&quot;:&quot;Rate this product&quot;,&quot;legend&quot;:&quot;4.5\\\/5 - (21 b\u00ecnh ch\u1ecdn)&quot;,&quot;size&quot;:&quot;24&quot;,&quot;title&quot;:&quot;Horizontal Carbonization Furnace | Wood Charcoal Making Machine&quot;,&quot;width&quot;:&quot;128&quot;,&quot;_legend&quot;:&quot;{score}\\\/{best} - ({count} {votes})&quot;,&quot;font_factor&quot;:&quot;1.25&quot;}'>              <div class=\"kksr-stars\">      <div class=\"kksr-stars-inactive\">             <div class=\"kksr-star\" data-star=\"1\" style=\"padding-right: 5px\">               <div class=\"kksr-icon\" style=\"width: 24px; height: 24px;\"><\/div>         <\/div>             <div class=\"kksr-star\" data-star=\"2\" style=\"padding-right: 5px\">               <div class=\"kksr-icon\" style=\"width: 24px; height: 24px;\"><\/div>         <\/div>             <div class=\"kksr-star\" data-star=\"3\" style=\"padding-right: 5px\">               <div class=\"kksr-icon\" style=\"width: 24px; height: 24px;\"><\/div>         <\/div>             <div class=\"kksr-star\" data-star=\"4\" style=\"padding-right: 5px\">               <div class=\"kksr-icon\" style=\"width: 24px; height: 24px;\"><\/div>         <\/div>             <div class=\"kksr-star\" data-star=\"5\" style=\"padding-right: 5px\">               <div class=\"kksr-icon\" style=\"width: 24px; height: 24px;\"><\/div>         <\/div>     <\/div>      <div class=\"kksr-stars-active\" style=\"width: 128px;\">             <div class=\"kksr-star\" style=\"padding-right: 5px\">               <div class=\"kksr-icon\" style=\"width: 24px; height: 24px;\"><\/div>         <\/div>             <div class=\"kksr-star\" style=\"padding-right: 5px\">               <div class=\"kksr-icon\" style=\"width: 24px; height: 24px;\"><\/div>         <\/div>             <div class=\"kksr-star\" style=\"padding-right: 5px\">               <div class=\"kksr-icon\" style=\"width: 24px; height: 24px;\"><\/div>         <\/div>             <div class=\"kksr-star\" style=\"padding-right: 5px\">               <div class=\"kksr-icon\" style=\"width: 24px; height: 24px;\"><\/div>         <\/div>             <div class=\"kksr-star\" style=\"padding-right: 5px\">               <div class=\"kksr-icon\" style=\"width: 24px; height: 24px;\"><\/div>         <\/div>     <\/div> <\/div>                   <div class=\"kksr-legend\" style=\"font-size: 19.2px;\">             4.5\/5 - (21 phi\u1ebfu b\u1ea7u)    <\/div>     <\/div>  <p class=\"translation-block\"><strong>Horizontal carbonization furnace<\/strong>\u00a0is also called a wood charcoal making machine. It is high-volume carbonization equipment. It can efficiently manufacture wood charcoal, bamboo charcoal, sawdust charcoal, coconut shell charcoal, and other products at one time. <\/p>    <p class=\"translation-block\">As a carbonization machine, the selling point of the <strong><a href=\"https:\/\/charcoalplant.com\/vi\/operation-steps-of-hardwood-charcoal-furnace\/\">hardwood carbonization furnace<\/a><\/strong> is its environmental protection and energy-saving characteristics. We look forward to establishing business cooperation with you. So we\u00a0hope to receive your consultation as soon as possible.<\/p>    <h2 class=\"wp-block-heading\" id=\"raw-materials-for-horizontal-carbonization-furnace\"><strong>Nguy\u00ean li\u1ec7u th\u00f4 cho l\u00f2 cacbon h\u00f3a ngang<\/strong><\/h2>    <p>L\u00f2 cacbon h\u00f3a g\u1ed7 c\u1ee9ng c\u00f3 th\u1ec3 cacbon h\u00f3a c\u00e1c nguy\u00ean li\u1ec7u th\u00f4 nh\u01b0 c\u00e0nh c\u00e2y ph\u1ebf th\u1ea3i, n\u00fat tre, \u1ed1ng tre, g\u1ed7 tr\u00e1i c\u00e2y, g\u1ed7 s\u1ed3i, v\u1ecf d\u1eeba, v\u1ecf c\u1ecd, v.v. Ch\u1ea5t l\u01b0\u1ee3ng c\u1ee7a than kh\u00f4ng ch\u1ec9 li\u00ean quan \u0111\u1ebfn nhi\u1ec7t \u0111\u1ed9 m\u00e0 c\u00f2n li\u00ean quan \u0111\u1ebfn \u0111\u1ed9 \u1ea9m c\u1ee7a nguy\u00ean li\u1ec7u th\u00f4. nguy\u00ean v\u1eadt li\u1ec7u. \u0110\u1ed9 \u1ea9m c\u1ee7a than qu\u00e1 cao, m\u1ed9t m\u1eb7t s\u1ebd k\u00e9o d\u00e0i th\u1eddi gian cacbon h\u00f3a. M\u1eb7t kh\u00e1c, khi g\u1ed7 b\u1ecb nhi\u1ec7t ph\u00e2n s\u1ebd t\u1ea1o ra m\u1ed9t l\u01b0\u1ee3ng l\u1edbn ch\u1ea5t \u0111\u1ed9c h\u1ea1i. V\u00ec v\u1eady, \u0111\u1ed9 \u1ea9m c\u1ee7a g\u1ed7 c\u00e0ng th\u1ea5p th\u00ec hi\u1ec7u qu\u1ea3 cacbon h\u00f3a c\u00e0ng t\u1ed1t.<\/p>    <figure class=\"wp-block-gallery has-nested-images columns-default is-cropped wp-block-gallery-2 is-layout-flex wp-block-gallery-is-layout-flex\"> <figure class=\"wp-block-image size-large\"><img loading=\"lazy\" decoding=\"async\" width=\"512\" height=\"1560\" data-id=\"2278\" src=\"https:\/\/charcoalplant.com\/wp-content\/uploads\/2022\/02\/raw-material.jpg\" alt=\"\" class=\"wp-image-2278\"\/><\/figure>    <figure class=\"wp-block-image size-large\"><img loading=\"lazy\" decoding=\"async\" width=\"512\" height=\"1560\" data-id=\"2279\" src=\"https:\/\/charcoalplant.com\/wp-content\/uploads\/2022\/02\/finished-product.jpg\" alt=\"\" class=\"wp-image-2279\"\/><\/figure> <figcaption class=\"blocks-gallery-caption wp-element-caption\">Than g\u1ed7, than tre, than b\u00e1nh m\u00f9n c\u01b0a v\u00e0 than v\u1ecf c\u1ecd<\/figcaption><\/figure>    <h2 class=\"wp-block-heading\" id=\"h-principle-of-horizontal-carbonization-furnace\"><strong>\u0110ang l\u00e0m vi\u1ec7c<\/strong> <strong>Nguy\u00ean l\u00fd l\u00f2 cacbon h\u00f3a ngang<\/strong><\/h2>    <p class=\"translation-block\">In fact, the working principle of the hardwood carbonization furnace and the <strong><a href=\"https:\/\/charcoalplant.com\/vi\/vertical-carbonization-furnace\/\">vertical carbonization furnace<\/a><\/strong> are very similar. They all use dry distillation carbonization and airflow carbonization methods. By then heating and decomposing the wood under oxygen-free or low-oxygen conditions, the wood produces wood vinegar, wood tar, and other ingredients. Moreover, the exhaust pipe of the horizontal airflow carbonization furnace can collect the flue gas in time and deposit harmful substances.<\/p>    <figure class=\"wp-block-gallery has-nested-images columns-default is-cropped wp-block-gallery-3 is-layout-flex wp-block-gallery-is-layout-flex\"> <figure class=\"wp-block-image size-large\"><img loading=\"lazy\" decoding=\"async\" width=\"720\" height=\"540\" data-id=\"2280\" src=\"https:\/\/charcoalplant.com\/wp-content\/uploads\/2022\/02\/bamboo-carbonization-furnace-for-sale.jpg\" alt=\"b\u00e1n l\u00f2 nung tre\" class=\"wp-image-2280\"\/><figcaption class=\"wp-element-caption\">l\u00f2 cacbon h\u00f3a tre \u0111\u1ec3 b\u00e1n<\/figcaption><\/figure> <\/figure>    <h2 class=\"wp-block-heading\" id=\"structure-of-horizontal-log-charcoal-furnace\"><strong>C\u1ea5u T\u1ea1o M\u00e1y L\u00e0m Than G\u1ed7 Ngang<\/strong><\/h2>    <div class=\"wp-block-columns has-background is-layout-flex wp-container-core-columns-is-layout-28f84493 wp-block-columns-is-layout-flex\" style=\"background-color:#f1f1f1\"> <div class=\"wp-block-column is-vertically-aligned-center is-layout-flow wp-block-column-is-layout-flow\" style=\"flex-basis:33.33%\"> <p class=\"translation-block\"><strong>Thermal insulation rock wool<\/strong><\/p>    <p><br>N\u1eafp v\u00e0 th\u00e2n l\u00f2 than tre c\u00f3 b\u1ec1 m\u1eb7t b\u1eb1ng \u0111\u00e1 c\u00e1ch nhi\u1ec7t. Do \u0111\u00f3, kh\u1ea3 n\u0103ng b\u1ecbt k\u00edn v\u00e0 c\u00e1ch nhi\u1ec7t t\u1ed5ng th\u1ec3 c\u1ee7a l\u00f2 cacbon h\u00f3a r\u1ea5t ch\u1eafc ch\u1eafn.<\/p> <\/div>    <div class=\"wp-block-column is-layout-flow wp-block-column-is-layout-flow\" style=\"flex-basis:66.66%\"> <figure class=\"wp-block-gallery has-nested-images columns-default is-cropped wp-block-gallery-4 is-layout-flex wp-block-gallery-is-layout-flex\"> <figure class=\"wp-block-image size-large\"><img loading=\"lazy\" decoding=\"async\" width=\"720\" height=\"540\" data-id=\"1288\" src=\"https:\/\/charcoalplant.com\/wp-content\/uploads\/2021\/12\/horizontal-carbonization-furnace-cover-1-1.jpg\" alt=\"v\u1ecf l\u00f2 cacbon h\u00f3a ngang\" class=\"wp-image-1288\" srcset=\"https:\/\/charcoalplant.com\/wp-content\/uploads\/2021\/12\/horizontal-carbonization-furnace-cover-1-1.jpg 720w, https:\/\/charcoalplant.com\/wp-content\/uploads\/2021\/12\/horizontal-carbonization-furnace-cover-1-1-300x225.jpg 300w\" sizes=\"auto, (max-width: 720px) 100vw, 720px\" \/><figcaption class=\"wp-element-caption\">v\u1ecf l\u00f2 cacbon h\u00f3a ngang<\/figcaption><\/figure> <\/figure> <\/div> <\/div>    <div class=\"wp-block-columns has-background is-layout-flex wp-container-core-columns-is-layout-28f84493 wp-block-columns-is-layout-flex\" style=\"background-color:#f1f1f1\"> <div class=\"wp-block-column is-layout-flow wp-block-column-is-layout-flow\" style=\"flex-basis:66.66%\"> <figure class=\"wp-block-gallery has-nested-images columns-default is-cropped wp-block-gallery-5 is-layout-flex wp-block-gallery-is-layout-flex\"> <figure class=\"wp-block-image size-large\"><img loading=\"lazy\" decoding=\"async\" width=\"720\" height=\"540\" data-id=\"1094\" src=\"https:\/\/charcoalplant.com\/wp-content\/uploads\/2021\/12\/Smoke-removal-system-1.jpg\" alt=\"H\u1ec7 th\u1ed1ng kh\u1eed kh\u00f3i\" class=\"wp-image-1094\" srcset=\"https:\/\/charcoalplant.com\/wp-content\/uploads\/2021\/12\/Smoke-removal-system-1.jpg 720w, https:\/\/charcoalplant.com\/wp-content\/uploads\/2021\/12\/Smoke-removal-system-1-300x225.jpg 300w\" sizes=\"auto, (max-width: 720px) 100vw, 720px\" \/><figcaption class=\"wp-element-caption\">H\u1ec7 th\u1ed1ng kh\u1eed kh\u00f3i<\/figcaption><\/figure> <\/figure> <\/div>    <div class=\"wp-block-column is-vertically-aligned-center is-layout-flow wp-block-column-is-layout-flow\" style=\"flex-basis:33.33%\"> <p class=\"translation-block\"><strong>Flue gas circulation pipe<\/strong><\/p>    <p><br>B\u1ebfp than c\u1ee7i ngang c\u00f3 \u0111\u01b0\u1eddng \u1ed1ng. C\u00e1c \u1ed1ng n\u1ed1i tr\u00ean v\u00e0 d\u01b0\u1edbi c\u1ee7a l\u00f2 cacbon h\u00f3a ngang ch\u1ee7 y\u1ebfu \u0111\u01b0\u1ee3c s\u1eed d\u1ee5ng \u0111\u1ec3 l\u01b0u th\u00f4ng kh\u00ed d\u1ec5 ch\u00e1y trong xi lanh. \u0110i\u1ec3m n\u00e0y ph\u1ea3n \u00e1nh \u0111\u1eb7c \u0111i\u1ec3m c\u1ee7a vi\u1ec7c ti\u1ebft ki\u1ec7m n\u0103ng l\u01b0\u1ee3ng. C\u00e1c \u0111\u01b0\u1eddng \u1ed1ng kh\u00e1c ch\u1ee7 y\u1ebfu \u0111\u01b0\u1ee3c s\u1eed d\u1ee5ng \u0111\u1ec3 l\u1ecdc kh\u00ed th\u1ea3i.<\/p> <\/div> <\/div>    <div class=\"wp-block-columns has-background is-layout-flex wp-container-core-columns-is-layout-28f84493 wp-block-columns-is-layout-flex\" style=\"background-color:#f1f1f1\"> <div class=\"wp-block-column is-vertically-aligned-center is-layout-flow wp-block-column-is-layout-flow\" style=\"flex-basis:33.33%\"> <p class=\"translation-block\"><strong>Trolley<\/strong><\/p>    <p>Do l\u00f2 cacbon h\u00f3a g\u1ed7 c\u00f3 c\u00f4ng su\u1ea5t l\u1edbn n\u00ean s\u1ea3n l\u01b0\u1ee3ng \u0111\u1ea1t cao. V\u00ec v\u1eady, nh\u1eb1m t\u1ea1o \u0111i\u1ec1u ki\u1ec7n thu\u1eadn l\u1ee3i cho kh\u00e1ch h\u00e0ng v\u1eadn chuy\u1ec3n th\u00e0nh ph\u1ea9m, nguy\u00ean li\u1ec7u th\u00f4. Ch\u00fang t\u00f4i s\u1ebd cung c\u1ea5p cho kh\u00e1ch h\u00e0ng nh\u1eefng chi\u1ebfc xe \u0111\u1ea9y.<\/p> <\/div>    <div class=\"wp-block-column is-layout-flow wp-block-column-is-layout-flow\" style=\"flex-basis:66.66%\"> <figure class=\"wp-block-gallery has-nested-images columns-default is-cropped wp-block-gallery-6 is-layout-flex wp-block-gallery-is-layout-flex\"> <figure class=\"wp-block-image size-large\"><img loading=\"lazy\" decoding=\"async\" width=\"720\" height=\"540\" data-id=\"1103\" src=\"https:\/\/charcoalplant.com\/wp-content\/uploads\/2021\/12\/Trolley-1-1.jpg\" alt=\"Xe \u0111\u1ea9y\" class=\"wp-image-1103\" srcset=\"https:\/\/charcoalplant.com\/wp-content\/uploads\/2021\/12\/Trolley-1-1.jpg 720w, https:\/\/charcoalplant.com\/wp-content\/uploads\/2021\/12\/Trolley-1-1-300x225.jpg 300w\" sizes=\"auto, (max-width: 720px) 100vw, 720px\" \/><figcaption class=\"wp-element-caption\">Xe \u0111\u1ea9y<\/figcaption><\/figure> <\/figure> <\/div> <\/div>    <h2 class=\"wp-block-heading\" id=\"video-of-horizontal-log-carbonization-furnace\"><strong>Video l\u00f2 cacbon h\u00f3a g\u1ed7 ngang <\/strong><\/h2>    <figure class=\"wp-block-embed is-type-video is-provider-youtube wp-block-embed-youtube wp-embed-aspect-16-9 wp-has-aspect-ratio\"><div class=\"wp-block-embed__wrapper\"> <iframe loading=\"lazy\" title=\"L\u00f2 Than Tre | Thi\u1ebft b\u1ecb cacbon h\u00f3a lu\u1ed3ng kh\u00f4ng kh\u00ed 3t #charcoal#log#biomassbriquette\" width=\"500\" height=\"281\" src=\"https:\/\/www.youtube.com\/embed\/zUDHQcWUaMM?feature=oembed\" frameborder=\"0\" allow=\"accelerometer; autoplay; clipboard-write; encrypted-media; gyroscope; picture-in-picture; web-share\" referrerpolicy=\"strict-origin-when-cross-origin\" allowfullscreen><\/iframe> <\/div><\/figure>    <h2 class=\"wp-block-heading\" id=\"h-parameters-of-hardwood-charcoal-furnace\"><strong>C\u00e1c th\u00f4ng s\u1ed1 c\u1ee7a l\u00f2 than g\u1ed7 c\u1ee9ng<\/strong><\/h2>    <p>Chi\u1ec1u d\u00e0i v\u00e0 \u0111\u01b0\u1eddng k\u00ednh c\u1ee7a l\u00f2 cacbon h\u00f3a ngang do nh\u00e0 m\u00e1y c\u1ee7a ch\u00fang t\u00f4i s\u1ea3n xu\u1ea5t c\u00f3 th\u1ec3 \u0111\u01b0\u1ee3c t\u00f9y ch\u1ec9nh.<\/p>    <figure class=\"wp-block-table is-style-stripes\"><table><tbody><tr><td>Ki\u1ec3u<\/td><td>Dung t\u00edch<\/td><td>C\u00e2n n\u1eb7ng<\/td><td>K\u00edch c\u1ee1<\/td><\/tr><tr><td>SL-HC1300&nbsp;&nbsp;<\/td><td>900-1200kg\/12-14h<\/td><td>2500kg<\/td><td>3*1.7*2.2m<\/td><\/tr><tr><td>SL-HC1500&nbsp;<\/td><td>1500-2000kg\/12-14h<\/td><td>4000kg<\/td><td>4,5 * 1,9 * 2,3m<\/td><\/tr><tr><td>SL-HC1900&nbsp;&nbsp;<\/td><td>2500-3000kg\/12-14h<\/td><td>5500kg<\/td><td>5*2.3*2.5m<\/td><\/tr><\/tbody><\/table><\/figure>    <h2 class=\"wp-block-heading\" id=\"h-advantages-of-hardwood-carbonization-furnace\"><strong>\u01afu \u0111i\u1ec3m c\u1ee7a l\u00f2 cacbon h\u00f3a than g\u1ed7 c\u1ee9ng<\/strong><\/h2>    <p>1. S\u1ea3n l\u01b0\u1ee3ng l\u1edbn.\u00a0N\u00f3 c\u00f3 th\u1ec3 t\u1ea1o ra m\u1ed9t l\u01b0\u1ee3ng l\u1edbn than trong m\u1ed9t l\u1ea7n bi\u1ec3u di\u1ec5n.<\/p>    <p>2. \u0110\u1ed9 k\u00edn kh\u00edt t\u1ed1t.\u00a0L\u1edbp v\u1ecf c\u1ee7a l\u00f2 cacbon h\u00f3a g\u1ed7 c\u1ee9ng l\u00e0 b\u1ec1 m\u1eb7t \u0111\u00e1 c\u00f3 nhi\u1ec7t \u0111\u1ed9 cao, c\u00f3 kh\u1ea3 n\u0103ng ch\u1ecbu nhi\u1ec7t \u0111\u1ed9 cao. \u0110\u1ed3ng th\u1eddi, n\u00f3 \u0111\u00f3ng vai tr\u00f2 b\u1ecbt k\u00edn t\u1ed1t v\u00e0 cung c\u1ea5p m\u00f4i tr\u01b0\u1eddng kh\u00f4ng c\u00f3 oxy.<\/p>    <p>3. Thi\u1ebft k\u1ebf n\u1eb1m ngang v\u00e0 xe \u0111\u1ea9y thu\u1eadn ti\u1ec7n cho vi\u1ec7c cho \u0103n v\u00e0 x\u1ea3 h\u00e0ng.<\/p>    <p>4. B\u1ea3o v\u1ec7 m\u00f4i tr\u01b0\u1eddng v\u00e0 ti\u1ebft ki\u1ec7m n\u0103ng l\u01b0\u1ee3ng.<\/p>    <figure class=\"wp-block-gallery has-nested-images columns-default is-cropped wp-block-gallery-7 is-layout-flex wp-block-gallery-is-layout-flex\"> <figure class=\"wp-block-image size-large\"><img loading=\"lazy\" decoding=\"async\" width=\"720\" height=\"540\" data-id=\"1089\" src=\"https:\/\/charcoalplant.com\/wp-content\/uploads\/2021\/12\/inlet-1.jpg\" alt=\"c\u1eeda v\u00e0o\" class=\"wp-image-1089\" srcset=\"https:\/\/charcoalplant.com\/wp-content\/uploads\/2021\/12\/inlet-1.jpg 720w, https:\/\/charcoalplant.com\/wp-content\/uploads\/2021\/12\/inlet-1-300x225.jpg 300w\" sizes=\"auto, (max-width: 720px) 100vw, 720px\" \/><figcaption class=\"wp-element-caption\">c\u1eeda v\u00e0o<\/figcaption><\/figure> <\/figure>    <h2 class=\"wp-block-heading\" id=\"h-precautions-for-using-horizontal-carbonization-furnace\"><strong>Bi\u1ec7n ph\u00e1p ph\u00f2ng ng\u1eeba cho <\/strong><strong>S\u1eed d\u1ee5ng m\u00e1y l\u00e0m than c\u1ee7i<\/strong><\/h2>    <p>1. Ng\u01b0\u1eddi v\u1eadn h\u00e0nh c\u1ed1 g\u1eafng s\u1eafp x\u1ebfp nguy\u00ean li\u1ec7u th\u00f4 g\u1ecdn g\u00e0ng v\u00e0 ch\u1eb7t ch\u1ebd.<\/p>    <p>2. Ch\u00fa \u00fd \u0111\u1ebfn s\u1ef1 thay \u0111\u1ed5i nhi\u1ec7t \u0111\u1ed9.<\/p>    <p>3. Trong qu\u00e1 tr\u00ecnh v\u1eadn h\u00e0nh, ng\u01b0\u1eddi v\u1eadn h\u00e0nh c\u00f3 th\u1ec3 ki\u1ec3m so\u00e1t l\u01b0\u1ee3ng kh\u00ed th\u00f4ng qua van.<\/p>    <p>4. D\u1ecdn d\u1eb9p k\u1ecbp th\u1eddi c\u1eb7n b\u00e1m c\u1ee7a thi\u1ebft b\u1ecb kh\u1eed kh\u00f3i.<\/p>    <figure class=\"wp-block-gallery has-nested-images columns-default is-cropped wp-block-gallery-8 is-layout-flex wp-block-gallery-is-layout-flex\"> <figure class=\"wp-block-image size-large\"><img loading=\"lazy\" decoding=\"async\" width=\"720\" height=\"540\" data-id=\"1091\" src=\"https:\/\/charcoalplant.com\/wp-content\/uploads\/2021\/12\/Bamboo-charcoal-1.jpg\" alt=\"Than ambo B01\" class=\"wp-image-1091\" srcset=\"https:\/\/charcoalplant.com\/wp-content\/uploads\/2021\/12\/Bamboo-charcoal-1.jpg 720w, https:\/\/charcoalplant.com\/wp-content\/uploads\/2021\/12\/Bamboo-charcoal-1-300x225.jpg 300w\" sizes=\"auto, (max-width: 720px) 100vw, 720px\" \/><figcaption class=\"wp-element-caption\">Than ambo B01<\/figcaption><\/figure>    <figure class=\"wp-block-image size-full\"><img loading=\"lazy\" decoding=\"async\" width=\"720\" height=\"540\" data-id=\"1781\" src=\"https:\/\/charcoalplant.com\/wp-content\/uploads\/2022\/01\/log-charcoal.jpg\" alt=\"than c\u1ee7i\" class=\"wp-image-1781\" srcset=\"https:\/\/charcoalplant.com\/wp-content\/uploads\/2022\/01\/log-charcoal.jpg 720w, https:\/\/charcoalplant.com\/wp-content\/uploads\/2022\/01\/log-charcoal-300x225.jpg 300w\" sizes=\"auto, (max-width: 720px) 100vw, 720px\" \/><figcaption class=\"wp-element-caption\">than c\u1ee7i<\/figcaption><\/figure> <\/figure>    <h2 class=\"wp-block-heading\" id=\"h-sale-of-hardwood-charcoal-furnace\"><strong>B\u00e1n c\u1ee7a <\/strong><strong>C\u00e2y phong <\/strong><strong>C<\/strong><strong>than c\u1ee7i<\/strong><strong>&nbsp;cacbon h\u00f3a <\/strong><strong>F<\/strong><strong>b\u00ecnh \u0111\u1ef1ng tro c\u1ed1t<\/strong><\/h2>    <p>Nh\u00e0 m\u00e1y Shuliy\u00a0cung c\u1ea5p cho kh\u00e1ch h\u00e0ng nhi\u1ec1u lo\u1ea1i ph\u1ee5 ki\u1ec7n ti\u1ec7n l\u1ee3i. Ch\u1eb3ng h\u1ea1n nh\u01b0 xe \u0111\u1ea9y, qu\u1ea1t h\u00fat c\u1ea3m \u1ee9ng, \u0111\u1ea7u \u0111\u1ed1t, h\u1ec7 th\u1ed1ng t\u0129nh \u0111i\u1ec7n cao \u00e1p, v.v. Ch\u00fang t\u00f4i l\u00e0 nh\u00e0 s\u1ea3n xu\u1ea5t chuy\u00ean nghi\u1ec7p v\u1ec1 thi\u1ebft b\u1ecb m\u00e1y than. V\u00ec v\u1eady, ch\u00fang t\u00f4i c\u00f3 th\u1ec3 t\u00f9y ch\u1ec9nh thi\u1ebft b\u1ecb c\u00f3 k\u00edch c\u1ee1 kh\u00e1c nhau cho kh\u00e1ch h\u00e0ng. N\u1ebfu b\u1ea1n g\u1ecdi \u0111i\u1ec7n ho\u1eb7c g\u1eedi email cho ch\u00fang t\u00f4i ngay b\u00e2y gi\u1edd \u0111\u1ec3 cho ch\u00fang t\u00f4i bi\u1ebft nhu c\u1ea7u c\u1ee5 th\u1ec3 c\u1ee7a b\u1ea1n, ch\u00fang t\u00f4i s\u1ebd k\u1ecbp th\u1eddi t\u00ecm ra gi\u1ea3i ph\u00e1p cho b\u1ea1n.<\/p>    <figure class=\"wp-block-gallery has-nested-images columns-2 is-cropped wp-block-gallery-9 is-layout-flex wp-block-gallery-is-layout-flex\"> <figure class=\"wp-block-image size-large\"><img loading=\"lazy\" decoding=\"async\" width=\"720\" height=\"540\" data-id=\"1099\" src=\"https:\/\/charcoalplant.com\/wp-content\/uploads\/2021\/12\/Manufacturer-of-horizontal-airflow-carbonization-furnace-1.jpg\" alt=\"Nh\u00e0 s\u1ea3n xu\u1ea5t l\u00f2 cacbon h\u00f3a ngang\" class=\"wp-image-1099\" srcset=\"https:\/\/charcoalplant.com\/wp-content\/uploads\/2021\/12\/Manufacturer-of-horizontal-airflow-carbonization-furnace-1.jpg 720w, https:\/\/charcoalplant.com\/wp-content\/uploads\/2021\/12\/Manufacturer-of-horizontal-airflow-carbonization-furnace-1-300x225.jpg 300w\" sizes=\"auto, (max-width: 720px) 100vw, 720px\" \/><figcaption class=\"wp-element-caption\">Nh\u00e0 s\u1ea3n xu\u1ea5t l\u00f2 cacbon h\u00f3a ngang<\/figcaption><\/figure>    <figure class=\"wp-block-image size-large\"><img loading=\"lazy\" decoding=\"async\" width=\"720\" height=\"540\" data-id=\"2282\" src=\"https:\/\/charcoalplant.com\/wp-content\/uploads\/2022\/02\/shipment-of-log-carbonization-furnaces.jpg\" alt=\"v\u1eadn chuy\u1ec3n l\u00f2 cacbon h\u00f3a g\u1ed7\" class=\"wp-image-2282\"\/><figcaption class=\"wp-element-caption\">v\u1eadn chuy\u1ec3n l\u00f2 cacbon h\u00f3a g\u1ed7<\/figcaption><\/figure>    <figure class=\"wp-block-image size-large\"><img loading=\"lazy\" decoding=\"async\" width=\"720\" height=\"540\" data-id=\"2283\" src=\"https:\/\/charcoalplant.com\/wp-content\/uploads\/2022\/02\/shipment-of-horizontal-carbonization-furnaces.jpg\" alt=\"v\u1eadn chuy\u1ec3n l\u00f2 cacbon h\u00f3a ngang\" class=\"wp-image-2283\"\/><figcaption class=\"wp-element-caption\">v\u1eadn chuy\u1ec3n l\u00f2 cacbon h\u00f3a ngang<\/figcaption><\/figure>    <figure class=\"wp-block-image size-large\"><img loading=\"lazy\" decoding=\"async\" width=\"720\" height=\"540\" data-id=\"2284\" src=\"https:\/\/charcoalplant.com\/wp-content\/uploads\/2022\/02\/small-horizontal-carbonization-furnaces-.jpg\" alt=\"l\u00f2 cacbon h\u00f3a ngang nh\u1ecf\" class=\"wp-image-2284\"\/><figcaption class=\"wp-element-caption\">l\u00f2 cacbon h\u00f3a ngang nh\u1ecf<\/figcaption><\/figure> <\/figure>    <p class=\"translation-block\">In addition to horizontal carbonization furnaces, we also sell <strong><a href=\"https:\/\/charcoalplant.com\/vi\/carbonization-furnace\/rotary-carbonization-furnace\/\">continuous carbonization furnaces<\/a><\/strong>, vertical carbonization furnaces, and <strong><a href=\"https:\/\/charcoalplant.com\/vi\/biomass-briquette-machine\/sawdust-briquette-machine\/\">biomass rod making machines<\/a><\/strong>. Due to you may need for these devices, we suggest you browse related content on our website. We will provide you with competitive prices.<\/p>    <h2 class=\"wp-block-heading\" id=\"h-application-of-horizontal-airflow-carbonization-furnace\"><strong>\u1ee8ng d\u1ee5ng c\u1ee7a m\u00e1y cacbon h\u00f3a lu\u1ed3ng kh\u00ed ngang<\/strong><\/h2>    <p class=\"translation-block\">It can be used in a charcoal production line or used alone. The bamboo charcoal, <a href=\"https:\/\/charcoalplant.com\/vi\/info\/coconut-shell-charcoal-making-machine-complete-guidance\/\">coconut shell charcoal<\/a>, fruit charcoal, etc. carbonized by the horizontal carbonization furnace can be directly burned for heating. <\/p>    <figure class=\"wp-block-gallery has-nested-images columns-default is-cropped wp-block-gallery-10 is-layout-flex wp-block-gallery-is-layout-flex\"> <figure class=\"wp-block-image size-large\"><img loading=\"lazy\" decoding=\"async\" width=\"720\" height=\"540\" data-id=\"2285\" src=\"https:\/\/charcoalplant.com\/wp-content\/uploads\/2022\/02\/log-charcoal-factory.jpg\" alt=\"nh\u00e0 m\u00e1y s\u1ea3n xu\u1ea5t than c\u1ee7i\" class=\"wp-image-2285\"\/><figcaption class=\"wp-element-caption\">nh\u00e0 m\u00e1y s\u1ea3n xu\u1ea5t than c\u1ee7i<\/figcaption><\/figure>    <figure class=\"wp-block-image size-large\"><img loading=\"lazy\" decoding=\"async\" width=\"720\" height=\"540\" data-id=\"2286\" src=\"https:\/\/charcoalplant.com\/wp-content\/uploads\/2022\/02\/wood-charcoal-for-sale-.jpg\" alt=\"than g\u1ed7 \u0111\u1ec3 b\u00e1n\" class=\"wp-image-2286\"\/><figcaption class=\"wp-element-caption\">than g\u1ed7 \u0111\u1ec3 b\u00e1n<\/figcaption><\/figure> <\/figure>    <p>V\u00e0 \u0111\u1ed3 n\u01b0\u1edbng t\u1ea1i nh\u00e0 \u0111\u1ec1u c\u00f3 th\u1ec3 s\u1eed d\u1ee5ng lo\u1ea1i than n\u00e0y. V\u00ec v\u1eady, l\u00f2 cacbon h\u00f3a g\u1ed7 c\u1ee9ng nh\u1ecf th\u00edch h\u1ee3p s\u1eed d\u1ee5ng trong gia \u0111\u00ecnh. V\u00ec than c\u1ee7i th\u00e2n thi\u1ec7n v\u1edbi m\u00f4i tr\u01b0\u1eddng, c\u00f3 nhi\u1ec7t tr\u1ecb cao v\u00e0 c\u00f3 th\u1ec3 t\u00e1i t\u1ea1o n\u00ean c\u00f3 nhu c\u1ea7u l\u1edbn. V\u00ec v\u1eady c\u00f3 th\u1ec3 th\u1ea5y l\u00f2 \u0111\u1ed1t cacbon l\u00e0 m\u1ed9t c\u00f4ng c\u1ee5 ki\u1ebfm ti\u1ec1n r\u1ea5t t\u1ed1t.<\/p>","protected":false},"excerpt":{"rendered":"<p>L\u00f2 carbon h\u00f3a n\u1eb1m ngang c\u00f3 th\u1ec3 s\u1ea3n xu\u1ea5t than tre, than g\u1ed7, than v\u1ecf d\u1eeba v\u1edbi s\u1ed1 l\u01b0\u1ee3ng l\u1edbn trong m\u1ed9t l\u1ea7n.<\/p>","protected":false},"author":1,"featured_media":1113,"parent":0,"template":"","tags":[65],"product-type":[4],"class_list":["post-1084","product","type-product","status-publish","has-post-thumbnail","hentry","tag-carbonization-furnace","product-type-carbonization-furnace"],"_links":{"self":[{"href":"https:\/\/charcoalplant.com\/vi\/wp-json\/wp\/v2\/product\/1084","targetHints":{"allow":["GET"]}}],"collection":[{"href":"https:\/\/charcoalplant.com\/vi\/wp-json\/wp\/v2\/product"}],"about":[{"href":"https:\/\/charcoalplant.com\/vi\/wp-json\/wp\/v2\/types\/product"}],"author":[{"embeddable":true,"href":"https:\/\/charcoalplant.com\/vi\/wp-json\/wp\/v2\/users\/1"}],"wp:featuredmedia":[{"embeddable":true,"href":"https:\/\/charcoalplant.com\/vi\/wp-json\/wp\/v2\/media\/1113"}],"wp:attachment":[{"href":"https:\/\/charcoalplant.com\/vi\/wp-json\/wp\/v2\/media?parent=1084"}],"wp:term":[{"taxonomy":"post_tag","embeddable":true,"href":"https:\/\/charcoalplant.com\/vi\/wp-json\/wp\/v2\/tags?post=1084"},{"taxonomy":"product-type","embeddable":true,"href":"https:\/\/charcoalplant.com\/vi\/wp-json\/wp\/v2\/product-type?post=1084"}],"curies":[{"name":"wp","href":"https:\/\/api.w.org\/{rel}","templated":true}]}}