{"id":1127,"date":"2021-12-03T07:51:22","date_gmt":"2021-12-03T07:51:22","guid":{"rendered":"https:\/\/charcoalplant.com\/?p=1127"},"modified":"2023-02-24T17:19:18","modified_gmt":"2023-02-24T09:19:18","slug":"rotary-carbonization-furnace","status":"publish","type":"product","link":"https:\/\/charcoalplant.com\/vi\/product\/rotary-carbonization-furnace\/","title":{"rendered":"L\u00f2 cacbon h\u00f3a quay | M\u00e1y l\u00e0m than d\u1eeba"},"content":{"rendered":"<div class=\"kk-star-ratings kksr-auto kksr-align-left kksr-valign-top\"     data-payload='{&quot;align&quot;:&quot;left&quot;,&quot;id&quot;:&quot;1127&quot;,&quot;slug&quot;:&quot;default&quot;,&quot;valign&quot;:&quot;top&quot;,&quot;ignore&quot;:&quot;&quot;,&quot;reference&quot;:&quot;auto&quot;,&quot;class&quot;:&quot;&quot;,&quot;count&quot;:&quot;8&quot;,&quot;legendonly&quot;:&quot;&quot;,&quot;readonly&quot;:&quot;&quot;,&quot;score&quot;:&quot;4.4&quot;,&quot;starsonly&quot;:&quot;&quot;,&quot;best&quot;:&quot;5&quot;,&quot;gap&quot;:&quot;5&quot;,&quot;greet&quot;:&quot;Rate this product&quot;,&quot;legend&quot;:&quot;4.4\\\/5 - (8 b\u00ecnh ch\u1ecdn)&quot;,&quot;size&quot;:&quot;24&quot;,&quot;title&quot;:&quot;Rotary Carbonization Furnace | Coconut Charcoal Making Machine&quot;,&quot;width&quot;:&quot;125.1&quot;,&quot;_legend&quot;:&quot;{score}\\\/{best} - ({count} {votes})&quot;,&quot;font_factor&quot;:&quot;1.25&quot;}'>              <div class=\"kksr-stars\">      <div class=\"kksr-stars-inactive\">             <div class=\"kksr-star\" data-star=\"1\" style=\"padding-right: 5px\">               <div class=\"kksr-icon\" style=\"width: 24px; height: 24px;\"><\/div>         <\/div>             <div class=\"kksr-star\" data-star=\"2\" style=\"padding-right: 5px\">               <div class=\"kksr-icon\" style=\"width: 24px; height: 24px;\"><\/div>         <\/div>             <div class=\"kksr-star\" data-star=\"3\" style=\"padding-right: 5px\">               <div class=\"kksr-icon\" style=\"width: 24px; height: 24px;\"><\/div>         <\/div>             <div class=\"kksr-star\" data-star=\"4\" style=\"padding-right: 5px\">               <div class=\"kksr-icon\" style=\"width: 24px; height: 24px;\"><\/div>         <\/div>             <div class=\"kksr-star\" data-star=\"5\" style=\"padding-right: 5px\">               <div class=\"kksr-icon\" style=\"width: 24px; height: 24px;\"><\/div>         <\/div>     <\/div>      <div class=\"kksr-stars-active\" style=\"width: 125.1px;\">             <div class=\"kksr-star\" style=\"padding-right: 5px\">               <div class=\"kksr-icon\" style=\"width: 24px; height: 24px;\"><\/div>         <\/div>             <div class=\"kksr-star\" style=\"padding-right: 5px\">               <div class=\"kksr-icon\" style=\"width: 24px; height: 24px;\"><\/div>         <\/div>             <div class=\"kksr-star\" style=\"padding-right: 5px\">               <div class=\"kksr-icon\" style=\"width: 24px; height: 24px;\"><\/div>         <\/div>             <div class=\"kksr-star\" style=\"padding-right: 5px\">               <div class=\"kksr-icon\" style=\"width: 24px; height: 24px;\"><\/div>         <\/div>             <div class=\"kksr-star\" style=\"padding-right: 5px\">               <div class=\"kksr-icon\" style=\"width: 24px; height: 24px;\"><\/div>         <\/div>     <\/div> <\/div>                   <div class=\"kksr-legend\" style=\"font-size: 19.2px;\">             4.4\/5 - (8 b\u00ecnh ch\u1ecdn)    <\/div>     <\/div>  <p class=\"translation-block\"><strong>L\u00f2 nung cacbon quay<\/strong> l\u00e0 thi\u1ebft b\u1ecb s\u1ea3n xu\u1ea5t cacbon t\u1ef1 \u0111\u1ed9ng cao. Nguy\u00ean li\u1ec7u cacbon h\u00f3a r\u1ea5t \u0111a d\u1ea1ng v\u00e0 h\u1ea7u h\u1ebft ch\u00fang l\u00e0 ch\u1ea5t th\u1ea3i n\u00f4ng nghi\u1ec7p v\u00e0 l\u00e2m nghi\u1ec7p, v\u1ecf tr\u00e1i, v\u00e0 ph\u1ebf li\u1ec7u c\u00f4ng nghi\u1ec7p. <strong><a href=\"https:\/\/charcoalplant.com\/vi\/info\/peanut-shell-charcoal-machine-installed-in-the-uk\/\">than h\u1ea1t \u0111\u1eadu ph\u1ed9ng<\/a><\/strong>, than v\u1ecf g\u1ea1o, than shavings tre, <strong><a href=\"https:\/\/charcoalplant.com\/vi\/info\/what-are-the-uses-of-coconut-shells\/\">than v\u1ecf d\u1eeba<\/a><\/strong>, than v\u1ecf m\u01a1, than b\u00e3 c\u00e0 ph\u00ea, v.v. Ch\u00fang \u0111\u01b0\u1ee3c s\u1ea3n xu\u1ea5t th\u00f4ng qua c\u01a1 ch\u1ebf cacbon h\u00f3a. Ch\u1ea5t cacbon \u0111\u01b0\u1ee3c s\u1ea3n xu\u1ea5t b\u1edfi l\u00f2 cacbon li\u00ean t\u1ee5c l\u00e0 s\u1ea1ch, kh\u00f4ng \u0111\u1ed9c h\u1ea1i, kh\u00f4ng sinh kh\u00f3i v\u00e0 c\u00f3 \u0111\u1ed9 d\u1ebbo t\u1ed1t. N\u00f3i ng\u1eafn g\u1ecdn, tri\u1ec3n v\u1ecdng th\u1ecb tr\u01b0\u1eddng c\u1ee7a l\u00f2 nung cacbon quay r\u1ea5t r\u1ed9ng. N\u00ean li\u00ean h\u1ec7 nhanh v\u1edbi ch\u00fang t\u00f4i \u0111\u1ec3 nh\u1eadn gi\u00e1 s\u1ea3n ph\u1ea9m, danh m\u1ee5c v\u00e0 th\u00f4ng tin v\u1eadn chuy\u1ec3n! Shuliy Nh\u00e0 s\u1ea3n xu\u1ea5t m\u00e1y m\u00f3c h\u1ed9 t\u1ed1ng cho s\u1ef1 s\u1ea3n xu\u1ea5t c\u1ee7a b\u1ea1n.<\/p>    <figure class=\"wp-block-gallery has-nested-images columns-default is-cropped wp-block-gallery-2 is-layout-flex wp-block-gallery-is-layout-flex\"> <figure class=\"wp-block-image size-large\"><img loading=\"lazy\" decoding=\"async\" width=\"720\" height=\"540\" data-id=\"2292\" src=\"https:\/\/charcoalplant.com\/wp-content\/uploads\/2022\/02\/Rotary-carbonization-furnace-factory.jpg\" alt=\"Nh\u00e0 m\u00e1y s\u1ea3n xu\u1ea5t l\u00f2 cacbon h\u00f3a quay\" class=\"wp-image-2292\"\/><figcaption class=\"wp-element-caption\">Nh\u00e0 m\u00e1y s\u1ea3n xu\u1ea5t l\u00f2 cacbon h\u00f3a quay<\/figcaption><\/figure> <\/figure>    <h2 class=\"wp-block-heading\" id=\"h-raw-materials-for-rotary-carbonization-furnace\"><strong>Nguy\u00ean li\u1ec7u th\u00f4 cho l\u00f2 cacbon h\u00f3a quay<\/strong><\/h2>    <p>L\u00f2 cacbon h\u00f3a m\u00f9n c\u01b0a c\u00f3 th\u1ec3 cacbon h\u00f3a c\u00e1c nguy\u00ean li\u1ec7u th\u00f4 nh\u01b0 m\u00f9n c\u01b0a, tr\u1ea5u, tr\u1ea5u \u0111\u1eadu ph\u1ed9ng, \u1ed1ng h\u00fat th\u1ef1c v\u1eadt, v\u1ecf d\u1eeba, tr\u1ea5u h\u01b0\u1edbng d\u01b0\u01a1ng, v\u1ecf m\u01a1, h\u1ea1t ch\u01b0ng c\u1ea5t, b\u00e3 c\u00e0 ph\u00ea, v.v. Nguy\u00ean li\u1ec7u th\u00f4 c\u1ee7a l\u00f2 cacbon h\u00f3a sinh kh\u1ed1i c\u00f3 \u0111\u1eb7c \u0111i\u1ec3m l\u00e0 nh\u1ecf nguy\u00ean v\u1eadt li\u1ec7u. Ch\u00fang l\u00e0 b\u1ed9t v\u00e0 h\u1ea1t. <\/p>    <figure class=\"wp-block-gallery has-nested-images columns-default is-cropped wp-block-gallery-3 is-layout-flex wp-block-gallery-is-layout-flex\"> <figure class=\"wp-block-image size-large\"><img loading=\"lazy\" decoding=\"async\" width=\"745\" height=\"180\" data-id=\"2293\" src=\"https:\/\/charcoalplant.com\/wp-content\/uploads\/2022\/02\/soft-material.png\" alt=\"\" class=\"wp-image-2293\"\/><\/figure> <\/figure>    <p class=\"translation-block\">N\u1ebfu nguy\u00ean li\u1ec7u c\u1ee7a b\u1ea1n l\u00e0 m\u1ed9t s\u1ed1 m\u1ea3nh g\u1ed7 l\u1edbn, nh\u00e1nh, s\u1ee3i, v.v., ch\u00fang kh\u00f4ng th\u1ec3 \u0111\u00e1p \u1ee9ng y\u00eau c\u1ea7u c\u1ee7a l\u00f2 nung \u0111\u1ea7m. \u0110\u1eebng lo, b\u1ea1n ch\u1ec9 c\u1ea7n trang b\u1ecb m\u1ed9t <strong><a href=\"https:\/\/charcoalplant.com\/vi\/hammer-mill\/\">m\u00e1y nghi\u1ec1n b\u00faa<\/a><\/strong> \u1edf ph\u00eda tr\u01b0\u1edbc h\u1ec7 th\u1ed1ng c\u1ea5p li\u1ec7u \u0111\u1ec3 c\u00f3 \u0111\u01b0\u1ee3c nguy\u00ean li\u1ec7u \u0111\u00e1p \u1ee9ng y\u00eau c\u1ea7u s\u1ea3n xu\u1ea5t. Ngo\u00e0i ra, \u0111\u1ed9 \u1ea9m c\u1ee7a m\u1ea3nh g\u1ed7 n\u00ean d\u01b0\u1edbi 20%. B\u1ea1n c\u00f3 th\u1ec3 ch\u1ecdn s\u1ea5y t\u1ef1 nhi\u00ean ho\u1eb7c ch\u1ecdn <strong><a href=\"https:\/\/charcoalplant.com\/vi\/rice-husk-dryer\/\">m\u00e1y s\u1ea5y m\u00f9n c\u01b0a<\/a><\/strong> \u0111\u1ec3 gi\u1ea3m \u0111\u1ed9 \u1ea9m c\u1ee7a nguy\u00ean li\u1ec7u.<\/p>    <figure class=\"wp-block-gallery has-nested-images columns-2 is-cropped wp-block-gallery-4 is-layout-flex wp-block-gallery-is-layout-flex\"> <figure class=\"wp-block-image size-large\"><img loading=\"lazy\" decoding=\"async\" width=\"749\" height=\"192\" data-id=\"2294\" src=\"https:\/\/charcoalplant.com\/wp-content\/uploads\/2022\/02\/hard-material.png\" alt=\"\" class=\"wp-image-2294\"\/><\/figure> <\/figure>    <h2 class=\"wp-block-heading\" id=\"h-working-principle-of-rotary-carbonization-furnace\"><strong>Nguy\u00ean l\u00fd l\u00e0m vi\u1ec7c c\u1ee7a l\u00f2 cacbon h\u00f3a quay<\/strong><\/h2>    <p>1. Qu\u00e1 tr\u00ecnh h\u00fat \u1ea9m<\/p>    <p>Qu\u00e1 tr\u00ecnh n\u00e0y ch\u1ee7 y\u1ebfu l\u00e0 \u0111\u1ec3 lo\u1ea1i b\u1ecf \u0111\u1ed9 \u1ea9m c\u1ee7a nguy\u00ean li\u1ec7u th\u00f4. V\u1edbi s\u1ef1 gia t\u0103ng nhanh ch\u00f3ng c\u1ee7a nhi\u1ec7t \u0111\u1ed9 trong l\u00f2, \u0111\u1ed9 \u1ea9m sinh kh\u1ed1i gi\u1ea3m. Th\u1ef1c ch\u1ea5t \u0111\u00e2y c\u0169ng ch\u00ednh l\u00e0 qu\u00e1 tr\u00ecnh s\u1ea5y kh\u00f4 nguy\u00ean li\u1ec7u. B\u1edfi v\u00ec \u0111\u1ed9 \u1ea9m c\u1ee7a nguy\u00ean li\u1ec7u th\u00f4 c\u00e0ng th\u1ea5p th\u00ec t\u1ed1c \u0111\u1ed9 cacbon h\u00f3a c\u1ee7a th\u00e0nh ph\u1ea9m c\u00e0ng cao. V\u00ec th\u1ebf ch\u1ea5t l\u01b0\u1ee3ng than c\u1ee7i c\u0169ng t\u1ed1t h\u01a1n.<\/p>    <p>2. Giai \u0111o\u1ea1n nhi\u1ec7t ph\u00e2n<\/p>    <p>Qu\u00e1 tr\u00ecnh nhi\u1ec7t ph\u00e2n c\u00e1c v\u1eadt li\u1ec7u nh\u01b0 d\u0103m g\u1ed7 v\u00e0 v\u1ecf d\u1eeba t\u1ea1o ra c\u00e1c th\u00e0nh ph\u1ea7n nh\u01b0 h\u1eafc \u00edn g\u1ed7, gi\u1ea5m g\u1ed7 v\u00e0 kh\u00ed d\u1ec5 ch\u00e1y. Nh\u1eefng s\u1ea3n ph\u1ea9m n\u00e0y \u0111\u01b0\u1ee3c ph\u00e2n t\u00e1ch v\u00e0 tinh ch\u1ebf tu\u1ea7n t\u1ef1 th\u00f4ng qua c\u00e1c b\u1ec3 l\u1ecdc c\u1ee7a ch\u00fang t\u00f4i. Kh\u00ed d\u1ec5 ch\u00e1y sau qu\u00e1 tr\u00ecnh tinh ch\u1ebf cu\u1ed1i c\u00f9ng \u0111\u01b0\u1ee3c \u0111\u01b0a tr\u1edf l\u1ea1i bu\u1ed3ng \u0111\u1ed1t c\u1ee7a l\u00f2 cacbon h\u00f3a li\u00ean t\u1ee5c \u0111\u1ec3 \u0111\u1ed1t l\u00e0m nhi\u00ean li\u1ec7u.<\/p>    <p>3. Giai \u0111o\u1ea1n cacbon h\u00f3a<\/p>    <p>L\u00f2 cacbon h\u00f3a tr\u1ea5u li\u00ean t\u1ee5c ch\u1ec9 c\u1ea7n l\u00e0m n\u00f3ng tr\u01b0\u1edbc m\u1ed9t l\u1ea7n (1h). Th\u1eddi gian cacbon h\u00f3a v\u1eadt li\u1ec7u l\u00e0 kho\u1ea3ng 20-30 ph\u00fat. V\u00e0 n\u00f3 l\u00e0 thi\u1ebft b\u1ecb cacbon h\u00f3a li\u00ean t\u1ee5c.<\/p>    <figure class=\"wp-block-gallery has-nested-images columns-default is-cropped wp-block-gallery-5 is-layout-flex wp-block-gallery-is-layout-flex\"> <figure class=\"wp-block-image size-large\"><img loading=\"lazy\" decoding=\"async\" width=\"720\" height=\"540\" data-id=\"1123\" src=\"https:\/\/charcoalplant.com\/wp-content\/uploads\/2021\/12\/1000-type-drum-carbonization-furnace-host-3.jpg\" alt=\"\" class=\"wp-image-1123\" srcset=\"https:\/\/charcoalplant.com\/wp-content\/uploads\/2021\/12\/1000-type-drum-carbonization-furnace-host-3.jpg 720w, https:\/\/charcoalplant.com\/wp-content\/uploads\/2021\/12\/1000-type-drum-carbonization-furnace-host-3-300x225.jpg 300w\" sizes=\"auto, (max-width: 720px) 100vw, 720px\" \/><figcaption class=\"wp-element-caption\">nh\u00e0 m\u00e1y s\u1ea3n xu\u1ea5t l\u00f2 quay-cacbon h\u00f3a<\/figcaption><\/figure> <\/figure>    <h2 class=\"wp-block-heading\" id=\"h-structure-of-high-efficiency-coconut-charcoal-machine\"><strong>C\u1ea5u tr\u00fac c\u1ee7a <\/strong><strong>Hi\u1ec7u qu\u1ea3 cao C<\/strong><strong>qu\u1ea3 d\u1eeba<\/strong><strong>&nbsp;V\u1ecf b\u1ecdc <\/strong><strong>C<\/strong><strong>l\u00e0m than c\u1ee7i <\/strong><strong>M<\/strong><strong>\u0111au nh\u1ee9c<\/strong><\/h2>    <p>Thi\u1ebft b\u1ecb con l\u0103n c\u00f3 ba khu v\u1ef1c ch\u1ee9c n\u0103ng: khu v\u1ef1c l\u00e0m n\u00f3ng s\u01a1 b\u1ed9, khu v\u1ef1c nhi\u1ec7t \u0111\u1ed9 cao v\u00e0 khu v\u1ef1c nhi\u1ec7t \u0111\u1ed9 th\u1ea5p. Qu\u00e1 tr\u00ecnh cacbon h\u00f3a x\u1ea3y ra \u1edf v\u00f9ng nhi\u1ec7t \u0111\u1ed9 cao, t\u1ee9c l\u00e0 b\u1ed9 ph\u1eadn \u0111\u1ed9ng c\u01a1 ch\u00ednh (v\u00ec g\u1ea7n ngu\u1ed3n nhi\u1ec7t n\u00ean c\u00f2n g\u1ecdi l\u00e0 bu\u1ed3ng \u0111\u1ed1t). Tr\u00ean tang tr\u1ed1ng c\u00f2n c\u00f3 l\u1ed7 quan s\u00e1t gi\u00fap d\u1ec5 d\u00e0ng quan s\u00e1t qu\u00e1 tr\u00ecnh ch\u00e1y trong bu\u1ed3ng \u0111\u1ed1t. Tr\u1ed1ng \u0111\u01b0\u1ee3c d\u1eabn \u0111\u1ed9ng \u0111\u1ec3 quay b\u1eb1ng b\u00e1nh r\u0103ng v\u00e0 kh\u1ea9u \u0111\u1ed9. Nh\u01b0ng t\u1ed1c \u0111\u1ed9 c\u1ee7a n\u00f3 \u0111\u01b0\u1ee3c \u0111i\u1ec1u khi\u1ec3n b\u1edfi \u0111\u1ed9ng c\u01a1 gi\u1ea3m t\u1ed1c. H\u01a1n n\u1eefa, \u0111\u1ed9ng c\u01a1 c\u1ee7a ch\u00fang t\u00f4i \u0111\u1ec1u c\u00f3 th\u1ec3 \u0111i\u1ec1u ch\u1ec9nh t\u1ea7n s\u1ed1, r\u1ea5t thu\u1eadn ti\u1ec7n.<\/p>    <div class=\"wp-block-columns has-background is-layout-flex wp-container-core-columns-is-layout-28f84493 wp-block-columns-is-layout-flex\" style=\"background-color:#f1f1f1\"> <div class=\"wp-block-column is-layout-flow wp-block-column-is-layout-flow\" style=\"flex-basis:66.66%\"> <figure class=\"wp-block-gallery has-nested-images columns-default is-cropped wp-block-gallery-6 is-layout-flex wp-block-gallery-is-layout-flex\"> <figure class=\"wp-block-image size-large\"><img loading=\"lazy\" decoding=\"async\" width=\"720\" height=\"540\" data-id=\"2295\" src=\"https:\/\/charcoalplant.com\/wp-content\/uploads\/2022\/02\/rice-husk-rotary-carbonization-furnace.jpg\" alt=\"\" class=\"wp-image-2295\"\/><\/figure> <\/figure> <\/div>    <div class=\"wp-block-column is-vertically-aligned-center is-layout-flow wp-block-column-is-layout-flow\" style=\"flex-basis:33.33%\"> <p class=\"translation-block\"><strong>\u0110\u1ea7u v\u00e0o v\u00e0 \u0111\u1ea7u ra<\/strong><\/p>    <p>B\u1edfi v\u00ec v\u1eadt li\u1ec7u c\u1ee7a l\u00f2 cacbon h\u00f3a li\u00ean t\u1ee5c tr\u1ea5u nh\u1eb9 h\u01a1n. Do \u0111\u00f3, ph\u01b0\u01a1ng ph\u00e1p n\u1ea1p v\u00e0 x\u1ea3 tr\u1ee5c v\u00edt s\u1ea1ch h\u01a1n v\u00e0 hi\u1ec7u qu\u1ea3 h\u01a1n. V\u00e0 \u0111\u01b0\u1eddng \u1ed1ng x\u1ea3 c\u00f3 t\u00e1c d\u1ee5ng l\u00e0m m\u00e1t tu\u1ea7n ho\u00e0n n\u01b0\u1edbc hai l\u1edbp. Nhi\u1ec7t \u0111\u1ed9 th\u00e0nh ph\u1ea9m l\u00e0 kho\u1ea3ng 35 \u0111\u1ed9.<\/p> <\/div> <\/div>    <div class=\"wp-block-columns has-background is-layout-flex wp-container-core-columns-is-layout-28f84493 wp-block-columns-is-layout-flex\" style=\"background-color:#f1f1f1\"> <div class=\"wp-block-column is-vertically-aligned-center is-layout-flow wp-block-column-is-layout-flow\" style=\"flex-basis:33.33%\"> <p class=\"translation-block\"><strong>L\u00f2 \u0111\u1ed1t<\/strong><\/p>    <p>B\u1ebfp than tr\u1ea5u c\u00f3 \u0111\u1ed9 k\u00edn kh\u00ed t\u1ed1t, nhi\u1ec1u tia l\u1eeda, t\u1ed1c \u0111\u1ed9 l\u00e0m n\u00f3ng nhanh. N\u00f3 c\u1ea7n \u0111\u01b0\u1ee3c \u0111\u1ed1t ch\u00e1y b\u1eb1ng kh\u00ed h\u00f3a l\u1ecfng. V\u00ec v\u1eady, to\u00e0n b\u1ed9 qu\u00e1 tr\u00ecnh s\u1ea3n xu\u1ea5t \u0111\u1ec1u th\u00e2n thi\u1ec7n v\u1edbi m\u00f4i tr\u01b0\u1eddng.<\/p> <\/div>    <div class=\"wp-block-column is-layout-flow wp-block-column-is-layout-flow\" style=\"flex-basis:66.66%\"> <figure class=\"wp-block-gallery has-nested-images columns-default is-cropped wp-block-gallery-7 is-layout-flex wp-block-gallery-is-layout-flex\"> <figure class=\"wp-block-image size-large\"><img loading=\"lazy\" decoding=\"async\" width=\"720\" height=\"540\" data-id=\"2296\" src=\"https:\/\/charcoalplant.com\/wp-content\/uploads\/2022\/02\/burner.jpg\" alt=\"\" class=\"wp-image-2296\"\/><\/figure> <\/figure> <\/div> <\/div>    <div class=\"wp-block-columns has-background is-layout-flex wp-container-core-columns-is-layout-28f84493 wp-block-columns-is-layout-flex\" style=\"background-color:#f1f1f1\"> <div class=\"wp-block-column is-layout-flow wp-block-column-is-layout-flow\" style=\"flex-basis:66.66%\"> <figure class=\"wp-block-gallery has-nested-images columns-default is-cropped wp-block-gallery-8 is-layout-flex wp-block-gallery-is-layout-flex\"> <figure class=\"wp-block-image size-large\"><img loading=\"lazy\" decoding=\"async\" width=\"960\" height=\"1012\" data-id=\"2297\" src=\"https:\/\/charcoalplant.com\/wp-content\/uploads\/2022\/02\/distribution-Cabinet.jpg\" alt=\"\" class=\"wp-image-2297\"\/><\/figure> <\/figure> <\/div>    <div class=\"wp-block-column is-vertically-aligned-center is-layout-flow wp-block-column-is-layout-flow\" style=\"flex-basis:33.33%\"> <p class=\"translation-block\"><strong>T\u1ee7 ph\u00e2n ph\u1ed1i<\/strong><\/p>    <p>C\u00f3 m\u1ed9t s\u1ed1 n\u00fat tr\u00ean t\u1ee7 ph\u00e2n ph\u1ed1i \u0111i\u1ec7n c\u1ee7a b\u1ed9 l\u00f2 cacbon h\u00f3a. Kh\u00e1ch h\u00e0ng kh\u00f4ng ch\u1ec9 c\u00f3 th\u1ec3 xem \u00e1p su\u1ea5t kh\u00f4ng kh\u00ed, d\u00f2ng \u0111i\u1ec7n v\u00e0 nhi\u1ec7t \u0111\u1ed9 b\u00ean trong v\u00e0 b\u00ean ngo\u00e0i l\u00f2. V\u00e0 kh\u1edfi \u0111\u1ed9ng b\u1eb1ng m\u1ed9t n\u00fat b\u1ea5m, \u0111i\u1ec1u ch\u1ec9nh t\u1ed1c \u0111\u1ed9 th\u1ee7 c\u00f4ng.<\/p> <\/div> <\/div>    <div class=\"wp-block-columns has-background is-layout-flex wp-container-core-columns-is-layout-28f84493 wp-block-columns-is-layout-flex\" style=\"background-color:#f1f1f1\"> <div class=\"wp-block-column is-vertically-aligned-center is-layout-flow wp-block-column-is-layout-flow\" style=\"flex-basis:33.33%\"> <p class=\"translation-block\"><strong>\u0110\u1ed9ng c\u01a1 c\u00f3 h\u1ed9p s\u1ed1<\/strong><\/p>    <p>Ki\u1ec3m so\u00e1t t\u1ed1c \u0111\u1ed9 c\u1ee7a m\u00e1y ch\u00ednh: N\u1ebfu nguy\u00ean li\u1ec7u th\u00f4 c\u1ee9ng, b\u1ea1n c\u00f3 th\u1ec3 gi\u1ea3m t\u1ed1c \u0111\u1ed9 c\u1ee7a m\u00e1y ch\u00ednh \u0111\u1ec3 th\u1eddi gian cacbon h\u00f3a l\u00e2u h\u01a1n. N\u1ebfu nguy\u00ean li\u1ec7u h\u01a1i m\u1ec1m, b\u1ea1n c\u00f3 th\u1ec3 t\u0103ng t\u1ed1c \u0111\u1ed9 \u0111\u1ec3 th\u1eddi gian cacbon h\u00f3a ng\u1eafn h\u01a1n.<\/p> <\/div>    <div class=\"wp-block-column is-layout-flow wp-block-column-is-layout-flow\" style=\"flex-basis:66.66%\"> <figure class=\"wp-block-gallery has-nested-images columns-default is-cropped wp-block-gallery-9 is-layout-flex wp-block-gallery-is-layout-flex\"> <figure class=\"wp-block-image size-large\"><img loading=\"lazy\" decoding=\"async\" width=\"720\" height=\"540\" data-id=\"1141\" src=\"https:\/\/charcoalplant.com\/wp-content\/uploads\/2021\/12\/Geared-motor-2-1.jpg\" alt=\"\u0110\u1ed9ng c\u01a1 gi\u1ea3m t\u1ed1c-2\" class=\"wp-image-1141\" srcset=\"https:\/\/charcoalplant.com\/wp-content\/uploads\/2021\/12\/Geared-motor-2-1.jpg 720w, https:\/\/charcoalplant.com\/wp-content\/uploads\/2021\/12\/Geared-motor-2-1-300x225.jpg 300w\" sizes=\"auto, (max-width: 720px) 100vw, 720px\" \/><figcaption class=\"wp-element-caption\">\u0110\u1ed9ng c\u01a1 gi\u1ea3m t\u1ed1c-2<\/figcaption><\/figure> <\/figure> <\/div> <\/div>    <h2 class=\"wp-block-heading\" id=\"h-how-is-biomass-carbonized\"><strong>Sinh kh\u1ed1i \u0111\u01b0\u1ee3c cacbon h\u00f3a nh\u01b0 th\u1ebf n\u00e0o?<\/strong><\/h2>    <p>Khi l\u00f2 cacbon h\u00f3a sinh kh\u1ed1i \u0111\u1ea1t \u0111\u1ebfn nhi\u1ec7t \u0111\u1ed9 nh\u1ea5t \u0111\u1ecbnh, c\u00e1c v\u1eadt li\u1ec7u b\u00ean trong l\u00f2 b\u1eaft \u0111\u1ea7u h\u00fat \u1ea9m. Khi nhi\u1ec7t \u0111\u1ed9 \u0111\u1ea1t kho\u1ea3ng 300 \u0111\u1ed9, v\u1eadt li\u1ec7u b\u1eaft \u0111\u1ea7u b\u1ecb cacbon h\u00f3a. Ch\u00fang ta \u0111\u1ec1u bi\u1ebft ba \u0111i\u1ec1u ki\u1ec7n th\u1ecfa m\u00e3n qu\u00e1 tr\u00ecnh \u0111\u1ed1t ch\u00e1y c\u00e1c v\u1eadt th\u1ec3: ngu\u1ed3n nhi\u1ec7t, v\u1eadt li\u1ec7u d\u1ec5 ch\u00e1y v\u00e0 oxy. B\u1edfi v\u00ec l\u00f2 cacbon h\u00f3a sinh kh\u1ed1i g\u1ea7n nh\u01b0 l\u00e0 m\u1ed9t kh\u00f4ng gian kh\u00e9p k\u00edn, t\u1ee9c l\u00e0 m\u00f4i tr\u01b0\u1eddng kh\u00f4ng c\u00f3 oxy. Do \u0111\u00f3, qu\u00e1 tr\u00ecnh cacbon h\u00f3a nguy\u00ean li\u1ec7u th\u00f4 x\u1ea3y ra trong th\u00e2n l\u00f2.<\/p>    <figure class=\"wp-block-gallery has-nested-images columns-default is-cropped wp-block-gallery-10 is-layout-flex wp-block-gallery-is-layout-flex\"> <figure class=\"wp-block-image size-large\"><img loading=\"lazy\" decoding=\"async\" width=\"720\" height=\"540\" data-id=\"1800\" src=\"https:\/\/charcoalplant.com\/wp-content\/uploads\/2022\/01\/natural-coconut-charcoal.jpg\" alt=\"than-d\u1eeba t\u1ef1 nhi\u00ean\" class=\"wp-image-1800\" srcset=\"https:\/\/charcoalplant.com\/wp-content\/uploads\/2022\/01\/natural-coconut-charcoal.jpg 720w, https:\/\/charcoalplant.com\/wp-content\/uploads\/2022\/01\/natural-coconut-charcoal-300x225.jpg 300w\" sizes=\"auto, (max-width: 720px) 100vw, 720px\" \/><figcaption class=\"wp-element-caption\">than-d\u1eeba t\u1ef1 nhi\u00ean<\/figcaption><\/figure>    <figure class=\"wp-block-image size-large\"><img loading=\"lazy\" decoding=\"async\" width=\"720\" height=\"540\" data-id=\"1802\" src=\"https:\/\/charcoalplant.com\/wp-content\/uploads\/2021\/12\/rice-husk-charcoal_.jpg\" alt=\"tr\u1ea5u-than\" class=\"wp-image-1802\" srcset=\"https:\/\/charcoalplant.com\/wp-content\/uploads\/2021\/12\/rice-husk-charcoal_.jpg 720w, https:\/\/charcoalplant.com\/wp-content\/uploads\/2021\/12\/rice-husk-charcoal_-300x225.jpg 300w\" sizes=\"auto, (max-width: 720px) 100vw, 720px\" \/><figcaption class=\"wp-element-caption\">tr\u1ea5u-than<\/figcaption><\/figure> <\/figure>    <h2 class=\"wp-block-heading\" id=\"parameters-of-continuous-carbonization-furnace\"><strong>C\u00e1c th\u00f4ng s\u1ed1 c\u1ee7a l\u00f2 cacbon h\u00f3a li\u00ean t\u1ee5c<\/strong><\/h2>    <p>T\u00ean model c\u1ee7a m\u00e1y l\u00e0m than g\u00e1o d\u1eeba v\u00e0 \u0111\u01b0\u1eddng k\u00ednh th\u00e2n ch\u00ednh c\u1ee7a n\u00f3. \u0110\u01b0\u1eddng k\u00ednh c\u01a1 th\u1ec3 c\u1ee7a n\u00f3 c\u00f3 th\u1ec3 t\u00f9y ch\u1ec9nh. \u0110\u1ec3 \u0111\u00e1p \u1ee9ng nhu c\u1ea7u c\u1ee7a kh\u00e1ch h\u00e0ng, nh\u00e0 m\u00e1y c\u1ee7a ch\u00fang t\u00f4i c\u00f3 th\u1ec3 s\u1ea3n xu\u1ea5t l\u00f2 cacbon h\u00f3a l\u00e0m b\u1eb1ng th\u00e2n l\u00f2 b\u1eb1ng th\u00e9p kh\u00f4ng g\u1ec9.<\/p>    <figure class=\"wp-block-table is-style-stripes\"><table><tbody><tr><td>Ng\u01b0\u1eddi m\u1eabu<\/td><td>SL-CF800<\/td><td>SL-CF1000<\/td><td>SL-CF1200<\/td><\/tr><tr><td>\u0110\u01b0\u1eddng k\u00ednh (mm)<\/td><td>800<\/td><td>1000<\/td><td>1200<\/td><\/tr><tr><td>C\u00f4ng su\u1ea5t (kg\/h)<\/td><td>400-600<\/td><td>800-1000<\/td><td>1200-1500<\/td><\/tr><tr><td>C\u00f4ng su\u1ea5t ch\u00ednh (kw)<\/td><td>18.5<\/td><td>18.5<\/td><td>20<\/td><\/tr><tr><td>Nhi\u1ec7t \u0111\u1ed9 cacbon h\u00f3a (oC)<\/td><td>500-800<\/td><td>500-800<\/td><td>500-800<\/td><\/tr><tr><td>C\u00f4ng su\u1ea5t qu\u1ea1t (kw)<\/td><td>5.5<\/td><td>5.5<\/td><td>5.5<\/td><\/tr><\/tbody><\/table><\/figure>    <h2 class=\"wp-block-heading\" id=\"video-of-rotary-peanut-shell-charcoal-furnace\"><strong>Video l\u00f2 than v\u1ecf \u0111\u1eadu ph\u1ed9ng quay<\/strong><\/h2>    <p>D\u01b0\u1edbi \u0111\u00e2y l\u00e0 video m\u1ed9t nh\u00e0 s\u1ea3n xu\u1ea5t s\u1eed d\u1ee5ng l\u00f2 cacbon h\u00f3a li\u00ean t\u1ee5c \u0111\u1ec3 s\u1ea3n xu\u1ea5t than v\u1ecf \u0111\u1eadu ph\u1ed9ng. Ch\u00e0o m\u1eebng b\u1ea1n \u0111\u1ebfn xem v\u00e0 \u0111\u0103ng k\u00fd.<\/p>    <figure class=\"wp-block-embed is-type-video is-provider-youtube wp-block-embed-youtube wp-embed-aspect-16-9 wp-has-aspect-ratio\"><div class=\"wp-block-embed__wrapper\"> <iframe loading=\"lazy\" title=\"L\u00f2 Than D\u1eeba | Nh\u00e0 m\u00e1y thi\u1ebft b\u1ecb cacbon h\u00f3a quay #Ricehuskcharcoal#AFfordable\" width=\"500\" height=\"281\" src=\"https:\/\/www.youtube.com\/embed\/dmKFCdtEptc?feature=oembed\" frameborder=\"0\" allow=\"accelerometer; autoplay; clipboard-write; encrypted-media; gyroscope; picture-in-picture; web-share\" referrerpolicy=\"strict-origin-when-cross-origin\" allowfullscreen><\/iframe> <\/div><\/figure>    <h2 class=\"wp-block-heading\" id=\"h-finished-product-of-coconut-charcoal-furnace\"><strong>Th\u00e0nh ph\u1ea9m c\u1ee7a m\u00e1y l\u00e0m than d\u1eeba<\/strong><\/h2>    <figure class=\"wp-block-gallery has-nested-images columns-default is-cropped wp-block-gallery-11 is-layout-flex wp-block-gallery-is-layout-flex\"> <figure class=\"wp-block-image size-large\"><img loading=\"lazy\" decoding=\"async\" width=\"720\" height=\"540\" data-id=\"2299\" src=\"https:\/\/charcoalplant.com\/wp-content\/uploads\/2022\/02\/Finished-product-of-rotary-carbonization-furnace.jpg\" alt=\"Th\u00e0nh ph\u1ea9m c\u1ee7a l\u00f2 cacbon h\u00f3a quay\" class=\"wp-image-2299\"\/><figcaption class=\"wp-element-caption\">Th\u00e0nh ph\u1ea9m c\u1ee7a l\u00f2 cacbon h\u00f3a quay<\/figcaption><\/figure>    <figure class=\"wp-block-image size-large\"><img loading=\"lazy\" decoding=\"async\" width=\"720\" height=\"540\" data-id=\"2298\" src=\"https:\/\/charcoalplant.com\/wp-content\/uploads\/2022\/02\/charcoal-briquette.jpg\" alt=\"than b\u00e1nh\" class=\"wp-image-2298\"\/><figcaption class=\"wp-element-caption\">than b\u00e1nh<\/figcaption><\/figure> <\/figure>    <p class=\"translation-block\">Nguy\u00ean li\u1ec7u th\u00f4 l\u1ecfng nh\u01b0 m\u00f9n c\u01b0a v\u00e0 v\u1ecf g\u1ea1o \u0111\u01b0\u1ee3c s\u1ea5y kh\u00f4, nung carbon v\u00e0 l\u00e0m l\u1ea1nh \u0111\u1ec3 tr\u1edf th\u00e0nh than c\u1ea7n thi\u1ebft. Do \u0111\u00f3, kh\u00e1ch h\u00e0ng c\u00f3 th\u1ec3 tr\u1ef1c ti\u1ebfp b\u00e1n c\u00e1c s\u1ea3n ph\u1ea9m ho\u00e0n ch\u1ec9nh nh\u01b0 than g\u1ea1o, than v\u1ecf d\u1eeba, than r\u01a1m, v\u00e0 than v\u1ecf qu\u1ea3. Kh\u00e1ch h\u00e0ng c\u0169ng c\u00f3 th\u1ec3 d\u00f9ng ch\u00fang \u0111\u1ec3 xay th\u00e0nh <strong><a href=\"https:\/\/charcoalplant.com\/vi\/charcoal-briquetting-machine\/charcoal-powder-briquette-machine\/\">bark than<\/a><\/strong>. \u0110i\u1ec1u n\u00e0y t\u1ea1o ra gi\u00e1 tr\u1ecb l\u1edbn h\u01a1n. Do v\u1eadt li\u1ec7u carbon \u0111\u01b0\u1ee3c t\u1ea1o ra b\u1edfi l\u00f2 nung than quay s\u1ea1ch s\u1ebd, kh\u00f4ng \u0111\u1ed9c h\u1ea1i, kh\u00f4ng kh\u00f3i, c\u00f3 nhi\u1ec7t l\u01b0\u1ee3ng cao, n\u00f3 c\u00f3 th\u1ecb tr\u01b0\u1eddng t\u1ed1t v\u00e0 tri\u1ec3n v\u1ecdng r\u1ed9ng.<\/p>","protected":false},"excerpt":{"rendered":"<p>L\u00f2 carbon h\u00f3a quay c\u00f2n \u0111\u01b0\u1ee3c g\u1ecdi l\u00e0 l\u00f2 carbon h\u00f3a sinh kh\u1ed1i. Nguy\u00ean li\u1ec7u th\u00f4 c\u1ee7a n\u00f3 ch\u1ee7 y\u1ebfu l\u00e0 ch\u1ea5t th\u1ea3i n\u00f4ng nghi\u1ec7p v\u00e0 l\u00e2m nghi\u1ec7p.<\/p>","protected":false},"author":1,"featured_media":1146,"parent":0,"template":"","tags":[65],"product-type":[4],"class_list":["post-1127","product","type-product","status-publish","has-post-thumbnail","hentry","tag-carbonization-furnace","product-type-carbonization-furnace"],"_links":{"self":[{"href":"https:\/\/charcoalplant.com\/vi\/wp-json\/wp\/v2\/product\/1127","targetHints":{"allow":["GET"]}}],"collection":[{"href":"https:\/\/charcoalplant.com\/vi\/wp-json\/wp\/v2\/product"}],"about":[{"href":"https:\/\/charcoalplant.com\/vi\/wp-json\/wp\/v2\/types\/product"}],"author":[{"embeddable":true,"href":"https:\/\/charcoalplant.com\/vi\/wp-json\/wp\/v2\/users\/1"}],"wp:featuredmedia":[{"embeddable":true,"href":"https:\/\/charcoalplant.com\/vi\/wp-json\/wp\/v2\/media\/1146"}],"wp:attachment":[{"href":"https:\/\/charcoalplant.com\/vi\/wp-json\/wp\/v2\/media?parent=1127"}],"wp:term":[{"taxonomy":"post_tag","embeddable":true,"href":"https:\/\/charcoalplant.com\/vi\/wp-json\/wp\/v2\/tags?post=1127"},{"taxonomy":"product-type","embeddable":true,"href":"https:\/\/charcoalplant.com\/vi\/wp-json\/wp\/v2\/product-type?post=1127"}],"curies":[{"name":"wp","href":"https:\/\/api.w.org\/{rel}","templated":true}]}}