{"id":1178,"date":"2021-12-07T08:28:29","date_gmt":"2021-12-07T08:28:29","guid":{"rendered":"https:\/\/charcoalplant.com\/?p=1178"},"modified":"2023-04-18T18:18:42","modified_gmt":"2023-04-18T10:18:42","slug":"charcoal-powder-briquette-machine","status":"publish","type":"product","link":"https:\/\/charcoalplant.com\/vi\/product\/charcoal-powder-briquette-machine\/","title":{"rendered":"M\u00e1y \u0111\u00f3ng b\u00e1nh b\u1ed9t than | Nh\u00e0 s\u1ea3n xu\u1ea5t m\u00e1y \u00e9p than"},"content":{"rendered":"<div class=\"kk-star-ratings kksr-auto kksr-align-left kksr-valign-top\"     data-payload='{&quot;align&quot;:&quot;left&quot;,&quot;id&quot;:&quot;1178&quot;,&quot;slug&quot;:&quot;default&quot;,&quot;valign&quot;:&quot;top&quot;,&quot;ignore&quot;:&quot;&quot;,&quot;reference&quot;:&quot;auto&quot;,&quot;class&quot;:&quot;&quot;,&quot;count&quot;:&quot;18&quot;,&quot;legendonly&quot;:&quot;&quot;,&quot;readonly&quot;:&quot;&quot;,&quot;score&quot;:&quot;4.7&quot;,&quot;starsonly&quot;:&quot;&quot;,&quot;best&quot;:&quot;5&quot;,&quot;gap&quot;:&quot;5&quot;,&quot;greet&quot;:&quot;Rate this product&quot;,&quot;legend&quot;:&quot;4.7\\\/5 - (18 b\u00ecnh ch\u1ecdn)&quot;,&quot;size&quot;:&quot;24&quot;,&quot;title&quot;:&quot;Charcoal Powder Briquette Machine | Coal Press Machine Manufacturer&quot;,&quot;width&quot;:&quot;133.8&quot;,&quot;_legend&quot;:&quot;{score}\\\/{best} - ({count} {votes})&quot;,&quot;font_factor&quot;:&quot;1.25&quot;}'>              <div class=\"kksr-stars\">      <div class=\"kksr-stars-inactive\">             <div class=\"kksr-star\" data-star=\"1\" style=\"padding-right: 5px\">               <div class=\"kksr-icon\" style=\"width: 24px; height: 24px;\"><\/div>         <\/div>             <div class=\"kksr-star\" data-star=\"2\" style=\"padding-right: 5px\">               <div class=\"kksr-icon\" style=\"width: 24px; height: 24px;\"><\/div>         <\/div>             <div class=\"kksr-star\" data-star=\"3\" style=\"padding-right: 5px\">               <div class=\"kksr-icon\" style=\"width: 24px; height: 24px;\"><\/div>         <\/div>             <div class=\"kksr-star\" data-star=\"4\" style=\"padding-right: 5px\">               <div class=\"kksr-icon\" style=\"width: 24px; height: 24px;\"><\/div>         <\/div>             <div class=\"kksr-star\" data-star=\"5\" style=\"padding-right: 5px\">               <div class=\"kksr-icon\" style=\"width: 24px; height: 24px;\"><\/div>         <\/div>     <\/div>      <div class=\"kksr-stars-active\" style=\"width: 133.8px;\">             <div class=\"kksr-star\" style=\"padding-right: 5px\">               <div class=\"kksr-icon\" style=\"width: 24px; height: 24px;\"><\/div>         <\/div>             <div class=\"kksr-star\" style=\"padding-right: 5px\">               <div class=\"kksr-icon\" style=\"width: 24px; height: 24px;\"><\/div>         <\/div>             <div class=\"kksr-star\" style=\"padding-right: 5px\">               <div class=\"kksr-icon\" style=\"width: 24px; height: 24px;\"><\/div>         <\/div>             <div class=\"kksr-star\" style=\"padding-right: 5px\">               <div class=\"kksr-icon\" style=\"width: 24px; height: 24px;\"><\/div>         <\/div>             <div class=\"kksr-star\" style=\"padding-right: 5px\">               <div class=\"kksr-icon\" style=\"width: 24px; height: 24px;\"><\/div>         <\/div>     <\/div> <\/div>                   <div class=\"kksr-legend\" style=\"font-size: 19.2px;\">             4,7\/5 - (18 B\u00ecnh Ch\u1ecdn)    <\/div>     <\/div>  <p class=\"translation-block\"><strong>M\u00e1y \u00e9p vi\u00ean b\u1ed9t than<\/strong> l\u00e0 m\u1ed9t lo\u1ea1i thi\u1ebft b\u1ecb ch\u1ee7 y\u1ebfu s\u1eed d\u1ee5ng b\u1ed9t than v\u00e0 b\u1ed9t than \u0111\u00e1 l\u00e0m nguy\u00ean li\u1ec7u \u0111\u1ec3 s\u1ea3n xu\u1ea5t <strong><a href=\"https:\/\/charcoalplant.com\/vi\/charcoal-briquettes-production-line\/\">than n\u01b0\u1edbng<\/a><\/strong> v\u00e0 than hookah h\u00ecnh vu\u00f4ng. \u00c9p vi\u00ean b\u1ed9t than c\u00f3 th\u1ec3 l\u00e0 r\u1ed7ng ho\u1eb7c kh\u00f4ng r\u1ed7ng. V\u00e0 h\u00ecnh d\u1ea1ng m\u1eb7t c\u1eaft c\u1ee7a ch\u00fang c\u00f3 th\u1ec3 l\u00e0 vu\u00f4ng, l\u1ee5c gi\u00e1c, tr\u00f2n, v\u00e0 c\u00e1c h\u00ecnh d\u1ea1ng kh\u00e1c. Quan tr\u1ecdng h\u01a1n, vi\u00ean n\u00e9n kh\u00f4ng kh\u00f3i, c\u00f3 th\u1eddi gian ch\u00e1y d\u00e0i, v\u00e0 c\u00f3 nhu c\u1ea7u th\u1ecb tr\u01b0\u1eddng l\u1edbn. Do \u0111\u00f3, <strong><a href=\"https:\/\/charcoalplant.com\/vi\/info\/iraqi-customers-wood-charcoal-briquetting-extruder-completed\/\">m\u00e1y \u00e9p vi\u00ean than<\/a><\/strong> l\u00e0 thi\u1ebft b\u1ecb than hi\u1ec7u qu\u1ea3 v\u1ec1 chi ph\u00ed. Ch\u00e0o m\u1eebng b\u1ea1n li\u00ean h\u1ec7 v\u1edbi ch\u00fang t\u00f4i, ch\u00fang t\u00f4i s\u1ebd cung c\u1ea5p cho b\u1ea1n gi\u00e1 c\u1ea3 c\u1ea1nh tranh.<\/p>    <h2 class=\"wp-block-heading\" id=\"working-principle-of-charcoal-powder-briquette-machine\">Nguy\u00ean l\u00fd l\u00e0m vi\u1ec7c c\u1ee7a m\u00e1y l\u00e0m b\u00e1nh b\u1ed9t than<\/h2>    <p>M\u00e1y t\u1ea1o than l\u00e0 lo\u1ea1i m\u00e1y d\u00f9ng \u0111\u1ec3 ch\u1ebf bi\u1ebfn than b\u1ed9t th\u00e0nh c\u00e1c kh\u1ed1i than c\u00f3 h\u00ecnh d\u1ea1ng kh\u00e1c nhau. Nguy\u00ean l\u00fd l\u00e0m vi\u1ec7c c\u1ee7a n\u00f3 l\u00e0 \u0111\u1ed9ng c\u01a1 truy\u1ec1n c\u00f4ng su\u1ea5t t\u1edbi b\u1ed9 truy\u1ec1n \u0111\u1ed9ng th\u00f4ng qua d\u00e2y \u0111ai ch\u1eef V. Tr\u1ee5c \u0111\u1ea7u ra c\u1ee7a h\u1ed9p s\u1ed1 sau \u0111\u00f3 truy\u1ec1n l\u1ef1c t\u1edbi tr\u1ee5c c\u00e1c \u0111\u0103ng th\u00f4ng qua kh\u1edbp n\u1ed1i \u0111\u1ed9ng. Cu\u1ed1i c\u00f9ng, c\u00e1nh qu\u1ea1t tr\u00ean tr\u1ee5c c\u00e1c \u0111\u0103ng c\u00f3 th\u1ec3 \u0111\u1ea9y nguy\u00ean li\u1ec7u th\u00f4 ra ngo\u00e0i qua khu\u00f4n t\u1ea1o h\u00ecnh.<\/p>    <figure class=\"wp-block-image aligncenter size-full\"><img loading=\"lazy\" decoding=\"async\" width=\"720\" height=\"540\" src=\"https:\/\/charcoalplant.com\/wp-content\/uploads\/2022\/02\/Charcoal-powder-briquette-machine-show.jpg\" alt=\"Tri\u1ec3n l\u00e3m m\u00e1y l\u00e0m than b\u00e1nh b\u1ed9t than\" class=\"wp-image-2389\"\/><figcaption class=\"wp-element-caption\">Tri\u1ec3n l\u00e3m m\u00e1y l\u00e0m than b\u00e1nh b\u1ed9t than<\/figcaption><\/figure>    <h2 class=\"wp-block-heading\" id=\"raw-materials-of-charcoal-dust-briquetting-machine\">Nguy\u00ean li\u1ec7u c\u1ee7a m\u00e1y \u0111\u00f3ng b\u00e1nh b\u1ee5i than<\/h2>    <p class=\"translation-block\">Ngu\u1ed3n b\u1ed9t than th\u00f4 c\u1ee7a n\u00f3 l\u00e0 b\u1ed9t than kh\u00e1c nhau c\u00f3 th\u1ec3 \u0111\u01b0\u1ee3c nghi\u1ec1n b\u1edfi <strong><a href=\"https:\/\/charcoalplant.com\/vi\/wood-wastes-recycling-machine\/hammer-mill\/\">m\u00e1y nghi\u1ec1n b\u00faa<\/a><\/strong>. V\u00ed d\u1ee5, than t\u1eeb v\u1ecf d\u1eeba, than t\u1eeb g\u1ed7, than t\u1eeb vi\u00ean n\u00e9n m\u00f9n c\u01b0a, than t\u1eeb v\u1ecf c\u1ecd, than t\u1eeb tr\u1ea5u, than t\u1eeb v\u1ecf \u0111\u1eadu ph\u1ed9ng, v.v. V\u00e0 c\u00e1c nguy\u00ean li\u1ec7u kh\u00e1c: <strong><a href=\"https:\/\/charcoalplant.com\/vi\/info\/can-these-briquetting-machines-make-alfalfa-molar-sticks\/\">C\u1ecf Alfalfa<\/a><\/strong> v\u00e0 c\u1ecf Timothy. \u0110\u00e1ng l\u01b0u \u00fd r\u1eb1ng b\u1ed9t carbon nghi\u1ec1n c\u1ea7n \u0111\u01b0\u1ee3c tr\u1ed9n \u0111\u1ec1u v\u1edbi m\u1ed9t t\u1ef7 l\u1ec7 nh\u1ea5t \u0111\u1ecbnh c\u1ee7a n\u01b0\u1edbc v\u00e0 ch\u1ea5t k\u1ebft d\u00ednh v\u1edbi m\u00e1y nghi\u1ec1n b\u00e1nh xe tr\u01b0\u1edbc khi s\u1eed d\u1ee5ng. B\u1edfi v\u00ec, \u0111i\u1ec1u n\u00e0y c\u00f3 th\u1ec3 l\u00e0m cho b\u1ed9t carbon d\u00ednh h\u01a1n, t\u1ea1o h\u00ecnh t\u1ed1t h\u01a1n v\u00e0 ch\u1ea5t l\u01b0\u1ee3ng s\u1ea3n ph\u1ea9m ho\u00e0n thi\u1ec7n cao h\u01a1n.<\/p>    <figure class=\"wp-block-image aligncenter size-full\"><img loading=\"lazy\" decoding=\"async\" width=\"720\" height=\"540\" src=\"https:\/\/charcoalplant.com\/wp-content\/uploads\/2022\/02\/raw-materials-of-charcoal-briquette-machine.jpg\" alt=\"\" class=\"wp-image-2383\"\/><\/figure>    <h2 class=\"wp-block-heading\" id=\"h-structure-of-charcoal-powder-briquette-machine\">C\u1ea5u t\u1ea1o c\u1ee7a m\u00e1y l\u00e0m b\u00e1nh b\u1ed9t than<strong> <\/strong><\/h2>    <p>M\u00e1y \u0111\u00f3ng b\u00e1nh b\u1ed9t than\u00a0ch\u1ee7 y\u1ebfu bao g\u1ed3m tr\u1ee5c ch\u00ednh, b\u1ed9 \u0111\u1ea9y tr\u1ee5c v\u00edt, khu\u00f4n, \u0111\u1ed9ng c\u01a1 gi\u1ea3m t\u1ed1c v\u00e0 c\u00e1c b\u1ed9 ph\u1eadn kh\u00e1c. Do thi\u1ebft k\u1ebf t\u1ed5ng th\u1ec3 c\u1ee7a n\u00f3, c\u1ea5u tr\u00fac nh\u1ecf g\u1ecdn. Do \u0111\u00f3, d\u1ea5u ch\u00e2n l\u00e0 nh\u1ecf. H\u01a1n n\u1eefa, b\u1ed9 \u0111\u1ea9y c\u1ee7a n\u00f3 c\u00f3 ba ph\u1ea7n. Khi b\u1ed9 \u0111\u1ea9y c\u1ee7a m\u00e1y l\u00e0m b\u00e1nh than b\u1ecb h\u1ecfng, kh\u00e1ch h\u00e0ng ch\u1ec9 c\u1ea7n thay \u0111\u1ea7u m\u00e1y.<\/p>    <figure class=\"wp-block-image aligncenter size-full\"><img loading=\"lazy\" decoding=\"async\" width=\"720\" height=\"540\" src=\"https:\/\/charcoalplant.com\/wp-content\/uploads\/2022\/02\/charcoal-briquetting-machine-display.jpg\" alt=\"tr\u01b0ng b\u00e0y m\u00e1y \u0111\u00f3ng b\u00e1nh than\" class=\"wp-image-2390\"\/><figcaption class=\"wp-element-caption\">tr\u01b0ng b\u00e0y m\u00e1y \u0111\u00f3ng b\u00e1nh than<\/figcaption><\/figure>    <h3 class=\"wp-block-heading\" id=\"accessories\">Ph\u1ee5 ki\u1ec7n c\u1ee7a m\u00e1y than b\u00e1nh<\/h3>    <div class=\"wp-block-columns has-background is-layout-flex wp-container-core-columns-is-layout-28f84493 wp-block-columns-is-layout-flex\" style=\"background-color:#f1f1f1\"> <div class=\"wp-block-column is-vertically-aligned-center is-layout-flow wp-block-column-is-layout-flow\" style=\"flex-basis:33.33%\"> <p class=\"translation-block\"><strong>Khu\u00f4n<\/strong><\/p>    <p>M\u00e1y \u0111\u00fac b\u1ed9t than c\u00f3 nhi\u1ec1u lo\u1ea1i khu\u00f4n kh\u00e1c nhau. V\u00ec v\u1eady, n\u00f3 c\u00f3 th\u1ec3 t\u1ea1o ra nhi\u1ec1u h\u00ecnh d\u1ea1ng than n\u01b0\u1edbng kh\u00e1c nhau. V\u00ed d\u1ee5: h\u00ecnh l\u1ee5c gi\u00e1c, h\u00ecnh b\u00e1t gi\u00e1c, h\u00ecnh vu\u00f4ng, h\u00ecnh tr\u00f2n.<\/p> <\/div>    <div class=\"wp-block-column is-layout-flow wp-block-column-is-layout-flow\" style=\"flex-basis:66.66%\"> <figure class=\"wp-block-gallery has-nested-images columns-default is-cropped wp-block-gallery-2 is-layout-flex wp-block-gallery-is-layout-flex\"> <figure class=\"wp-block-image size-large\"><img loading=\"lazy\" decoding=\"async\" width=\"720\" height=\"540\" data-id=\"1580\" src=\"https:\/\/charcoalplant.com\/wp-content\/uploads\/2021\/12\/shaped-charcoal-molds-1.jpg\" alt=\"khu\u00f4n than h\u00ecnh\" class=\"wp-image-1580\" srcset=\"https:\/\/charcoalplant.com\/wp-content\/uploads\/2021\/12\/shaped-charcoal-molds-1.jpg 720w, https:\/\/charcoalplant.com\/wp-content\/uploads\/2021\/12\/shaped-charcoal-molds-1-300x225.jpg 300w\" sizes=\"auto, (max-width: 720px) 100vw, 720px\" \/><figcaption class=\"wp-element-caption\">khu\u00f4n than h\u00ecnh<\/figcaption><\/figure> <\/figure> <\/div> <\/div>    <div class=\"wp-block-columns has-background is-layout-flex wp-container-core-columns-is-layout-28f84493 wp-block-columns-is-layout-flex\" style=\"background-color:#f1f1f1\"> <div class=\"wp-block-column is-layout-flow wp-block-column-is-layout-flow\" style=\"flex-basis:66.66%\"> <figure class=\"wp-block-gallery has-nested-images columns-default is-cropped wp-block-gallery-3 is-layout-flex wp-block-gallery-is-layout-flex\"> <figure class=\"wp-block-image size-large\"><img loading=\"lazy\" decoding=\"async\" width=\"720\" height=\"540\" data-id=\"2384\" src=\"https:\/\/charcoalplant.com\/wp-content\/uploads\/2022\/02\/propeller-shaft.jpg\" alt=\"tr\u1ee5c ch\u00e2n v\u1ecbt\" class=\"wp-image-2384\"\/><figcaption class=\"wp-element-caption\">tr\u1ee5c ch\u00e2n v\u1ecbt<\/figcaption><\/figure> <\/figure> <\/div>    <div class=\"wp-block-column is-vertically-aligned-center is-layout-flow wp-block-column-is-layout-flow\" style=\"flex-basis:33.33%\"> <p class=\"translation-block\"><strong>Tr\u1ee5c ch\u00e2n v\u1ecbt<\/strong><\/p>    <p>Nh\u00e0 m\u00e1y c\u1ee7a ch\u00fang t\u00f4i t\u1ef1 s\u1ea3n xu\u1ea5t c\u00e1c ph\u1ee5 ki\u1ec7n cho m\u00e1y m\u00f3c. ch\u1eb3ng h\u1ea1n nh\u01b0 c\u00e1nh qu\u1ea1t. B\u1edfi v\u00ec ch\u00fang t\u00f4i ch\u1ecdn v\u1eadt li\u1ec7u kim lo\u1ea1i t\u1ed1t \u0111\u1ec3 l\u00e0m ph\u1ee5 ki\u1ec7n. V\u00ec v\u1eady, vi\u1ec7c s\u1eed d\u1ee5ng n\u00f3 kh\u00f4ng d\u1ec5 h\u01b0 h\u1ecfng v\u00e0 c\u00f3 tu\u1ed5i th\u1ecd cao. H\u01a1n n\u1eefa, sau khi b\u00e1n h\u00e0ng, ch\u00fang t\u00f4i c\u00f3 th\u1ec3 cung c\u1ea5p cho kh\u00e1ch h\u00e0ng nh\u1eefng ph\u1ee5 ki\u1ec7n ph\u00f9 h\u1ee3p b\u1ea5t c\u1ee9 l\u00fac n\u00e0o.<\/p> <\/div> <\/div>    <h2 class=\"wp-block-heading\" id=\"h-cutting-equipment-for-coal-press-machine\">Thi\u1ebft b\u1ecb c\u1eaft cho m\u00e1y \u00e9p than&nbsp;<\/h2>    <p class=\"translation-block\">Kh\u1ed1i carbon \u0111\u00e3 h\u00ecnh th\u00e0nh c\u1ea7n \u0111\u01b0\u1ee3c c\u1eaft th\u00e0nh c\u00e1c k\u00edch th\u01b0\u1edbc kh\u00e1c nhau. Do \u0111\u00f3, c\u1ea7n s\u1eed d\u1ee5ng m\u1ed9t c\u00f4ng c\u1ee5 c\u1eaft. Ch\u00fang t\u00f4i c\u00f3 th\u1ec3 cung c\u1ea5p ba lo\u1ea1i c\u00f4ng c\u1ee5 c\u1eaft: m\u00e1y c\u1eaft t\u1ef1 \u0111\u1ed9ng, m\u00e1y c\u1eaft m\u00e9t v\u00e0 m\u00e1y c\u1eaft b\u00e1nh r\u0103ng. C\u1ea3 hai c\u00f4ng c\u1ee5 c\u1eaft \u0111\u1ea7u ti\u00ean v\u00e0 th\u1ee9 hai \u0111\u1ec1u y\u00eau c\u1ea7u m\u1ed9t <strong>m\u00e1y n\u00e9n kh\u00ed<\/strong>. \u0110i\u1ec1u ch\u1ec9nh l\u1ef1c c\u1eaft b\u1eb1ng c\u00e1ch ki\u1ec3m so\u00e1t \u00e1p su\u1ea5t kh\u00ed.<\/p>    <h3 class=\"wp-block-heading\" id=\"h-automatic-cutter-for-charcoal-briket\">M\u00e1y c\u1eaft t\u1ef1 \u0111\u1ed9ng cho than Briket<\/h3>    <p id=\"block-fd5fda72-b941-4e47-a7dd-c13c6a5b3b88\">Nguy\u00ean l\u00fd l\u00e0m vi\u1ec7c c\u1ee7a n\u00f3 l\u00e0 \u0111i\u1ec1u ch\u1ec9nh kho\u1ea3ng c\u00e1ch gi\u1eefa \u0111\u1ea7u d\u00f2 c\u1ea3m bi\u1ebfn h\u1ed3ng ngo\u1ea1i v\u00e0 c\u1ed5ng x\u1ea3 c\u1ee7a m\u00e1y \u0111\u00f3ng b\u00e1nh than \u0111\u1ec3 c\u1eaft c\u00f9ng k\u00edch th\u01b0\u1edbc.<\/p>    <figure class=\"wp-block-gallery has-nested-images columns-default is-cropped wp-block-gallery-4 is-layout-flex wp-block-gallery-is-layout-flex\"> <figure class=\"wp-block-image size-large\"><img loading=\"lazy\" decoding=\"async\" width=\"720\" height=\"540\" data-id=\"1574\" src=\"https:\/\/charcoalplant.com\/wp-content\/uploads\/2021\/12\/Automatic-Cutter-1.jpg\" alt=\"M\u00e1y c\u1eaft t\u1ef1 \u0111\u1ed9ng\" class=\"wp-image-1574\" srcset=\"https:\/\/charcoalplant.com\/wp-content\/uploads\/2021\/12\/Automatic-Cutter-1.jpg 720w, https:\/\/charcoalplant.com\/wp-content\/uploads\/2021\/12\/Automatic-Cutter-1-300x225.jpg 300w\" sizes=\"auto, (max-width: 720px) 100vw, 720px\" \/><figcaption class=\"wp-element-caption\">M\u00e1y c\u1eaft t\u1ef1 \u0111\u1ed9ng<\/figcaption><\/figure>    <figure class=\"wp-block-image size-large\"><img loading=\"lazy\" decoding=\"async\" width=\"720\" height=\"540\" data-id=\"1592\" src=\"https:\/\/charcoalplant.com\/wp-content\/uploads\/2021\/12\/Charcoal-powder-briquetting-machine-finished-products-1.jpg\" alt=\"M\u00e1y \u0111\u00f3ng b\u00e1nh b\u1ed9t than th\u00e0nh ph\u1ea9m\" class=\"wp-image-1592\" srcset=\"https:\/\/charcoalplant.com\/wp-content\/uploads\/2021\/12\/Charcoal-powder-briquetting-machine-finished-products-1.jpg 720w, https:\/\/charcoalplant.com\/wp-content\/uploads\/2021\/12\/Charcoal-powder-briquetting-machine-finished-products-1-300x225.jpg 300w\" sizes=\"auto, (max-width: 720px) 100vw, 720px\" \/><figcaption class=\"wp-element-caption\">M\u00e1y \u0111\u00f3ng b\u00e1nh b\u1ed9t than th\u00e0nh ph\u1ea9m<\/figcaption><\/figure> <\/figure>    <h3 class=\"wp-block-heading\" id=\"h-cnc-cutter-for-briquettes\">M\u00e1y c\u1eaft CNC cho than b\u00e1nh <\/h3>    <p id=\"block-d58a95d7-dc60-4c1c-9bf8-9352b32de057\">\u0110\u00f3 l\u00e0 m\u1ed9t h\u1ec7 th\u1ed1ng CNC. V\u00ec v\u1eady, n\u00f3 c\u00f3 th\u1ec3 thi\u1ebft l\u1eadp chi\u1ec1u d\u00e0i c\u1eaft ch\u00ednh x\u00e1c. Th\u1eadm ch\u00ed \u0111\u1eb7t \u0111\u1ed9 d\u00e0i b\u1eb1ng d\u1ea5u th\u1eadp ph\u00e2n. \u01afu \u0111i\u1ec3m c\u1ee7a n\u00f3: th\u00f4ng minh, ch\u00ednh x\u00e1c v\u00e0 nh\u1ecf g\u1ecdn. Ch\u00fang t\u00f4i th\u1ef1c s\u1ef1 khuy\u00ean b\u1ea1n n\u00ean ch\u1ecdn m\u00e1y c\u1eaft n\u00e0y.<\/p>    <figure class=\"wp-block-gallery has-nested-images columns-default is-cropped wp-block-gallery-5 is-layout-flex wp-block-gallery-is-layout-flex\"> <figure class=\"wp-block-image size-large\"><img loading=\"lazy\" decoding=\"async\" width=\"720\" height=\"540\" data-id=\"1585\" src=\"https:\/\/charcoalplant.com\/wp-content\/uploads\/2021\/12\/Meter-Cutter-1-1.jpg\" alt=\"M\u00e1y c\u1eaft m\u00e9t-1\" class=\"wp-image-1585\" srcset=\"https:\/\/charcoalplant.com\/wp-content\/uploads\/2021\/12\/Meter-Cutter-1-1.jpg 720w, https:\/\/charcoalplant.com\/wp-content\/uploads\/2021\/12\/Meter-Cutter-1-1-300x225.jpg 300w\" sizes=\"auto, (max-width: 720px) 100vw, 720px\" \/><figcaption class=\"wp-element-caption\">M\u00e1y c\u1eaft m\u00e9t-1<\/figcaption><\/figure>    <figure class=\"wp-block-image size-full\"><img loading=\"lazy\" decoding=\"async\" width=\"720\" height=\"540\" data-id=\"2387\" src=\"https:\/\/charcoalplant.com\/wp-content\/uploads\/2022\/02\/hexagonal-charcoal.jpg\" alt=\"than l\u1ee5c gi\u00e1c\" class=\"wp-image-2387\"\/><figcaption class=\"wp-element-caption\">than l\u1ee5c gi\u00e1c<\/figcaption><\/figure> <\/figure>    <h3 class=\"wp-block-heading\" id=\"h-cube-charcoal-cutting\">C\u1eaft than kh\u1ed1i <\/h3>    <p id=\"block-f4688070-e3ca-4360-8fd1-302aea04ab3e\">Nguy\u00ean t\u1eafc c\u1ee7a n\u00f3 \u0111\u1eb7c bi\u1ec7t \u0111\u01a1n gi\u1ea3n. Ngh\u0129a l\u00e0, nhi\u1ec1u \u0111\u1ea7u c\u1eaft tr\u00f2n \u0111\u01b0\u1ee3c l\u1eafp tr\u00ean tr\u1ee5c c\u1eaft. Kho\u1ea3ng c\u00e1ch \u0111\u1ea7u c\u1eaft c\u00f3 th\u1ec3 \u0111\u01b0\u1ee3c \u0111i\u1ec1u ch\u1ec9nh. M\u00e1y c\u1eaft n\u00e0y r\u1ea5t th\u00edch h\u1ee3p \u0111\u1ec3 s\u1ea3n xu\u1ea5t than shisha. V\u00ec v\u1eady, n\u00f3 th\u01b0\u1eddng \u0111\u01b0\u1ee3c kh\u00e1ch h\u00e0ng t\u1eeb Indonesia v\u00e0 c\u00e1c n\u01b0\u1edbc \u1ea2 R\u1eadp mua.<\/p>    <figure class=\"wp-block-gallery has-nested-images columns-default is-cropped wp-block-gallery-6 is-layout-flex wp-block-gallery-is-layout-flex\"> <figure class=\"wp-block-image size-large\"><img loading=\"lazy\" decoding=\"async\" width=\"720\" height=\"540\" data-id=\"1588\" src=\"https:\/\/charcoalplant.com\/wp-content\/uploads\/2021\/12\/Hob-2-1.jpg\" alt=\"Hob\" class=\"wp-image-1588\" srcset=\"https:\/\/charcoalplant.com\/wp-content\/uploads\/2021\/12\/Hob-2-1.jpg 720w, https:\/\/charcoalplant.com\/wp-content\/uploads\/2021\/12\/Hob-2-1-300x225.jpg 300w\" sizes=\"auto, (max-width: 720px) 100vw, 720px\" \/><figcaption class=\"wp-element-caption\">Hob<\/figcaption><\/figure>    <figure class=\"wp-block-image size-full\"><img loading=\"lazy\" decoding=\"async\" width=\"720\" height=\"540\" data-id=\"2388\" src=\"https:\/\/charcoalplant.com\/wp-content\/uploads\/2021\/12\/shisha-charcoal-2.jpg\" alt=\"\" class=\"wp-image-2388\"\/><figcaption class=\"wp-element-caption\">2.5cm-shisha-than<\/figcaption><\/figure> <\/figure>    <h2 class=\"wp-block-heading\" id=\"h-technical-parameters-of-coal-press-machine\">Th\u00f4ng s\u1ed1 k\u1ef9 thu\u1eadt c\u1ee7a m\u00e1y \u00e9p than<\/h2>    <p>Ch\u00fang t\u00f4i c\u00f3 th\u1ec3 c\u1ea5u h\u00ecnh b\u0103ng t\u1ea3i cho kh\u00e1ch h\u00e0ng. V\u00e0 chi\u1ec1u d\u00e0i v\u00e0 chi\u1ec1u r\u1ed9ng c\u1ee7a b\u0103ng t\u1ea3i c\u00f3 th\u1ec3 \u0111\u01b0\u1ee3c t\u00f9y ch\u1ec9nh theo nhu c\u1ea7u c\u1ee7a kh\u00e1ch h\u00e0ng.<\/p>    <figure class=\"wp-block-table is-style-stripes\"><table><tbody><tr><td>    <strong>Ng\u01b0\u1eddi m\u1eabu<\/strong><\/td><td>       <strong>Chi\u1ec1u d\u00e0i * Chi\u1ec1u r\u1ed9ng * Chi\u1ec1u cao (mm)<\/strong><\/td><td>      <strong>Tr\u1ecdng l\u01b0\u1ee3ng\u00a0(kg)<\/strong><\/td><td>    <strong>\u0110\u1ed9ng c\u01a1 (kw)<\/strong><\/td><td>   <strong>\u0110\u1ea7u ra (t\/h)<\/strong><\/td><\/tr><tr><td>    SL-CB 140<\/td><td>             1950*1260*1080<\/td><td>           650<\/td><td>         11<\/td><td>        1-2<\/td><\/tr><tr><td>    SL-CB 160<\/td><td>             2150*1260*1080<\/td><td>           720<\/td><td>         15<\/td><td>        1-2<\/td><\/tr><tr><td>    SL-CB 180<\/td><td>             2320*1600*1150<\/td><td>          1260<\/td><td>         22<\/td><td>        2-4<\/td><\/tr><\/tbody><\/table><\/figure>    <h2 class=\"wp-block-heading\" id=\"video-of-charcoal-powder-briquette-production-line\">Video d\u00e2y chuy\u1ec1n s\u1ea3n xu\u1ea5t than b\u00e1nh b\u1ed9t than <\/h2>    <figure class=\"wp-block-embed is-type-video is-provider-youtube wp-block-embed-youtube wp-embed-aspect-16-9 wp-has-aspect-ratio\"><div class=\"wp-block-embed__wrapper\"> <iframe loading=\"lazy\" title=\"M\u00e1y N\u01b0\u1edbng Than BBQ | Thi\u1ebft b\u1ecb s\u1ea3n xu\u1ea5t than Shisha#shishacoal#Hookahcharcoal#coalbriket\" width=\"500\" height=\"281\" src=\"https:\/\/www.youtube.com\/embed\/_8wvJPuahH8?feature=oembed\" frameborder=\"0\" allow=\"accelerometer; autoplay; clipboard-write; encrypted-media; gyroscope; picture-in-picture; web-share\" referrerpolicy=\"strict-origin-when-cross-origin\" allowfullscreen><\/iframe> <\/div><\/figure>    <h2 class=\"wp-block-heading\" id=\"h-charcoal-briquette-machine-for-sale\">C\u1ea7n b\u00e1n m\u00e1y l\u00e0m than b\u00e1nh<\/h2>    <p class=\"translation-block\">C\u00f4ng ty ch\u00fang t\u00f4i l\u00e0 nh\u00e0 s\u1ea3n xu\u1ea5t m\u00e1y \u00e9p than. Ch\u00fang t\u00f4i s\u1ea3n xu\u1ea5t c\u00e1c lo\u1ea1i m\u00e1y \u00e9p than kh\u00e1c nhau. \u0110\u1eb7c \u0111i\u1ec3m c\u1ee7a m\u00e1y \u00e9p vi\u00ean b\u1ed9t than c\u1ee7a ch\u00fang t\u00f4i l\u00e0 v\u1eadn h\u00e0nh \u0111\u01a1n gi\u1ea3n, tu\u1ed5i th\u1ecd d\u00e0i v\u00e0 \u0111a ch\u1ee9c n\u0103ng. Ch\u00fang t\u00f4i cung c\u1ea5p cho kh\u00e1ch h\u00e0ng nhi\u1ec1u lo\u1ea1i khu\u00f4n s\u1ea3n xu\u1ea5t. Ngo\u00e0i ra, ch\u00fang t\u00f4i c\u0169ng b\u00e1n m\u00e1y tr\u1ed9n than b\u1ed9t, <strong><a href=\"https:\/\/charcoalplant.com\/vi\/charcoal-briquetting-machine\/honeycomb-coal-press-machine\/\">m\u00e1y \u00e9p than t\u1ed5 ong<\/a>,<\/strong> v\u00e0 nhi\u1ec1u lo\u1ea1i kh\u00e1c. V\u00ec v\u1eady h\u00e3y li\u00ean h\u1ec7 v\u1edbi ch\u00fang t\u00f4i ngay b\u00e2y gi\u1edd \u0111\u1ec3 b\u1eaft \u0111\u1ea7u kinh doanh c\u1ee7a b\u1ea1n. Ch\u00fang t\u00f4i r\u1ea5t vui \u0111\u01b0\u1ee3c ph\u1ee5c v\u1ee5 b\u1ea1n.<\/p>    <figure class=\"wp-block-image aligncenter size-full\"><img loading=\"lazy\" decoding=\"async\" width=\"720\" height=\"540\" src=\"https:\/\/charcoalplant.com\/wp-content\/uploads\/2021\/12\/charcoal-briquetting-machine-display-1.jpg\" alt=\"tr\u01b0ng b\u00e0y m\u00e1y \u0111\u00f3ng b\u00e1nh than\" class=\"wp-image-1579\" srcset=\"https:\/\/charcoalplant.com\/wp-content\/uploads\/2021\/12\/charcoal-briquetting-machine-display-1.jpg 720w, https:\/\/charcoalplant.com\/wp-content\/uploads\/2021\/12\/charcoal-briquetting-machine-display-1-300x225.jpg 300w\" sizes=\"auto, (max-width: 720px) 100vw, 720px\" \/><figcaption class=\"wp-element-caption\">tr\u01b0ng b\u00e0y m\u00e1y \u0111\u00f3ng b\u00e1nh than<\/figcaption><\/figure>    <h2 class=\"wp-block-heading\" id=\"charcoal-powder-briquette-machine-for-bbq-coal\">M\u00e1y l\u00e0m b\u00e1nh b\u1ed9t than cho than BBQ<\/h2>    <p class=\"translation-block\">M\u00e1y \u00e9p vi\u00ean than c\u00f3 th\u1ec3 t\u1ea1o ra than n\u01b0\u1edbng. Nh\u01b0ng kh\u1ed1i than v\u1eeba t\u1ea1o ra kh\u00f4ng th\u1ec3 s\u1eed d\u1ee5ng tr\u1ef1c ti\u1ebfp. N\u00f3 c\u1ea7n \u0111\u01b0\u1ee3c l\u00e0m kh\u00f4 t\u1ef1 nhi\u00ean ho\u1eb7c trong m\u1ed9t<strong> <a href=\"https:\/\/charcohttps:\/\/charcoalplant.com\/charcoal-briquette-dryer\/alplant.com\/rice-husk-dryer\/\">m\u00e1y s\u1ea5y<\/a><\/strong>. Vi\u00ean than \u0111\u00e3 \u0111\u01b0\u1ee3c l\u00e0m kh\u00f4 th\u01b0\u1eddng \u0111\u01b0\u1ee3c x\u1eed l\u00fd b\u1eb1ng m\u1ed9t <strong><a href=\"https:\/\/charcoalplant.com\/vi\/briquettes-packing-machine\/\">m\u00e1y \u0111\u00f3ng g\u00f3i vi\u00ean than<\/a><\/strong> \u0111\u1ec3 b\u00e1n. Th\u1ef1c t\u1ebf, m\u00e1y n\u00e0y c\u0169ng r\u1ea5t ph\u00f9 h\u1ee3p \u0111\u1ec3 l\u00e0m than hookah, \u0111i\u1ec1u n\u00e0y ti\u1ebft ki\u1ec7m h\u01a1n.<\/p>    <figure class=\"wp-block-image aligncenter size-full\"><img loading=\"lazy\" decoding=\"async\" width=\"720\" height=\"540\" src=\"https:\/\/charcoalplant.com\/wp-content\/uploads\/2022\/02\/charcoal-briquettes-.jpg\" alt=\"than b\u00e1nh\" class=\"wp-image-2386\"\/><figcaption class=\"wp-element-caption\">than b\u00e1nh<\/figcaption><\/figure>","protected":false},"excerpt":{"rendered":"<p>M\u00e1y \u0111\u00f3ng b\u00e1nh b\u1ed9t than l\u00e0 m\u1ed9t lo\u1ea1i thi\u1ebft b\u1ecb s\u1eed d\u1ee5ng b\u1ed9t carbon l\u00e0m nguy\u00ean li\u1ec7u \u0111\u1ec3 t\u1ea1o ra c\u00e1c kh\u1ed1i carbon.<\/p>","protected":false},"author":1,"featured_media":1197,"parent":0,"template":"","tags":[59],"product-type":[44],"class_list":["post-1178","product","type-product","status-publish","has-post-thumbnail","hentry","tag-charcoal-briquetting-machine","product-type-charcoal-briquetting-machine"],"_links":{"self":[{"href":"https:\/\/charcoalplant.com\/vi\/wp-json\/wp\/v2\/product\/1178","targetHints":{"allow":["GET"]}}],"collection":[{"href":"https:\/\/charcoalplant.com\/vi\/wp-json\/wp\/v2\/product"}],"about":[{"href":"https:\/\/charcoalplant.com\/vi\/wp-json\/wp\/v2\/types\/product"}],"author":[{"embeddable":true,"href":"https:\/\/charcoalplant.com\/vi\/wp-json\/wp\/v2\/users\/1"}],"wp:featuredmedia":[{"embeddable":true,"href":"https:\/\/charcoalplant.com\/vi\/wp-json\/wp\/v2\/media\/1197"}],"wp:attachment":[{"href":"https:\/\/charcoalplant.com\/vi\/wp-json\/wp\/v2\/media?parent=1178"}],"wp:term":[{"taxonomy":"post_tag","embeddable":true,"href":"https:\/\/charcoalplant.com\/vi\/wp-json\/wp\/v2\/tags?post=1178"},{"taxonomy":"product-type","embeddable":true,"href":"https:\/\/charcoalplant.com\/vi\/wp-json\/wp\/v2\/product-type?post=1178"}],"curies":[{"name":"wp","href":"https:\/\/api.w.org\/{rel}","templated":true}]}}