{"id":1213,"date":"2021-12-08T09:41:52","date_gmt":"2021-12-08T09:41:52","guid":{"rendered":"https:\/\/charcoalplant.com\/?p=1213"},"modified":"2023-01-10T10:10:36","modified_gmt":"2023-01-10T02:10:36","slug":"honeycomb-coal-press-machine","status":"publish","type":"product","link":"https:\/\/charcoalplant.com\/vi\/product\/honeycomb-coal-press-machine\/","title":{"rendered":"M\u00e1y \u00e9p than t\u1ed5 ong | M\u00e1y l\u00e0m than b\u00e1nh"},"content":{"rendered":"<div class=\"kk-star-ratings kksr-auto kksr-align-left kksr-valign-top\"     data-payload='{&quot;align&quot;:&quot;left&quot;,&quot;id&quot;:&quot;1213&quot;,&quot;slug&quot;:&quot;default&quot;,&quot;valign&quot;:&quot;top&quot;,&quot;ignore&quot;:&quot;&quot;,&quot;reference&quot;:&quot;auto&quot;,&quot;class&quot;:&quot;&quot;,&quot;count&quot;:&quot;18&quot;,&quot;legendonly&quot;:&quot;&quot;,&quot;readonly&quot;:&quot;&quot;,&quot;score&quot;:&quot;4.8&quot;,&quot;starsonly&quot;:&quot;&quot;,&quot;best&quot;:&quot;5&quot;,&quot;gap&quot;:&quot;5&quot;,&quot;greet&quot;:&quot;Rate this product&quot;,&quot;legend&quot;:&quot;4.8\\\/5 - (18 b\u00ecnh ch\u1ecdn)&quot;,&quot;size&quot;:&quot;24&quot;,&quot;title&quot;:&quot;Honeycomb Coal Press Machine | Coal Briquette Machine&quot;,&quot;width&quot;:&quot;136.7&quot;,&quot;_legend&quot;:&quot;{score}\\\/{best} - ({count} {votes})&quot;,&quot;font_factor&quot;:&quot;1.25&quot;}'>              <div class=\"kksr-stars\">      <div class=\"kksr-stars-inactive\">             <div class=\"kksr-star\" data-star=\"1\" style=\"padding-right: 5px\">               <div class=\"kksr-icon\" style=\"width: 24px; height: 24px;\"><\/div>         <\/div>             <div class=\"kksr-star\" data-star=\"2\" style=\"padding-right: 5px\">               <div class=\"kksr-icon\" style=\"width: 24px; height: 24px;\"><\/div>         <\/div>             <div class=\"kksr-star\" data-star=\"3\" style=\"padding-right: 5px\">               <div class=\"kksr-icon\" style=\"width: 24px; height: 24px;\"><\/div>         <\/div>             <div class=\"kksr-star\" data-star=\"4\" style=\"padding-right: 5px\">               <div class=\"kksr-icon\" style=\"width: 24px; height: 24px;\"><\/div>         <\/div>             <div class=\"kksr-star\" data-star=\"5\" style=\"padding-right: 5px\">               <div class=\"kksr-icon\" style=\"width: 24px; height: 24px;\"><\/div>         <\/div>     <\/div>      <div class=\"kksr-stars-active\" style=\"width: 136.7px;\">             <div class=\"kksr-star\" style=\"padding-right: 5px\">               <div class=\"kksr-icon\" style=\"width: 24px; height: 24px;\"><\/div>         <\/div>             <div class=\"kksr-star\" style=\"padding-right: 5px\">               <div class=\"kksr-icon\" style=\"width: 24px; height: 24px;\"><\/div>         <\/div>             <div class=\"kksr-star\" style=\"padding-right: 5px\">               <div class=\"kksr-icon\" style=\"width: 24px; height: 24px;\"><\/div>         <\/div>             <div class=\"kksr-star\" style=\"padding-right: 5px\">               <div class=\"kksr-icon\" style=\"width: 24px; height: 24px;\"><\/div>         <\/div>             <div class=\"kksr-star\" style=\"padding-right: 5px\">               <div class=\"kksr-icon\" style=\"width: 24px; height: 24px;\"><\/div>         <\/div>     <\/div> <\/div>                   <div class=\"kksr-legend\" style=\"font-size: 19.2px;\">             4,8\/5 - (18 B\u00ecnh Ch\u1ecdn)    <\/div>     <\/div>  <p class=\"translation-block\"><strong>Honeycomb coal press machine <\/strong>l\u00e0 thi\u1ebft b\u1ecb \u0111\u1eb7c bi\u1ec7t \u0111\u1ec3 s\u1ea3n xu\u1ea5t c\u00e1c briquettes h\u00ecnh tr\u1ee5 r\u1ed7ng, m\u1eadt \u0111\u1ed9 cao. M\u00e1y \u00e9p than h\u00ecnh l\u1ee5c gi\u00e1c n\u00e0y c\u0169ng c\u00f3 th\u1ec3 s\u1ea3n xu\u1ea5t c\u00e1c thanh than r\u1ed7ng v\u00e0 <strong><a href=\"https:\/\/charcoalplant.com\/vi\/charcoal-briquetting-machine\/charcoal-powder-briquette-machine\/\">c\u00e1c thanh than<\/a><\/strong>. Nguy\u00ean li\u1ec7u \u0111\u1ea7u v\u00e0o ch\u1ee7 y\u1ebfu l\u00e0 than nghi\u1ec1n v\u00e0 b\u1ed9t carbon. C\u00e1c v\u1eadt li\u1ec7u kh\u00e1c nh\u01b0 <strong><a href=\"https:\/\/charcoalplant.com\/vi\/info\/can-these-briquetting-machines-make-alfalfa-molar-sticks\/\">c\u1ecf c\u1ecf linh l\u0103ng<\/a><\/strong> v\u00e0 c\u1ecf th\u00ec l\u00e0. Ngo\u00e0i ra, m\u00e1y briquetting than r\u1ea5t d\u1ec5 v\u1eadn h\u00e0nh, hi\u1ec7u su\u1ea5t cao v\u00e0 d\u1ec5 b\u1ea3o tr\u00ec. Do \u0111\u00f3, \u0111\u01b0\u1ee3c ph\u1ea7n l\u1edbn kh\u00e1ch h\u00e0ng \u01b0a chu\u1ed9ng. Li\u00ean h\u1ec7 v\u1edbi ch\u00fang t\u00f4i ngay \u0111\u1ec3 b\u1eaft \u0111\u1ea7u x\u00e2y d\u1ef1ng k\u1ebft n\u1ed1i kinh doanh. Ch\u00fang t\u00f4i s\u1ebd cung c\u1ea5p cho b\u1ea1n gi\u00e1 c\u1ea3 c\u00f2n \u01b0u \u0111\u00e3i h\u01a1n.<\/p>    <h2 class=\"wp-block-heading\" id=\"working-principle-of-honeycomb-coal-forming-machine\">Nguy\u00ean l\u00fd l\u00e0m vi\u1ec7c c\u1ee7a m\u00e1y \u00e9p than t\u1ed5 ong<\/h2>    <p class=\"translation-block\">M\u00e1y \u00e9p than h\u00ecnh l\u1ee5c gi\u00e1c th\u1ef1c s\u1ef1 l\u00e0 m\u00e1y l\u00e0m than theo ki\u1ec3u \u00e9p c\u00f3 v\u1eadn h\u00e0nh \u0111\u01a1n gi\u1ea3n nh\u1ea5t. V\u00e0 dung t\u00edch silo c\u1ee7a n\u00f3 l\u1edbn. V\u00ec v\u1eady, m\u1ed9t s\u1ed1 nh\u00e0 s\u1ea3n xu\u1ea5t than n\u01b0\u1edbng s\u1ebd c\u00f3 khuynh h\u01b0\u1edbng mua m\u00e1y briquetting h\u00ecnh l\u1ee5c gi\u00e1c \u0111\u1ec3 <strong><a href=\"https:\/\/charcoalplant.com\/vi\/coal-briquettes-production-line\/\">s\u1ea3n xu\u1ea5t briquette than<\/a><\/strong>. N\u00f3 \u0111\u01b0\u1ee3c c\u1ea5p ngu\u1ed3n b\u1eb1ng m\u1ed9t \u0111\u1ed9ng c\u01a1 \u0111i\u1ec7n ho\u1eb7c \u0111\u1ed9ng c\u01a1 diesel. Sau \u0111\u00f3, b\u1ed9t than ho\u1eb7c b\u1ed9t than \u0111\u00e1 r\u01a1i l\u00ean b\u1ec7 khu\u00f4n th\u00f4ng qua c\u1eeda cho \u0103n v\u00e0 n\u00e9n briquettes b\u1eb1ng khu\u00f4n.<\/p>    <figure class=\"wp-block-image aligncenter size-full\"><img loading=\"lazy\" decoding=\"async\" width=\"720\" height=\"540\" src=\"https:\/\/charcoalplant.com\/wp-content\/uploads\/2022\/01\/140-Model.jpg\" alt=\"M\u00e1y \u00e9p than t\u1ed5 ong 140 Model\" class=\"wp-image-1839\" srcset=\"https:\/\/charcoalplant.com\/wp-content\/uploads\/2022\/01\/140-Model.jpg 720w, https:\/\/charcoalplant.com\/wp-content\/uploads\/2022\/01\/140-Model-300x225.jpg 300w\" sizes=\"auto, (max-width: 720px) 100vw, 720px\" \/><figcaption class=\"wp-element-caption\">M\u00e1y \u00e9p than t\u1ed5 ong 140 Model<\/figcaption><\/figure>    <h2 class=\"wp-block-heading\" id=\"h-structure-of-honeycomb-coal-press-machine\">C\u1ea5u t\u1ea1o c\u1ee7a m\u00e1y \u00e9p than t\u1ed5 ong<\/h2>    <p>C\u1ea5u t\u1ea1o c\u1ee7a m\u00e1y l\u00e0m b\u00e1nh t\u1ed5 ong ch\u1ee7 y\u1ebfu bao g\u1ed3m c\u1ed5ng c\u1ea5p li\u1ec7u, kim \u0111\u1ee5c l\u1ed7, m\u00e1y c\u1ea1o, khu\u00f4n v\u00e0 b\u0103ng t\u1ea3i. D\u01b0\u1edbi \u0111\u00e2y t\u00f4i s\u1ebd gi\u1edbi thi\u1ec7u chi ti\u1ebft c\u00e1c ch\u1ee9c n\u0103ng v\u00e0 l\u1ee3i \u00edch c\u1ee7a c\u1ed5ng c\u1ea5p li\u1ec7u, kim \u0111\u1ee5c l\u1ed7 v\u00e0 d\u1ee5ng c\u1ee5 c\u1ea1o.<\/p>    <div class=\"wp-block-columns has-background is-layout-flex wp-container-core-columns-is-layout-28f84493 wp-block-columns-is-layout-flex\" style=\"background-color:#f1f1f1\"> <div class=\"wp-block-column is-vertically-aligned-center is-layout-flow wp-block-column-is-layout-flow\" style=\"flex-basis:33.33%\"> <p class=\"translation-block\"><strong>L\u1ed1i v\u00e0o<\/strong><\/p>    <p>Ph\u1ec5u n\u1ea1p c\u1ee7a m\u00e1y l\u00e0m b\u00e1nh t\u1ed5 ong \u0111\u01b0\u1ee3c trang b\u1ecb m\u1ed9t thanh khu\u1ea5y c\u00f3 th\u1ec3 xoay \u0111\u01b0\u1ee3c. Ch\u1ee9c n\u0103ng c\u1ee7a n\u00f3 l\u00e0 ng\u0103n ch\u1eb7n c\u00e1c nguy\u00ean li\u1ec7u th\u00f4 l\u1ecfng l\u1ebbo ch\u1eb7n c\u1ed5ng c\u1ea5p li\u1ec7u v\u00e0 c\u1ea5p li\u1ec7u \u0111\u1ed3ng \u0111\u1ec1u.<\/p> <\/div>    <div class=\"wp-block-column is-layout-flow wp-block-column-is-layout-flow\" style=\"flex-basis:66.66%\"> <figure class=\"wp-block-gallery has-nested-images columns-default is-cropped wp-block-gallery-2 is-layout-flex wp-block-gallery-is-layout-flex\"> <figure class=\"wp-block-image size-large\"><img loading=\"lazy\" decoding=\"async\" width=\"720\" height=\"540\" data-id=\"2415\" src=\"https:\/\/charcoalplant.com\/wp-content\/uploads\/2022\/02\/inlet.jpg\" alt=\"\" class=\"wp-image-2415\"\/><\/figure> <\/figure> <\/div> <\/div>    <div class=\"wp-block-columns has-background is-layout-flex wp-container-core-columns-is-layout-28f84493 wp-block-columns-is-layout-flex\" style=\"background-color:#f1f1f1\"> <div class=\"wp-block-column is-layout-flow wp-block-column-is-layout-flow\" style=\"flex-basis:66.66%\"> <figure class=\"wp-block-gallery has-nested-images columns-default is-cropped wp-block-gallery-3 is-layout-flex wp-block-gallery-is-layout-flex\"> <figure class=\"wp-block-image size-large\"><img loading=\"lazy\" decoding=\"async\" width=\"720\" height=\"540\" data-id=\"2416\" src=\"https:\/\/charcoalplant.com\/wp-content\/uploads\/2022\/02\/punching-needle.jpg\" alt=\"\" class=\"wp-image-2416\"\/><\/figure> <\/figure> <\/div>    <div class=\"wp-block-column is-vertically-aligned-center is-layout-flow wp-block-column-is-layout-flow\" style=\"flex-basis:33.33%\"> <p class=\"translation-block\"><strong>Kim \u0111\u00e2m n\u00e9n<\/strong><\/p>    <p>T\u1ea5m khu\u00f4n than r\u01a1i xu\u1ed1ng s\u1ebd \u00e9p tr\u01b0\u1edbc than th\u00e0nh b\u1ed9t. Sau \u0111\u00f3, \u00e1p su\u1ea5t cao nhanh ch\u00f3ng \u0111\u01b0\u1ee3c t\u00e1c \u0111\u1ed9ng l\u00ean than \u0111\u00e3 nghi\u1ec1n th\u00e0nh b\u1ed9t b\u1eb1ng m\u1ed9t c\u00fa \u0111\u1ea5m. Tr\u00ean th\u1ef1c t\u1ebf, nh\u1eefng chi\u1ebfc b\u00e1nh \u0111\u01b0\u1ee3c t\u1ea1o th\u00e0nh \u0111\u00e3 \u0111\u01b0\u1ee3c \u00e9p hai l\u1ea7n. V\u00ec v\u1eady, m\u1eadt \u0111\u1ed9 v\u00e0 \u0111\u1ed9 c\u1ee9ng c\u1ee7a th\u00e0nh ph\u1ea9m \u0111\u00e3 \u1edf m\u1ee9c t\u1ed1i \u01b0u.<\/p> <\/div> <\/div>    <div class=\"wp-block-columns has-background is-layout-flex wp-container-core-columns-is-layout-28f84493 wp-block-columns-is-layout-flex\" style=\"background-color:#f1f1f1\"> <div class=\"wp-block-column is-vertically-aligned-center is-layout-flow wp-block-column-is-layout-flow\" style=\"flex-basis:33.33%\"> <p class=\"translation-block\"><strong>D\u1ee5ng c\u1ee5 c\u1ea1o<\/strong><\/p>    <p><br>N\u00f3 \u0111\u01b0\u1ee3c s\u1eed d\u1ee5ng \u0111\u1ec3 l\u00e0m s\u1ea1ch b\u1ed9t carbon r\u1ea3i r\u00e1c trong qu\u00e1 tr\u00ecnh s\u1ea3n xu\u1ea5t. C\u00e1nh tay rocker c\u00f3 th\u1ec3 t\u1ef1 \u0111\u1ed9ng \u0111i\u1ec1u khi\u1ec3n c\u00f4ng vi\u1ec7c c\u1ee7a n\u00f3 m\u00e0 kh\u00f4ng c\u1ea7n thao t\u00e1c th\u1ee7 c\u00f4ng.<\/p> <\/div>    <div class=\"wp-block-column is-layout-flow wp-block-column-is-layout-flow\" style=\"flex-basis:66.66%\"> <figure class=\"wp-block-gallery has-nested-images columns-default is-cropped wp-block-gallery-4 is-layout-flex wp-block-gallery-is-layout-flex\"> <figure class=\"wp-block-image size-large\"><img loading=\"lazy\" decoding=\"async\" width=\"720\" height=\"540\" data-id=\"2417\" src=\"https:\/\/charcoalplant.com\/wp-content\/uploads\/2022\/02\/Scraper.jpg\" alt=\"\" class=\"wp-image-2417\"\/><\/figure> <\/figure> <\/div> <\/div>    <h2 class=\"wp-block-heading\" id=\"h-video-of-coal-briquette-press-machine\">Video M\u00e1y l\u00e0m b\u00e1nh t\u1ed5 ong<\/h2>    <figure class=\"wp-block-embed is-type-video is-provider-youtube wp-block-embed-youtube wp-embed-aspect-16-9 wp-has-aspect-ratio\"><div class=\"wp-block-embed__wrapper\"> <iframe loading=\"lazy\" title=\"M\u00e1y \u0111\u00f3ng b\u00e1nh \u0111a n\u0103ng | M\u00e1y \u00e9p than \u0111\u1ec3 \u00e9p s\u00e1p#Fuel#Maker#CHARCOAL#BBurn#Bbriquetting\" width=\"500\" height=\"281\" src=\"https:\/\/www.youtube.com\/embed\/fHD89N58CCw?start=4&#038;feature=oembed\" frameborder=\"0\" allow=\"accelerometer; autoplay; clipboard-write; encrypted-media; gyroscope; picture-in-picture; web-share\" referrerpolicy=\"strict-origin-when-cross-origin\" allowfullscreen><\/iframe> <\/div><\/figure>    <h2 class=\"wp-block-heading\" id=\"specification-of-coal-briquettes-machine\">\u0110\u1eb7c \u0111i\u1ec3m k\u1ef9 thu\u1eadt c\u1ee7a m\u00e1y \u0111\u00f3ng b\u00e1nh than<\/h2>    <p>Sau \u0111\u00e2y l\u00e0 th\u00f4ng s\u1ed1 \u0111\u1ed9ng c\u01a1 v\u00e0 khu\u00f4n c\u1ee7a m\u1ed9t s\u1ed1 m\u00e1y \u00e9p than th\u00f4ng d\u1ee5ng. Nh\u00e0 m\u00e1y c\u1ee7a ch\u00fang t\u00f4i c\u00f3 th\u1ec3 cung c\u1ea5p d\u1ecbch v\u1ee5 t\u00f9y bi\u1ebfn khu\u00f4n m\u1eabu. V\u00ec v\u1eady b\u1ea1n kh\u00f4ng ph\u1ea3i lo l\u1eafng v\u1ec1 v\u1ea5n \u0111\u1ec1 n\u1ea5m m\u1ed1c. Ngo\u00e0i ra, m\u00e1y \u00e9p than t\u1ed5 ong c\u00f2n \u0111\u01b0\u1ee3c trang b\u1ecb b\u0103ng t\u1ea3i d\u00e0i 2 m\u00e9t. Chi\u1ec1u d\u00e0i c\u1ee7a n\u00f3 c\u00f3 th\u1ec3 t\u00f9y ch\u1ec9nh theo nhu c\u1ea7u c\u1ee7a kh\u00e1ch h\u00e0ng.<\/p>    <figure class=\"wp-block-table is-style-stripes\"><table><tbody><tr><td><strong>Ng\u01b0\u1eddi m\u1eabu<\/strong><\/td><td><strong>Quy\u1ec1n l\u1ef1c<\/strong><\/td><td><strong>\u0110\u01b0\u1eddng k\u00ednh t\u1ed1i \u0111a c\u1ee7a than<\/strong><\/td><\/tr><tr><td><strong>SL-HC120<\/strong><\/td><td>5,5kw<\/td><td>120mm<\/td><\/tr><tr><td><strong>SL-HC140<\/strong><\/td><td>7,5kw<\/td><td>140mm<\/td><\/tr><tr><td><strong>SL-HC160<\/strong><\/td><td>11kw<\/td><td>160mm<\/td><\/tr><tr><td><strong>SL-HC220<\/strong><\/td><td>11kw<\/td><td>220mm<\/td><\/tr><\/tbody><\/table><\/figure>    <figure class=\"wp-block-image aligncenter size-full\"><img loading=\"lazy\" decoding=\"async\" width=\"720\" height=\"540\" src=\"https:\/\/charcoalplant.com\/wp-content\/uploads\/2022\/02\/coal-press-machine-store-1-1.jpg\" alt=\"c\u1eeda h\u00e0ng m\u00e1y \u00e9p than\" class=\"wp-image-2424\"\/><figcaption class=\"wp-element-caption\">c\u1eeda h\u00e0ng m\u00e1y \u00e9p than<\/figcaption><\/figure>    <h2 class=\"wp-block-heading\" id=\"h-mould-of-diesel-coal-briquette-machine\">Khu\u00f4n m\u00e1y l\u00e0m b\u00e1nh than diesel<\/h2>    <p>Trong tr\u01b0\u1eddng h\u1ee3p b\u00ecnh th\u01b0\u1eddng, chi\u1ec1u cao t\u1ed1i \u0111a c\u1ee7a than b\u00e1nh m\u00e0 m\u00e1y \u00e9p b\u1ed9t than nghi\u1ec1n n\u00e0y c\u00f3 th\u1ec3 t\u1ea1o ra l\u00e0 13cm. Chi\u1ec1u cao ph\u1ed5 bi\u1ebfn l\u00e0 8-10cm. C\u0169ng c\u00f3 th\u1ec3 t\u1ea1o ra c\u00e1c h\u00ecnh d\u1ea1ng kh\u00e1c nhau c\u1ee7a m\u00e1y compact b\u1eb1ng c\u00e1ch thay \u0111\u1ed5i khu\u00f4n, c\u00e1c h\u00ecnh d\u1ea1ng ph\u1ed5 bi\u1ebfn nh\u1ea5t l\u00e0 h\u00ecnh l\u1ee5c gi\u00e1c, h\u00ecnh tr\u00f2n, h\u00ecnh vu\u00f4ng, h\u00ecnh t\u1ed5 ong, v.v.<\/p>    <figure class=\"wp-block-gallery has-nested-images columns-3 is-cropped wp-block-gallery-5 is-layout-flex wp-block-gallery-is-layout-flex\"> <figure class=\"wp-block-image size-large\"><img loading=\"lazy\" decoding=\"async\" width=\"720\" height=\"540\" data-id=\"2419\" src=\"https:\/\/charcoalplant.com\/wp-content\/uploads\/2022\/02\/briquettes-mould.jpg\" alt=\"khu\u00f4n than b\u00e1nh\" class=\"wp-image-2419\"\/><figcaption class=\"wp-element-caption\">khu\u00f4n than b\u00e1nh<\/figcaption><\/figure>    <figure class=\"wp-block-image size-large\"><img loading=\"lazy\" decoding=\"async\" width=\"720\" height=\"540\" data-id=\"1342\" src=\"https:\/\/charcoalplant.com\/wp-content\/uploads\/2021\/12\/Various-types-of-briquettes-1.jpg\" alt=\"C\u00e1c lo\u1ea1i than b\u00e1nh\" class=\"wp-image-1342\" srcset=\"https:\/\/charcoalplant.com\/wp-content\/uploads\/2021\/12\/Various-types-of-briquettes-1.jpg 720w, https:\/\/charcoalplant.com\/wp-content\/uploads\/2021\/12\/Various-types-of-briquettes-1-300x225.jpg 300w\" sizes=\"auto, (max-width: 720px) 100vw, 720px\" \/><figcaption class=\"wp-element-caption\">C\u00e1c lo\u1ea1i than b\u00e1nh<\/figcaption><\/figure>    <figure class=\"wp-block-image size-large\"><img loading=\"lazy\" decoding=\"async\" width=\"720\" height=\"540\" data-id=\"1225\" src=\"https:\/\/charcoalplant.com\/wp-content\/uploads\/2021\/12\/\u6210\u54c12-1-1.jpg\" alt=\"than b\u00e1nh k\u00edch c\u1ee1 kh\u00e1c nhau\" class=\"wp-image-1225\" srcset=\"https:\/\/charcoalplant.com\/wp-content\/uploads\/2021\/12\/\u6210\u54c12-1-1.jpg 720w, https:\/\/charcoalplant.com\/wp-content\/uploads\/2021\/12\/\u6210\u54c12-1-1-300x225.jpg 300w\" sizes=\"auto, (max-width: 720px) 100vw, 720px\" \/><figcaption class=\"wp-element-caption\">than b\u00e1nh k\u00edch c\u1ee1 kh\u00e1c nhau<\/figcaption><\/figure>    <figure class=\"wp-block-image size-large\"><img loading=\"lazy\" decoding=\"async\" width=\"720\" height=\"540\" data-id=\"2418\" src=\"https:\/\/charcoalplant.com\/wp-content\/uploads\/2022\/02\/mould-1.jpg\" alt=\"khu\u00f4n-1\" class=\"wp-image-2418\"\/><figcaption class=\"wp-element-caption\">khu\u00f4n-1<\/figcaption><\/figure>    <figure class=\"wp-block-image size-large\"><img loading=\"lazy\" decoding=\"async\" width=\"720\" height=\"540\" data-id=\"1340\" src=\"https:\/\/charcoalplant.com\/wp-content\/uploads\/2021\/12\/briket-molds-1.jpg\" alt=\"khu\u00f4n l\u00e0m b\u00e1nh\" class=\"wp-image-1340\" srcset=\"https:\/\/charcoalplant.com\/wp-content\/uploads\/2021\/12\/briket-molds-1.jpg 720w, https:\/\/charcoalplant.com\/wp-content\/uploads\/2021\/12\/briket-molds-1-300x225.jpg 300w\" sizes=\"auto, (max-width: 720px) 100vw, 720px\" \/><figcaption class=\"wp-element-caption\">khu\u00f4n l\u00e0m b\u00e1nh<\/figcaption><\/figure>    <figure class=\"wp-block-image size-large\"><img loading=\"lazy\" decoding=\"async\" width=\"720\" height=\"540\" data-id=\"1345\" src=\"https:\/\/charcoalplant.com\/wp-content\/uploads\/2021\/12\/Hexagonal-briquette-1.jpg\" alt=\"Than b\u00e1nh l\u1ee5c gi\u00e1c\" class=\"wp-image-1345\" srcset=\"https:\/\/charcoalplant.com\/wp-content\/uploads\/2021\/12\/Hexagonal-briquette-1.jpg 720w, https:\/\/charcoalplant.com\/wp-content\/uploads\/2021\/12\/Hexagonal-briquette-1-300x225.jpg 300w\" sizes=\"auto, (max-width: 720px) 100vw, 720px\" \/><figcaption class=\"wp-element-caption\">Than b\u00e1nh l\u1ee5c gi\u00e1c<\/figcaption><\/figure> <\/figure>    <h2 class=\"wp-block-heading\" id=\"h-features-of-honeycomb-coal-press-machine\">T\u00ednh n\u0103ng c\u1ee7a m\u00e1y \u00e9p than t\u1ed5 ong<\/h2>    <ul class=\"wp-block-list\"> <li>C\u1ea5u tr\u00fac \u0111\u01a1n gi\u1ea3n v\u00e0 ho\u1ea1t \u0111\u1ed9ng thu\u1eadn ti\u1ec7n.<\/li>    <li>Kh\u00f4ng c\u00f3 ph\u1ee5 ki\u1ec7n, tu\u1ed5i th\u1ecd d\u00e0i.<\/li>    <li>V\u1edbi qu\u00e1 tr\u00ecnh n\u00e9n tr\u01b0\u1edbc, th\u00e0nh ph\u1ea9m c\u00f3 m\u1eadt \u0111\u1ed9 cao.<\/li>    <li>Nh\u00e0 m\u00e1y c\u1ee7a ch\u00fang t\u00f4i cung c\u1ea5p d\u1ecbch v\u1ee5 t\u00f9y ch\u1ec9nh cho m\u00e1y \u00e9p than b\u00e1nh t\u1ed5 ong. V\u00ed d\u1ee5 nh\u01b0 khu\u00f4n, k\u00edch th\u01b0\u1edbc c\u1ed5ng \u0111\u1ea7u v\u00e0o, k\u00edch th\u01b0\u1edbc c\u1ed5ng \u0111\u1ea7u ra, v.v.<\/li>    <li>C\u00f3 hai ch\u1ebf \u0111\u1ed9 n\u0103ng l\u01b0\u1ee3ng: \u0111\u1ed9ng c\u01a1 v\u00e0 \u0111\u1ed9ng c\u01a1 diesel.<\/li> <\/ul>    <figure class=\"wp-block-image aligncenter size-full\"><img loading=\"lazy\" decoding=\"async\" width=\"720\" height=\"540\" src=\"https:\/\/charcoalplant.com\/wp-content\/uploads\/2021\/12\/140-1-1.jpg\" alt=\"M\u00e1y \u0111\u00f9n than 140\" class=\"wp-image-1222\" srcset=\"https:\/\/charcoalplant.com\/wp-content\/uploads\/2021\/12\/140-1-1.jpg 720w, https:\/\/charcoalplant.com\/wp-content\/uploads\/2021\/12\/140-1-1-300x225.jpg 300w\" sizes=\"auto, (max-width: 720px) 100vw, 720px\" \/><figcaption class=\"wp-element-caption\">M\u00e1y \u0111\u00f9n than 140<\/figcaption><\/figure>    <h2 class=\"wp-block-heading\" id=\"h-diesel-coal-briquetting-machine-for-sale\">C\u1ea7n b\u00e1n m\u00e1y l\u00e0m than b\u00e1nh diesel<\/h2>    <p class=\"translation-block\">Zhengzhou Shuliy Nh\u00e0 s\u1ea3n xu\u1ea5t thi\u1ebft b\u1ecb m\u00e1y m\u00f3c l\u00e0 m\u1ed9t nh\u00e0 cung c\u1ea5p m\u00e1y l\u00e0m than n\u1ed5i ti\u1ebfng \u1edf Trung Qu\u1ed1c. Ch\u00fang t\u00f4i cung c\u1ea5p m\u00e1y \u00e9p briquette \u0111i\u1ec7n v\u00e0 m\u00e1y briquette diesel \u0111\u1ec3 b\u00e1n. H\u01a1n n\u1eefa, ch\u00fang t\u00f4i hi\u1ec7n \u0111\u00e3 ph\u00e1t tri\u1ec3n m\u1ed9t m\u00e1y briquette hai ngu\u1ed3n c\u1ea5p. N\u00f3 c\u00f3 th\u1ec3 s\u1ea3n xu\u1ea5t briquettes ho\u1eb7c que than v\u1edbi chi\u1ec1u cao 13 cm. Ch\u00fang t\u00f4i c\u0169ng b\u00e1n c\u00e1c thi\u1ebft b\u1ecb li\u00ean quan nh\u01b0 <strong><a href=\"https:\/\/charcoalplant.com\/vi\/drying-machine\/charcoal-briquette-dryer\/\">m\u00e1y s\u1ea5y \u00e9p b\u1ed9t than<\/a> <\/strong>v\u00e0<strong> <a href=\"https:\/\/charcoalplant.com\/vi\/briquettes-packing-machine\/charcoal-briquettes-packing-machine\/\">m\u00e1y \u0111\u00f3ng g\u00f3i than h\u00ecnh t\u1ed5 ong<\/a><\/strong>. Xin \u0111\u1eebng ng\u1ea7n ng\u1ea1i li\u00ean h\u1ec7 v\u1edbi ch\u00fang t\u00f4i n\u1ebfu c\u1ea7n thi\u1ebft. Ch\u00fang t\u00f4i s\u1ebd cung c\u1ea5p cho b\u1ea1n thi\u1ebft b\u1ecb m\u1edbi nh\u1ea5t v\u00e0 c\u00e1c th\u00f4ng s\u1ed1 k\u1ef9 thu\u1eadt.<\/p>    <figure class=\"wp-block-gallery has-nested-images columns-default is-cropped wp-block-gallery-6 is-layout-flex wp-block-gallery-is-layout-flex\"> <figure class=\"wp-block-image size-full\"><img loading=\"lazy\" decoding=\"async\" width=\"400\" height=\"540\" data-id=\"2420\" src=\"https:\/\/charcoalplant.com\/wp-content\/uploads\/2022\/02\/shippment-.jpg\" alt=\"\" class=\"wp-image-2420\"\/><figcaption class=\"wp-element-caption\">\u00fac than 6cm<\/figcaption><\/figure>    <figure class=\"wp-block-image size-full\"><img loading=\"lazy\" decoding=\"async\" width=\"400\" height=\"540\" data-id=\"2421\" src=\"https:\/\/charcoalplant.com\/wp-content\/uploads\/2022\/02\/Honeycomb-coal-forming-machine.jpg\" alt=\"\" class=\"wp-image-2421\"\/><figcaption class=\"wp-element-caption\">than b\u00e1nh than k\u00edch c\u1ee1 kh\u00e1c nhau<\/figcaption><\/figure> <\/figure>","protected":false},"excerpt":{"rendered":"<p>M\u00e1y \u00e9p than Honeycomb l\u00e0 m\u1ed9t thi\u1ebft b\u1ecb \u0111\u1eb7c bi\u1ec7t \u0111\u1ec3 s\u1ea3n xu\u1ea5t than b\u00e1nh.  N\u00f3 c\u0169ng \u0111\u01b0\u1ee3c nhi\u1ec1u kh\u00e1ch h\u00e0ng \u01b0a chu\u1ed9ng.<\/p>","protected":false},"author":1,"featured_media":1351,"parent":0,"template":"","tags":[59],"product-type":[44],"class_list":["post-1213","product","type-product","status-publish","has-post-thumbnail","hentry","tag-charcoal-briquetting-machine","product-type-charcoal-briquetting-machine"],"_links":{"self":[{"href":"https:\/\/charcoalplant.com\/vi\/wp-json\/wp\/v2\/product\/1213","targetHints":{"allow":["GET"]}}],"collection":[{"href":"https:\/\/charcoalplant.com\/vi\/wp-json\/wp\/v2\/product"}],"about":[{"href":"https:\/\/charcoalplant.com\/vi\/wp-json\/wp\/v2\/types\/product"}],"author":[{"embeddable":true,"href":"https:\/\/charcoalplant.com\/vi\/wp-json\/wp\/v2\/users\/1"}],"wp:featuredmedia":[{"embeddable":true,"href":"https:\/\/charcoalplant.com\/vi\/wp-json\/wp\/v2\/media\/1351"}],"wp:attachment":[{"href":"https:\/\/charcoalplant.com\/vi\/wp-json\/wp\/v2\/media?parent=1213"}],"wp:term":[{"taxonomy":"post_tag","embeddable":true,"href":"https:\/\/charcoalplant.com\/vi\/wp-json\/wp\/v2\/tags?post=1213"},{"taxonomy":"product-type","embeddable":true,"href":"https:\/\/charcoalplant.com\/vi\/wp-json\/wp\/v2\/product-type?post=1213"}],"curies":[{"name":"wp","href":"https:\/\/api.w.org\/{rel}","templated":true}]}}