{"id":1235,"date":"2021-12-10T09:02:55","date_gmt":"2021-12-10T09:02:55","guid":{"rendered":"https:\/\/charcoalplant.com\/?p=1235"},"modified":"2023-01-11T16:34:47","modified_gmt":"2023-01-11T08:34:47","slug":"charcoal-ball-press-machine","status":"publish","type":"product","link":"https:\/\/charcoalplant.com\/vi\/product\/charcoal-ball-press-machine\/","title":{"rendered":"M\u00e1y \u00e9p bi than | M\u00e1y than BBQ"},"content":{"rendered":"<div class=\"kk-star-ratings kksr-auto kksr-align-left kksr-valign-top\"     data-payload='{&quot;align&quot;:&quot;left&quot;,&quot;id&quot;:&quot;1235&quot;,&quot;slug&quot;:&quot;default&quot;,&quot;valign&quot;:&quot;top&quot;,&quot;ignore&quot;:&quot;&quot;,&quot;reference&quot;:&quot;auto&quot;,&quot;class&quot;:&quot;&quot;,&quot;count&quot;:&quot;12&quot;,&quot;legendonly&quot;:&quot;&quot;,&quot;readonly&quot;:&quot;&quot;,&quot;score&quot;:&quot;4.6&quot;,&quot;starsonly&quot;:&quot;&quot;,&quot;best&quot;:&quot;5&quot;,&quot;gap&quot;:&quot;5&quot;,&quot;greet&quot;:&quot;Rate this product&quot;,&quot;legend&quot;:&quot;4.6\\\/5 - (12 b\u00ecnh ch\u1ecdn)&quot;,&quot;size&quot;:&quot;24&quot;,&quot;title&quot;:&quot;Charcoal Ball Press Machine | BBQ Charcoal Machine&quot;,&quot;width&quot;:&quot;130.9&quot;,&quot;_legend&quot;:&quot;{score}\\\/{best} - ({count} {votes})&quot;,&quot;font_factor&quot;:&quot;1.25&quot;}'>              <div class=\"kksr-stars\">      <div class=\"kksr-stars-inactive\">             <div class=\"kksr-star\" data-star=\"1\" style=\"padding-right: 5px\">               <div class=\"kksr-icon\" style=\"width: 24px; height: 24px;\"><\/div>         <\/div>             <div class=\"kksr-star\" data-star=\"2\" style=\"padding-right: 5px\">               <div class=\"kksr-icon\" style=\"width: 24px; height: 24px;\"><\/div>         <\/div>             <div class=\"kksr-star\" data-star=\"3\" style=\"padding-right: 5px\">               <div class=\"kksr-icon\" style=\"width: 24px; height: 24px;\"><\/div>         <\/div>             <div class=\"kksr-star\" data-star=\"4\" style=\"padding-right: 5px\">               <div class=\"kksr-icon\" style=\"width: 24px; height: 24px;\"><\/div>         <\/div>             <div class=\"kksr-star\" data-star=\"5\" style=\"padding-right: 5px\">               <div class=\"kksr-icon\" style=\"width: 24px; height: 24px;\"><\/div>         <\/div>     <\/div>      <div class=\"kksr-stars-active\" style=\"width: 130.9px;\">             <div class=\"kksr-star\" style=\"padding-right: 5px\">               <div class=\"kksr-icon\" style=\"width: 24px; height: 24px;\"><\/div>         <\/div>             <div class=\"kksr-star\" style=\"padding-right: 5px\">               <div class=\"kksr-icon\" style=\"width: 24px; height: 24px;\"><\/div>         <\/div>             <div class=\"kksr-star\" style=\"padding-right: 5px\">               <div class=\"kksr-icon\" style=\"width: 24px; height: 24px;\"><\/div>         <\/div>             <div class=\"kksr-star\" style=\"padding-right: 5px\">               <div class=\"kksr-icon\" style=\"width: 24px; height: 24px;\"><\/div>         <\/div>             <div class=\"kksr-star\" style=\"padding-right: 5px\">               <div class=\"kksr-icon\" style=\"width: 24px; height: 24px;\"><\/div>         <\/div>     <\/div> <\/div>                   <div class=\"kksr-legend\" style=\"font-size: 19.2px;\">             4.6\/5 - (12 B\u00ecnh Ch\u1ecdn)    <\/div>     <\/div>  <p class=\"translation-block\"><strong>M\u00e1y \u00e9p vi\u00ean than ho\u1ea1t t\u00ednh<\/strong> l\u00e0 m\u1ed9t c\u00f4ng c\u1ee5 \u0111\u1ec3 s\u1ea3n xu\u1ea5t g\u1ea1ch t\u1eeb b\u1ed9t than \u0111\u00e1 ho\u1eb7c b\u1ed9t than sinh h\u1ecdc. N\u00f3 c\u00f3 th\u1ec3 s\u1ea3n xu\u1ea5t vi\u00ean b\u1ed9t v\u1edbi nhi\u1ec1u h\u00ecnh d\u1ea1ng kh\u00e1c nhau, ch\u1eb3ng h\u1ea1n nh\u01b0 h\u00ecnh g\u1ed1i, h\u00ecnh b\u00e1nh m\u00ec, h\u00ecnh c\u1ea7u, v.v. V\u00e0 nh\u1eefng s\u1ea3n ph\u1ea9m ho\u00e0n thi\u1ec7n n\u00e0y \u0111\u01b0\u1ee3c s\u1eed d\u1ee5ng r\u1ed9ng r\u00e3i trong ng\u00e0nh luy\u1ec7n kim, nh\u00e0 m\u00e1y \u0111i\u1ec7n, l\u00f2 nung, s\u01b0\u1edfi \u1ea5m, d\u1ecbch v\u1ee5 \u0103n u\u1ed1ng v\u00e0 c\u00e1c ng\u00e0nh c\u00f4ng nghi\u1ec7p kh\u00e1c. Do \u0111\u00f3, th\u1ecb tr\u01b0\u1eddng c\u1ee7a n\u00f3 r\u1ea5t l\u1edbn. C\u00f4ng su\u1ea5t c\u1ee7a Shuliy <strong><a href=\"https:\/\/charcoalplant.com\/vi\/charcoal-briquetting-machine\/charcoal-powder-briquette-machine\/\">m\u00e1y \u00e9p vi\u00ean b\u1ed9t than<\/a><\/strong> l\u00e0 5-10 t\u1ea5n m\u1ed7i gi\u1edd. V\u00ec v\u1eady, n\u00f3 c\u00f3 th\u1ec3 \u0111\u00e1p \u1ee9ng nhu c\u1ea7u s\u1ea3n xu\u1ea5t c\u1ee7a <strong><a href=\"https:\/\/charcoalplant.com\/vi\/info\/bbq-coal-production-line-installed-in-romania\/\">c\u00e1c nh\u00e0 m\u00e1y quy m\u00f4 l\u1edbn kh\u00e1c nhau<\/a><\/strong>. Ch\u00e0o m\u1eebng b\u1ea1n \u0111\u1ebfn t\u01b0 v\u1ea5n gi\u00e1 m\u00e1y. V\u00e0 b\u1ea1n s\u1ebd nh\u1eadn \u0111\u01b0\u1ee3c m\u1ed9t kho\u1ea3n gi\u1ea3m gi\u00e1 l\u1edbn.<\/p>    <figure class=\"wp-block-image aligncenter size-full\"><img loading=\"lazy\" decoding=\"async\" width=\"720\" height=\"540\" src=\"https:\/\/charcoalplant.com\/wp-content\/uploads\/2022\/02\/charcoal-briquette-forming-machine-for-sale.jpg\" alt=\"\" class=\"wp-image-2402\"\/><figcaption class=\"wp-element-caption\">m\u00e1y than<\/figcaption><\/figure>    <h2 class=\"wp-block-heading\" id=\"h-raw-material-of-charcoal-ball-press-machine\"><strong>th\u00f4 <\/strong><strong>M<\/strong><strong>v\u1eadt li\u1ec7u c\u1ee7a <\/strong><strong>C<\/strong><strong>than c\u1ee7i <\/strong><strong>B<\/strong><strong>t\u1ea5t c\u1ea3 <\/strong><strong>P<\/strong><strong>\u0103n m\u1eb7c<\/strong><strong>&nbsp;M\u00e1y m\u00f3c<\/strong><strong><\/strong><\/h2>    <p class=\"translation-block\">C\u00e1c m\u00e1y \u00e9p vi\u00ean than \u0111\u01b0\u1ee3c s\u1eed d\u1ee5ng r\u1ed9ng r\u00e3i. Nguy\u00ean li\u1ec7u th\u00f4 c\u00f3 th\u1ec3 l\u00e0 b\u1ed9t than, b\u1ed9t s\u1eaft, b\u1ed9t carbon, b\u1ed9t nh\u00f4m, th\u1ea1ch cao, v\u00e0 nhi\u1ec1u th\u1ee9 kh\u00e1c. Ngo\u00e0i ra, c\u00e1c v\u1eadt li\u1ec7u th\u1ea3i nh\u01b0 m\u1ea1t s\u1eaft, x\u1ec9, b\u00e3, b\u00f9n v\u00e0 kaolin c\u00f3 th\u1ec3 \u0111\u01b0\u1ee3c s\u1eed d\u1ee5ng. \u0110\u1ed9 m\u1ecbn c\u1ee7a nh\u1eefng nguy\u00ean li\u1ec7u th\u00f4 n\u00e0y ph\u1ea3i nh\u1ecf h\u01a1n 5mm. Nguy\u00ean li\u1ec7u th\u00f4 c\u1ee7a c\u00e1c m\u00e1y t\u1ea1o vi\u00ean b\u1ed9t than nh\u01b0 b\u1ed9t than v\u00e0 b\u1ed9t than c\u1ea7n \u0111\u01b0\u1ee3c x\u1eed l\u00fd tr\u01b0\u1edbc b\u1eb1ng m\u1ed9t <strong><a href=\"https:\/\/charcoalplant.com\/vi\/grinder-and-mixer\/charcoal-powder-mixer\/\">ch\u1ea5t k\u1ebft d\u00ednh<\/a><\/strong>. (M\u1ed9t s\u1ed1 nguy\u00ean li\u1ec7u th\u00f4 kh\u00f4ng c\u1ea7n th\u00eam keo, vui l\u00f2ng tham kh\u1ea3o chi ti\u1ebft).<\/p>    <figure class=\"wp-block-image aligncenter size-full\"><img loading=\"lazy\" decoding=\"async\" width=\"2293\" height=\"414\" src=\"https:\/\/charcoalplant.com\/wp-content\/uploads\/2021\/12\/raw-materials-of-charcoal-ball-press-machine.png\" alt=\"nguy\u00ean li\u1ec7u c\u1ee7a m\u00e1y \u00e9p b\u00f3ng than\" class=\"wp-image-2396\"\/><figcaption class=\"wp-element-caption\">nguy\u00ean li\u1ec7u c\u1ee7a m\u00e1y \u00e9p b\u00f3ng than<\/figcaption><\/figure>    <h2 class=\"wp-block-heading\" id=\"h-sturcture-of-charcoal-ball-briquette-machine\"><strong>C\u1ea5u tr\u00fac c\u1ee7a m\u00e1y than b\u00e1nh than<\/strong><\/h2>    <p>M\u00e1y t\u1ea1o h\u00ecnh than b\u00e1nh ch\u1ee7 y\u1ebfu bao g\u1ed3m ph\u1ec5u, b\u00e1nh r\u0103ng, con l\u0103n \u00e9p, b\u0103ng t\u1ea3i, \u0111\u1ed9ng c\u01a1, b\u1ed9 \u0111i\u1ec1u khi\u1ec3n t\u1ed1c \u0111\u1ed9 v\u00e0 c\u00e1c c\u1ea5u tr\u00fac kh\u00e1c. Hai trong s\u1ed1 c\u00e1c b\u00e1nh r\u0103ng d\u1eabn \u0111\u1ed9ng hai khu\u00f4n l\u0103n. Do c\u00e1c con l\u0103n \u00e1p l\u1ef1c di chuy\u1ec3n v\u1ec1 ph\u00eda nhau n\u00ean hai b\u00e1n c\u1ea7u c\u00f3 th\u1ec3 t\u1ea1o th\u00e0nh m\u1ed9t kh\u1ed1i c\u1ea7u ho\u00e0n ch\u1ec9nh.<\/p>    <div class=\"wp-block-columns has-background is-layout-flex wp-container-core-columns-is-layout-28f84493 wp-block-columns-is-layout-flex\" style=\"background-color:#f1f1f1\"> <div class=\"wp-block-column is-layout-flow wp-block-column-is-layout-flow\" style=\"flex-basis:66.66%\"> <figure class=\"wp-block-gallery has-nested-images columns-default is-cropped wp-block-gallery-2 is-layout-flex wp-block-gallery-is-layout-flex\"> <figure class=\"wp-block-image size-large\"><img loading=\"lazy\" decoding=\"async\" width=\"720\" height=\"540\" data-id=\"2397\" src=\"https:\/\/charcoalplant.com\/wp-content\/uploads\/2022\/02\/inlet-of-charcoal-ball-press-machine.jpg\" alt=\"\" class=\"wp-image-2397\"\/><\/figure> <\/figure> <\/div>    <div class=\"wp-block-column is-vertically-aligned-center is-layout-flow wp-block-column-is-layout-flow\" style=\"flex-basis:33.33%\"> <p class=\"translation-block\"><strong>L\u1ed1i v\u00e0o<\/strong><\/p>    <p>C\u1ed5ng c\u1ea5p li\u1ec7u c\u1ee7a m\u00e1y \u00e9p bi than c\u00f3 thi\u1ebft b\u1ecb c\u1ea5p li\u1ec7u b\u1eb1ng v\u00edt. M\u1ed9t m\u1eb7t, n\u00f3 c\u00f3 th\u1ec3 ki\u1ec3m so\u00e1t t\u1ed1c \u0111\u1ed9 c\u1ea5p li\u1ec7u \u0111\u1ec3 ng\u0103n ch\u1eb7n s\u1ef1 t\u00edch t\u1ee5 b\u1ed9t carbon ho\u1eb7c b\u1ed9t than. M\u1eb7t kh\u00e1c, \u0111\u1ea3m b\u1ea3o r\u1eb1ng v\u1eadt li\u1ec7u \u01b0\u1edbt c\u00f3 th\u1ec3 \u0111\u01b0\u1ee3c c\u1ea5p li\u00ean t\u1ee5c v\u00e0 \u0111\u1ec1u v\u00e0o c\u00e1c con l\u0103n c\u1ee7a m\u00e1y t\u1ea1o h\u00ecnh.<\/p> <\/div> <\/div>    <div class=\"wp-block-columns has-background is-layout-flex wp-container-core-columns-is-layout-28f84493 wp-block-columns-is-layout-flex\" style=\"background-color:#f1f1f1\"> <div class=\"wp-block-column is-vertically-aligned-center is-layout-flow wp-block-column-is-layout-flow\" style=\"flex-basis:33.33%\"> <p class=\"translation-block\"><strong>Con l\u0103n \u00e9p<\/strong><\/p>    <p>Da l\u0103n c\u00f3 th\u1ec3 \u0111\u01b0\u1ee3c thi\u1ebft k\u1ebf theo nhi\u1ec1u ki\u1ec3u d\u00e1ng kh\u00e1c nhau \u0111\u1ec3 t\u1ea1o ra than b\u00e1nh than c\u00f3 nhi\u1ec1u h\u00ecnh d\u1ea1ng kh\u00e1c nhau. V\u1eadt li\u1ec7u nhanh ch\u00f3ng \u0111\u01b0\u1ee3c h\u00ecnh th\u00e0nh th\u00e0nh kh\u1ed1i carbon h\u00ecnh c\u1ea7u th\u00f4ng qua l\u1ef1c \u00e9p c\u01a1 h\u1ecdc m\u1ea1nh m\u1ebd c\u1ee7a c\u00e1c con l\u0103n.<\/p> <\/div>    <div class=\"wp-block-column is-layout-flow wp-block-column-is-layout-flow\" style=\"flex-basis:66.66%\"> <figure class=\"wp-block-gallery has-nested-images columns-default is-cropped wp-block-gallery-3 is-layout-flex wp-block-gallery-is-layout-flex\"> <figure class=\"wp-block-image size-large\"><img loading=\"lazy\" decoding=\"async\" width=\"720\" height=\"540\" data-id=\"2398\" src=\"https:\/\/charcoalplant.com\/wp-content\/uploads\/2022\/02\/pressure-roller.jpg\" alt=\"\" class=\"wp-image-2398\"\/><\/figure> <\/figure> <\/div> <\/div>    <div class=\"wp-block-columns has-background is-layout-flex wp-container-core-columns-is-layout-28f84493 wp-block-columns-is-layout-flex\" style=\"background-color:#f1f1f1\"> <div class=\"wp-block-column is-layout-flow wp-block-column-is-layout-flow\" style=\"flex-basis:66.66%\"> <figure class=\"wp-block-gallery has-nested-images columns-default is-cropped wp-block-gallery-4 is-layout-flex wp-block-gallery-is-layout-flex\"> <figure class=\"wp-block-image size-large\"><img loading=\"lazy\" decoding=\"async\" width=\"720\" height=\"540\" data-id=\"2400\" src=\"https:\/\/charcoalplant.com\/wp-content\/uploads\/2022\/02\/outlet.jpg\" alt=\"\" class=\"wp-image-2400\"\/><\/figure> <\/figure> <\/div>    <div class=\"wp-block-column is-vertically-aligned-center is-layout-flow wp-block-column-is-layout-flow\" style=\"flex-basis:33.33%\"> <p class=\"translation-block\"><strong>L\u1ed1i ra<\/strong><\/p>    <p>Th\u00e0nh ph\u1ea9m r\u01a1i tr\u00ean b\u0103ng chuy\u1ec1n v\u00e0 \u0111\u01b0\u1ee3c \u0111\u01b0a ra kh\u1ecfi c\u1ea3ng x\u1ea3. V\u00e0 c\u00f3 m\u1ed9t m\u00e0n ch\u1eafn s\u1eaft \u1edf \u0111\u1ea7u ra c\u1ee7a m\u00e1y \u0111\u00f3ng b\u00e1nh than nghi\u1ec1n th\u00e0nh b\u1ed9t. N\u00f3 c\u00f3 th\u1ec3 t\u00e1ch ph\u1ebf li\u1ec7u v\u00e0 th\u00e0nh ph\u1ea9m. C\u00e1c m\u1ea3nh v\u1ee5n s\u00e0ng \u0111\u01b0\u1ee3c thu th\u1eadp v\u00e0 s\u1eed d\u1ee5ng.<\/p> <\/div> <\/div>    <figure class=\"wp-block-gallery has-nested-images columns-default is-cropped wp-block-gallery-5 is-layout-flex wp-block-gallery-is-layout-flex\"> <figure class=\"wp-block-image size-large\"><img loading=\"lazy\" decoding=\"async\" width=\"720\" height=\"540\" data-id=\"1936\" src=\"https:\/\/charcoalplant.com\/wp-content\/uploads\/2021\/12\/Customers-production-site-2.jpg\" alt=\"Kh\u00e1ch h\u00e0ng-s\u1ea3n xu\u1ea5t-\u0111\u1ecba \u0111i\u1ec3m\" class=\"wp-image-1936\"\/><figcaption class=\"wp-element-caption\">Kh\u00e1ch h\u00e0ng-s\u1ea3n xu\u1ea5t-\u0111\u1ecba \u0111i\u1ec3m<\/figcaption><\/figure>    <figure class=\"wp-block-image size-large\"><img loading=\"lazy\" decoding=\"async\" width=\"720\" height=\"540\" data-id=\"1944\" src=\"https:\/\/charcoalplant.com\/wp-content\/uploads\/2022\/01\/finished-products-1.jpg\" alt=\"th\u00e0nh ph\u1ea9m\" class=\"wp-image-1944\"\/><figcaption class=\"wp-element-caption\">th\u00e0nh ph\u1ea9m<\/figcaption><\/figure> <\/figure>    <h2 class=\"wp-block-heading\" id=\"h-mineral-powder-ball-press-machine\"><strong>M\u00e1y \u00e9p bi b\u1ed9t than<\/strong><\/h2>    <p>M\u00e1y \u00e9p than b\u1ed9t kh\u00f4 l\u00e0 lo\u1ea1i thi\u1ebft b\u1ecb \u00e9p than c\u00f3 th\u1ec3 tr\u1ef1c ti\u1ebfp ch\u1ebf bi\u1ebfn b\u1ed9t kh\u00f4 m\u00e0 kh\u00f4ng c\u1ea7n th\u00eam ch\u1ea5t k\u1ebft d\u00ednh. Nguy\u00ean li\u1ec7u s\u1ea3n xu\u1ea5t c\u1ee7a n\u00f3 bao g\u1ed3m b\u1ed9t than, tro \u1ed1ng kh\u00f3i, tro tr\u1eafng, b\u1ed9t qu\u1eb7ng s\u1eaft, b\u1ed9t ch\u00ec, v.v. B\u00f3ng \u00e1p l\u1ef1c kim lo\u1ea1i ch\u1ee7 y\u1ebfu \u0111\u01b0\u1ee3c s\u1eed d\u1ee5ng trong ng\u00e0nh c\u00f4ng nghi\u1ec7p luy\u1ec7n kim. Thi\u1ebft b\u1ecb \u00e9p than b\u1ed9t kh\u00f4 c\u00f3 3 \u0111\u1ed9ng c\u01a1. H\u01a1n n\u1eefa, h\u1ecd c\u00f3 th\u1ec3 \u0111i\u1ec1u khi\u1ec3n \u0111\u1ed9ng c\u01a1 ch\u00ednh, h\u1ec7 th\u1ed1ng th\u1ee7y l\u1ef1c v\u00e0 b\u0103ng t\u1ea3i t\u01b0\u01a1ng \u1ee9ng. V\u00ec b\u00f3ng \u00e9p do n\u00f3 t\u1ea1o ra c\u00f3 m\u00e0u s\u1eafc \u0111\u1eb9p n\u00ean c\u00f3 r\u1ea5t nhi\u1ec1u lo\u1ea1i. V\u00ec th\u1ebf s\u1ebd c\u00f3 nhi\u1ec1u kh\u00e1ch h\u00e0ng \u0111\u1eb7t mua. N\u00f3 l\u00e0 m\u1ed9t thi\u1ebft b\u1ecb th\u1ee7y l\u1ef1c \u00e1p su\u1ea5t cao c\u00f3 t\u00e1c d\u1ee5ng t\u1ea1o h\u00ecnh r\u1ea5t t\u1ed1t.<\/p>    <figure class=\"wp-block-image aligncenter size-full\"><img loading=\"lazy\" decoding=\"async\" width=\"720\" height=\"540\" src=\"https:\/\/charcoalplant.com\/wp-content\/uploads\/2021\/12\/New-dry-powder-ball-press-machine-2.jpg\" alt=\"M\u00e1y \u00e9p b\u1ed9t kh\u00f4 m\u1edbi\" class=\"wp-image-1940\"\/><figcaption class=\"wp-element-caption\">M\u00e1y \u00e9p b\u1ed9t kh\u00f4 m\u1edbi<\/figcaption><\/figure>    <figure class=\"wp-block-gallery has-nested-images columns-default is-cropped wp-block-gallery-6 is-layout-flex wp-block-gallery-is-layout-flex\"> <figure class=\"wp-block-image size-large\"><img loading=\"lazy\" decoding=\"async\" width=\"720\" height=\"540\" data-id=\"1354\" src=\"https:\/\/charcoalplant.com\/wp-content\/uploads\/2021\/12\/dry-powder-briquette-machine-1.jpg\" alt=\"m\u00e1y \u0111\u00f3ng b\u00e1nh b\u1ed9t kh\u00f4\" class=\"wp-image-1354\" srcset=\"https:\/\/charcoalplant.com\/wp-content\/uploads\/2021\/12\/dry-powder-briquette-machine-1.jpg 720w, https:\/\/charcoalplant.com\/wp-content\/uploads\/2021\/12\/dry-powder-briquette-machine-1-300x225.jpg 300w\" sizes=\"auto, (max-width: 720px) 100vw, 720px\" \/><figcaption class=\"wp-element-caption\">m\u00e1y \u0111\u00f3ng b\u00e1nh b\u1ed9t kh\u00f4<\/figcaption><\/figure>    <figure class=\"wp-block-image size-large\"><img loading=\"lazy\" decoding=\"async\" width=\"720\" height=\"540\" data-id=\"1244\" src=\"https:\/\/charcoalplant.com\/wp-content\/uploads\/2021\/12\/Working-principle-of-ball-press-1.jpg\" alt=\"Nguy\u00ean l\u00fd l\u00e0m vi\u1ec7c c\u1ee7a m\u00e1y \u00e9p b\u00f3ng\" class=\"wp-image-1244\" srcset=\"https:\/\/charcoalplant.com\/wp-content\/uploads\/2021\/12\/Working-principle-of-ball-press-1.jpg 720w, https:\/\/charcoalplant.com\/wp-content\/uploads\/2021\/12\/Working-principle-of-ball-press-1-300x225.jpg 300w\" sizes=\"auto, (max-width: 720px) 100vw, 720px\" \/><figcaption class=\"wp-element-caption\">Nguy\u00ean l\u00fd l\u00e0m vi\u1ec7c c\u1ee7a m\u00e1y \u00e9p b\u00f3ng<\/figcaption><\/figure> <\/figure>    <h2 class=\"wp-block-heading\" id=\"h-finished-product-of-charcoal-ball-forming-machine\"><strong>th\u00e0nh ph\u1ea9m<\/strong> <strong>c\u1ee7a<\/strong> <strong>M\u00e1y \u00e9p bi than<\/strong><\/h2>    <p>H\u00ecnh d\u1ea1ng c\u1ee7a m\u00e1y \u0111\u00f3ng b\u00e1nh b\u1ed9t carbon \u0111\u01b0\u1ee3c x\u00e1c \u0111\u1ecbnh b\u1edfi khu\u00f4n c\u1ee7a n\u00f3. Nh\u00e0 m\u00e1y c\u1ee7a ch\u00fang t\u00f4i c\u00f3 th\u1ec3 cung c\u1ea5p cho kh\u00e1ch h\u00e0ng c\u00e1c lo\u1ea1i khu\u00f4n g\u1ed1i, h\u00ecnh c\u1ea7u, b\u00e1nh m\u00ec v\u00e0 c\u00e1c lo\u1ea1i khu\u00f4n kh\u00e1c. H\u01a1n n\u1eefa, ch\u00fang t\u00f4i t\u00f9y ch\u1ec9nh c\u00e1c m\u1eabu v\u00e0 v\u0103n b\u1ea3n khu\u00f4n cho kh\u00e1ch h\u00e0ng. <\/p>    <figure class=\"wp-block-image size-full\"><img loading=\"lazy\" decoding=\"async\" width=\"800\" height=\"503\" src=\"https:\/\/charcoalplant.com\/wp-content\/uploads\/2022\/02\/mould-of-charcoal-powder-and-mineral-powder.jpg\" alt=\"\" class=\"wp-image-2401\"\/><\/figure>    <h2 class=\"wp-block-heading\" id=\"parameters-of-bbq-charcoal-ball-press-machine\"><strong>Th\u00f4ng s\u1ed1 c\u1ee7a<\/strong> <strong>M\u00e1y \u00e9p bi than BBQ<\/strong><\/h2>    <p>\u0110\u1ec3 \u0111\u00e1p \u1ee9ng nhu c\u1ea7u c\u1ee7a kh\u00e1ch h\u00e0ng, kh\u00f4ng ch\u1ec9 c\u00f3 th\u1ec3 t\u00f9y ch\u1ec9nh \u0111\u01b0\u1eddng k\u00ednh v\u00e0 chi\u1ec1u r\u1ed9ng c\u1ee7a con l\u0103n \u00e1p l\u1ef1c. V\u00e0 m\u1eabu khu\u00f4n v\u00e0 v\u0103n b\u1ea3n c\u1ee7a n\u00f3 c\u0169ng c\u00f3 th\u1ec3 \u0111\u01b0\u1ee3c t\u00f9y ch\u1ec9nh.<\/p>    <figure class=\"wp-block-table is-style-stripes\"><table><tbody><tr><td>Ng\u01b0\u1eddi m\u1eabu<\/td><td>K\u00edch th\u01b0\u1edbc con l\u0103n (mm)<\/td><td>T\u1ed1c \u0111\u1ed9 tr\u1ee5c ch\u00ednh (r\/min)<\/td><td>C\u00f4ng su\u1ea5t(kw)<\/td><td>C\u00f4ng su\u1ea5t (t\/h)<\/td><td>K\u00edch th\u01b0\u1edbc (m)<\/td><\/tr><tr><td>SL-BP290<\/td><td>290*200<\/td><td>12-15<\/td><td>5.5-7.5<\/td><td>1-3<\/td><td>1.6*1.2*1.4<\/td><\/tr><tr><td>SL-BP360<\/td><td>360*250<\/td><td>12-15<\/td><td>7.5-11<\/td><td>3-5<\/td><td>2.1*1.3*1.76<\/td><\/tr><tr><td>SL-BP430<\/td><td>430*250<\/td><td>12-15<\/td><td>15-18.5<\/td><td>4-7<\/td><td>2.3*1.53*1.9<\/td><\/tr><tr><td>SL-BP500<\/td><td>500*300<\/td><td>12-15<\/td><td>22-30<\/td><td>5-10<\/td><td>2.6*1.75*2.1<\/td><\/tr><tr><td>SL-BP650<\/td><td>650*350<\/td><td>10-13<\/td><td>37-55<\/td><td>8-13<\/td><td>3.42*2*2.2<\/td><\/tr><tr><td>SL-BP750<\/td><td>750*380<\/td><td>10-13<\/td><td>45-75<\/td><td>12-17<\/td><td>3.7*2.55*2.6<\/td><\/tr><tr><td>SL-BP850<\/td><td>850*460<\/td><td>10-13<\/td><td>75-110<\/td><td>15-20<\/td><td>3.9*2.6*2.7<\/td><\/tr><tr><td>SL-BP1000<\/td><td>1000*530<\/td><td>10-13<\/td><td>110-132<\/td><td>20-30<\/td><td>4*2.8*2.8<\/td><\/tr><\/tbody><\/table><\/figure>    <figure class=\"wp-block-image aligncenter size-full\"><img loading=\"lazy\" decoding=\"async\" width=\"1063\" height=\"803\" src=\"https:\/\/charcoalplant.com\/wp-content\/uploads\/2022\/02\/bbq-charcoal-machine-for-sale.jpg\" alt=\"C\u1ea7n b\u00e1n m\u00e1y than bbq\" class=\"wp-image-2403\"\/><figcaption class=\"wp-element-caption\">C\u1ea7n b\u00e1n m\u00e1y than bbq<\/figcaption><\/figure>    <h2 class=\"wp-block-heading\" id=\"h-video-of-barbecue-charcoal-machine\"><strong>Video v\u1ec1 than <strong>th\u1ecbt n\u01b0\u1edbng<\/strong><\/strong> <strong>M\u00e1y m\u00f3c<\/strong><\/h2>    <p>Video d\u01b0\u1edbi \u0111\u00e2y cho b\u1ea1n th\u1ea5y quy tr\u00ecnh s\u1ea3n xu\u1ea5t c\u1ee7a nh\u00e0 m\u00e1y s\u1ea3n xu\u1ea5t than n\u01b0\u1edbng. V\u00e0 c\u00e1c b\u01b0\u1edbc l\u00e0m vi\u1ec7c c\u1ee7a n\u00f3 r\u1ea5t \u0111\u01a1n gi\u1ea3n. V\u00ec v\u1eady, b\u1ea1n c\u00f3 th\u1ec3 d\u1ec5 d\u00e0ng hi\u1ec3u \u0111\u01b0\u1ee3c quy tr\u00ecnh ho\u1ea1t \u0111\u1ed9ng c\u1ee7a m\u00e1y than.<\/p>    <figure class=\"wp-block-embed is-type-video is-provider-youtube wp-block-embed-youtube wp-embed-aspect-16-9 wp-has-aspect-ratio\"><div class=\"wp-block-embed__wrapper\"> <iframe loading=\"lazy\" title=\"M\u00e1y \u00e9p vi\u00ean than\/b\u1ed9t than BBQ | \u0110\u00f3ng b\u00e1nh kho\u00e1ng\/kim lo\u1ea1i cho nh\u00e0 m\u00e1y luy\u1ec7n kim\" width=\"500\" height=\"281\" src=\"https:\/\/www.youtube.com\/embed\/VIJt2nuZkYE?feature=oembed\" frameborder=\"0\" allow=\"accelerometer; autoplay; clipboard-write; encrypted-media; gyroscope; picture-in-picture; web-share\" referrerpolicy=\"strict-origin-when-cross-origin\" allowfullscreen><\/iframe> <\/div><\/figure>    <h2 class=\"wp-block-heading\" id=\"h-roller-mineral-powder-press-for-sale\"><strong>C\u1ea7n b\u00e1n m\u00e1y \u00e9p b\u1ed9t kho\u00e1ng l\u0103n<\/strong><\/h2>    <p class=\"translation-block\"><a href=\"https:\/\/charcoalplant.com\/vi\/\"><strong>C\u00f4ng ty TNHH Thi\u1ebft b\u1ecb M\u00e1y m\u00f3c Shuliy<\/strong><\/a> chuy\u00ean s\u1ea3n xu\u1ea5t t\u1ea5t c\u1ea3 c\u00e1c lo\u1ea1i thi\u1ebft b\u1ecb s\u1ea3n xu\u1ea5t m\u00e1y than. Nh\u00e0 m\u00e1y c\u1ee7a ch\u00fang t\u00f4i cung c\u1ea5p cho kh\u00e1ch h\u00e0ng nhi\u1ec1u khu\u00f4n m\u00e1y \u00e9p kh\u1ed1i than kh\u00e1c nhau. V\u00ed d\u1ee5, h\u00ecnh oval, h\u00ecnh b\u00e1nh m\u00ec, h\u00ecnh g\u1ed1i, h\u00ecnh c\u1ed9t, h\u00ecnh vu\u00f4ng, h\u00ecnh c\u1ea7u, v.v. C\u00f4ng ty ch\u00fang t\u00f4i b\u00e1n m\u00e1y \u00e9p vi\u00ean cho nguy\u00ean li\u1ec7u \u01b0\u1edbt v\u00e0 m\u00e1y \u00e9p vi\u00ean cho nguy\u00ean li\u1ec7u kh\u00f4. H\u01a1n n\u1eefa, ch\u00fang t\u00f4i c\u0169ng b\u00e1n m\u00e1y s\u1ea5y, m\u00e1y tr\u1ed9n,<strong><a href=\"https:\/\/charcoalplant.com\/vi\/hammer-mill\/\"> <\/a><a href=\"https:\/\/charcoalplant.com\/vi\/briquettes-packing-machine\/charcoal-briquettes-packing-machine\/\">m\u00e1y \u0111\u00f3ng g\u00f3i than<\/a><\/strong>, v\u00e0 nhi\u1ec1u th\u1ee9 kh\u00e1c. Li\u00ean h\u1ec7 v\u1edbi ch\u00fang t\u00f4i ngay b\u00e2y gi\u1edd \u0111\u1ec3 nh\u1eadn danh s\u00e1ch m\u1edbi nh\u1ea5t v\u1ec1 m\u00e1y \u00e9p vi\u00ean than.<\/p>    <figure class=\"wp-block-gallery has-nested-images columns-default is-cropped wp-block-gallery-7 is-layout-flex wp-block-gallery-is-layout-flex\"> <figure class=\"wp-block-image size-large\"><img loading=\"lazy\" decoding=\"async\" width=\"720\" height=\"540\" data-id=\"2404\" src=\"https:\/\/charcoalplant.com\/wp-content\/uploads\/2022\/02\/charcoal-ball-press-machine-plant.jpg\" alt=\"nh\u00e0 m\u00e1y s\u1ea3n xu\u1ea5t m\u00e1y \u00e9p bi than\" class=\"wp-image-2404\"\/><figcaption class=\"wp-element-caption\">nh\u00e0 m\u00e1y s\u1ea3n xu\u1ea5t m\u00e1y \u00e9p bi than<\/figcaption><\/figure>    <figure class=\"wp-block-image size-large\"><img loading=\"lazy\" decoding=\"async\" width=\"720\" height=\"540\" data-id=\"2405\" src=\"https:\/\/charcoalplant.com\/wp-content\/uploads\/2022\/02\/shippment-2.jpg\" alt=\"chuy\u1ebfn h\u00e0ng\" class=\"wp-image-2405\"\/><figcaption class=\"wp-element-caption\">chuy\u1ebfn h\u00e0ng<\/figcaption><\/figure> <\/figure>    <p><\/p>","protected":false},"excerpt":{"rendered":"<p>M\u00e1y \u00e9p b\u00f3ng than l\u00e0 m\u1ed9t c\u00f4ng c\u1ee5 s\u1eed d\u1ee5ng b\u1ed9t than, b\u1ed9t carbon, b\u1ed9t s\u1eaft, b\u1ed9t nh\u00f4m, vv \u0111\u1ec3 s\u1ea3n xu\u1ea5t briket.<\/p>","protected":false},"author":1,"featured_media":1237,"parent":0,"template":"","tags":[59],"product-type":[44],"class_list":["post-1235","product","type-product","status-publish","has-post-thumbnail","hentry","tag-charcoal-briquetting-machine","product-type-charcoal-briquetting-machine"],"_links":{"self":[{"href":"https:\/\/charcoalplant.com\/vi\/wp-json\/wp\/v2\/product\/1235","targetHints":{"allow":["GET"]}}],"collection":[{"href":"https:\/\/charcoalplant.com\/vi\/wp-json\/wp\/v2\/product"}],"about":[{"href":"https:\/\/charcoalplant.com\/vi\/wp-json\/wp\/v2\/types\/product"}],"author":[{"embeddable":true,"href":"https:\/\/charcoalplant.com\/vi\/wp-json\/wp\/v2\/users\/1"}],"wp:featuredmedia":[{"embeddable":true,"href":"https:\/\/charcoalplant.com\/vi\/wp-json\/wp\/v2\/media\/1237"}],"wp:attachment":[{"href":"https:\/\/charcoalplant.com\/vi\/wp-json\/wp\/v2\/media?parent=1235"}],"wp:term":[{"taxonomy":"post_tag","embeddable":true,"href":"https:\/\/charcoalplant.com\/vi\/wp-json\/wp\/v2\/tags?post=1235"},{"taxonomy":"product-type","embeddable":true,"href":"https:\/\/charcoalplant.com\/vi\/wp-json\/wp\/v2\/product-type?post=1235"}],"curies":[{"name":"wp","href":"https:\/\/api.w.org\/{rel}","templated":true}]}}