{"id":1259,"date":"2021-12-13T08:32:22","date_gmt":"2021-12-13T08:32:22","guid":{"rendered":"https:\/\/charcoalplant.com\/?p=1259"},"modified":"2023-01-11T16:09:58","modified_gmt":"2023-01-11T08:09:58","slug":"best-shisha-charcoal-machine","status":"publish","type":"product","link":"https:\/\/charcoalplant.com\/vi\/product\/best-shisha-charcoal-machine\/","title":{"rendered":"M\u00e1y Than Shisha | M\u00e1y l\u00e0m than b\u00e1nh"},"content":{"rendered":"<div class=\"kk-star-ratings kksr-auto kksr-align-left kksr-valign-top\"     data-payload='{&quot;align&quot;:&quot;left&quot;,&quot;id&quot;:&quot;1259&quot;,&quot;slug&quot;:&quot;default&quot;,&quot;valign&quot;:&quot;top&quot;,&quot;ignore&quot;:&quot;&quot;,&quot;reference&quot;:&quot;auto&quot;,&quot;class&quot;:&quot;&quot;,&quot;count&quot;:&quot;21&quot;,&quot;legendonly&quot;:&quot;&quot;,&quot;readonly&quot;:&quot;&quot;,&quot;score&quot;:&quot;4.7&quot;,&quot;starsonly&quot;:&quot;&quot;,&quot;best&quot;:&quot;5&quot;,&quot;gap&quot;:&quot;5&quot;,&quot;greet&quot;:&quot;Rate this product&quot;,&quot;legend&quot;:&quot;4.7\\\/5 - (21 b\u00ecnh ch\u1ecdn)&quot;,&quot;size&quot;:&quot;24&quot;,&quot;title&quot;:&quot;Shisha Charcoal Machine | Charcoal Briquette Machine&quot;,&quot;width&quot;:&quot;133.8&quot;,&quot;_legend&quot;:&quot;{score}\\\/{best} - ({count} {votes})&quot;,&quot;font_factor&quot;:&quot;1.25&quot;}'>              <div class=\"kksr-stars\">      <div class=\"kksr-stars-inactive\">             <div class=\"kksr-star\" data-star=\"1\" style=\"padding-right: 5px\">               <div class=\"kksr-icon\" style=\"width: 24px; height: 24px;\"><\/div>         <\/div>             <div class=\"kksr-star\" data-star=\"2\" style=\"padding-right: 5px\">               <div class=\"kksr-icon\" style=\"width: 24px; height: 24px;\"><\/div>         <\/div>             <div class=\"kksr-star\" data-star=\"3\" style=\"padding-right: 5px\">               <div class=\"kksr-icon\" style=\"width: 24px; height: 24px;\"><\/div>         <\/div>             <div class=\"kksr-star\" data-star=\"4\" style=\"padding-right: 5px\">               <div class=\"kksr-icon\" style=\"width: 24px; height: 24px;\"><\/div>         <\/div>             <div class=\"kksr-star\" data-star=\"5\" style=\"padding-right: 5px\">               <div class=\"kksr-icon\" style=\"width: 24px; height: 24px;\"><\/div>         <\/div>     <\/div>      <div class=\"kksr-stars-active\" style=\"width: 133.8px;\">             <div class=\"kksr-star\" style=\"padding-right: 5px\">               <div class=\"kksr-icon\" style=\"width: 24px; height: 24px;\"><\/div>         <\/div>             <div class=\"kksr-star\" style=\"padding-right: 5px\">               <div class=\"kksr-icon\" style=\"width: 24px; height: 24px;\"><\/div>         <\/div>             <div class=\"kksr-star\" style=\"padding-right: 5px\">               <div class=\"kksr-icon\" style=\"width: 24px; height: 24px;\"><\/div>         <\/div>             <div class=\"kksr-star\" style=\"padding-right: 5px\">               <div class=\"kksr-icon\" style=\"width: 24px; height: 24px;\"><\/div>         <\/div>             <div class=\"kksr-star\" style=\"padding-right: 5px\">               <div class=\"kksr-icon\" style=\"width: 24px; height: 24px;\"><\/div>         <\/div>     <\/div> <\/div>                   <div class=\"kksr-legend\" style=\"font-size: 19.2px;\">             4.7\/5 - (21 b\u00ecnh ch\u1ecdn)    <\/div>     <\/div>  <p class=\"translation-block\"><strong>M\u00e1y than shisha<\/strong> l\u00e0 thi\u1ebft b\u1ecb \u0111\u1eb7c bi\u1ec7t \u0111\u1ec3 s\u1ea3n xu\u1ea5t than shisha h\u00ecnh tr\u00f2n v\u00e0 vu\u00f4ng. Do \u0111\u00f3, so v\u1edbi c\u00e1c m\u00e1y \u00e9p vi\u00ean b\u1ed9t than kh\u00e1c, m\u00e1y \u00e9p vi\u00ean than shisha c\u00f3 \u00e1p l\u1ef1c cao h\u01a1n v\u00e0 hi\u1ec7u qu\u1ea3 t\u1ea1o h\u00ecnh t\u1ed1t h\u01a1n cho than shisha. Than shisha \u0111\u01b0\u1ee3c s\u1ea3n xu\u1ea5t b\u1edfi m\u00e1y than shisha Shuliy c\u00f3 k\u1ebft c\u1ea5u c\u1ee9ng, d\u1ec5 b\u1eaft l\u1eeda v\u00e0 \u00edt tro. Th\u1eddi gian ch\u00e1y c\u1ee7a m\u1ed7i vi\u00ean than shisha l\u00e0 40-60 ph\u00fat. <\/p>    <p class=\"translation-block\">Hi\u1ec7n t\u1ea1i c\u00f3 b\u1ed1n lo\u1ea1i m\u00e1y l\u00e0m than shisha c\u00f3 s\u1eb5n trong nh\u00e0 m\u00e1y c\u1ee7a ch\u00fang t\u00f4i. Ch\u00fang l\u00e0 m\u00e1y l\u00e0m than shisha c\u01a1 kh\u00ed, <strong><a href=\"https:\/\/charcoalplant.com\/vi\/info\/british-hookah-briquette-factory-purchased-hydraulic-shisha-coal-machines\/\">m\u00e1y l\u00e0m than shisha th\u1ee7y l\u1ef1c<\/a><\/strong>, m\u00e1y l\u00e0m than shisha b\u1eb1ng th\u00e9p kh\u00f4ng g\u1ec9 (ho\u00e0n to\u00e0n t\u1ef1 \u0111\u1ed9ng v\u00e0 b\u00e1n t\u1ef1 \u0111\u1ed9ng), v\u00e0 <strong><a href=\"https:\/\/charcoalplant.com\/vi\/charcoal-briquetting-machine\/rotary-hookah-tablet-press\/\">m\u00e1y l\u00e0m than shisha xoay<\/a><\/strong>. Ba lo\u1ea1i \u0111\u1ea7u ti\u00ean \u0111\u01b0\u1ee3c m\u00f4 t\u1ea3 d\u01b0\u1edbi \u0111\u00e2y. Li\u00ean h\u1ec7 v\u1edbi ch\u00fang t\u00f4i ngay b\u00e2y gi\u1edd \u0111\u1ec3 b\u1eaft \u0111\u1ea7u kinh doanh c\u1ee7a b\u1ea1n. V\u00e0, ch\u00fang t\u00f4i s\u1ebd cung c\u1ea5p cho b\u1ea1n gi\u00e1 r\u1ebb.<\/p>    <h2 class=\"wp-block-heading\" id=\"raw-materials-for-making-shisha-charcoal\">Nguy\u00ean li\u1ec7u l\u00e0m than Shisha<\/h2>    <p class=\"translation-block\">M\u1eb7c d\u00f9 than shisha c\u0169ng \u0111\u01b0\u1ee3c l\u00e0m t\u1eeb b\u1ed9t carbon, nh\u01b0ng y\u00eau c\u1ea7u nguy\u00ean li\u1ec7u th\u00f4 c\u1ee7a n\u00f3 cao h\u01a1n. N\u00f3 th\u01b0\u1eddng s\u1eed d\u1ee5ng than tre, than g\u1ed7 c\u1ee9ng, than v\u1ecf d\u1eeba, than v\u1ecf c\u1ecd, than v\u1ecf \u00f4 liu, <strong><a href=\"https:\/\/charcoalplant.com\/vi\/info\/can-these-briquetting-machines-make-alfalfa-molar-sticks\/\">Alfalfa<\/a><\/strong>, v.v. Nh\u1eefng lo\u1ea1i carbon n\u00e0y c\u00f3 \u0111\u1eb7c \u0111i\u1ec3m m\u00e0u s\u1eafc \u0111\u1eb9p v\u00e0 kh\u1ea3 n\u0103ng h\u1ea5p ph\u1ee5 t\u1ed1t. Ngo\u00e0i ra, b\u1ed9t carbon c\u1ea7n \u0111\u01b0\u1ee3c tr\u1ed9n v\u1edbi m\u1ed9t l\u01b0\u1ee3ng ch\u1ea5t k\u1ebft d\u00ednh th\u00edch h\u1ee3p b\u1eb1ng c\u00e1ch s\u1eed d\u1ee5ng <strong><a href=\"https:\/\/charcoalplant.com\/vi\/product\/charcoal-powder-mixer\/\">m\u00e1y tr\u1ed9n b\u1ed9t than<\/a><\/strong>.<\/p>    <figure class=\"wp-block-image aligncenter size-full\"><img loading=\"lazy\" decoding=\"async\" width=\"720\" height=\"540\" src=\"https:\/\/charcoalplant.com\/wp-content\/uploads\/2022\/02\/charcoal-powder-1.jpg\" alt=\"b\u1ed9t than\" class=\"wp-image-2459\"\/><figcaption class=\"wp-element-caption\">b\u1ed9t than<\/figcaption><\/figure>    <h2 class=\"wp-block-heading\" id=\"type-1-mechanical-coconut-charcoal-tablet-press\"><strong>Lo\u1ea1i 1: <\/strong>M\u00e1y \u0111\u00f3ng b\u00e1nh than Shisha c\u01a1 kh\u00ed<\/h2>    <p>Khu\u00f4n v\u00e0 b\u0103ng t\u1ea3i c\u1ee7a n\u00f3 \u0111\u01b0\u1ee3c \u0111i\u1ec1u khi\u1ec3n b\u1eb1ng c\u00e1c thi\u1ebft b\u1ecb c\u01a1 kh\u00ed. V\u00ec v\u1eady, n\u00f3 l\u00e0 lo\u1ea1i m\u00e1y l\u00e0m b\u00e1nh than c\u00f3 c\u1ea5u t\u1ea1o \u0111\u01a1n gi\u1ea3n nh\u1ea5t. V\u00e0 to\u00e0n b\u1ed9 qu\u00e1 tr\u00ecnh \u0111\u01b0\u1ee3c \u0111i\u1ec1u khi\u1ec3n b\u1edfi \u0111\u1ed9ng c\u01a1. B\u00e1nh r\u0103ng d\u1eabn \u0111\u1ed9ng c\u00e1nh tay \u0111\u00f2n \u0111\u1ec3 \u0111i\u1ec1u khi\u1ec3n vi\u1ec7c n\u00e2ng khu\u00f4n. Sau \u0111\u00f3, qu\u1ea3 c\u00e2n gi\u00e1n ti\u1ebfp \u0111i\u1ec1u khi\u1ec3n ho\u1ea1t \u0111\u1ed9ng c\u1ee7a b\u0103ng t\u1ea3i. \u00c1p su\u1ea5t c\u1ee7a m\u00e1y t\u1ea1o than shisha c\u01a1 h\u1ecdc l\u00e0 20t. S\u1ed1 l\u01b0\u1ee3ng than shisha h\u00ecnh th\u00e0nh trong m\u1ed9t l\u1ea7n l\u00e0 15. (\u0110i\u1ec1u n\u00e0y c\u0169ng li\u00ean quan \u0111\u1ebfn th\u00f4ng s\u1ed1 k\u1ef9 thu\u1eadt c\u1ee7a t\u1ea5m than shisha)<\/p>    <figure class=\"wp-block-image aligncenter size-full\"><img loading=\"lazy\" decoding=\"async\" width=\"720\" height=\"540\" src=\"https:\/\/charcoalplant.com\/wp-content\/uploads\/2022\/02\/Coconut-Charcoal-Tablet-Press-for-Sale.jpg\" alt=\"\" class=\"wp-image-2463\"\/><figcaption class=\"wp-element-caption\">C\u1ea7n b\u00e1n m\u00e1y \u00e9p vi\u00ean than d\u1eeba<\/figcaption><\/figure>    <h3 class=\"wp-block-heading\" id=\"parameters-of-hookah-coal-maker\">C\u00e1c th\u00f4ng s\u1ed1 c\u1ee7a Hookah Coal Maker<\/h3>    <figure class=\"wp-block-table is-style-stripes\"><table><tbody><tr><td>Ki\u1ec3u<\/td><td>Quy\u1ec1n l\u1ef1c<\/td><td>Dung t\u00edch<\/td><td>K\u00edch th\u01b0\u1edbc<\/td><td>\u00c1p l\u1ef1c<\/td><td>C\u00e2n n\u1eb7ng<\/td><\/tr><tr><td>Lo\u1ea1i c\u01a1 kh\u00ed<\/td><td>7,5kw<\/td><td>300kg\/gi\u1edd<\/td><td>1,7 * 1,5 * 1,2m<\/td><td>25t<\/td><td>1500kg<\/td><\/tr><\/tbody><\/table><\/figure>    <h2 class=\"wp-block-heading\" id=\"type-2-hydraulic-shisha-charcoal-machine\"><strong>Lo\u1ea1i 2:<\/strong> M\u00e1y than Shisha th\u1ee7y l\u1ef1c<\/h2>    <p>M\u00e1y l\u00e0m than hookah th\u1ee7y l\u1ef1c bao g\u1ed3m ba ph\u1ea7n: t\u1ee7 \u0111i\u1ec1u khi\u1ec3n, tr\u1ea1m th\u1ee7y l\u1ef1c v\u00e0 th\u00e2n ch\u00ednh. V\u00ec v\u1eady, n\u00f3 chi\u1ebfm di\u1ec7n t\u00edch l\u1edbn h\u01a1n so v\u1edbi m\u00e1y than hookah c\u01a1 h\u1ecdc. Nh\u01b0ng \u00e1p l\u1ef1c c\u1ee7a n\u00f3 c\u00f3 th\u1ec3 \u0111\u1ea1t t\u1edbi 100 t\u1ea5n. V\u00e0 t\u1ed1c \u0111\u1ed9 s\u1ea3n xu\u1ea5t c\u1ee7a n\u00f3 c\u00f3 th\u1ec3 \u0111\u01b0\u1ee3c \u0111i\u1ec1u ch\u1ec9nh. V\u00ec v\u1eady, vi\u1ec7c s\u1eed d\u1ee5ng 1 m\u00e1y than shisha th\u1ee7y l\u1ef1c t\u01b0\u01a1ng \u0111\u01b0\u01a1ng v\u1edbi 2-3 m\u00e1y than shisha c\u01a1 h\u1ecdc.<\/p>    <figure class=\"wp-block-image aligncenter size-full\"><img loading=\"lazy\" decoding=\"async\" width=\"720\" height=\"540\" src=\"https:\/\/charcoalplant.com\/wp-content\/uploads\/2022\/01\/hydraulic-shisha-charcoal-press.jpg\" alt=\"m\u00e1y \u00e9p than shisha th\u1ee7y l\u1ef1c\" class=\"wp-image-1950\"\/><figcaption class=\"wp-element-caption\">m\u00e1y \u00e9p than shisha th\u1ee7y l\u1ef1c<\/figcaption><\/figure>    <h2 class=\"wp-block-heading\" id=\"structure-of-hydraulic-shisha-charcoal-making-machine\">C\u1ea5u t\u1ea1o c\u1ee7a m\u00e1y than Shisha th\u1ee7y l\u1ef1c<\/h2>    <div class=\"wp-block-columns has-background is-layout-flex wp-container-core-columns-is-layout-28f84493 wp-block-columns-is-layout-flex\" style=\"background-color:#f1f1f1\"> <div class=\"wp-block-column is-vertically-aligned-center is-layout-flow wp-block-column-is-layout-flow\" style=\"flex-basis:33.33%\"> <p class=\"translation-block\"><strong>B\u00e0n \u0111i\u1ec1u khi\u1ec3n<\/strong><\/p>    <p>Thi\u1ebft b\u1ecb c\u00f3 th\u1ec3 \u0111\u01b0\u1ee3c kh\u1edfi \u0111\u1ed9ng b\u1eb1ng m\u1ed9t ph\u00edm th\u00f4ng qua t\u1ee7 \u0111i\u1ec1u khi\u1ec3n. H\u01a1n n\u1eefa, n\u00f3 c\u00f3 ba \u0111\u1ed9ng c\u01a1 \u0111\u1ec3 \u0111i\u1ec1u khi\u1ec3n b\u01a1m th\u1ee7y l\u1ef1c, tr\u1ed9n th\u1ee9c \u0103n v\u00e0 b\u0103ng t\u1ea3i t\u01b0\u01a1ng \u1ee9ng. <\/p> <\/div>    <div class=\"wp-block-column is-layout-flow wp-block-column-is-layout-flow\" style=\"flex-basis:66.66%\"> <figure class=\"wp-block-gallery has-nested-images columns-default is-cropped wp-block-gallery-2 is-layout-flex wp-block-gallery-is-layout-flex\"> <figure class=\"wp-block-image size-large\"><img loading=\"lazy\" decoding=\"async\" width=\"720\" height=\"540\" data-id=\"2464\" src=\"https:\/\/charcoalplant.com\/wp-content\/uploads\/2022\/02\/Hookah-charcoal-tablet-press-operating-table.jpg\" alt=\"Hookah-than-vi\u00ean-\u00e9p-b\u00e0n m\u1ed5\" class=\"wp-image-2464\"\/><figcaption class=\"wp-element-caption\">Hookah-than-vi\u00ean-\u00e9p-b\u00e0n m\u1ed5<\/figcaption><\/figure> <\/figure> <\/div> <\/div>    <div class=\"wp-block-columns has-background is-layout-flex wp-container-core-columns-is-layout-28f84493 wp-block-columns-is-layout-flex\" style=\"background-color:#f1f1f1\"> <div class=\"wp-block-column is-layout-flow wp-block-column-is-layout-flow\" style=\"flex-basis:66.66%\"> <figure class=\"wp-block-gallery has-nested-images columns-default is-cropped wp-block-gallery-3 is-layout-flex wp-block-gallery-is-layout-flex\"> <figure class=\"wp-block-image size-large\"><img loading=\"lazy\" decoding=\"async\" width=\"720\" height=\"540\" data-id=\"1270\" src=\"https:\/\/charcoalplant.com\/wp-content\/uploads\/2021\/12\/IMG_8957_\u526f\u672c-1.jpg\" alt=\"khu\u00f4n m\u00e1y than shisha\" class=\"wp-image-1270\" srcset=\"https:\/\/charcoalplant.com\/wp-content\/uploads\/2021\/12\/IMG_8957_\u526f\u672c-1.jpg 720w, https:\/\/charcoalplant.com\/wp-content\/uploads\/2021\/12\/IMG_8957_\u526f\u672c-1-300x225.jpg 300w\" sizes=\"auto, (max-width: 720px) 100vw, 720px\" \/><figcaption class=\"wp-element-caption\">khu\u00f4n m\u00e1y than shisha<\/figcaption><\/figure> <\/figure> <\/div>    <div class=\"wp-block-column is-vertically-aligned-center is-layout-flow wp-block-column-is-layout-flow\" style=\"flex-basis:33.33%\"> <p class=\"translation-block\"><strong>Khu\u00f4n<\/strong><\/p>    <p>Khu\u00f4n c\u1ee7a n\u00f3 c\u00f3 ba ph\u1ea7n: tr\u00ean, gi\u1eefa v\u00e0 d\u01b0\u1edbi.\u00a0V\u00ec k\u00edch th\u01b0\u1edbc c\u1ee7a than hookah \u0111a ph\u1ea7n l\u00e0 2-3cm. V\u00ec v\u1eady, khu\u00f4n c\u1ee7a m\u00e1y l\u00e0m than hookah c\u00f3 k\u00edch th\u01b0\u1edbc t\u01b0\u01a1ng t\u1ef1 nhau. H\u01a1n n\u1eefa, ch\u00fang t\u00f4i cung c\u1ea5p c\u00e1c lo\u1ea1i khu\u00f4n kh\u00e1c nhau v\u00e0 v\u1ecb tr\u00ed khu\u00f4n c\u00f3 th\u1ec3 \u0111i\u1ec1u ch\u1ec9nh \u0111\u01b0\u1ee3c.<\/p> <\/div> <\/div>    <h3 class=\"wp-block-heading\">Video v\u1ec1 m\u00e1y \u0111\u00f3ng b\u00e1nh than hookah<\/h3>    <figure class=\"wp-block-embed is-type-video is-provider-youtube wp-block-embed-youtube wp-embed-aspect-16-9 wp-has-aspect-ratio\"><div class=\"wp-block-embed__wrapper\"> <iframe loading=\"lazy\" title=\"M\u00e1y Than Hookah Th\u1ee7y L\u1ef1c B\u00e1n Ch\u1ea1y | M\u00e0n h\u00ecnh than b\u00e1nh h\u00ecnh tr\u00f2n &amp; h\u00ecnh l\u1ee5c gi\u00e1c\" width=\"500\" height=\"281\" src=\"https:\/\/www.youtube.com\/embed\/JOsfpi4YzME?feature=oembed\" frameborder=\"0\" allow=\"accelerometer; autoplay; clipboard-write; encrypted-media; gyroscope; picture-in-picture; web-share\" referrerpolicy=\"strict-origin-when-cross-origin\" allowfullscreen><\/iframe> <\/div><\/figure>    <h3 class=\"wp-block-heading\" id=\"parameters-of-shisha-charcoal-machine\">Th\u00f4ng s\u1ed1 c\u1ee7a m\u00e1y than Shisha<\/h3>    <figure class=\"wp-block-table is-style-stripes\"><table><tbody><tr><td>Ki\u1ec3u<\/td><td>Quy\u1ec1n l\u1ef1c<\/td><td>C\u00e2n n\u1eb7ng<\/td><td>\u00c1p l\u1ef1c<\/td><td>Dung t\u00edch<\/td><td>K\u00edch th\u01b0\u1edbc<\/td><\/tr><tr><td>Lo\u1ea1i th\u1ee7y l\u1ef1c<\/td><td>15kw<\/td><td>2,8 t\u1ea5n<\/td><td>100t<\/td><td>v\u00f2ng: 42 chi\u1ebfc\/l\u1ea7n, 4 l\u1ea7n\/ph\u00fat<br>vu\u00f4ng: 44 chi\u1ebfc\/l\u1ea7n, 4 l\u1ea7n\/ph\u00fat<\/td><td>m\u00e1y ch\u1ee7: 850**2000*2100mm<\/td><\/tr><\/tbody><\/table><\/figure>    <h2 class=\"wp-block-heading\" id=\"type-3-stainless-steel-shisha-charcoal-machine\"><strong>Lo\u1ea1i 3:<\/strong> M\u00e1y than Shisha th\u00e9p kh\u00f4ng g\u1ec9<\/h2>    <p>Ch\u1ea5t li\u1ec7u t\u1ed5ng th\u1ec3 c\u1ee7a m\u00e1y l\u00e0m than shisha l\u00e0 th\u00e9p kh\u00f4ng g\u1ec9. H\u01a1n n\u1eefa, n\u00f3 c\u00f2n l\u00e0 m\u1ed9t chi\u1ebfc m\u00e1y \u00e9p vi\u00ean than hookah t\u1ea5t c\u1ea3 trong m\u1ed9t. M\u00e1y l\u00e0m than hookah b\u1eb1ng th\u00e9p kh\u00f4ng g\u1ec9 s\u1eed d\u1ee5ng b\u1ea3ng \u0111i\u1ec1u khi\u1ec3n PLC. V\u00ec v\u1eady, kh\u00e1ch h\u00e0ng c\u00f3 th\u1ec3 d\u1ec5 d\u00e0ng \u0111i\u1ec1u khi\u1ec3n s\u1ea3n xu\u1ea5t th\u00f4ng qua m\u00e1y t\u00ednh. Ch\u1eb3ng h\u1ea1n nh\u01b0 t\u1ed1c \u0111\u1ed9, \u00e1p su\u1ea5t, \u0111i\u1ec7n \u00e1p, v.v. V\u00e0 \u00e1p su\u1ea5t c\u1ee7a n\u00f3 c\u00f3 th\u1ec3 \u0111\u1ea1t t\u1edbi 100-200t. N\u00f3 c\u00f3 th\u1ec3 \u0111\u1ea5m 20000-30000 m\u1ea9u than hookah m\u1ed7i ph\u00fat.<\/p>    <figure class=\"wp-block-image aligncenter size-full\"><img loading=\"lazy\" decoding=\"async\" width=\"720\" height=\"540\" src=\"https:\/\/charcoalplant.com\/wp-content\/uploads\/2021\/12\/hookah-charcoal-press-machine-1.jpg\" alt=\"m\u00e1y \u00e9p than hookah\" class=\"wp-image-1367\" srcset=\"https:\/\/charcoalplant.com\/wp-content\/uploads\/2021\/12\/hookah-charcoal-press-machine-1.jpg 720w, https:\/\/charcoalplant.com\/wp-content\/uploads\/2021\/12\/hookah-charcoal-press-machine-1-300x225.jpg 300w\" sizes=\"auto, (max-width: 720px) 100vw, 720px\" \/><figcaption class=\"wp-element-caption\">m\u00e1y \u00e9p than hookah<\/figcaption><\/figure>    <h2 class=\"wp-block-heading\" id=\"h-structure-of-hookah-charcoal-making-machine\">C\u1ea5u t\u1ea1o c\u1ee7a M\u00e1y l\u00e0m than Hookah<\/h2>    <div class=\"wp-block-columns has-background is-layout-flex wp-container-core-columns-is-layout-28f84493 wp-block-columns-is-layout-flex\" style=\"background-color:#f1f1f1\"> <div class=\"wp-block-column is-vertically-aligned-center is-layout-flow wp-block-column-is-layout-flow\" style=\"flex-basis:33.33%\"> <p class=\"translation-block\"><strong>Xi lanh th\u1ee7y l\u1ef1c <\/strong><\/p>    <p>\u00c1p l\u1ef1c c\u00f3 th\u1ec3 \u0111i\u1ec1u ch\u1ec9nh \u0111\u01b0\u1ee3c. Xi lanh th\u1ee7y l\u1ef1c n\u1eb1m \u1edf ph\u00eda tr\u00ean c\u1ee7a m\u00e1y. V\u00e0 c\u00e1c d\u00f2ng c\u00f2n l\u1ea1i n\u1eb1m \u1edf ph\u1ea7n d\u01b0\u1edbi c\u1ee7a m\u00e1y. V\u00ec v\u1eady, to\u00e0n b\u1ed9 m\u00e1y r\u1ea5t ti\u1ebft ki\u1ec7m kh\u00f4ng gian.<\/p> <\/div>    <div class=\"wp-block-column is-layout-flow wp-block-column-is-layout-flow\" style=\"flex-basis:66.66%\"> <figure class=\"wp-block-gallery has-nested-images columns-default is-cropped wp-block-gallery-4 is-layout-flex wp-block-gallery-is-layout-flex\"> <figure class=\"wp-block-image size-large\"><img loading=\"lazy\" decoding=\"async\" width=\"720\" height=\"540\" data-id=\"1369\" src=\"https:\/\/charcoalplant.com\/wp-content\/uploads\/2021\/12\/Hydraulic-cylinder-1.jpg\" alt=\"Xi lanh th\u1ee7y l\u1ef1c\" class=\"wp-image-1369\" srcset=\"https:\/\/charcoalplant.com\/wp-content\/uploads\/2021\/12\/Hydraulic-cylinder-1.jpg 720w, https:\/\/charcoalplant.com\/wp-content\/uploads\/2021\/12\/Hydraulic-cylinder-1-300x225.jpg 300w\" sizes=\"auto, (max-width: 720px) 100vw, 720px\" \/><figcaption class=\"wp-element-caption\">Xi lanh th\u1ee7y l\u1ef1c<\/figcaption><\/figure> <\/figure> <\/div> <\/div>    <div class=\"wp-block-columns has-background is-layout-flex wp-container-core-columns-is-layout-28f84493 wp-block-columns-is-layout-flex\" style=\"background-color:#f1f1f1\"> <div class=\"wp-block-column is-layout-flow wp-block-column-is-layout-flow\" style=\"flex-basis:66.66%\"> <figure class=\"wp-block-gallery has-nested-images columns-default is-cropped wp-block-gallery-5 is-layout-flex wp-block-gallery-is-layout-flex\"> <figure class=\"wp-block-image size-large\"><img loading=\"lazy\" decoding=\"async\" width=\"720\" height=\"540\" data-id=\"1368\" src=\"https:\/\/charcoalplant.com\/wp-content\/uploads\/2021\/12\/brush-1.jpg\" alt=\"ch\u1ea3i\" class=\"wp-image-1368\" srcset=\"https:\/\/charcoalplant.com\/wp-content\/uploads\/2021\/12\/brush-1.jpg 720w, https:\/\/charcoalplant.com\/wp-content\/uploads\/2021\/12\/brush-1-300x225.jpg 300w\" sizes=\"auto, (max-width: 720px) 100vw, 720px\" \/><figcaption class=\"wp-element-caption\">ch\u1ea3i<\/figcaption><\/figure> <\/figure> <\/div>    <div class=\"wp-block-column is-vertically-aligned-center is-layout-flow wp-block-column-is-layout-flow\" style=\"flex-basis:33.33%\"> <p class=\"translation-block\"><strong>B\u00e0n ch\u1ea3i<\/strong><\/p>    <p>M\u00e1y l\u00e0m than b\u00e1nh hookah t\u1ef1 \u0111\u1ed9ng b\u1eb1ng th\u00e9p kh\u00f4ng g\u1ec9 \u0111\u01b0\u1ee3c thi\u1ebft k\u1ebf c\u00f3 ch\u1ed5i. Do \u0111\u00f3, thi\u1ebft b\u1ecb c\u00f3 th\u1ec3 t\u1ef1 \u0111\u1ed9ng l\u00e0m s\u1ea1ch c\u1eb7n c\u00f2n s\u00f3t l\u1ea1i tr\u00ean khu\u00f4n \u0111\u1ec3 n\u00e2ng cao ch\u1ea5t l\u01b0\u1ee3ng s\u1ea3n xu\u1ea5t.<\/p> <\/div> <\/div>    <div class=\"wp-block-columns has-background is-layout-flex wp-container-core-columns-is-layout-28f84493 wp-block-columns-is-layout-flex\" style=\"background-color:#f1f1f1\"> <div class=\"wp-block-column is-vertically-aligned-center is-layout-flow wp-block-column-is-layout-flow\" style=\"flex-basis:33.33%\"> <p class=\"translation-block\"><strong>B\u1ea3ng \u0111i\u1ec1u khi\u1ec3n PLC<\/strong><\/p>    <p>\u0110\u00e2y l\u00e0 kh\u1edfi \u0111\u1ed9ng t\u1ea5t c\u1ea3 trong m\u1ed9t ch\u1ec9 b\u1eb1ng m\u1ed9t n\u00fat b\u1ea5m cho thi\u1ebft b\u1ecb. H\u01a1n n\u1eefa, n\u00f3 c\u00f3 th\u1ec3 thi\u1ebft l\u1eadp ch\u1ebf \u0111\u1ed9 s\u1ea3n xu\u1ea5t.<\/p> <\/div>    <div class=\"wp-block-column is-layout-flow wp-block-column-is-layout-flow\" style=\"flex-basis:66.66%\"> <figure class=\"wp-block-gallery has-nested-images columns-default is-cropped wp-block-gallery-6 is-layout-flex wp-block-gallery-is-layout-flex\"> <figure class=\"wp-block-image size-large\"><img loading=\"lazy\" decoding=\"async\" width=\"720\" height=\"540\" data-id=\"2466\" src=\"https:\/\/charcoalplant.com\/wp-content\/uploads\/2022\/02\/PLC-2.jpg\" alt=\"\" class=\"wp-image-2466\"\/><\/figure> <\/figure> <\/div> <\/div>    <h3 class=\"wp-block-heading\" id=\"h-parameters-of-shisha-charcoal-machine\">C\u00e1c th\u00f4ng s\u1ed1 c\u1ee7a m\u00e1y \u0111\u00f3ng b\u00e1nh than Shisha<\/h3>    <p>\u00c1p su\u1ea5t: 80 t\u1ea5n, 100 t\u1ea5n<\/p>    <p>\u0110i\u1ec7n \u00e1p: 380V<\/p>    <p>C\u00f4ng su\u1ea5t: 13kw<\/p>    <p>Tr\u1ecdng l\u01b0\u1ee3ng: 1000kg<\/p>    <p class=\"translation-block\">K\u00edch th\u01b0\u1edbc\uff1a2500mm<em>750mm<\/em>2300mm<\/p>    <p>Dung t\u00edch:<\/p>    <figure class=\"wp-block-table is-style-stripes\"><table><tbody><tr><td>K\u00edch th\u01b0\u1edbc c\u1ee7a khu\u00f4n<\/td><td>S\u1ed1 l\u1ea7n \u0111\u1ea5m m\u1ed9t l\u1ea7n<\/td><td>S\u1ed1 c\u00fa \u0111\u1ea5m m\u1ed7i ph\u00fat<\/td><\/tr><tr><td>Kh\u1ed1i l\u1eadp ph\u01b0\u01a1ng 2cm*2cm*2cm<\/td><td>90<\/td><td>3<\/td><\/tr><tr><td>Kh\u1ed1i l\u1eadp ph\u01b0\u01a1ng 2,5cm*2,5cm*2,5cm<\/td><td>80<\/td><td>3<\/td><\/tr><tr><td>\u0110\u01b0\u1eddng k\u00ednh tr\u00f2n 3 cm<\/td><td>72<\/td><td>3<\/td><\/tr><tr><td>\u0110\u01b0\u1eddng k\u00ednh tr\u00f2n 3,3cm<\/td><td>56<\/td><td>3<\/td><\/tr><tr><td>\u0110\u01b0\u1eddng k\u00ednh tr\u00f2n 4cm<\/td><td>42<\/td><td>3<\/td><\/tr><\/tbody><\/table><\/figure>    <h2 class=\"wp-block-heading\" id=\"h-application-of-hubbly-charcoal\">\u1ee8ng d\u1ee5ng c\u1ee7a than Hubbly<strong> <\/strong><\/h2>    <p class=\"translation-block\">M\u00e1y \u00e9p vi\u00ean than shisha th\u01b0\u1eddng \u0111\u01b0\u1ee3c t\u00ecm th\u1ea5y trong <strong><a href=\"https:\/\/charcoalplant.com\/vi\/shisha-charcoal-production-line\/\">d\u00e2y chuy\u1ec1n s\u1ea3n xu\u1ea5t than shisha<\/a><\/strong>. Th\u1ef1c t\u1ebf, vi\u00ean than shisha l\u00e0 m\u1ed9t s\u1ea3n ph\u1ea9m ph\u1ed5 bi\u1ebfn \u1edf \u1ea2 R\u1eadp v\u00e0 Trung \u0110\u00f4ng. Nh\u01b0ng b\u00e2y gi\u1edd nhi\u1ec1u ng\u01b0\u1eddi tr\u1ebb c\u0169ng r\u1ea5t th\u00edch h\u00fat shisha. Do \u0111\u00f3, ch\u00fang ta c\u00f3 th\u1ec3 th\u1ea5y nhi\u1ec1u <strong><a href=\"https:\/\/charcoalplant.com\/vi\/briquettes-packing-machine\/charcoal-briquettes-packing-machine\/\">s\u1ea3n ph\u1ea9m than shisha<\/a><\/strong> kh\u00e1c nhau tr\u00ean th\u1ecb tr\u01b0\u1eddng.<\/p>    <figure class=\"wp-block-gallery has-nested-images columns-default is-cropped wp-block-gallery-7 is-layout-flex wp-block-gallery-is-layout-flex\"> <figure class=\"wp-block-image size-large\"><img loading=\"lazy\" decoding=\"async\" width=\"720\" height=\"540\" data-id=\"2468\" src=\"https:\/\/charcoalplant.com\/wp-content\/uploads\/2022\/02\/hookah-charcoal.jpg\" alt=\"hookah-than\" class=\"wp-image-2468\"\/><figcaption class=\"wp-element-caption\">hookah-than<\/figcaption><\/figure>    <figure class=\"wp-block-image size-large\"><img loading=\"lazy\" decoding=\"async\" width=\"720\" height=\"540\" data-id=\"2469\" src=\"https:\/\/charcoalplant.com\/wp-content\/uploads\/2022\/02\/shisha-charcoal-show.jpg\" alt=\"shisha-than-show\" class=\"wp-image-2469\"\/><figcaption class=\"wp-element-caption\">shisha-than-show<\/figcaption><\/figure> <\/figure>    <figure class=\"wp-block-gallery has-nested-images columns-default is-cropped wp-block-gallery-8 is-layout-flex wp-block-gallery-is-layout-flex\"> <figure class=\"wp-block-image size-large\"><img loading=\"lazy\" decoding=\"async\" width=\"720\" height=\"540\" data-id=\"1361\" src=\"https:\/\/charcoalplant.com\/wp-content\/uploads\/2021\/12\/Ashless-Hookah-Charcoal-1.jpg\" alt=\"Than Hookah kh\u00f4ng tro\" class=\"wp-image-1361\" srcset=\"https:\/\/charcoalplant.com\/wp-content\/uploads\/2021\/12\/Ashless-Hookah-Charcoal-1.jpg 720w, https:\/\/charcoalplant.com\/wp-content\/uploads\/2021\/12\/Ashless-Hookah-Charcoal-1-300x225.jpg 300w\" sizes=\"auto, (max-width: 720px) 100vw, 720px\" \/><figcaption class=\"wp-element-caption\">Than Hookah kh\u00f4ng tro<\/figcaption><\/figure>    <figure class=\"wp-block-image size-large\"><img loading=\"lazy\" decoding=\"async\" width=\"720\" height=\"540\" data-id=\"1362\" src=\"https:\/\/charcoalplant.com\/wp-content\/uploads\/2021\/12\/Burn-fast-1.jpg\" alt=\"\u0110\u1ed1t ch\u00e1y nhanh\" class=\"wp-image-1362\" srcset=\"https:\/\/charcoalplant.com\/wp-content\/uploads\/2021\/12\/Burn-fast-1.jpg 720w, https:\/\/charcoalplant.com\/wp-content\/uploads\/2021\/12\/Burn-fast-1-300x225.jpg 300w\" sizes=\"auto, (max-width: 720px) 100vw, 720px\" \/><figcaption class=\"wp-element-caption\">\u0110\u1ed1t ch\u00e1y nhanh<\/figcaption><\/figure> <\/figure>","protected":false},"excerpt":{"rendered":"<p>M\u00e1y than Shisha t\u1ed1t nh\u1ea5t n\u00ean c\u00f3 c\u00e1c \u0111\u1eb7c \u0111i\u1ec3m c\u1ee7a \u00e1p l\u1ef1c cao, tu\u1ed5i th\u1ecd d\u00e0i v\u00e0 gi\u00e1 tr\u1ecb \u1ee9ng d\u1ee5ng cao.<\/p>","protected":false},"author":1,"featured_media":1356,"parent":0,"template":"","tags":[59],"product-type":[44],"class_list":["post-1259","product","type-product","status-publish","has-post-thumbnail","hentry","tag-charcoal-briquetting-machine","product-type-charcoal-briquetting-machine"],"_links":{"self":[{"href":"https:\/\/charcoalplant.com\/vi\/wp-json\/wp\/v2\/product\/1259","targetHints":{"allow":["GET"]}}],"collection":[{"href":"https:\/\/charcoalplant.com\/vi\/wp-json\/wp\/v2\/product"}],"about":[{"href":"https:\/\/charcoalplant.com\/vi\/wp-json\/wp\/v2\/types\/product"}],"author":[{"embeddable":true,"href":"https:\/\/charcoalplant.com\/vi\/wp-json\/wp\/v2\/users\/1"}],"wp:featuredmedia":[{"embeddable":true,"href":"https:\/\/charcoalplant.com\/vi\/wp-json\/wp\/v2\/media\/1356"}],"wp:attachment":[{"href":"https:\/\/charcoalplant.com\/vi\/wp-json\/wp\/v2\/media?parent=1259"}],"wp:term":[{"taxonomy":"post_tag","embeddable":true,"href":"https:\/\/charcoalplant.com\/vi\/wp-json\/wp\/v2\/tags?post=1259"},{"taxonomy":"product-type","embeddable":true,"href":"https:\/\/charcoalplant.com\/vi\/wp-json\/wp\/v2\/product-type?post=1259"}],"curies":[{"name":"wp","href":"https:\/\/api.w.org\/{rel}","templated":true}]}}