{"id":1439,"date":"2021-12-20T07:47:23","date_gmt":"2021-12-20T07:47:23","guid":{"rendered":"https:\/\/charcoalplant.com\/?p=1439"},"modified":"2023-01-10T09:51:39","modified_gmt":"2023-01-10T01:51:39","slug":"coal-briquettes-production-line","status":"publish","type":"product","link":"https:\/\/charcoalplant.com\/vi\/coal-briquettes-production-line\/","title":{"rendered":"D\u00e2y chuy\u1ec1n s\u1ea3n xu\u1ea5t than b\u00e1nh than"},"content":{"rendered":"<div class=\"kk-star-ratings kksr-auto kksr-align-left kksr-valign-top\"     data-payload='{&quot;align&quot;:&quot;left&quot;,&quot;id&quot;:&quot;1439&quot;,&quot;slug&quot;:&quot;default&quot;,&quot;valign&quot;:&quot;top&quot;,&quot;ignore&quot;:&quot;&quot;,&quot;reference&quot;:&quot;auto&quot;,&quot;class&quot;:&quot;&quot;,&quot;count&quot;:&quot;20&quot;,&quot;legendonly&quot;:&quot;&quot;,&quot;readonly&quot;:&quot;&quot;,&quot;score&quot;:&quot;4.6&quot;,&quot;starsonly&quot;:&quot;&quot;,&quot;best&quot;:&quot;5&quot;,&quot;gap&quot;:&quot;5&quot;,&quot;greet&quot;:&quot;Rate this product&quot;,&quot;legend&quot;:&quot;4.6\\\/5 - (20 b\u00ecnh ch\u1ecdn)&quot;,&quot;size&quot;:&quot;24&quot;,&quot;title&quot;:&quot;Coal Briquettes Production Line&quot;,&quot;width&quot;:&quot;130.9&quot;,&quot;_legend&quot;:&quot;{score}\\\/{best} - ({count} {votes})&quot;,&quot;font_factor&quot;:&quot;1.25&quot;}'>              <div class=\"kksr-stars\">      <div class=\"kksr-stars-inactive\">             <div class=\"kksr-star\" data-star=\"1\" style=\"padding-right: 5px\">               <div class=\"kksr-icon\" style=\"width: 24px; height: 24px;\"><\/div>         <\/div>             <div class=\"kksr-star\" data-star=\"2\" style=\"padding-right: 5px\">               <div class=\"kksr-icon\" style=\"width: 24px; height: 24px;\"><\/div>         <\/div>             <div class=\"kksr-star\" data-star=\"3\" style=\"padding-right: 5px\">               <div class=\"kksr-icon\" style=\"width: 24px; height: 24px;\"><\/div>         <\/div>             <div class=\"kksr-star\" data-star=\"4\" style=\"padding-right: 5px\">               <div class=\"kksr-icon\" style=\"width: 24px; height: 24px;\"><\/div>         <\/div>             <div class=\"kksr-star\" data-star=\"5\" style=\"padding-right: 5px\">               <div class=\"kksr-icon\" style=\"width: 24px; height: 24px;\"><\/div>         <\/div>     <\/div>      <div class=\"kksr-stars-active\" style=\"width: 130.9px;\">             <div class=\"kksr-star\" style=\"padding-right: 5px\">               <div class=\"kksr-icon\" style=\"width: 24px; height: 24px;\"><\/div>         <\/div>             <div class=\"kksr-star\" style=\"padding-right: 5px\">               <div class=\"kksr-icon\" style=\"width: 24px; height: 24px;\"><\/div>         <\/div>             <div class=\"kksr-star\" style=\"padding-right: 5px\">               <div class=\"kksr-icon\" style=\"width: 24px; height: 24px;\"><\/div>         <\/div>             <div class=\"kksr-star\" style=\"padding-right: 5px\">               <div class=\"kksr-icon\" style=\"width: 24px; height: 24px;\"><\/div>         <\/div>             <div class=\"kksr-star\" style=\"padding-right: 5px\">               <div class=\"kksr-icon\" style=\"width: 24px; height: 24px;\"><\/div>         <\/div>     <\/div> <\/div>                   <div class=\"kksr-legend\" style=\"font-size: 19.2px;\">             4,6\/5 - (20 B\u00ecnh Ch\u1ecdn)    <\/div>     <\/div>  <p class=\"translation-block\">D\u00f2ng s\u1ea3n xu\u1ea5t vi\u00ean than c\u1ee7i <strong>\u0111i\u1ec7n t\u1eed<\/strong> s\u1eed d\u1ee5ng than l\u00e0m nguy\u00ean li\u1ec7u \u0111\u1ec3 s\u1ea3n xu\u1ea5t vi\u00ean n\u00e9n, que than, v\u00e0 c\u00e1c s\u1ea3n ph\u1ea9m ho\u00e0n ch\u1ec9nh kh\u00e1c. Vi\u00ean n\u00e9n than b\u1ed9t c\u00f3 \u0111\u1eb7c \u0111i\u1ec3m kh\u00f4ng \u00f4 nhi\u1ec5m, th\u1eddi gian ch\u00e1y d\u00e0i v\u00e0 nhu c\u1ea7u th\u1ecb tr\u01b0\u1eddng l\u1edbn. V\u00e0 m\u00e1y \u00e9p than l\u00e0 thi\u1ebft b\u1ecb c\u1ed1t l\u00f5i trong <strong><a href=\"https:\/\/charcoalplant.com\/vi\/bbq-coal-production-line\/\">d\u00f2ng s\u1ea3n xu\u1ea5t vi\u00ean n\u00e9n than BBQ<\/a><\/strong>. Nh\u00e0 m\u00e1y c\u1ee7a ch\u00fang t\u00f4i cung c\u1ea5p d\u1ecbch v\u1ee5 khu\u00f4n v\u00e0 ph\u1ee5 t\u00f9ng m\u00e1y t\u00f9y ch\u1ec9nh. H\u00e3y cho ch\u00fang t\u00f4i bi\u1ebft \u00fd \u0111\u1ecbnh mua h\u00e0ng c\u1ee7a b\u1ea1n. Ngo\u00e0i ra, Shuliy s\u1ebd cung c\u1ea5p cho b\u1ea1n c\u00e1c d\u1ecbch v\u1ee5 kinh doanh ch\u1ea5t l\u01b0\u1ee3ng cao.<\/p>    <figure class=\"wp-block-image aligncenter size-full\"><img loading=\"lazy\" decoding=\"async\" width=\"720\" height=\"540\" src=\"https:\/\/charcoalplant.com\/wp-content\/uploads\/2021\/12\/coal-briquettes-production-line-for-sale-1-1.jpg\" alt=\"d\u00e2y chuy\u1ec1n s\u1ea3n xu\u1ea5t than b\u00e1nh than \u0111\u1ec3 b\u00e1n\" class=\"wp-image-1440\" srcset=\"https:\/\/charcoalplant.com\/wp-content\/uploads\/2021\/12\/coal-briquettes-production-line-for-sale-1-1.jpg 720w, https:\/\/charcoalplant.com\/wp-content\/uploads\/2021\/12\/coal-briquettes-production-line-for-sale-1-1-300x225.jpg 300w\" sizes=\"auto, (max-width: 720px) 100vw, 720px\" \/><figcaption class=\"wp-element-caption\">d\u00e2y chuy\u1ec1n s\u1ea3n xu\u1ea5t than b\u00e1nh than \u0111\u1ec3 b\u00e1n<\/figcaption><\/figure>    <h2 class=\"wp-block-heading\"><strong>Quy tr\u00ecnh l\u00e0m vi\u1ec7c c\u1ee7a d\u00e2y chuy\u1ec1n s\u1ea3n xu\u1ea5t than b\u00e1nh than<\/strong><\/h2>    <p>B\u01b0\u1edbc \u0111\u1ea7u ti\u00ean trong qu\u00e1 tr\u00ecnh v\u1eadn h\u00e0nh d\u1ef1 \u00e1n than b\u00e1nh l\u00e0 s\u1eed d\u1ee5ng m\u00e1y nghi\u1ec1n than h\u1ed7n h\u1ee3p \u0111\u1ec3 nghi\u1ec1n than c\u1ee5c th\u00e0nh b\u1ed9t. Th\u1ee9 hai, s\u1eed d\u1ee5ng m\u00e1y tr\u1ed9n hai tr\u1ee5c \u0111\u1ec3 tr\u1ed9n \u0111\u1ec1u b\u1ed9t than v\u00e0 ch\u1ea5t k\u1ebft d\u00ednh. B\u01b0\u1edbc th\u1ee9 ba l\u00e0 v\u1eadn chuy\u1ec3n than nghi\u1ec1n h\u1ed7n h\u1ee3p v\u1ec1 silo \u0111\u1ec3 b\u1ea3o qu\u1ea3n. B\u01b0\u1edbc th\u1ee9 t\u01b0 l\u00e0 v\u1eadn chuy\u1ec3n than nghi\u1ec1n trong silo \u0111\u1ebfn m\u00e1y \u0111\u00f3ng vi\u00ean than \u0111\u1ec3 l\u00e0m than b\u00e1nh. B\u01b0\u1edbc th\u1ee9 n\u0103m l\u00e0 s\u1eed d\u1ee5ng thi\u1ebft b\u1ecb s\u1ea5y \u0111\u1ec3 l\u00e0m kh\u00f4 g\u1ea1ch than. Cu\u1ed1i c\u00f9ng, \u0111\u00f3ng g\u00f3i than b\u00e1nh kh\u00f4 v\u00e0o bao b\u00ec nh\u1ef1a.<\/p>    <div class=\"wp-block-columns is-layout-flex wp-container-core-columns-is-layout-28f84493 wp-block-columns-is-layout-flex\"> <div class=\"wp-block-column is-layout-flow wp-block-column-is-layout-flow\"> <figure class=\"wp-block-image size-full\"><img loading=\"lazy\" decoding=\"async\" width=\"720\" height=\"540\" src=\"https:\/\/charcoalplant.com\/wp-content\/uploads\/2022\/01\/coal.jpg\" alt=\"than \u0111\u00e1\" class=\"wp-image-1980\"\/><figcaption class=\"wp-element-caption\">than \u0111\u00e1<\/figcaption><\/figure> <\/div>    <div class=\"wp-block-column is-layout-flow wp-block-column-is-layout-flow\"> <figure class=\"wp-block-image size-full\"><img loading=\"lazy\" decoding=\"async\" width=\"720\" height=\"540\" src=\"https:\/\/charcoalplant.com\/wp-content\/uploads\/2021\/12\/coal-briquette-plant.jpg\" alt=\"than b\u00e1nh \" class=\"wp-image-2908\"\/><figcaption class=\"wp-element-caption\">than b\u00e1nh <\/figcaption><\/figure> <\/div> <\/div>    <h2 class=\"wp-block-heading\"><strong>C\u01a1 c\u1ea5u s\u1ea3n xu\u1ea5t than b\u00e1nh <\/strong>th\u1ef1c v\u1eadt<\/h2>    <p class=\"translation-block\">D\u00e2y chuy\u1ec1n s\u1ea3n xu\u1ea5t vi\u00ean n\u00e9n than c\u00f3 c\u1ea5u tr\u00fac t\u01b0\u01a1ng \u0111\u1ed1i \u0111\u01a1n gi\u1ea3n. V\u00ec v\u1eady, n\u00f3 y\u00eau c\u1ea7u \u00edt thi\u1ebft b\u1ecb h\u01a1n. Nguy\u00ean li\u1ec7u th\u00f4 c\u1ea7n cho d\u00e2y chuy\u1ec1n s\u1ea3n xu\u1ea5t vi\u00ean n\u00e9n ch\u1ee7 y\u1ebfu l\u00e0 than. Nguy\u00ean li\u1ec7u th\u00f4 c\u1ee7a n\u00f3 c\u0169ng c\u00f3 th\u1ec3 l\u00e0 than c\u1ee7i. Quy tr\u00ecnh s\u1eed d\u1ee5ng than l\u00e0m nguy\u00ean li\u1ec7u \u0111\u1ec3 s\u1ea3n xu\u1ea5t vi\u00ean n\u00e9n l\u00e0 <strong>nghi\u1ec1n than \u2192 tr\u1ed9n \u2192 c\u1ea5p li\u1ec7u \u2192 \u00e9p vi\u00ean \u2192 s\u1ea5y \u2192 \u0111\u00f3ng g\u00f3i<\/strong>.<\/p>    <h3 class=\"wp-block-heading\" id=\"h-related-equipment-for-coal-powder-briquettes-production-line\"><strong>Thi\u1ebft b\u1ecb li\u00ean quan cho d\u00e2y chuy\u1ec1n s\u1ea3n xu\u1ea5t than b\u00e1nh b\u1ed9t than<\/strong><\/h3>    <p>Sau \u0111\u00e2y gi\u1edbi thi\u1ec7u c\u00e1c thi\u1ebft b\u1ecb, ch\u1ee9c n\u0103ng c\u1ee7a d\u00e2y chuy\u1ec1n s\u1ea3n xu\u1ea5t than b\u00e1nh c\u1ea7n s\u1eed d\u1ee5ng.<\/p>    <div class=\"wp-block-media-text is-stacked-on-mobile has-background\" style=\"background-color:#f1f1f1;grid-template-columns:52% auto\"><figure class=\"wp-block-media-text__media\"><img loading=\"lazy\" decoding=\"async\" width=\"1024\" height=\"768\" src=\"https:\/\/charcoalplant.com\/wp-content\/uploads\/2021\/12\/coal-grinder.png\" alt=\"m\u00e1y xay than\" class=\"wp-image-2901 size-full\"\/><\/figure><div class=\"wp-block-media-text__content\"> <p id=\"block-9cb7707d-629b-4599-bfda-644ae315d61c\" class=\"translation-block\"><strong>M\u00e1y nghi\u1ec1n composite than (nghi\u1ec1n)<\/strong><\/p>    <p id=\"block-b9946928-7b14-4a14-adbe-efd91c263fde\" class=\"translation-block\">N\u00f3 l\u00e0 m\u1ed9t <strong><a href=\"https:\/\/charcoalplant.com\/vi\/product\/charcoal-shredder\/\">m\u00e1y nghi\u1ec1n \u0111a ch\u1ee9c n\u0103ng<\/a><\/strong>. V\u00ec v\u1eady, nguy\u00ean li\u1ec7u th\u00f4 c\u1ee7a n\u00f3 l\u00e0 than, s\u1ecfi, \u0111\u00e1 v\u00f4i, x\u1ec9, v\u00e0 nhi\u1ec1u h\u01a1n n\u1eefa. N\u00f3 c\u00f3 th\u1ec3 nhanh ch\u00f3ng nghi\u1ec1n than th\u00e0nh b\u1ed9t than kho\u1ea3ng 2mm.<\/p> <\/div><\/div>    <p><\/p>    <div class=\"wp-block-media-text is-stacked-on-mobile has-background\" style=\"background-color:#f1f1f1;grid-template-columns:52% auto\"><figure class=\"wp-block-media-text__media\"><img loading=\"lazy\" decoding=\"async\" width=\"720\" height=\"540\" src=\"https:\/\/charcoalplant.com\/wp-content\/uploads\/2022\/03\/coal-mixer.jpg\" alt=\"m\u00e1y tr\u1ed9n than\" class=\"wp-image-2844 size-full\"\/><\/figure><div class=\"wp-block-media-text__content\"> <p id=\"block-ae61028d-3563-45c6-ac38-e224c61fbf30\" class=\"translation-block\"><strong>M\u00e1y tr\u1ed9n tr\u1ee5c \u0111\u00f4i (tr\u1ed9n)<\/strong><\/p>    <p id=\"block-fbfd63ff-3664-4565-a9a4-49234d284162\">N\u00f3 s\u1eed d\u1ee5ng c\u1ea5u tr\u00fac l\u01b0\u1ee1i xo\u1eafn k\u00e9p. Than nghi\u1ec1n, ch\u1ea5t k\u1ebft d\u00ednh v\u00e0 n\u01b0\u1edbc \u0111\u01b0\u1ee3c khu\u1ea5y tr\u1ed9n ho\u00e0n to\u00e0n trong b\u1ec3 khu\u1ea5y r\u1ed3i r\u01a1i t\u1eeb c\u1ed5ng x\u1ea3 xu\u1ed1ng b\u0103ng t\u1ea3i.<\/p> <\/div><\/div>    <p><\/p>    <div class=\"wp-block-media-text is-stacked-on-mobile has-background\" style=\"background-color:#f1f1f1;grid-template-columns:52% auto\"><figure class=\"wp-block-media-text__media\"><img loading=\"lazy\" decoding=\"async\" width=\"720\" height=\"540\" src=\"https:\/\/charcoalplant.com\/wp-content\/uploads\/2022\/03\/coal-powder-storage-bin.jpg\" alt=\"\" class=\"wp-image-2899 size-full\"\/><\/figure><div class=\"wp-block-media-text__content\"> <p id=\"block-31390d6d-acb7-414c-affa-62b20e5bf594\" class=\"translation-block\"><strong>Kho ch\u1ee9a b\u1ed9t than (c\u1ea5p li\u1ec7u)<\/strong><\/p>    <p id=\"block-786c5bb7-8e08-442f-a140-529c5d58310e\">H\u1ed7n h\u1ee3p than nghi\u1ec1n \u0111\u01b0\u1ee3c ch\u1ee9a trong silo. C\u00f3 c\u1ed5ng x\u1ea3 v\u00e0 van d\u01b0\u1edbi silo. Do \u0111\u00f3, kh\u00e1ch h\u00e0ng c\u00f3 th\u1ec3 xu\u1ea5t nguy\u00ean li\u1ec7u th\u00f4 cho d\u00e2y chuy\u1ec1n s\u1ea3n xu\u1ea5t than b\u00e1nh theo c\u00e1ch th\u1ee7 c\u00f4ng. N\u00f3i t\u00f3m l\u1ea1i, silo l\u00e0 s\u1ef1 \u0111\u1ea3m b\u1ea3o cho qu\u00e1 tr\u00ecnh s\u1ea3n xu\u1ea5t li\u00ean t\u1ee5c.<\/p> <\/div><\/div>    <p><\/p>    <div class=\"wp-block-media-text is-stacked-on-mobile has-background\" style=\"background-color:#f1f1f1;grid-template-columns:51% auto\"><figure class=\"wp-block-media-text__media\"><img loading=\"lazy\" decoding=\"async\" width=\"720\" height=\"540\" src=\"https:\/\/charcoalplant.com\/wp-content\/uploads\/2021\/12\/Honeycomb-Coal-Press-Machine-1.jpg\" alt=\"M\u00e1y \u00e9p than t\u1ed5 ong\" class=\"wp-image-1351 size-full\" srcset=\"https:\/\/charcoalplant.com\/wp-content\/uploads\/2021\/12\/Honeycomb-Coal-Press-Machine-1.jpg 720w, https:\/\/charcoalplant.com\/wp-content\/uploads\/2021\/12\/Honeycomb-Coal-Press-Machine-1-300x225.jpg 300w\" sizes=\"auto, (max-width: 720px) 100vw, 720px\" \/><\/figure><div class=\"wp-block-media-text__content\"> <p class=\"translation-block\"><strong>M\u00e1y l\u00e0m than (\u00e9p vi\u00ean)<\/strong> <\/p>    <p id=\"block-e38ef78e-6d23-4e42-85dc-3581070cb507\" class=\"translation-block\">N\u00f3 <strong><a href=\"https:\/\/charcoalplant.com\/vi\/product\/honeycomb-coal-press-machine\/\">\u00e9p tr\u01b0\u1edbc b\u1ed9t than<\/a><\/strong> v\u00e0o khu\u00f4n. Sau \u0111\u00f3, n\u00f3 \u0111\u01b0\u1ee3c ho\u00e0n th\u00e0nh b\u1eb1ng c\u00e1ch \u0111\u00e2m kim v\u00e0 \u00e9p l\u1ea1i kh\u1ed1i \u00e9p.<\/p> <\/div><\/div>    <p><\/p>    <div class=\"wp-block-media-text is-stacked-on-mobile has-background\" style=\"background-color:#f1f1f1;grid-template-columns:51% auto\"><figure class=\"wp-block-media-text__media\"><img loading=\"lazy\" decoding=\"async\" width=\"720\" height=\"540\" src=\"https:\/\/charcoalplant.com\/wp-content\/uploads\/2021\/12\/shaisha-charcoal-drying-room-1.jpg\" alt=\"ph\u00f2ng s\u1ea5y than shaisha\" class=\"wp-image-1492 size-full\" srcset=\"https:\/\/charcoalplant.com\/wp-content\/uploads\/2021\/12\/shaisha-charcoal-drying-room-1.jpg 720w, https:\/\/charcoalplant.com\/wp-content\/uploads\/2021\/12\/shaisha-charcoal-drying-room-1-300x225.jpg 300w\" sizes=\"auto, (max-width: 720px) 100vw, 720px\" \/><\/figure><div class=\"wp-block-media-text__content\"> <p id=\"block-3b089dae-3fae-4629-ab2a-7ab592eb2f81\" class=\"translation-block\"><strong>M\u00e1y s\u1ea5y (s\u1ea5y)<\/strong><\/p>    <p id=\"block-5504db69-dff5-4573-a649-4f1f156bd0c9\" class=\"translation-block\">N\u00f3 \u0111\u01b0\u1ee3c s\u1eed d\u1ee5ng \u0111\u1ec3 nhanh ch\u00f3ng l\u00e0m kh\u00f4 vi\u00ean n\u00e9n than. H\u01a1n n\u1eefa, ch\u00fang t\u00f4i c\u00f3 m\u1ed9t <strong><a href=\"https:\/\/charcoalplant.com\/vi\/product\/charcoal-briquette-dryer\/\">ph\u00f2ng s\u1ea5y v\u00e0 m\u00e1y s\u1ea5y b\u0103ng t\u1ea3i l\u01b0\u1edbi<\/a><\/strong>. Hai thi\u1ebft b\u1ecb s\u1ea5y n\u00e0y th\u01b0\u1eddng \u0111\u01b0\u1ee3c s\u1eed d\u1ee5ng trong d\u00e2y chuy\u1ec1n s\u1ea3n xu\u1ea5t vi\u00ean n\u00e9n.<\/p> <\/div><\/div>    <p><\/p>    <div class=\"wp-block-media-text is-stacked-on-mobile has-background\" style=\"background-color:#f1f1f1;grid-template-columns:51% auto\"><figure class=\"wp-block-media-text__media\"><img loading=\"lazy\" decoding=\"async\" width=\"720\" height=\"540\" src=\"https:\/\/charcoalplant.com\/wp-content\/uploads\/2022\/03\/charcoal-briket-bagging-machine.jpg\" alt=\"m\u00e1y \u0111\u00f3ng bao than\" class=\"wp-image-2874 size-full\"\/><\/figure><div class=\"wp-block-media-text__content\"> <p id=\"block-ca300dad-e0f1-4b37-8e7d-20574f80d910\" class=\"translation-block\"><strong>M\u00e1y \u0111\u00f3ng g\u00f3i (\u0111\u00f3ng g\u00f3i)<\/strong><\/p>    <p id=\"block-ab346373-2956-4e43-bfb3-05b19cf5762c\" class=\"translation-block\">Vi\u00ean n\u00e9n v\u00e0 que than c\u00f3 th\u1ec3 \u0111\u01b0\u1ee3c \u0111\u00f3ng g\u00f3i b\u1eb1ng m\u00e1y ni\u00eam phong v\u00e0 c\u1eaft. N\u00f3 \u00e1p d\u1ee5ng quy tr\u00ecnh co nhi\u1ec7t, r\u1ea5t ti\u1ec7n l\u1ee3i v\u00e0 nhanh ch\u00f3ng. Ch\u00fang t\u00f4i c\u0169ng c\u00f3 m\u1ed9t <strong><a href=\"https:\/\/charcoalplant.com\/vi\/product\/charcoal-briquettes-packing-machine\/\">m\u00e1y \u0111\u00f3ng g\u00f3i \u0111\u1ecbnh l\u01b0\u1ee3ng<\/a><\/strong> \u0111\u1ec3 l\u1ef1a ch\u1ecdn.<\/p> <\/div><\/div>    <p><\/p>    <h2 class=\"wp-block-heading\"><strong>Gi\u00e1 d\u00e2y chuy\u1ec1n s\u1ea3n xu\u1ea5t than b\u00e1nh<\/strong><\/h2>    <p>Do nhu c\u1ea7u kh\u00e1c nhau c\u1ee7a kh\u00e1ch h\u00e0ng n\u00ean d\u00e2y chuy\u1ec1n s\u1ea3n xu\u1ea5t c\u1ee7a h\u1ecd c\u0169ng kh\u00e1c nhau. V\u00ec v\u1eady m\u00e0 gi\u00e1 d\u00f2ng gi\u00e1 c\u1ee7a c\u00e1c lo\u1ea1i m\u00e1y \u00e9p than kh\u00e1c nhau l\u00e0 kh\u00e1c nhau. Ch\u00fang t\u00f4i mu\u1ed1n bi\u1ebft thi\u1ebft b\u1ecb c\u1ee5 th\u1ec3 m\u00e0 b\u1ea1n mu\u1ed1n mua. Ho\u1eb7c ch\u00fang t\u00f4i c\u00f3 th\u1ec3 cung c\u1ea5p cho b\u1ea1n m\u1ed9t ch\u01b0\u01a1ng tr\u00ecnh d\u00e2y chuy\u1ec1n s\u1ea3n xu\u1ea5t ph\u00f9 h\u1ee3p. T\u00f3m l\u1ea1i, ch\u00fang ta ph\u1ea3i gi\u1ea3i quy\u1ebft v\u1ea5n \u0111\u1ec1 theo t\u00ecnh h\u00ecnh th\u1ef1c t\u1ebf c\u1ee7a kh\u00e1ch h\u00e0ng. H\u00e3y h\u00e0nh \u0111\u1ed9ng ngay b\u00e2y gi\u1edd h\u00e3y li\u00ean h\u1ec7 v\u1edbi ch\u00fang t\u00f4i \u0111\u1ec3 ti\u1ebfn h\u00e0nh kinh doanh.<\/p>    <h2 class=\"wp-block-heading\" id=\"h-coal-making-machine-for-sale\"><strong>C\u1ea7n b\u00e1n m\u00e1y l\u00e0m than<\/strong><\/h2>    <p>Ch\u00fang t\u00f4i s\u1ea3n xu\u1ea5t m\u00e1y \u00e9p than t\u1ed5 ong, m\u00e1y than bbq v\u00e0 m\u00e1y \u0111\u00f3ng b\u00e1nh than. V\u00ec v\u1eady, h\u1ecd c\u00f3 th\u1ec3 \u0111\u00e1p \u1ee9ng nhu c\u1ea7u s\u1ea3n xu\u1ea5t c\u1ee7a c\u00e1c kh\u00e1ch h\u00e0ng kh\u00e1c nhau nh\u01b0ng c\u0169ng c\u00f3 th\u1ec3 \u0111\u00e1p \u1ee9ng nhu c\u1ea7u mua h\u00e0ng c\u1ee7a nh\u1eefng ng\u01b0\u1eddi ti\u00eau d\u00f9ng kh\u00e1c nhau. D\u00e2y chuy\u1ec1n s\u1ea3n xu\u1ea5t m\u00e1y l\u00e0m than Shuliy Machinery c\u00f3 nhi\u1ec1u m\u1eabu m\u00e3 \u0111a d\u1ea1ng. H\u01a1n n\u1eefa, nh\u00e0 m\u00e1y c\u1ee7a ch\u00fang t\u00f4i cung c\u1ea5p cho kh\u00e1ch h\u00e0ng c\u00e1c d\u1ecbch v\u1ee5 t\u00f9y bi\u1ebfn s\u1ea3n ph\u1ea9m. N\u1ebfu b\u1ea1n c\u00f3 b\u1ea5t k\u1ef3 c\u00e2u h\u1ecfi n\u00e0o, vui l\u00f2ng \u0111\u1ec3 l\u1ea1i tin nh\u1eafn, ch\u00fang t\u00f4i s\u1ebd h\u1ed7 tr\u1ee3 b\u1ea1n trong th\u1eddi gian s\u1edbm nh\u1ea5t.<\/p>    <figure class=\"wp-block-gallery has-nested-images columns-2 is-cropped wp-block-gallery-2 is-layout-flex wp-block-gallery-is-layout-flex\"> <figure class=\"wp-block-image size-full\"><img loading=\"lazy\" decoding=\"async\" width=\"720\" height=\"540\" data-id=\"2925\" src=\"https:\/\/charcoalplant.com\/wp-content\/uploads\/2022\/03\/coal-briquettes-production-line-plant.jpg\" alt=\"nh\u00e0 m\u00e1y d\u00e2y chuy\u1ec1n s\u1ea3n xu\u1ea5t than b\u00e1nh\" class=\"wp-image-2925\"\/><figcaption class=\"wp-element-caption\">nh\u00e0 m\u00e1y d\u00e2y chuy\u1ec1n s\u1ea3n xu\u1ea5t than b\u00e1nh<\/figcaption><\/figure>    <figure class=\"wp-block-image size-large\"><img loading=\"lazy\" decoding=\"async\" width=\"720\" height=\"540\" data-id=\"2926\" src=\"https:\/\/charcoalplant.com\/wp-content\/uploads\/2022\/03\/coal-making-machine-for-sale.jpg\" alt=\"m\u00e1y l\u00e0m than \u0111\u1ec3 b\u00e1n\" class=\"wp-image-2926\"\/><figcaption class=\"wp-element-caption\">m\u00e1y l\u00e0m than \u0111\u1ec3 b\u00e1n<\/figcaption><\/figure>    <figure class=\"wp-block-image size-large\"><img loading=\"lazy\" decoding=\"async\" width=\"720\" height=\"540\" data-id=\"2927\" src=\"https:\/\/charcoalplant.com\/wp-content\/uploads\/2022\/03\/coal-briquettes-machine-plant-shipping.jpg\" alt=\"nh\u00e0 m\u00e1y v\u1eadn chuy\u1ec3n than b\u00e1nh than\" class=\"wp-image-2927\"\/><figcaption class=\"wp-element-caption\">nh\u00e0 m\u00e1y v\u1eadn chuy\u1ec3n than b\u00e1nh than<\/figcaption><\/figure>    <figure class=\"wp-block-image size-large\"><img loading=\"lazy\" decoding=\"async\" width=\"720\" height=\"540\" data-id=\"2928\" src=\"https:\/\/charcoalplant.com\/wp-content\/uploads\/2022\/03\/shipping-of-drying-machine.jpg\" alt=\"v\u1eadn chuy\u1ec3n m\u00e1y s\u1ea5y\" class=\"wp-image-2928\"\/><figcaption class=\"wp-element-caption\">v\u1eadn chuy\u1ec3n m\u00e1y s\u1ea5y<\/figcaption><\/figure> <\/figure>","protected":false},"excerpt":{"rendered":"<p>D\u00e2y chuy\u1ec1n s\u1ea3n xu\u1ea5t than b\u00e1nh\u00a0s\u1eed d\u1ee5ng than l\u00e0m nguy\u00ean li\u1ec7u th\u00f4 \u0111\u1ec3 s\u1ea3n xu\u1ea5t than t\u1ed5 ong, than b\u00e1nh, thanh than\u00a0v\u00e0 c\u00e1c th\u00e0nh ph\u1ea9m kh\u00e1c.<\/p>","protected":false},"author":1,"featured_media":1440,"parent":0,"template":"","tags":[59],"product-type":[53],"class_list":["post-1439","product","type-product","status-publish","has-post-thumbnail","hentry","tag-charcoal-briquetting-machine","product-type-product-line"],"_links":{"self":[{"href":"https:\/\/charcoalplant.com\/vi\/wp-json\/wp\/v2\/product\/1439","targetHints":{"allow":["GET"]}}],"collection":[{"href":"https:\/\/charcoalplant.com\/vi\/wp-json\/wp\/v2\/product"}],"about":[{"href":"https:\/\/charcoalplant.com\/vi\/wp-json\/wp\/v2\/types\/product"}],"author":[{"embeddable":true,"href":"https:\/\/charcoalplant.com\/vi\/wp-json\/wp\/v2\/users\/1"}],"wp:featuredmedia":[{"embeddable":true,"href":"https:\/\/charcoalplant.com\/vi\/wp-json\/wp\/v2\/media\/1440"}],"wp:attachment":[{"href":"https:\/\/charcoalplant.com\/vi\/wp-json\/wp\/v2\/media?parent=1439"}],"wp:term":[{"taxonomy":"post_tag","embeddable":true,"href":"https:\/\/charcoalplant.com\/vi\/wp-json\/wp\/v2\/tags?post=1439"},{"taxonomy":"product-type","embeddable":true,"href":"https:\/\/charcoalplant.com\/vi\/wp-json\/wp\/v2\/product-type?post=1439"}],"curies":[{"name":"wp","href":"https:\/\/api.w.org\/{rel}","templated":true}]}}