{"id":1497,"date":"2021-12-23T03:51:11","date_gmt":"2021-12-23T03:51:11","guid":{"rendered":"https:\/\/charcoalplant.com\/?p=1497"},"modified":"2023-02-01T15:40:52","modified_gmt":"2023-02-01T07:40:52","slug":"charcoal-briquettes-packing-machine","status":"publish","type":"product","link":"https:\/\/charcoalplant.com\/vi\/product\/charcoal-briquettes-packing-machine\/","title":{"rendered":"M\u00e1y \u0111\u00f3ng g\u00f3i than b\u00e1nh | Linh ho\u1ea1t &amp; Hi\u1ec7u qu\u1ea3"},"content":{"rendered":"<div class=\"kk-star-ratings kksr-auto kksr-align-left kksr-valign-top\"     data-payload='{&quot;align&quot;:&quot;left&quot;,&quot;id&quot;:&quot;1497&quot;,&quot;slug&quot;:&quot;default&quot;,&quot;valign&quot;:&quot;top&quot;,&quot;ignore&quot;:&quot;&quot;,&quot;reference&quot;:&quot;auto&quot;,&quot;class&quot;:&quot;&quot;,&quot;count&quot;:&quot;20&quot;,&quot;legendonly&quot;:&quot;&quot;,&quot;readonly&quot;:&quot;&quot;,&quot;score&quot;:&quot;4.7&quot;,&quot;starsonly&quot;:&quot;&quot;,&quot;best&quot;:&quot;5&quot;,&quot;gap&quot;:&quot;5&quot;,&quot;greet&quot;:&quot;Rate this product&quot;,&quot;legend&quot;:&quot;4.7\\\/5 - (20 b\u00ecnh ch\u1ecdn)&quot;,&quot;size&quot;:&quot;24&quot;,&quot;title&quot;:&quot;Charcoal Briquettes Packing Machine | Flexible \\u0026amp; Efficient&quot;,&quot;width&quot;:&quot;133.8&quot;,&quot;_legend&quot;:&quot;{score}\\\/{best} - ({count} {votes})&quot;,&quot;font_factor&quot;:&quot;1.25&quot;}'>              <div class=\"kksr-stars\">      <div class=\"kksr-stars-inactive\">             <div class=\"kksr-star\" data-star=\"1\" style=\"padding-right: 5px\">               <div class=\"kksr-icon\" style=\"width: 24px; height: 24px;\"><\/div>         <\/div>             <div class=\"kksr-star\" data-star=\"2\" style=\"padding-right: 5px\">               <div class=\"kksr-icon\" style=\"width: 24px; height: 24px;\"><\/div>         <\/div>             <div class=\"kksr-star\" data-star=\"3\" style=\"padding-right: 5px\">               <div class=\"kksr-icon\" style=\"width: 24px; height: 24px;\"><\/div>         <\/div>             <div class=\"kksr-star\" data-star=\"4\" style=\"padding-right: 5px\">               <div class=\"kksr-icon\" style=\"width: 24px; height: 24px;\"><\/div>         <\/div>             <div class=\"kksr-star\" data-star=\"5\" style=\"padding-right: 5px\">               <div class=\"kksr-icon\" style=\"width: 24px; height: 24px;\"><\/div>         <\/div>     <\/div>      <div class=\"kksr-stars-active\" style=\"width: 133.8px;\">             <div class=\"kksr-star\" style=\"padding-right: 5px\">               <div class=\"kksr-icon\" style=\"width: 24px; height: 24px;\"><\/div>         <\/div>             <div class=\"kksr-star\" style=\"padding-right: 5px\">               <div class=\"kksr-icon\" style=\"width: 24px; height: 24px;\"><\/div>         <\/div>             <div class=\"kksr-star\" style=\"padding-right: 5px\">               <div class=\"kksr-icon\" style=\"width: 24px; height: 24px;\"><\/div>         <\/div>             <div class=\"kksr-star\" style=\"padding-right: 5px\">               <div class=\"kksr-icon\" style=\"width: 24px; height: 24px;\"><\/div>         <\/div>             <div class=\"kksr-star\" style=\"padding-right: 5px\">               <div class=\"kksr-icon\" style=\"width: 24px; height: 24px;\"><\/div>         <\/div>     <\/div> <\/div>                   <div class=\"kksr-legend\" style=\"font-size: 19.2px;\">             4,7\/5 - (20 B\u00ecnh Ch\u1ecdn)    <\/div>     <\/div>  <p class=\"translation-block\"><strong>M\u00e1y \u0111\u00f3ng g\u00f3i than \u00e9p<\/strong> l\u00e0 thi\u1ebft b\u1ecb d\u00f9ng \u0111\u1ec3 \u0111\u00f3ng g\u00f3i s\u1ea3n ph\u1ea9m than v\u00e0o t\u00fai ho\u1eb7c bao b\u00ec. N\u00f3 th\u01b0\u1eddng bao g\u1ed3m h\u1ec7 th\u1ed1ng c\u00e2n \u0111\u1ec3 \u0111\u1ea3m b\u1ea3o \u0111\u1ecbnh l\u01b0\u1ee3ng ch\u00ednh x\u00e1c, c\u0169ng nh\u01b0 c\u01a1 ch\u1ebf h\u00e0n \u0111\u1ec3 \u0111\u00f3ng v\u00e0 ni\u00eam phong t\u00fai ho\u1eb7c bao b\u00ec. <\/p>    <p class=\"translation-block\">M\u00e1y \u0111\u00f3ng g\u00f3i than c\u1ee7i<strong> <\/strong>\u0111\u01b0\u1ee3c b\u00e1n t\u1eeb Shuliy ch\u1ee7 y\u1ebfu bao g\u1ed3m m\u00e1y \u0111\u00f3ng g\u00f3i than c\u1ee7i h\u00ecnh tr\u00f2n, m\u00e1y \u0111\u00f3ng g\u00f3i than c\u1ee7i h\u00ecnh vu\u00f4ng, m\u00e1y \u0111\u00f3ng g\u00f3i than c\u1ee7i n\u01b0\u1edbng, v\u00e0 m\u00e1y \u0111\u00f3ng g\u00f3i than t\u1ed5 ong. B\u1ed1n m\u00e1y \u0111\u00f3ng g\u00f3i n\u00e0y c\u00f3 th\u1ec3 \u0111\u00f3ng g\u00f3i than c\u1ee7i m\u1ed9t c\u00e1ch hi\u1ec7u qu\u1ea3 theo c\u00e1c \u0111\u1eb7c \u0111i\u1ec3m v\u1ec1 h\u00ecnh d\u1ea1ng, tr\u1ecdng l\u01b0\u1ee3ng v\u00e0 \u0111i\u1ec1u ki\u1ec7n l\u01b0u tr\u1eef c\u1ee7a n\u00f3. D\u01b0\u1edbi \u0111\u00e2y, t\u00f4i s\u1ebd gi\u1edbi thi\u1ec7u c\u00e1c \u0111\u1eb7c \u0111i\u1ec3m v\u00e0 \u1ee9ng d\u1ee5ng c\u1ee7a b\u1ed1n m\u00e1y \u0111\u00f3ng g\u00f3i than c\u1ee7i n\u00e0y. <\/p>    <h2 class=\"wp-block-heading\" id=\"h-round-hookah-charcoal-packing-machine\"><strong>Lo\u1ea1i 1<\/strong>: <strong>Tr\u00f2n<\/strong> <strong>than hookah<\/strong> <strong>m\u00e1y \u0111\u00f3ng g\u00f3i<\/strong> <strong>\u0111\u1ec3 b\u00e1n<\/strong><\/h2>    <p class=\"translation-block\"><strong>M\u00e1y \u0111\u00f3ng g\u00f3i than hookah tr\u00f2n<\/strong> c\u00f2n \u0111\u01b0\u1ee3c g\u1ecdi l\u00e0 m\u00e1y \u0111\u00f3ng g\u00f3i lo\u1ea1i ngang. M\u00e1y \u0111\u00f3ng g\u00f3i n\u00e0y c\u0169ng th\u01b0\u1eddng \u0111\u01b0\u1ee3c s\u1eed d\u1ee5ng trong ng\u00e0nh th\u1ef1c ph\u1ea9m v\u00e0 d\u01b0\u1ee3c ph\u1ea9m. N\u00f3 \u0111\u01b0\u1ee3c \u0111i\u1ec1u khi\u1ec3n b\u1edfi b\u1ea3ng CNC th\u00f4ng minh. Do \u0111\u00f3, kh\u00e1ch h\u00e0ng c\u00f3 th\u1ec3 c\u00e0i \u0111\u1eb7t chi\u1ec1u d\u00e0i t\u00fai \u0111\u00f3ng g\u00f3i, t\u1ed1c \u0111\u1ed9 \u0111\u00f3ng g\u00f3i, s\u1ed1 l\u01b0\u1ee3ng \u0111\u00f3ng g\u00f3i, v.v. th\u00f4ng qua m\u00e1y t\u00ednh. Cu\u1ed1i c\u00f9ng, t\u1ea5m than hookah \u0111\u01b0\u1ee3c \u0111\u00f3ng g\u00f3i v\u00e0 ni\u00eam phong t\u1ef1 \u0111\u1ed9ng b\u1eb1ng m\u00e0ng \u0111\u00f3ng g\u00f3i. <\/p>    <figure class=\"wp-block-image aligncenter size-full is-resized\"><img loading=\"lazy\" decoding=\"async\" src=\"https:\/\/charcoalplant.com\/wp-content\/uploads\/2022\/02\/shisha-packaging-machine-plant.jpg\" alt=\"nh\u00e0 m\u00e1y s\u1ea3n xu\u1ea5t m\u00e1y \u0111\u00f3ng g\u00f3i than\" class=\"wp-image-2496\" width=\"657\" height=\"491\"\/><figcaption class=\"wp-element-caption\">nh\u00e0 m\u00e1y s\u1ea3n xu\u1ea5t m\u00e1y \u0111\u00f3ng g\u00f3i than<\/figcaption><\/figure>    <h3 class=\"wp-block-heading\">Thi\u1ebft b\u1ecb h\u1ed7 tr\u1ee3 t\u00f9y ch\u1ecdn cho bao b\u00ec than<\/h3>    <p class=\"translation-block\"><strong>M\u00e1y ph\u00e2n ph\u1ed1i than hookah<\/strong> c\u00f3 hai ch\u1ee9c n\u0103ng. M\u1ed9t m\u1eb7t, t\u1ea5m than shisha \u0111\u01b0\u1ee3c l\u00e0m ph\u1eb3ng tr\u01b0\u1edbc khi chia nguy\u00ean li\u1ec7u. M\u1eb7t kh\u00e1c, c\u00e1c r\u00e3nh c\u1ee7a n\u00f3 cho ph\u00e9p t\u00e1ch c\u00e1c s\u1ea3n ph\u1ea9m ri\u00eang l\u1ebb. C\u00e1c g\u00f3i than shisha ph\u1ed5 bi\u1ebfn nh\u1ea5t tr\u00ean th\u1ecb tr\u01b0\u1eddng l\u00e0 10 chi\u1ebfc m\u1ed7i t\u00fai. (N\u1ebfu c\u00f3 nhu c\u1ea7u, nh\u00e0 m\u00e1y c\u1ee7a ch\u00fang t\u00f4i c\u00f3 th\u1ec3 t\u00f9y ch\u1ec9nh b\u1ed9 chia \u0111a r\u00e3nh)<\/p>    <figure class=\"wp-block-gallery has-nested-images columns-default is-cropped wp-block-gallery-2 is-layout-flex wp-block-gallery-is-layout-flex\"> <figure class=\"wp-block-image size-large\"><img loading=\"lazy\" decoding=\"async\" width=\"720\" height=\"540\" data-id=\"2494\" src=\"https:\/\/charcoalplant.com\/wp-content\/uploads\/2022\/02\/paving-the-hookah-charcoal.jpg\" alt=\"than-l\u00e1t-hookah\" class=\"wp-image-2494\"\/><figcaption class=\"wp-element-caption\">than-l\u00e1t-hookah<\/figcaption><\/figure>    <figure class=\"wp-block-image size-large\"><img loading=\"lazy\" decoding=\"async\" width=\"720\" height=\"540\" data-id=\"1766\" src=\"https:\/\/charcoalplant.com\/wp-content\/uploads\/2021\/12\/hookah-charcoal-packing-machine.jpg\" alt=\"b\u00ecnh \u0111\u1ef1ng than hookah\" class=\"wp-image-1766\" srcset=\"https:\/\/charcoalplant.com\/wp-content\/uploads\/2021\/12\/hookah-charcoal-packing-machine.jpg 720w, https:\/\/charcoalplant.com\/wp-content\/uploads\/2021\/12\/hookah-charcoal-packing-machine-300x225.jpg 300w\" sizes=\"auto, (max-width: 720px) 100vw, 720px\" \/><figcaption class=\"wp-element-caption\">M\u00e1y ph\u00e2n ph\u1ed1i than hookah<\/figcaption><\/figure> <\/figure>    <p class=\"translation-block\"><strong>M\u00e1y \u0111\u00f3ng g\u00f3i co m\u00e0ng nhi\u1ec7t<\/strong> l\u00e0 thi\u1ebft b\u1ecb \u0111\u00f3ng g\u00f3i h\u00e0ng h\u00f3a th\u00f4ng th\u01b0\u1eddng. Vi\u1ec7c th\u00eam m\u00e0ng nh\u1ef1a v\u00e0o b\u00ean ngo\u00e0i s\u1ea3n ph\u1ea9m c\u00f3 th\u1ec3 ch\u1ed1ng tr\u1ea7y x\u01b0\u1edbc h\u1ed9p v\u00e0 c\u0169ng ng\u0103n ng\u1eeba \u1ea9m<\/p>    <h3 class=\"wp-block-heading\">M\u00e0n h\u00ecnh g\u00f3i than tr\u00f2n hubbly<\/h3>    <figure class=\"wp-block-gallery has-nested-images columns-default is-cropped wp-block-gallery-3 is-layout-flex wp-block-gallery-is-layout-flex\"> <figure class=\"wp-block-image size-large\"><img loading=\"lazy\" decoding=\"async\" width=\"720\" height=\"540\" data-id=\"1770\" src=\"https:\/\/charcoalplant.com\/wp-content\/uploads\/2022\/01\/hookah-charcoal-briquette-wrapping-show.jpg\" alt=\"hookah-than-than b\u00e1nh-g\u00f3i-show\" class=\"wp-image-1770\" srcset=\"https:\/\/charcoalplant.com\/wp-content\/uploads\/2022\/01\/hookah-charcoal-briquette-wrapping-show.jpg 720w, https:\/\/charcoalplant.com\/wp-content\/uploads\/2022\/01\/hookah-charcoal-briquette-wrapping-show-300x225.jpg 300w\" sizes=\"auto, (max-width: 720px) 100vw, 720px\" \/><figcaption class=\"wp-element-caption\">hookah-than-than b\u00e1nh-g\u00f3i-show<\/figcaption><\/figure>    <figure class=\"wp-block-image size-large\"><img loading=\"lazy\" decoding=\"async\" width=\"720\" height=\"540\" data-id=\"1771\" src=\"https:\/\/charcoalplant.com\/wp-content\/uploads\/2022\/01\/shisha-charcoal-bagging-effect.jpg\" alt=\"hi\u1ec7u \u1ee9ng \u0111\u00f3ng g\u00f3i than shisha\" class=\"wp-image-1771\" srcset=\"https:\/\/charcoalplant.com\/wp-content\/uploads\/2022\/01\/shisha-charcoal-bagging-effect.jpg 720w, https:\/\/charcoalplant.com\/wp-content\/uploads\/2022\/01\/shisha-charcoal-bagging-effect-300x225.jpg 300w\" sizes=\"auto, (max-width: 720px) 100vw, 720px\" \/><figcaption class=\"wp-element-caption\">hi\u1ec7u \u1ee9ng \u0111\u00f3ng g\u00f3i than shisha<\/figcaption><\/figure> <\/figure>    <figure class=\"wp-block-embed is-type-video is-provider-youtube wp-block-embed-youtube wp-embed-aspect-16-9 wp-has-aspect-ratio\"><div class=\"wp-block-embed__wrapper\"> <iframe loading=\"lazy\" title=\"Vi\u00ean Shisha Than D\u1eeba T\u1ed1t Nh\u1ea5t | Nh\u00e0 m\u00e1y s\u1ea3n xu\u1ea5t m\u00e1y t\u00ednh b\u1ea3ng Hookah quay#shishacharcoal#Arab\" width=\"500\" height=\"281\" src=\"https:\/\/www.youtube.com\/embed\/SCr3JOp5PN8?feature=oembed\" frameborder=\"0\" allow=\"accelerometer; autoplay; clipboard-write; encrypted-media; gyroscope; picture-in-picture; web-share\" referrerpolicy=\"strict-origin-when-cross-origin\" allowfullscreen><\/iframe> <\/div><\/figure>    <h3 class=\"wp-block-heading\">Th\u00f4ng s\u1ed1 c\u1ee7a m\u00e1y \u0111\u00f3ng g\u00f3i than<\/h3>    <p>Sau \u0111\u00e2y l\u00e0 th\u00f4ng s\u1ed1 c\u1ee7a 3 m\u1eabu m\u00e1y \u0111\u00f3ng g\u00f3i g\u1ed1i.<\/p>    <figure class=\"wp-block-table is-style-stripes\"><table><tbody><tr><td class=\"has-text-align-left\" data-align=\"left\">           <strong>Ng\u01b0\u1eddi m\u1eabu<\/strong><\/td><td>         <strong>TH-250B<\/strong><\/td><td>       <strong>TH-250D<\/strong><\/td><td>         <strong>TH-250S<\/strong><\/td><\/tr><tr><td class=\"has-text-align-left\" data-align=\"left\">       <strong>Chi\u1ec1u r\u1ed9ng phim <\/strong><\/td><td>         T\u1ed1i \u0111a 250mm <\/td><td>       T\u1ed1i \u0111a 250mm <\/td><td>         T\u1ed1i \u0111a 180mm <\/td><\/tr><tr><td class=\"has-text-align-left\" data-align=\"left\">       <strong>Chi\u1ec1u d\u00e0i t\u00fai<\/strong><\/td><td>         65 ~ 190mm <br>        120 ~ 280mm<\/td><td>       90 ~ 220mm<\/td><td>         45 ~ 90mm<\/td><\/tr><tr><td class=\"has-text-align-left\" data-align=\"left\">       <strong>Chi\u1ec1u r\u1ed9ng t\u00fai<\/strong> <\/td><td>         30 ~ 110mm <\/td><td>       30 ~ 110mm <\/td><td>         30 ~ 80mm <\/td><\/tr><tr><td class=\"has-text-align-left\" data-align=\"left\">   <strong>Chi\u1ec1u cao s\u1ea3n ph\u1ea9m<\/strong><\/td><td>         T\u1ed1i \u0111a 40mm<\/td><td>       T\u1ed1i \u0111a 55mm<\/td><td>         T\u1ed1i \u0111a 35mmn<\/td><\/tr><tr><td class=\"has-text-align-left\" data-align=\"left\"> <strong>\u0110\u01b0\u1eddng k\u00ednh cu\u1ed9n phim <\/strong><\/td><td>         T\u1ed1i \u0111a 320Tm <\/td><td>       T\u1ed1i \u0111a 320Tm  <\/td><td>         T\u1ed1i \u0111a 320Tm  <\/td><\/tr><tr><td class=\"has-text-align-left\" data-align=\"left\">   <strong>T\u1ed1c \u0111\u1ed9 \u0111\u00f3ng g\u00f3i<\/strong> <\/td><td> 40-230G\u00f3i\/ph\u00fat <\/td><td>40-230G\u00f3i\/ph\u00fat  <\/td><td> 60-330G\u00f3i\/ph\u00fat  <\/td><\/tr><\/tbody><\/table><\/figure>    <h2 class=\"wp-block-heading\" id=\"h-cube-shisha-charcoal-briquettes-packing-machine\"><strong>Lo\u1ea1i 2<\/strong>: <strong>M\u00e1y \u0111\u00f3ng g\u00f3i than shisha kh\u1ed1i<\/strong> <strong>\u0111\u1ec3 b\u00e1n<\/strong><\/h2>    <p>\u0110\u1ec3 gi\u1edbi thi\u1ec7u r\u00f5 h\u01a1n v\u1ec1 m\u00e1y \u0111\u00f3ng g\u00f3i than hookah, ch\u00fang t\u00f4i \u0111\u00e3 l\u00e0m m\u1ed9t video Youtube. D\u01b0\u1edbi \u0111\u00e2y l\u00e0 video ho\u1ea1t \u0111\u1ed9ng c\u1ee7a m\u00e1y \u0111\u00f3ng g\u00f3i than hookah vu\u00f4ng. Ch\u00e0o m\u1eebng c\u00e1c b\u1ea1n \u0111\u1ebfn xem, n\u1ebfu th\u00edch th\u00ec \u0111\u1eebng qu\u00ean \u0111\u0103ng k\u00fd nh\u00e9.<\/p>    <figure class=\"wp-block-embed is-type-video is-provider-youtube wp-block-embed-youtube wp-embed-aspect-16-9 wp-has-aspect-ratio\"><div class=\"wp-block-embed__wrapper\"> <iframe loading=\"lazy\" title=\"M\u00e1y \u00e9p than Hookah h\u00ecnh kh\u1ed1i quay | M\u00e1y \u0111\u00f3ng g\u00f3i than b\u00e1nh b\u1ed9t than#cubeshishacharcoal\" width=\"500\" height=\"281\" src=\"https:\/\/www.youtube.com\/embed\/Xr96E5YjIis?feature=oembed\" frameborder=\"0\" allow=\"accelerometer; autoplay; clipboard-write; encrypted-media; gyroscope; picture-in-picture; web-share\" referrerpolicy=\"strict-origin-when-cross-origin\" allowfullscreen><\/iframe> <\/div><\/figure>    <h3 class=\"wp-block-heading\">M\u00e0n h\u00ecnh g\u00f3i than hubbly<\/h3>    <figure class=\"wp-block-gallery has-nested-images columns-default is-cropped wp-block-gallery-4 is-layout-flex wp-block-gallery-is-layout-flex\"> <figure class=\"wp-block-image size-large\"><img loading=\"lazy\" decoding=\"async\" width=\"720\" height=\"540\" data-id=\"2502\" src=\"https:\/\/charcoalplant.com\/wp-content\/uploads\/2022\/02\/72-Pcs-Box-Natural-Coconut-Shell-Cubes-Coal-Charcoal-for-Shisha.jpg\" alt=\"72-C\u00e1i-H\u1ed9p-T\u1ef1 Nhi\u00ean-V\u1ecf D\u1eeba-Kh\u1ed1i-Than-Than-cho-Shisha\" class=\"wp-image-2502\"\/><figcaption class=\"wp-element-caption\">72-C\u00e1i-H\u1ed9p-T\u1ef1 Nhi\u00ean-V\u1ecf D\u1eeba-Kh\u1ed1i-Than-Than-cho-Shisha<\/figcaption><\/figure>    <figure class=\"wp-block-image size-large\"><img loading=\"lazy\" decoding=\"async\" width=\"720\" height=\"540\" data-id=\"2503\" src=\"https:\/\/charcoalplant.com\/wp-content\/uploads\/2022\/02\/cube-charcoal-.jpg\" alt=\"than c\u1ee7i\" class=\"wp-image-2503\"\/><figcaption class=\"wp-element-caption\">than c\u1ee7i<\/figcaption><\/figure> <\/figure>    <h2 class=\"wp-block-heading\"><strong>Lo\u1ea1i 3<\/strong>: <strong>M\u00e1y \u0111\u00f3ng g\u00f3i than BBQ<\/strong> <strong>\u0111\u1ec3 b\u00e1n<\/strong><\/h2>    <p class=\"translation-block\">Lo\u1ea1i m\u00e1y \u0111\u00f3ng g\u00f3i than n\u00e0y c\u00f2n \u0111\u01b0\u1ee3c g\u1ecdi l\u00e0 m\u00e1y \u0111\u00f3ng g\u00f3i \u0111\u1ecbnh l\u01b0\u1ee3ng ho\u1eb7c m\u00e1y \u0111\u00f3ng g\u00f3i c\u00e2n. Do \u0111\u00f3, ch\u00fang ta c\u00f3 th\u1ec3 d\u1ec5 d\u00e0ng hi\u1ec3u c\u00e1ch th\u1ee9c ho\u1ea1t \u0111\u1ed9ng c\u1ee7a m\u00e1y. C\u1ee5 th\u1ec3 l\u00e0 b\u1eb1ng c\u00e1ch ki\u1ec3m so\u00e1t tr\u1ecdng l\u01b0\u1ee3ng c\u1ee7a v\u1eadt li\u1ec7u, v\u1eadt li\u1ec7u \u0111\u01b0\u1ee3c \u0111\u00f3ng g\u00f3i \u0111\u1ed3ng \u0111\u1ec1u. C\u00e1c v\u1eadt li\u1ec7u c\u1ee7a <a href=\"https:\/\/tianhuipackingmachine.com\/5-50kg-granule-filling-machine\/\" target=\"_blank\" rel=\"noopener\">m\u00e1y \u0111\u00f3ng g\u00f3i \u0111\u1ecbnh l\u01b0\u1ee3ng<\/a> th\u01b0\u1eddng l\u00e0 c\u00e1c m\u1eb7t h\u00e0ng r\u1eddi v\u00e0 kh\u1ed1i. V\u00ed d\u1ee5, ph\u00e2n b\u00f3n, ng\u0169 c\u1ed1c, <a href=\"https:\/\/charcoalplant.com\/vi\/product\/charcoal-ball-press-machine\/\"><strong>than n\u01b0\u1edbng BBQ<\/strong><\/a>, b\u1ed9t, v.v.<\/p>    <div class=\"wp-block-columns is-layout-flex wp-container-core-columns-is-layout-28f84493 wp-block-columns-is-layout-flex\"> <div class=\"wp-block-column is-layout-flow wp-block-column-is-layout-flow\"> <figure class=\"wp-block-image size-full\"><img loading=\"lazy\" decoding=\"async\" width=\"720\" height=\"540\" src=\"https:\/\/charcoalplant.com\/wp-content\/uploads\/2021\/12\/quantitative-packaging-machine.jpg\" alt=\"m\u00e1y \u0111\u00f3ng g\u00f3i \u0111\u1ecbnh l\u01b0\u1ee3ng\" class=\"wp-image-3500\"\/><figcaption class=\"wp-element-caption\">m\u00e1y \u0111\u00f3ng g\u00f3i \u0111\u1ecbnh l\u01b0\u1ee3ng<\/figcaption><\/figure> <\/div>    <div class=\"wp-block-column is-layout-flow wp-block-column-is-layout-flow\"> <figure class=\"wp-block-image size-full\"><img loading=\"lazy\" decoding=\"async\" width=\"720\" height=\"540\" src=\"https:\/\/charcoalplant.com\/wp-content\/uploads\/2021\/12\/charcoal-briquette-filling-machine.jpg\" alt=\"m\u00e1y l\u00e0m than b\u00e1nh than\" class=\"wp-image-3501\"\/><figcaption class=\"wp-element-caption\">m\u00e1y l\u00e0m than b\u00e1nh than<\/figcaption><\/figure> <\/div> <\/div>    <h3 class=\"wp-block-heading\">\u0110\u1eb7c \u0111i\u1ec3m \u0111\u00f3ng g\u00f3i c\u1ee7a than bbq<\/h3>    <p>C\u1ea5u tr\u00fac c\u1ee7a n\u00f3 ch\u1ee7 y\u1ebfu bao g\u1ed3m c\u1eeda n\u1ea1p li\u1ec7u, c\u1ed5ng, ph\u1ec5u c\u00e2n, khung, c\u1ea3m bi\u1ebfn, h\u1ed9p \u0111i\u1ec1u khi\u1ec3n, m\u00e1y v\u1eadn chuy\u1ec3n v\u00e0 \u0111\u00f3ng g\u00f3i, v.v. M\u1ed9t m\u1eb7t, n\u00f3 \u0111i k\u00e8m v\u1edbi h\u1ec7 th\u1ed1ng \u0111\u00f3ng g\u00f3i ri\u00eang. M\u1eb7t kh\u00e1c, t\u00fai \u0111\u00f3ng g\u00f3i c\u1ee7a n\u00f3 c\u00f3 th\u1ec3 \u0111\u01b0\u1ee3c l\u1ef1a ch\u1ecdn theo nhi\u1ec1u c\u00e1ch kh\u00e1c nhau. V\u00ed d\u1ee5: gi\u1ea5y kraft, t\u00fai d\u1ec7t, bao t\u1ea3i v\u00e0 t\u00fai v\u1ea3i.<\/p>    <figure class=\"wp-block-gallery has-nested-images columns-default is-cropped wp-block-gallery-5 is-layout-flex wp-block-gallery-is-layout-flex\"> <figure class=\"wp-block-image size-large\"><img loading=\"lazy\" decoding=\"async\" width=\"720\" height=\"540\" data-id=\"2499\" src=\"https:\/\/charcoalplant.com\/wp-content\/uploads\/2022\/02\/5kg-10kg-and-15kg-BBQ-charcoal-display.jpg\" alt=\"5kg-10kg-v\u00e0-15kg-BBQ-than-m\u00e0n h\u00ecnh\" class=\"wp-image-2499\"\/><figcaption class=\"wp-element-caption\">5kg-10kg-v\u00e0-15kg-BBQ-than-m\u00e0n h\u00ecnh<\/figcaption><\/figure>    <figure class=\"wp-block-image size-large\"><img loading=\"lazy\" decoding=\"async\" width=\"720\" height=\"540\" data-id=\"2500\" src=\"https:\/\/charcoalplant.com\/wp-content\/uploads\/2022\/02\/different-bags.jpg\" alt=\"t\u00fai kh\u00e1c nhau\" class=\"wp-image-2500\"\/><figcaption class=\"wp-element-caption\">t\u00fai kh\u00e1c nhau<\/figcaption><\/figure> <\/figure>    <h2 class=\"wp-block-heading\" id=\"h-bbq-coal-wrapper-equipment\"><strong>Lo\u1ea1i 4: BBQ<\/strong> <strong>thi\u1ebft b\u1ecb b\u1ecdc than<\/strong> <strong>\u0111\u1ec3 b\u00e1n<\/strong> <\/h2>    <p class=\"translation-block\">Lo\u1ea1i m\u00e1y b\u1ecdc n\u00e0y \u0111\u01b0\u1ee3c g\u1ecdi l\u00e0 m\u00e1y h\u00e0n v\u00e0 c\u1eaft. B\u1edfi v\u00ec c\u00f4ng ngh\u1ec7 c\u1ed1t l\u00f5i c\u1ee7a n\u00f3 l\u00e0 \u0111\u00f3ng g\u00f3i co nhi\u1ec7t. Do \u0111\u00f3, n\u00f3 c\u0169ng \u0111\u01b0\u1ee3c g\u1ecdi l\u00e0 <a href=\"https:\/\/tianhuipackingmachine.com\/shrink-packing-machine\/\" target=\"_blank\" rel=\"noopener\"><strong>m\u00e1y \u0111\u00f3ng g\u00f3i co m\u00e0ng<\/strong><\/a>. <\/p>    <figure class=\"wp-block-image aligncenter size-full\"><img loading=\"lazy\" decoding=\"async\" width=\"720\" height=\"540\" src=\"https:\/\/charcoalplant.com\/wp-content\/uploads\/2022\/01\/coal-wrapper-.jpg\" alt=\"b\u1ecdc than\" class=\"wp-image-1764\" srcset=\"https:\/\/charcoalplant.com\/wp-content\/uploads\/2022\/01\/coal-wrapper-.jpg 720w, https:\/\/charcoalplant.com\/wp-content\/uploads\/2022\/01\/coal-wrapper--300x225.jpg 300w\" sizes=\"auto, (max-width: 720px) 100vw, 720px\" \/><figcaption class=\"wp-element-caption\">b\u1ecdc than<\/figcaption><\/figure>    <h3 class=\"wp-block-heading\">\u0110\u1eb7c \u0111i\u1ec3m \u0111\u00f3ng g\u00f3i c\u1ee7a than t\u1ed5 ong <\/h3>    <p class=\"translation-block\">Tr\u01b0\u1edbc \u0111\u00e2y, nh\u1eefng ng\u01b0\u1eddi th\u1ee3 b\u00e1n than \u00e9p ph\u1ea3i d\u1ef1a v\u00e0o k\u1ef9 thu\u1eadt \u0111\u1ec3 b\u1ed1c d\u1ee1 than \u00e9p. H\u1ecd di chuy\u1ec3n m\u1ed9t ch\u1ed3ng<strong><a href=\"https:\/\/charcoalplant.com\/vi\/coal-briquettes-production-line\/\"> than \u00e9p<\/a><\/strong> m\u1ed7i l\u1ea7n. V\u00e0 n\u00f3 th\u01b0\u1eddng l\u00e0m h\u1ecfng nhi\u1ec1u than \u00e9p. V\u00ec v\u1eady, b\u00e2y gi\u1edd ch\u00fang t\u00f4i s\u1eed d\u1ee5ng c\u00f4ng ngh\u1ec7 \u0111\u00f3ng g\u00f3i nh\u1ef1a \u0111\u1ec3 x\u1eed l\u00fd m\u1ed9t s\u1ed1 l\u01b0\u1ee3ng than \u00e9p nh\u1ea5t \u0111\u1ecbnh l\u00e0m \u0111\u01a1n v\u1ecb \u0111\u00f3ng g\u00f3i. \u0110i\u1ec1u n\u00e0y kh\u00f4ng ch\u1ec9 t\u1ed1t cho vi\u1ec7c b\u1ed1c d\u1ee1 m\u00e0 c\u00f2n t\u1ed1t cho vi\u1ec7c b\u1ea3o v\u1ec7 <a href=\"https:\/\/charcoalplant.com\/vi\/product\/honeycomb-coal-press-machine\/\"><strong>than t\u1ed5 ong<\/strong><\/a>.<\/p>    <figure class=\"wp-block-gallery has-nested-images columns-default is-cropped wp-block-gallery-6 is-layout-flex wp-block-gallery-is-layout-flex\"> <figure class=\"wp-block-image size-large\"><img loading=\"lazy\" decoding=\"async\" width=\"720\" height=\"540\" data-id=\"1769\" src=\"https:\/\/charcoalplant.com\/wp-content\/uploads\/2022\/01\/coal-wrapping-effect.jpg\" alt=\"hi\u1ec7u \u1ee9ng b\u1ecdc than\" class=\"wp-image-1769\" srcset=\"https:\/\/charcoalplant.com\/wp-content\/uploads\/2022\/01\/coal-wrapping-effect.jpg 720w, https:\/\/charcoalplant.com\/wp-content\/uploads\/2022\/01\/coal-wrapping-effect-300x225.jpg 300w\" sizes=\"auto, (max-width: 720px) 100vw, 720px\" \/><figcaption class=\"wp-element-caption\">hi\u1ec7u \u1ee9ng b\u1ecdc than<\/figcaption><\/figure>    <figure class=\"wp-block-image size-large\"><img loading=\"lazy\" decoding=\"async\" width=\"720\" height=\"540\" data-id=\"2501\" src=\"https:\/\/charcoalplant.com\/wp-content\/uploads\/2022\/02\/coconut-shell-charcoal-briquette.jpg\" alt=\"than-g\u00e1o d\u1eeba-than b\u00e1nh\" class=\"wp-image-2501\"\/><figcaption class=\"wp-element-caption\">than-g\u00e1o d\u1eeba-than b\u00e1nh<\/figcaption><\/figure> <\/figure>    <h2 class=\"wp-block-heading\" id=\"h-charcoal-briquettes-wrapping-machine-for-sale\"><strong>M\u00e1y \u0111\u00f3ng g\u00f3i than b\u00e1nh than<\/strong> | <strong>gi\u00e1 t\u1ed1t nh\u1ea5t<\/strong><\/h2>    <p>Ch\u00fang t\u00f4i ch\u1ee7 y\u1ebfu b\u00e1n ba lo\u1ea1i m\u00e1y \u0111\u00f3ng g\u00f3i than b\u00e1nh. \u0110\u00f3 l\u00e0 m\u00e1y \u0111\u00f3ng g\u00f3i g\u1ed1i, m\u00e1y \u0111\u00f3ng g\u00f3i \u0111\u1ecbnh l\u01b0\u1ee3ng v\u00e0 m\u00e1y \u0111\u00f3ng g\u00f3i m\u00e0ng co. \u0110\u1ed1i v\u1edbi c\u00e1c v\u1eadt li\u1ec7u kh\u00e1c nhau, ch\u00fang t\u00f4i s\u1ebd \u0111\u1ec1 xu\u1ea5t c\u00e1c m\u00e1y \u0111\u00f3ng g\u00f3i c\u1ee5 th\u1ec3 cho b\u1ea1n. \u0110\u1ed3ng th\u1eddi, ch\u00fang t\u00f4i c\u0169ng s\u1ebd th\u00f4ng b\u00e1o cho b\u1ea1n v\u1ec1 ph\u1ea1m vi \u1ee9ng d\u1ee5ng v\u00e0 c\u00e1c bi\u1ec7n ph\u00e1p ph\u00f2ng ng\u1eeba. Ba m\u00e1y \u0111\u00f3ng g\u00f3i than b\u00e1nh n\u00e0y th\u01b0\u1eddng xu\u1ea5t hi\u1ec7n trong d\u00e2y chuy\u1ec1n s\u1ea3n xu\u1ea5t than b\u00e1nh. N\u1ebfu b\u1ea1n quan t\u00e2m, xin vui l\u00f2ng li\u00ean h\u1ec7 v\u1edbi ch\u00fang t\u00f4i. Ch\u00fang t\u00f4i s\u1ebd cung c\u1ea5p d\u1ecbch v\u1ee5 ch\u00e2n th\u00e0nh nh\u1ea5t.<\/p>","protected":false},"excerpt":{"rendered":"<p>M\u00e1y \u0111\u00f3ng g\u00f3i than b\u00e1nh r\u1ea5t d\u1ec5 v\u1eadn h\u00e0nh. V\u00e0 n\u00f3 c\u00f3 th\u1ec3 \u0111\u00f3ng g\u00f3i than hookah, than c\u1ee7i, que than, b\u1ed9t than, v.v.<\/p>","protected":false},"author":1,"featured_media":1503,"parent":0,"template":"","tags":[61],"product-type":[46],"class_list":["post-1497","product","type-product","status-publish","has-post-thumbnail","hentry","tag-briquettes-packing-machine","product-type-briquettes-packing-machine"],"_links":{"self":[{"href":"https:\/\/charcoalplant.com\/vi\/wp-json\/wp\/v2\/product\/1497","targetHints":{"allow":["GET"]}}],"collection":[{"href":"https:\/\/charcoalplant.com\/vi\/wp-json\/wp\/v2\/product"}],"about":[{"href":"https:\/\/charcoalplant.com\/vi\/wp-json\/wp\/v2\/types\/product"}],"author":[{"embeddable":true,"href":"https:\/\/charcoalplant.com\/vi\/wp-json\/wp\/v2\/users\/1"}],"wp:featuredmedia":[{"embeddable":true,"href":"https:\/\/charcoalplant.com\/vi\/wp-json\/wp\/v2\/media\/1503"}],"wp:attachment":[{"href":"https:\/\/charcoalplant.com\/vi\/wp-json\/wp\/v2\/media?parent=1497"}],"wp:term":[{"taxonomy":"post_tag","embeddable":true,"href":"https:\/\/charcoalplant.com\/vi\/wp-json\/wp\/v2\/tags?post=1497"},{"taxonomy":"product-type","embeddable":true,"href":"https:\/\/charcoalplant.com\/vi\/wp-json\/wp\/v2\/product-type?post=1497"}],"curies":[{"name":"wp","href":"https:\/\/api.w.org\/{rel}","templated":true}]}}