{"id":1519,"date":"2021-12-23T08:52:07","date_gmt":"2021-12-23T08:52:07","guid":{"rendered":"https:\/\/charcoalplant.com\/?p=1519"},"modified":"2023-02-02T16:37:10","modified_gmt":"2023-02-02T08:37:10","slug":"charcoal-raymond-mill","status":"publish","type":"product","link":"https:\/\/charcoalplant.com\/vi\/product\/charcoal-raymond-mill\/","title":{"rendered":"Nh\u00e0 m\u00e1y than Raymond | M\u00e1y nghi\u1ec1n b\u1ed9t than"},"content":{"rendered":"<div class=\"kk-star-ratings kksr-auto kksr-align-left kksr-valign-top\"     data-payload='{&quot;align&quot;:&quot;left&quot;,&quot;id&quot;:&quot;1519&quot;,&quot;slug&quot;:&quot;default&quot;,&quot;valign&quot;:&quot;top&quot;,&quot;ignore&quot;:&quot;&quot;,&quot;reference&quot;:&quot;auto&quot;,&quot;class&quot;:&quot;&quot;,&quot;count&quot;:&quot;8&quot;,&quot;legendonly&quot;:&quot;&quot;,&quot;readonly&quot;:&quot;&quot;,&quot;score&quot;:&quot;4.8&quot;,&quot;starsonly&quot;:&quot;&quot;,&quot;best&quot;:&quot;5&quot;,&quot;gap&quot;:&quot;5&quot;,&quot;greet&quot;:&quot;Rate this product&quot;,&quot;legend&quot;:&quot;4.8\\\/5 - (8 b\u00ecnh ch\u1ecdn)&quot;,&quot;size&quot;:&quot;24&quot;,&quot;title&quot;:&quot;Charcoal Raymond Mill | Coal Powder Milling Machine&quot;,&quot;width&quot;:&quot;136.7&quot;,&quot;_legend&quot;:&quot;{score}\\\/{best} - ({count} {votes})&quot;,&quot;font_factor&quot;:&quot;1.25&quot;}'>              <div class=\"kksr-stars\">      <div class=\"kksr-stars-inactive\">             <div class=\"kksr-star\" data-star=\"1\" style=\"padding-right: 5px\">               <div class=\"kksr-icon\" style=\"width: 24px; height: 24px;\"><\/div>         <\/div>             <div class=\"kksr-star\" data-star=\"2\" style=\"padding-right: 5px\">               <div class=\"kksr-icon\" style=\"width: 24px; height: 24px;\"><\/div>         <\/div>             <div class=\"kksr-star\" data-star=\"3\" style=\"padding-right: 5px\">               <div class=\"kksr-icon\" style=\"width: 24px; height: 24px;\"><\/div>         <\/div>             <div class=\"kksr-star\" data-star=\"4\" style=\"padding-right: 5px\">               <div class=\"kksr-icon\" style=\"width: 24px; height: 24px;\"><\/div>         <\/div>             <div class=\"kksr-star\" data-star=\"5\" style=\"padding-right: 5px\">               <div class=\"kksr-icon\" style=\"width: 24px; height: 24px;\"><\/div>         <\/div>     <\/div>      <div class=\"kksr-stars-active\" style=\"width: 136.7px;\">             <div class=\"kksr-star\" style=\"padding-right: 5px\">               <div class=\"kksr-icon\" style=\"width: 24px; height: 24px;\"><\/div>         <\/div>             <div class=\"kksr-star\" style=\"padding-right: 5px\">               <div class=\"kksr-icon\" style=\"width: 24px; height: 24px;\"><\/div>         <\/div>             <div class=\"kksr-star\" style=\"padding-right: 5px\">               <div class=\"kksr-icon\" style=\"width: 24px; height: 24px;\"><\/div>         <\/div>             <div class=\"kksr-star\" style=\"padding-right: 5px\">               <div class=\"kksr-icon\" style=\"width: 24px; height: 24px;\"><\/div>         <\/div>             <div class=\"kksr-star\" style=\"padding-right: 5px\">               <div class=\"kksr-icon\" style=\"width: 24px; height: 24px;\"><\/div>         <\/div>     <\/div> <\/div>                   <div class=\"kksr-legend\" style=\"font-size: 19.2px;\">             4,8\/5 - (8 B\u00ecnh Ch\u1ecdn)    <\/div>     <\/div>  <p class=\"translation-block\"><strong>M\u00e1y nghi\u1ec1n Raymond than ho\u1ea1t t\u00ednh<\/strong> l\u00e0 m\u1ed9t m\u00e1y nghi\u1ec1n n\u1eb7ng v\u1edbi s\u1ee9c m\u1ea1nh nghi\u1ec1n c\u1ef1c k\u1ef3 m\u1ea1nh m\u1ebd. N\u00f3 c\u00f3 th\u1ec3 x\u1eed l\u00fd t\u1ea5t c\u1ea3 c\u00e1c lo\u1ea1i nguy\u00ean li\u1ec7u th\u00f4 kh\u00f4ng ch\u00e1y v\u00e0 kh\u00f4ng n\u1ed5 v\u1edbi \u0111\u1ed9 c\u1ee9ng Mohs d\u01b0\u1edbi 7. Bao g\u1ed3m qu\u1eb7ng, than, than ho\u1ea1t t\u00ednh, g\u1ed1m s\u1ee9, v.v. V\u00e0 n\u00f3 c\u00f3 th\u1ec3 \u0111i\u1ec1u ch\u1ec9nh \u0111\u1ed9 m\u1ecbn nghi\u1ec1n theo y\u00eau c\u1ea7u c\u1ee7a nguy\u00ean li\u1ec7u th\u00f4. Ph\u1ea1m vi \u0111i\u1ec1u ch\u1ec9nh c\u1ee7a n\u00f3 n\u1eb1m gi\u1eefa 30-400 l\u01b0\u1edbi. Do \u0111\u00f3, \u0111\u1ec3 n\u00e2ng cao ch\u1ea5t l\u01b0\u1ee3ng s\u1ea3n ph\u1ea9m than ho\u1ea1t t\u00ednh, nhi\u1ec1u nh\u00e0 s\u1ea3n xu\u1ea5t than ho\u1ea1t t\u00ednh th\u01b0\u1eddng s\u1eed d\u1ee5ng m\u00e1y nghi\u1ec1n Raymond trong <strong><a href=\"https:\/\/charcoalplant.com\/vi\/shisha-charcoal-production-line\/\">d\u00e2y chuy\u1ec1n s\u1ea3n xu\u1ea5t than ho\u1ea1t t\u00ednh<\/a><\/strong>. N\u1ebfu b\u1ea1n c\u0169ng c\u1ea7n thi\u1ebft b\u1ecb nghi\u1ec1n, xin vui l\u00f2ng li\u00ean h\u1ec7 v\u1edbi ch\u00fang t\u00f4i ngay l\u1eadp t\u1ee9c. Ch\u00fang t\u00f4i s\u1ebd cung c\u1ea5p cho b\u1ea1n m\u1ed9t m\u00e1y nghi\u1ec1n b\u1ed9t than ho\u1ea1t t\u00ednh hi\u1ec7u qu\u1ea3 v\u1ec1 chi ph\u00ed.<\/p>    <h2 class=\"wp-block-heading\" id=\"h-what-is-a-charcoal-raymond-mill\">Nh\u00e0 m\u00e1y than Raymond l\u00e0 g\u00ec?<\/h2>    <p>M\u00e1y nghi\u1ec1n Raymond l\u00e0 m\u1ed9t lo\u1ea1i thi\u1ebft b\u1ecb xay x\u00e1t ho\u00e0n to\u00e0n t\u1ef1 \u0111\u1ed9ng m\u1edbi. N\u00f3 kh\u00f4ng ch\u1ec9 c\u00f3 th\u1ec3 nghi\u1ec1n v\u1eadt li\u1ec7u m\u00e0 c\u00f2n c\u00f3 th\u1ec3 t\u00e1ch b\u1ed9t. T\u1ee9c l\u00e0 n\u00f3 c\u00f3 th\u1ec3 t\u1ef1 \u0111\u1ed9ng t\u00e1ch v\u00e0 thu gom th\u00e0nh ph\u1ea9m. V\u00ec v\u1eady, m\u00e1y nghi\u1ec1n than Raymond l\u00e0 thi\u1ebft b\u1ecb nghi\u1ec1n t\u1ef1 \u0111\u1ed9ng h\u00f3a cao.<\/p>    <figure class=\"wp-block-image aligncenter size-full\"><img loading=\"lazy\" decoding=\"async\" width=\"720\" height=\"540\" src=\"https:\/\/charcoalplant.com\/wp-content\/uploads\/2021\/12\/charcoal-Raymond-mill-plant-1-1.jpg\" alt=\"nh\u00e0 m\u00e1y nghi\u1ec1n than Raymond\" class=\"wp-image-1528\" srcset=\"https:\/\/charcoalplant.com\/wp-content\/uploads\/2021\/12\/charcoal-Raymond-mill-plant-1-1.jpg 720w, https:\/\/charcoalplant.com\/wp-content\/uploads\/2021\/12\/charcoal-Raymond-mill-plant-1-1-300x225.jpg 300w\" sizes=\"auto, (max-width: 720px) 100vw, 720px\" \/><figcaption class=\"wp-element-caption\">nh\u00e0 m\u00e1y nghi\u1ec1n than Raymond<\/figcaption><\/figure>    <h2 class=\"wp-block-heading\">Nguy\u00ean li\u1ec7u th\u00f4 cho m\u00e1y phay than<\/h2>    <p>M\u00e1y nghi\u1ec1n than Raymond l\u00e0 thi\u1ebft b\u1ecb nghi\u1ec1n chuy\u00ean d\u1ee5ng. Do \u0111\u00f3, n\u00f3 c\u00f3 th\u1ec3 nghi\u1ec1n n\u00e1t nhi\u1ec1u lo\u1ea1i nguy\u00ean li\u1ec7u th\u00f4 kh\u00e1c nhau v\u00e0 c\u00f3 nhi\u1ec1u \u1ee9ng d\u1ee5ng. V\u00ed d\u1ee5, than \u0111\u00e1, than c\u1ee7i, than ho\u1ea1t t\u00ednh, \u0111\u00e1 v\u00f4i, canxit, \u0111\u00e1 granit, cao lanh v\u00e0 c\u00e1c nguy\u00ean li\u1ec7u th\u00f4 kh\u00e1c. \u0110\u1ed9 \u1ea9m c\u1ee7a c\u00e1c nguy\u00ean li\u1ec7u th\u00f4 n\u00e0y ph\u1ea3i \u0111\u01b0\u1ee3c gi\u1eef trong kho\u1ea3ng 6%. N\u1ebfu \u0111\u1ed9 \u1ea9m qu\u00e1 l\u1edbn, tr\u01b0\u1edbc ti\u00ean b\u1ea1n c\u1ea7n s\u1eed d\u1ee5ng m\u00e1y s\u1ea5y qu\u1ea7n \u00e1o \u0111\u1ec3 l\u00e0m kh\u00f4 nguy\u00ean li\u1ec7u.<\/p>    <figure class=\"wp-block-gallery has-nested-images columns-default is-cropped wp-block-gallery-2 is-layout-flex wp-block-gallery-is-layout-flex\"> <figure class=\"wp-block-image size-large\"><img loading=\"lazy\" decoding=\"async\" width=\"720\" height=\"540\" data-id=\"2550\" src=\"https:\/\/charcoalplant.com\/wp-content\/uploads\/2022\/03\/charcoal-powder.jpg\" alt=\"b\u1ed9t than\" class=\"wp-image-2550\"\/><figcaption class=\"wp-element-caption\">b\u1ed9t than<\/figcaption><\/figure>    <figure class=\"wp-block-image size-large\"><img loading=\"lazy\" decoding=\"async\" width=\"720\" height=\"540\" data-id=\"2551\" src=\"https:\/\/charcoalplant.com\/wp-content\/uploads\/2022\/03\/mineral-material.jpg\" alt=\"v\u1eadt li\u1ec7u kho\u00e1ng s\u1ea3n\" class=\"wp-image-2551\"\/><figcaption class=\"wp-element-caption\">v\u1eadt li\u1ec7u kho\u00e1ng s\u1ea3n<\/figcaption><\/figure> <\/figure>    <h2 class=\"wp-block-heading\" id=\"h-structure-of-charcoal-powder-milling-machine\">C\u1ea5u t\u1ea1o c\u1ee7a m\u00e1y nghi\u1ec1n b\u1ed9t than<\/h2>    <p>M\u00e1y nghi\u1ec1n than c\u00f2n c\u00f3 t\u00ean g\u1ecdi kh\u00e1c l\u00e0 m\u00e1y xay Raymond. C\u1ea5u tr\u00fac c\u1ee7a n\u00f3 ch\u1ee7 y\u1ebfu bao g\u1ed3m khung, con l\u0103n m\u00e0i, \u0111\u0129a m\u00e0i, v\u1ecf, qu\u1ea1t gi\u00f3, m\u00e1y ph\u00e2n t\u00edch, x\u1ebbng, m\u00e1y t\u00e1ch l\u1ed1c xo\u00e1y, \u0111\u01b0\u1eddng \u1ed1ng, \u0111\u1ed9ng c\u01a1 v\u00e0 c\u00e1c b\u1ed9 ph\u1eadn kh\u00e1c. <\/p>    <div class=\"wp-block-columns has-background is-layout-flex wp-container-core-columns-is-layout-28f84493 wp-block-columns-is-layout-flex\" style=\"background-color:#f1f1f1\"> <div class=\"wp-block-column is-layout-flow wp-block-column-is-layout-flow\" style=\"flex-basis:66.66%\"> <figure class=\"wp-block-gallery has-nested-images columns-default is-cropped wp-block-gallery-3 is-layout-flex wp-block-gallery-is-layout-flex\"> <figure class=\"wp-block-image size-large\"><img loading=\"lazy\" decoding=\"async\" width=\"720\" height=\"540\" data-id=\"1523\" src=\"https:\/\/charcoalplant.com\/wp-content\/uploads\/2021\/12\/Charcoal-Raymond-mill-shovel-1.jpg\" alt=\"Than-Raymond-mill-x\u1ebbng\" class=\"wp-image-1523\" srcset=\"https:\/\/charcoalplant.com\/wp-content\/uploads\/2021\/12\/Charcoal-Raymond-mill-shovel-1.jpg 720w, https:\/\/charcoalplant.com\/wp-content\/uploads\/2021\/12\/Charcoal-Raymond-mill-shovel-1-300x225.jpg 300w\" sizes=\"auto, (max-width: 720px) 100vw, 720px\" \/><figcaption class=\"wp-element-caption\">Than-Raymond-mill-x\u1ebbng<\/figcaption><\/figure> <\/figure> <\/div>    <div class=\"wp-block-column is-vertically-aligned-center is-layout-flow wp-block-column-is-layout-flow\" style=\"flex-basis:33.33%\"> <p class=\"translation-block\"><strong>L\u01b0\u1ee1i c\u1eaft<\/strong><\/p>    <p>L\u01b0\u1ee1i dao phay Raymond l\u00e0 m\u1ed9t trong nh\u1eefng ph\u1ee5 ki\u1ec7n ph\u1ed5 bi\u1ebfn trong m\u00e1y nghi\u1ec1n Raymond v\u00e0 n\u00f3 c\u0169ng l\u00e0 m\u1ed9t trong nh\u1eefng ph\u1ee5 ki\u1ec7n quan tr\u1ecdng trong c\u00f4ng vi\u1ec7c phay.<\/p> <\/div> <\/div>    <div class=\"wp-block-columns has-background is-layout-flex wp-container-core-columns-is-layout-28f84493 wp-block-columns-is-layout-flex\" style=\"background-color:#f1f1f1\"> <div class=\"wp-block-column is-vertically-aligned-center is-layout-flow wp-block-column-is-layout-flow\" style=\"flex-basis:33.33%\"> <p class=\"translation-block\"><strong>Con l\u0103n nghi\u1ec1n<\/strong><\/p>    <p>N\u00f3 \u0111\u01b0\u1ee3c \u0111\u1eb7c tr\u01b0ng b\u1edfi \u0111\u1ed9 c\u1ee9ng cao, kh\u1ea3 n\u0103ng ch\u1ed1ng m\u00e0i m\u00f2n t\u1ed1t v\u00e0 t\u00ednh ch\u1ea5t t\u1eeb \u200b\u200bt\u00ednh. N\u00f3 ch\u1ee7 y\u1ebfu \u0111\u01b0\u1ee3c s\u1eed d\u1ee5ng trong l\u0129nh v\u1ef1c ch\u1ebf bi\u1ebfn b\u1ed9t n\u01a1i c\u00e1c s\u1ea3n ph\u1ea9m c\u1ea7n \u0111\u01b0\u1ee3c lo\u1ea1i b\u1ecf s\u1eaft.<\/p> <\/div>    <div class=\"wp-block-column is-layout-flow wp-block-column-is-layout-flow\" style=\"flex-basis:66.66%\"> <figure class=\"wp-block-gallery has-nested-images columns-default is-cropped wp-block-gallery-4 is-layout-flex wp-block-gallery-is-layout-flex\"> <figure class=\"wp-block-image size-full\"><img loading=\"lazy\" decoding=\"async\" width=\"720\" height=\"540\" data-id=\"2555\" src=\"https:\/\/charcoalplant.com\/wp-content\/uploads\/2022\/03\/grinding-roller-1.jpg\" alt=\"\" class=\"wp-image-2555\"\/><\/figure> <\/figure> <\/div> <\/div>    <div class=\"wp-block-columns has-background is-layout-flex wp-container-core-columns-is-layout-28f84493 wp-block-columns-is-layout-flex\" style=\"background-color:#f1f1f1\"> <div class=\"wp-block-column is-layout-flow wp-block-column-is-layout-flow\" style=\"flex-basis:66.66%\"> <figure class=\"wp-block-gallery has-nested-images columns-default is-cropped wp-block-gallery-5 is-layout-flex wp-block-gallery-is-layout-flex\"> <figure class=\"wp-block-image size-large\"><img loading=\"lazy\" decoding=\"async\" width=\"720\" height=\"540\" data-id=\"2547\" src=\"https:\/\/charcoalplant.com\/wp-content\/uploads\/2022\/03\/analyzer-disc.jpg\" alt=\"\" class=\"wp-image-2547\"\/><\/figure> <\/figure> <\/div>    <div class=\"wp-block-column is-vertically-aligned-center is-layout-flow wp-block-column-is-layout-flow\" style=\"flex-basis:33.33%\"> <p class=\"translation-block\"><strong>\u0110\u0129a ph\u00e2n t\u00edch<\/strong><\/p>    <p class=\"has-background\" style=\"background-color:#f1f1f1\">C\u00e1c l\u01b0\u1ee1i dao c\u1ee7a m\u00e1y ph\u00e2n t\u00edch m\u00e1y nghi\u1ec1n Raymond \u0111\u01b0\u1ee3c \u0111\u1eb7t tr\u00ean ph\u1ea7n r\u00eca c\u1ee7a m\u00e1y ph\u00e2n t\u00edch. C\u1ea5u tr\u00fac l\u01b0\u1ee1i nghi\u00eang c\u1ee7a m\u00e1y ph\u00e2n t\u00edch m\u00e1y nghi\u1ec1n Raymond gi\u1ea3i quy\u1ebft \u0111\u01b0\u1ee3c v\u1ea5n \u0111\u1ec1 lu\u1ed3ng kh\u00ed gi\u1eefa c\u00e1c c\u00e1nh c\u1ee7a m\u00e1y ph\u00e2n t\u00edch m\u00e1y nghi\u1ec1n than Raymond r\u1ea5t m\u1ea1nh v\u00e0 d\u1ec5 d\u00e0ng l\u1ea5y \u0111i m\u1ed9t s\u1ed1 v\u1eadt li\u1ec7u c\u00f3 \u0111\u01b0\u1eddng k\u00ednh th\u00f4. , v\u1ea5n \u0111\u1ec1 hi\u1ec7u qu\u1ea3 ph\u00e2n lo\u1ea1i th\u1ea5p.<\/p> <\/div> <\/div>    <p class=\"translation-block\">N\u00f3i chung, thi\u1ebft b\u1ecb h\u1ed7 tr\u1ee3 c\u1ee7a m\u00e1y Raymond than ho\u1ea1t t\u00ednh bao g\u1ed3m <strong><a href=\"https:\/\/charcoalplant.com\/vi\/hammer-mill\/\">m\u00e1y nghi\u1ec1n b\u00faa<\/a><\/strong>, thang m\u00e1y bucket, b\u1ed9 c\u1ea5p li\u1ec7u rung \u0111i\u1ec7n t\u1eeb, t\u1ee7 \u0111i\u1ec1u khi\u1ec3n \u0111i\u1ec7n, v.v. Thi\u1ebft b\u1ecb n\u00e0y c\u00f3 th\u1ec3 \u0111\u01b0\u1ee3c k\u1ebft h\u1ee3p th\u00e0nh m\u1ed9t d\u00e2y chuy\u1ec1n s\u1ea3n xu\u1ea5t nghi\u1ec1n ho\u00e0n to\u00e0n t\u1ef1 \u0111\u1ed9ng. N\u1ebfu b\u1ea1n \u0111\u1eb7t m\u1ed9t <strong><a href=\"https:\/\/charcoalplant.com\/vi\/grinder-and-mixer\/charcoal-powder-mixer\/\">m\u00e1y nghi\u1ec1n b\u00e1nh xe<\/a><\/strong> v\u00e0 m\u1ed9t m\u00e1y n\u00e9n vi\u00ean than shisha ph\u00eda sau m\u00e1y nghi\u1ec1n b\u1ed9t carbon, n\u00f3 tr\u1edf th\u00e0nh m\u1ed9t d\u00e2y chuy\u1ec1n s\u1ea3n xu\u1ea5t than shisha.<\/p>    <h2 class=\"wp-block-heading\" id=\"h-how-does-the-coal-grinder-work\">M\u00e1y nghi\u1ec1n than ho\u1ea1t \u0111\u1ed9ng nh\u01b0 th\u1ebf n\u00e0o?<\/h2>    <ul class=\"wp-block-list\"> <li>Nguy\u00ean li\u1ec7u th\u00f4 c\u1ea7n nghi\u1ec1n \u0111\u01b0\u1ee3c \u0111\u01b0a v\u00e0o m\u00e1y nghi\u1ec1n than Raymond qua c\u1ed5ng c\u1ea5p li\u1ec7u. <\/li>    <li>V\u1eadt li\u1ec7u b\u1ecb nghi\u1ec1n n\u00e1t d\u01b0\u1edbi s\u1ef1 ma s\u00e1t v\u00e0 l\u0103n c\u1ee7a con l\u0103n m\u00e0i v\u00e0 v\u00f2ng m\u00e0i. Trong th\u1eddi gian n\u00e0y, l\u01b0\u1ee1i dao ph\u00eda d\u01b0\u1edbi con l\u0103n m\u00e0i s\u1ebd li\u00ean t\u1ee5c n\u1ea1p v\u1eadt li\u1ec7u v\u00e0o gi\u1eefa con l\u0103n m\u00e0i v\u00e0 v\u00f2ng m\u00e0i. <\/li>    <li>B\u1ed9t di chuy\u1ec3n l\u00ean tr\u00ean d\u01b0\u1edbi t\u00e1c d\u1ee5ng c\u1ee7a qu\u1ea1t. B\u1ed9t \u0111\u1ee7 ti\u00eau chu\u1ea9n \u0111i qua m\u00e1y ph\u00e2n t\u00edch v\u00e0 thi\u1ebft b\u1ecb ph\u00e2n t\u00e1ch l\u1ed1c xo\u00e1y \u0111\u1ec3 thu th\u1eadp. Ng\u01b0\u1ee3c l\u1ea1i, v\u1eadt li\u1ec7u kh\u00f4ng \u0111\u1ee7 ti\u00eau chu\u1ea9n l\u00e0 v\u1eadt li\u1ec7u kh\u00f4ng th\u1ec3 ti\u1ebfp c\u1eadn chi ti\u1ebft. N\u00f3 s\u1ebd r\u01a1i xu\u1ed1ng v\u00e0 ti\u1ebfp t\u1ee5c b\u1ecb nghi\u1ec1n n\u00e1t. V\u00ec gi\u00f3 c\u00f3 t\u00ednh tu\u1ea7n ho\u00e0n. Do \u0111\u00f3, gi\u00f3 quay tr\u1edf l\u1ea1i qu\u1ea1t sau khi \u0111i qua h\u1ec7 th\u1ed1ng lo\u1ea1i b\u1ecf b\u1ee5i.<\/li> <\/ul>    <figure class=\"wp-block-image aligncenter size-full\"><img loading=\"lazy\" decoding=\"async\" width=\"720\" height=\"540\" src=\"https:\/\/charcoalplant.com\/wp-content\/uploads\/2021\/12\/charcoal-powder-mill.jpg\" alt=\"nh\u00e0 m\u00e1y b\u1ed9t than\" class=\"wp-image-2554\"\/><figcaption class=\"wp-element-caption\">nh\u00e0 m\u00e1y b\u1ed9t than<\/figcaption><\/figure>    <h2 class=\"has-vivid-red-color has-text-color wp-block-heading\">Th\u00f4ng s\u1ed1 nh\u00e0 m\u00e1y than Raymond<\/h2>    <figure class=\"wp-block-table is-style-stripes\"><table><tbody><tr><td>Ng\u01b0\u1eddi m\u1eabu<\/td><td>SL-RM3R1410<\/td><td>SL-RM3R1815<\/td><td>SL-RM3R2215<\/td><\/tr><tr><td>&nbsp;Chi\u1ec1u d\u00e0i (mm)<\/td><td>3340<\/td><td>2300<\/td><td>3500<\/td><\/tr><tr><td> Chi\u1ec1u r\u1ed9ng (mm)<\/td><td>3865<\/td><td>2860<\/td><td>4280<\/td><\/tr><tr><td> Cao (mm)<\/td><td>4500<\/td><td>2800<\/td><td>4900<\/td><\/tr><\/tbody><\/table><\/figure>    <h2 class=\"wp-block-heading\" id=\"h-coal-grinder-manufacturer\">M\u00e1y nghi\u1ec1n than<strong> <\/strong>nh\u00e0 s\u1ea3n xu\u1ea5t<\/h2>    <p>Shuliy Machinery l\u00e0 nh\u00e0 s\u1ea3n xu\u1ea5t m\u00e1y m\u00f3c than t\u00edch h\u1ee3p R&amp;D, thi\u1ebft k\u1ebf v\u00e0 s\u1ea3n xu\u1ea5t. Ch\u00fang t\u00f4i kh\u00f4ng ch\u1ec9 c\u00f3 h\u01a1n m\u01b0\u1eddi n\u0103m kinh nghi\u1ec7m s\u1ea3n xu\u1ea5t. V\u00e0 ch\u00fang t\u00f4i c\u00f3 r\u1ea5t nhi\u1ec1u kinh nghi\u1ec7m kinh doanh. Nh\u00e0 m\u00e1y ki\u1ec3m so\u00e1t ch\u1eb7t ch\u1ebd v\u1ec1 m\u1eabu m\u00e3, th\u00e0nh ph\u1ea7n, k\u00edch th\u01b0\u1edbc v\u00e0 c\u00e1c th\u00f4ng s\u1ed1 k\u1ef9 thu\u1eadt kh\u00e1c c\u1ee7a ph\u1ee5 t\u00f9ng thi\u1ebft b\u1ecb. V\u00ec v\u1eady, nh\u00e0 m\u00e1y c\u1ee7a ch\u00fang t\u00f4i c\u00f3 th\u1ec3 s\u1ea3n xu\u1ea5t nh\u1eefng thi\u1ebft b\u1ecb \u0111\u01b0\u1ee3c th\u1ecb tr\u01b0\u1eddng trong v\u00e0 ngo\u00e0i n\u01b0\u1edbc hoan ngh\u00eanh. Ch\u1eb3ng h\u1ea1n nh\u01b0 m\u00e1y nghi\u1ec1n Raymond v\u00e0 m\u00e1y tr\u1ed9n b\u1ed9t than. Ch\u00e0o m\u1eebng b\u1ea1n \u0111\u1ebfn li\u00ean h\u1ec7 v\u1edbi ch\u00fang t\u00f4i \u0111\u1ec3 \u0111\u01b0\u1ee3c t\u01b0 v\u1ea5n kinh doanh.<\/p>    <figure class=\"wp-block-gallery has-nested-images columns-default is-cropped wp-block-gallery-6 is-layout-flex wp-block-gallery-is-layout-flex\"> <figure class=\"wp-block-image size-large\"><img loading=\"lazy\" decoding=\"async\" width=\"720\" height=\"540\" data-id=\"2559\" src=\"https:\/\/charcoalplant.com\/wp-content\/uploads\/2022\/03\/charcoal-raymond-mill-for-sale-1.jpg\" alt=\"than-raymond-mill-\u0111\u1ec3 b\u00e1n\" class=\"wp-image-2559\"\/><figcaption class=\"wp-element-caption\">than-raymond-mill-\u0111\u1ec3 b\u00e1n<\/figcaption><\/figure>    <figure class=\"wp-block-image size-large\"><img loading=\"lazy\" decoding=\"async\" width=\"720\" height=\"540\" data-id=\"2558\" src=\"https:\/\/charcoalplant.com\/wp-content\/uploads\/2022\/03\/coal-powder-mill-machine-plant.jpg\" alt=\"nh\u00e0 m\u00e1y-m\u00e1y nghi\u1ec1n-b\u1ed9t than\" class=\"wp-image-2558\"\/><figcaption class=\"wp-element-caption\">nh\u00e0 m\u00e1y-m\u00e1y nghi\u1ec1n-b\u1ed9t than<\/figcaption><\/figure> <\/figure>","protected":false},"excerpt":{"rendered":"<p>Than Raymond Mill kh\u00f4ng ch\u1ec9 c\u00f3 th\u1ec3 nghi\u1ec1n than. N\u00f3 c\u0169ng c\u00f3 th\u1ec3 nghi\u1ec1n qu\u1eb7ng, \u0111\u00e1 th\u1ea1ch anh, than \u0111\u00e1, v.v. V\u00e0 c\u00f3 th\u1ec3 \u0111i\u1ec1u ch\u1ec9nh \u0111\u1ed9 m\u1ecbn nghi\u1ec1n.<\/p>","protected":false},"author":1,"featured_media":1528,"parent":0,"template":"","tags":[62],"product-type":[42],"class_list":["post-1519","product","type-product","status-publish","has-post-thumbnail","hentry","tag-grinder-and-mixer","product-type-grinder-and-mixer"],"_links":{"self":[{"href":"https:\/\/charcoalplant.com\/vi\/wp-json\/wp\/v2\/product\/1519","targetHints":{"allow":["GET"]}}],"collection":[{"href":"https:\/\/charcoalplant.com\/vi\/wp-json\/wp\/v2\/product"}],"about":[{"href":"https:\/\/charcoalplant.com\/vi\/wp-json\/wp\/v2\/types\/product"}],"author":[{"embeddable":true,"href":"https:\/\/charcoalplant.com\/vi\/wp-json\/wp\/v2\/users\/1"}],"wp:featuredmedia":[{"embeddable":true,"href":"https:\/\/charcoalplant.com\/vi\/wp-json\/wp\/v2\/media\/1528"}],"wp:attachment":[{"href":"https:\/\/charcoalplant.com\/vi\/wp-json\/wp\/v2\/media?parent=1519"}],"wp:term":[{"taxonomy":"post_tag","embeddable":true,"href":"https:\/\/charcoalplant.com\/vi\/wp-json\/wp\/v2\/tags?post=1519"},{"taxonomy":"product-type","embeddable":true,"href":"https:\/\/charcoalplant.com\/vi\/wp-json\/wp\/v2\/product-type?post=1519"}],"curies":[{"name":"wp","href":"https:\/\/api.w.org\/{rel}","templated":true}]}}