{"id":1533,"date":"2021-12-27T05:48:53","date_gmt":"2021-12-27T05:48:53","guid":{"rendered":"https:\/\/charcoalplant.com\/?p=1533"},"modified":"2023-01-14T14:40:45","modified_gmt":"2023-01-14T06:40:45","slug":"charcoal-powder-mixer","status":"publish","type":"product","link":"https:\/\/charcoalplant.com\/vi\/product\/charcoal-powder-mixer\/","title":{"rendered":"M\u00e1y Tr\u1ed9n B\u1ed9t Than | M\u00e1y tr\u1ed9n con l\u0103n b\u00e1nh xe"},"content":{"rendered":"<div class=\"kk-star-ratings kksr-auto kksr-align-left kksr-valign-top\"     data-payload='{&quot;align&quot;:&quot;left&quot;,&quot;id&quot;:&quot;1533&quot;,&quot;slug&quot;:&quot;default&quot;,&quot;valign&quot;:&quot;top&quot;,&quot;ignore&quot;:&quot;&quot;,&quot;reference&quot;:&quot;auto&quot;,&quot;class&quot;:&quot;&quot;,&quot;count&quot;:&quot;24&quot;,&quot;legendonly&quot;:&quot;&quot;,&quot;readonly&quot;:&quot;&quot;,&quot;score&quot;:&quot;4.7&quot;,&quot;starsonly&quot;:&quot;&quot;,&quot;best&quot;:&quot;5&quot;,&quot;gap&quot;:&quot;5&quot;,&quot;greet&quot;:&quot;Rate this product&quot;,&quot;legend&quot;:&quot;4.7\\\/5 - (24 b\u00ecnh ch\u1ecdn)&quot;,&quot;size&quot;:&quot;24&quot;,&quot;title&quot;:&quot;Charcoal Powder Mixer | Wheel Roller Mixing Machine&quot;,&quot;width&quot;:&quot;133.8&quot;,&quot;_legend&quot;:&quot;{score}\\\/{best} - ({count} {votes})&quot;,&quot;font_factor&quot;:&quot;1.25&quot;}'>              <div class=\"kksr-stars\">      <div class=\"kksr-stars-inactive\">             <div class=\"kksr-star\" data-star=\"1\" style=\"padding-right: 5px\">               <div class=\"kksr-icon\" style=\"width: 24px; height: 24px;\"><\/div>         <\/div>             <div class=\"kksr-star\" data-star=\"2\" style=\"padding-right: 5px\">               <div class=\"kksr-icon\" style=\"width: 24px; height: 24px;\"><\/div>         <\/div>             <div class=\"kksr-star\" data-star=\"3\" style=\"padding-right: 5px\">               <div class=\"kksr-icon\" style=\"width: 24px; height: 24px;\"><\/div>         <\/div>             <div class=\"kksr-star\" data-star=\"4\" style=\"padding-right: 5px\">               <div class=\"kksr-icon\" style=\"width: 24px; height: 24px;\"><\/div>         <\/div>             <div class=\"kksr-star\" data-star=\"5\" style=\"padding-right: 5px\">               <div class=\"kksr-icon\" style=\"width: 24px; height: 24px;\"><\/div>         <\/div>     <\/div>      <div class=\"kksr-stars-active\" style=\"width: 133.8px;\">             <div class=\"kksr-star\" style=\"padding-right: 5px\">               <div class=\"kksr-icon\" style=\"width: 24px; height: 24px;\"><\/div>         <\/div>             <div class=\"kksr-star\" style=\"padding-right: 5px\">               <div class=\"kksr-icon\" style=\"width: 24px; height: 24px;\"><\/div>         <\/div>             <div class=\"kksr-star\" style=\"padding-right: 5px\">               <div class=\"kksr-icon\" style=\"width: 24px; height: 24px;\"><\/div>         <\/div>             <div class=\"kksr-star\" style=\"padding-right: 5px\">               <div class=\"kksr-icon\" style=\"width: 24px; height: 24px;\"><\/div>         <\/div>             <div class=\"kksr-star\" style=\"padding-right: 5px\">               <div class=\"kksr-icon\" style=\"width: 24px; height: 24px;\"><\/div>         <\/div>     <\/div> <\/div>                   <div class=\"kksr-legend\" style=\"font-size: 19.2px;\">             4,7\/5 - (24 b\u00ecnh ch\u1ecdn)    <\/div>     <\/div>  <p class=\"translation-block\"><strong>M\u00e1y tr\u1ed9n b\u1ed9t than<\/strong> l\u00e0 thi\u1ebft b\u1ecb x\u1eed l\u00fd c\u1ea7n thi\u1ebft trong to\u00e0n b\u1ed9 d\u00e2y chuy\u1ec1n s\u1ea3n xu\u1ea5t than. B\u1edfi v\u00ec vi\u1ec7c s\u1eed d\u1ee5ng n\u00f3 s\u1ebd l\u00e0m cho qu\u00e1 tr\u00ecnh s\u1ea3n xu\u1ea5t sau \u0111\u00f3 di\u1ec5n ra tr\u01a1n tru h\u01a1n. N\u00f3 ph\u00f9 h\u1ee3p \u0111\u1ec3 tr\u1ed9n nhi\u1ec1u lo\u1ea1i v\u1eadt li\u1ec7u \u01b0\u1edbt v\u00e0 kh\u00f4 v\u00e0 c\u00e1c colloid nh\u01b0 than g\u1ed7, than m\u00eda, b\u00f9n ch\u1ecbu l\u1eeda, \u0111\u1ea5t s\u00e9t, tro bay, x\u1ec9 c\u00f2n l\u1ea1i, x\u1ec9, \u0111\u1ea5t l\u00e0m khu\u00f4n, v.v. B\u1ea1n c\u00f3 th\u1ec3 \u0111\u1ec3 l\u1ea1i y\u00eau c\u1ea7u c\u1ee7a b\u1ea1n ho\u1eb7c g\u1ecdi cho ch\u00fang t\u00f4i v\u00e0 ch\u00fang t\u00f4i s\u1ebd ph\u1ee5c v\u1ee5 b\u1ea1n h\u1ebft m\u00ecnh.<\/p>    <h2 class=\"wp-block-heading\" id=\"h-what-is-a-charcoal-powder-mixer-machine\"><strong>M\u00e1y tr\u1ed9n b\u1ed9t than l\u00e0 g\u00ec?<\/strong><\/h2>    <p>M\u00e1y tr\u1ed9n b\u1ed9t than l\u00e0 thi\u1ebft b\u1ecb ch\u1ebf bi\u1ebfn ch\u00ednh \u0111\u1ec3 l\u00e0m than. Ch\u1ee9c n\u0103ng ch\u00ednh c\u1ee7a m\u00e1y tr\u1ed9n b\u00e1nh xe l\u00e0 n\u00e9n v\u00e0 khu\u1ea5y nguy\u00ean li\u1ec7u th\u00f4. V\u00e0 b\u01b0\u1edbc n\u00e0y c\u0169ng \u0111\u1eb7t n\u1ec1n m\u00f3ng cho qu\u00e1 tr\u00ecnh gia c\u00f4ng m\u00e1y \u0111\u00fac ti\u1ebfp theo.<\/p>    <figure class=\"wp-block-image aligncenter size-full\"><img loading=\"lazy\" decoding=\"async\" width=\"720\" height=\"540\" src=\"https:\/\/charcoalplant.com\/wp-content\/uploads\/2022\/03\/applications-of-charcoal-powder-mixer.jpg\" alt=\"\u1ee9ng d\u1ee5ng c\u1ee7a m\u00e1y tr\u1ed9n b\u1ed9t than\" class=\"wp-image-2574\"\/><figcaption class=\"wp-element-caption\">\u1ee9ng d\u1ee5ng c\u1ee7a m\u00e1y tr\u1ed9n b\u1ed9t than<\/figcaption><\/figure>    <h2 class=\"wp-block-heading\"><strong>Nguy\u00ean l\u00fd l\u00e0m vi\u1ec7c c\u1ee7a m\u00e1y tr\u1ed9n con l\u0103n<\/strong><\/h2>    <p>Thi\u1ebft b\u1ecb tr\u1ed9n b\u1ed9t than s\u1eed d\u1ee5ng r\u00f2ng r\u1ecdc \u0111ai d\u1eabn \u0111\u1ed9ng hai con l\u0103n chuy\u1ec3n \u0111\u1ed9ng theo chuy\u1ec3n \u0111\u1ed9ng tr\u00f2n. Nguy\u00ean l\u00fd l\u00e0m vi\u1ec7c ch\u00ednh c\u1ee7a n\u00f3 l\u00e0 tr\u1ed9n ho\u00e0n to\u00e0n b\u1ed9t v\u00e0 ch\u1ea5t k\u1ebft d\u00ednh v\u1edbi n\u01b0\u1edbc sau khi l\u0103n v\u00e0 khu\u1ea5y theo t\u1ef7 l\u1ec7 th\u00edch h\u1ee3p. Vi\u1ec7c tr\u1ed9n nguy\u00ean li\u1ec7u \u0111\u01b0\u1ee3c ho\u00e0n th\u00e0nh trong kho\u1ea3ng 20 ph\u00fat. Cu\u1ed1i c\u00f9ng, v\u1eadt li\u1ec7u tr\u1ed9n \u0111\u1ed3ng \u0111\u1ec1u \u0111\u01b0\u1ee3c x\u1ea3 ra kh\u1ecfi van \u1edf \u0111\u00e1y m\u00e1y nghi\u1ec1n b\u00e1nh xe.<\/p>    <figure class=\"wp-block-gallery has-nested-images columns-default is-cropped wp-block-gallery-2 is-layout-flex wp-block-gallery-is-layout-flex\"> <figure class=\"wp-block-image size-large\"><img loading=\"lazy\" decoding=\"async\" width=\"720\" height=\"540\" data-id=\"2585\" src=\"https:\/\/charcoalplant.com\/wp-content\/uploads\/2022\/03\/large-vetcial-coal-powder-machine.jpg\" alt=\"\" class=\"wp-image-2585\"\/><\/figure>    <figure class=\"wp-block-image size-full\"><img loading=\"lazy\" decoding=\"async\" width=\"720\" height=\"540\" data-id=\"1539\" src=\"https:\/\/charcoalplant.com\/wp-content\/uploads\/2021\/12\/wheel-roller-mixing-machine-for-sale-1.jpg\" alt=\"C\u1ea7n b\u00e1n m\u00e1y tr\u1ed9n con l\u0103n\" class=\"wp-image-1539\" srcset=\"https:\/\/charcoalplant.com\/wp-content\/uploads\/2021\/12\/wheel-roller-mixing-machine-for-sale-1.jpg 720w, https:\/\/charcoalplant.com\/wp-content\/uploads\/2021\/12\/wheel-roller-mixing-machine-for-sale-1-300x225.jpg 300w\" sizes=\"auto, (max-width: 720px) 100vw, 720px\" \/><figcaption class=\"wp-element-caption\">C\u1ea7n b\u00e1n m\u00e1y tr\u1ed9n con l\u0103n<\/figcaption><\/figure> <\/figure>    <h2 class=\"wp-block-heading\" id=\"h-charcoal-powder-mixer-structure\"><strong>C\u1ea5u t\u1ea1o m\u00e1y tr\u1ed9n b\u1ed9t than<\/strong><strong><\/strong><\/h2>    <p>M\u00e1y tr\u1ed9n b\u1ed9t than ch\u1ee7 y\u1ebfu bao g\u1ed3m con l\u0103n, \u0111\u0129a, m\u00e1y c\u1ea1o, b\u1ed9 gi\u1ea3m t\u1ed1c, \u0111\u1ed9ng c\u01a1, van v\u00e0 c\u00e1c b\u1ed9 ph\u1eadn kh\u00e1c. <\/p>    <div class=\"wp-block-columns has-background is-layout-flex wp-container-core-columns-is-layout-28f84493 wp-block-columns-is-layout-flex\" style=\"background-color:#f1f1f1\"> <div class=\"wp-block-column is-layout-flow wp-block-column-is-layout-flow\" style=\"flex-basis:66.66%\"> <figure class=\"wp-block-gallery has-nested-images columns-default is-cropped wp-block-gallery-3 is-layout-flex wp-block-gallery-is-layout-flex\"> <figure class=\"wp-block-image size-large\"><img loading=\"lazy\" decoding=\"async\" width=\"720\" height=\"540\" data-id=\"2578\" src=\"https:\/\/charcoalplant.com\/wp-content\/uploads\/2022\/03\/Roller.jpg\" alt=\"Con l\u0103n\" class=\"wp-image-2578\"\/><figcaption class=\"wp-element-caption\">Con l\u0103n<\/figcaption><\/figure> <\/figure> <\/div>    <div class=\"wp-block-column is-vertically-aligned-center is-layout-flow wp-block-column-is-layout-flow\" style=\"flex-basis:33.33%\"> <p class=\"translation-block\"><strong>Tr\u1ee5c cu\u1ed9n<\/strong><\/p>    <p>Trong s\u1ed1 \u0111\u00f3 c\u00f3 hai con l\u0103n n\u00ean m\u1ee5c \u0111\u00edch c\u0169ng l\u00e0 \u0111\u1ec3 nghi\u1ec1n nguy\u00ean li\u1ec7u th\u00f4 t\u1ed1t h\u01a1n. V\u00ec v\u1eady, hi\u1ec7u qu\u1ea3 c\u00f4ng vi\u1ec7c \u0111\u01b0\u1ee3c c\u1ea3i thi\u1ec7n r\u1ea5t nhi\u1ec1u.<\/p> <\/div> <\/div>    <div class=\"wp-block-columns has-background is-layout-flex wp-container-core-columns-is-layout-28f84493 wp-block-columns-is-layout-flex\" style=\"background-color:#f1f1f1\"> <div class=\"wp-block-column is-vertically-aligned-center is-layout-flow wp-block-column-is-layout-flow\" style=\"flex-basis:33.33%\"> <p class=\"translation-block\"><strong>L\u1ed1i ra<\/strong><\/p>    <p>C\u1ed5ng x\u1ea3 c\u1ee7a m\u00e1y tr\u1ed9n b\u1ee5i than n\u1eb1m \u1edf ph\u00eda d\u01b0\u1edbi m\u00e1y. V\u00ec v\u1eady, b\u1ed9t than \u0111\u00e3 qua ch\u1ebf bi\u1ebfn r\u1ea5t ti\u1ec7n l\u1ee3i khi s\u1eed d\u1ee5ng tr\u1ef1c ti\u1ebfp.<\/p> <\/div>    <div class=\"wp-block-column is-layout-flow wp-block-column-is-layout-flow\" style=\"flex-basis:66.66%\"> <figure class=\"wp-block-gallery has-nested-images columns-default is-cropped wp-block-gallery-4 is-layout-flex wp-block-gallery-is-layout-flex\"> <figure class=\"wp-block-image size-large\"><img loading=\"lazy\" decoding=\"async\" width=\"753\" height=\"606\" data-id=\"2580\" src=\"https:\/\/charcoalplant.com\/wp-content\/uploads\/2022\/03\/outlet.jpg\" alt=\"ch\u1ed7 tho\u00e1t\" class=\"wp-image-2580\"\/><figcaption class=\"wp-element-caption\">ch\u1ed7 tho\u00e1t<\/figcaption><\/figure> <\/figure> <\/div> <\/div>    <div class=\"wp-block-columns has-background is-layout-flex wp-container-core-columns-is-layout-28f84493 wp-block-columns-is-layout-flex\" style=\"background-color:#f1f1f1\"> <div class=\"wp-block-column is-layout-flow wp-block-column-is-layout-flow\" style=\"flex-basis:66.66%\"> <figure class=\"wp-block-gallery has-nested-images columns-default is-cropped wp-block-gallery-5 is-layout-flex wp-block-gallery-is-layout-flex\"> <figure class=\"wp-block-image size-large\"><img loading=\"lazy\" decoding=\"async\" width=\"720\" height=\"540\" data-id=\"1523\" src=\"https:\/\/charcoalplant.com\/wp-content\/uploads\/2021\/12\/Charcoal-Raymond-mill-shovel-1.jpg\" alt=\"Than-Raymond-mill-x\u1ebbng\" class=\"wp-image-1523\" srcset=\"https:\/\/charcoalplant.com\/wp-content\/uploads\/2021\/12\/Charcoal-Raymond-mill-shovel-1.jpg 720w, https:\/\/charcoalplant.com\/wp-content\/uploads\/2021\/12\/Charcoal-Raymond-mill-shovel-1-300x225.jpg 300w\" sizes=\"auto, (max-width: 720px) 100vw, 720px\" \/><figcaption class=\"wp-element-caption\">Than-Raymond-mill-x\u1ebbng<\/figcaption><\/figure> <\/figure> <\/div>    <div class=\"wp-block-column is-vertically-aligned-center is-layout-flow wp-block-column-is-layout-flow\" style=\"flex-basis:33.33%\"> <p class=\"translation-block\"><strong>X\u1ebbng<\/strong><\/p>    <p>C\u00e1ch s\u1eed d\u1ee5ng x\u1ebbng c\u0169ng r\u1ea5t th\u00f4ng minh. M\u1ed9t m\u1eb7t, n\u00f3 l\u00e0m s\u1ea1ch v\u1eadt li\u1ec7u \u0111\u1ec3 \u0111\u1ea1t \u0111\u01b0\u1ee3c hi\u1ec7u qu\u1ea3 c\u00e1n nhi\u1ec1u l\u1ea7n. M\u1eb7t kh\u00e1c, n\u00f3 c\u00f2n \u0111\u00f3ng vai tr\u00f2 khu\u1ea5y tr\u1ed9n trong qu\u00e1 tr\u00ecnh quay.<\/p> <\/div> <\/div>    <h2 class=\"wp-block-heading\" id=\"h-features-of-coal-dust-milling-machine\"><strong>\u0110\u1eb7c \u0111i\u1ec3m c\u1ee7a m\u00e1y nghi\u1ec1n b\u1ee5i than<\/strong><\/h2>    <p class=\"translation-block\"><strong>Shuliy Machinery<\/strong> l\u00e0 m\u1ed9t nh\u00e0 s\u1ea3n xu\u1ea5t xu\u1ea5t s\u1eafc <strong><a href=\"https:\/\/charcoalplant.com\/vi\/charcoal-making-machine\/\">m\u00e1y l\u00e0m than<\/a><\/strong> t\u1ea1i Trung Qu\u1ed1c. M\u00e1y tr\u1ed9n b\u1ed9t than do nh\u00e0 x\u01b0\u1edfng c\u1ee7a ch\u00fang t\u00f4i s\u1ea3n xu\u1ea5t c\u00f3 c\u00e1c \u0111\u1eb7c \u0111i\u1ec3m sau:<\/p>    <p>1. Vi\u1ec7c khu\u1ea5y v\u00e0 nghi\u1ec1n \u0111\u01b0\u1ee3c th\u1ef1c hi\u1ec7n \u0111\u1ed3ng th\u1eddi. V\u00ec v\u1eady hi\u1ec7u \u1ee9ng tr\u1ed9n l\u00e0 t\u1ed1t.<\/p>    <p>2. B\u1edfi v\u00ec m\u00e1y tr\u1ed9n than nghi\u1ec1n th\u00e0nh b\u1ed9t kh\u00f4ng c\u00f3 b\u1ed9 ph\u1eadn b\u1ecb m\u00f2n. V\u00ec v\u1eady, n\u00f3 c\u00f3 tu\u1ed5i th\u1ecd s\u1eed d\u1ee5ng l\u00e2u d\u00e0i<\/p>    <p>3. Nguy\u00ean li\u1ec7u d\u1ed3i d\u00e0o v\u00e0 \u1ee9ng d\u1ee5ng r\u1ed9ng r\u00e3i.<\/p>    <p>4. B\u1ea3o tr\u00ec thu\u1eadn ti\u1ec7n v\u00e0 kh\u00f4ng d\u1ec5 h\u01b0 h\u1ecfng.<\/p>    <p>5. Ho\u1ea1t \u0111\u1ed9ng \u0111\u01a1n gi\u1ea3n v\u00e0 ho\u1ea1t \u0111\u1ed9ng \u1ed5n \u0111\u1ecbnh.<\/p>    <figure class=\"wp-block-image aligncenter size-full\"><img loading=\"lazy\" decoding=\"async\" width=\"720\" height=\"540\" src=\"https:\/\/charcoalplant.com\/wp-content\/uploads\/2022\/03\/carbon-dust-mixing-machine-1.jpg\" alt=\"\" class=\"wp-image-2593\"\/><figcaption class=\"wp-element-caption\">m\u00e1y tr\u1ed9n b\u1ee5i carbon<\/figcaption><\/figure>    <h2 class=\"wp-block-heading\"><strong>T\u1ea1i sao n\u00ean s\u1eed d\u1ee5ng m\u00e1y tr\u1ed9n than?<\/strong><\/h2>    <p class=\"translation-block\">M\u00e1y tr\u1ed9n than th\u1eb3ng \u0111\u1ee9ng l\u00e0 s\u1ef1 l\u1ef1a ch\u1ecdn \u0111\u1ea7u ti\u00ean c\u1ee7a nhi\u1ec1u nh\u00e0 s\u1ea3n xu\u1ea5t mong mu\u1ed1n s\u1ea3n xu\u1ea5t s\u1ea3n ph\u1ea9m ho\u00e0n ch\u1ec9nh ch\u1ea5t l\u01b0\u1ee3ng cao. V\u00ed d\u1ee5, <strong><a href=\"https:\/\/charcoalplant.com\/vi\/charcoal-briquetting-machine\/rotary-hookah-tablet-press\/\">nh\u00e0 m\u00e1y than hookah ch\u00e1y nhanh<\/a><\/strong>, ngh\u1ec1 g\u1ed1m, s\u1ea3n xu\u1ea5t th\u1ee9c \u0103n cho \u0111\u1ed9ng v\u1eadt, v.v. B\u1edfi v\u00ec c\u00f3 c\u1ea3 t\u00e1c d\u1ee5ng khu\u1ea5y v\u00e0 \u00e9p trong qu\u00e1 tr\u00ecnh tr\u1ed9n. Do \u0111\u00f3, kh\u00f4ng kh\u00ed gi\u1eefa c\u00e1c h\u1ea1t v\u1eadt li\u1ec7u c\u00f3 th\u1ec3 \u0111\u01b0\u1ee3c x\u1ea3 t\u1ed1t h\u01a1n. N\u00f3i c\u00e1ch kh\u00e1c, vi\u1ec7c s\u1eed d\u1ee5ng m\u00e1y tr\u1ed9n cu\u1ed9n c\u00f3 th\u1ec3 c\u1ea3i thi\u1ec7n \u0111\u00e1ng k\u1ec3 t\u1ef7 l\u1ec7 s\u1eed d\u1ee5ng nguy\u00ean li\u1ec7u.<\/p>    <figure class=\"wp-block-gallery has-nested-images columns-default is-cropped wp-block-gallery-6 is-layout-flex wp-block-gallery-is-layout-flex\"> <figure class=\"wp-block-image size-large\"><img loading=\"lazy\" decoding=\"async\" width=\"720\" height=\"540\" data-id=\"2611\" src=\"https:\/\/charcoalplant.com\/wp-content\/uploads\/2022\/03\/charcoal-powder-mixer-plant.jpg\" alt=\"nh\u00e0 m\u00e1y tr\u1ed9n b\u1ed9t than\" class=\"wp-image-2611\"\/><figcaption class=\"wp-element-caption\">nh\u00e0 m\u00e1y tr\u1ed9n b\u1ed9t than<\/figcaption><\/figure>    <figure class=\"wp-block-image size-large\"><img loading=\"lazy\" decoding=\"async\" width=\"720\" height=\"540\" data-id=\"2612\" src=\"https:\/\/charcoalplant.com\/wp-content\/uploads\/2022\/03\/factory-stock.jpg\" alt=\"kho x\u01b0\u1edfng\" class=\"wp-image-2612\"\/><figcaption class=\"wp-element-caption\">kho x\u01b0\u1edfng<\/figcaption><\/figure> <\/figure>    <h2 class=\"wp-block-heading\"><strong>Video nh\u00e0 s\u1ea3n xu\u1ea5t thi\u1ebft b\u1ecb tr\u1ed9n b\u1ee5i than<\/strong><\/h2>    <figure class=\"wp-block-embed is-type-video is-provider-youtube wp-block-embed-youtube wp-embed-aspect-16-9 wp-has-aspect-ratio\"><div class=\"wp-block-embed__wrapper\"> <iframe loading=\"lazy\" title=\"M\u00e1y Tr\u1ed9n B\u1ed9t Than | Nh\u00e0 s\u1ea3n xu\u1ea5t v\u00e0 cung c\u1ea5p thi\u1ebft b\u1ecb tr\u1ed9n b\u1ee5i than\" width=\"500\" height=\"281\" src=\"https:\/\/www.youtube.com\/embed\/l7g4RRgxObs?start=19&#038;feature=oembed\" frameborder=\"0\" allow=\"accelerometer; autoplay; clipboard-write; encrypted-media; gyroscope; picture-in-picture; web-share\" referrerpolicy=\"strict-origin-when-cross-origin\" allowfullscreen><\/iframe> <\/div><\/figure>    <h2 class=\"wp-block-heading\" id=\"h-parameters-of-wheel-roller-grinding-machine\"><strong>Th\u00f4ng s\u1ed1 c\u1ee7a m\u00e1y tr\u1ed9n con l\u0103n<\/strong><\/h2>    <p class=\"translation-block\">Ch\u00fang t\u00f4i s\u1ea3n xu\u1ea5t c\u00e1c m\u00e1y tr\u1ed9n b\u1ed9t carbon v\u1edbi c\u00e1c th\u00f4ng s\u1ed1 kh\u00e1c nhau. H\u01a1n n\u1eefa, ch\u00fang t\u00f4i cung c\u1ea5p <strong><a href=\"https:\/\/charcoalplant.com\/vi\/info\/3-sl-cg1500-wheel-mills-were-sold-to-south-africa\/\">d\u1ecbch v\u1ee5 t\u00f9y ch\u1ec9nh<\/a><\/strong> cho m\u00e1y tr\u1ed9n v\u00e0 d\u00e2y chuy\u1ec1n s\u1ea3n xu\u1ea5t. Do \u0111\u00f3, n\u1ebfu b\u1ea1n mu\u1ed1n bi\u1ebft gi\u00e1 c\u1ee5 th\u1ec3 c\u1ee7a m\u00e1y tr\u1ed9n b\u1ed9t carbon, h\u00e3y li\u00ean h\u1ec7 v\u1edbi ch\u00fang t\u00f4i \u0111\u1ec3 \u0111\u01b0\u1ee3c t\u01b0 v\u1ea5n. Ngo\u00e0i ra, ch\u00fang t\u00f4i s\u1ebd cung c\u1ea5p cho b\u1ea1n c\u00e1c th\u00f4ng s\u1ed1 thi\u1ebft b\u1ecb m\u1edbi nh\u1ea5t.<\/p>    <p>Sau \u0111\u00e2y l\u00e0 th\u00f4ng s\u1ed1 c\u1ee7a m\u1ed9t s\u1ed1 m\u00e1y nghi\u1ec1n b\u00e1nh xe, ch\u1ec9 mang t\u00ednh ch\u1ea5t tham kh\u1ea3o:<\/p>    <figure class=\"wp-block-table is-style-stripes\"><table><tbody><tr><td>Ng\u01b0\u1eddi m\u1eabu<\/td><td>SL-CG1<\/td><td>SL-CG2<\/td><td>SL-CG3<\/td><td>SL-CG4<\/td><\/tr><tr><td>\u0110\u01b0\u1eddng k\u00ednh \u0111\u0129a (mm)<\/td><td>1000<\/td><td>1200<\/td><td>1500<\/td><td>1600<\/td><\/tr><tr><td>L\u01b0\u1ee3ng cho \u0103n (Kg)<\/td><td>110<\/td><td>150<\/td><td>350<\/td><td>450<\/td><\/tr><tr><td>Chu k\u1ef3 tr\u1ed9n (ph\u00fat)<\/td><td>3-8<\/td><td>3-5<\/td><td>3-5<\/td><td>3-5<\/td><\/tr><tr><td>C\u00f4ng su\u1ea5t (t\/h)<\/td><td>1.5-2.5<\/td><td>1.5-3<\/td><td>7<\/td><td>9<\/td><\/tr><tr><td>T\u1ed1c \u0111\u1ed9 tr\u1ee5c ch\u00ednh (r\/min)<\/td><td>41<\/td><td>41<\/td><td>37<\/td><td>37<\/td><\/tr><tr><td>C\u00f4ng su\u1ea5t (KW)<\/td><td>5.5<\/td><td>7.5<\/td><td>15<\/td><td>18.5<\/td><\/tr><tr><td>K\u00edch th\u01b0\u1edbc (m)<\/td><td>1*1*1.2<\/td><td>1.2*1.2*1.3<\/td><td>1.5*1.5*1.6<\/td><td>1.6*1.6*1.7<\/td><\/tr><tr><td>Tr\u1ecdng l\u01b0\u1ee3ng (t)<\/td><td>1<\/td><td>1.2<\/td><td>2<\/td><td>2.5<\/td><\/tr><\/tbody><\/table><\/figure>    <h2 class=\"wp-block-heading\">M\u00e1y tr\u1ed9n b\u1ed9t than tuy\u1ec7t v\u1eddi \u0111\u00e3 s\u1eb5n s\u00e0ng \u0111\u1ec3 v\u1eadn chuy\u1ec3n<\/h2>    <figure class=\"wp-block-gallery has-nested-images columns-2 is-cropped wp-block-gallery-7 is-layout-flex wp-block-gallery-is-layout-flex\"> <figure class=\"wp-block-image size-large\"><img loading=\"lazy\" decoding=\"async\" width=\"720\" height=\"540\" data-id=\"2588\" src=\"https:\/\/charcoalplant.com\/wp-content\/uploads\/2022\/03\/small-charcoal-powder-mixer-for-sale-1.jpg\" alt=\"b\u00e1n m\u00e1y tr\u1ed9n b\u1ed9t than nh\u1ecf\" class=\"wp-image-2588\"\/><figcaption class=\"wp-element-caption\">b\u00e1n m\u00e1y tr\u1ed9n b\u1ed9t than nh\u1ecf<\/figcaption><\/figure>    <figure class=\"wp-block-image size-large\"><img loading=\"lazy\" decoding=\"async\" width=\"720\" height=\"540\" data-id=\"2590\" src=\"https:\/\/charcoalplant.com\/wp-content\/uploads\/2022\/03\/vertial-mixer-show.jpg\" alt=\"ch\u01b0\u01a1ng tr\u00ecnh tr\u1ed9n theo chi\u1ec1u d\u1ecdc\" class=\"wp-image-2590\"\/><figcaption class=\"wp-element-caption\">ch\u01b0\u01a1ng tr\u00ecnh tr\u1ed9n theo chi\u1ec1u d\u1ecdc<\/figcaption><\/figure>    <figure class=\"wp-block-image size-large\"><img loading=\"lazy\" decoding=\"async\" width=\"720\" height=\"540\" data-id=\"2587\" src=\"https:\/\/charcoalplant.com\/wp-content\/uploads\/2022\/03\/wheel-roller-for-sale.jpg\" alt=\"C\u1ea7n b\u00e1n xe l\u0103n\" class=\"wp-image-2587\"\/><figcaption class=\"wp-element-caption\">C\u1ea7n b\u00e1n xe l\u0103n<\/figcaption><\/figure>    <figure class=\"wp-block-image size-large\"><img loading=\"lazy\" decoding=\"async\" width=\"720\" height=\"540\" data-id=\"2589\" src=\"https:\/\/charcoalplant.com\/wp-content\/uploads\/2022\/03\/ship.jpg\" alt=\"chuy\u1ebfn h\u00e0ng\" class=\"wp-image-2589\"\/><figcaption class=\"wp-element-caption\">chuy\u1ebfn h\u00e0ng<\/figcaption><\/figure> <\/figure>","protected":false},"excerpt":{"rendered":"<p>M\u00e1y tr\u1ed9n b\u1ed9t than l\u00e0 thi\u1ebft b\u1ecb t\u00edch h\u1ee3p nghi\u1ec1n v\u00e0 tr\u1ed9n. V\u00e0 n\u00f3 kh\u00f4ng b\u1ecb \u1ea3nh h\u01b0\u1edfng b\u1edfi \u0111\u1ed9 \u1ea9m c\u1ee7a v\u1eadt li\u1ec7u.<\/p>","protected":false},"author":1,"featured_media":1534,"parent":0,"template":"","tags":[62],"product-type":[42],"class_list":["post-1533","product","type-product","status-publish","has-post-thumbnail","hentry","tag-grinder-and-mixer","product-type-grinder-and-mixer"],"_links":{"self":[{"href":"https:\/\/charcoalplant.com\/vi\/wp-json\/wp\/v2\/product\/1533","targetHints":{"allow":["GET"]}}],"collection":[{"href":"https:\/\/charcoalplant.com\/vi\/wp-json\/wp\/v2\/product"}],"about":[{"href":"https:\/\/charcoalplant.com\/vi\/wp-json\/wp\/v2\/types\/product"}],"author":[{"embeddable":true,"href":"https:\/\/charcoalplant.com\/vi\/wp-json\/wp\/v2\/users\/1"}],"wp:featuredmedia":[{"embeddable":true,"href":"https:\/\/charcoalplant.com\/vi\/wp-json\/wp\/v2\/media\/1534"}],"wp:attachment":[{"href":"https:\/\/charcoalplant.com\/vi\/wp-json\/wp\/v2\/media?parent=1533"}],"wp:term":[{"taxonomy":"post_tag","embeddable":true,"href":"https:\/\/charcoalplant.com\/vi\/wp-json\/wp\/v2\/tags?post=1533"},{"taxonomy":"product-type","embeddable":true,"href":"https:\/\/charcoalplant.com\/vi\/wp-json\/wp\/v2\/product-type?post=1533"}],"curies":[{"name":"wp","href":"https:\/\/api.w.org\/{rel}","templated":true}]}}