{"id":1547,"date":"2021-12-27T08:05:11","date_gmt":"2021-12-27T08:05:11","guid":{"rendered":"https:\/\/charcoalplant.com\/?p=1547"},"modified":"2023-04-14T09:25:21","modified_gmt":"2023-04-14T01:25:21","slug":"charcoal-shredder","status":"publish","type":"product","link":"https:\/\/charcoalplant.com\/vi\/product\/charcoal-shredder\/","title":{"rendered":"M\u00e1y h\u1ee7y than | M\u00e1y nghi\u1ec1n than"},"content":{"rendered":"<div class=\"kk-star-ratings kksr-auto kksr-align-left kksr-valign-top\"     data-payload='{&quot;align&quot;:&quot;left&quot;,&quot;id&quot;:&quot;1547&quot;,&quot;slug&quot;:&quot;default&quot;,&quot;valign&quot;:&quot;top&quot;,&quot;ignore&quot;:&quot;&quot;,&quot;reference&quot;:&quot;auto&quot;,&quot;class&quot;:&quot;&quot;,&quot;count&quot;:&quot;27&quot;,&quot;legendonly&quot;:&quot;&quot;,&quot;readonly&quot;:&quot;&quot;,&quot;score&quot;:&quot;4.7&quot;,&quot;starsonly&quot;:&quot;&quot;,&quot;best&quot;:&quot;5&quot;,&quot;gap&quot;:&quot;5&quot;,&quot;greet&quot;:&quot;Rate this product&quot;,&quot;legend&quot;:&quot;4.7\\\/5 - (27 b\u00ecnh ch\u1ecdn)&quot;,&quot;size&quot;:&quot;24&quot;,&quot;title&quot;:&quot;Charcoal Shredder | Coal Grinder Machine&quot;,&quot;width&quot;:&quot;133.8&quot;,&quot;_legend&quot;:&quot;{score}\\\/{best} - ({count} {votes})&quot;,&quot;font_factor&quot;:&quot;1.25&quot;}'>              <div class=\"kksr-stars\">      <div class=\"kksr-stars-inactive\">             <div class=\"kksr-star\" data-star=\"1\" style=\"padding-right: 5px\">               <div class=\"kksr-icon\" style=\"width: 24px; height: 24px;\"><\/div>         <\/div>             <div class=\"kksr-star\" data-star=\"2\" style=\"padding-right: 5px\">               <div class=\"kksr-icon\" style=\"width: 24px; height: 24px;\"><\/div>         <\/div>             <div class=\"kksr-star\" data-star=\"3\" style=\"padding-right: 5px\">               <div class=\"kksr-icon\" style=\"width: 24px; height: 24px;\"><\/div>         <\/div>             <div class=\"kksr-star\" data-star=\"4\" style=\"padding-right: 5px\">               <div class=\"kksr-icon\" style=\"width: 24px; height: 24px;\"><\/div>         <\/div>             <div class=\"kksr-star\" data-star=\"5\" style=\"padding-right: 5px\">               <div class=\"kksr-icon\" style=\"width: 24px; height: 24px;\"><\/div>         <\/div>     <\/div>      <div class=\"kksr-stars-active\" style=\"width: 133.8px;\">             <div class=\"kksr-star\" style=\"padding-right: 5px\">               <div class=\"kksr-icon\" style=\"width: 24px; height: 24px;\"><\/div>         <\/div>             <div class=\"kksr-star\" style=\"padding-right: 5px\">               <div class=\"kksr-icon\" style=\"width: 24px; height: 24px;\"><\/div>         <\/div>             <div class=\"kksr-star\" style=\"padding-right: 5px\">               <div class=\"kksr-icon\" style=\"width: 24px; height: 24px;\"><\/div>         <\/div>             <div class=\"kksr-star\" style=\"padding-right: 5px\">               <div class=\"kksr-icon\" style=\"width: 24px; height: 24px;\"><\/div>         <\/div>             <div class=\"kksr-star\" style=\"padding-right: 5px\">               <div class=\"kksr-icon\" style=\"width: 24px; height: 24px;\"><\/div>         <\/div>     <\/div> <\/div>                   <div class=\"kksr-legend\" style=\"font-size: 19.2px;\">             4,7\/5 - (27 b\u00ecnh ch\u1ecdn)    <\/div>     <\/div>  <p class=\"translation-block\"><strong>M\u00e1y nghi\u1ec1n than c\u1ee7i<\/strong> v\u00e0 m\u00e1y nghi\u1ec1n than th\u01b0\u1eddng xu\u1ea5t hi\u1ec7n trong <strong><a href=\"https:\/\/charcoalplant.com\/vi\/charcoal-briquettes-production-line\/\">d\u00e2y chuy\u1ec1n s\u1ea3n xu\u1ea5t vi\u00ean n\u00e9n than c\u1ee7i<\/a><\/strong>. Vi\u1ec7c s\u1eed d\u1ee5ng ch\u00fang s\u1ebd l\u00e0m cho ho\u1ea1t \u0111\u1ed9ng c\u1ee7a to\u00e0n b\u1ed9 d\u00e2y chuy\u1ec1n s\u1ea3n xu\u1ea5t than c\u1ee7i di\u1ec5n ra su\u00f4n s\u1ebb h\u01a1n. Shuliy Machinery s\u1ea3n xu\u1ea5t t\u1ea5t c\u1ea3 c\u00e1c lo\u1ea1i thi\u1ebft b\u1ecb ch\u1ebf bi\u1ebfn than c\u1ee7i. N\u1ebfu b\u1ea1n mu\u1ed1n bi\u1ebft v\u1ec1 m\u00e1y nghi\u1ec1n c\u1ee7a ch\u00fang t\u00f4i, vui l\u00f2ng li\u00ean h\u1ec7 v\u1edbi ch\u00fang t\u00f4i ngay l\u1eadp t\u1ee9c. V\u00e0 b\u1ea1n s\u1ebd nh\u1eadn \u0111\u01b0\u1ee3c th\u00f4ng tin v\u1ec1 gi\u00e1 thi\u1ebft b\u1ecb v\u00e0 th\u00f4ng s\u1ed1 k\u1ef9 thu\u1eadt.<\/p>    <h2 class=\"wp-block-heading\" id=\"h-type-1-charcoal-shredder-machine\"><strong>Lo\u1ea1i 1:<\/strong> <strong>M\u00e1y h\u1ee7y than<\/strong> <strong>m\u00e1y m\u00f3c<\/strong><\/h2>    <p>M\u00e1y nghi\u1ec1n than b\u1ed9t hay c\u00f2n g\u1ecdi l\u00e0 m\u00e1y nghi\u1ec1n r\u01a1m, m\u00e1y nghi\u1ec1n th\u00e2n c\u00e2y ng\u00f4. N\u00f3 c\u0169ng l\u00e0 m\u1ed9t lo\u1ea1i thi\u1ebft b\u1ecb b\u1ea3o v\u1ec7 m\u00f4i tr\u01b0\u1eddng m\u1edbi. B\u1edfi v\u00ec n\u00f3 ch\u1ee7 y\u1ebfu bao g\u1ed3m c\u1ea5u tr\u00fac c\u1ee7a c\u1ed5ng c\u1ea5p li\u1ec7u, b\u00faa, l\u01b0\u1ee1i dao, m\u00e0n h\u00ecnh v\u00e0 c\u1ed5ng x\u1ea3. V\u00ec v\u1eady, nguy\u00ean l\u00fd ho\u1ea1t \u0111\u1ed9ng c\u1ee7a n\u00f3 l\u00e0 s\u1eed d\u1ee5ng l\u01b0\u1ee1i dao \u0111\u1ec3 b\u0103m nh\u1ecf nguy\u00ean li\u1ec7u th\u00f4 tr\u01b0\u1edbc ti\u00ean. Sau \u0111\u00f3 n\u00f3 b\u1ecb b\u00faa \u0111\u1eadp li\u00ean t\u1ee5c. Cu\u1ed1i c\u00f9ng, v\u1eadt li\u1ec7u \u0111\u1ee7 ti\u00eau chu\u1ea9n s\u1ebd r\u01a1i qua m\u00e0n h\u00ecnh.<\/p>    <figure class=\"wp-block-gallery has-nested-images columns-default is-cropped wp-block-gallery-2 is-layout-flex wp-block-gallery-is-layout-flex\"> <figure class=\"wp-block-image size-large\"><img loading=\"lazy\" decoding=\"async\" width=\"720\" height=\"540\" data-id=\"1555\" src=\"https:\/\/charcoalplant.com\/wp-content\/uploads\/2021\/12\/Charcoal-shredder-2-1.jpg\" alt=\"M\u00e1y h\u1ee7y than\" class=\"wp-image-1555\" srcset=\"https:\/\/charcoalplant.com\/wp-content\/uploads\/2021\/12\/Charcoal-shredder-2-1.jpg 720w, https:\/\/charcoalplant.com\/wp-content\/uploads\/2021\/12\/Charcoal-shredder-2-1-300x225.jpg 300w\" sizes=\"auto, (max-width: 720px) 100vw, 720px\" \/><figcaption class=\"wp-element-caption\">M\u00e1y h\u1ee7y than<\/figcaption><\/figure>    <figure class=\"wp-block-image size-large\"><img loading=\"lazy\" decoding=\"async\" width=\"720\" height=\"540\" data-id=\"1861\" src=\"https:\/\/charcoalplant.com\/wp-content\/uploads\/2021\/12\/charcoal-shredder-machine-plant.jpg\" alt=\"nh\u00e0 m\u00e1y s\u1ea3n xu\u1ea5t m\u00e1y nghi\u1ec1n than\" class=\"wp-image-1861\" srcset=\"https:\/\/charcoalplant.com\/wp-content\/uploads\/2021\/12\/charcoal-shredder-machine-plant.jpg 720w, https:\/\/charcoalplant.com\/wp-content\/uploads\/2021\/12\/charcoal-shredder-machine-plant-300x225.jpg 300w\" sizes=\"auto, (max-width: 720px) 100vw, 720px\" \/><figcaption class=\"wp-element-caption\">nh\u00e0 m\u00e1y s\u1ea3n xu\u1ea5t m\u00e1y nghi\u1ec1n than<\/figcaption><\/figure> <\/figure>    <h3 class=\"wp-block-heading\" id=\"h-application-of-charcoal-powder-machine\"><strong>\u1ee8ng d\u1ee5ng c\u1ee7a than c\u1ee7i<\/strong> <strong>m\u00e1y nghi\u1ec1n<\/strong><\/h3>    <p>Nguy\u00ean li\u1ec7u th\u00f4 c\u1ee7a m\u00e1y h\u1ee7y than nh\u1ecf r\u1ea5t phong ph\u00fa. N\u00f3 kh\u00f4ng ch\u1ec9 c\u00f3 th\u1ec3 nghi\u1ec1n n\u00e1t r\u01a1m, r\u1ea1, g\u1ed7, d\u01b0\u1ee3c li\u1ec7u Trung Qu\u1ed1c, gia v\u1ecb, tre v\u00e0 c\u00e1c nguy\u00ean li\u1ec7u th\u00f4 kh\u00e1c. V\u1eadt li\u1ec7u nghi\u1ec1n c\u00f3 th\u1ec3 \u0111\u01b0\u1ee3c s\u1eed d\u1ee5ng \u0111\u1ec3 s\u1ea3n xu\u1ea5t c\u00e1c s\u1ea3n ph\u1ea9m ho\u00e0n ch\u1ec9nh kh\u00e1c nhau. Ch\u1eb3ng h\u1ea1n nh\u01b0 g\u1ed7 \u0111\u00e0n h\u01b0\u01a1ng, nhang mu\u1ed7i, ph\u00e2n b\u00f3n sinh kh\u1ed1i, nhi\u00ean li\u1ec7u sinh kh\u1ed1i, than c\u1ee7i ch\u1ebf t\u1ea1o b\u1eb1ng m\u00e1y, v\u00e1n d\u0103m v\u00e0 c\u00e1c th\u00e0nh ph\u1ea9m kh\u00e1c. Tr\u00ean th\u1ef1c t\u1ebf, gi\u00e1 th\u1ec3 d\u00f9ng \u0111\u1ec3 tr\u1ed3ng n\u1ea5m s\u00f2, n\u1ea5m h\u01b0\u01a1ng, n\u1ea5m h\u01b0\u01a1ng\u2026 c\u0169ng l\u00e0 nh\u1eefng v\u1eadt li\u1ec7u ph\u1ebf th\u1ea3i t\u00e1i ch\u1ebf n\u00e0y.<\/p>    <figure class=\"wp-block-image aligncenter size-full\"><img loading=\"lazy\" decoding=\"async\" width=\"720\" height=\"540\" src=\"https:\/\/charcoalplant.com\/wp-content\/uploads\/2021\/12\/Charcoal-crusher-crushing-effect-1.jpg\" alt=\"Hi\u1ec7u \u1ee9ng nghi\u1ec1n than\" class=\"wp-image-1556\" srcset=\"https:\/\/charcoalplant.com\/wp-content\/uploads\/2021\/12\/Charcoal-crusher-crushing-effect-1.jpg 720w, https:\/\/charcoalplant.com\/wp-content\/uploads\/2021\/12\/Charcoal-crusher-crushing-effect-1-300x225.jpg 300w\" sizes=\"auto, (max-width: 720px) 100vw, 720px\" \/><figcaption class=\"wp-element-caption\">Hi\u1ec7u \u1ee9ng nghi\u1ec1n than<\/figcaption><\/figure>    <h3 class=\"wp-block-heading\"><strong>Th\u00f4ng s\u1ed1 m\u00e1y h\u1ee7y than<\/strong>S<\/h3>    <figure class=\"wp-block-table is-style-stripes\"><table><tbody><tr><td>Ng\u01b0\u1eddi m\u1eabu<\/td><td>SL-HM60<\/td><td>SL-HM70<\/td><td>SL-HM80<\/td><td>SL-HM90<\/td><td>SL-HM1000<\/td><td>SL-HM1300<\/td><\/tr><tr><td>C\u00f4ng su\u1ea5t(kw)<\/td><td>22<\/td><td>30<\/td><td>37<\/td><td>55<\/td><td>75<\/td><td>90<\/td><\/tr><tr><td>B\u00faa (chi\u1ebfc)<\/td><td>30<\/td><td>40<\/td><td>50<\/td><td>50<\/td><td>105<\/td><td>105<\/td><\/tr><tr><td>Qu\u1ea1t(kw)<\/td><td>&nbsp;<\/td><td>&nbsp;<\/td><td>7.5<\/td><td>7.5<\/td><td>11<\/td><td>22<\/td><\/tr><tr><td>M\u00e1y h\u00fat b\u1ee5i (chi\u1ebfc)<\/td><td>5<\/td><td>5<\/td><td>5<\/td><td>5<\/td><td>14<\/td><td>14<\/td><\/tr><tr><td>\u0110\u01b0\u1eddng k\u00ednh l\u1ed1c xo\u00e1y (m)<\/td><td>1<\/td><td>1<\/td><td>1<\/td><td>1<\/td><td>1<\/td><td>1<\/td><\/tr><tr><td>C\u00f4ng su\u1ea5t (t\/h)<\/td><td>0.6-0.8<\/td><td>1-1.2<\/td><td>1.2-1.5<\/td><td>1.5-3<\/td><td>3-4<\/td><td>4-5<\/td><\/tr><\/tbody><\/table><\/figure>    <p>SL-HM 60 v\u00e0 SL-HM70 l\u00e0 nh\u1eefng s\u1ea3n ph\u1ea9m b\u00e1n ch\u1ea1y nh\u1ea5t c\u1ee7a ch\u00fang t\u00f4i. Do k\u00edch th\u01b0\u1edbc nh\u1ecf v\u00e0 chi ph\u00ed th\u1ea5p. SL-HM 1300 l\u00e0 ph\u1ed5 bi\u1ebfn nh\u1ea5t.<\/p>    <h3 class=\"wp-block-heading\"><strong>Video m\u00e1y nghi\u1ec1n than <\/strong><\/h3>    <p>Video d\u01b0\u1edbi \u0111\u00e2y cho th\u1ea5y kh\u1ea3 n\u0103ng nghi\u1ec1n n\u00e1t nhi\u1ec1u lo\u1ea1i nguy\u00ean li\u1ec7u th\u00f4 c\u1ee7a m\u00e1y l\u00e0m b\u1ed9t than. V\u00ed d\u1ee5: than c\u1ee7i, r\u01a1m r\u1ea1, gi\u1ea5y, g\u1ed7 tr\u00f2n, v.v.<\/p>    <figure class=\"wp-block-embed is-type-video is-provider-youtube wp-block-embed-youtube wp-embed-aspect-16-9 wp-has-aspect-ratio\"><div class=\"wp-block-embed__wrapper\"> <iframe loading=\"lazy\" title=\"B\u00e1n M\u00e1y nghi\u1ec1n b\u00faa v\u1ecf d\u1eeba | M\u00e1y h\u1ee7y r\u01a1m cho nh\u00e0 m\u00e1y th\u1ee9c \u0103n ch\u0103n nu\u00f4i#sinh kh\u1ed1i#nghi\u1ec1n than\" width=\"500\" height=\"281\" src=\"https:\/\/www.youtube.com\/embed\/Jvb6txakGeQ?feature=oembed\" frameborder=\"0\" allow=\"accelerometer; autoplay; clipboard-write; encrypted-media; gyroscope; picture-in-picture; web-share\" referrerpolicy=\"strict-origin-when-cross-origin\" allowfullscreen><\/iframe> <\/div><\/figure>    <h2 class=\"wp-block-heading\" id=\"h-type-2-coal-grinder-machine\"><strong>Lo\u1ea1i 2:<\/strong> <strong>M\u00e1y nghi\u1ec1n than<\/strong><\/h2>    <p>M\u00e1y nghi\u1ec1n than hay c\u00f2n g\u1ecdi l\u00e0 m\u00e1y nghi\u1ec1n composite \u0111\u1ee9ng. N\u00f3 c\u00f2n \u0111\u01b0\u1ee3c g\u1ecdi l\u00e0 m\u00e1y nghi\u1ec1n \u0111\u00e1 v\u00e0 m\u00e1y nghi\u1ec1n h\u1ed7n h\u1ee3p. N\u00f3 kh\u00f4ng ch\u1ec9 kh\u00e9o l\u00e9o \u00e1p d\u1ee5ng nguy\u00ean l\u00fd l\u00e0m vi\u1ec7c c\u1ee7a \u0111\u00e1 \u0111\u1eadp \u0111\u00e1. H\u01a1n n\u1eefa, n\u00f3 c\u00f2n c\u00f3 hai ch\u1ee9c n\u0103ng: nghi\u1ec1n m\u1ecbn v\u00e0 nghi\u1ec1n th\u00f4. C\u1ea5u tr\u00fac c\u1ee7a n\u00f3 ch\u1ee7 y\u1ebfu bao g\u1ed3m m\u1ed9t thi\u1ebft b\u1ecb truy\u1ec1n \u0111\u1ed9ng, tr\u1ee5c ch\u00ednh, xi lanh, n\u1eafp tr\u00ean v\u00e0 \u0111\u1ebf. <\/p>    <p>Nguy\u00ean l\u00fd l\u00e0m vi\u1ec7c c\u1ee7a n\u00f3 l\u00e0 tr\u01b0\u1edbc ti\u00ean than r\u01a1i th\u1eb3ng \u0111\u1ee9ng t\u1eeb ph\u1ea7n tr\u00ean c\u1ee7a m\u00e1y v\u00e0o c\u00e1nh qu\u1ea1t quay t\u1ed1c \u0111\u1ed9 cao. Sau \u0111\u00f3 c\u00e1c v\u1eadt li\u1ec7u b\u1ecb nghi\u1ec1n n\u00e1t sau nhi\u1ec1u l\u1ea7n va ch\u1ea1m v\u1edbi nhau. Cu\u1ed1i c\u00f9ng, n\u00f3 \u0111\u01b0\u1ee3c th\u1ea3i th\u1eb3ng t\u1eeb ph\u00eda d\u01b0\u1edbi. C\u00f3 thi\u1ebft b\u1ecb s\u00e0ng l\u1ecdc \u0111\u1ec3 ki\u1ec3m so\u00e1t nh\u1eb1m \u0111\u1ea1t \u0111\u01b0\u1ee3c k\u00edch th\u01b0\u1edbc h\u1ea1t y\u00eau c\u1ea7u c\u1ee7a th\u00e0nh ph\u1ea9m.<\/p>    <figure class=\"wp-block-gallery has-nested-images columns-default is-cropped wp-block-gallery-3 is-layout-flex wp-block-gallery-is-layout-flex\"> <figure class=\"wp-block-image size-large\"><img loading=\"lazy\" decoding=\"async\" width=\"720\" height=\"540\" data-id=\"1863\" src=\"https:\/\/charcoalplant.com\/wp-content\/uploads\/2021\/12\/Charcoal-shredder.jpg\" alt=\"M\u00e1y h\u1ee7y than\" class=\"wp-image-1863\" srcset=\"https:\/\/charcoalplant.com\/wp-content\/uploads\/2021\/12\/Charcoal-shredder.jpg 720w, https:\/\/charcoalplant.com\/wp-content\/uploads\/2021\/12\/Charcoal-shredder-300x225.jpg 300w\" sizes=\"auto, (max-width: 720px) 100vw, 720px\" \/><figcaption class=\"wp-element-caption\">M\u00e1y h\u1ee7y than<\/figcaption><\/figure>    <figure class=\"wp-block-image size-large\"><img loading=\"lazy\" decoding=\"async\" width=\"720\" height=\"540\" data-id=\"1862\" src=\"https:\/\/charcoalplant.com\/wp-content\/uploads\/2021\/12\/crusher-plant-2.jpg\" alt=\"m\u00e1y nghi\u1ec1n than\" class=\"wp-image-1862\" srcset=\"https:\/\/charcoalplant.com\/wp-content\/uploads\/2021\/12\/crusher-plant-2.jpg 720w, https:\/\/charcoalplant.com\/wp-content\/uploads\/2021\/12\/crusher-plant-2-300x225.jpg 300w\" sizes=\"auto, (max-width: 720px) 100vw, 720px\" \/><figcaption class=\"wp-element-caption\">m\u00e1y nghi\u1ec1n than<\/figcaption><\/figure> <\/figure>    <h3 class=\"wp-block-heading\" id=\"h-application-of-coal-powder-machine\"><strong>\u1ee8ng d\u1ee5ng c\u1ee7a m\u00e1y b\u1ed9t than<\/strong><\/h3>    <p>M\u00e1y nghi\u1ec1n than \u0111\u01b0\u1ee3c vi\u1ebft t\u1eaft l\u00e0 m\u00e1y nghi\u1ec1n h\u1ed7n h\u1ee3p. V\u00e0 n\u00f3 l\u00e0 m\u1ed9t trong nh\u1eefng thi\u1ebft b\u1ecb ph\u1ed5 bi\u1ebfn trong d\u00e2y chuy\u1ec1n nghi\u1ec1n v\u00e0 d\u00e2y chuy\u1ec1n s\u1ea3n xu\u1ea5t c\u00e1t. V\u00ec m\u00e1y nghi\u1ec1n than kh\u00f4ng c\u00f3 thanh s\u00e0ng n\u00ean kh\u00f4ng c\u1ea7n lo l\u1eafng v\u1ec1 vi\u1ec7c v\u1eadt li\u1ec7u b\u1ecb t\u1eafc. <\/p>    <p>H\u01a1n n\u1eefa, m\u00e1y nghi\u1ec1n h\u1ed7n h\u1ee3p c\u00f3 th\u1ec3 \u0111i\u1ec1u ch\u1ec9nh \u0111\u1ed9 m\u1ecbn nghi\u1ec1n. N\u00f3 c\u00f3 th\u1ec3 nghi\u1ec1n n\u00e1t c\u00e1c v\u1eadt li\u1ec7u r\u1eddi nh\u01b0 dolomite, \u0111\u00e1 qu\u00fd than c\u1ed1c, qu\u1eb7ng ch\u00ec-k\u1ebdm, \u0111\u00e1 v\u00f4i, than \u0111\u00e1, v.v. V\u00ec v\u1eady, n\u00f3 c\u0169ng th\u01b0\u1eddng xu\u1ea5t hi\u1ec7n trong c\u00e1c thi\u1ebft b\u1ecb x\u1eed l\u00fd nghi\u1ec1n m\u1ecbn nguy\u00ean li\u1ec7u th\u00f4 v\u00e0 clanhke trong c\u00e1c nh\u00e0 m\u00e1y xi m\u0103ng. N\u00f3 c\u0169ng \u0111\u1eb7c bi\u1ec7t th\u00edch h\u1ee3p cho vi\u1ec7c x\u1eed l\u00fd v\u00e0 nghi\u1ec1n c\u00e1t nh\u00e2n t\u1ea1o ho\u1eb7c nh\u1ef1a \u0111\u01b0\u1eddng nh\u01b0 \u0111\u00e1 v\u00f4i c\u1ee9ng v\u00e0 dolomit.<\/p>    <figure class=\"wp-block-image aligncenter size-full\"><img loading=\"lazy\" decoding=\"async\" width=\"720\" height=\"540\" src=\"https:\/\/charcoalplant.com\/wp-content\/uploads\/2021\/12\/coal-shredder-shredding-effect-2.jpg\" alt=\"hi\u1ec7u \u1ee9ng b\u0103m nh\u1ecf than\" class=\"wp-image-1557\" srcset=\"https:\/\/charcoalplant.com\/wp-content\/uploads\/2021\/12\/coal-shredder-shredding-effect-2.jpg 720w, https:\/\/charcoalplant.com\/wp-content\/uploads\/2021\/12\/coal-shredder-shredding-effect-2-300x225.jpg 300w\" sizes=\"auto, (max-width: 720px) 100vw, 720px\" \/><figcaption class=\"wp-element-caption\"> hi\u1ec7u \u1ee9ng b\u0103m nh\u1ecf than<\/figcaption><\/figure>    <h3 class=\"wp-block-heading\"><strong>Th\u00f4ng s\u1ed1 m\u00e1y l\u00e0m b\u1ed9t than<\/strong>S<\/h3>    <figure class=\"wp-block-table is-style-stripes\"><table><tbody><tr><td>Ki\u1ec3u<\/td><td>SL-CC800<\/td><td>SL-CC1000<\/td><td>SL-CC1250<\/td><td>SL-CC1500<\/td><td>SL-CC1750<\/td><\/tr><tr><td>\u0110\u01b0\u1eddng k\u00ednh b\u00e1nh xe \uff08mm)<\/td><td>650<\/td><td>800<\/td><td>1000<\/td><td>1250<\/td><td>1560<\/td><\/tr><tr><td>Chi\u1ec1u cao c\u1ee7a xi lanh (mm)<\/td><td>800<\/td><td>850<\/td><td>850<\/td><td>1000<\/td><td>1410<\/td><\/tr><tr><td>T\u1ed1c \u0111\u1ed9 tr\u1ee5c ch\u00ednh (r\/min)<\/td><td>1350<\/td><td>970<\/td><td>740<\/td><td>650<\/td><td>600<\/td><\/tr><tr><td>K\u00edch th\u01b0\u1edbc nguy\u00ean li\u1ec7u (mm)<\/td><td>50<\/td><td>70<\/td><td>100<\/td><td>100<\/td><td>100<\/td><\/tr><tr><td>K\u00edch th\u01b0\u1edbc x\u1ea3 (mm)<\/td><td>0-5<\/td><td>0-5<\/td><td>0-5<\/td><td>0-5<\/td><td>0-5<\/td><\/tr><tr><td>C\u00f4ng su\u1ea5t x\u1eed l\u00fd (t\/h)<\/td><td>5-15<\/td><td>10-30<\/td><td>20-60<\/td><td>30-80<\/td><td>40-100<\/td><\/tr><tr><td>C\u00f4ng su\u1ea5t \u0111\u1ed9ng c\u01a1 (kw)<\/td><td>30<\/td><td>50<\/td><td>75<\/td><td>110<\/td><td>132<\/td><\/tr><tr><td>Tr\u1ecdng l\u01b0\u1ee3ng (t)<\/td><td>2.3<\/td><td>4.5<\/td><td>9.73<\/td><td>18.1<\/td><td>26.61<\/td><\/tr><\/tbody><\/table><\/figure>    <h3 class=\"wp-block-heading\"><strong>Video m\u00e1y b\u0103m than<\/strong><\/h3>    <figure class=\"wp-block-embed is-type-video is-provider-youtube wp-block-embed-youtube wp-embed-aspect-16-9 wp-has-aspect-ratio\"><div class=\"wp-block-embed__wrapper\"> <iframe loading=\"lazy\" title=\"M\u00e1y h\u1ee7y than | Nh\u00e0 m\u00e1y thi\u1ebft b\u1ecb b\u1ed9t than#crusher#grinder#coalproductionline\" width=\"500\" height=\"281\" src=\"https:\/\/www.youtube.com\/embed\/kgaT_lhmgkE?feature=oembed\" frameborder=\"0\" allow=\"accelerometer; autoplay; clipboard-write; encrypted-media; gyroscope; picture-in-picture; web-share\" referrerpolicy=\"strict-origin-when-cross-origin\" allowfullscreen><\/iframe> <\/div><\/figure>    <h2 class=\"wp-block-heading\" id=\"h-sale-of-charcoal-pulverizer\"><strong>B\u00e1n m\u00e1y nghi\u1ec1n than<\/strong><\/h2>    <p class=\"translation-block\">M\u00e1y nghi\u1ec1n than c\u1ee7i \u0111\u01b0\u1ee3c s\u1ea3n xu\u1ea5t t\u1ea1i nh\u00e0 m\u00e1y c\u1ee7a ch\u00fang t\u00f4i c\u0169ng \u0111\u01b0\u1ee3c trang b\u1ecb thi\u1ebft b\u1ecb h\u00fat b\u1ee5i. Do \u0111\u00f3, b\u1ee5i l\u00e0 \u0111i\u1ec1u kh\u00f4ng th\u1ec3 tr\u00e1nh kh\u1ecfi trong qu\u00e1 tr\u00ecnh nghi\u1ec1n. V\u00ec v\u1eady, thi\u1ebft b\u1ecb h\u00fat b\u1ee5i kh\u00f4ng ch\u1ec9 c\u1ea3i thi\u1ec7n \u0111\u1ed9 tinh khi\u1ebft c\u1ee7a nguy\u00ean li\u1ec7u. H\u01a1n n\u1eefa, n\u00f3 c\u00f2n l\u00e0m s\u1ea1ch m\u00f4i tr\u01b0\u1eddng l\u00e0m vi\u1ec7c c\u1ee7a ng\u01b0\u1eddi lao \u0111\u1ed9ng. Ngo\u00e0i vi\u1ec7c b\u00e1n m\u00e1y nghi\u1ec1n than c\u1ee7i v\u00e0 m\u00e1y nghi\u1ec1n than t\u1ed5 h\u1ee3p, ch\u00fang t\u00f4i c\u0169ng b\u00e1n c\u00e1c thi\u1ebft b\u1ecb ch\u1ebf bi\u1ebfn nh\u01b0 <strong><a href=\"https:\/\/charcoalplant.com\/vi\/charcoal-raymond-mill\/\">m\u00e1y Raymond<\/a><\/strong> v\u00e0 <strong>m\u00e1y tr\u1ed9n b\u1ed9t than c\u1ee7i<\/strong>. N\u1ebfu c\u1ea7n thi\u1ebft, vui l\u00f2ng tham kh\u1ea3o. Ch\u00fang t\u00f4i s\u1ebd cung c\u1ea5p cho b\u1ea1n gi\u00e1 c\u1ea3 h\u1ee3p l\u00fd.<\/p>    <figure class=\"wp-block-gallery has-nested-images columns-default is-cropped wp-block-gallery-4 is-layout-flex wp-block-gallery-is-layout-flex\"> <figure class=\"wp-block-image size-full\"><img loading=\"lazy\" decoding=\"async\" width=\"720\" height=\"540\" data-id=\"2123\" src=\"https:\/\/charcoalplant.com\/wp-content\/uploads\/2022\/01\/Shipping-in-wooden-cases.jpg\" alt=\"V\u1eadn chuy\u1ec3n b\u1eb1ng th\u00f9ng g\u1ed7\" class=\"wp-image-2123\"\/><figcaption class=\"wp-element-caption\">V\u1eadn chuy\u1ec3n b\u1eb1ng th\u00f9ng g\u1ed7<\/figcaption><\/figure>    <figure class=\"wp-block-image size-large\"><img loading=\"lazy\" decoding=\"async\" width=\"720\" height=\"540\" data-id=\"2567\" src=\"https:\/\/charcoalplant.com\/wp-content\/uploads\/2022\/03\/shippment.jpg\" alt=\"chuy\u1ebfn h\u00e0ng\" class=\"wp-image-2567\"\/><figcaption class=\"wp-element-caption\">chuy\u1ebfn h\u00e0ng<\/figcaption><\/figure> <\/figure>    <p><\/p>","protected":false},"excerpt":{"rendered":"<p>M\u00e1y h\u1ee7y than l\u00e0 m\u1ed9t thi\u1ebft b\u1ecb nghi\u1ec1n v\u1eadt li\u1ec7u \u0111a ch\u1ee9c n\u0103ng. N\u00f3 c\u00f3 th\u1ec3 nghi\u1ec1n n\u00e1t r\u01a1m, r\u1ea1, tre, than, v.v. <\/p>","protected":false},"author":1,"featured_media":1714,"parent":0,"template":"","tags":[62],"product-type":[42],"class_list":["post-1547","product","type-product","status-publish","has-post-thumbnail","hentry","tag-grinder-and-mixer","product-type-grinder-and-mixer"],"_links":{"self":[{"href":"https:\/\/charcoalplant.com\/vi\/wp-json\/wp\/v2\/product\/1547","targetHints":{"allow":["GET"]}}],"collection":[{"href":"https:\/\/charcoalplant.com\/vi\/wp-json\/wp\/v2\/product"}],"about":[{"href":"https:\/\/charcoalplant.com\/vi\/wp-json\/wp\/v2\/types\/product"}],"author":[{"embeddable":true,"href":"https:\/\/charcoalplant.com\/vi\/wp-json\/wp\/v2\/users\/1"}],"wp:featuredmedia":[{"embeddable":true,"href":"https:\/\/charcoalplant.com\/vi\/wp-json\/wp\/v2\/media\/1714"}],"wp:attachment":[{"href":"https:\/\/charcoalplant.com\/vi\/wp-json\/wp\/v2\/media?parent=1547"}],"wp:term":[{"taxonomy":"post_tag","embeddable":true,"href":"https:\/\/charcoalplant.com\/vi\/wp-json\/wp\/v2\/tags?post=1547"},{"taxonomy":"product-type","embeddable":true,"href":"https:\/\/charcoalplant.com\/vi\/wp-json\/wp\/v2\/product-type?post=1547"}],"curies":[{"name":"wp","href":"https:\/\/api.w.org\/{rel}","templated":true}]}}