{"id":1661,"date":"2021-12-31T06:31:43","date_gmt":"2021-12-31T06:31:43","guid":{"rendered":"https:\/\/charcoalplant.com\/?page_id=1661"},"modified":"2023-01-29T11:00:38","modified_gmt":"2023-01-29T03:00:38","slug":"charcoal-briquettes-production-line","status":"publish","type":"product","link":"https:\/\/charcoalplant.com\/vi\/charcoal-briquettes-production-line\/","title":{"rendered":"D\u00e2y chuy\u1ec1n s\u1ea3n xu\u1ea5t than b\u00e1nh than"},"content":{"rendered":"<div class=\"kk-star-ratings kksr-auto kksr-align-left kksr-valign-top\"     data-payload='{&quot;align&quot;:&quot;left&quot;,&quot;id&quot;:&quot;1661&quot;,&quot;slug&quot;:&quot;default&quot;,&quot;valign&quot;:&quot;top&quot;,&quot;ignore&quot;:&quot;&quot;,&quot;reference&quot;:&quot;auto&quot;,&quot;class&quot;:&quot;&quot;,&quot;count&quot;:&quot;24&quot;,&quot;legendonly&quot;:&quot;&quot;,&quot;readonly&quot;:&quot;&quot;,&quot;score&quot;:&quot;4.6&quot;,&quot;starsonly&quot;:&quot;&quot;,&quot;best&quot;:&quot;5&quot;,&quot;gap&quot;:&quot;5&quot;,&quot;greet&quot;:&quot;Rate this product&quot;,&quot;legend&quot;:&quot;4.6\\\/5 - (24 b\u00ecnh ch\u1ecdn)&quot;,&quot;size&quot;:&quot;24&quot;,&quot;title&quot;:&quot;Charcoal Briquettes Production Line&quot;,&quot;width&quot;:&quot;130.9&quot;,&quot;_legend&quot;:&quot;{score}\\\/{best} - ({count} {votes})&quot;,&quot;font_factor&quot;:&quot;1.25&quot;}'>              <div class=\"kksr-stars\">      <div class=\"kksr-stars-inactive\">             <div class=\"kksr-star\" data-star=\"1\" style=\"padding-right: 5px\">               <div class=\"kksr-icon\" style=\"width: 24px; height: 24px;\"><\/div>         <\/div>             <div class=\"kksr-star\" data-star=\"2\" style=\"padding-right: 5px\">               <div class=\"kksr-icon\" style=\"width: 24px; height: 24px;\"><\/div>         <\/div>             <div class=\"kksr-star\" data-star=\"3\" style=\"padding-right: 5px\">               <div class=\"kksr-icon\" style=\"width: 24px; height: 24px;\"><\/div>         <\/div>             <div class=\"kksr-star\" data-star=\"4\" style=\"padding-right: 5px\">               <div class=\"kksr-icon\" style=\"width: 24px; height: 24px;\"><\/div>         <\/div>             <div class=\"kksr-star\" data-star=\"5\" style=\"padding-right: 5px\">               <div class=\"kksr-icon\" style=\"width: 24px; height: 24px;\"><\/div>         <\/div>     <\/div>      <div class=\"kksr-stars-active\" style=\"width: 130.9px;\">             <div class=\"kksr-star\" style=\"padding-right: 5px\">               <div class=\"kksr-icon\" style=\"width: 24px; height: 24px;\"><\/div>         <\/div>             <div class=\"kksr-star\" style=\"padding-right: 5px\">               <div class=\"kksr-icon\" style=\"width: 24px; height: 24px;\"><\/div>         <\/div>             <div class=\"kksr-star\" style=\"padding-right: 5px\">               <div class=\"kksr-icon\" style=\"width: 24px; height: 24px;\"><\/div>         <\/div>             <div class=\"kksr-star\" style=\"padding-right: 5px\">               <div class=\"kksr-icon\" style=\"width: 24px; height: 24px;\"><\/div>         <\/div>             <div class=\"kksr-star\" style=\"padding-right: 5px\">               <div class=\"kksr-icon\" style=\"width: 24px; height: 24px;\"><\/div>         <\/div>     <\/div> <\/div>                   <div class=\"kksr-legend\" style=\"font-size: 19.2px;\">             4,6\/5 - (24 B\u00ecnh Ch\u1ecdn)    <\/div>     <\/div>  <p class=\"translation-block\">D\u00e2y chuy\u1ec1n s\u1ea3n xu\u1ea5t than g\u00e1o d\u1eeba l\u00e0 m\u1ed9t nh\u00e0 m\u00e1y s\u1ea3n xu\u1ea5t than BBQ, than shisha, than \u0111\u00e1, than m\u00f9n c\u01b0a, than g\u00e1o d\u1eeba, v.v. V\u00e0 nguy\u00ean li\u1ec7u c\u1ee7a m\u00e1y l\u00e0m than c\u00f3 th\u1ec3 \u0111a d\u1ea1ng nh\u01b0 tre, g\u1ed7, g\u00e1o d\u1eeba, tr\u1ea5u, m\u00f9n c\u01b0a, v.v. Do \u0111\u00f3, kh\u00e1ch h\u00e0ng \u0111\u1ea7u t\u01b0 v\u00e0o d\u00e2y chuy\u1ec1n s\u1ea3n xu\u1ea5t m\u00e1y \u00e9p than kh\u00f4ng c\u1ea7n qu\u00e1 lo l\u1eafng v\u1ec1 vi\u1ec7c t\u00ecm ki\u1ebfm nguy\u00ean li\u1ec7u. V\u00ec nguy\u00ean li\u1ec7u \u0111a d\u1ea1ng v\u00e0 gi\u00e1 r\u1ebb. <\/p>    <p>L\u00e0 nh\u00e0 cung c\u1ea5p thi\u1ebft b\u1ecb than c\u1ee7i chuy\u00ean nghi\u1ec7p, ch\u00fang t\u00f4i c\u00f3 th\u1ec3 \u0111\u01b0a ra cho b\u1ea1n nh\u1eefng g\u1ee3i \u00fd h\u1ee3p l\u00fd v\u1ec1 qu\u00e1 tr\u00ecnh s\u1ea3n xu\u1ea5t than c\u1ee7i \u0111\u1ec3 gi\u00fap b\u1ea1n s\u1ea3n xu\u1ea5t hi\u1ec7u qu\u1ea3. T\u00f3m l\u1ea1i, ch\u00fang t\u00f4i s\u1eb5n s\u00e0ng gi\u00fap b\u1ea1n b\u1eaft \u0111\u1ea7u c\u00f4ng vi\u1ec7c kinh doanh s\u1ea3n xu\u1ea5t than c\u1ee7i c\u00e0ng s\u1edbm c\u00e0ng t\u1ed1t. V\u00e0, ch\u00fang t\u00f4i s\u1ebd cung c\u1ea5p cho b\u1ea1n m\u1ed9t m\u1ee9c gi\u00e1 thu\u1eadn l\u1ee3i.<\/p>    <figure class=\"wp-block-image aligncenter size-full\"><img loading=\"lazy\" decoding=\"async\" width=\"720\" height=\"540\" src=\"https:\/\/charcoalplant.com\/wp-content\/uploads\/2021\/12\/charcoal-briquettes-production-line-price-2.jpg\" alt=\"gi\u00e1 d\u00e2y chuy\u1ec1n s\u1ea3n xu\u1ea5t than b\u00e1nh\" class=\"wp-image-2862\"\/><figcaption class=\"wp-element-caption\">D\u00e2y chuy\u1ec1n s\u1ea3n xu\u1ea5t than b\u00e1nh than \u0111\u1ec3 b\u00e1n<\/figcaption><\/figure>    <h2 class=\"wp-block-heading\"><strong>Nguy\u00ean li\u1ec7u c\u1ee7a d\u00e2y chuy\u1ec1n s\u1ea3n xu\u1ea5t than b\u00e1nh than<\/strong><\/h2>    <p class=\"translation-block\">Nguy\u00ean li\u1ec7u cho d\u00e2y chuy\u1ec1n s\u1ea3n xu\u1ea5t than r\u1ea5t \u0111a d\u1ea1ng. Kh\u00f4ng ch\u1ec9 c\u00f3 g\u1ed7, tre, g\u1ed7 c\u00e2y \u0103n qu\u1ea3 m\u00e0 c\u00f2n c\u00f3 m\u00f9n c\u01b0a, tr\u1ea5u, v\u1ecf \u0111\u1eadu ph\u1ed9ng, g\u00e1o d\u1eeba, v\u1ecf h\u1ea1t, v.v. \u0110\u1eb7c \u0111i\u1ec3m c\u1ee7a c\u00e1c nguy\u00ean li\u1ec7u n\u00e0y l\u00e0 ch\u1ee9a nhi\u1ec1u lignin. Do \u0111\u00f3, than \u0111\u01b0\u1ee3c h\u00ecnh th\u00e0nh sau qu\u00e1 tr\u00ecnh nhi\u1ec7t ph\u00e2n. Than c\u1ea7n \u0111\u01b0\u1ee3c nghi\u1ec1n th\u00e0nh b\u1ed9t than 3mm b\u1eb1ng m\u00e1y nghi\u1ec1n than tr\u01b0\u1edbc khi \u00e9p vi\u00ean. B\u1ed9t than, ch\u1ea5t k\u1ebft d\u00ednh v\u00e0 n\u01b0\u1edbc sau \u0111\u00f3 \u0111\u01b0\u1ee3c tr\u1ed9n \u0111\u1ec1u trong m\u00e1y tr\u1ed9n b\u1ed9t than. B\u1ed9t than \u0111\u01b0\u1ee3c x\u1eed l\u00fd theo c\u00e1ch n\u00e0y s\u1ebd m\u1ecbn v\u00e0 d\u00ednh.<\/p>    <figure class=\"wp-block-image aligncenter size-full\"><img loading=\"lazy\" decoding=\"async\" width=\"720\" height=\"540\" src=\"https:\/\/charcoalplant.com\/wp-content\/uploads\/2022\/03\/raw-materials-of-shisha-charcoal-production-line-1-1.jpg\" alt=\"\" class=\"wp-image-2848\"\/><\/figure>    <h2 class=\"wp-block-heading\" id=\"h-charcoal-briquettes-production-line-structure\"><strong>C\u1ea5u tr\u00fac d\u00e2y chuy\u1ec1n s\u1ea3n xu\u1ea5t than b\u00e1nh<\/strong><\/h2>    <p class=\"translation-block\">Tr\u00ean th\u1ef1c t\u1ebf, c\u1ea5u tr\u00fac c\u1ee7a d\u00e2y chuy\u1ec1n s\u1ea3n xu\u1ea5t than r\u1ea5t gi\u1ed1ng v\u1edbi d\u00e2y chuy\u1ec1n s\u1ea3n xu\u1ea5t than hookah. C\u1ea5u tr\u00fac c\u1ee7a ch\u00fang l\u00e0 cacbon h\u00f3a, nghi\u1ec1n, tr\u1ed9n, \u00e9p vi\u00ean, s\u1ea5y kh\u00f4 v\u00e0 \u0111\u00f3ng g\u00f3i. C\u00e1c b\u01b0\u1edbc v\u1eadn h\u00e0nh c\u1ee7a to\u00e0n b\u1ed9 d\u00e2y chuy\u1ec1n s\u1ea3n xu\u1ea5t \u00e9p vi\u00ean than r\u1ea5t \u0111\u01a1n gi\u1ea3n v\u00e0 an to\u00e0n. Do th\u00e0nh ph\u1ea9m kh\u00e1c nhau n\u00ean c\u00f3 s\u1ef1 kh\u00e1c bi\u1ec7t l\u1edbn v\u1ec1 m\u1ed9t s\u1ed1 chi ti\u1ebft c\u1ee5 th\u1ec3. D\u01b0\u1edbi \u0111\u00e2y l\u00e0 b\u1ea3n v\u1ebd c\u1ee7a d\u00e2y chuy\u1ec1n s\u1ea3n xu\u1ea5t than BBQ th\u00f4ng th\u01b0\u1eddng (ch\u1ec9 mang t\u00ednh tham kh\u1ea3o).<\/p>    <figure class=\"wp-block-image aligncenter size-full\"><img loading=\"lazy\" decoding=\"async\" width=\"720\" height=\"540\" src=\"https:\/\/charcoalplant.com\/wp-content\/uploads\/2022\/03\/3D-Charcoal-briquettes-production-line.jpg\" alt=\"D\u00e2y chuy\u1ec1n s\u1ea3n xu\u1ea5t than b\u00e1nh than 3D\" class=\"wp-image-2864\"\/><figcaption class=\"wp-element-caption\">D\u00e2y chuy\u1ec1n s\u1ea3n xu\u1ea5t than b\u00e1nh than 3D<\/figcaption><\/figure>    <h2 class=\"wp-block-heading\" id=\"h-how-to-choose-a-suitable-bbq-charcoal-production-line\"><strong>C\u00e1c b\u1ed9 ph\u1eadn ch\u00ednh c\u1ee7a d\u00e2y chuy\u1ec1n s\u1ea3n xu\u1ea5t than b\u00e1nh<\/strong><\/h2>    <p class=\"translation-block\">C\u00e1c b\u1ed9 ph\u1eadn ch\u00ednh c\u1ee7a d\u00e2y chuy\u1ec1n s\u1ea3n xu\u1ea5t than g\u00e1o d\u1eeba bao g\u1ed3m m\u00e1y cacbon h\u00f3a, m\u00e1y \u00e9p than g\u00e1o d\u1eeba, m\u00e1y s\u1ea5y than v\u00e0 m\u00e1y \u0111\u00f3ng g\u00f3i than. D\u01b0\u1edbi \u0111\u00e2y l\u00e0 th\u00f4ng tin chi ti\u1ebft v\u1ec1 t\u1eebng m\u00e1y. <\/p>    <div class=\"wp-block-columns has-background is-layout-flex wp-container-core-columns-is-layout-28f84493 wp-block-columns-is-layout-flex\" style=\"background-color:#f1f1f1\"> <div class=\"wp-block-column is-layout-flow wp-block-column-is-layout-flow\" style=\"flex-basis:66.66%\"> <figure class=\"wp-block-gallery has-nested-images columns-default is-cropped wp-block-gallery-2 is-layout-flex wp-block-gallery-is-layout-flex\"> <figure class=\"wp-block-image size-large\"><img loading=\"lazy\" decoding=\"async\" width=\"720\" height=\"540\" data-id=\"1045\" src=\"https:\/\/charcoalplant.com\/wp-content\/uploads\/2021\/12\/Vertical-carbonization-furnace-Production-line-2.jpg\" alt=\"D\u00e2y chuy\u1ec1n s\u1ea3n xu\u1ea5t l\u00f2 cacbon h\u00f3a d\u1ecdc\" class=\"wp-image-1045\" srcset=\"https:\/\/charcoalplant.com\/wp-content\/uploads\/2021\/12\/Vertical-carbonization-furnace-Production-line-2.jpg 720w, https:\/\/charcoalplant.com\/wp-content\/uploads\/2021\/12\/Vertical-carbonization-furnace-Production-line-2-300x225.jpg 300w\" sizes=\"auto, (max-width: 720px) 100vw, 720px\" \/><figcaption class=\"wp-element-caption\">D\u00e2y chuy\u1ec1n s\u1ea3n xu\u1ea5t l\u00f2 cacbon h\u00f3a d\u1ecdc<\/figcaption><\/figure> <\/figure> <\/div>    <div class=\"wp-block-column is-vertically-aligned-center is-layout-flow wp-block-column-is-layout-flow\" style=\"flex-basis:33.33%\"> <p class=\"translation-block\">Tr\u00ean th\u1ef1c t\u1ebf, vi\u1ec7c l\u1ef1a ch\u1ecdn thi\u1ebft b\u1ecb c\u00f3 li\u00ean quan nhi\u1ec1u \u0111\u1ebfn nguy\u00ean li\u1ec7u c\u1ee7a kh\u00e1ch h\u00e0ng. V\u00ed d\u1ee5, n\u1ebfu b\u1ea1n mu\u1ed1n s\u1eed d\u1ee5ng g\u1ed7 ho\u1eb7c tre \u0111\u1ec3 l\u00e0m than \u00e9p \u0111\u1ecbnh h\u00ecnh. B\u1ea1n c\u1ea7n s\u1eed d\u1ee5ng l\u00f2 cacbon h\u00f3a n\u00e2ng \u0111\u1ec3 cacbon h\u00f3a nguy\u00ean li\u1ec7u s\u1ed1 l\u01b0\u1ee3ng l\u1edbn. Nh\u01b0ng n\u1ebfu nguy\u00ean li\u1ec7u c\u1ee7a b\u1ea1n l\u00e0 c\u00e1c v\u1eadt li\u1ec7u nh\u1ecf nh\u01b0 m\u00f9n c\u01b0a ho\u1eb7c g\u00e1o d\u1eeba, b\u1ea1n c\u1ea7n ch\u1ecdn l\u00f2 cacbon h\u00f3a li\u00ean t\u1ee5c.<\/p> <\/div> <\/div>    <div class=\"wp-block-columns has-background is-layout-flex wp-container-core-columns-is-layout-28f84493 wp-block-columns-is-layout-flex\" style=\"background-color:#f1f1f1\"> <div class=\"wp-block-column is-vertically-aligned-center is-layout-flow wp-block-column-is-layout-flow\" style=\"flex-basis:33.33%\"> <p class=\"translation-block\">Th\u1ee9 hai, m\u00e1y t\u1ea1o h\u00ecnh than b\u1ea1n c\u00f3 th\u1ec3 ch\u1ecdn m\u00e1y \u00e9p thanh than v\u00e0 m\u00e1y \u00e9p vi\u00ean than. M\u00e1y \u00e9p thanh than c\u00f3 th\u1ec3 s\u1ea3n xu\u1ea5t c\u00e1c thanh than \u0111a gi\u00e1c r\u1ed7ng. Tuy nhi\u00ean, m\u00e1y \u00e9p vi\u00ean c\u00f3 s\u1ea3n l\u01b0\u1ee3ng l\u1edbn h\u01a1n.<\/p> <\/div>    <div class=\"wp-block-column is-layout-flow wp-block-column-is-layout-flow\"><\/div>    <div class=\"wp-block-column is-layout-flow wp-block-column-is-layout-flow\" style=\"flex-basis:66.66%\"> <figure class=\"wp-block-gallery has-nested-images columns-default is-cropped wp-block-gallery-3 is-layout-flex wp-block-gallery-is-layout-flex\"> <figure class=\"wp-block-image size-full\"><img loading=\"lazy\" decoding=\"async\" width=\"720\" height=\"540\" data-id=\"1197\" src=\"https:\/\/charcoalplant.com\/wp-content\/uploads\/2021\/12\/charcoal-powder-briquette-machine-price-1.jpg\" alt=\"gi\u00e1 m\u00e1y l\u00e0m than b\u00e1nh b\u1ed9t than\" class=\"wp-image-1197\" srcset=\"https:\/\/charcoalplant.com\/wp-content\/uploads\/2021\/12\/charcoal-powder-briquette-machine-price-1.jpg 720w, https:\/\/charcoalplant.com\/wp-content\/uploads\/2021\/12\/charcoal-powder-briquette-machine-price-1-300x225.jpg 300w\" sizes=\"auto, (max-width: 720px) 100vw, 720px\" \/><figcaption class=\"wp-element-caption\">gi\u00e1 m\u00e1y l\u00e0m than b\u00e1nh b\u1ed9t than<\/figcaption><\/figure> <\/figure> <\/div> <\/div>    <div class=\"wp-block-columns are-vertically-aligned-center has-background is-layout-flex wp-container-core-columns-is-layout-28f84493 wp-block-columns-is-layout-flex\" style=\"background-color:#f1f1f1\"> <div class=\"wp-block-column is-vertically-aligned-center is-layout-flow wp-block-column-is-layout-flow\" style=\"flex-basis:66.66%\"> <figure class=\"wp-block-gallery has-nested-images columns-default is-cropped wp-block-gallery-4 is-layout-flex wp-block-gallery-is-layout-flex\"> <figure class=\"wp-block-image size-full\"><img loading=\"lazy\" decoding=\"async\" width=\"720\" height=\"540\" data-id=\"1492\" src=\"https:\/\/charcoalplant.com\/wp-content\/uploads\/2021\/12\/shaisha-charcoal-drying-room-1.jpg\" alt=\"ph\u00f2ng s\u1ea5y than shaisha\" class=\"wp-image-1492\" srcset=\"https:\/\/charcoalplant.com\/wp-content\/uploads\/2021\/12\/shaisha-charcoal-drying-room-1.jpg 720w, https:\/\/charcoalplant.com\/wp-content\/uploads\/2021\/12\/shaisha-charcoal-drying-room-1-300x225.jpg 300w\" sizes=\"auto, (max-width: 720px) 100vw, 720px\" \/><figcaption class=\"wp-element-caption\">ph\u00f2ng s\u1ea5y than shaisha<\/figcaption><\/figure> <\/figure> <\/div>    <div class=\"wp-block-column is-vertically-aligned-center is-layout-flow wp-block-column-is-layout-flow\" style=\"flex-basis:33.33%\"> <p class=\"translation-block\">Th\u1ee9 ba, ch\u1ecdn thi\u1ebft b\u1ecb ph\u00f9 h\u1ee3p v\u1edbi quy m\u00f4 nh\u00e0 x\u01b0\u1edfng c\u1ee7a b\u1ea1n. \u0110\u1ed1i v\u1edbi m\u1ed9t s\u1ed1 thi\u1ebft b\u1ecb c\u00f3 ch\u1ee9c n\u0103ng t\u01b0\u01a1ng t\u1ef1, do c\u1ea5u tr\u00fac thi\u1ebft b\u1ecb kh\u00e1c nhau nhi\u1ec1u, k\u00edch th\u01b0\u1edbc m\u00e1y s\u1ebd qu\u00e1 l\u1edbn. M\u00e1y n\u00e0y kh\u00f4ng ph\u00f9 h\u1ee3p \u0111\u1ec3 \u0111\u1eb7t trong nh\u00e0 x\u01b0\u1edfng. Sau \u0111\u00f3, b\u1ea1n c\u00f3 th\u1ec3 ch\u1ecdn c\u00e1c gi\u1ea3i ph\u00e1p thay th\u1ebf t\u01b0\u01a1ng t\u1ef1. V\u00ed d\u1ee5, ch\u00fang t\u00f4i cung c\u1ea5p hai thi\u1ebft b\u1ecb s\u1ea5y kh\u00f4: ph\u00f2ng s\u1ea5y v\u00e0 m\u00e1y s\u1ea5y b\u0103ng t\u1ea3i l\u01b0\u1edbi. K\u00edch th\u01b0\u1edbc c\u1ee7a ph\u00f2ng s\u1ea5y c\u00f3 th\u1ec3 t\u00f9y ch\u1ec9nh v\u00e0 l\u1eafp \u0111\u1eb7t linh ho\u1ea1t. M\u00e1y s\u1ea5y b\u0103ng t\u1ea3i l\u01b0\u1edbi l\u00e0 m\u1ed9t m\u1eabu l\u1edbn, nh\u01b0ng s\u1ea3n l\u01b0\u1ee3ng l\u1edbn.<\/p> <\/div> <\/div>    <div class=\"wp-block-columns are-vertically-aligned-center has-background is-layout-flex wp-container-core-columns-is-layout-28f84493 wp-block-columns-is-layout-flex\" style=\"background-color:#f1f1f1\"> <div class=\"wp-block-column is-vertically-aligned-center is-layout-flow wp-block-column-is-layout-flow\" style=\"flex-basis:33.33%\"> <p class=\"translation-block\">Cu\u1ed1i c\u00f9ng, ch\u1ecdn m\u00e1y \u0111\u00f3ng g\u00f3i theo lo\u1ea1i th\u00e0nh ph\u1ea9m v\u00e0 nhu c\u1ea7u th\u1ecb tr\u01b0\u1eddng. \u0110\u1ec3 tr\u00e1nh \u1ea9m v\u00e0 thu\u1eadn ti\u1ec7n cho vi\u1ec7c v\u1eadn chuy\u1ec3n, m\u00e1y c\u1eaft v\u00e0 h\u00e0n k\u00edn th\u01b0\u1eddng \u0111\u01b0\u1ee3c s\u1eed d\u1ee5ng \u0111\u1ec3 \u0111\u00f3ng g\u00f3i than n\u01b0\u1edbng tr\u00ean th\u1ecb tr\u01b0\u1eddng.<\/p> <\/div>    <div class=\"wp-block-column is-vertically-aligned-center is-layout-flow wp-block-column-is-layout-flow\" style=\"flex-basis:66.66%\"> <figure class=\"wp-block-gallery has-nested-images columns-default is-cropped wp-block-gallery-5 is-layout-flex wp-block-gallery-is-layout-flex\"> <figure class=\"wp-block-image size-large\"><img loading=\"lazy\" decoding=\"async\" width=\"720\" height=\"540\" data-id=\"2874\" src=\"https:\/\/charcoalplant.com\/wp-content\/uploads\/2022\/03\/charcoal-briket-bagging-machine.jpg\" alt=\"m\u00e1y \u0111\u00f3ng bao than\" class=\"wp-image-2874\"\/><figcaption class=\"wp-element-caption\">m\u00e1y \u0111\u00f3ng bao than<\/figcaption><\/figure> <\/figure> <\/div> <\/div>    <h2 class=\"wp-block-heading\"><strong>S\u1ea3n ph\u1ea9m cu\u1ed1i c\u00f9ng c\u1ee7a m\u00e1y than b\u00e1nh<\/strong><\/h2>    <figure class=\"wp-block-image aligncenter size-full\"><img loading=\"lazy\" decoding=\"async\" width=\"720\" height=\"540\" src=\"https:\/\/charcoalplant.com\/wp-content\/uploads\/2022\/03\/coconut-shell-charcoal-briquette.jpg\" alt=\"\" class=\"wp-image-2875\"\/><\/figure>    <h2 class=\"wp-block-heading\" id=\"h-related-equipment-for-charcoal-briquettes-project-line\"><strong>Thi\u1ebft b\u1ecb li\u00ean quan cho d\u00e2y chuy\u1ec1n s\u1ea3n xu\u1ea5t than b\u00e1nh<\/strong><\/h2>    <p class=\"translation-block\">M\u00e1y c\u1eaft<\/p>    <p class=\"translation-block\">M\u00e1y \u00e9p thanh than c\u00f3 th\u1ec3 s\u1ea3n xu\u1ea5t c\u00e1c vi\u00ean n\u00e9n v\u1edbi nhi\u1ec1u h\u00ecnh d\u1ea1ng kh\u00e1c nhau. Kh\u00e1ch h\u00e0ng c\u00f3 th\u1ec3 s\u1eed d\u1ee5ng m\u00e1y c\u1eaft \u0111\u1ec3 c\u1eaft c\u00e1c thanh than c\u00f3 \u0111\u1ed9 d\u00e0i kh\u00e1c nhau. Nh\u00e0 m\u00e1y ch\u00fang t\u00f4i cung c\u1ea5p m\u00e1y c\u1eaft m\u00e9t, m\u00e1y c\u1eaft c\u1ea3m \u1ee9ng h\u1ed3ng ngo\u1ea1i v\u00e0 m\u00e1y m\u00e0i.<\/p>    <p class=\"translation-block\">Silo<\/p>    <p>Silo c\u00f3 th\u1ec3 ch\u1ee9a b\u1ed9t than, \u0111i\u1ec1u n\u00e0y c\u0169ng \u0111\u1ea3m b\u1ea3o cho nh\u00e0 m\u00e1y ch\u1ebf bi\u1ebfn than b\u00e1nh \u0111\u01b0\u1ee3c s\u1ea3n xu\u1ea5t li\u00ean t\u1ee5c. Ch\u00fang t\u00f4i cung c\u1ea5p silo ch\u1ee9a b\u1ed9t than, silo c\u00e2n v\u00e0 silo ph\u1ee5 \u0111\u1ef1ng b\u1ed9t than. M\u1ed7i silo c\u00f3 nh\u1eefng \u0111\u1eb7c \u0111i\u1ec3m ri\u00eang.<\/p>    <p class=\"translation-block\">B\u0103ng t\u1ea3i<\/p>    <p>S\u1edf d\u0129 d\u00e2y chuy\u1ec1n s\u1ea3n xu\u1ea5t ti\u1ebft ki\u1ec7m nh\u00e2n c\u00f4ng l\u00e0 do b\u0103ng t\u1ea3i c\u1ea5p li\u1ec7u t\u1ef1 \u0111\u1ed9ng. C\u00e1c thi\u1ebft b\u1ecb v\u1eadn chuy\u1ec3n ph\u1ed5 bi\u1ebfn l\u00e0 b\u0103ng t\u1ea3i tr\u1ee5c v\u00edt v\u00e0 b\u0103ng t\u1ea3i. \u0110\u1ed1i v\u1edbi b\u1ee5i, h\u00e3y ch\u1ecdn c\u00e1i tr\u01b0\u1edbc. \u0110\u1ed1i v\u1edbi kh\u1ed1i, ch\u1ecdn c\u00e1i sau.<\/p>    <figure class=\"wp-block-image aligncenter size-full\"><img loading=\"lazy\" decoding=\"async\" width=\"720\" height=\"540\" src=\"https:\/\/charcoalplant.com\/wp-content\/uploads\/2021\/12\/briquetting-machine-project-1-2.jpg\" alt=\"d\u1ef1 \u00e1n m\u00e1y \u0111\u00f3ng b\u00e1nh-\" class=\"wp-image-1415\" srcset=\"https:\/\/charcoalplant.com\/wp-content\/uploads\/2021\/12\/briquetting-machine-project-1-2.jpg 720w, https:\/\/charcoalplant.com\/wp-content\/uploads\/2021\/12\/briquetting-machine-project-1-2-300x225.jpg 300w\" sizes=\"auto, (max-width: 720px) 100vw, 720px\" \/><figcaption class=\"wp-element-caption\">d\u1ef1 \u00e1n m\u00e1y \u0111\u00f3ng b\u00e1nh<\/figcaption><\/figure>    <h2 class=\"wp-block-heading\" id=\"h-briquetting-machine-price\"><strong>Than c\u1ee7i l\u00e0 g\u00ec<\/strong> <strong>gi\u00e1 m\u00e1y \u0111\u00f3ng b\u00e1nh<\/strong>? <\/h2>    <p>Ch\u00fang t\u00f4i s\u1ea3n xu\u1ea5t nhi\u1ec1u lo\u1ea1i m\u00e1y l\u00e0m than b\u00e1nh. Ch\u1eb3ng h\u1ea1n nh\u01b0 m\u00e1y \u00e9p than b\u1ed9t, m\u00e1y \u00e9p than b\u1ed9t, m\u00e1y than t\u1ed5 ong,\u2026 Gi\u00e1 c\u1ee7a m\u00e1y \u0111\u1ed9c l\u1eadp ho\u1eb7c d\u00e2y chuy\u1ec1n s\u1ea3n xu\u1ea5t s\u1ebd b\u1ecb \u1ea3nh h\u01b0\u1edfng b\u1edfi nhi\u1ec1u y\u1ebfu t\u1ed1 kh\u00e1c nhau. Tr\u00ean th\u1ef1c t\u1ebf, ch\u1ea5t l\u01b0\u1ee3ng l\u00e0 y\u1ebfu t\u1ed1 \u0111\u01b0\u1ee3c kh\u00e1ch h\u00e0ng quan t\u00e2m h\u00e0ng \u0111\u1ea7u. Th\u1ee9 hai l\u00e0 gi\u00e1 c\u1ea3. Nh\u01b0ng \u0111\u1eebng lo l\u1eafng, ch\u00fang t\u00f4i s\u1ebd cung c\u1ea5p cho b\u1ea1n m\u1ee9c gi\u00e1 c\u1ea1nh tranh d\u1ef1a tr\u00ean s\u1ed1 l\u01b0\u1ee3ng mua h\u00e0ng v\u00e0 \u00fd \u0111\u1ecbnh mua h\u00e0ng c\u1ee7a b\u1ea1n.<\/p>    <h2 class=\"wp-block-heading\" id=\"h-benefits-of-charcoal-briket\"><strong>L\u1ee3i \u00edch c\u1ee7a than b\u00e1nh than<\/strong> <\/h2>    <p>V\u1edbi s\u1ef1 ti\u1ebfn b\u1ed9 c\u1ee7a khoa h\u1ecdc c\u00f4ng ngh\u1ec7 v\u00e0 v\u0103n minh nh\u00e2n lo\u1ea1i, ch\u00fang ta ng\u00e0y c\u00e0ng quan t\u00e2m nhi\u1ec1u h\u01a1n \u0111\u1ebfn m\u00f4i tr\u01b0\u1eddng v\u00e0 s\u1ee9c kh\u1ecfe. L\u00e0 lo\u1ea1i than n\u01b0\u1edbng \u0111\u01b0\u1ee3c s\u0103n l\u00f9ng r\u1ed9ng r\u00e3i, n\u00f3 c\u00f3 nh\u1eefng \u0111\u1eb7c \u0111i\u1ec3m sau:<\/p>    <p>1. T\u00e1i t\u1ea1o, kh\u00f4ng g\u00e2y \u00f4 nhi\u1ec5m.<\/p>    <p>2. N\u00f3 c\u00f3 kh\u1ea3 n\u0103ng ch\u1ed1ng ch\u00e1y v\u00e0 kh\u00f4ng b\u1ecb n\u1ee9t.<\/p>    <p>3. N\u00f3 tr\u00f4ng \u0111\u1eb9p v\u00e0 c\u00f3 nhi\u1ec1u h\u00ecnh d\u1ea1ng kh\u00e1c nhau.<\/p>    <p>4. Kh\u00f4ng g\u00e2y cay m\u1eaft, d\u1ec5 b\u1eaft l\u1eeda.<\/p>    <p>5. An to\u00e0n v\u00e0 r\u1ebb.<\/p>    <figure class=\"wp-block-image aligncenter size-full\"><img loading=\"lazy\" decoding=\"async\" width=\"720\" height=\"540\" src=\"https:\/\/charcoalplant.com\/wp-content\/uploads\/2021\/12\/Charcoal-briquettes-production-line-manufacturer.jpg\" alt=\"Nh\u00e0 s\u1ea3n xu\u1ea5t d\u00e2y chuy\u1ec1n s\u1ea3n xu\u1ea5t than b\u00e1nh than\" class=\"wp-image-2876\"\/><figcaption class=\"wp-element-caption\">Nh\u00e0 s\u1ea3n xu\u1ea5t d\u00e2y chuy\u1ec1n s\u1ea3n xu\u1ea5t than b\u00e1nh than<\/figcaption><\/figure>","protected":false},"excerpt":{"rendered":"<p>Charcoal briquettes\u00a0production line is a plant for manufacturing bbq charcoal, shisha charcoal, coal, sawdust charcoal, coconut charcoal, etc. And the raw material of the charcoal making machine can be various such as bamboo, log, coconut shell, rice husk, sawdust, etc. Therefore, customers who invest in charcoal molding machine production line needs not worry too much [&hellip;]<\/p>\n","protected":false},"author":1,"featured_media":2862,"parent":0,"template":"","tags":[59],"product-type":[53],"class_list":["post-1661","product","type-product","status-publish","has-post-thumbnail","hentry","tag-charcoal-briquetting-machine","product-type-product-line"],"_links":{"self":[{"href":"https:\/\/charcoalplant.com\/vi\/wp-json\/wp\/v2\/product\/1661","targetHints":{"allow":["GET"]}}],"collection":[{"href":"https:\/\/charcoalplant.com\/vi\/wp-json\/wp\/v2\/product"}],"about":[{"href":"https:\/\/charcoalplant.com\/vi\/wp-json\/wp\/v2\/types\/product"}],"author":[{"embeddable":true,"href":"https:\/\/charcoalplant.com\/vi\/wp-json\/wp\/v2\/users\/1"}],"wp:featuredmedia":[{"embeddable":true,"href":"https:\/\/charcoalplant.com\/vi\/wp-json\/wp\/v2\/media\/2862"}],"wp:attachment":[{"href":"https:\/\/charcoalplant.com\/vi\/wp-json\/wp\/v2\/media?parent=1661"}],"wp:term":[{"taxonomy":"post_tag","embeddable":true,"href":"https:\/\/charcoalplant.com\/vi\/wp-json\/wp\/v2\/tags?post=1661"},{"taxonomy":"product-type","embeddable":true,"href":"https:\/\/charcoalplant.com\/vi\/wp-json\/wp\/v2\/product-type?post=1661"}],"curies":[{"name":"wp","href":"https:\/\/api.w.org\/{rel}","templated":true}]}}