{"id":1909,"date":"2022-01-11T09:01:53","date_gmt":"2022-01-11T09:01:53","guid":{"rendered":"https:\/\/charcoalplant.com\/"},"modified":"2022-06-10T02:25:52","modified_gmt":"2022-06-10T02:25:52","slug":"rotary-hookah-tablet-press","status":"publish","type":"product","link":"https:\/\/charcoalplant.com\/vi\/product\/rotary-hookah-tablet-press\/","title":{"rendered":"M\u00e1y \u00e9p vi\u00ean Hookah quay | M\u00e1y l\u00e0m than Shisha"},"content":{"rendered":"<div class=\"kk-star-ratings kksr-auto kksr-align-left kksr-valign-top\"     data-payload='{&quot;align&quot;:&quot;left&quot;,&quot;id&quot;:&quot;1909&quot;,&quot;slug&quot;:&quot;default&quot;,&quot;valign&quot;:&quot;top&quot;,&quot;ignore&quot;:&quot;&quot;,&quot;reference&quot;:&quot;auto&quot;,&quot;class&quot;:&quot;&quot;,&quot;count&quot;:&quot;8&quot;,&quot;legendonly&quot;:&quot;&quot;,&quot;readonly&quot;:&quot;&quot;,&quot;score&quot;:&quot;4.8&quot;,&quot;starsonly&quot;:&quot;&quot;,&quot;best&quot;:&quot;5&quot;,&quot;gap&quot;:&quot;5&quot;,&quot;greet&quot;:&quot;Rate this product&quot;,&quot;legend&quot;:&quot;4.8\\\/5 - (8 b\u00ecnh ch\u1ecdn)&quot;,&quot;size&quot;:&quot;24&quot;,&quot;title&quot;:&quot;Rotary Hookah Tablet Press | Shisha Charcoal Making Machine&quot;,&quot;width&quot;:&quot;136.7&quot;,&quot;_legend&quot;:&quot;{score}\\\/{best} - ({count} {votes})&quot;,&quot;font_factor&quot;:&quot;1.25&quot;}'>              <div class=\"kksr-stars\">      <div class=\"kksr-stars-inactive\">             <div class=\"kksr-star\" data-star=\"1\" style=\"padding-right: 5px\">               <div class=\"kksr-icon\" style=\"width: 24px; height: 24px;\"><\/div>         <\/div>             <div class=\"kksr-star\" data-star=\"2\" style=\"padding-right: 5px\">               <div class=\"kksr-icon\" style=\"width: 24px; height: 24px;\"><\/div>         <\/div>             <div class=\"kksr-star\" data-star=\"3\" style=\"padding-right: 5px\">               <div class=\"kksr-icon\" style=\"width: 24px; height: 24px;\"><\/div>         <\/div>             <div class=\"kksr-star\" data-star=\"4\" style=\"padding-right: 5px\">               <div class=\"kksr-icon\" style=\"width: 24px; height: 24px;\"><\/div>         <\/div>             <div class=\"kksr-star\" data-star=\"5\" style=\"padding-right: 5px\">               <div class=\"kksr-icon\" style=\"width: 24px; height: 24px;\"><\/div>         <\/div>     <\/div>      <div class=\"kksr-stars-active\" style=\"width: 136.7px;\">             <div class=\"kksr-star\" style=\"padding-right: 5px\">               <div class=\"kksr-icon\" style=\"width: 24px; height: 24px;\"><\/div>         <\/div>             <div class=\"kksr-star\" style=\"padding-right: 5px\">               <div class=\"kksr-icon\" style=\"width: 24px; height: 24px;\"><\/div>         <\/div>             <div class=\"kksr-star\" style=\"padding-right: 5px\">               <div class=\"kksr-icon\" style=\"width: 24px; height: 24px;\"><\/div>         <\/div>             <div class=\"kksr-star\" style=\"padding-right: 5px\">               <div class=\"kksr-icon\" style=\"width: 24px; height: 24px;\"><\/div>         <\/div>             <div class=\"kksr-star\" style=\"padding-right: 5px\">               <div class=\"kksr-icon\" style=\"width: 24px; height: 24px;\"><\/div>         <\/div>     <\/div> <\/div>                   <div class=\"kksr-legend\" style=\"font-size: 19.2px;\">             4,8\/5 - (8 B\u00ecnh Ch\u1ecdn)    <\/div>     <\/div>  <p class=\"translation-block\"><strong>M\u00e1y \u00e9p vi\u00ean than shisha ki\u1ec3u xoay<\/strong> l\u00e0 m\u1ed9t m\u00e1y l\u00e0m than shisha hi\u1ec7u qu\u1ea3 cao. So v\u1edbi m\u00e1y \u00e9p vi\u00ean than shisha th\u00f4ng th\u01b0\u1eddng, s\u1ea3n l\u01b0\u1ee3ng c\u1ee7a m\u00e1y \u00e9p vi\u00ean ki\u1ec3u xoay g\u1ea5p 3 l\u1ea7n so v\u1edbi lo\u1ea1i th\u00f4ng th\u01b0\u1eddng. N\u00f3i c\u00e1ch kh\u00e1c, n\u00f3 t\u01b0\u01a1ng \u0111\u01b0\u01a1ng v\u1edbi 2-3 m\u00e1y \u00e9p vi\u00ean b\u1ed9t than lo\u1ea1i th\u00f4ng th\u01b0\u1eddng. Do \u0111\u00f3, m\u00e1y \u00e9p vi\u00ean than shisha ki\u1ec3u xoay c\u00f3 <strong><a href=\"https:\/\/charcoalplant.com\/vi\/news\/why-are-the-new-shisha-charcoal-presses-more-high-end\/\">gi\u00e1 tr\u1ecb kinh t\u1ebf cao<\/a><\/strong>. Shuliy Machinery kh\u00f4ng ch\u1ec9 c\u00f3 th\u1ec3 l\u1eadp k\u1ebf ho\u1ea1ch s\u1ea3n xu\u1ea5t ph\u00f9 h\u1ee3p cho b\u1ea1n. H\u01a1n n\u1eefa, ch\u00fang t\u00f4i cung c\u1ea5p d\u1ecbch v\u1ee5 t\u00f9y ch\u1ec9nh m\u00e1y m\u00f3c. N\u1ebfu b\u1ea1n mu\u1ed1n nh\u1eadn gi\u00e1 s\u1ea3n ph\u1ea9m, h\u00e3y \u0111\u1ec3 l\u1ea1i cho ch\u00fang t\u00f4i m\u1ed9t tin nh\u1eafn. V\u00e0 ch\u00fang t\u00f4i s\u1ebd ph\u1ea3n h\u1ed3i s\u1edbm nh\u1ea5t c\u00f3 th\u1ec3.<\/p>    <div class=\"wp-block-image\"><figure class=\"aligncenter size-full\"><img loading=\"lazy\" decoding=\"async\" width=\"720\" height=\"540\" src=\"https:\/\/charcoalplant.com\/wp-content\/uploads\/2022\/02\/rotary-hookah-coal-tablet-press-for-sale.jpg\" alt=\"m\u00e1y quay-hookah-than-m\u00e1y t\u00ednh b\u1ea3ng-\u0111\u1ec3 b\u00e1n\" class=\"wp-image-2480\"\/><figcaption>m\u00e1y quay-hookah-than-m\u00e1y t\u00ednh b\u1ea3ng-\u0111\u1ec3 b\u00e1n<\/figcaption><\/figure><\/div>    <h2 class=\"wp-block-heading\" id=\"h-raw-materials-of-rotary-hookah-charcoal-tablet-machine\">Nguy\u00ean li\u1ec7u c\u1ee7a m\u00e1y t\u00ednh b\u1ea3ng than hookah quay<\/h2>    <p class=\"translation-block\">Nguy\u00ean li\u1ec7u c\u1ee7a <strong><a href=\"https:\/\/charcoalplant.com\/vi\/shisha-charcoal-production-line\/\">d\u00e2y chuy\u1ec1n s\u1ea3n xu\u1ea5t than hookah<\/a><\/strong> l\u00e0 c\u00e1c lo\u1ea1i b\u1ed9t carbon kh\u00e1c nhau. V\u00ed d\u1ee5: b\u1ed9t than g\u00e1o d\u1eeba, b\u1ed9t than tr\u00e1i c\u00e2y, b\u1ed9t than tre, b\u1ed9t than, v.v. M\u00e1y \u00e9p than hookah quay d\u00f9ng \u0111\u1ec3 \u00e9p c\u00e1c lo\u1ea1i b\u1ed9t carbon n\u00e0y th\u00e0nh c\u00e1c t\u1ea5m than hookah c\u00f3 h\u00ecnh d\u1ea1ng kh\u00e1c nhau. Ngo\u00e0i vi\u1ec7c \u00e9p vi\u00ean tr\u00f2n, n\u00f3 c\u00f2n c\u00f3 th\u1ec3 \u00e9p vi\u00ean h\u00ecnh d\u1ea1ng \u0111\u1eb7c bi\u1ec7t, vi\u00ean \u0111\u1eb7c bi\u1ec7t, vi\u00ean vu\u00f4ng, vi\u00ean v\u00f2ng, v.v. S\u1ea3n xu\u1ea5t than hookah kh\u00f4ng ch\u1ec9 c\u00f3 \u0111\u01b0\u1eddng k\u00ednh c\u00f3 th\u1ec3 \u0111i\u1ec1u ch\u1ec9nh. V\u00e0 k\u00edch th\u01b0\u1edbc, \u0111\u1ed9 b\u1ec1n v\u00e0 \u0111\u1ed9 c\u1ee9ng c\u1ee7a c\u00e1c t\u1ea5m than \u0111\u01b0\u1ee3c s\u1ea3n xu\u1ea5t theo y\u00eau c\u1ea7u c\u1ee7a kh\u00e1ch h\u00e0ng.<\/p>    <div class=\"wp-block-image\"><figure class=\"aligncenter size-full\"><img loading=\"lazy\" decoding=\"async\" width=\"720\" height=\"540\" src=\"https:\/\/charcoalplant.com\/wp-content\/uploads\/2022\/02\/round-quick-light-shisha-hookahcoal.jpg\" alt=\"tr\u00f2n-nhanh-nh\u1eb9-shisha-hookahcoal\" class=\"wp-image-2474\"\/><figcaption>tr\u00f2n-nhanh-nh\u1eb9-shisha-hookah-than<\/figcaption><\/figure><\/div>    <h2 class=\"wp-block-heading\">Nguy\u00ean l\u00fd c\u1ed1t l\u00f5i c\u1ee7a m\u00e1y l\u00e0m than shisha<strong> <\/strong><\/h2>    <p>L\u00fd do khi\u1ebfn m\u00e1y \u00e9p than hookah quay ho\u1ea1t \u0111\u1ed9ng hi\u1ec7u qu\u1ea3 v\u00e0 ch\u1ea5t l\u01b0\u1ee3ng cao. B\u1edfi v\u00ec h\u1ec7 th\u1ed1ng t\u1ea1o than hookah \u0111\u1ed9c \u0111\u00e1o c\u1ee7a n\u00f3. N\u00f3 m\u1ea1nh d\u1ea1n t\u1eeb b\u1ecf c\u00e1ch \u0111\u1ea5m l\u00ean xu\u1ed1ng truy\u1ec1n th\u1ed1ng. N\u00f3 kh\u00e9o l\u00e9o s\u1eed d\u1ee5ng c\u00e1c c\u00fa \u0111\u1ea5m tr\u00ean v\u00e0 d\u01b0\u1edbi d\u1ecdc theo \u0111\u01b0\u1eddng cong \u0111\u1ec3 \u00e9p t\u1ef1 nhi\u00ean \u1edf c\u00e1c \u0111i\u1ec3m cao v\u00e0 th\u1ea5p. \u01afu \u0111i\u1ec3m c\u1ee7a thi\u1ebft k\u1ebf n\u00e0y l\u00e0 m\u1ed7i mi\u1ebfng than shisha c\u00f3 th\u1ec3 ch\u1ecbu \u0111\u01b0\u1ee3c m\u1ed9t \u00e1p l\u1ef1c nh\u01b0 nhau. \u0110\u00e2y c\u0169ng l\u00e0 ph\u1ea7n c\u00f3 gi\u00e1 tr\u1ecb nh\u1ea5t trong qu\u00e1 tr\u00ecnh c\u1ea3i c\u00e1ch m\u00e1y l\u00e0m than hookah.<\/p>    <figure class=\"wp-block-gallery has-nested-images columns-default is-cropped wp-block-gallery-2 is-layout-flex wp-block-gallery-is-layout-flex\"> <figure class=\"wp-block-image size-large\"><img loading=\"lazy\" decoding=\"async\" width=\"720\" height=\"540\" data-id=\"1910\" src=\"https:\/\/charcoalplant.com\/wp-content\/uploads\/2022\/01\/Shisha-Charcoal-Receiving-Tray-and-outlet_.jpg\" alt=\"Shisha-Than-Nh\u1eadn-Khay-v\u00e0-\u1ed5 c\u1eafm\" class=\"wp-image-1910\"\/><figcaption>Shisha-Than-Nh\u1eadn-Khay-v\u00e0-\u1ed5 c\u1eafm<\/figcaption><\/figure> <\/figure>    <h2 class=\"wp-block-heading\" id=\"h-structure-of-rotary-hookah-tablet-press\">C\u1ea5u t\u1ea1o c\u1ee7a m\u00e1y \u00e9p vi\u00ean hookah d\u1ea1ng quay<\/h2>    <p>C\u1ea5u tr\u00fac c\u1ee7a n\u00f3 bao g\u1ed3m c\u1ed5ng c\u1ea5p li\u1ec7u, c\u1ed5ng x\u1ea3, khu\u00f4n (tr\u00ean, gi\u1eefa v\u00e0 d\u01b0\u1edbi), \u0111\u1ed9ng c\u01a1, \u0111\u1ed9ng c\u01a1 gi\u1ea3m t\u1ed1c, con l\u0103n \u00e1p l\u1ef1c v\u00e0 khay ti\u1ebfp nh\u1eadn. Nh\u00e0 m\u00e1y \u0111i\u1ec7n c\u1ee7a n\u00f3 \u0111\u01b0\u1ee3c \u0111\u1eb7t d\u01b0\u1edbi th\u00e2n m\u00e1y. M\u00e1y ki\u1ec3m tra v\u00e0 b\u1ea3o tr\u00ec h\u00e0ng ng\u00e0y c\u1ea7n ki\u1ec3m tra \u0111\u1ed9ng c\u01a1 v\u00e0 c\u00f3 th\u1ec3 ki\u1ec3m tra b\u1eb1ng ch\u00eca kh\u00f3a. Thi\u1ebft k\u1ebf c\u1ea5u tr\u00fac c\u1ee7a to\u00e0n b\u1ed9 m\u00e1y \u00e9p vi\u00ean quay r\u1ea5t nh\u1ecf g\u1ecdn v\u00e0 ti\u1ebft ki\u1ec7m kh\u00f4ng gian.<\/p>    <div class=\"wp-block-columns is-layout-flex wp-container-core-columns-is-layout-28f84493 wp-block-columns-is-layout-flex\"> <div class=\"wp-block-column is-layout-flow wp-block-column-is-layout-flow\" style=\"flex-basis:66.66%\"> <figure class=\"wp-block-gallery has-nested-images columns-default is-cropped wp-block-gallery-3 is-layout-flex wp-block-gallery-is-layout-flex\"> <figure class=\"wp-block-image size-large\"><img loading=\"lazy\" decoding=\"async\" width=\"720\" height=\"540\" data-id=\"1912\" src=\"https:\/\/charcoalplant.com\/wp-content\/uploads\/2022\/01\/mould.jpg\" alt=\"khu\u00f4n\" class=\"wp-image-1912\"\/><figcaption>khu\u00f4n<\/figcaption><\/figure> <\/figure> <\/div>    <div class=\"wp-block-column is-layout-flow wp-block-column-is-layout-flow\" style=\"flex-basis:33.33%\"> <p class=\"translation-block\"><strong>Khu\u00f4n<\/strong><\/p>    <p>\u0110\u01b0\u1eddng k\u00ednh khu\u00f4n, hoa v\u0103n v\u00e0 v\u0103n b\u1ea3n c\u1ee7a n\u00f3 \u0111\u1ec1u c\u00f3 th\u1ec3 \u0111\u01b0\u1ee3c t\u00f9y ch\u1ec9nh. V\u00ec v\u1eady, than shisha \u0111\u01b0\u1ee3c s\u1ea3n xu\u1ea5t s\u1ebd \u0111\u1eb7c bi\u1ec7t h\u01a1n v\u00e0 \u0111\u1ed3ng th\u1eddi c\u00f3 l\u01b0\u1ee3ng kh\u00e1n gi\u1ea3 r\u1ed9ng h\u01a1n. Th\u00e2n m\u00e1y v\u00e0 ch\u1ea5t li\u1ec7u khu\u00f4n l\u00e0 th\u00e9p kh\u00f4ng g\u1ec9 b\u1ec1n b\u1ec9. V\u00ec v\u1eady, n\u00f3 h\u1ea7u nh\u01b0 kh\u00f4ng c\u00f3 b\u1ed9 ph\u1eadn hao m\u00f2n v\u00e0 c\u00f3 tu\u1ed5i th\u1ecd s\u1eed d\u1ee5ng t\u1eeb 8-10 n\u0103m.<\/p> <\/div> <\/div>    <div class=\"wp-block-columns is-layout-flex wp-container-core-columns-is-layout-28f84493 wp-block-columns-is-layout-flex\"> <div class=\"wp-block-column is-layout-flow wp-block-column-is-layout-flow\" style=\"flex-basis:33.33%\"> <p class=\"translation-block\"><strong>L\u1ed1i v\u00e0o<\/strong><\/p>    <p>H\u00ecnh \u1ea3nh b\u00ean ph\u1ea3i hi\u1ec3n th\u1ecb c\u1eeda n\u1ea1p li\u1ec7u v\u00e0 n\u00fat pha c\u1ee7a m\u00e1y t\u1ea1o than th\u00e2n than. V\u1ecb tr\u00ed c\u1ed5ng c\u1ea5p li\u1ec7u c\u1ee7a m\u00e1y than hookah r\u1ea5t ph\u00f9 h\u1ee3p. V\u00ec v\u1eady, r\u1ea5t thu\u1eadn ti\u1ec7n cho ng\u01b0\u1eddi v\u1eadn h\u00e0nh s\u1eed d\u1ee5ng v\u00e0 ph\u00e1t hi\u1ec7n. V\u00e0 c\u00e1c n\u00fat b\u1ea5m b\u00ean c\u1ea1nh m\u00e1y c\u00f3 th\u1ec3 \u0111i\u1ec1u ch\u1ec9nh \u00e1p su\u1ea5t v\u00e0 s\u1ed1 l\u1ea7n tr\u00e1m.<\/p> <\/div>    <div class=\"wp-block-column is-layout-flow wp-block-column-is-layout-flow\" style=\"flex-basis:66.66%\"> <figure class=\"wp-block-gallery has-nested-images columns-default is-cropped wp-block-gallery-4 is-layout-flex wp-block-gallery-is-layout-flex\"> <figure class=\"wp-block-image size-large\"><img loading=\"lazy\" decoding=\"async\" width=\"720\" height=\"540\" data-id=\"2475\" src=\"https:\/\/charcoalplant.com\/wp-content\/uploads\/2022\/02\/details-of-hully-charcoal-machine-.jpg\" alt=\"\" class=\"wp-image-2475\"\/><\/figure> <\/figure> <\/div> <\/div>    <div class=\"wp-block-columns is-layout-flex wp-container-core-columns-is-layout-28f84493 wp-block-columns-is-layout-flex\"> <div class=\"wp-block-column is-layout-flow wp-block-column-is-layout-flow\" style=\"flex-basis:66.66%\"> <figure class=\"wp-block-gallery has-nested-images columns-default is-cropped wp-block-gallery-5 is-layout-flex wp-block-gallery-is-layout-flex\"> <figure class=\"wp-block-image size-large\"><img loading=\"lazy\" decoding=\"async\" width=\"720\" height=\"540\" data-id=\"2476\" src=\"https:\/\/charcoalplant.com\/wp-content\/uploads\/2022\/02\/outlet-1.jpg\" alt=\"\" class=\"wp-image-2476\"\/><\/figure> <\/figure> <\/div>    <div class=\"wp-block-column is-layout-flow wp-block-column-is-layout-flow\" style=\"flex-basis:33.33%\"> <p class=\"translation-block\"><strong>L\u1ed1i ra<\/strong><\/p>    <p class=\"translation-block\">C\u00f3 m\u1ed9t t\u1ea5m ch\u1eafn \u1edf l\u1ed1i ra, \u0111\u1ec3 than hookah \u0111\u01b0\u1ee3c thu gom m\u1ed9t c\u00e1ch c\u00f3 tr\u1eadt t\u1ef1. H\u01a1n n\u1eefa, ch\u00fang t\u00f4i trang b\u1ecb khay h\u1ee9ng cho kh\u00e1ch h\u00e0ng. N\u00f3 t\u1ea1o \u0111i\u1ec1u ki\u1ec7n thu\u1eadn l\u1ee3i cho ho\u1ea1t \u0111\u1ed9ng c\u1ee7a b\u1ed9 ph\u1eadn <strong><a href=\"https:\/\/charcoalplant.com\/vi\/drying-machine\/charcoal-briquette-dryer\/\">s\u1ea5y kh\u00f4<\/a><\/strong> than hookah v\u00e0 ho\u1ea1t \u0111\u1ed9ng c\u1ee7a <strong><a href=\"https:\/\/charcoalplant.com\/vi\/briquettes-packing-machine\/charcoal-briquettes-packing-machine\/\">m\u00e1y ph\u00e2n lo\u1ea1i than hookah<\/a><\/strong> h\u00ecnh v\u00f2ng.<br><\/p> <\/div> <\/div>    <h2 class=\"wp-block-heading\" id=\"h-parameters-of-rotary-hookah-tablet-press\">C\u00e1c th\u00f4ng s\u1ed1 c\u1ee7a m\u00e1y \u00e9p vi\u00ean hookah quay<\/h2>    <p>Ch\u00fang t\u00f4i s\u1ea3n xu\u1ea5t nhi\u1ec1u m\u1eabu m\u00e1y \u00e9p vi\u00ean than shisha kh\u00e1c nhau. C\u00fa \u0111\u1ea5m 21 l\u00e0 m\u1ed9t trong nh\u1eefng c\u00fa \u0111\u1ea5m \u0111\u01b0\u1ee3c b\u00e1n nhi\u1ec1u nh\u1ea5t c\u1ee7a ch\u00fang t\u00f4i.  D\u01b0\u1edbi \u0111\u00e2y l\u00e0 th\u00f4ng s\u1ed1 m\u00e1y c\u1ee7a m\u00e1y 21 vi\u00ean \u0111\u01b0\u1eddng k\u00ednh 30mm.<\/p>    <figure class=\"wp-block-table is-style-stripes\"><table><tbody><tr><td><strong>Ng\u01b0\u1eddi m\u1eabu<\/strong><strong><\/strong><\/td><td><strong>SL-RS21<\/strong><\/td><\/tr><tr><td><strong>S\u1ed1 l\u01b0\u1ee3ng c\u00fa \u0111\u1ea5m (b\u1ed9)<\/strong><strong><\/strong><\/td><td><strong>21<\/strong><strong><\/strong><\/td><\/tr><tr><td><strong>\u00c1p su\u1ea5t t\u1ed1i \u0111a c\u1ee7a m\u00e1y t\u00ednh b\u1ea3ng (kn)<\/strong><strong><\/strong><\/td><td><strong>120<\/strong><strong><\/strong><\/td><\/tr><tr><td><strong>\u0110\u1ed9 s\u00e2u l\u00e0m \u0111\u1ea7y t\u1ed1i \u0111a (mm)<\/strong><strong><\/strong><\/td><td><strong>16-28<\/strong><strong><\/strong><\/td><\/tr><tr><td><strong>\u0110\u1ed9 d\u00e0y t\u1ed1i \u0111a c\u1ee7a m\u00e1y t\u00ednh b\u1ea3ng (mm)<\/strong><strong><\/strong><\/td><td><strong>8-15<\/strong><strong><\/strong><\/td><\/tr><tr><td><strong>T\u1ed1c \u0111\u1ed9 quay th\u00e1p ph\u00e1o (r\/min)<\/strong><strong><\/strong><\/td><td><strong>30<\/strong><strong><\/strong><\/td><\/tr><tr><td><strong>C\u00f4ng su\u1ea5t t\u1ed1i \u0111a (chi\u1ebfc\/h)<\/strong><strong><\/strong><\/td><td><strong>30000-40000<\/strong><strong><\/strong><\/td><\/tr><tr><td><strong>C\u00f4ng su\u1ea5t \u0111\u1ed9ng c\u01a1(kw)<\/strong><strong><\/strong><\/td><td><strong>7.5<\/strong><strong><\/strong><\/td><\/tr><tr><td><strong>K\u00edch th\u01b0\u1edbc t\u1ed5ng th\u1ec3 (mm)<\/strong><strong><\/strong><\/td><td><strong>800*900*1650<\/strong><strong><\/strong><\/td><\/tr><tr><td><strong>Tr\u1ecdng l\u01b0\u1ee3ng m\u00e1y (kg)<\/strong><strong><\/strong><\/td><td><strong>1500<\/strong><strong><\/strong><\/td><\/tr><\/tbody><\/table><\/figure>    <h2 class=\"wp-block-heading\" id=\"h-video-of-best-coconut-charcoal-shisha-tablet\">Video vi\u00ean shisha than d\u1eeba t\u1ed1t nh\u1ea5t<\/h2>    <p>Qua video d\u01b0\u1edbi \u0111\u00e2y c\u00e1c b\u1ea1n c\u00f3 th\u1ec3 hi\u1ec3u r\u00f5 h\u01a1n v\u1ec1 quy tr\u00ecnh s\u1ea3n xu\u1ea5t v\u00e0 \u0111\u00f3ng g\u00f3i than shisha.<\/p>    <figure class=\"wp-block-embed is-type-video is-provider-youtube wp-block-embed-youtube wp-embed-aspect-16-9 wp-has-aspect-ratio\"><div class=\"wp-block-embed__wrapper\"> <iframe loading=\"lazy\" title=\"Vi\u00ean Shisha Than D\u1eeba T\u1ed1t Nh\u1ea5t | Nh\u00e0 m\u00e1y s\u1ea3n xu\u1ea5t m\u00e1y t\u00ednh b\u1ea3ng Hookah quay#shishacharcoal#Arab\" width=\"500\" height=\"281\" src=\"https:\/\/www.youtube.com\/embed\/SCr3JOp5PN8?feature=oembed\" frameborder=\"0\" allow=\"accelerometer; autoplay; clipboard-write; encrypted-media; gyroscope; picture-in-picture; web-share\" referrerpolicy=\"strict-origin-when-cross-origin\" allowfullscreen><\/iframe> <\/div><\/figure>    <h2 class=\"wp-block-heading\">M\u00e1y \u00e9p vi\u00ean than shisha c\u00f3 l\u1ee3i \u00edch g\u00ec?<\/h2>    <ul class=\"wp-block-list\" id=\"block-4a8c5a9a-482a-49f4-b4de-51d981b5b640\"><li>\u00c1p d\u1ee5ng b\u1ea3ng \u0111i\u1ec1u khi\u1ec3n th\u00f4ng minh PLC. \u0110\u1ed9 d\u00e0y c\u1ee7a vi\u00ean than hookah c\u00f3 th\u1ec3 d\u1ec5 d\u00e0ng \u0111i\u1ec1u ch\u1ec9nh b\u1eb1ng c\u00e1ch \u0111i\u1ec1u ch\u1ec9nh t\u1ed1c \u0111\u1ed9.<\/li><li>Thi\u1ebft b\u1ecb n\u1ea1p t\u1ef1 \u0111\u1ed9ng c\u1ee7a m\u00e1y l\u00e0m than hookah c\u00f3 th\u1ec3 d\u1ec5 d\u00e0ng ki\u1ec3m so\u00e1t t\u1ed1c \u0111\u1ed9.<\/li><li>To\u00e0n b\u1ed9 m\u00e1y \u0111\u01b0\u1ee3c l\u00e0m b\u1eb1ng th\u00e9p kh\u00f4ng g\u1ec9, d\u1ec5 lau ch\u00f9i v\u00e0 c\u00f3 tu\u1ed5i th\u1ecd cao.<\/li><li>\u0110\u1ed9 d\u1ed1c c\u1ee7a c\u1ed5ng x\u1ea3 \u0111\u01b0\u1ee3c thi\u1ebft k\u1ebf h\u1ee3p l\u00fd \u0111\u1ec3 than shisha tr\u01b0\u1ee3t xu\u1ed1ng t\u1ef1 nhi\u00ean m\u00e0 kh\u00f4ng l\u00e0m h\u1ecfng t\u1ea5m than hookah.<\/li><li>Than shisha \u0111\u01b0\u1ee3c \u0111\u1eb7t ph\u1eb3ng tr\u00ean khay n\u1ea1p b\u1eb1ng th\u00e9p kh\u00f4ng g\u1ec9. Kh\u00f4ng ch\u1ec9 thu\u1eadn ti\u1ec7n cho vi\u1ec7c s\u1ea5y kh\u00f4 m\u00e0 c\u00f2n thu\u1eadn ti\u1ec7n cho vi\u1ec7c <strong><a href=\"https:\/\/charcoalplant.com\/vi\/briquettes-packing-machine\/charcoal-briquettes-packing-machine\/\">m\u00e1y \u0111\u00f3ng g\u00f3i than shisha<\/a><\/strong> \u0111\u00f3ng g\u00f3i.<\/li><li>Khi ch\u1ea1y, ti\u1ebfng \u1ed3n nh\u1ecf, \u00e1p su\u1ea5t l\u1edbn, qu\u00e1 \u00e1p d\u1eebng l\u1ea1i \u0111\u1ec3 tr\u00e1nh l\u00e0m h\u1ecfng m\u00e1y.<\/li><\/ul>    <div class=\"wp-block-image\"><figure class=\"aligncenter size-full\"><img loading=\"lazy\" decoding=\"async\" width=\"720\" height=\"540\" src=\"https:\/\/charcoalplant.com\/wp-content\/uploads\/2022\/01\/rotary-tablet-press-plant-tuya_\u7ed3\u679c.jpg\" alt=\"m\u00e1y \u00e9p-m\u00e1y quay-hookah-m\u00e1y t\u00ednh b\u1ea3ng\" class=\"wp-image-1918\"\/><figcaption>m\u00e1y \u00e9p-m\u00e1y quay-hookah-m\u00e1y t\u00ednh b\u1ea3ng<\/figcaption><\/figure><\/div>    <div class=\"wp-block-image\"><figure class=\"aligncenter size-full\"><img loading=\"lazy\" decoding=\"async\" width=\"720\" height=\"540\" src=\"https:\/\/charcoalplant.com\/wp-content\/uploads\/2022\/02\/rotary-hookah-coal-tablet-press-plant-.jpg\" alt=\"nh\u00e0 m\u00e1y quay-hookah-than-m\u00e1y t\u00ednh b\u1ea3ng\" class=\"wp-image-2482\"\/><figcaption>nh\u00e0 m\u00e1y quay-hookah-than-m\u00e1y t\u00ednh b\u1ea3ng<\/figcaption><\/figure><\/div>    <h2 class=\"wp-block-heading\">M\u00e0n h\u00ecnh d\u00f2ng than hookah<\/h2>    <div class=\"wp-block-columns is-layout-flex wp-container-core-columns-is-layout-28f84493 wp-block-columns-is-layout-flex\"> <div class=\"wp-block-column is-layout-flow wp-block-column-is-layout-flow\"> <figure class=\"wp-block-gallery has-nested-images columns-default is-cropped wp-block-gallery-6 is-layout-flex wp-block-gallery-is-layout-flex\"> <figure class=\"wp-block-image size-large\"><img loading=\"lazy\" decoding=\"async\" width=\"720\" height=\"540\" data-id=\"2483\" src=\"https:\/\/charcoalplant.com\/wp-content\/uploads\/2022\/02\/hookah-charcoal-forming-machine.jpg\" alt=\"m\u00e1y t\u1ea1o than hookah\" class=\"wp-image-2483\"\/><figcaption>m\u00e1y t\u1ea1o than hookah<\/figcaption><\/figure> <\/figure> <\/div>    <div class=\"wp-block-column is-layout-flow wp-block-column-is-layout-flow\"> <figure class=\"wp-block-gallery has-nested-images columns-default is-cropped wp-block-gallery-7 is-layout-flex wp-block-gallery-is-layout-flex\"> <figure class=\"wp-block-image size-large\"><img loading=\"lazy\" decoding=\"async\" width=\"720\" height=\"540\" data-id=\"2484\" src=\"https:\/\/charcoalplant.com\/wp-content\/uploads\/2022\/02\/dryer-1.jpg\" alt=\"m\u00e1y s\u1ea5y\" class=\"wp-image-2484\"\/><figcaption>m\u00e1y s\u1ea5y<\/figcaption><\/figure> <\/figure> <\/div>    <div class=\"wp-block-column is-layout-flow wp-block-column-is-layout-flow\"> <figure class=\"wp-block-gallery has-nested-images columns-default is-cropped wp-block-gallery-8 is-layout-flex wp-block-gallery-is-layout-flex\"> <figure class=\"wp-block-image size-large\"><img loading=\"lazy\" decoding=\"async\" width=\"720\" height=\"540\" data-id=\"2485\" src=\"https:\/\/charcoalplant.com\/wp-content\/uploads\/2022\/02\/Equipment-for-sorting-shisha-charcoal.jpg\" alt=\"thi\u1ebft b\u1ecb ph\u00e2n lo\u1ea1i-shisha-than\" class=\"wp-image-2485\"\/><figcaption>thi\u1ebft b\u1ecb ph\u00e2n lo\u1ea1i-shisha-than<\/figcaption><\/figure> <\/figure> <\/div> <\/div>    <div class=\"wp-block-columns is-layout-flex wp-container-core-columns-is-layout-28f84493 wp-block-columns-is-layout-flex\"> <div class=\"wp-block-column is-layout-flow wp-block-column-is-layout-flow\"> <figure class=\"wp-block-gallery has-nested-images columns-default is-cropped wp-block-gallery-9 is-layout-flex wp-block-gallery-is-layout-flex\"> <figure class=\"wp-block-image size-large\"><img loading=\"lazy\" decoding=\"async\" width=\"720\" height=\"540\" data-id=\"2486\" src=\"https:\/\/charcoalplant.com\/wp-content\/uploads\/2022\/02\/hookah-packing-machine.jpg\" alt=\"hookah-m\u00e1y \u0111\u00f3ng g\u00f3i\" class=\"wp-image-2486\"\/><figcaption>hookah-m\u00e1y \u0111\u00f3ng g\u00f3i<\/figcaption><\/figure> <\/figure> <\/div>    <div class=\"wp-block-column is-layout-flow wp-block-column-is-layout-flow\"> <figure class=\"wp-block-gallery has-nested-images columns-default is-cropped wp-block-gallery-10 is-layout-flex wp-block-gallery-is-layout-flex\"> <figure class=\"wp-block-image size-large\"><img loading=\"lazy\" decoding=\"async\" width=\"720\" height=\"540\" data-id=\"2487\" src=\"https:\/\/charcoalplant.com\/wp-content\/uploads\/2022\/02\/heat-shrink-sealer.jpg\" alt=\"keo co nhi\u1ec7t\" class=\"wp-image-2487\"\/><figcaption>keo co nhi\u1ec7t<\/figcaption><\/figure> <\/figure> <\/div>    <div class=\"wp-block-column is-layout-flow wp-block-column-is-layout-flow\"> <figure class=\"wp-block-gallery has-nested-images columns-default is-cropped wp-block-gallery-11 is-layout-flex wp-block-gallery-is-layout-flex\"> <figure class=\"wp-block-image size-large\"><img loading=\"lazy\" decoding=\"async\" width=\"720\" height=\"540\" data-id=\"2488\" src=\"https:\/\/charcoalplant.com\/wp-content\/uploads\/2022\/02\/finish-product.jpg\" alt=\"th\u00e0nh ph\u1ea9m\" class=\"wp-image-2488\"\/><figcaption>th\u00e0nh ph\u1ea9m<\/figcaption><\/figure> <\/figure> <\/div> <\/div>    <p><\/p>","protected":false},"excerpt":{"rendered":"<p>M\u00e1y \u00e9p vi\u00ean hookah quay l\u00e0 m\u00e1y l\u00e0m than shisha cao c\u1ea5p. S\u1ea3n l\u01b0\u1ee3ng h\u00e0ng gi\u1edd c\u1ee7a n\u00f3 l\u00e0 30.000-40.000 chi\u1ebfc.<\/p>","protected":false},"author":1,"featured_media":1920,"parent":0,"template":"","tags":[59],"product-type":[44],"class_list":["post-1909","product","type-product","status-publish","has-post-thumbnail","hentry","tag-charcoal-briquetting-machine","product-type-charcoal-briquetting-machine"],"_links":{"self":[{"href":"https:\/\/charcoalplant.com\/vi\/wp-json\/wp\/v2\/product\/1909","targetHints":{"allow":["GET"]}}],"collection":[{"href":"https:\/\/charcoalplant.com\/vi\/wp-json\/wp\/v2\/product"}],"about":[{"href":"https:\/\/charcoalplant.com\/vi\/wp-json\/wp\/v2\/types\/product"}],"author":[{"embeddable":true,"href":"https:\/\/charcoalplant.com\/vi\/wp-json\/wp\/v2\/users\/1"}],"wp:featuredmedia":[{"embeddable":true,"href":"https:\/\/charcoalplant.com\/vi\/wp-json\/wp\/v2\/media\/1920"}],"wp:attachment":[{"href":"https:\/\/charcoalplant.com\/vi\/wp-json\/wp\/v2\/media?parent=1909"}],"wp:term":[{"taxonomy":"post_tag","embeddable":true,"href":"https:\/\/charcoalplant.com\/vi\/wp-json\/wp\/v2\/tags?post=1909"},{"taxonomy":"product-type","embeddable":true,"href":"https:\/\/charcoalplant.com\/vi\/wp-json\/wp\/v2\/product-type?post=1909"}],"curies":[{"name":"wp","href":"https:\/\/api.w.org\/{rel}","templated":true}]}}