{"id":1976,"date":"2022-01-14T10:13:10","date_gmt":"2022-01-14T10:13:10","guid":{"rendered":"https:\/\/charcoalplant.com\/?page_id=1976"},"modified":"2023-01-13T16:46:31","modified_gmt":"2023-01-13T08:46:31","slug":"bbq-coal-production-line","status":"publish","type":"product","link":"https:\/\/charcoalplant.com\/vi\/bbq-coal-production-line\/","title":{"rendered":"D\u00e2y chuy\u1ec1n s\u1ea3n xu\u1ea5t than BBQ"},"content":{"rendered":"<div class=\"kk-star-ratings kksr-auto kksr-align-left kksr-valign-top\"     data-payload='{&quot;align&quot;:&quot;left&quot;,&quot;id&quot;:&quot;1976&quot;,&quot;slug&quot;:&quot;default&quot;,&quot;valign&quot;:&quot;top&quot;,&quot;ignore&quot;:&quot;&quot;,&quot;reference&quot;:&quot;auto&quot;,&quot;class&quot;:&quot;&quot;,&quot;count&quot;:&quot;13&quot;,&quot;legendonly&quot;:&quot;&quot;,&quot;readonly&quot;:&quot;&quot;,&quot;score&quot;:&quot;4.9&quot;,&quot;starsonly&quot;:&quot;&quot;,&quot;best&quot;:&quot;5&quot;,&quot;gap&quot;:&quot;5&quot;,&quot;greet&quot;:&quot;Rate this product&quot;,&quot;legend&quot;:&quot;4.9\\\/5 - (13 b\u00ecnh ch\u1ecdn)&quot;,&quot;size&quot;:&quot;24&quot;,&quot;title&quot;:&quot;BBQ Coal Production Line&quot;,&quot;width&quot;:&quot;139.6&quot;,&quot;_legend&quot;:&quot;{score}\\\/{best} - ({count} {votes})&quot;,&quot;font_factor&quot;:&quot;1.25&quot;}'>              <div class=\"kksr-stars\">      <div class=\"kksr-stars-inactive\">             <div class=\"kksr-star\" data-star=\"1\" style=\"padding-right: 5px\">               <div class=\"kksr-icon\" style=\"width: 24px; height: 24px;\"><\/div>         <\/div>             <div class=\"kksr-star\" data-star=\"2\" style=\"padding-right: 5px\">               <div class=\"kksr-icon\" style=\"width: 24px; height: 24px;\"><\/div>         <\/div>             <div class=\"kksr-star\" data-star=\"3\" style=\"padding-right: 5px\">               <div class=\"kksr-icon\" style=\"width: 24px; height: 24px;\"><\/div>         <\/div>             <div class=\"kksr-star\" data-star=\"4\" style=\"padding-right: 5px\">               <div class=\"kksr-icon\" style=\"width: 24px; height: 24px;\"><\/div>         <\/div>             <div class=\"kksr-star\" data-star=\"5\" style=\"padding-right: 5px\">               <div class=\"kksr-icon\" style=\"width: 24px; height: 24px;\"><\/div>         <\/div>     <\/div>      <div class=\"kksr-stars-active\" style=\"width: 139.6px;\">             <div class=\"kksr-star\" style=\"padding-right: 5px\">               <div class=\"kksr-icon\" style=\"width: 24px; height: 24px;\"><\/div>         <\/div>             <div class=\"kksr-star\" style=\"padding-right: 5px\">               <div class=\"kksr-icon\" style=\"width: 24px; height: 24px;\"><\/div>         <\/div>             <div class=\"kksr-star\" style=\"padding-right: 5px\">               <div class=\"kksr-icon\" style=\"width: 24px; height: 24px;\"><\/div>         <\/div>             <div class=\"kksr-star\" style=\"padding-right: 5px\">               <div class=\"kksr-icon\" style=\"width: 24px; height: 24px;\"><\/div>         <\/div>             <div class=\"kksr-star\" style=\"padding-right: 5px\">               <div class=\"kksr-icon\" style=\"width: 24px; height: 24px;\"><\/div>         <\/div>     <\/div> <\/div>                   <div class=\"kksr-legend\" style=\"font-size: 19.2px;\">             4,9\/5 - (13 B\u00ccNH CH\u1ecdN)    <\/div>     <\/div>  <p class=\"translation-block\"><strong>D\u00f2ng s\u1ea3n xu\u1ea5t than BBQ<\/strong> l\u00e0 m\u1ed9t c\u00f4ng c\u1ee5 chuy\u00ean nghi\u1ec7p \u0111\u1ec3 l\u00e0m briquet than. H\u01a1n n\u1eefa, n\u00f3 kh\u00f4ng ch\u1ec9 c\u00f3 th\u1ec3 \u0111\u01b0\u1ee3c \u00e9p th\u00e0nh vi\u00ean, m\u00e0 c\u00f2n th\u00e0nh g\u1ed1i, b\u00e1nh m\u00ec v\u00e0 h\u00ecnh oval \u0111\u1ec3 \u0111\u00e1p \u1ee9ng nhu c\u1ea7u kh\u00e1ch h\u00e0ng. B\u1edfi v\u00ec than barbecue thay th\u1ebf nhi\u00ean li\u1ec7u sinh kh\u1ed1i v\u00e0 than m\u1ecf truy\u1ec1n th\u1ed1ng, n\u00f3 l\u00e0 m\u1ed9t c\u00e1ch hi\u1ec7u qu\u1ea3 \u0111\u1ec3 ti\u1ebft ki\u1ec7m n\u0103ng l\u01b0\u1ee3ng v\u00e0 gi\u1ea3m ph\u00e1t th\u1ea3i. H\u01a1n n\u1eefa, m\u00e1y \u00e9p briquet than c\u00f3 th\u1ec3 gi\u1ea3i quy\u1ebft d\u1ec5 d\u00e0ng c\u00e1c v\u1ea5n \u0111\u1ec1 v\u1eadn chuy\u1ec3n kh\u00f3 kh\u0103n v\u00e0 x\u1eed l\u00fd kh\u00f3 kh\u0103n c\u1ee7a than nghi\u1ec1n. Do \u0111\u00f3, n\u00f3 l\u00e0 d\u1ef1 \u00e1n \u0111\u1ea7u t\u01b0 \u0111\u01b0\u1ee3c \u01b0u ti\u00ean cho c\u00e1c nh\u00e0 m\u00e1y ch\u1ebf bi\u1ebfn than. N\u1ebfu b\u1ea1n quan t\u00e2m \u0111\u1ebfn d\u00f2ng s\u1ea3n xu\u1ea5t than BBQ Shuliy, h\u00e3y li\u00ean h\u1ec7 v\u1edbi ch\u00fang t\u00f4i ngay.<\/p>    <h2 class=\"wp-block-heading\" id=\"h-process-of-bbq-coal-production-line\"><strong>Quy tr\u00ecnh d\u00e2y chuy\u1ec1n s\u1ea3n xu\u1ea5t than BBQ<\/strong><\/h2>    <p>N\u00f3i m\u1ed9t c\u00e1ch \u0111\u01a1n gi\u1ea3n, to\u00e0n b\u1ed9 d\u00e2y chuy\u1ec1n s\u1ea3n xu\u1ea5t than b\u00e1nh l\u00e0 qu\u00e1 tr\u00ecnh t\u1eeb than c\u1ee5c, b\u1ed9t than \u0111\u1ebfn than n\u01b0\u1edbng. To\u00e0n b\u1ed9 qu\u00e1 tr\u00ecnh bao g\u1ed3m nghi\u1ec1n, khu\u1ea5y, ph\u00e2n ph\u1ed1i, t\u1ea1o h\u00ecnh, s\u1ea5y kh\u00f4 v\u00e0 \u0111\u00f3ng g\u00f3i. Cu\u1ed1i c\u00f9ng s\u1ebd thu \u0111\u01b0\u1ee3c than b\u00e1nh s\u1ea1ch c\u00f3 nhi\u1ec7t tr\u1ecb cao, nhu c\u1ea7u l\u1edbn v\u00e0 v\u1eadn chuy\u1ec3n thu\u1eadn ti\u1ec7n.<\/p>    <figure class=\"wp-block-gallery has-nested-images columns-3 is-cropped wp-block-gallery-2 is-layout-flex wp-block-gallery-is-layout-flex\"> <figure class=\"wp-block-image size-large\"><img loading=\"lazy\" decoding=\"async\" width=\"720\" height=\"540\" data-id=\"1980\" src=\"https:\/\/charcoalplant.com\/wp-content\/uploads\/2022\/01\/coal.jpg\" alt=\"than \u0111\u00e1\" class=\"wp-image-1980\"\/><figcaption class=\"wp-element-caption\">than \u0111\u00e1<\/figcaption><\/figure>    <figure class=\"wp-block-image size-large\"><img loading=\"lazy\" decoding=\"async\" width=\"720\" height=\"540\" data-id=\"1979\" src=\"https:\/\/charcoalplant.com\/wp-content\/uploads\/2022\/01\/coal-powder.jpg\" alt=\"b\u1ed9t than\" class=\"wp-image-1979\"\/><figcaption class=\"wp-element-caption\">b\u1ed9t than<\/figcaption><\/figure>    <figure class=\"wp-block-image size-full\"><img loading=\"lazy\" decoding=\"async\" width=\"720\" height=\"540\" data-id=\"2842\" src=\"https:\/\/charcoalplant.com\/wp-content\/uploads\/2022\/03\/coal-briket-bag.jpg\" alt=\"than-briket-t\u00fai\" class=\"wp-image-2842\"\/><figcaption class=\"wp-element-caption\">than-briket-t\u00fai<\/figcaption><\/figure> <\/figure>    <figure class=\"wp-block-image aligncenter size-full\"><img loading=\"lazy\" decoding=\"async\" width=\"720\" height=\"540\" src=\"https:\/\/charcoalplant.com\/wp-content\/uploads\/2022\/01\/BBQ-coal-production-line.jpg\" alt=\"D\u00e2y chuy\u1ec1n s\u1ea3n xu\u1ea5t than BBQ\" class=\"wp-image-1978\"\/><figcaption class=\"wp-element-caption\">D\u00e2y chuy\u1ec1n s\u1ea3n xu\u1ea5t than BBQ<\/figcaption><\/figure>    <h2 class=\"wp-block-heading\" id=\"h-what-equipment-does-coal-powder-briquetting-production-line-include\"><strong>D\u00e2y chuy\u1ec1n s\u1ea3n xu\u1ea5t than b\u00e1nh b\u1ed9t than bao g\u1ed3m nh\u1eefng m\u00e1y m\u00f3c n\u00e0o?<\/strong><\/h2>    <p class=\"translation-block\">Thi\u1ebft b\u1ecb ch\u00ednh c\u1ee7a d\u00e2y chuy\u1ec1n s\u1ea3n xu\u1ea5t than BBQ bao g\u1ed3m m\u1ed9t silo than, <strong><a href=\"https:\/\/charcoalplant.com\/vi\/grinder-and-mixer\/charcoal-shredder\/\">m\u00e1y nghi\u1ec1n than<\/a><\/strong>, m\u00e1y tr\u1ed9n b\u1ee5i than, m\u00e1y nghi\u1ec1n b\u00e1nh xe, m\u00e1y l\u00e0m vi\u00ean than BBQ, m\u00e1y s\u1ea5y than BBQ v\u00e0 m\u00e1y \u0111\u00f3ng g\u00f3i. Trong s\u1ed1 \u0111\u00f3, m\u00e1y tr\u1ed9n tr\u1ee5c \u0111\u00f4i, m\u00e1y l\u00e0m vi\u00ean than nghi\u1ec1n v\u00e0 m\u00e1y s\u1ea5y vi\u00ean than l\u00e0 nh\u1eefng thi\u1ebft b\u1ecb quan tr\u1ecdng nh\u1ea5t trong d\u00e2y chuy\u1ec1n s\u1ea3n xu\u1ea5t than BBQ.<\/p>    <div class=\"wp-block-columns has-background is-layout-flex wp-container-core-columns-is-layout-28f84493 wp-block-columns-is-layout-flex\" style=\"background-color:#f1f1f1\"> <div class=\"wp-block-column is-vertically-aligned-center is-layout-flow wp-block-column-is-layout-flow\" style=\"flex-basis:33.33%\"> <h3 class=\"wp-block-heading\"><strong>M\u00e1y tr\u1ed9n than nghi\u1ec1n<\/strong><\/h3>    <p class=\"translation-block\">B\u1edfi v\u00ec vi\u1ec7c t\u1ea1o h\u00ecnh vi\u00ean than c\u00f3 y\u00eau c\u1ea7u r\u1ea5t nghi\u00eam ng\u1eb7t v\u1ec1 ch\u1ea5t l\u01b0\u1ee3ng c\u1ee7a ch\u1ea5t k\u1ebft d\u00ednh v\u00e0 c\u1ea5u tr\u00fac c\u1ee7a m\u00e1y tr\u1ed9n. Do \u0111\u00f3, d\u00e2y chuy\u1ec1n s\u1ea3n xu\u1ea5t h\u00ecnh th\u00e0nh than nghi\u1ec1n ch\u1ee7 y\u1ebfu \u0111\u01b0\u1ee3c trang b\u1ecb <strong>m\u00e1y tr\u1ed9n tr\u1ee5c \u0111\u00f4i<\/strong> v\u00e0 b\u1ec3 tr\u1ed9n ch\u1ea5t k\u1ebft d\u00ednh. V\u00ec v\u1eady, b\u1ea1n ch\u1ec9 c\u1ea7n bi\u1ebft c\u1ea7n bao nhi\u00eau ch\u1ea5t k\u1ebft d\u00ednh cho m\u1ed9t t\u1ea5n than, v\u00e0 b\u1ea1n c\u00f3 th\u1ec3 th\u00eam n\u00f3 theo t\u1ef7 l\u1ec7. M\u00e1y tr\u1ed9n tro than c\u00f3 th\u1ec3 ho\u00e0n to\u00e0n \u0111\u1ea3m b\u1ea3o s\u1ef1 tr\u1ed9n \u0111\u1ec1u gi\u1eefa b\u1ed9t than v\u00e0 ch\u1ea5t k\u1ebft d\u00ednh.<\/p> <\/div>    <div class=\"wp-block-column is-layout-flow wp-block-column-is-layout-flow\" style=\"flex-basis:66.66%\"> <figure class=\"wp-block-image size-full\"><img loading=\"lazy\" decoding=\"async\" width=\"720\" height=\"540\" src=\"https:\/\/charcoalplant.com\/wp-content\/uploads\/2022\/03\/coal-mixer.jpg\" alt=\"\" class=\"wp-image-2844\"\/><\/figure> <\/div> <\/div>    <div class=\"wp-block-columns has-background is-layout-flex wp-container-core-columns-is-layout-28f84493 wp-block-columns-is-layout-flex\" style=\"background-color:#f1f1f1\"> <div class=\"wp-block-column is-layout-flow wp-block-column-is-layout-flow\" style=\"flex-basis:66.66%\"> <figure class=\"wp-block-gallery has-nested-images columns-default is-cropped wp-block-gallery-3 is-layout-flex wp-block-gallery-is-layout-flex\"> <figure class=\"wp-block-image size-large\"><img loading=\"lazy\" decoding=\"async\" width=\"720\" height=\"540\" data-id=\"1982\" src=\"https:\/\/charcoalplant.com\/wp-content\/uploads\/2022\/01\/charcoal-ball-press-machine-manufacturer.jpg\" alt=\"nh\u00e0 s\u1ea3n xu\u1ea5t m\u00e1y \u00e9p than-b\u00f3ng-b\u00f3ng\" class=\"wp-image-1982\"\/><figcaption class=\"wp-element-caption\">nh\u00e0 s\u1ea3n xu\u1ea5t m\u00e1y \u00e9p than-b\u00f3ng-b\u00f3ng<\/figcaption><\/figure> <\/figure> <\/div>    <div class=\"wp-block-column is-vertically-aligned-center is-layout-flow wp-block-column-is-layout-flow\" style=\"flex-basis:33.33%\"> <h3 class=\"wp-block-heading\"><strong>M\u00e1y l\u00e0m than b\u00e1nh BBQ<\/strong><\/h3>    <p class=\"translation-block\"><strong><a href=\"https:\/\/charcoalplant.com\/vi\/charcoal-briquetting-machine\/charcoal-ball-press-machine\/\">M\u00e1y \u00e9p vi\u00ean b\u1ed9t than<\/a><\/strong> l\u00e0 thi\u1ebft b\u1ecb c\u1ed1t l\u00f5i trong d\u00f2ng s\u1ea3n xu\u1ea5t than n\u01b0\u1edbng. \u0110\u1ed3ng th\u1eddi, n\u00f3 c\u0169ng l\u00e0 y\u1ebfu t\u1ed1 quy\u1ebft \u0111\u1ecbnh \u0111\u1ed9 m\u1ea1nh c\u1ee7a h\u00ecnh th\u00e0nh vi\u00ean v\u00e0 t\u1ef7 l\u1ec7 h\u00ecnh th\u00e0nh c\u1ea7u. M\u00e1y \u0111\u1ecbnh h\u00ecnh b\u1ed9t than Shuliy c\u00f3 t\u1ef7 l\u1ec7 h\u00ecnh th\u00e0nh vi\u00ean tr\u00ean 98%.<\/p> <\/div> <\/div>    <div class=\"wp-block-columns has-background is-layout-flex wp-container-core-columns-is-layout-28f84493 wp-block-columns-is-layout-flex\" style=\"background-color:#f1f1f1\"> <div class=\"wp-block-column is-vertically-aligned-center is-layout-flow wp-block-column-is-layout-flow\" style=\"flex-basis:33.33%\"> <h3 class=\"wp-block-heading\"><strong>M\u00e1y s\u1ea5y than b\u00e1nh<\/strong><\/h3>    <p class=\"translation-block\"><strong><a href=\"https:\/\/charcoalplant.com\/vi\/drying-machine\/charcoal-briquette-dryer\/\">M\u00e1y s\u1ea5y than BBQ<\/a><\/strong> l\u00e0 m\u1ed9t m\u00e1y \u0111\u1eb7c bi\u1ec7t \u0111\u1ec3 s\u1ea5y vi\u00ean carbon. Nh\u1eefng g\u00ec ch\u00fang t\u00f4i khuy\u00ean b\u1ea1n l\u00e0 m\u00e1y s\u1ea5y b\u0103ng t\u1ea3i l\u01b0\u1edbi. C\u1ea5u tr\u00fac truy\u1ec1n d\u1eabn b\u0103ng t\u1ea3i l\u01b0\u1edbi nhi\u1ec1u l\u1edbp ki\u1ec3u S c\u1ee7a n\u00f3. N\u00f3 kh\u00f4ng ch\u1ec9 gi\u1ea3m kh\u00f4ng gian m\u00e0 thi\u1ebft b\u1ecb chi\u1ebfm d\u1ee5ng m\u00e0 c\u00f2n c\u1ea3i thi\u1ec7n t\u1ef7 l\u1ec7 s\u1eed d\u1ee5ng n\u0103ng l\u01b0\u1ee3ng nhi\u1ec7t. H\u01a1n n\u1eefa, n\u00f3 \u00e1p d\u1ee5ng c\u1ea5u tr\u00fac truy\u1ec1n d\u1eabn ki\u1ec3u t\u1ea5m x\u00edch, s\u1ebd kh\u00f4ng b\u1ecb bi\u1ebfn d\u1ea1ng trong m\u00f4i tr\u01b0\u1eddng s\u1ea5y \u1ea9m cao. Thi\u1ebft k\u1ebf n\u00e0y kh\u00f4ng ch\u1ec9 tr\u00e1nh \u0111\u01b0\u1ee3c t\u00e1c \u0111\u1ed9ng c\u1ee7a v\u1eadt li\u1ec7u. V\u00e0 ch\u1ea5t l\u01b0\u1ee3ng c\u1ee7a than sau khi s\u1ea5y l\u00e0 \u0111\u1eb7c bi\u1ec7t t\u1ed1t.<\/p> <\/div>    <div class=\"wp-block-column is-layout-flow wp-block-column-is-layout-flow\"><\/div>    <div class=\"wp-block-column is-layout-flow wp-block-column-is-layout-flow\" style=\"flex-basis:66.66%\"> <figure class=\"wp-block-gallery has-nested-images columns-default is-cropped wp-block-gallery-4 is-layout-flex wp-block-gallery-is-layout-flex\"> <figure class=\"wp-block-image size-large\"><img loading=\"lazy\" decoding=\"async\" width=\"720\" height=\"540\" data-id=\"2847\" src=\"https:\/\/charcoalplant.com\/wp-content\/uploads\/2022\/03\/coal-drying-machine.jpg\" alt=\"\" class=\"wp-image-2847\"\/><\/figure> <\/figure> <\/div> <\/div>    <h3 class=\"wp-block-heading\"><strong>M\u00e1y \u0111\u00f3ng g\u00f3i than BBQ<\/strong><\/h3>    <p>D\u00e2y chuy\u1ec1n s\u1ea3n xu\u1ea5t than b\u00e1nh c\u00f3 th\u1ec3 \u0111\u01b0\u1ee3c \u0111\u00f3ng g\u00f3i b\u1eb1ng m\u00e1y h\u00e0n k\u00edn than. Quy c\u00e1ch \u0111\u00f3ng g\u00f3i ph\u1ed5 bi\u1ebfn tr\u00ean th\u1ecb tr\u01b0\u1eddng l\u00e0 5kg, 10kg, 15kg v\u00e0 50kg. V\u00ec l\u00e0 h\u1ec7 th\u1ed1ng CNC n\u00ean tr\u1ecdng l\u01b0\u1ee3ng c\u1ee7a g\u00f3i h\u00e0ng c\u00f3 th\u1ec3 \u0111i\u1ec1u ch\u1ec9nh \u0111\u01b0\u1ee3c. L\u00e0 nh\u00e0 s\u1ea3n xu\u1ea5t h\u00e0ng \u0111\u1ea7u, ch\u00fang t\u00f4i c\u00f3 th\u1ec3 cung c\u1ea5p cho kh\u00e1ch h\u00e0ng m\u1ed9t nh\u00e0 m\u00e1y thi\u1ebft k\u1ebf t\u00fai \u0111\u00f3ng g\u00f3i than n\u01b0\u1edbng.<\/p>    <figure class=\"wp-block-gallery has-nested-images columns-default is-cropped wp-block-gallery-5 is-layout-flex wp-block-gallery-is-layout-flex\"> <figure class=\"wp-block-image size-large\"><img loading=\"lazy\" decoding=\"async\" width=\"720\" height=\"540\" data-id=\"2851\" src=\"https:\/\/charcoalplant.com\/wp-content\/uploads\/2022\/03\/BBQ-coal-production-line-for-sale.jpg\" alt=\"D\u00e2y chuy\u1ec1n s\u1ea3n xu\u1ea5t than BBQ \u0111\u1ec3 b\u00e1n\" class=\"wp-image-2851\"\/><figcaption class=\"wp-element-caption\">m\u00e1y \u0111\u00f3ng g\u00f3i than bbq<\/figcaption><\/figure>    <figure class=\"wp-block-image size-large\"><img loading=\"lazy\" decoding=\"async\" width=\"720\" height=\"540\" data-id=\"2850\" src=\"https:\/\/charcoalplant.com\/wp-content\/uploads\/2022\/03\/bagged-charcoal-.jpg\" alt=\"than \u0111\u00f3ng t\u00fai\" class=\"wp-image-2850\"\/><figcaption class=\"wp-element-caption\">than \u0111\u00f3ng t\u00fai<\/figcaption><\/figure> <\/figure>    <h2 class=\"wp-block-heading\" id=\"h-why-is-the-bbq-coal-production-line-profitable\"><strong>T\u1ea1i sao d\u00e2y chuy\u1ec1n s\u1ea3n xu\u1ea5t than bbq c\u00f3 l\u1ee3i nhu\u1eadn?<\/strong><strong><\/strong><\/h2>    <p>V\u1edbi s\u1ef1 ph\u00e1t tri\u1ec3n nhanh ch\u00f3ng c\u1ee7a khoa h\u1ecdc c\u00f4ng ngh\u1ec7, d\u00e2y chuy\u1ec1n s\u1ea3n xu\u1ea5t than b\u00e1nh c\u0169ng b\u1eaft tay v\u00e0o con \u0111\u01b0\u1eddng t\u1ef1 \u0111\u1ed9ng h\u00f3a. H\u01a1n n\u1eefa, vi\u1ec7c l\u1eafp \u0111\u1eb7t v\u00e0 v\u1eadn h\u00e0nh thi\u1ebft b\u1ecb s\u1ebd c\u00f3 s\u1ef1 h\u01b0\u1edbng d\u1eabn k\u1ef9 thu\u1eadt t\u1eeb nh\u00e2n vi\u00ean nh\u00e0 m\u00e1y. \u1ede giai \u0111o\u1ea1n sau, b\u1ed1n ho\u1eb7c n\u0103m ng\u01b0\u1eddi tr\u00ean d\u00e2y chuy\u1ec1n s\u1ea3n xu\u1ea5t d\u00e0i v\u00e0i tr\u0103m m\u00e9t trong to\u00e0n b\u1ed9 qu\u00e1 tr\u00ecnh \u0111\u00f3ng b\u00e1nh \u0111\u1ec1u c\u00f3 \u0111\u1ee7 n\u0103ng l\u1ef1c. D\u00e2y chuy\u1ec1n s\u1ea3n xu\u1ea5t than n\u01b0\u1edbng ho\u00e0n to\u00e0n t\u1ef1 \u0111\u1ed9ng c\u00f3 th\u1ec3 gi\u1ea3m r\u1ea5t nhi\u1ec1u lao \u0111\u1ed9ng v\u00e0 n\u00e2ng cao hi\u1ec7u qu\u1ea3 c\u00f4ng vi\u1ec7c. V\u00ec v\u1eady, chi ph\u00ed ho\u1ea1t \u0111\u1ed9ng c\u1ee7a doanh nghi\u1ec7p gi\u1ea3m \u0111i r\u1ea5t nhi\u1ec1u.<\/p>    <figure class=\"wp-block-gallery has-nested-images columns-default is-cropped wp-block-gallery-6 is-layout-flex wp-block-gallery-is-layout-flex\"> <figure class=\"wp-block-image size-large\"><img loading=\"lazy\" decoding=\"async\" width=\"1024\" height=\"768\" data-id=\"2855\" src=\"https:\/\/charcoalplant.com\/wp-content\/uploads\/2022\/03\/application-of-bbq-coal.png\" alt=\"\u1ee9ng d\u1ee5ng c\u1ee7a than-bbq\" class=\"wp-image-2855\"\/><figcaption class=\"wp-element-caption\">\u1ee9ng d\u1ee5ng c\u1ee7a than-bbq<\/figcaption><\/figure>    <figure class=\"wp-block-image size-large\"><img loading=\"lazy\" decoding=\"async\" width=\"720\" height=\"540\" data-id=\"2854\" src=\"https:\/\/charcoalplant.com\/wp-content\/uploads\/2022\/03\/bbq-fule.jpg\" alt=\"bbq \u0111\u1ea7y \u0111\u1ee7\" class=\"wp-image-2854\"\/><figcaption class=\"wp-element-caption\">bbq \u0111\u1ea7y \u0111\u1ee7<\/figcaption><\/figure> <\/figure>    <h2 class=\"wp-block-heading\" id=\"h-coal-briquettes-machine-plant-for-sale\">th\u1ecbt n\u01b0\u1edbng <strong>d\u00e2y chuy\u1ec1n s\u1ea3n xu\u1ea5t than \u0111\u1ec3 b\u00e1n<\/strong><\/h2>    <p class=\"translation-block\">Ch\u00fang t\u00f4i l\u00e0 m\u1ed9t nh\u00e0 s\u1ea3n xu\u1ea5t chuy\u00ean v\u1ec1 t\u1ea5t c\u1ea3 c\u00e1c lo\u1ea1i d\u00e2y chuy\u1ec1n s\u1ea3n xu\u1ea5t m\u00e1y than. Ch\u00fang t\u00f4i b\u00e1n <strong><a href=\"https:\/\/charcoalplant.com\/vi\/briquettes-packing-machine\/charcoal-briquettes-packing-machine\/\">m\u00e1y \u0111\u00f3ng g\u00f3i than hookah<\/a><\/strong>, m\u00e1y nghi\u1ec1n b\u1ed9t than, <strong><a href=\"https:\/\/charcoalplant.com\/vi\/grinder-and-mixer\/charcoal-shredder\/\">m\u00e1y nghi\u1ec1n than<\/a><\/strong> v\u00e0 c\u00e1c thi\u1ebft b\u1ecb kh\u00e1c. Nh\u00e0 m\u00e1y c\u1ee7a ch\u00fang t\u00f4i c\u0169ng cung c\u1ea5p d\u1ecbch v\u1ee5 t\u00f9y ch\u1ec9nh m\u00e1y v\u00e0 k\u1ebf ho\u1ea1ch gi\u1ea3i ph\u00e1p d\u00e2y chuy\u1ec1n s\u1ea3n xu\u1ea5t mi\u1ec5n ph\u00ed cho b\u1ea1n. V\u00e0, h\u00e3y li\u00ean h\u1ec7 v\u1edbi ch\u00fang t\u00f4i ngay b\u00e2y gi\u1edd, b\u1ea1n s\u1ebd nh\u1eadn \u0111\u01b0\u1ee3c nhi\u1ec1u d\u1ecbch v\u1ee5 h\u01a1n, ch\u1eb3ng h\u1ea1n nh\u01b0 gi\u00e1 s\u1ea3n ph\u1ea9m, h\u00ecnh \u1ea3nh, video s\u1ea3n xu\u1ea5t, v.v.<\/p>    <figure class=\"wp-block-gallery has-nested-images columns-2 is-cropped wp-block-gallery-7 is-layout-flex wp-block-gallery-is-layout-flex\"> <figure class=\"wp-block-image size-full\"><img loading=\"lazy\" decoding=\"async\" width=\"720\" height=\"540\" data-id=\"2857\" src=\"https:\/\/charcoalplant.com\/wp-content\/uploads\/2022\/03\/coal-press-ball-machine-for-sale.jpg\" alt=\"C\u1ea7n b\u00e1n m\u00e1y \u00e9p than\" class=\"wp-image-2857\"\/><figcaption class=\"wp-element-caption\">C\u1ea7n b\u00e1n m\u00e1y \u00e9p than<\/figcaption><\/figure>    <figure class=\"wp-block-image size-large\"><img loading=\"lazy\" decoding=\"async\" width=\"720\" height=\"540\" data-id=\"2858\" src=\"https:\/\/charcoalplant.com\/wp-content\/uploads\/2022\/03\/bbq-coal-production-line-show.jpg\" alt=\"Tri\u1ec3n l\u00e3m d\u00e2y chuy\u1ec1n s\u1ea3n xu\u1ea5t than bbq\" class=\"wp-image-2858\"\/><figcaption class=\"wp-element-caption\">Tri\u1ec3n l\u00e3m d\u00e2y chuy\u1ec1n s\u1ea3n xu\u1ea5t than bbq<\/figcaption><\/figure>    <figure class=\"wp-block-image size-large\"><img loading=\"lazy\" decoding=\"async\" width=\"720\" height=\"540\" data-id=\"2859\" src=\"https:\/\/charcoalplant.com\/wp-content\/uploads\/2022\/03\/coal-briquette-machine-plant-shipping.jpg\" alt=\"nh\u00e0 m\u00e1y v\u1eadn chuy\u1ec3n than b\u00e1nh than\" class=\"wp-image-2859\"\/><figcaption class=\"wp-element-caption\">nh\u00e0 m\u00e1y v\u1eadn chuy\u1ec3n than b\u00e1nh than<\/figcaption><\/figure>    <figure class=\"wp-block-image size-large\"><img loading=\"lazy\" decoding=\"async\" width=\"720\" height=\"540\" data-id=\"2860\" src=\"https:\/\/charcoalplant.com\/wp-content\/uploads\/2022\/03\/shippment-1.jpg\" alt=\"chuy\u1ebfn h\u00e0ng\" class=\"wp-image-2860\"\/><figcaption class=\"wp-element-caption\">chuy\u1ebfn h\u00e0ng<\/figcaption><\/figure> <\/figure>","protected":false},"excerpt":{"rendered":"<p>BBQ coal production line is a professional tool for coal briquette making. Moreover, it can not only be made into balls, but also into the pillow, bread, and oval shapes to meet customer needs. Because barbecue coal replaces traditional biomass fuel and raw coal, it is an effective way to achieve energy-saving and emission reduction. [&hellip;]<\/p>\n","protected":false},"author":1,"featured_media":1978,"parent":0,"template":"","tags":[59],"product-type":[53],"class_list":["post-1976","product","type-product","status-publish","has-post-thumbnail","hentry","tag-charcoal-briquetting-machine","product-type-product-line"],"_links":{"self":[{"href":"https:\/\/charcoalplant.com\/vi\/wp-json\/wp\/v2\/product\/1976","targetHints":{"allow":["GET"]}}],"collection":[{"href":"https:\/\/charcoalplant.com\/vi\/wp-json\/wp\/v2\/product"}],"about":[{"href":"https:\/\/charcoalplant.com\/vi\/wp-json\/wp\/v2\/types\/product"}],"author":[{"embeddable":true,"href":"https:\/\/charcoalplant.com\/vi\/wp-json\/wp\/v2\/users\/1"}],"wp:featuredmedia":[{"embeddable":true,"href":"https:\/\/charcoalplant.com\/vi\/wp-json\/wp\/v2\/media\/1978"}],"wp:attachment":[{"href":"https:\/\/charcoalplant.com\/vi\/wp-json\/wp\/v2\/media?parent=1976"}],"wp:term":[{"taxonomy":"post_tag","embeddable":true,"href":"https:\/\/charcoalplant.com\/vi\/wp-json\/wp\/v2\/tags?post=1976"},{"taxonomy":"product-type","embeddable":true,"href":"https:\/\/charcoalplant.com\/vi\/wp-json\/wp\/v2\/product-type?post=1976"}],"curies":[{"name":"wp","href":"https:\/\/api.w.org\/{rel}","templated":true}]}}