{"id":1994,"date":"2022-01-17T09:13:40","date_gmt":"2022-01-17T09:13:40","guid":{"rendered":"https:\/\/charcoalplant.com\/?page_id=1994"},"modified":"2023-01-13T11:50:46","modified_gmt":"2023-01-13T03:50:46","slug":"coconut-charcoal-briquette-plant","status":"publish","type":"product","link":"https:\/\/charcoalplant.com\/vi\/coconut-charcoal-briquette-plant\/","title":{"rendered":"Nh\u00e0 m\u00e1y than b\u00e1nh d\u1eeba"},"content":{"rendered":"<div class=\"kk-star-ratings kksr-auto kksr-align-left kksr-valign-top\"     data-payload='{&quot;align&quot;:&quot;left&quot;,&quot;id&quot;:&quot;1994&quot;,&quot;slug&quot;:&quot;default&quot;,&quot;valign&quot;:&quot;top&quot;,&quot;ignore&quot;:&quot;&quot;,&quot;reference&quot;:&quot;auto&quot;,&quot;class&quot;:&quot;&quot;,&quot;count&quot;:&quot;20&quot;,&quot;legendonly&quot;:&quot;&quot;,&quot;readonly&quot;:&quot;&quot;,&quot;score&quot;:&quot;4.3&quot;,&quot;starsonly&quot;:&quot;&quot;,&quot;best&quot;:&quot;5&quot;,&quot;gap&quot;:&quot;5&quot;,&quot;greet&quot;:&quot;Rate this product&quot;,&quot;legend&quot;:&quot;4.3\\\/5 - (20 b\u00ecnh ch\u1ecdn)&quot;,&quot;size&quot;:&quot;24&quot;,&quot;title&quot;:&quot;Coconut Charcoal Briquette Plant&quot;,&quot;width&quot;:&quot;122.2&quot;,&quot;_legend&quot;:&quot;{score}\\\/{best} - ({count} {votes})&quot;,&quot;font_factor&quot;:&quot;1.25&quot;}'>              <div class=\"kksr-stars\">      <div class=\"kksr-stars-inactive\">             <div class=\"kksr-star\" data-star=\"1\" style=\"padding-right: 5px\">               <div class=\"kksr-icon\" style=\"width: 24px; height: 24px;\"><\/div>         <\/div>             <div class=\"kksr-star\" data-star=\"2\" style=\"padding-right: 5px\">               <div class=\"kksr-icon\" style=\"width: 24px; height: 24px;\"><\/div>         <\/div>             <div class=\"kksr-star\" data-star=\"3\" style=\"padding-right: 5px\">               <div class=\"kksr-icon\" style=\"width: 24px; height: 24px;\"><\/div>         <\/div>             <div class=\"kksr-star\" data-star=\"4\" style=\"padding-right: 5px\">               <div class=\"kksr-icon\" style=\"width: 24px; height: 24px;\"><\/div>         <\/div>             <div class=\"kksr-star\" data-star=\"5\" style=\"padding-right: 5px\">               <div class=\"kksr-icon\" style=\"width: 24px; height: 24px;\"><\/div>         <\/div>     <\/div>      <div class=\"kksr-stars-active\" style=\"width: 122.2px;\">             <div class=\"kksr-star\" style=\"padding-right: 5px\">               <div class=\"kksr-icon\" style=\"width: 24px; height: 24px;\"><\/div>         <\/div>             <div class=\"kksr-star\" style=\"padding-right: 5px\">               <div class=\"kksr-icon\" style=\"width: 24px; height: 24px;\"><\/div>         <\/div>             <div class=\"kksr-star\" style=\"padding-right: 5px\">               <div class=\"kksr-icon\" style=\"width: 24px; height: 24px;\"><\/div>         <\/div>             <div class=\"kksr-star\" style=\"padding-right: 5px\">               <div class=\"kksr-icon\" style=\"width: 24px; height: 24px;\"><\/div>         <\/div>             <div class=\"kksr-star\" style=\"padding-right: 5px\">               <div class=\"kksr-icon\" style=\"width: 24px; height: 24px;\"><\/div>         <\/div>     <\/div> <\/div>                   <div class=\"kksr-legend\" style=\"font-size: 19.2px;\">             4.3\/5 - (20 l\u01b0\u1ee3t b\u00ecnh ch\u1ecdn)    <\/div>     <\/div>  <p class=\"translation-block\">Nh\u00e0 m\u00e1y s\u1ea3n xu\u1ea5t than g\u00e1o d\u1eeba l\u00e0 m\u1ed9t c\u01a1 s\u1edf s\u1ea3n xu\u1ea5t than n\u00e9n th\u00e2n thi\u1ec7n v\u1edbi m\u00f4i tr\u01b0\u1eddng l\u00e0m t\u1eeb g\u00e1o d\u1eeba. Trong \u0111\u00f3, m\u00e1y \u00e9p than g\u00e1o d\u1eeba l\u00e0 thi\u1ebft b\u1ecb t\u1ea1o h\u00ecnh trong d\u00e2y chuy\u1ec1n s\u1ea3n xu\u1ea5t. N\u00f3 c\u00f3 th\u1ec3 \u00e9p t\u1ea5t c\u1ea3 c\u00e1c lo\u1ea1i v\u1eadt li\u1ec7u d\u1ea1ng b\u1ed9t th\u00e0nh kh\u1ed1i. Ph\u1ed5 bi\u1ebfn nh\u1ea5t l\u00e0, v\u00ed d\u1ee5, \u00e9p b\u1ed9t than, \u00e9p b\u1ed9t qu\u1eb7ng, \u00e9p th\u1ea1ch cao kh\u1eed l\u01b0u hu\u1ef3nh, \u00e9p b\u1ed9t c\u1ed1c, m\u1ea1t s\u1eaft, \u00e9p x\u1ec9 kim lo\u1ea1i c\u00e1c lo\u1ea1i, v.v. D\u00e2y chuy\u1ec1n s\u1ea3n xu\u1ea5t than g\u00e1o d\u1eeba c\u00f3 c\u00e1c \u0111\u1eb7c \u0111i\u1ec3m v\u1eadn h\u00e0nh d\u1ec5 d\u00e0ng, chi ph\u00ed th\u1ea5p v\u00e0 l\u1ee3i nhu\u1eadn cao. N\u1ebfu b\u1ea1n quan t\u00e2m \u0111\u1ebfn d\u1ef1 \u00e1n n\u00e0y, vui l\u00f2ng li\u00ean h\u1ec7 v\u1edbi ch\u00fang t\u00f4i v\u00e0 ch\u00fang t\u00f4i s\u1ebd c\u1ed1 g\u1eafng h\u1ebft s\u1ee9c \u0111\u1ec3 th\u00fac \u0111\u1ea9y vi\u1ec7c kinh doanh than c\u1ee7a b\u1ea1n. <\/p>    <h2 class=\"wp-block-heading\">Nguy\u00ean li\u1ec7u c\u1ee7a d\u00e2y chuy\u1ec1n s\u1ea3n xu\u1ea5t than b\u00e1nh than<\/h2>    <p class=\"translation-block\">Nguy\u00ean li\u1ec7u c\u1ee7a m\u00e1y \u00e9p than c\u00f3 th\u1ec3 l\u00e0 b\u1ed9t g\u00e1o d\u1eeba, b\u1ed9t m\u00f9n c\u01b0a, b\u1ed9t tr\u1ea5u, b\u1ed9t than, v.v. Ph\u1ebf li\u1ec7u \u0111\u1ec1 c\u1eadp \u0111\u1ebfn qu\u1eb7ng v\u00e0 c\u00e1c v\u1eadt li\u1ec7u x\u00fac t\u00e1c kh\u00e1c \u0111\u01b0\u1ee3c th\u00eam v\u00e0o l\u00f2 n\u1ea5u ch\u1ea3y. Qu\u1eb7ng s\u1eaft, ph\u00f4i th\u00e9p, gang, c\u00f4ng ty s\u1eaft ph\u1ebf li\u1ec7u t\u00e1i ch\u1ebf, s\u1eaft th\u00e9p ph\u1ebf li\u1ec7u, tinh qu\u1eb7ng, than c\u1ed1c, than c\u1ed1c v\u00e0 h\u1ee3p kim ferro \u0111\u1ec1u thu\u1ed9c ph\u1ebf li\u1ec7u.<\/p>    <figure class=\"wp-block-image aligncenter size-full\"><img loading=\"lazy\" decoding=\"async\" width=\"993\" height=\"205\" src=\"https:\/\/charcoalplant.com\/wp-content\/uploads\/2022\/01\/raw-materials-1.jpg\" alt=\"b\u1ed9t d\u1eeba nh\u00e0 m\u00e1y nguy\u00ean li\u1ec7u-1\" class=\"wp-image-2005\"\/><\/figure>    <h2 class=\"wp-block-heading\" id=\"h-equipment-types-of-coconut-charcoal-briquette-plant\">C\u00e1c b\u1ed9 ph\u1eadn ch\u00ednh c\u1ee7a nh\u00e0 m\u00e1y s\u1ea3n xu\u1ea5t than b\u00e1nh d\u1eeba<\/h2>    <p class=\"translation-block\">D\u00e2y chuy\u1ec1n s\u1ea3n xu\u1ea5t than g\u00e1o d\u1eeba bao g\u1ed3m m\u00e1y nghi\u1ec1n b\u00faa, ph\u1ec5u ch\u1ee9a, m\u00e1y nghi\u1ec1n b\u00e1nh xe b\u1ed9t than, ph\u1ec5u ph\u00e2n ph\u1ed1i, m\u00e1y \u00e9p than n\u00e9n, m\u00e1y s\u1ea5y b\u0103ng l\u01b0\u1edbi li\u00ean t\u1ee5c, m\u00e1y \u0111\u00f3ng g\u00f3i. Ngo\u00e0i ra, thi\u1ebft b\u1ecb v\u1eadn chuy\u1ec3n trung gian c\u0169ng r\u1ea5t c\u1ea7n thi\u1ebft. D\u01b0\u1edbi \u0111\u00e2y t\u00f4i s\u1ebd t\u1eadp trung v\u00e0o m\u00e1y nghi\u1ec1n b\u00e1nh xe b\u1ed9t than, m\u00e1y \u00e9p than n\u00e9n v\u00e0 m\u00e1y s\u1ea5y. V\u00ec ch\u00fang l\u00e0 y\u1ebfu t\u1ed1 quan tr\u1ecdng \u1ea3nh h\u01b0\u1edfng \u0111\u1ebfn ch\u1ea5t l\u01b0\u1ee3ng c\u1ee7a vi\u00ean than.<\/p>    <figure class=\"wp-block-image aligncenter size-full\"><img loading=\"lazy\" decoding=\"async\" width=\"720\" height=\"540\" src=\"https:\/\/charcoalplant.com\/wp-content\/uploads\/2022\/03\/Coconut-Charcoal-Briquette-Plant-3D-show.jpg\" alt=\"nh\u00e0 m\u00e1y s\u1ea3n xu\u1ea5t than c\u1ee7i d\u1eeba tr\u00ecnh di\u1ec5n 3D\" class=\"wp-image-2882\"\/><figcaption class=\"wp-element-caption\">nh\u00e0 m\u00e1y s\u1ea3n xu\u1ea5t than c\u1ee7i d\u1eeba tr\u00ecnh di\u1ec5n 3D<\/figcaption><\/figure>    <div class=\"wp-block-columns has-background is-layout-flex wp-container-core-columns-is-layout-28f84493 wp-block-columns-is-layout-flex\" style=\"background-color:#f1f1f1\"> <div class=\"wp-block-column is-vertically-aligned-center is-layout-flow wp-block-column-is-layout-flow\" style=\"flex-basis:33.33%\"> <p><strong><a href=\"https:\/\/charcoalplant.com\/vi\/product\/charcoal-powder-mixer\/\">M\u00e1y tr\u1ed9n b\u1ed9t than d\u1eeba<\/a><\/strong><\/p>    <p>N\u00f3i chung, than c\u00f3 th\u1ec3 thu \u0111\u01b0\u1ee3c kho\u1ea3ng 3 mm b\u1ed9t carbon sau khi \u0111i qua m\u00e1y nghi\u1ec1n b\u00faa. Tuy nhi\u00ean, \u0111\u1ed9 m\u1ecbn c\u1ee7a b\u1ed9t carbon c\u00e0ng cao th\u00ec hi\u1ec7u qu\u1ea3 t\u1ea1o h\u00ecnh c\u1ee7a than b\u00e1nh d\u1eeba c\u00e0ng t\u1ed1t. V\u00ec v\u1eady, m\u1ed9t m\u1eb7t, vi\u1ec7c s\u1eed d\u1ee5ng m\u00e1y nghi\u1ec1n b\u00e1nh xe b\u1ee5i than c\u00f3 th\u1ec3 l\u00e0m cho v\u1eadt li\u1ec7u tr\u1edf n\u00ean tinh t\u1ebf h\u01a1n v\u00e0 gi\u00fap t\u1ea1o h\u00ecnh. M\u1eb7t kh\u00e1c, sau khi b\u1ed9t carbon, ch\u1ea5t k\u1ebft d\u00ednh v\u00e0 n\u01b0\u1edbc \u0111\u01b0\u1ee3c khu\u1ea5y b\u1eb1ng c\u00e1ch l\u0103n, v\u1eadt li\u1ec7u c\u00f3 th\u1ec3 kh\u00f3a n\u01b0\u1edbc ho\u00e0n to\u00e0n v\u00e0 c\u1ea3i thi\u1ec7n \u0111\u1ed9 nh\u1edbt b\u00ean trong c\u1ee7a ph\u00e2n t\u1eed.<\/p> <\/div>    <div class=\"wp-block-column is-layout-flow wp-block-column-is-layout-flow\" style=\"flex-basis:66.66%\"> <figure class=\"wp-block-gallery has-nested-images columns-default is-cropped wp-block-gallery-2 is-layout-flex wp-block-gallery-is-layout-flex\"> <figure class=\"wp-block-image size-large\"><img loading=\"lazy\" decoding=\"async\" width=\"720\" height=\"540\" data-id=\"1534\" src=\"https:\/\/charcoalplant.com\/wp-content\/uploads\/2021\/12\/charcoal-powder-mixer-plant-2.jpg\" alt=\"nh\u00e0 m\u00e1y tr\u1ed9n b\u1ed9t than\" class=\"wp-image-1534\" srcset=\"https:\/\/charcoalplant.com\/wp-content\/uploads\/2021\/12\/charcoal-powder-mixer-plant-2.jpg 720w, https:\/\/charcoalplant.com\/wp-content\/uploads\/2021\/12\/charcoal-powder-mixer-plant-2-300x225.jpg 300w\" sizes=\"auto, (max-width: 720px) 100vw, 720px\" \/><figcaption class=\"wp-element-caption\">nh\u00e0 m\u00e1y tr\u1ed9n b\u1ed9t than<\/figcaption><\/figure> <\/figure> <\/div> <\/div>    <div class=\"wp-block-columns has-background is-layout-flex wp-container-core-columns-is-layout-28f84493 wp-block-columns-is-layout-flex\" style=\"background-color:#f1f1f1\"> <div class=\"wp-block-column is-layout-flow wp-block-column-is-layout-flow\" style=\"flex-basis:66.66%\"> <figure class=\"wp-block-gallery has-nested-images columns-default is-cropped wp-block-gallery-3 is-layout-flex wp-block-gallery-is-layout-flex\"> <figure class=\"wp-block-image size-large\"><img loading=\"lazy\" decoding=\"async\" width=\"720\" height=\"540\" data-id=\"1982\" src=\"https:\/\/charcoalplant.com\/wp-content\/uploads\/2022\/01\/charcoal-ball-press-machine-manufacturer.jpg\" alt=\"nh\u00e0 s\u1ea3n xu\u1ea5t m\u00e1y \u00e9p than-b\u00f3ng-b\u00f3ng\" class=\"wp-image-1982\"\/><figcaption class=\"wp-element-caption\">nh\u00e0 s\u1ea3n xu\u1ea5t m\u00e1y \u00e9p than-b\u00f3ng-b\u00f3ng<\/figcaption><\/figure> <\/figure> <\/div>    <div class=\"wp-block-column is-vertically-aligned-center is-layout-flow wp-block-column-is-layout-flow\" style=\"flex-basis:33.33%\"> <p><strong><a href=\"https:\/\/charcoalplant.com\/vi\/product\/charcoal-ball-press-machine\/\">M\u00e1y \u00e9p than<\/a><\/strong><\/p>    <p>M\u00e1y t\u1ea1o b\u1ed9t than d\u1eeba l\u00e0 thi\u1ebft b\u1ecb c\u1ed1t l\u00f5i trong to\u00e0n b\u1ed9 d\u00e2y chuy\u1ec1n s\u1ea3n xu\u1ea5t. N\u00f3 s\u1eed d\u1ee5ng nguy\u00ean l\u00fd chuy\u1ec3n \u0111\u1ed9ng t\u01b0\u01a1ng \u0111\u1ed1i c\u1ee7a c\u00e1c con l\u0103n \u0111\u1ec3 \u0111\u00f9n nguy\u00ean li\u1ec7u th\u00f4. Ngo\u00e0i ra, \u0111\u01b0\u1eddng k\u00ednh cu\u1ed9n v\u00e0 lo\u1ea1i da cu\u1ed9n c\u00f3 th\u1ec3 \u0111\u01b0\u1ee3c t\u00f9y ch\u1ec9nh. Than b\u00e1nh h\u00ecnh th\u00e0nh c\u00f3 th\u1ec3 \u0111\u01b0\u1ee3c thu th\u1eadp v\u00e0 s\u1ea5y kh\u00f4 tr\u1ef1c ti\u1ebfp tr\u00ean b\u0103ng chuy\u1ec1n \u1edf ph\u1ea7n d\u01b0\u1edbi c\u1ee7a m\u00e1y.<\/p> <\/div> <\/div>    <h3 class=\"wp-block-heading\" id=\"h-mesh-belt-dryer-for-shaped-charcoal-plant\">M\u00e1y s\u1ea5y \u0111ai l\u01b0\u1edbi cho nh\u00e0 m\u00e1y than \u0111\u1ecbnh h\u00ecnh<\/h3>    <p class=\"translation-block\">Do h\u00e0m l\u01b0\u1ee3ng n\u01b0\u1edbc cao c\u1ee7a vi\u00ean than n\u00e9n v\u1eeba \u0111\u01b0\u1ee3c s\u1ea3n xu\u1ea5t, n\u00f3 kh\u00f4ng th\u1ec3 \u0111\u00e1p \u1ee9ng c\u00e1c y\u00eau c\u1ea7u s\u1eed d\u1ee5ng. Do \u0111\u00f3, ch\u00fang t\u00f4i khuy\u00ean d\u00f9ng m\u00e1y s\u1ea5y b\u0103ng l\u01b0\u1edbi \u0111\u1ec3 s\u1ea5y kh\u00f4. M\u00e1y s\u1ea5y b\u0103ng l\u01b0\u1edbi s\u1eed d\u1ee5ng b\u0103ng t\u1ea3i l\u01b0\u1edbi kim lo\u1ea1i \u0111\u1ec3 \u0111\u1ea1t \u0111\u01b0\u1ee3c qu\u00e1 tr\u00ecnh s\u1ea5y kh\u00f4 to\u00e0n di\u1ec7n vi\u00ean than. H\u01a1n n\u1eefa, b\u0103ng l\u01b0\u1edbi nhi\u1ec1u l\u1edbp \u0111\u01b0\u1ee3c lu\u00e2n chuy\u1ec3n s\u1ea5y kh\u00f4 qua l\u1ea1i \u0111\u1ec3 \u0111\u1ea1t \u0111\u01b0\u1ee3c ho\u1ea1t \u0111\u1ed9ng li\u00ean t\u1ee5c 24 gi\u1edd.<\/p>    <figure class=\"wp-block-image aligncenter size-full\"><img loading=\"lazy\" decoding=\"async\" width=\"720\" height=\"540\" src=\"https:\/\/charcoalplant.com\/wp-content\/uploads\/2022\/03\/belt-drying-machine.jpg\" alt=\"\" class=\"wp-image-2883\"\/><\/figure>    <h2 class=\"wp-block-heading\">\u1ee8ng d\u1ee5ng v\u00e0 l\u1ee3i \u00edch c\u1ee7a than d\u1eeba<\/h2>    <p>Than d\u1eeba hay c\u00f2n g\u1ecdi l\u00e0 than g\u00e1o d\u1eeba c\u00f3 r\u1ea5t nhi\u1ec1u \u1ee9ng d\u1ee5ng v\u00e0 l\u1ee3i \u00edch. M\u1ed9t s\u1ed1 \u0111i\u1ec1u \u0111\u00e1ng ch\u00fa \u00fd nh\u1ea5t bao g\u1ed3m:<\/p>    <ol class=\"wp-block-list\"> <li><strong>Nhi\u00ean li\u1ec7u n\u01b0\u1edbng:<\/strong> Than d\u1eeba l\u00e0 lo\u1ea1i nhi\u00ean li\u1ec7u ph\u1ed5 bi\u1ebfn cho c\u00e1c b\u1eefa ti\u1ec7c n\u01b0\u1edbng, n\u01b0\u1edbng v\u00ec c\u00f3 nhi\u1ec7t l\u01b0\u1ee3ng t\u1ecfa ra cao v\u00e0 th\u1eddi gian ch\u00e1y l\u00e2u.<\/li>    <li><strong>L\u1ecdc n\u01b0\u1edbc: <\/strong>Than d\u1eeba th\u01b0\u1eddng \u0111\u01b0\u1ee3c s\u1eed d\u1ee5ng trong c\u00e1c h\u1ec7 th\u1ed1ng l\u1ecdc n\u01b0\u1edbc v\u00ec kh\u1ea3 n\u0103ng lo\u1ea1i b\u1ecf t\u1ea1p ch\u1ea5t v\u00e0 c\u1ea3i thi\u1ec7n m\u00f9i v\u1ecb c\u1ee7a n\u01b0\u1edbc.<\/li>    <li><strong>Thanh l\u1ecdc kh\u00f4ng kh\u00ed: <\/strong>Than d\u1eeba c\u0169ng c\u00f3 th\u1ec3 \u0111\u01b0\u1ee3c s\u1eed d\u1ee5ng trong h\u1ec7 th\u1ed1ng l\u1ecdc kh\u00f4ng kh\u00ed \u0111\u1ec3 lo\u1ea1i b\u1ecf t\u1ea1p ch\u1ea5t v\u00e0 c\u1ea3i thi\u1ec7n ch\u1ea5t l\u01b0\u1ee3ng kh\u00f4ng kh\u00ed.<\/li>    <li><strong>N\u00f4ng nghi\u1ec7p:<\/strong> Than d\u1eeba c\u0169ng \u0111\u01b0\u1ee3c s\u1eed d\u1ee5ng l\u00e0m ch\u1ea5t \u0111i\u1ec1u h\u00f2a \u0111\u1ea5t v\u00e0 ph\u00e2n b\u00f3n v\u00ec n\u00f3 c\u00f3 th\u1ec3 c\u1ea3i thi\u1ec7n c\u1ea5u tr\u00fac \u0111\u1ea5t, s\u1ee5c kh\u00ed v\u00e0 kh\u1ea3 n\u0103ng gi\u1eef n\u01b0\u1edbc.<\/li>    <li><strong>Quy tr\u00ecnh c\u00f4ng nghi\u1ec7p:<\/strong> Than d\u1eeba \u0111\u01b0\u1ee3c s\u1eed d\u1ee5ng trong nhi\u1ec1u quy tr\u00ecnh c\u00f4ng nghi\u1ec7p kh\u00e1c nhau nh\u01b0 luy\u1ec7n kim, c\u00f4ng nghi\u1ec7p h\u00f3a ch\u1ea5t v\u00e0 c\u00f4ng nghi\u1ec7p \u0111\u01b0\u1eddng.<\/li>    <li><strong>Ngu\u1ed3n carbon cho than ho\u1ea1t t\u00ednh:<\/strong> Than d\u1eeba l\u00e0 ngu\u1ed3n than ho\u1ea1t t\u00ednh \u0111\u01b0\u1ee3c s\u1eed d\u1ee5ng \u0111\u1ec3 thanh l\u1ecdc, kh\u1eed caffein, l\u1ecdc kh\u00ed v\u00e0 l\u1ecdc n\u01b0\u1edbc.<\/li>    <li><strong>T\u00e1i t\u1ea1o v\u00e0 b\u1ec1n v\u1eefng:<\/strong> Than d\u1eeba l\u00e0 ngu\u1ed3n nhi\u00ean li\u1ec7u t\u00e1i t\u1ea1o v\u00e0 b\u1ec1n v\u1eefng v\u00ec n\u00f3 \u0111\u01b0\u1ee3c l\u00e0m t\u1eeb ch\u1ea5t th\u1ea3i (v\u1ecf d\u1eeba) v\u00e0 kh\u00f4ng g\u00f3p ph\u1ea7n g\u00e2y ra n\u1ea1n ph\u00e1 r\u1eebng.<\/li>    <li><strong>\u00cdt tro h\u01a1n:<\/strong> Than d\u1eeba c\u00f3 \u00edt tro h\u01a1n so v\u1edbi c\u00e1c lo\u1ea1i than kh\u00e1c n\u00ean s\u1eed d\u1ee5ng s\u1ea1ch h\u01a1n.<\/li>    <li><strong>Th\u00e2n thi\u1ec7n v\u1edbi m\u00f4i tr\u01b0\u1eddng:<\/strong> Than b\u00e1nh d\u1eeba \u0111\u01b0\u1ee3c coi l\u00e0 nhi\u00ean li\u1ec7u th\u00e2n thi\u1ec7n v\u1edbi m\u00f4i tr\u01b0\u1eddng v\u00ec ch\u00fang th\u1ea3i ra \u00edt carbon dioxide, metan v\u00e0 c\u00e1c kh\u00ed nh\u00e0 k\u00ednh kh\u00e1c.<\/li> <\/ol>    <div class=\"wp-block-columns is-layout-flex wp-container-core-columns-is-layout-28f84493 wp-block-columns-is-layout-flex\"> <div class=\"wp-block-column is-layout-flow wp-block-column-is-layout-flow\"> <figure class=\"wp-block-image size-full\"><img loading=\"lazy\" decoding=\"async\" width=\"720\" height=\"540\" src=\"https:\/\/charcoalplant.com\/wp-content\/uploads\/2022\/01\/coconut-shell.jpg\" alt=\"v\u1ecf d\u1eeba\" class=\"wp-image-2089\"\/><figcaption class=\"wp-element-caption\">v\u1ecf d\u1eeba<\/figcaption><\/figure> <\/div>    <div class=\"wp-block-column is-layout-flow wp-block-column-is-layout-flow\"> <figure class=\"wp-block-image size-full\"><img loading=\"lazy\" decoding=\"async\" width=\"720\" height=\"540\" src=\"https:\/\/charcoalplant.com\/wp-content\/uploads\/2022\/02\/coconut-shell-charcoal-briquette.jpg\" alt=\"than g\u00e1o d\u1eeba\" class=\"wp-image-2501\"\/><figcaption class=\"wp-element-caption\">than g\u00e1o d\u1eeba<\/figcaption><\/figure> <\/div> <\/div>    <h2 class=\"wp-block-heading\" id=\"h-mineral-powder-forming-machine-production-line\">M\u00e1y t\u1ea1o b\u1ed9t kho\u00e1ng vs m\u00e1y l\u00e0m b\u00e1nh g\u00e1o d\u1eeba<\/h2>    <p>M\u00e1y \u0111\u00f3ng b\u00e1nh b\u1ed9t kho\u00e1ng l\u00e0 s\u1ef1 chuy\u1ec3n \u0111\u1ed5i tr\u00ean c\u01a1 s\u1edf m\u00e1y \u0111\u00f3ng b\u00e1nh than d\u1eeba. V\u00ec v\u1eady c\u1ea5u tr\u00fac v\u00e0 nguy\u00ean t\u1eafc c\u01a1 b\u1ea3n c\u1ee7a ch\u00fang l\u00e0 gi\u1ed1ng nhau. C\u0169ng trong nh\u00e0 m\u00e1y s\u1ea3n xu\u1ea5t b\u00e1nh b\u1ed9t than, m\u00e1y t\u1ea1o b\u1ed9t than \u0111\u00f3ng vai tr\u00f2 \u0111\u00f9n t\u1ea1o th\u00e0nh b\u1ed9t qu\u1eb7ng. Thi\u1ebft b\u1ecb ch\u00ednh c\u1ee7a d\u00e2y chuy\u1ec1n s\u1ea3n xu\u1ea5t l\u00e0 m\u00e1y nghi\u1ec1n h\u1ed7n h\u1ee3p, m\u00e1y c\u1ea5p li\u1ec7u, m\u00e1y nghi\u1ec1n b\u00e1nh xe, m\u00e1y \u0111\u00f3ng b\u00e1nh b\u1ed9t than v\u00e0 m\u00e1y s\u1ea5y. <\/p>    <ul class=\"wp-block-list\"> <li>Quy tr\u00ecnh s\u1ea3n xu\u1ea5t c\u1ee7a to\u00e0n b\u1ed9 d\u00e2y chuy\u1ec1n s\u1ea3n xu\u1ea5t than b\u00e1nh b\u1ed9t than l\u00e0 m\u00e1y nghi\u1ec1n h\u1ed7n h\u1ee3p \u0111\u1ea7u ti\u00ean nghi\u1ec1n than. <\/li>    <li>Th\u1ee9 hai, b\u1ed9t kho\u00e1ng \u0111\u01b0\u1ee3c \u0111\u01b0a v\u00e0o m\u00e1y tr\u1ed9n b\u1ed9t kho\u00e1ng th\u00f4ng qua m\u00e1y c\u1ea5p li\u1ec7u v\u00e0 tr\u1ed9n \u0111\u1ec1u v\u1edbi ch\u1ea5t k\u1ebft d\u00ednh v\u00e0 n\u01b0\u1edbc. <\/li>    <li>Th\u1ee9 ba, b\u1ed9t kho\u00e1ng \u0111\u00e3 qua ch\u1ebf bi\u1ebfn \u0111\u01b0\u1ee3c \u00e9p th\u00e0nh t\u1eebng vi\u00ean b\u1eb1ng m\u00e1y \u0111\u00f3ng b\u00e1nh b\u1ed9t kho\u00e1ng. <\/li>    <li>Cu\u1ed1i c\u00f9ng, c\u00e1c vi\u00ean b\u1ed9t kho\u00e1ng \u0111\u01b0\u1ee3c s\u1ea5y kh\u00f4 b\u1eb1ng m\u00e1y s\u1ea5y. <\/li> <\/ul>    <div class=\"wp-block-columns is-layout-flex wp-container-core-columns-is-layout-28f84493 wp-block-columns-is-layout-flex\"> <div class=\"wp-block-column is-layout-flow wp-block-column-is-layout-flow\"> <figure class=\"wp-block-image size-full is-style-default\"><img loading=\"lazy\" decoding=\"async\" width=\"720\" height=\"540\" src=\"https:\/\/charcoalplant.com\/wp-content\/uploads\/2022\/01\/mineral-powder-ball-press-machine.jpg\" alt=\"m\u00e1y \u00e9p b\u00f3ng b\u1ed9t kho\u00e1ng\" class=\"wp-image-2004\"\/><figcaption class=\"wp-element-caption\">m\u00e1y \u00e9p b\u00f3ng b\u1ed9t kho\u00e1ng<\/figcaption><\/figure> <\/div>    <div class=\"wp-block-column is-layout-flow wp-block-column-is-layout-flow\"> <figure class=\"wp-block-image size-full\"><img loading=\"lazy\" decoding=\"async\" width=\"720\" height=\"540\" src=\"https:\/\/charcoalplant.com\/wp-content\/uploads\/2022\/01\/mineral-powder-briquettes.jpg\" alt=\"than b\u1ed9t than\" class=\"wp-image-2006\"\/><figcaption class=\"wp-element-caption\">than b\u1ed9t than<\/figcaption><\/figure> <\/div> <\/div>    <h2 class=\"wp-block-heading\">C\u1ea7n b\u00e1n nh\u00e0 m\u00e1y s\u1ea3n xu\u1ea5t than c\u1ee7i d\u1eeba<\/h2>    <p class=\"translation-block\">Shuliy M\u00e1y m\u00f3c s\u1ea3n xu\u1ea5t t\u1ea5t c\u1ea3 c\u00e1c lo\u1ea1i thi\u1ebft b\u1ecb s\u1ea3n xu\u1ea5t than c\u1ee7i. Ngo\u00e0i vi\u1ec7c b\u00e1n d\u00e2y chuy\u1ec1n s\u1ea3n xu\u1ea5t vi\u00ean n\u00e9n b\u1ed9t than, ch\u00fang t\u00f4i c\u0169ng b\u00e1n <strong><a href=\"https:\/\/charcoalplant.com\/vi\/charcoal-making-machine-3\/\">d\u00e2y chuy\u1ec1n s\u1ea3n xu\u1ea5t m\u00e1y than c\u1ee7i<\/a><\/strong>, <strong><a href=\"https:\/\/charcoalplant.com\/vi\/shisha-charcoal-production-line\/\">d\u00e2y chuy\u1ec1n s\u1ea3n xu\u1ea5t than c\u1ee7i shisha<\/a><\/strong>, d\u00e2y chuy\u1ec1n s\u1ea3n xu\u1ea5t than nghi\u1ec1n, v.v. Ch\u00fang t\u00f4i s\u1ebd cung c\u1ea5p cho b\u1ea1n c\u00e1c gi\u1ea3i ph\u00e1p s\u1ea3n xu\u1ea5t ph\u00f9 h\u1ee3p \u0111\u1ec3 mang l\u1ea1i l\u1ee3i \u00edch l\u1edbn cho d\u1ef1 \u00e1n c\u1ee7a b\u1ea1n. Li\u00ean h\u1ec7 v\u1edbi ch\u00fang t\u00f4i \u0111\u1ec3 bi\u1ebft th\u00eam chi ti\u1ebft v\u00e0 gi\u00e1 t\u1ed1t nh\u1ea5t.<\/p>    <figure class=\"wp-block-gallery has-nested-images columns-2 is-cropped wp-block-gallery-4 is-layout-flex wp-block-gallery-is-layout-flex\"> <figure class=\"wp-block-image size-large\"><img loading=\"lazy\" decoding=\"async\" width=\"720\" height=\"540\" data-id=\"2857\" src=\"https:\/\/charcoalplant.com\/wp-content\/uploads\/2022\/03\/coal-press-ball-machine-for-sale.jpg\" alt=\"C\u1ea7n b\u00e1n m\u00e1y \u00e9p than\" class=\"wp-image-2857\"\/><figcaption class=\"wp-element-caption\">C\u1ea7n b\u00e1n m\u00e1y \u00e9p than<\/figcaption><\/figure>    <figure class=\"wp-block-image size-large\"><img loading=\"lazy\" decoding=\"async\" width=\"720\" height=\"540\" data-id=\"2892\" src=\"https:\/\/charcoalplant.com\/wp-content\/uploads\/2022\/03\/carbon-dust-mixing-machine-2.jpg\" alt=\"m\u00e1y tr\u1ed9n b\u1ee5i carbon\" class=\"wp-image-2892\"\/><figcaption class=\"wp-element-caption\">m\u00e1y tr\u1ed9n b\u1ee5i carbon<\/figcaption><\/figure>    <figure class=\"wp-block-image size-large\"><img loading=\"lazy\" decoding=\"async\" width=\"720\" height=\"540\" data-id=\"2893\" src=\"https:\/\/charcoalplant.com\/wp-content\/uploads\/2022\/03\/bbq-coal-production-line-show-1.jpg\" alt=\"Tri\u1ec3n l\u00e3m d\u00e2y chuy\u1ec1n s\u1ea3n xu\u1ea5t than bbq\" class=\"wp-image-2893\"\/><figcaption class=\"wp-element-caption\">Tri\u1ec3n l\u00e3m d\u00e2y chuy\u1ec1n s\u1ea3n xu\u1ea5t than bbq<\/figcaption><\/figure>    <figure class=\"wp-block-image size-large\"><img loading=\"lazy\" decoding=\"async\" width=\"720\" height=\"540\" data-id=\"2895\" src=\"https:\/\/charcoalplant.com\/wp-content\/uploads\/2022\/03\/shippment-2.jpg\" alt=\"chuy\u1ebfn h\u00e0ng\" class=\"wp-image-2895\"\/><figcaption class=\"wp-element-caption\">chuy\u1ebfn h\u00e0ng<\/figcaption><\/figure> <\/figure>    <h2 class=\"wp-block-heading\">C\u00e1ch l\u00e0m than c\u1ee7i d\u1eeba? <\/h2>    <p>\u0110\u1ec3 l\u00e0m than b\u00e1nh than g\u00e1o d\u1eeba, b\u1ea1n s\u1ebd c\u1ea7n g\u00e1o d\u1eeba, m\u00e1y \u00e9p than c\u1ee7i v\u00e0 ch\u1ea5t k\u1ebft d\u00ednh (ch\u1eb3ng h\u1ea1n nh\u01b0 tinh b\u1ed9t ng\u00f4 ho\u1eb7c b\u1ed9t s\u1eafn). D\u01b0\u1edbi \u0111\u00e2y l\u00e0 c\u00e1c b\u01b0\u1edbc c\u01a1 b\u1ea3n \u0111\u1ec3 l\u00e0m than b\u00e1nh:<\/p>    <ol class=\"wp-block-list\"> <li>Nghi\u1ec1n v\u1ecf d\u1eeba th\u00e0nh t\u1eebng mi\u1ebfng nh\u1ecf b\u1eb1ng b\u00faa ho\u1eb7c m\u00e1y.<\/li>    <li>L\u00e0m kh\u00f4 v\u1ecf d\u1eeba d\u01b0\u1edbi \u00e1nh n\u1eafng m\u1eb7t tr\u1eddi ho\u1eb7c trong m\u00e1y kh\u1eed n\u01b0\u1edbc \u0111\u1ec3 lo\u1ea1i b\u1ecf \u0111\u1ed9 \u1ea9m.<\/li>    <li>Nghi\u1ec1n v\u1ecf d\u1eeba kh\u00f4 th\u00e0nh b\u1ed9t m\u1ecbn b\u1eb1ng m\u00e1y xay.<\/li>    <li>Tr\u1ed9n b\u1ed9t g\u00e1o d\u1eeba v\u1edbi m\u1ed9t l\u01b0\u1ee3ng nh\u1ecf ch\u1ea5t k\u1ebft d\u00ednh (kho\u1ea3ng 5% t\u1ed5ng tr\u1ecdng l\u01b0\u1ee3ng c\u1ee7a b\u1ed9t) cho \u0111\u1ebfn khi t\u1ea1o th\u00e0nh m\u1ed9t kh\u1ed1i \u0111\u1eb7c gi\u1ed1ng nh\u01b0 b\u1ed9t nh\u00e0o.<\/li>    <li>D\u00f9ng m\u00e1y \u00e9p b\u00e1nh g\u00e1o d\u1eeba \u0111\u1ec3 \u0111\u1ecbnh h\u00ecnh h\u1ed7n h\u1ee3p th\u00e0nh b\u00e1nh.<\/li>    <li>L\u00e0m kh\u00f4 than b\u00e1nh d\u01b0\u1edbi \u00e1nh n\u1eafng m\u1eb7t tr\u1eddi ho\u1eb7c trong m\u00e1y kh\u1eed n\u01b0\u1edbc cho \u0111\u1ebfn khi ch\u00fang kh\u00f4 ho\u00e0n to\u00e0n.<\/li>    <li>Than b\u00e1nh than g\u00e1o d\u1eeba c\u1ee7a b\u1ea1n b\u00e2y gi\u1edd \u0111\u00e3 s\u1eb5n s\u00e0ng \u0111\u1ec3 s\u1eed d\u1ee5ng.<\/li> <\/ol>    <p>\u0110i\u1ec1u quan tr\u1ecdng c\u1ea7n l\u01b0u \u00fd l\u00e0 s\u1ea3n xu\u1ea5t than l\u00e0 m\u1ed9t qu\u00e1 tr\u00ecnh nguy hi\u1ec3m v\u00e0 c\u1ea7n \u0111\u01b0\u1ee3c th\u1ef1c hi\u1ec7n v\u1edbi c\u00e1c bi\u1ec7n ph\u00e1p ph\u00f2ng ng\u1eeba an to\u00e0n th\u00edch h\u1ee3p v\u00e0 h\u01b0\u1edbng d\u1eabn chuy\u00ean nghi\u1ec7p. Shuliy Machinery l\u00e0 nh\u00e0 s\u1ea3n xu\u1ea5t nh\u00e0 m\u00e1y s\u1ea3n xu\u1ea5t than b\u00e1nh than d\u1eeba v\u1edbi kinh nghi\u1ec7m phong ph\u00fa v\u00e0 n\u0103ng l\u1ef1c m\u1ea1nh m\u1ebd. N\u1ebfu b\u1ea1n mu\u1ed1n b\u1eaft \u0111\u1ea7u kinh doanh s\u1ea3n xu\u1ea5t than d\u1eeba, h\u00e3y li\u00ean h\u1ec7 v\u1edbi ch\u00fang t\u00f4i \u0111\u1ec3 bi\u1ebft th\u00eam chi ti\u1ebft. <\/p>","protected":false},"excerpt":{"rendered":"<p>Coconut charcoal briquette plant is a facility that produces eco-friendly briquettes made from coconut shells. Among them, the coconut shell briquette machine is the forming equipment in the production line. It can press all kinds of powdery materials into blocks. The most common ones are, for example, coal powder molding, ore powder molding, desulfurization gypsum [&hellip;]<\/p>\n","protected":false},"author":1,"featured_media":1996,"parent":0,"template":"","tags":[66],"product-type":[53],"class_list":["post-1994","product","type-product","status-publish","has-post-thumbnail","hentry","tag-biomass-briquette-machine","product-type-product-line"],"_links":{"self":[{"href":"https:\/\/charcoalplant.com\/vi\/wp-json\/wp\/v2\/product\/1994","targetHints":{"allow":["GET"]}}],"collection":[{"href":"https:\/\/charcoalplant.com\/vi\/wp-json\/wp\/v2\/product"}],"about":[{"href":"https:\/\/charcoalplant.com\/vi\/wp-json\/wp\/v2\/types\/product"}],"author":[{"embeddable":true,"href":"https:\/\/charcoalplant.com\/vi\/wp-json\/wp\/v2\/users\/1"}],"wp:featuredmedia":[{"embeddable":true,"href":"https:\/\/charcoalplant.com\/vi\/wp-json\/wp\/v2\/media\/1996"}],"wp:attachment":[{"href":"https:\/\/charcoalplant.com\/vi\/wp-json\/wp\/v2\/media?parent=1994"}],"wp:term":[{"taxonomy":"post_tag","embeddable":true,"href":"https:\/\/charcoalplant.com\/vi\/wp-json\/wp\/v2\/tags?post=1994"},{"taxonomy":"product-type","embeddable":true,"href":"https:\/\/charcoalplant.com\/vi\/wp-json\/wp\/v2\/product-type?post=1994"}],"curies":[{"name":"wp","href":"https:\/\/api.w.org\/{rel}","templated":true}]}}