{"id":2304,"date":"2022-02-14T01:37:54","date_gmt":"2022-02-13T17:37:54","guid":{"rendered":"https:\/\/charcoalplant.com\/"},"modified":"2023-01-07T10:49:35","modified_gmt":"2023-01-07T02:49:35","slug":"new-charcoal-making-machine","status":"publish","type":"product","link":"https:\/\/charcoalplant.com\/vi\/product\/new-charcoal-making-machine\/","title":{"rendered":"M\u00e1y L\u00e0m Than M\u1edbi | L\u00f2 cacbon h\u00f3a li\u00ean t\u1ee5c"},"content":{"rendered":"<div class=\"kk-star-ratings kksr-auto kksr-align-left kksr-valign-top\"     data-payload='{&quot;align&quot;:&quot;left&quot;,&quot;id&quot;:&quot;2304&quot;,&quot;slug&quot;:&quot;default&quot;,&quot;valign&quot;:&quot;top&quot;,&quot;ignore&quot;:&quot;&quot;,&quot;reference&quot;:&quot;auto&quot;,&quot;class&quot;:&quot;&quot;,&quot;count&quot;:&quot;9&quot;,&quot;legendonly&quot;:&quot;&quot;,&quot;readonly&quot;:&quot;&quot;,&quot;score&quot;:&quot;4.6&quot;,&quot;starsonly&quot;:&quot;&quot;,&quot;best&quot;:&quot;5&quot;,&quot;gap&quot;:&quot;5&quot;,&quot;greet&quot;:&quot;Rate this product&quot;,&quot;legend&quot;:&quot;4.6\\\/5 - (9 b\u00ecnh ch\u1ecdn)&quot;,&quot;size&quot;:&quot;24&quot;,&quot;title&quot;:&quot;New Charcoal Making Machine | Continuous Carbonization Furnace&quot;,&quot;width&quot;:&quot;130.9&quot;,&quot;_legend&quot;:&quot;{score}\\\/{best} - ({count} {votes})&quot;,&quot;font_factor&quot;:&quot;1.25&quot;}'>              <div class=\"kksr-stars\">      <div class=\"kksr-stars-inactive\">             <div class=\"kksr-star\" data-star=\"1\" style=\"padding-right: 5px\">               <div class=\"kksr-icon\" style=\"width: 24px; height: 24px;\"><\/div>         <\/div>             <div class=\"kksr-star\" data-star=\"2\" style=\"padding-right: 5px\">               <div class=\"kksr-icon\" style=\"width: 24px; height: 24px;\"><\/div>         <\/div>             <div class=\"kksr-star\" data-star=\"3\" style=\"padding-right: 5px\">               <div class=\"kksr-icon\" style=\"width: 24px; height: 24px;\"><\/div>         <\/div>             <div class=\"kksr-star\" data-star=\"4\" style=\"padding-right: 5px\">               <div class=\"kksr-icon\" style=\"width: 24px; height: 24px;\"><\/div>         <\/div>             <div class=\"kksr-star\" data-star=\"5\" style=\"padding-right: 5px\">               <div class=\"kksr-icon\" style=\"width: 24px; height: 24px;\"><\/div>         <\/div>     <\/div>      <div class=\"kksr-stars-active\" style=\"width: 130.9px;\">             <div class=\"kksr-star\" style=\"padding-right: 5px\">               <div class=\"kksr-icon\" style=\"width: 24px; height: 24px;\"><\/div>         <\/div>             <div class=\"kksr-star\" style=\"padding-right: 5px\">               <div class=\"kksr-icon\" style=\"width: 24px; height: 24px;\"><\/div>         <\/div>             <div class=\"kksr-star\" style=\"padding-right: 5px\">               <div class=\"kksr-icon\" style=\"width: 24px; height: 24px;\"><\/div>         <\/div>             <div class=\"kksr-star\" style=\"padding-right: 5px\">               <div class=\"kksr-icon\" style=\"width: 24px; height: 24px;\"><\/div>         <\/div>             <div class=\"kksr-star\" style=\"padding-right: 5px\">               <div class=\"kksr-icon\" style=\"width: 24px; height: 24px;\"><\/div>         <\/div>     <\/div> <\/div>                   <div class=\"kksr-legend\" style=\"font-size: 19.2px;\">             4.6\/5 - (9 phi\u1ebfu b\u1ea7u)    <\/div>     <\/div>  <p class=\"translation-block\"><strong>L\u00f2 s\u1ea3n xu\u1ea5t than ho\u1ea1t t\u00ednh m\u1edbi<\/strong> l\u00e0 l\u00f2 carbon h\u00f3a li\u00ean t\u1ee5c \u0111\u01b0\u1ee3c ph\u00e1t tri\u1ec3n \u0111\u1eb7c bi\u1ec7t \u0111\u1ec3 carbon h\u00f3a c\u00e1c v\u1eadt li\u1ec7u sinh kh\u1ed1i kh\u00e1c nhau. L\u00f2 carbon h\u00f3a thi\u1ebft k\u1ebf m\u1edbi kh\u00f4ng ch\u1ec9 \u0111\u1eb9p v\u1ec1 h\u00ecnh th\u1ee9c v\u00e0 kh\u00f4ng kh\u00ed. V\u00e0 b\u1ea3ng \u0111i\u1ec1u khi\u1ec3n c\u1ee7a n\u00f3 \u0111\u00e3 b\u1ed5 sung th\u00eam b\u1ea3ng \u0111i\u1ec1u khi\u1ec3n s\u1ed1 th\u00f4ng minh. Ngo\u00e0i ra, t\u1ef7 l\u1ec7 carbon h\u00f3a c\u1ee7a nguy\u00ean li\u1ec7u c\u0169ng \u0111\u00e3 t\u0103ng t\u1eeb 75% ban \u0111\u1ea7u l\u00ean 95%. N\u00f3i t\u00f3m l\u1ea1i, <strong><a href=\"https:\/\/charcoalplant.com\/vi\/charcoal-making-machine-3\/\">m\u00e1y l\u00e0m than<\/a><\/strong> m\u1edbi l\u00e0 thi\u1ebft b\u1ecb b\u1ea3o v\u1ec7 m\u00f4i tr\u01b0\u1eddng carbon th\u1ea5p v\u1edbi hi\u1ec7u su\u1ea5t chi ph\u00ed cao v\u00e0 t\u1ef7 l\u1ec7 ho\u00e0n v\u1ed1n cao. Li\u00ean h\u1ec7 v\u1edbi ch\u00fang t\u00f4i ngay \u0111\u1ec3 \u0111\u01b0\u1ee3c t\u01b0 v\u1ea5n m\u1edbi nh\u1ea5t v\u1ec1 n\u00f3. V\u00ed d\u1ee5: gi\u00e1 c\u1ea3, <strong><a href=\"https:\/\/charcoalplant.com\/vi\/news\/new-charcoal-machine-production-line-sent-to-japan\/\">v\u1eadn chuy\u1ec3n<\/a><\/strong>. Ch\u00fang t\u00f4i mong mu\u1ed1n h\u1ee3p t\u00e1c vui v\u1ebb v\u1edbi b\u1ea1n.<\/p>    <figure class=\"wp-block-gallery has-nested-images columns-default is-cropped wp-block-gallery-2 is-layout-flex wp-block-gallery-is-layout-flex\"> <figure class=\"wp-block-image size-large\"><img loading=\"lazy\" decoding=\"async\" width=\"720\" height=\"540\" data-id=\"2307\" src=\"https:\/\/charcoalplant.com\/wp-content\/uploads\/2022\/02\/Export-of-charcoal-making-machine.jpg\" alt=\"\" class=\"wp-image-2307\"\/><\/figure> <\/figure>    <h2 class=\"wp-block-heading\" id=\"h-raw-materials-for-new-charcoal-making-machines\"><strong>Nguy\u00ean li\u1ec7u cho m\u00e1y l\u00e0m than thi\u1ebft k\u1ebf m\u1edbi<\/strong><\/h2>    <p class=\"translation-block\">N\u00f3 c\u00f3 th\u1ec3 x\u1eed l\u00fd c\u00e1c nguy\u00ean li\u1ec7u sinh kh\u1ed1i c\u00f3 k\u00edch th\u01b0\u1edbc nh\u1ecf h\u01a1n 10cm. Nguy\u00ean li\u1ec7u c\u1ee7a n\u00f3 l\u00e0 ch\u1ea5t th\u1ea3i n\u00f4ng nghi\u1ec7p v\u00e0 l\u00e2m nghi\u1ec7p (v\u1ecf tr\u1ea5u, vi\u00ean g\u1ed7, vi\u00ean r\u01a1m, v\u1ecf c\u00e2y), v\u1ecf tr\u00e1i c\u00e2y (<strong><a href=\"https:\/\/charcoalplant.com\/vi\/info\/what-are-the-uses-of-coconut-shells\/\">v\u1ecf d\u1eeba<\/a><\/strong>, qu\u1ea3 \u00f4 liu, v\u1ecf c\u1ecd, v\u1ecf h\u1ea1t d\u1ebb, v\u1ecf nh\u00e3n), v\u00e0 c\u00e1c lo\u1ea1i kh\u00e1c (ph\u00e2n b\u00f2, x\u01b0\u01a1ng b\u00f2, b\u00f9n), v.v. V\u00ec \u0111\u1ed9 \u1ea9m nguy\u00ean li\u1ec7u c\u00e0ng nh\u1ecf, t\u1ef7 l\u1ec7 carbon h\u00f3a c\u00e0ng cao. Do \u0111\u00f3, ch\u00fang t\u00f4i s\u1ebd khuy\u00ean kh\u00e1ch h\u00e0ng n\u00ean s\u1eed d\u1ee5ng m\u00e1y s\u1ea5y tr\u1ee5c \u0111\u1ec3 l\u00e0m kh\u00f4 nguy\u00ean li\u1ec7u. M\u00e1y s\u1ea5y c\u00f3 th\u1ec3 gi\u1eef \u0111\u1ed9 \u1ea9m nguy\u00ean li\u1ec7u \u1edf kho\u1ea3ng 8%.<\/p>    <figure class=\"wp-block-gallery has-nested-images columns-2 is-cropped wp-block-gallery-3 is-layout-flex wp-block-gallery-is-layout-flex\"> <figure class=\"wp-block-image size-large\"><img loading=\"lazy\" decoding=\"async\" width=\"720\" height=\"540\" data-id=\"2313\" src=\"https:\/\/charcoalplant.com\/wp-content\/uploads\/2022\/02\/coconut-shell-2.jpg\" alt=\"\" class=\"wp-image-2313\"\/><\/figure>    <figure class=\"wp-block-image size-large\"><img loading=\"lazy\" decoding=\"async\" width=\"720\" height=\"540\" data-id=\"2314\" src=\"https:\/\/charcoalplant.com\/wp-content\/uploads\/2022\/02\/palm-shell-.jpg\" alt=\"\" class=\"wp-image-2314\"\/><\/figure>    <figure class=\"wp-block-image size-large\"><img loading=\"lazy\" decoding=\"async\" width=\"720\" height=\"540\" data-id=\"2315\" src=\"https:\/\/charcoalplant.com\/wp-content\/uploads\/2022\/02\/peanut-shell.jpg\" alt=\"\" class=\"wp-image-2315\"\/><\/figure>    <figure class=\"wp-block-image size-large\"><img loading=\"lazy\" decoding=\"async\" width=\"720\" height=\"540\" data-id=\"2316\" src=\"https:\/\/charcoalplant.com\/wp-content\/uploads\/2022\/02\/rice-husk.jpg\" alt=\"\" class=\"wp-image-2316\"\/><\/figure> <\/figure>    <h2 class=\"wp-block-heading\" id=\"h-structure-of-the-new-charcoal-machine\"><strong>C\u1ea5u tr\u00fac c\u1ee7a m\u00e1y l\u00e0m than m\u1edbi<\/strong><\/h2>    <div class=\"wp-block-columns has-background is-layout-flex wp-container-core-columns-is-layout-28f84493 wp-block-columns-is-layout-flex\" style=\"background-color:#f1f1f1\"> <div class=\"wp-block-column is-vertically-aligned-center is-layout-flow wp-block-column-is-layout-flow\" style=\"flex-basis:33.33%\"> <p class=\"translation-block\"><strong>L\u00f2 ch\u00ednh k\u00e9p<\/strong><\/p>    <p>Th\u00e2n ch\u00ednh cacbon h\u00f3a c\u1ee7a l\u00f2 cacbon h\u00f3a s\u1eed d\u1ee5ng c\u1ea5u tr\u00fac xi lanh \u0111\u00f4i. Thi\u1ebft k\u1ebf n\u00e0y l\u00e0m cho v\u1eadt li\u1ec7u chuy\u1ec3n t\u1eeb l\u00f2 trong ra l\u00f2 ngo\u00e0i theo h\u00ecnh tr\u00f2n. C\u00f3 ngh\u0129a l\u00e0, \u0111\u1ea7u v\u00e0o v\u00e0 \u0111\u1ea7u ra c\u1ee7a l\u00f2 cacbon h\u00f3a g\u00e1o d\u1eeba n\u1eb1m \u1edf c\u00f9ng m\u1ed9t ph\u00eda.<\/p> <\/div>    <div class=\"wp-block-column is-layout-flow wp-block-column-is-layout-flow\" style=\"flex-basis:66.66%\"> <figure class=\"wp-block-gallery has-nested-images columns-default is-cropped wp-block-gallery-4 is-layout-flex wp-block-gallery-is-layout-flex\"> <figure class=\"wp-block-image size-large\"><img loading=\"lazy\" decoding=\"async\" width=\"720\" height=\"540\" data-id=\"2310\" src=\"https:\/\/charcoalplant.com\/wp-content\/uploads\/2022\/02\/Rice-husk-carbonization-furnace-structure.jpg\" alt=\"\" class=\"wp-image-2310\"\/><\/figure> <\/figure> <\/div> <\/div>    <div class=\"wp-block-columns has-background is-layout-flex wp-container-core-columns-is-layout-28f84493 wp-block-columns-is-layout-flex\" style=\"background-color:#f1f1f1\"> <div class=\"wp-block-column is-layout-flow wp-block-column-is-layout-flow\" style=\"flex-basis:66.66%\"> <figure class=\"wp-block-gallery has-nested-images columns-default is-cropped wp-block-gallery-5 is-layout-flex wp-block-gallery-is-layout-flex\"> <figure class=\"wp-block-image size-large\"><img loading=\"lazy\" decoding=\"async\" width=\"720\" height=\"540\" data-id=\"2312\" src=\"https:\/\/charcoalplant.com\/wp-content\/uploads\/2022\/02\/Burn.jpg\" alt=\"\" class=\"wp-image-2312\"\/><\/figure> <\/figure> <\/div>    <div class=\"wp-block-column is-vertically-aligned-center is-layout-flow wp-block-column-is-layout-flow\" style=\"flex-basis:33.33%\"> <p class=\"translation-block\"><strong>Bu\u1ed3ng \u0111\u1ed1t<\/strong><\/p>    <p>Bu\u1ed3ng \u0111\u1ed1t \u0111\u01b0\u1ee3c c\u00e1ch nhi\u1ec7t b\u1eb1ng b\u00f4ng \u0111\u00e1 c\u00e1ch nhi\u1ec7t. N\u00f3 c\u0169ng l\u00e0 m\u1ed9t th\u00e2n l\u00f2 k\u00edn. Do \u0111\u00f3, \u0111\u1ed9 k\u00edn c\u1ee7a to\u00e0n b\u1ed9 m\u00e1y l\u00e0 t\u1ed1t v\u00e0 hi\u1ec7u su\u1ea5t cacbon h\u00f3a cao. V\u1eadt li\u1ec7u l\u00e0m n\u00f3ng c\u1ee7a l\u00f2 cacbon h\u00f3a tr\u1ea5u c\u00f3 th\u1ec3 l\u00e0 than c\u1ee7i, g\u1ed7, d\u1ea7u diesel, kh\u00ed t\u1ef1 nhi\u00ean, kh\u00ed d\u1ea7u m\u1ecf h\u00f3a l\u1ecfng, sinh kh\u1ed1i, v.v.<\/p> <\/div> <\/div>    <div class=\"wp-block-columns has-background is-layout-flex wp-container-core-columns-is-layout-28f84493 wp-block-columns-is-layout-flex\" style=\"background-color:#f1f1f1\"> <div class=\"wp-block-column is-vertically-aligned-center is-layout-flow wp-block-column-is-layout-flow\" style=\"flex-basis:33.33%\"> <p class=\"translation-block\"><strong>B\u1ea3ng \u0111i\u1ec1u khi\u1ec3n PLC<\/strong><\/p>    <p>H\u1ec7 th\u1ed1ng kh\u1edfi \u0111\u1ed9ng v\u00e0 \u0111i\u1ec1u khi\u1ec3n \u0111\u01b0\u1ee3c thay \u0111\u1ed5i t\u1eeb t\u1ee7 ph\u00e2n ph\u1ed1i \u0111i\u1ec7n tr\u01b0\u1edbc \u0111\u00e2y sang ch\u1ebf \u0111\u1ed9 m\u00e0n h\u00ecnh c\u1ea3m \u1ee9ng plc. Kh\u00e1ch h\u00e0ng c\u00f3 th\u1ec3 c\u00e0i \u0111\u1eb7t t\u1ed1c \u0111\u1ed9, nhi\u1ec7t \u0111\u1ed9, th\u1eddi gian,\u2026 th\u00f4ng qua m\u00e1y t\u00ednh.<\/p> <\/div>    <div class=\"wp-block-column is-layout-flow wp-block-column-is-layout-flow\" style=\"flex-basis:66.66%\"> <figure class=\"wp-block-gallery has-nested-images columns-default is-cropped wp-block-gallery-6 is-layout-flex wp-block-gallery-is-layout-flex\"> <figure class=\"wp-block-image size-large\"><img loading=\"lazy\" decoding=\"async\" width=\"720\" height=\"540\" data-id=\"2309\" src=\"https:\/\/charcoalplant.com\/wp-content\/uploads\/2022\/02\/PLC.jpg\" alt=\"\" class=\"wp-image-2309\"\/><\/figure> <\/figure> <\/div> <\/div>    <div class=\"wp-block-columns has-background is-layout-flex wp-container-core-columns-is-layout-28f84493 wp-block-columns-is-layout-flex\" style=\"background-color:#f1f1f1\"> <div class=\"wp-block-column is-layout-flow wp-block-column-is-layout-flow\" style=\"flex-basis:66.66%\"> <figure class=\"wp-block-gallery has-nested-images columns-default is-cropped wp-block-gallery-7 is-layout-flex wp-block-gallery-is-layout-flex\"> <figure class=\"wp-block-image size-large\"><img loading=\"lazy\" decoding=\"async\" width=\"720\" height=\"540\" data-id=\"2308\" src=\"https:\/\/charcoalplant.com\/wp-content\/uploads\/2022\/02\/new-charcoal-making-machine-for-sale.jpg\" alt=\"\" class=\"wp-image-2308\"\/><\/figure> <\/figure> <\/div>    <div class=\"wp-block-column is-vertically-aligned-center is-layout-flow wp-block-column-is-layout-flow\" style=\"flex-basis:33.33%\"> <p class=\"translation-block\"><strong>Gia c\u1ed1 l\u00f2<\/strong><\/p>    <p>B\u1ec1 m\u1eb7t th\u00e2n l\u00f2 \u0111\u01b0\u1ee3c gia c\u1ed1 b\u1eb1ng kim lo\u1ea1i th\u00e9p carbon ngang v\u00e0 d\u1ecdc. Th\u00e2n l\u00f2 \u0111\u01b0\u1ee3c b\u1ecdc trong v\u1ecf th\u00e9p kh\u00f4ng g\u1ec9. V\u00ec v\u1eady, vi\u1ec7c s\u1eed d\u1ee5ng m\u00e1y l\u00e0m than g\u00e1o d\u1eeba m\u1edbi kh\u00f4ng d\u1ec5 b\u1ecb bi\u1ebfn d\u1ea1ng v\u00e0 c\u00f3 tu\u1ed5i th\u1ecd cao h\u01a1n.<\/p> <\/div> <\/div>    <h2 class=\"wp-block-heading\" id=\"h-video-of-biomass-carbonization-furnace\"><strong>Video l\u00f2 cacbon h\u00f3a li\u00ean t\u1ee5c sinh kh\u1ed1i<\/strong><\/h2>    <p class=\"translation-block\">D\u01b0\u1edbi \u0111\u00e2y l\u00e0 video x\u1eed l\u00fd c\u00e1c nguy\u00ean li\u1ec7u kh\u00e1c nhau b\u1eb1ng <strong><a href=\"https:\/\/charcoalplant.com\/vi\/carbonization-furnace\/rotary-carbonization-furnace\/\">l\u00f2 carbon h\u00f3a<\/a><\/strong> sinh kh\u1ed1i. B\u1ea1n c\u00f3 th\u1ec3 th\u1ea5y qu\u00e1 tr\u00ecnh t\u1ea1o than hi\u1ec7u qu\u1ea3 v\u00e0 ch\u1ea5t l\u01b0\u1ee3ng cao c\u1ee7a n\u00f3 t\u1eeb video.<\/p>    <figure class=\"wp-block-embed is-type-video is-provider-youtube wp-block-embed-youtube wp-embed-aspect-16-9 wp-has-aspect-ratio\"><div class=\"wp-block-embed__wrapper\"> <iframe loading=\"lazy\" title=\"2023 Kinh doanh m\u00e1y l\u00e0m than m\u1edbi v\u1edbi thi\u1ebft k\u1ebf m\u1edbi L\u00f2 cacbon h\u00f3a li\u00ean t\u1ee5c\" width=\"500\" height=\"281\" src=\"https:\/\/www.youtube.com\/embed\/sb92A1yTXFA?feature=oembed\" frameborder=\"0\" allow=\"accelerometer; autoplay; clipboard-write; encrypted-media; gyroscope; picture-in-picture; web-share\" referrerpolicy=\"strict-origin-when-cross-origin\" allowfullscreen><\/iframe> <\/div><\/figure>    <h2 class=\"wp-block-heading\" id=\"h-parameters-of-the-new-charcoal-making-machine\"><strong>C\u00e1c th\u00f4ng s\u1ed1 c\u1ee7a m\u00e1y l\u00e0m than thi\u1ebft k\u1ebf m\u1edbi<\/strong><\/h2>    <p>Th\u1eddi gian v\u00e0 nhi\u1ec7t \u0111\u1ed9 cacbon h\u00f3a c\u1ee7a c\u00e1c nguy\u00ean li\u1ec7u th\u00f4 kh\u00e1c nhau l\u00e0 kh\u00e1c nhau. V\u00ec v\u1eady, d\u1eef li\u1ec7u sau \u0111\u00e2y ch\u1ec9 mang t\u00ednh tham kh\u1ea3o.<\/p>    <figure class=\"wp-block-table is-style-stripes\"><table><tbody><tr><td>Ng\u01b0\u1eddi m\u1eabu<\/td><td>SL-05<\/td><td>SL-10<\/td><td>SL-30<\/td><td>SL-50<\/td><\/tr><tr><td>Dung t\u00edch<\/td><td>0,3-0,5t\/gi\u1edd<\/td><td>0,8-1t\/gi\u1edd<\/td><td>2,5-3t\/gi\u1edd<\/td><td>4,5-5t\/gi\u1edd<\/td><\/tr><tr><td>Ph\u01b0\u01a1ng ph\u00e1p l\u00e0m vi\u1ec7c<\/td><td>Ho\u00e0n to\u00e0n li\u00ean t\u1ee5c<\/td><\/tr><tr><td>K\u00edch th\u01b0\u1edbc l\u00f2 ph\u1ea3n \u1ee9ng<\/td><td>820mm<\/td><td>1000mm<\/td><td>1300mm<\/td><td>1700mm<\/td><\/tr><tr><td>Ti\u00eau th\u1ee5 n\u0103ng l\u01b0\u1ee3ng<\/td><td>45kw\/gi\u1edd<\/td><td>65kw\/gi\u1edd<\/td><td>90kw\/gi\u1edd<\/td><td>125kw\/gi\u1edd<\/td><\/tr><tr><td>K\u00edch th\u01b0\u1edbc<\/td><td>28m*10m*6m<\/td><td>33m*13m*7m<\/td><td>40m*15m*8m<\/td><td>50m*16m*10m<\/td><\/tr><tr><td>C\u00e2n n\u1eb7ng<\/td><td>28t<\/td><td>35t<\/td><td>45t<\/td><td>54t<\/td><\/tr><tr><td>\u00c1p su\u1ea5t v\u1eadn h\u00e0nh<\/td><td>\u00c1p su\u1ea5t \u00e2m nh\u1eb9<\/td><\/tr><tr><td>Cu\u1ed9c s\u1ed1ng ph\u1ee5c v\u1ee5<\/td><td>5-8 n\u0103m<\/td><\/tr><\/tbody><\/table><\/figure>    <h2 class=\"wp-block-heading\" id=\"h-application-of-bio-charcoal\"><strong>Th\u00e0nh ph\u1ea9m than sinh h\u1ecdc<\/strong><\/h2>    <p>Th\u00e0nh ph\u1ea9m c\u1ee7a l\u00f2 cacbon h\u00f3a li\u00ean t\u1ee5c tuy\u1ec7t v\u1eddi n\u00e0y c\u00f3 th\u1ec3 r\u1ea5t \u0111a d\u1ea1ng, ch\u1eb3ng h\u1ea1n nh\u01b0 than g\u00e1o d\u1eeba, than m\u00f9n c\u01b0a, than v\u1ecf h\u1ea1t c\u1ecd, than tre, than tr\u1ea5u, than v\u1ecf h\u1ea1t, v.v. <\/p>    <figure class=\"wp-block-gallery has-nested-images columns-2 is-cropped wp-block-gallery-8 is-layout-flex wp-block-gallery-is-layout-flex\"> <figure class=\"wp-block-image size-large\"><img loading=\"lazy\" decoding=\"async\" width=\"720\" height=\"540\" data-id=\"2317\" src=\"https:\/\/charcoalplant.com\/wp-content\/uploads\/2022\/02\/sawdust-charcoal.jpg\" alt=\"\" class=\"wp-image-2317\"\/><\/figure>    <figure class=\"wp-block-image size-large\"><img loading=\"lazy\" decoding=\"async\" width=\"720\" height=\"540\" data-id=\"2318\" src=\"https:\/\/charcoalplant.com\/wp-content\/uploads\/2022\/02\/corncob-charcoal.jpg\" alt=\"\" class=\"wp-image-2318\"\/><\/figure>    <figure class=\"wp-block-image size-large\"><img loading=\"lazy\" decoding=\"async\" width=\"720\" height=\"540\" data-id=\"2319\" src=\"https:\/\/charcoalplant.com\/wp-content\/uploads\/2022\/02\/nut-shell-charcoal.jpg\" alt=\"\" class=\"wp-image-2319\"\/><\/figure>    <figure class=\"wp-block-image size-large\"><img loading=\"lazy\" decoding=\"async\" width=\"720\" height=\"540\" data-id=\"2320\" src=\"https:\/\/charcoalplant.com\/wp-content\/uploads\/2022\/02\/palm-shell-charcoal.jpg\" alt=\"\" class=\"wp-image-2320\"\/><\/figure> <\/figure>    <h2 class=\"wp-block-heading\">Nguy\u00ean l\u00fd ho\u1ea1t \u0111\u1ed9ng c\u1ee7a l\u00f2 cacbon h\u00f3a than<\/h2>    <p>Qu\u00e1 tr\u00ecnh cacbon h\u00f3a bao g\u1ed3m vi\u1ec7c l\u00e0m n\u00f3ng v\u1eadt li\u1ec7u h\u1eefu c\u01a1 trong m\u00f4i tr\u01b0\u1eddng h\u1ea1n ch\u1ebf oxy. Khi v\u1eadt li\u1ec7u \u0111\u01b0\u1ee3c nung n\u00f3ng, n\u00f3 b\u1eaft \u0111\u1ea7u ph\u00e2n h\u1ee7y v\u00e0 gi\u1ea3i ph\u00f3ng kh\u00ed d\u1ec5 bay h\u01a1i. Nh\u1eefng kh\u00ed n\u00e0y sau \u0111\u00f3 b\u1ecb \u0111\u1ed1t ch\u00e1y, \u0111\u1ec3 l\u1ea1i c\u1eb7n carbon r\u1eafn, \u0111\u01b0\u1ee3c g\u1ecdi l\u00e0 than c\u1ee7i.<\/p>    <h2 class=\"wp-block-heading\">\u1ee8ng d\u1ee5ng c\u1ee7a l\u00f2 cacbon h\u00f3a li\u00ean t\u1ee5c<\/h2>    <p>L\u00f2 cacbon h\u00f3a than li\u00ean t\u1ee5c th\u01b0\u1eddng \u0111\u01b0\u1ee3c s\u1eed d\u1ee5ng trong s\u1ea3n xu\u1ea5t than ho\u1ea1t t\u00ednh, \u0111\u00e2y l\u00e0 m\u1ed9t d\u1ea1ng than \u0111\u00e3 \u0111\u01b0\u1ee3c x\u1eed l\u00fd \u0111\u1ec3 t\u0103ng di\u1ec7n t\u00edch b\u1ec1 m\u1eb7t v\u00e0 l\u00e0m cho n\u00f3 x\u1ed1p h\u01a1n. Than ho\u1ea1t t\u00ednh c\u00f3 nhi\u1ec1u \u1ee9ng d\u1ee5ng, bao g\u1ed3m x\u1eed l\u00fd n\u01b0\u1edbc, l\u1ecdc kh\u00f4ng kh\u00ed v\u00e0 t\u00e1ch h\u00f3a ch\u1ea5t.<\/p>    <p>Ngo\u00e0i vi\u1ec7c s\u1eed d\u1ee5ng trong s\u1ea3n xu\u1ea5t than ho\u1ea1t t\u00ednh, l\u00f2 cacbon h\u00f3a than li\u00ean t\u1ee5c c\u00f2n \u0111\u01b0\u1ee3c s\u1eed d\u1ee5ng trong nhi\u1ec1u ng\u00e0nh c\u00f4ng nghi\u1ec7p kh\u00e1c, bao g\u1ed3m s\u1ea3n xu\u1ea5t nhi\u00ean li\u1ec7u, s\u1ea3n xu\u1ea5t h\u00f3a ch\u1ea5t v\u00e0 x\u1eed l\u00fd ch\u1ea5t th\u1ea3i.<\/p>    <h2 class=\"wp-block-heading\">Ph\u1ea7n k\u1ebft lu\u1eadn <\/h2>    <p>Nh\u00ecn chung, l\u00f2 cacbon h\u00f3a li\u00ean t\u1ee5c l\u00e0 m\u1ed9t thi\u1ebft b\u1ecb thi\u1ebft y\u1ebfu \u0111\u00f3ng vai tr\u00f2 ch\u00ednh trong vi\u1ec7c s\u1ea3n xu\u1ea5t than ho\u1ea1t t\u00ednh v\u00e0 c\u00e1c d\u1ea1ng than c\u1ee7i kh\u00e1c. Kh\u1ea3 n\u0103ng ho\u1ea1t \u0111\u1ed9ng li\u00ean t\u1ee5c c\u1ee7a n\u00f3 cho ph\u00e9p s\u1ea3n xu\u1ea5t hi\u1ec7u qu\u1ea3 v\u00e0 \u0111\u00e1ng tin c\u1eady, khi\u1ebfn n\u00f3 tr\u1edf th\u00e0nh m\u1ed9t c\u00f4ng c\u1ee5 quan tr\u1ecdng trong nhi\u1ec1u ng\u00e0nh c\u00f4ng nghi\u1ec7p.<\/p>    <p class=\"translation-block\"><a href=\"https:\/\/charcoalplant.com\/vi\/\">Shuliy group<\/a> l\u00e0 m\u1ed9t nh\u00e0 s\u1ea3n xu\u1ea5t l\u00f2 nung than ho\u1ea1t t\u00ednh chuy\u00ean nghi\u1ec7p. Ch\u00fang t\u00f4i cung c\u1ea5p \u0111\u1ea7y \u0111\u1ee7 c\u00e1c m\u00e1y carbonization \u0111\u1ec3 \u0111\u00e1p \u1ee9ng y\u00eau c\u1ea7u c\u1ee5 th\u1ec3 c\u1ee7a b\u1ea1n. H\u00e3y li\u00ean h\u1ec7 v\u1edbi c\u00e1c chuy\u00ean gia c\u1ee7a ch\u00fang t\u00f4i \u0111\u1ec3 b\u1eaft \u0111\u1ea7u c\u00f4ng vi\u1ec7c kinh doanh c\u1ee7a b\u1ea1n c\u00e0ng s\u1edbm c\u00e0ng t\u1ed1t. <\/p>","protected":false},"excerpt":{"rendered":"<p>M\u00e1y than m\u1edbi l\u00e0 phi\u00ean b\u1ea3n n\u00e2ng c\u1ea5p c\u1ee7a l\u00f2 cacbon h\u00f3a li\u00ean t\u1ee5c. N\u00f3 c\u00f3 t\u00e1c d\u1ee5ng cacbon h\u00f3a t\u1ed1t nh\u1ea5t.<\/p>","protected":false},"author":1,"featured_media":2306,"parent":0,"template":"","tags":[65],"product-type":[4],"class_list":["post-2304","product","type-product","status-publish","has-post-thumbnail","hentry","tag-carbonization-furnace","product-type-carbonization-furnace"],"_links":{"self":[{"href":"https:\/\/charcoalplant.com\/vi\/wp-json\/wp\/v2\/product\/2304","targetHints":{"allow":["GET"]}}],"collection":[{"href":"https:\/\/charcoalplant.com\/vi\/wp-json\/wp\/v2\/product"}],"about":[{"href":"https:\/\/charcoalplant.com\/vi\/wp-json\/wp\/v2\/types\/product"}],"author":[{"embeddable":true,"href":"https:\/\/charcoalplant.com\/vi\/wp-json\/wp\/v2\/users\/1"}],"wp:featuredmedia":[{"embeddable":true,"href":"https:\/\/charcoalplant.com\/vi\/wp-json\/wp\/v2\/media\/2306"}],"wp:attachment":[{"href":"https:\/\/charcoalplant.com\/vi\/wp-json\/wp\/v2\/media?parent=2304"}],"wp:term":[{"taxonomy":"post_tag","embeddable":true,"href":"https:\/\/charcoalplant.com\/vi\/wp-json\/wp\/v2\/tags?post=2304"},{"taxonomy":"product-type","embeddable":true,"href":"https:\/\/charcoalplant.com\/vi\/wp-json\/wp\/v2\/product-type?post=2304"}],"curies":[{"name":"wp","href":"https:\/\/api.w.org\/{rel}","templated":true}]}}