{"id":2322,"date":"2022-02-14T09:42:26","date_gmt":"2022-02-14T01:42:26","guid":{"rendered":"https:\/\/charcoalplant.com\/"},"modified":"2023-01-13T10:21:19","modified_gmt":"2023-01-13T02:21:19","slug":"wood-pallet-block-making-machine","status":"publish","type":"product","link":"https:\/\/charcoalplant.com\/vi\/product\/wood-pallet-block-making-machine\/","title":{"rendered":"M\u00e1y L\u00e0m Kh\u1ed1i Pallet G\u1ed7 | M\u00e1y l\u00e0m kh\u1ed1i m\u00f9n c\u01b0a"},"content":{"rendered":"<div class=\"kk-star-ratings kksr-auto kksr-align-left kksr-valign-top\"     data-payload='{&quot;align&quot;:&quot;left&quot;,&quot;id&quot;:&quot;2322&quot;,&quot;slug&quot;:&quot;default&quot;,&quot;valign&quot;:&quot;top&quot;,&quot;ignore&quot;:&quot;&quot;,&quot;reference&quot;:&quot;auto&quot;,&quot;class&quot;:&quot;&quot;,&quot;count&quot;:&quot;13&quot;,&quot;legendonly&quot;:&quot;&quot;,&quot;readonly&quot;:&quot;&quot;,&quot;score&quot;:&quot;4.8&quot;,&quot;starsonly&quot;:&quot;&quot;,&quot;best&quot;:&quot;5&quot;,&quot;gap&quot;:&quot;5&quot;,&quot;greet&quot;:&quot;Rate this product&quot;,&quot;legend&quot;:&quot;4.8\\\/5 - (13 b\u00ecnh ch\u1ecdn)&quot;,&quot;size&quot;:&quot;24&quot;,&quot;title&quot;:&quot;Wood Pallet Block Making Machine | Sawdust Block Making Machine&quot;,&quot;width&quot;:&quot;136.7&quot;,&quot;_legend&quot;:&quot;{score}\\\/{best} - ({count} {votes})&quot;,&quot;font_factor&quot;:&quot;1.25&quot;}'>              <div class=\"kksr-stars\">      <div class=\"kksr-stars-inactive\">             <div class=\"kksr-star\" data-star=\"1\" style=\"padding-right: 5px\">               <div class=\"kksr-icon\" style=\"width: 24px; height: 24px;\"><\/div>         <\/div>             <div class=\"kksr-star\" data-star=\"2\" style=\"padding-right: 5px\">               <div class=\"kksr-icon\" style=\"width: 24px; height: 24px;\"><\/div>         <\/div>             <div class=\"kksr-star\" data-star=\"3\" style=\"padding-right: 5px\">               <div class=\"kksr-icon\" style=\"width: 24px; height: 24px;\"><\/div>         <\/div>             <div class=\"kksr-star\" data-star=\"4\" style=\"padding-right: 5px\">               <div class=\"kksr-icon\" style=\"width: 24px; height: 24px;\"><\/div>         <\/div>             <div class=\"kksr-star\" data-star=\"5\" style=\"padding-right: 5px\">               <div class=\"kksr-icon\" style=\"width: 24px; height: 24px;\"><\/div>         <\/div>     <\/div>      <div class=\"kksr-stars-active\" style=\"width: 136.7px;\">             <div class=\"kksr-star\" style=\"padding-right: 5px\">               <div class=\"kksr-icon\" style=\"width: 24px; height: 24px;\"><\/div>         <\/div>             <div class=\"kksr-star\" style=\"padding-right: 5px\">               <div class=\"kksr-icon\" style=\"width: 24px; height: 24px;\"><\/div>         <\/div>             <div class=\"kksr-star\" style=\"padding-right: 5px\">               <div class=\"kksr-icon\" style=\"width: 24px; height: 24px;\"><\/div>         <\/div>             <div class=\"kksr-star\" style=\"padding-right: 5px\">               <div class=\"kksr-icon\" style=\"width: 24px; height: 24px;\"><\/div>         <\/div>             <div class=\"kksr-star\" style=\"padding-right: 5px\">               <div class=\"kksr-icon\" style=\"width: 24px; height: 24px;\"><\/div>         <\/div>     <\/div> <\/div>                   <div class=\"kksr-legend\" style=\"font-size: 19.2px;\">             4,8\/5 - (13 B\u00ecnh Ch\u1ecdn)    <\/div>     <\/div>  <p class=\"translation-block\"><strong>M\u00e1y l\u00e0m kh\u1ed1i pallet g\u1ed7<\/strong> l\u00e0 m\u1ed9t thi\u1ebft b\u1ecb \u0111\u1ec3 s\u1ea3n xu\u1ea5t <strong><a href=\"https:\/\/charcoalplant.com\/vi\/news\/what-is-a-sawdust-pallet-block\/\">ch\u00e2n \u0111\u1ee1 pallet<\/a><\/strong>. N\u00f3 c\u00f3 th\u1ec3 \u0111\u01b0\u1ee3c s\u1eed d\u1ee5ng trong c\u00e1c ng\u00e0nh c\u00f4ng nghi\u1ec7p \u0111\u00f3ng g\u00f3i v\u00e0 h\u1eadu c\u1ea7n (v\u1eadn chuy\u1ec3n). B\u1edfi v\u00ec nguy\u00ean li\u1ec7u c\u1ee7a ch\u00e2n pallet g\u1ed7 l\u00e0 m\u00f9n c\u01b0a v\u00e0 d\u0103m b\u00e0o. Do \u0111\u00f3, kh\u1ed1i g\u1ed7 \u0111\u01b0\u1ee3c s\u1ea3n xu\u1ea5t c\u00f3 \u0111\u1eb7c \u0111i\u1ec3m kh\u00f4ng g\u00e2y \u00f4 nhi\u1ec5m, an to\u00e0n v\u00e0 d\u1ec5 x\u1eed l\u00fd. Nhi\u1ec1u nh\u00e0 s\u1ea3n xu\u1ea5t pallet g\u1ed7 s\u1ebd s\u1eed d\u1ee5ng m\u00e1y l\u00e0m kh\u1ed1i d\u0103m b\u00e0o \u0111\u1ec3 l\u00e0m ch\u00e2n pallet. Nh\u00e0 m\u00e1y c\u1ee7a ch\u00fang t\u00f4i s\u1ea3n xu\u1ea5t c\u00e1c kh\u1ed1i d\u0103m b\u00e0o ti\u00eau chu\u1ea9n M\u1ef9 nh\u01b0 75*75mm, 90*90mm v\u00e0 100*100mm, v\u00e0 c\u00e1c kh\u1ed1i d\u0103m b\u00e0o ti\u00eau chu\u1ea9n Ch\u00e2u \u00c2u nh\u01b0 100*110mm v\u00e0 145*145mm. Do \u0111\u00f3, ch\u00fang t\u00f4i cung c\u1ea5p d\u1ecbch v\u1ee5 t\u00f9y ch\u1ec9nh m\u00e1y m\u00f3c.<\/p>    <figure class=\"wp-block-gallery has-nested-images columns-default is-cropped wp-block-gallery-2 is-layout-flex wp-block-gallery-is-layout-flex\"> <figure class=\"wp-block-image size-large\"><img loading=\"lazy\" decoding=\"async\" width=\"720\" height=\"540\" data-id=\"2335\" src=\"https:\/\/charcoalplant.com\/wp-content\/uploads\/2022\/02\/sawdust-pallet-block-.jpg\" alt=\"kh\u1ed1i m\u00f9n c\u01b0a-pallet\" class=\"wp-image-2335\"\/><figcaption class=\"wp-element-caption\">kh\u1ed1i m\u00f9n c\u01b0a-pallet<\/figcaption><\/figure>    <figure class=\"wp-block-image size-full\"><img loading=\"lazy\" decoding=\"async\" width=\"720\" height=\"540\" data-id=\"2325\" src=\"https:\/\/charcoalplant.com\/wp-content\/uploads\/2022\/02\/wood-block-machine-plant.jpg\" alt=\"s\u01a1 \u0111\u1ed3 m\u00e1y kh\u1ed1i g\u1ed7\" class=\"wp-image-2325\"\/><figcaption class=\"wp-element-caption\">s\u01a1 \u0111\u1ed3 m\u00e1y kh\u1ed1i g\u1ed7<\/figcaption><\/figure> <\/figure>    <h2 class=\"wp-block-heading\" id=\"h-raw-materials-for-wood-block-machine\"><strong>Nguy\u00ean li\u1ec7u cho m\u00e1y l\u00e0m kh\u1ed1i pallet m\u00f9n c\u01b0a<\/strong><\/h2>    <p class=\"translation-block\">Nguy\u00ean li\u1ec7u c\u1ee7a m\u00e1y l\u00e0m kh\u1ed1i pallet g\u1ed7 l\u00e0 m\u00f9n c\u01b0a 6-8mm. Do \u0111\u00f3, m\u00f9n c\u01b0a kh\u00f4ng \u0111\u1ea1t k\u00edch th\u01b0\u1edbc nguy\u00ean li\u1ec7u c\u1ea7n \u0111\u01b0\u1ee3c t\u00e1i ch\u1ebf b\u1eb1ng <strong><a href=\"https:\/\/charcoalplant.com\/vi\/wood-wastes-recycling-machine\/wood-crusher-machine\/\">m\u00e1y nghi\u1ec1n g\u1ed7<\/a><\/strong>. Tr\u00ean th\u1ef1c t\u1ebf, n\u00f3 c\u00f3 r\u1ea5t nhi\u1ec1u nguy\u00ean li\u1ec7u. Nh\u01b0 c\u00e1c m\u1ea3nh g\u1ed7, d\u0103m b\u00e0o, g\u1ed7 ph\u1ebf li\u1ec7u, pallet c\u0169, v.v. Ngo\u00e0i ra, c\u1ea7n l\u01b0u \u00fd r\u1eb1ng vi\u1ec7c s\u1ea3n xu\u1ea5t kh\u1ed1i pallet y\u00eau c\u1ea7u th\u00eam keo nh\u01b0 nh\u1ef1a ur\u00ea-foman\u0111\u00eah\u00edt v\u00e0o nguy\u00ean li\u1ec7u.<\/p>    <figure class=\"wp-block-image aligncenter size-full\"><img loading=\"lazy\" decoding=\"async\" width=\"720\" height=\"540\" src=\"https:\/\/charcoalplant.com\/wp-content\/uploads\/2022\/02\/raw-materials-of-pallet-feet-block-machine-.jpg\" alt=\"\" class=\"wp-image-2347\"\/><\/figure>    <h2 class=\"wp-block-heading\" id=\"application-of-wood-blocks\"><strong>\u1ee8ng d\u1ee5ng c\u1ee7a kh\u1ed1i g\u1ed7 pallet<\/strong><\/h2>    <ul class=\"wp-block-list\"> <li>Kh\u1ed1i pallet g\u1ed7 \u0111\u01b0\u1ee3c s\u1eed d\u1ee5ng ph\u1ed5 bi\u1ebfn trong ng\u00e0nh v\u1eadn t\u1ea3i, logistics \u0111\u1ec3 h\u1ed7 tr\u1ee3 v\u00e0 v\u1eadn chuy\u1ec3n h\u00e0ng h\u00f3a.<\/li>    <li>Ch\u00fang c\u0169ng \u0111\u01b0\u1ee3c s\u1eed d\u1ee5ng trong c\u00e1c ng\u00e0nh x\u00e2y d\u1ef1ng v\u00e0 s\u1ea3n xu\u1ea5t cho nhi\u1ec1u m\u1ee5c \u0111\u00edch kh\u00e1c nhau, ch\u1eb3ng h\u1ea1n nh\u01b0 h\u1ed7 tr\u1ee3 m\u00e1y m\u00f3c ho\u1eb7c t\u1ea1o th\u00e0nh n\u1ec1n m\u00f3ng c\u1ee7a m\u1ed9t k\u1ebft c\u1ea5u t\u1ea1m th\u1eddi.<\/li> <\/ul>    <figure class=\"wp-block-gallery has-nested-images columns-default is-cropped wp-block-gallery-3 is-layout-flex wp-block-gallery-is-layout-flex\"> <figure class=\"wp-block-image size-large\"><img loading=\"lazy\" decoding=\"async\" width=\"720\" height=\"540\" data-id=\"2356\" src=\"https:\/\/charcoalplant.com\/wp-content\/uploads\/2022\/02\/wood-block-1.jpg\" alt=\"\" class=\"wp-image-2356\"\/><\/figure>    <figure class=\"wp-block-image size-large\"><img loading=\"lazy\" decoding=\"async\" width=\"720\" height=\"540\" data-id=\"2355\" src=\"https:\/\/charcoalplant.com\/wp-content\/uploads\/2022\/02\/wood-pallet.jpg\" alt=\"\" class=\"wp-image-2355\"\/><\/figure> <\/figure>    <h2 class=\"wp-block-heading\" id=\"workflow-of-wood-pallet-block-making-machine\"><strong>Quy tr\u00ecnh l\u00e0m vi\u1ec7c c\u1ee7a m\u00e1y l\u00e0m kh\u1ed1i pallet g\u1ed7<\/strong><\/h2>    <div class=\"wp-block-columns has-background is-layout-flex wp-container-core-columns-is-layout-28f84493 wp-block-columns-is-layout-flex\" style=\"background-color:#f1f1f1\"> <div class=\"wp-block-column is-vertically-aligned-center is-layout-flow wp-block-column-is-layout-flow\" style=\"flex-basis:33.33%\"> <p class=\"has-text-align-left translation-block\"><strong>Th\u1ee9 nh\u1ea5t, x\u1eed l\u00fd nguy\u00ean li\u1ec7u.<\/strong><\/p>    <p class=\"has-text-align-left\">Nguy\u00ean li\u1ec7u th\u00f4 c\u1ea7n \u0111\u01b0\u1ee3c tr\u1ed9n k\u1ef9 v\u1edbi nh\u1ef1a ur\u00ea-formaldehyde b\u1eb1ng m\u00e1y tr\u1ed9n keo.<\/p> <\/div>    <div class=\"wp-block-column is-layout-flow wp-block-column-is-layout-flow\" style=\"flex-basis:66.66%\"> <figure class=\"wp-block-gallery has-nested-images columns-default is-cropped wp-block-gallery-4 is-layout-flex wp-block-gallery-is-layout-flex\"> <figure class=\"wp-block-image size-full\"><img loading=\"lazy\" decoding=\"async\" width=\"720\" height=\"540\" data-id=\"2352\" src=\"https:\/\/charcoalplant.com\/wp-content\/uploads\/2022\/02\/glue-mixer-2.jpg\" alt=\"\" class=\"wp-image-2352\"\/><\/figure> <\/figure> <\/div> <\/div>    <div class=\"wp-block-columns has-background is-layout-flex wp-container-core-columns-is-layout-28f84493 wp-block-columns-is-layout-flex\" style=\"background-color:#f1f1f1\"> <div class=\"wp-block-column is-layout-flow wp-block-column-is-layout-flow\" style=\"flex-basis:66.66%\"> <figure class=\"wp-block-gallery has-nested-images columns-default is-cropped wp-block-gallery-5 is-layout-flex wp-block-gallery-is-layout-flex\"> <figure class=\"wp-block-image size-large\"><img loading=\"lazy\" decoding=\"async\" width=\"720\" height=\"540\" data-id=\"2350\" src=\"https:\/\/charcoalplant.com\/wp-content\/uploads\/2022\/02\/feed.jpg\" alt=\"\" class=\"wp-image-2350\"\/><\/figure> <\/figure> <\/div>    <div class=\"wp-block-column is-vertically-aligned-center is-layout-flow wp-block-column-is-layout-flow\" style=\"flex-basis:33.33%\"> <p class=\"translation-block\"><strong>Th\u1ee9 hai, c\u1ea5p li\u1ec7u. <\/strong><\/p>    <p>Nguy\u00ean li\u1ec7u th\u00f4 h\u1ed7n h\u1ee3p c\u00f3 th\u1ec3 \u0111\u01b0\u1ee3c c\u1ea5p qua c\u1ed5ng c\u1ea5p li\u1ec7u c\u1ee7a m\u00e1y \u00e9p kh\u1ed1i g\u1ed7. H\u01a1n n\u1eefa, c\u1ed5ng c\u1ea5p li\u1ec7u c\u1ee7a m\u00e1y c\u00f3 thi\u1ebft k\u1ebf khu\u1ea5y v\u00e0 l\u00e0m tr\u1ed1ng. V\u00ec v\u1eady, kh\u00e1ch h\u00e0ng kh\u00f4ng ph\u1ea3i lo l\u1eafng v\u1ec1 v\u1ea5n \u0111\u1ec1 t\u1eafc ngh\u1ebdn nguy\u00ean li\u1ec7u.<\/p> <\/div> <\/div>    <div class=\"wp-block-columns has-background is-layout-flex wp-container-core-columns-is-layout-28f84493 wp-block-columns-is-layout-flex\" style=\"background-color:#f1f1f1\"> <div class=\"wp-block-column is-vertically-aligned-center is-layout-flow wp-block-column-is-layout-flow\" style=\"flex-basis:33.33%\"> <p class=\"translation-block\"><strong>Th\u1ee9 ba, x\u1ea3 li\u1ec7u. <\/strong><\/p>    <p>C\u00e1c d\u0103m g\u1ed7 bu\u1ed9c ph\u1ea3i \u0111\u01b0\u1ee3c t\u1ea1o h\u00ecnh v\u00e0 \u00e9p \u0111\u00f9n sau khi \u0111i qua \u00e1p su\u1ea5t cao c\u1ee7a xi lanh th\u1ee7y l\u1ef1c c\u1ee7a m\u00e1y \u0111\u00f3ng kh\u1ed1i pallet g\u1ed7 v\u00e0 nhi\u1ec7t \u0111\u1ed9 cao c\u1ee7a v\u00f2ng gia nhi\u1ec7t.<\/p> <\/div>    <div class=\"wp-block-column is-layout-flow wp-block-column-is-layout-flow\" style=\"flex-basis:66.66%\"> <figure class=\"wp-block-gallery has-nested-images columns-default is-cropped wp-block-gallery-6 is-layout-flex wp-block-gallery-is-layout-flex\"> <figure class=\"wp-block-image size-large\"><img loading=\"lazy\" decoding=\"async\" width=\"720\" height=\"540\" data-id=\"2330\" src=\"https:\/\/charcoalplant.com\/wp-content\/uploads\/2022\/02\/double-head-pallet-block-machine-1.jpg\" alt=\"m\u00e1y ch\u1eb7n pallet hai \u0111\u1ea7u\" class=\"wp-image-2330\"\/><figcaption class=\"wp-element-caption\">m\u00e1y ch\u1eb7n pallet hai \u0111\u1ea7u<\/figcaption><\/figure> <\/figure> <\/div> <\/div>    <div class=\"wp-block-columns has-background is-layout-flex wp-container-core-columns-is-layout-28f84493 wp-block-columns-is-layout-flex\" style=\"background-color:#f1f1f1\"> <div class=\"wp-block-column is-layout-flow wp-block-column-is-layout-flow\" style=\"flex-basis:66.66%\"> <figure class=\"wp-block-gallery has-nested-images columns-default is-cropped wp-block-gallery-7 is-layout-flex wp-block-gallery-is-layout-flex\"> <figure class=\"wp-block-image size-large\"><img loading=\"lazy\" decoding=\"async\" width=\"720\" height=\"540\" data-id=\"2351\" src=\"https:\/\/charcoalplant.com\/wp-content\/uploads\/2022\/02\/sawdust-blocks.jpg\" alt=\"\" class=\"wp-image-2351\"\/><\/figure> <\/figure> <\/div>    <div class=\"wp-block-column is-vertically-aligned-center is-layout-flow wp-block-column-is-layout-flow\" style=\"flex-basis:33.33%\"> <p class=\"translation-block\"><strong>Th\u1ee9 t\u01b0, c\u1eaft kh\u1ed1i g\u1ed7.<\/strong><\/p>    <p>H\u1ecd t\u1ea1o th\u00e0nh nh\u1eefng kh\u1ed1i g\u1ed7 d\u00e0i \u0111\u01b0\u1ee3c c\u1eaft th\u00e0nh nh\u1eefng chi\u1ec1u d\u00e0i \u0111\u1ed3ng \u0111\u1ec1u b\u1eb1ng c\u01b0a \u1edf c\u1ea3ng x\u1ea3.<\/p> <\/div> <\/div>    <h2 class=\"wp-block-heading\" id=\"parameters-of-wood-pallet-block-machine\"><strong>C\u00e1c th\u00f4ng s\u1ed1 c\u1ee7a m\u00e1y l\u00e0m kh\u1ed1i pallet g\u1ed7<\/strong><\/h2>    <p>M\u00e1y l\u00e0m kh\u1ed1i m\u00f9n c\u01b0a c\u1ee7a ch\u00fang t\u00f4i s\u1ea3n xu\u1ea5t c\u1ea3 kh\u1ed1i g\u1ed7 kh\u00f4ng x\u1ed1p v\u00e0 \u0111\u1ee5c l\u1ed7. V\u00e0 s\u1ed1 l\u01b0\u1ee3ng c\u0169ng nh\u01b0 th\u00f4ng s\u1ed1 k\u1ef9 thu\u1eadt c\u1ee7a c\u00e1c l\u1ed7 x\u1ea3 c\u1ee7a m\u00e1y c\u00f3 th\u1ec3 \u0111\u01b0\u1ee3c t\u00f9y ch\u1ec9nh.<\/p>    <figure class=\"wp-block-table is-style-stripes\"><table><tbody><tr><td>Ng\u01b0\u1eddi m\u1eabu<\/td><td>SL-WB100<\/td><\/tr><tr><td>T\u1ed5ng c\u00f4ng su\u1ea5t<\/td><td>15kw<\/td><\/tr><tr><td>Dung t\u00edch<\/td><td>4-5 m3\/24h<\/td><\/tr><tr><td>M\u1eadt \u0111\u1ed9 kh\u1ed1i<\/td><td>550-600kg\/m3<\/td><\/tr><tr><td>K\u00edch th\u01b0\u1edbc<\/td><td>4800*760*1300mm<\/td><\/tr><tr><td>C\u00e2n n\u1eb7ng<\/td><td>1200kg<\/td><\/tr><\/tbody><\/table><\/figure>    <figure class=\"wp-block-image aligncenter size-full\"><img loading=\"lazy\" decoding=\"async\" width=\"720\" height=\"540\" src=\"https:\/\/charcoalplant.com\/wp-content\/uploads\/2022\/02\/Three-head-wood-pallet-block-machine.jpg\" alt=\"M\u00e1y kh\u1ed1i pallet g\u1ed7 3 \u0111\u1ea7u\" class=\"wp-image-2328\"\/><figcaption class=\"wp-element-caption\">M\u00e1y \u0111\u00f3ng kh\u1ed1i pallet g\u1ed7 3 \u0111\u1ea7u<\/figcaption><\/figure>    <h2 class=\"wp-block-heading\" id=\"video-of-wood-pallet-block-machine\"><strong>Video m\u00e1y l\u00e0m kh\u1ed1i pallet g\u1ed7<\/strong><\/h2>    <p>M\u00e1y l\u00e0m kh\u1ed1i pallet g\u1ed7 \u0111\u01b0\u1ee3c s\u1eed d\u1ee5ng r\u1ed9ng r\u00e3i \u1edf n\u01b0\u1edbc ngo\u00e0i. B\u1ea1n c\u00f3 th\u1ec3 th\u1ea5y ch\u1ea5t l\u01b0\u1ee3ng kh\u1ed1i g\u1ed7 v\u00e0 s\u1ef1 ti\u1ec7n l\u1ee3i khi c\u01b0a c\u1ee7a n\u00f3 trong video d\u01b0\u1edbi \u0111\u00e2y. Cu\u1ed1i c\u00f9ng, hy v\u1ecdng b\u1ea1n th\u00edch video c\u1ee7a ch\u00fang t\u00f4i. V\u00e0 b\u1ea1n c\u00f3 th\u1ec3 li\u00ean h\u1ec7 v\u1edbi ch\u00fang t\u00f4i \u0111\u1ec3 h\u1ecfi v\u1ec1 gi\u00e1 m\u00e1y \u00e9p g\u1ea1ch block m\u00f9n c\u01b0a.<\/p>    <figure class=\"wp-block-embed is-type-video is-provider-youtube wp-block-embed-youtube wp-embed-aspect-16-9 wp-has-aspect-ratio\"><div class=\"wp-block-embed__wrapper\"> <iframe loading=\"lazy\" title=\"M\u00e1y L\u00e0m Kh\u1ed1i Pallet G\u1ed7 T\u1ef1 \u0110\u1ed9ng | Thi\u1ebft b\u1ecb c\u1eaft kh\u1ed1i m\u00f9n c\u01b0a#palletblock#shavingblock\" width=\"500\" height=\"281\" src=\"https:\/\/www.youtube.com\/embed\/RqVTaF_3GCw?feature=oembed\" frameborder=\"0\" allow=\"accelerometer; autoplay; clipboard-write; encrypted-media; gyroscope; picture-in-picture; web-share\" referrerpolicy=\"strict-origin-when-cross-origin\" allowfullscreen><\/iframe> <\/div><\/figure>    <h2 class=\"wp-block-heading\" id=\"sawdust-blocks-extruder-machine-for-sale\"><strong>M\u00e1y l\u00e0m kh\u1ed1i m\u00f9n c\u01b0a <\/strong>v\u1eadn chuy\u1ec3n \u0111\u1ebfn Malaysia<\/h2>    <figure class=\"wp-block-gallery has-nested-images columns-default is-cropped wp-block-gallery-8 is-layout-flex wp-block-gallery-is-layout-flex\"> <figure class=\"wp-block-image size-large\"><img loading=\"lazy\" decoding=\"async\" width=\"720\" height=\"540\" data-id=\"2331\" src=\"https:\/\/charcoalplant.com\/wp-content\/uploads\/2022\/02\/shippment.jpg\" alt=\"chuy\u1ebfn h\u00e0ng\" class=\"wp-image-2331\"\/><figcaption class=\"wp-element-caption\">chuy\u1ebfn h\u00e0ng<\/figcaption><\/figure>    <figure class=\"wp-block-image size-large\"><img loading=\"lazy\" decoding=\"async\" width=\"720\" height=\"540\" data-id=\"2332\" src=\"https:\/\/charcoalplant.com\/wp-content\/uploads\/2022\/02\/Wood-pallet-block-machine-shippment.jpg\" alt=\"G\u1ed7-pallet-kh\u1ed1i-m\u00e1y-v\u1eadn chuy\u1ec3n\" class=\"wp-image-2332\"\/><figcaption class=\"wp-element-caption\">G\u1ed7-pallet-kh\u1ed1i-m\u00e1y-v\u1eadn chuy\u1ec3n<\/figcaption><\/figure> <\/figure>    <p>M\u00e1y l\u00e0m kh\u1ed1i pallet g\u1ed7 do nh\u00e0 m\u00e1y ch\u00fang t\u00f4i s\u1ea3n xu\u1ea5t l\u00e0 m\u1eb7t h\u00e0ng b\u00e1n ch\u1ea1y tr\u00ean th\u1ecb tr\u01b0\u1eddng. G\u1ea7n \u0111\u00e2y ch\u00fang t\u00f4i nh\u1eadn \u0111\u01b0\u1ee3c y\u00eau c\u1ea7u t\u1eeb m\u1ed9t nh\u00e0 m\u00e1y s\u1ea3n xu\u1ea5t pallet g\u1ed7 \u1edf Malaysia. V\u00e0 ch\u00fang t\u00f4i r\u1ea5t vui khi \u0111\u01b0\u1ee3c l\u00e0m vi\u1ec7c c\u00f9ng nhau. Ch\u00fang t\u00f4i \u0111\u00e3 b\u00e1n nhi\u1ec1u m\u00e1y \u00e9p g\u1ed7 nhi\u1ec1u \u0111\u1ea7u cho kh\u00e1ch h\u00e0ng. V\u00e0 ch\u00fang t\u00f4i \u0111\u00e3 gi\u1ea3m gi\u00e1 l\u1edbn cho kh\u00e1ch h\u00e0ng c\u1ee7a m\u00ecnh.<\/p>    <h2 class=\"wp-block-heading\">M\u00e1y l\u00e0m kh\u1ed1i pallet g\u1ed7 ho\u1ea1t \u0111\u1ed9ng nh\u01b0 th\u1ebf n\u00e0o <\/h2>    <ul class=\"wp-block-list\"> <li>M\u00e1y bao g\u1ed3m khung, khu\u00f4n v\u00e0 h\u1ec7 th\u1ed1ng th\u1ee7y l\u1ef1c.<\/li>    <li>\u0110\u1ec3 s\u1eed d\u1ee5ng m\u00e1y, d\u0103m g\u1ed7 ho\u1eb7c m\u00f9n c\u01b0a \u0111\u01b0\u1ee3c \u0111\u01b0a v\u00e0o khu\u00f4n.<\/li>    <li>H\u1ec7 th\u1ed1ng th\u1ee7y l\u1ef1c \u0111\u01b0\u1ee3c k\u00edch ho\u1ea1t \u0111\u1ec3 t\u1ea1o \u00e1p l\u1ef1c l\u00ean v\u1eadt li\u1ec7u, n\u00e9n n\u00f3 th\u00e0nh m\u1ed9t kh\u1ed1i.<\/li>    <li>Kh\u1ed1i sau \u0111\u00f3 \u0111\u01b0\u1ee3c \u0111\u1ea9y ra kh\u1ecfi khu\u00f4n v\u00e0 s\u1eb5n s\u00e0ng \u0111\u1ec3 s\u1eed d\u1ee5ng.<\/li> <\/ul>    <h2 class=\"wp-block-heading\">\u01afu \u0111i\u1ec3m c\u1ee7a vi\u1ec7c s\u1eed d\u1ee5ng m\u00e1y l\u00e0m kh\u1ed1i g\u1ed7<\/h2>    <ul class=\"wp-block-list\"> <li><strong>Hi\u1ec7u qu\u1ea3:<\/strong> M\u00e1y c\u00f3 th\u1ec3 s\u1ea3n xu\u1ea5t m\u1ed9t s\u1ed1 l\u01b0\u1ee3ng l\u1edbn c\u00e1c kh\u1ed1i trong m\u1ed9t kho\u1ea3ng th\u1eddi gian ng\u1eafn, hi\u1ec7u qu\u1ea3 h\u01a1n so v\u1edbi c\u00e1c ph\u01b0\u01a1ng ph\u00e1p s\u1ea3n xu\u1ea5t th\u1ee7 c\u00f4ng.<\/li>    <li><strong>Ch\u1ea5t l\u01b0\u1ee3ng:<\/strong> C\u00e1c kh\u1ed1i do m\u00e1y t\u1ea1o ra c\u00f3 k\u00edch th\u01b0\u1edbc v\u00e0 h\u00ecnh d\u1ea1ng \u0111\u1ed3ng \u0111\u1ec1u h\u01a1n, mang l\u1ea1i s\u1ea3n ph\u1ea9m c\u00f3 ch\u1ea5t l\u01b0\u1ee3ng cao h\u01a1n.<\/li>    <li><strong>Tr\u1ecb gi\u00e1:<\/strong> S\u1eed d\u1ee5ng m\u00e1y l\u00e0m kh\u1ed1i pallet g\u1ed7 c\u00f3 th\u1ec3 ti\u1ebft ki\u1ec7m chi ph\u00ed h\u01a1n so v\u1edbi vi\u1ec7c mua c\u00e1c kh\u1ed1i l\u00e0m s\u1eb5n ho\u1eb7c x\u00e2y d\u1ef1ng ch\u00fang theo c\u00e1ch th\u1ee7 c\u00f4ng.<\/li> <\/ul>    <h2 class=\"wp-block-heading\">Ph\u1ea7n k\u1ebft lu\u1eadn <\/h2>    <p class=\"translation-block\">M\u00e1y l\u00e0m kh\u1ed1i pallet g\u1ed7 l\u00e0 m\u1ed9t c\u00f4ng c\u1ee5 qu\u00fd gi\u00e1 \u0111\u1ec3 s\u1ea3n xu\u1ea5t c\u00e1c kh\u1ed1i pallet ch\u1ea5t l\u01b0\u1ee3ng cao m\u1ed9t c\u00e1ch hi\u1ec7u qu\u1ea3 v\u00e0 ti\u1ebft ki\u1ec7m chi ph\u00ed. N\u00f3 c\u00f3 nhi\u1ec1u \u1ee9ng d\u1ee5ng trong c\u00e1c ng\u00e0nh c\u00f4ng nghi\u1ec7p kh\u00e1c nhau, l\u00e0m cho n\u00f3 tr\u1edf th\u00e0nh m\u1ed9t t\u00e0i s\u1ea3n qu\u00fd gi\u00e1 cho b\u1ea5t k\u1ef3 doanh nghi\u1ec7p n\u00e0o. <a href=\"https:\/\/charcoalplant.com\/vi\/\">Nh\u00f3m Shuliy<\/a> cung c\u1ea5p m\u1ed9t <a href=\"https:\/\/charcoalplant.com\/vi\/wood-pallet-blocks-production-line\/\">d\u00e2y chuy\u1ec1n s\u1ea3n xu\u1ea5t kh\u1ed1i pallet g\u1ed7<\/a> ho\u00e0n ch\u1ec9nh, c\u00f2n \u0111\u01b0\u1ee3c g\u1ecdi l\u00e0 d\u00e2y chuy\u1ec1n s\u1ea3n xu\u1ea5t kh\u1ed1i m\u00f9n c\u01b0a. Nguy\u00ean li\u1ec7u th\u00f4 c\u1ee7a n\u00f3 c\u00f3 th\u1ec3 l\u00e0 nhi\u1ec1u lo\u1ea1i kh\u00e1c nhau, ch\u1eb3ng h\u1ea1n nh\u01b0 g\u1ed7, tre, m\u00f9n c\u01b0a, v\u1ee5n g\u1ed7, v.v. V\u00e0 n\u00f3 ch\u1ee7 y\u1ebfu bao g\u1ed3m m\u1ed9t <a href=\"https:\/\/charcoalplant.com\/vi\/product\/wood-crusher-machine\/\">m\u00e1y nghi\u1ec1n g\u1ed7<\/a>, <a href=\"https:\/\/charcoalplant.com\/vi\/product\/rice-husk-dryer\/\">m\u00e1y s\u1ea5y m\u00f9n c\u01b0a<\/a>, m\u00e1y tr\u1ed9n keo v\u00e0 m\u1ed9t m\u00e1y l\u00e0m kh\u1ed1i g\u1ed7. N\u1ebfu b\u1ea1n mu\u1ed1n b\u1eaft \u0111\u1ea7u kinh doanh s\u1ea3n xu\u1ea5t kh\u1ed1i pallet c\u1ee7a m\u00ecnh, \u0111\u1eebng ng\u1ea7n ng\u1ea1i li\u00ean h\u1ec7 v\u1edbi c\u00e1c chuy\u00ean gia c\u1ee7a ch\u00fang t\u00f4i \u0111\u1ec3 \u0111\u01b0\u1ee3c h\u01b0\u1edbng d\u1eabn chuy\u00ean nghi\u1ec7p. <\/p>","protected":false},"excerpt":{"rendered":"<p>M\u00e1y \u00e9p kh\u1ed1i pallet g\u1ed7 l\u00e0 thi\u1ebft b\u1ecb s\u1ea3n xu\u1ea5t ch\u00e2n ch\u1ecbu l\u1ef1c. N\u00f3 c\u00f3 th\u1ec3 \u0111\u01b0\u1ee3c s\u1eed d\u1ee5ng trong ng\u00e0nh \u0111\u00f3ng g\u00f3i v\u00e0 h\u1eadu c\u1ea7n (v\u1eadn t\u1ea3i).<\/p>","protected":false},"author":1,"featured_media":2337,"parent":0,"template":"","tags":[66],"product-type":[43,3],"class_list":["post-2322","product","type-product","status-publish","has-post-thumbnail","hentry","tag-biomass-briquette-machine","product-type-biomass-briquette-machine","product-type-wood-wastes-recycling-machine"],"_links":{"self":[{"href":"https:\/\/charcoalplant.com\/vi\/wp-json\/wp\/v2\/product\/2322","targetHints":{"allow":["GET"]}}],"collection":[{"href":"https:\/\/charcoalplant.com\/vi\/wp-json\/wp\/v2\/product"}],"about":[{"href":"https:\/\/charcoalplant.com\/vi\/wp-json\/wp\/v2\/types\/product"}],"author":[{"embeddable":true,"href":"https:\/\/charcoalplant.com\/vi\/wp-json\/wp\/v2\/users\/1"}],"wp:featuredmedia":[{"embeddable":true,"href":"https:\/\/charcoalplant.com\/vi\/wp-json\/wp\/v2\/media\/2337"}],"wp:attachment":[{"href":"https:\/\/charcoalplant.com\/vi\/wp-json\/wp\/v2\/media?parent=2322"}],"wp:term":[{"taxonomy":"post_tag","embeddable":true,"href":"https:\/\/charcoalplant.com\/vi\/wp-json\/wp\/v2\/tags?post=2322"},{"taxonomy":"product-type","embeddable":true,"href":"https:\/\/charcoalplant.com\/vi\/wp-json\/wp\/v2\/product-type?post=2322"}],"curies":[{"name":"wp","href":"https:\/\/api.w.org\/{rel}","templated":true}]}}