{"id":2505,"date":"2022-02-25T10:09:19","date_gmt":"2022-02-25T10:09:19","guid":{"rendered":"https:\/\/charcoalplant.com\/?page_id=2505"},"modified":"2023-01-07T14:38:58","modified_gmt":"2023-01-07T06:38:58","slug":"wood-pallet-block-production-line","status":"publish","type":"product","link":"https:\/\/charcoalplant.com\/vi\/wood-pallet-block-production-line\/","title":{"rendered":"D\u00e2y chuy\u1ec1n s\u1ea3n xu\u1ea5t kh\u1ed1i g\u1ed7 Pallet"},"content":{"rendered":"<div class=\"kk-star-ratings kksr-auto kksr-align-left kksr-valign-top\"     data-payload='{&quot;align&quot;:&quot;left&quot;,&quot;id&quot;:&quot;2505&quot;,&quot;slug&quot;:&quot;default&quot;,&quot;valign&quot;:&quot;top&quot;,&quot;ignore&quot;:&quot;&quot;,&quot;reference&quot;:&quot;auto&quot;,&quot;class&quot;:&quot;&quot;,&quot;count&quot;:&quot;17&quot;,&quot;legendonly&quot;:&quot;&quot;,&quot;readonly&quot;:&quot;&quot;,&quot;score&quot;:&quot;4.7&quot;,&quot;starsonly&quot;:&quot;&quot;,&quot;best&quot;:&quot;5&quot;,&quot;gap&quot;:&quot;5&quot;,&quot;greet&quot;:&quot;Rate this product&quot;,&quot;legend&quot;:&quot;4.7\\\/5 - (17 b\u00ecnh ch\u1ecdn)&quot;,&quot;size&quot;:&quot;24&quot;,&quot;title&quot;:&quot;Wood Pallet Block Production Line&quot;,&quot;width&quot;:&quot;133.8&quot;,&quot;_legend&quot;:&quot;{score}\\\/{best} - ({count} {votes})&quot;,&quot;font_factor&quot;:&quot;1.25&quot;}'>              <div class=\"kksr-stars\">      <div class=\"kksr-stars-inactive\">             <div class=\"kksr-star\" data-star=\"1\" style=\"padding-right: 5px\">               <div class=\"kksr-icon\" style=\"width: 24px; height: 24px;\"><\/div>         <\/div>             <div class=\"kksr-star\" data-star=\"2\" style=\"padding-right: 5px\">               <div class=\"kksr-icon\" style=\"width: 24px; height: 24px;\"><\/div>         <\/div>             <div class=\"kksr-star\" data-star=\"3\" style=\"padding-right: 5px\">               <div class=\"kksr-icon\" style=\"width: 24px; height: 24px;\"><\/div>         <\/div>             <div class=\"kksr-star\" data-star=\"4\" style=\"padding-right: 5px\">               <div class=\"kksr-icon\" style=\"width: 24px; height: 24px;\"><\/div>         <\/div>             <div class=\"kksr-star\" data-star=\"5\" style=\"padding-right: 5px\">               <div class=\"kksr-icon\" style=\"width: 24px; height: 24px;\"><\/div>         <\/div>     <\/div>      <div class=\"kksr-stars-active\" style=\"width: 133.8px;\">             <div class=\"kksr-star\" style=\"padding-right: 5px\">               <div class=\"kksr-icon\" style=\"width: 24px; height: 24px;\"><\/div>         <\/div>             <div class=\"kksr-star\" style=\"padding-right: 5px\">               <div class=\"kksr-icon\" style=\"width: 24px; height: 24px;\"><\/div>         <\/div>             <div class=\"kksr-star\" style=\"padding-right: 5px\">               <div class=\"kksr-icon\" style=\"width: 24px; height: 24px;\"><\/div>         <\/div>             <div class=\"kksr-star\" style=\"padding-right: 5px\">               <div class=\"kksr-icon\" style=\"width: 24px; height: 24px;\"><\/div>         <\/div>             <div class=\"kksr-star\" style=\"padding-right: 5px\">               <div class=\"kksr-icon\" style=\"width: 24px; height: 24px;\"><\/div>         <\/div>     <\/div> <\/div>                   <div class=\"kksr-legend\" style=\"font-size: 19.2px;\">             4,7\/5 - (17 B\u00ecnh Ch\u1ecdn)    <\/div>     <\/div>  <p class=\"translation-block\"><strong>D\u00e2y chuy\u1ec1n s\u1ea3n xu\u1ea5t kh\u1ed1i pallet g\u1ed7<\/strong> l\u00e0 m\u1ed9t lo\u1ea1t m\u00e1y m\u00f3c v\u00e0 thi\u1ebft b\u1ecb \u0111\u01b0\u1ee3c s\u1eed d\u1ee5ng \u0111\u1ec3 s\u1ea3n xu\u1ea5t kh\u1ed1i pallet g\u1ed7 tr\u00ean quy m\u00f4 l\u1edbn. D\u00e2y chuy\u1ec1n s\u1ea3n xu\u1ea5t th\u01b0\u1eddng bao g\u1ed3m m\u00e1y nghi\u1ec1n g\u1ed7, m\u00e1y s\u1ea5y, m\u00e1y tr\u1ed9n v\u00e0 m\u00e1y l\u00e0m kh\u1ed1i g\u1ed7. <strong>M\u00e1y l\u00e0m kh\u1ed1i pallet g\u1ed7<\/strong> l\u00e0 m\u1ed9t trong nh\u1eefng thi\u1ebft b\u1ecb then ch\u1ed1t c\u1ee7a d\u00e2y chuy\u1ec1n s\u1ea3n xu\u1ea5t kh\u1ed1i pallet g\u1ed7. Nguy\u00ean li\u1ec7u c\u1ee7a d\u00e2y chuy\u1ec1n s\u1ea3n xu\u1ea5t ch\u1ee7 y\u1ebfu l\u00e0 g\u1ed7 ph\u1ebf li\u1ec7u. Tr\u00ean th\u1ef1c t\u1ebf, to\u00e0n b\u1ed9 d\u00e2y chuy\u1ec1n s\u1ea3n xu\u1ea5t c\u00f3 t\u00ednh t\u1ef1 \u0111\u1ed9ng h\u00f3a cao. Do \u0111\u00f3, to\u00e0n b\u1ed9 ho\u1ea1t \u0111\u1ed9ng c\u1ee7a n\u00f3 ch\u1ec9 c\u1ea7n 4-5 th\u00e0nh vi\u00ean trong gia \u0111\u00ecnh. C\u00f3 th\u1ec3 th\u1ea5y, d\u00e2y chuy\u1ec1n s\u1ea3n xu\u1ea5t kh\u1ed1i pallet l\u00e0 m\u1ed9t d\u1ef1 \u00e1n sinh l\u1eddi. N\u1ebfu b\u1ea1n quan t\u00e2m \u0111\u1ebfn d\u1ef1 \u00e1n n\u00e0y, vui l\u00f2ng li\u00ean h\u1ec7 v\u1edbi ch\u00fang t\u00f4i.<\/p>    <figure class=\"wp-block-image aligncenter size-full\"><img loading=\"lazy\" decoding=\"async\" width=\"720\" height=\"540\" src=\"https:\/\/charcoalplant.com\/wp-content\/uploads\/2022\/02\/Wood-Pallet-Blocks-Production-Line-1.jpg\" alt=\"d\u00e2y chuy\u1ec1n s\u1ea3n xu\u1ea5t kh\u1ed1i pallet g\u1ed7\" class=\"wp-image-2510\"\/><figcaption class=\"wp-element-caption\">d\u00e2y chuy\u1ec1n s\u1ea3n xu\u1ea5t kh\u1ed1i pallet g\u1ed7<\/figcaption><\/figure>    <h2 class=\"wp-block-heading\" id=\"h-raw-materials-for-sawdust-block-production-line\">Nguy\u00ean li\u1ec7u cho d\u00e2y chuy\u1ec1n s\u1ea3n xu\u1ea5t g\u1ea1ch m\u00f9n c\u01b0a<\/h2>    <p>Kh\u1ed1i pallet g\u1ed7 ch\u1ee7 y\u1ebfu \u0111\u01b0\u1ee3c l\u00e0m t\u1eeb m\u00f9n c\u01b0a, d\u0103m b\u00e0o, g\u1ed7 th\u1ea3i, tre th\u1ea3i, pallet g\u1ed7 th\u1ea3i v\u00e0 c\u00e1c v\u1eadt li\u1ec7u th\u00f4 kh\u00e1c l\u00e0m nguy\u00ean li\u1ec7u th\u00f4. V\u00ec v\u1eady, d\u00e2y chuy\u1ec1n s\u1ea3n xu\u1ea5t kh\u1ed1i pallet g\u1ed7 c\u00f3 \u0111\u1eb7c \u0111i\u1ec3m l\u00e0 \u0111\u1ea7u t\u01b0 th\u1ea5p. Ch\u1ec9 c\u00f3 \u0111\u1ed9 nh\u1edbt gi\u1eefa c\u00e1c ph\u00e2n t\u1eed nguy\u00ean li\u1ec7u th\u00f4 l\u00e0 m\u1ea1nh h\u01a1n. Kh\u1ed1i m\u00f9n c\u01b0a c\u00f3 th\u1ec3 \u0111\u00f3ng vai tr\u00f2 ch\u1ecbu t\u1ea3i t\u1ed1t. V\u00ec v\u1eady, nguy\u00ean li\u1ec7u c\u1ea7n \u0111\u01b0\u1ee3c tr\u1ed9n v\u1edbi keo theo m\u1ed9t t\u1ef7 l\u1ec7 nh\u1ea5t \u0111\u1ecbnh.<\/p>    <figure class=\"wp-block-gallery has-nested-images columns-default is-cropped wp-block-gallery-2 is-layout-flex wp-block-gallery-is-layout-flex\"> <figure class=\"wp-block-image size-large\"><img loading=\"lazy\" decoding=\"async\" width=\"720\" height=\"540\" data-id=\"2528\" src=\"https:\/\/charcoalplant.com\/wp-content\/uploads\/2022\/02\/sawdust-3.jpg\" alt=\"m\u00f9n c\u01b0a\" class=\"wp-image-2528\"\/><figcaption class=\"wp-element-caption\">m\u00f9n c\u01b0a<\/figcaption><\/figure>    <figure class=\"wp-block-image size-large\"><img loading=\"lazy\" decoding=\"async\" width=\"720\" height=\"540\" data-id=\"2529\" src=\"https:\/\/charcoalplant.com\/wp-content\/uploads\/2022\/02\/wood-shavings-1.jpg\" alt=\"d\u0103m g\u1ed7\" class=\"wp-image-2529\"\/><figcaption class=\"wp-element-caption\">d\u0103m g\u1ed7<\/figcaption><\/figure> <\/figure>    <h2 class=\"wp-block-heading\">C\u1ea5u t\u1ea1o d\u00e2y chuy\u1ec1n s\u1ea3n xu\u1ea5t g\u1ea1ch pallet g\u1ed7<\/h2>    <p><br>D\u00e2y chuy\u1ec1n s\u1ea3n xu\u1ea5t kh\u1ed1i g\u1ed7 pallet bao g\u1ed3m m\u00e1y nghi\u1ec1n g\u1ed7, m\u00e1y s\u1ea5y m\u00f9n c\u01b0a, m\u00e1y tr\u1ed9n keo, m\u00e1y l\u00e0m kh\u1ed1i g\u1ed7, m\u00e1y c\u1eaft t\u1ef1 \u0111\u1ed9ng. (Ch\u1ec9 mang t\u00ednh tham kh\u1ea3o, c\u1ea5u tr\u00fac c\u1ee5 th\u1ec3 c\u1ea7n \u0111\u01b0\u1ee3c x\u00e1c \u0111\u1ecbnh theo nguy\u00ean li\u1ec7u th\u00f4). D\u01b0\u1edbi \u0111\u00e2y t\u00f4i s\u1ebd gi\u1edbi thi\u1ec7u t\u1eebng thi\u1ebft b\u1ecb m\u1ed9t.<\/p>    <div class=\"wp-block-columns has-background is-layout-flex wp-container-core-columns-is-layout-28f84493 wp-block-columns-is-layout-flex\" style=\"background-color:#f1f1f1\"> <div class=\"wp-block-column is-vertically-aligned-center is-layout-flow wp-block-column-is-layout-flow\" style=\"flex-basis:33.33%\"> <p class=\"translation-block\"><strong>M\u00e1y nghi\u1ec1n g\u1ed7<\/strong><\/p>    <p class=\"translation-block\">N\u1ebfu nguy\u00ean li\u1ec7u c\u1ee7a kh\u00e1ch h\u00e0ng l\u00e0 g\u1ed7 kh\u1ed1i, b\u1ea1n c\u1ea7n s\u1eed d\u1ee5ng <strong><a href=\"https:\/\/charcoalplant.com\/vi\/wood-wastes-recycling-machine\/wood-crusher-machine\/\">m\u00e1y nghi\u1ec1n g\u1ed7<\/a><\/strong> ho\u1eb7c <strong>m\u00e1y b\u00e0o g\u1ed7<\/strong> \u0111\u1ec3 nghi\u1ec1n nguy\u00ean li\u1ec7u th\u00e0nh 6-8mm. V\u00ec k\u00edch th\u01b0\u1edbc h\u1ea1t g\u1ed7 n\u00e0y d\u1ec5 t\u1ea1o h\u00ecnh. Ho\u1eb7c s\u1eed d\u1ee5ng tr\u1ef1c ti\u1ebfp m\u00f9n c\u01b0a ho\u1eb7c d\u0103m b\u00e0o \u0111\u00e1p \u1ee9ng k\u00edch th\u01b0\u1edbc nguy\u00ean li\u1ec7u.<\/p> <\/div>    <div class=\"wp-block-column is-layout-flow wp-block-column-is-layout-flow\" style=\"flex-basis:66.66%\"> <figure class=\"wp-block-gallery has-nested-images columns-default is-cropped wp-block-gallery-3 is-layout-flex wp-block-gallery-is-layout-flex\"> <figure class=\"wp-block-image size-large\"><img loading=\"lazy\" decoding=\"async\" width=\"720\" height=\"540\" data-id=\"1898\" src=\"https:\/\/charcoalplant.com\/wp-content\/uploads\/2022\/01\/electric-wood-crushing-machine-for-sale.jpg\" alt=\"b\u00e1n m\u00e1y nghi\u1ec1n g\u1ed7 ch\u1ea1y \u0111i\u1ec7n\" class=\"wp-image-1898\" srcset=\"https:\/\/charcoalplant.com\/wp-content\/uploads\/2022\/01\/electric-wood-crushing-machine-for-sale.jpg 720w, https:\/\/charcoalplant.com\/wp-content\/uploads\/2022\/01\/electric-wood-crushing-machine-for-sale-300x225.jpg 300w\" sizes=\"auto, (max-width: 720px) 100vw, 720px\" \/><figcaption class=\"wp-element-caption\">b\u00e1n m\u00e1y nghi\u1ec1n g\u1ed7 ch\u1ea1y \u0111i\u1ec7n<\/figcaption><\/figure> <\/figure> <\/div> <\/div>    <div class=\"wp-block-columns has-background is-layout-flex wp-container-core-columns-is-layout-28f84493 wp-block-columns-is-layout-flex\" style=\"background-color:#f1f1f1\"> <div class=\"wp-block-column is-layout-flow wp-block-column-is-layout-flow\" style=\"flex-basis:66.66%\"> <figure class=\"wp-block-gallery has-nested-images columns-default is-cropped wp-block-gallery-4 is-layout-flex wp-block-gallery-is-layout-flex\"> <figure class=\"wp-block-image size-large\"><img loading=\"lazy\" decoding=\"async\" width=\"720\" height=\"540\" data-id=\"968\" src=\"https:\/\/charcoalplant.com\/wp-content\/uploads\/2021\/11\/Roller-1.jpg\" alt=\"Con l\u0103n\" class=\"wp-image-968\" srcset=\"https:\/\/charcoalplant.com\/wp-content\/uploads\/2021\/11\/Roller-1.jpg 720w, https:\/\/charcoalplant.com\/wp-content\/uploads\/2021\/11\/Roller-1-300x225.jpg 300w\" sizes=\"auto, (max-width: 720px) 100vw, 720px\" \/><figcaption class=\"wp-element-caption\">Con l\u0103n<\/figcaption><\/figure> <\/figure> <\/div>    <div class=\"wp-block-column is-vertically-aligned-center is-layout-flow wp-block-column-is-layout-flow\" style=\"flex-basis:33.33%\"> <p class=\"translation-block\"><strong>M\u00e1y s\u1ea5y m\u00f9n c\u01b0a<\/strong><\/p>    <p class=\"translation-block\">\u0110\u1ed9 \u1ea9m c\u1ee7a m\u00f9n c\u01b0a ho\u1eb7c d\u0103m b\u00e0o ph\u1ea3i \u0111\u01b0\u1ee3c gi\u1eef d\u01b0\u1edbi 12%. Do \u0111\u00f3, n\u1ebfu h\u00e0m l\u01b0\u1ee3ng \u1ea9m c\u1ee7a nguy\u00ean li\u1ec7u cao h\u01a1n 12%, kh\u00e1ch h\u00e0ng c\u1ea7n s\u1eed d\u1ee5ng <strong><a href=\"https:\/\/charcoalplant.com\/vi\/drying-machine\/rice-husk-dryer\/\">m\u00e1y s\u1ea5y m\u00f9n c\u01b0a<\/a><\/strong> \u0111\u1ec3 l\u00e0m kh\u00f4 nguy\u00ean li\u1ec7u. (S\u1ed1 l\u01b0\u1ee3ng m\u00e1y s\u1ea5y \u0111\u01b0\u1ee3c x\u00e1c \u0111\u1ecbnh theo \u0111\u1ed9 \u1ea9m c\u1ee7a nguy\u00ean li\u1ec7u v\u00e0 c\u00f3 th\u1ec3 t\u0103ng l\u00ean m\u1ed9t c\u00e1ch th\u00edch h\u1ee3p)<\/p> <\/div> <\/div>    <div class=\"wp-block-columns has-background is-layout-flex wp-container-core-columns-is-layout-28f84493 wp-block-columns-is-layout-flex\" style=\"background-color:#f1f1f1\"> <div class=\"wp-block-column is-vertically-aligned-center is-layout-flow wp-block-column-is-layout-flow\" style=\"flex-basis:33.33%\"> <p class=\"translation-block\"><strong>M\u00e1y tr\u1ed9n keo<\/strong><\/p>    <p>Cho nguy\u00ean li\u1ec7u v\u00e0o m\u00e1y tr\u1ed9n keo v\u00e0 khu\u1ea5y li\u00ean t\u1ee5c v\u1edbi t\u1ef7 l\u1ec7 keo nh\u1ea5t \u0111\u1ecbnh qua thi\u1ebft b\u1ecb. Sau 15-20 ph\u00fat, qu\u00e1 tr\u00ecnh tr\u1ed9n ho\u00e0n t\u1ea5t v\u00e0 v\u1eadt li\u1ec7u \u0111\u01b0\u1ee3c th\u1ea3i ra kh\u1ecfi \u0111\u00e1y m\u00e1y tr\u1ed9n keo.<\/p> <\/div>    <div class=\"wp-block-column is-layout-flow wp-block-column-is-layout-flow\" style=\"flex-basis:66.66%\"> <figure class=\"wp-block-gallery has-nested-images columns-default is-cropped wp-block-gallery-5 is-layout-flex wp-block-gallery-is-layout-flex\"> <figure class=\"wp-block-image size-full\"><img loading=\"lazy\" decoding=\"async\" width=\"720\" height=\"540\" data-id=\"2349\" src=\"https:\/\/charcoalplant.com\/wp-content\/uploads\/2022\/02\/glue-mixer-1.jpg\" alt=\"m\u00e1y tr\u1ed9n keo\" class=\"wp-image-2349\"\/><figcaption class=\"wp-element-caption\">m\u00e1y tr\u1ed9n keo<\/figcaption><\/figure> <\/figure> <\/div> <\/div>    <div class=\"wp-block-columns has-background is-layout-flex wp-container-core-columns-is-layout-28f84493 wp-block-columns-is-layout-flex\" style=\"background-color:#f1f1f1\"> <div class=\"wp-block-column is-layout-flow wp-block-column-is-layout-flow\" style=\"flex-basis:66.66%\"> <figure class=\"wp-block-gallery has-nested-images columns-default is-cropped wp-block-gallery-6 is-layout-flex wp-block-gallery-is-layout-flex\"> <figure class=\"wp-block-image size-large\"><img loading=\"lazy\" decoding=\"async\" width=\"720\" height=\"540\" data-id=\"2325\" src=\"https:\/\/charcoalplant.com\/wp-content\/uploads\/2022\/02\/wood-block-machine-plant.jpg\" alt=\"nh\u00e0 m\u00e1y-kh\u1ed1i g\u1ed7\" class=\"wp-image-2325\"\/><figcaption class=\"wp-element-caption\">nh\u00e0 m\u00e1y-kh\u1ed1i g\u1ed7<\/figcaption><\/figure> <\/figure> <\/div>    <div class=\"wp-block-column is-vertically-aligned-center is-layout-flow wp-block-column-is-layout-flow\" style=\"flex-basis:33.33%\"> <p><strong><a href=\"https:\/\/charcoalplant.com\/vi\/product\/wood-pallet-block-making-machine\/\">M\u00e1y l\u00e0m kh\u1ed1i g\u1ed7<\/a><\/strong><\/p>    <p>Nguy\u00ean li\u1ec7u th\u00f4 \u0111\u00e3 qua ch\u1ebf bi\u1ebfn \u0111\u01b0\u1ee3c \u00e9p n\u00f3ng b\u1eb1ng m\u00e1y kh\u1eafc g\u1ed7 \u0111\u1ec3 t\u1ea1o th\u00e0nh c\u00e1c kh\u1ed1i pallet g\u1ed7. Th\u00f4ng th\u01b0\u1eddng, m\u1ed9t d\u00e2y chuy\u1ec1n s\u1ea3n xu\u1ea5t \u0111\u01b0\u1ee3c trang b\u1ecb b\u1ed1n m\u00e1y \u00e9p nhi\u1ec7t. V\u00ec v\u1eady, kh\u00e1ch h\u00e0ng c\u00f3 th\u1ec3 l\u1ef1a ch\u1ecdn nhi\u1ec1u m\u00e1y l\u00e0m kh\u1ed1i g\u1ed7 trong d\u00e2y chuy\u1ec1n s\u1ea3n xu\u1ea5t.<\/p> <\/div> <\/div>    <h2 class=\"wp-block-heading\">C\u00e1c lo\u1ea1i m\u00e1y c\u1eaft kh\u1ed1i n\u00e9n<\/h2>    <p class=\"translation-block\"><strong>kh\u1ed1i pallet g\u1ed7 cho m\u00e1y c\u01b0a m\u1ed9t l\u01b0\u1ee1i<\/strong><br>Lo\u1ea1i m\u00e1y c\u01b0a n\u00e0y th\u01b0\u1eddng \u0111\u01b0\u1ee3c \u0111\u1eb7t \u1edf c\u1eeda x\u1ea3 c\u1ee7a m\u00e1y b\u00e0o kh\u1ed1i. V\u00e0 n\u00f3 c\u0169ng c\u00f3 lo\u1ea1i th\u1ee7 c\u00f4ng v\u00e0 t\u1ef1 \u0111\u1ed9ng. Ch\u1ee9c n\u0103ng ch\u00ednh c\u1ee7a n\u00f3 l\u00e0 c\u1eaft c\u00e1c kh\u1ed1i m\u00f9n c\u01b0a \u0111\u01b0\u1ee3c \u00e9p th\u00e0nh c\u00e1c \u0111\u1ed9 d\u00e0i \u0111\u1ed3ng nh\u1ea5t \u0111\u1ec3 b\u00e1n ho\u1eb7c x\u1ebfp ch\u1ed3ng. H\u01a1n n\u1eefa, nh\u00e0 m\u00e1y c\u1ee7a ch\u00fang t\u00f4i c\u00f3 th\u1ec3 trang b\u1ecb cho kh\u00e1ch h\u00e0ng c\u00e1c lo\u1ea1i m\u00e1y c\u1eaft kh\u1ed1i m\u00f9n c\u01b0a kh\u00e1c nhau.<\/p>    <figure class=\"wp-block-gallery has-nested-images columns-default is-cropped wp-block-gallery-7 is-layout-flex wp-block-gallery-is-layout-flex\"> <figure class=\"wp-block-image size-large\"><img loading=\"lazy\" decoding=\"async\" width=\"720\" height=\"540\" data-id=\"2520\" src=\"https:\/\/charcoalplant.com\/wp-content\/uploads\/2022\/02\/sigle-blade-saw-1.jpg\" alt=\"l\u01b0\u1ee1i c\u01b0a sigle\" class=\"wp-image-2520\"\/><figcaption class=\"wp-element-caption\">l\u01b0\u1ee1i c\u01b0a sigle<\/figcaption><\/figure>    <figure class=\"wp-block-image size-large\"><img loading=\"lazy\" decoding=\"async\" width=\"720\" height=\"540\" data-id=\"2519\" src=\"https:\/\/charcoalplant.com\/wp-content\/uploads\/2022\/02\/wood-block-production-line.jpg\" alt=\"d\u00e2y chuy\u1ec1n s\u1ea3n xu\u1ea5t kh\u1ed1i g\u1ed7\" class=\"wp-image-2519\"\/><figcaption class=\"wp-element-caption\">d\u00e2y chuy\u1ec1n s\u1ea3n xu\u1ea5t kh\u1ed1i g\u1ed7<\/figcaption><\/figure> <\/figure>    <p class=\"translation-block\"><strong>kh\u1ed1i pallet g\u1ed7 cho m\u00e1y c\u01b0a nhi\u1ec1u l\u01b0\u1ee1i t\u1ef1 \u0111\u1ed9ng<\/strong><\/p>    <p>M\u00e1y c\u1eaft kh\u1ed1i pallet g\u1ed7 (model nhi\u1ec1u l\u01b0\u1ee1i), c\u00f3 th\u1ec3 d\u00f9ng \u0111\u1ec3 c\u1eaft kh\u1ed1i pallet d\u1ea1ng h\u1ea1t, g\u1ed7 nguy\u00ean kh\u1ed1i, g\u1ed7 nhi\u1ec1u l\u1edbp, v\u00e1n \u00e9p. M\u00e1y c\u00f3 \u01b0u \u0111i\u1ec3m l\u00e0 \u00edt b\u1ee5i, v\u1eadn h\u00e0nh \u1ed5n \u0111\u1ecbnh, hi\u1ec7u qu\u1ea3 cao, v\u1eadn h\u00e0nh \u0111\u01a1n gi\u1ea3n. V\u00ec v\u1eady, n\u00f3 l\u00e0 thi\u1ebft b\u1ecb gia c\u00f4ng kh\u00f4ng th\u1ec3 thi\u1ebfu cho d\u00e2y chuy\u1ec1n s\u1ea3n xu\u1ea5t kh\u1ed1i pallet g\u1ed7.<\/p>    <figure class=\"wp-block-gallery has-nested-images columns-default is-cropped wp-block-gallery-8 is-layout-flex wp-block-gallery-is-layout-flex\"> <figure class=\"wp-block-image size-large\"><img loading=\"lazy\" decoding=\"async\" width=\"720\" height=\"540\" data-id=\"2521\" src=\"https:\/\/charcoalplant.com\/wp-content\/uploads\/2022\/02\/multi-blade-saw.jpg\" alt=\"c\u01b0a nhi\u1ec1u l\u01b0\u1ee1i\" class=\"wp-image-2521\"\/><figcaption class=\"wp-element-caption\">c\u01b0a nhi\u1ec1u l\u01b0\u1ee1i<\/figcaption><\/figure>    <figure class=\"wp-block-image size-large\"><img loading=\"lazy\" decoding=\"async\" width=\"720\" height=\"540\" data-id=\"2522\" src=\"https:\/\/charcoalplant.com\/wp-content\/uploads\/2022\/02\/wood-pallet-block-.jpg\" alt=\"kh\u1ed1i pallet g\u1ed7\" class=\"wp-image-2522\"\/><figcaption class=\"wp-element-caption\">kh\u1ed1i pallet g\u1ed7<\/figcaption><\/figure> <\/figure>    <h2 class=\"wp-block-heading\">C\u1ea7n b\u00e1n d\u00e2y chuy\u1ec1n s\u1ea3n xu\u1ea5t kh\u1ed1i pallet g\u1ed7<\/h2>    <p class=\"translation-block\"><a href=\"https:\/\/charcoalplant.com\/vi\/\">Shuliy Machinery<\/a> cung c\u1ea5p cho kh\u00e1ch h\u00e0ng c\u00e1c gi\u1ea3i ph\u00e1p d\u00e2y chuy\u1ec1n s\u1ea3n xu\u1ea5t kh\u1ed1i pallet g\u1ed7. Ngo\u00e0i ra, t\u00f4i l\u00e0 m\u1ed9t thi\u1ebft b\u1ecb tr\u1ef1c ti\u1ebfp t\u1eeb nh\u00e0 m\u00e1y. Do \u0111\u00f3, ch\u00fang t\u00f4i cung c\u1ea5p d\u1ecbch v\u1ee5 ph\u1ee5 t\u00f9ng tr\u1ecdn \u0111\u1eddi. Ngo\u00e0i vi\u1ec7c s\u1ea3n xu\u1ea5t m\u00e1y kh\u1ed1i g\u1ed7, ch\u00fang t\u00f4i c\u00f2n s\u1ea3n xu\u1ea5t nhi\u1ec1u thi\u1ebft b\u1ecb ch\u1ebf bi\u1ebfn g\u1ed7 kh\u00e1c nhau. N\u00f3i t\u00f3m l\u1ea1i, xin h\u00e3y y\u00ean t\u00e2m r\u1eb1ng nh\u00e2n vi\u00ean c\u1ee7a ch\u00fang t\u00f4i s\u1ebd ch\u0103m s\u00f3c d\u1ecbch v\u1ee5 v\u1eadn chuy\u1ec3n v\u00e0 l\u1eafp \u0111\u1eb7t. Ch\u00e0o m\u1eebng b\u1ea1n li\u00ean h\u1ec7 v\u1edbi ch\u00fang t\u00f4i \u0111\u1ec3 bi\u1ebft th\u00eam chi ti\u1ebft.<\/p>    <figure class=\"wp-block-gallery has-nested-images columns-2 is-cropped wp-block-gallery-9 is-layout-flex wp-block-gallery-is-layout-flex\"> <figure class=\"wp-block-image size-large\"><img loading=\"lazy\" decoding=\"async\" width=\"720\" height=\"540\" data-id=\"2525\" src=\"https:\/\/charcoalplant.com\/wp-content\/uploads\/2022\/02\/saw.jpg\" alt=\"c\u00e1i c\u01b0a\" class=\"wp-image-2525\"\/><figcaption class=\"wp-element-caption\">c\u00e1i c\u01b0a<\/figcaption><\/figure>    <figure class=\"wp-block-image size-large\"><img loading=\"lazy\" decoding=\"async\" width=\"720\" height=\"540\" data-id=\"2524\" src=\"https:\/\/charcoalplant.com\/wp-content\/uploads\/2022\/02\/shippment-4.jpg\" alt=\"chuy\u1ebfn h\u00e0ng\" class=\"wp-image-2524\"\/><figcaption class=\"wp-element-caption\">chuy\u1ebfn h\u00e0ng<\/figcaption><\/figure>    <figure class=\"wp-block-image size-large\"><img loading=\"lazy\" decoding=\"async\" width=\"720\" height=\"540\" data-id=\"2526\" src=\"https:\/\/charcoalplant.com\/wp-content\/uploads\/2022\/02\/wood-pallet-blocks-production-line-show.jpg\" alt=\"Tri\u1ec3n l\u00e3m d\u00e2y chuy\u1ec1n s\u1ea3n xu\u1ea5t kh\u1ed1i pallet g\u1ed7\" class=\"wp-image-2526\"\/><figcaption class=\"wp-element-caption\">Tri\u1ec3n l\u00e3m d\u00e2y chuy\u1ec1n s\u1ea3n xu\u1ea5t kh\u1ed1i pallet g\u1ed7<\/figcaption><\/figure>    <figure class=\"wp-block-image size-large\"><img loading=\"lazy\" decoding=\"async\" width=\"720\" height=\"540\" data-id=\"2527\" src=\"https:\/\/charcoalplant.com\/wp-content\/uploads\/2022\/02\/wood-pallet-blocks-plant-shipping.jpg\" alt=\"nh\u00e0 m\u00e1y v\u1eadn chuy\u1ec3n kh\u1ed1i g\u1ed7 pallet\" class=\"wp-image-2527\"\/><figcaption class=\"wp-element-caption\">nh\u00e0 m\u00e1y v\u1eadn chuy\u1ec3n kh\u1ed1i g\u1ed7 pallet<\/figcaption><\/figure> <\/figure>    <h2 class=\"wp-block-heading\">Kh\u1ed1i m\u00f9n c\u01b0a hi\u1ec3n th\u1ecb<\/h2>    <figure class=\"wp-block-image aligncenter size-full\"><img loading=\"lazy\" decoding=\"async\" width=\"720\" height=\"540\" src=\"https:\/\/charcoalplant.com\/wp-content\/uploads\/2022\/02\/sawdust-pallet-block.jpg\" alt=\"kh\u1ed1i m\u00f9n c\u01b0a-pallet\" class=\"wp-image-2531\"\/><figcaption class=\"wp-element-caption\">kh\u1ed1i m\u00f9n c\u01b0a-pallet<\/figcaption><\/figure>    <h2 class=\"wp-block-heading\">Ph\u1ea7n k\u1ebft lu\u1eadn <\/h2>    <p>D\u00e2y chuy\u1ec1n s\u1ea3n xu\u1ea5t kh\u1ed1i pallet g\u1ed7 \u0111\u01b0\u1ee3c t\u1ef1 \u0111\u1ed9ng h\u00f3a \u0111\u1ec3 \u0111\u1ea3m b\u1ea3o quy tr\u00ecnh s\u1ea3n xu\u1ea5t nh\u1ea5t qu\u00e1n v\u00e0 hi\u1ec7u qu\u1ea3. S\u1ea3n ph\u1ea9m cu\u1ed1i c\u00f9ng c\u1ee7a d\u00e2y chuy\u1ec1n s\u1ea3n xu\u1ea5t kh\u1ed1i g\u1ed7 l\u00e0 c\u00e1c kh\u1ed1i pallet g\u1ed7 \u0111\u00e3 s\u1eb5n s\u00e0ng \u0111\u1ec3 s\u1eed d\u1ee5ng trong c\u00e1c ng\u00e0nh c\u00f4ng nghi\u1ec7p kh\u00e1c nhau. Ch\u00fang t\u00f4i cung c\u1ea5p m\u00e1y \u00e9p kh\u1ed1i g\u1ed7 tuy\u1ec7t v\u1eddi v\u00e0 h\u01b0\u1edbng d\u1eabn \u0111\u1ec3 \u0111\u00e1p \u1ee9ng y\u00eau c\u1ea7u c\u1ee7a b\u1ea1n. Ch\u00e0o m\u1eebng b\u1ea1n \u0111\u1ebfn li\u00ean h\u1ec7 v\u1edbi ch\u00fang t\u00f4i \u0111\u1ec3 c\u00f3 gi\u00e1 t\u1ed1t nh\u1ea5t.<\/p>","protected":false},"excerpt":{"rendered":"<p>Wood pallet block production line is a series of machines and equipment that are used to produce wooden pallet blocks on a large scale. The production line typically includes a wood crusher, a dryer, a mixer, and a wood block making machine. Wood pallet block making machine is one of the key pieces of equipment [&hellip;]<\/p>\n","protected":false},"author":1,"featured_media":2508,"parent":0,"template":"","tags":[64],"product-type":[53],"class_list":["post-2505","product","type-product","status-publish","has-post-thumbnail","hentry","tag-wood-wastes-recycling-machine","product-type-product-line"],"_links":{"self":[{"href":"https:\/\/charcoalplant.com\/vi\/wp-json\/wp\/v2\/product\/2505","targetHints":{"allow":["GET"]}}],"collection":[{"href":"https:\/\/charcoalplant.com\/vi\/wp-json\/wp\/v2\/product"}],"about":[{"href":"https:\/\/charcoalplant.com\/vi\/wp-json\/wp\/v2\/types\/product"}],"author":[{"embeddable":true,"href":"https:\/\/charcoalplant.com\/vi\/wp-json\/wp\/v2\/users\/1"}],"wp:featuredmedia":[{"embeddable":true,"href":"https:\/\/charcoalplant.com\/vi\/wp-json\/wp\/v2\/media\/2508"}],"wp:attachment":[{"href":"https:\/\/charcoalplant.com\/vi\/wp-json\/wp\/v2\/media?parent=2505"}],"wp:term":[{"taxonomy":"post_tag","embeddable":true,"href":"https:\/\/charcoalplant.com\/vi\/wp-json\/wp\/v2\/tags?post=2505"},{"taxonomy":"product-type","embeddable":true,"href":"https:\/\/charcoalplant.com\/vi\/wp-json\/wp\/v2\/product-type?post=2505"}],"curies":[{"name":"wp","href":"https:\/\/api.w.org\/{rel}","templated":true}]}}